{"id":39,"date":"2021-11-24T11:18:29","date_gmt":"2021-11-24T11:18:29","guid":{"rendered":"https:\/\/blogsaverroes.juntadeandalucia.es\/maestrosalva\/?page_id=39"},"modified":"2021-11-24T11:18:29","modified_gmt":"2021-11-24T11:18:29","slug":"zona-docente","status":"publish","type":"page","link":"https:\/\/blogsaverroes.juntadeandalucia.es\/maestrosalva\/zona-docente\/","title":{"rendered":"Zona docente"},"content":{"rendered":"<p>Aqu\u00ed ir\u00e9 a\u00f1adiendo diferentes enlaces a p\u00e1ginas y portales educativos de la consejer\u00eda de educaci\u00f3n que sean de inter\u00e9s y utilidad para el profesorado, a la vez que art\u00edculos, v\u00eddeos o cualquier otro tipo de material relacionado con nuestro d\u00eda d\u00eda, tanto novedades como aspectos sobre innovaci\u00f3n educativa.&nbsp;<\/p>\n","protected":false},"excerpt":{"rendered":"<p>Aqu\u00ed ir\u00e9 a\u00f1adiendo diferentes enlaces a p\u00e1ginas y portales educativos de la consejer\u00eda de educaci\u00f3n que sean de inter\u00e9s y utilidad para el profesorado, a la vez que art\u00edculos, v\u00eddeos o cualquier otro tipo&#46;&#46;&#46;<\/p>\n","protected":false},"author":1181,"featured_media":0,"parent":0,"menu_order":0,"comment_status":"closed","ping_status":"closed","template":"","meta":{"ngg_post_thumbnail":0,"footnotes":""},"aioseo_notices":[],"_links":{"self":[{"href":"https:\/\/blogsaverroes.juntadeandalucia.es\/maestrosalva\/wp-json\/wp\/v2\/pages\/39"}],"collection":[{"href":"https:\/\/blogsaverroes.juntadeandalucia.es\/maestrosalva\/wp-json\/wp\/v2\/pages"}],"about":[{"href":"https:\/\/blogsaverroes.juntadeandalucia.es\/maestrosalva\/wp-json\/wp\/v2\/types\/page"}],"author":[{"embeddable":true,"href":"https:\/\/blogsaverroes.juntadeandalucia.es\/maestrosalva\/wp-json\/wp\/v2\/users\/1181"}],"replies":[{"embeddable":true,"href":"https:\/\/blogsaverroes.juntadeandalucia.es\/maestrosalva\/wp-json\/wp\/v2\/comments?post=39"}],"version-history":[{"count":1,"href":"https:\/\/blogsaverroes.juntadeandalucia.es\/maestrosalva\/wp-json\/wp\/v2\/pages\/39\/revisions"}],"predecessor-version":[{"id":40,"href":"https:\/\/blogsaverroes.juntadeandalucia.es\/maestrosalva\/wp-json\/wp\/v2\/pages\/39\/revisions\/40"}],"wp:attachment":[{"href":"https:\/\/blogsaverroes.juntadeandalucia.es\/maestrosalva\/wp-json\/wp\/v2\/media?parent=39"}],"curies":[{"name":"wp","href":"https:\/\/api.w.org\/{rel}","templated":true}]}}