{"id":260,"date":"2020-04-05T21:06:46","date_gmt":"2020-04-05T19:06:46","guid":{"rendered":"https:\/\/blogsaverroes.juntadeandalucia.es\/maestrosebas\/?page_id=260"},"modified":"2020-04-05T21:10:10","modified_gmt":"2020-04-05T19:10:10","slug":"primaria","status":"publish","type":"page","link":"https:\/\/blogsaverroes.juntadeandalucia.es\/maestrosebas\/primaria\/","title":{"rendered":"Primaria"},"content":{"rendered":"<!--themify_builder_content-->\n<div id=\"themify_builder_content-260\" data-postid=\"260\" class=\"themify_builder_content themify_builder_content-260 themify_builder tf_clear\">\n                    <div  data-lazy=\"1\" class=\"module_row themify_builder_row tb_2ycv629 tb_first tf_w\">\n                        <div class=\"row_inner col_align_top tb_col_count_1 tf_box tf_rel\">\n                        <div  data-lazy=\"1\" class=\"module_column tb-column col-full tb_anze629 first\">\n                    <!-- module post -->\n<div  class=\"module module-post tb_xj0u920 \">\n    <div  class=\"builder-posts-wrap loops-wrapper list-large-image classic tf_clear tf_clearfix\" data-lazy=\"1\">\n    <article id=\"post-338\" class=\"post tf_clearfix post-338 type-post status-publish format-standard hentry category-primaria category-tercerciclo has-post-title has-post-date has-post-category has-post-tag has-post-comment has-post-author \">\n\t    \n\t\t<div class=\"post-content\">\n\t\t<div class=\"post-content-inner\">\n\n\t\t\t\t\t\t\t\t<div class=\"post-date-wrap post-date-inline\">\n\t\t<time class=\"post-date entry-date updated\" datetime=\"2023-01-26\">\n\t\t\t\t\t<span class=\"year\">26 de enero de 2023<\/span>\n\t\t\t\t<\/time>\n\t<\/div><!-- .post-date-wrap -->\n\t\t\t\t\n\t\t\t<h2 class=\"post-title entry-title\"><a href=\"https:\/\/blogsaverroes.juntadeandalucia.es\/maestrosebas\/2023\/01\/26\/musica-los-compases\/\">M\u00fasica: Los compases<\/a><\/h2>\n\t\t\t\t\t\t\t<p class=\"post-meta entry-meta\">\n\t\t\t\t\t\t\t\t\t\t\t<span class=\"post-author\"><span class=\"author vcard\"><a class=\"url fn n\" href=\"https:\/\/blogsaverroes.juntadeandalucia.es\/maestrosebas\/author\/sebastian-giraldo-granados\/\" rel=\"author\">Sebasti\u00e1n Giraldo Granados<\/a><\/span><\/span>\n\t\t\t\t\t\n\t\t\t\t\t<span class=\"post-category\"><a href=\"https:\/\/blogsaverroes.juntadeandalucia.es\/maestrosebas\/category\/primaria\/\" rel=\"tag\" class=\"term-primaria\">Primaria<\/a><span class=\"separator\">, <\/span><a href=\"https:\/\/blogsaverroes.juntadeandalucia.es\/maestrosebas\/category\/primaria\/tercerciclo\/\" rel=\"tag\" class=\"term-tercerciclo\">Tercer Ciclo<\/a><\/span>\n\t\t\t\t\t\t\t\t\t\t\t\t\t\t\t\t\n\t\t\t\t\t        <span class=\"post-comment\">\n        <a href=\"https:\/\/blogsaverroes.juntadeandalucia.es\/maestrosebas\/2023\/01\/26\/musica-los-compases\/#respond\">0<\/a><svg  class=\"tf_fa tf-fas-comment\" aria-hidden=\"true\"><use href=\"#tf-fas-comment\"><\/use><\/svg>        <\/span>\n        \t\t\t\t<\/p>\n\t\t\t\t<!-- \/post-meta -->\n\t\t\t\n\t\t\t\n\t\t\t        <div class=\"entry-content\">\n\n        \n            <p>\u00a1Hola chicos\/as! Hoy vamos a repasar un poco sobre los compases 2\/4, 3\/4 y 4\/4. Pincha en los enlaces y realiza las fichas: Ficha 1 Ficha 2<\/p>\n\n                \n            \n        <\/div><!-- \/.entry-content -->\n        \n\t\t<\/div>\n\t\t<!-- \/.post-content-inner -->\n\t<\/div>\n\t<!-- \/.post-content -->\n\t\n<\/article>\n<!-- \/.post -->\n<article id=\"post-289\" class=\"post tf_clearfix post-289 type-post status-publish format-standard has-post-thumbnail hentry category-segundociclo category-tercerciclo tag-flauta tag-recursos tag-saeta tag-semana-santa tag-video has-post-title has-post-date has-post-category has-post-tag has-post-comment has-post-author \">\n\t    \n\t                <figure class=\"post-image tf_clearfix\">\n                                                            <a href=\"https:\/\/blogsaverroes.juntadeandalucia.es\/maestrosebas\/2020\/04\/06\/la-saeta-para-flauta\/\">\n                                        <img loading=\"lazy\" decoding=\"async\" width=\"1350\" height=\"1044\" src=\"https:\/\/blogsaverroes.juntadeandalucia.es\/maestrosebas\/files\/2020\/04\/DmRhhCGLrXGWckYaiRyR.jpg\" class=\"wp-post-image wp-image-291\" title=\"DmRhhCGLrXGWckYaiRyR\" alt=\"DmRhhCGLrXGWckYaiRyR\" srcset=\"https:\/\/blogsaverroes.juntadeandalucia.es\/maestrosebas\/files\/2020\/04\/DmRhhCGLrXGWckYaiRyR.jpg 1350w, https:\/\/blogsaverroes.juntadeandalucia.es\/maestrosebas\/files\/2020\/04\/DmRhhCGLrXGWckYaiRyR-300x232.jpg 300w, https:\/\/blogsaverroes.juntadeandalucia.es\/maestrosebas\/files\/2020\/04\/DmRhhCGLrXGWckYaiRyR-768x594.jpg 768w, https:\/\/blogsaverroes.juntadeandalucia.es\/maestrosebas\/files\/2020\/04\/DmRhhCGLrXGWckYaiRyR-1024x792.jpg 1024w, https:\/\/blogsaverroes.juntadeandalucia.es\/maestrosebas\/files\/2020\/04\/DmRhhCGLrXGWckYaiRyR-24x19.jpg 24w, https:\/\/blogsaverroes.juntadeandalucia.es\/maestrosebas\/files\/2020\/04\/DmRhhCGLrXGWckYaiRyR-36x28.jpg 36w, https:\/\/blogsaverroes.juntadeandalucia.es\/maestrosebas\/files\/2020\/04\/DmRhhCGLrXGWckYaiRyR-48x37.jpg 48w\" sizes=\"(max-width: 1350px) 100vw, 1350px\" \/>                                                                    <\/a>\n                                                                <\/figure>\n                    \t<div class=\"post-content\">\n\t\t<div class=\"post-content-inner\">\n\n\t\t\t\t\t\t\t\t<div class=\"post-date-wrap post-date-inline\">\n\t\t<time class=\"post-date entry-date updated\" datetime=\"2020-04-06\">\n\t\t\t\t\t<span class=\"year\">6 de abril de 2020<\/span>\n\t\t\t\t<\/time>\n\t<\/div><!-- .post-date-wrap -->\n\t\t\t\t\n\t\t\t<h2 class=\"post-title entry-title\"><a href=\"https:\/\/blogsaverroes.juntadeandalucia.es\/maestrosebas\/2020\/04\/06\/la-saeta-para-flauta\/\">La saeta para flauta<\/a><\/h2>\n\t\t\t\t\t\t\t<p class=\"post-meta entry-meta\">\n\t\t\t\t\t\t\t\t\t\t\t<span class=\"post-author\"><span class=\"author vcard\"><a class=\"url fn n\" href=\"https:\/\/blogsaverroes.juntadeandalucia.es\/maestrosebas\/author\/sebastian-giraldo-granados\/\" rel=\"author\">Sebasti\u00e1n Giraldo Granados<\/a><\/span><\/span>\n\t\t\t\t\t\n\t\t\t\t\t<span class=\"post-category\"><a href=\"https:\/\/blogsaverroes.juntadeandalucia.es\/maestrosebas\/category\/primaria\/segundociclo\/\" rel=\"tag\" class=\"term-segundociclo\">Segundo Ciclo<\/a><span class=\"separator\">, <\/span><a href=\"https:\/\/blogsaverroes.juntadeandalucia.es\/maestrosebas\/category\/primaria\/tercerciclo\/\" rel=\"tag\" class=\"term-tercerciclo\">Tercer Ciclo<\/a><\/span>\n\t\t\t\t\t\t\t\t\t\t\t <span class=\"post-tag\"><a href=\"https:\/\/blogsaverroes.juntadeandalucia.es\/maestrosebas\/tag\/flauta\/\" rel=\"tag\">Flauta<\/a><span class=\"separator\">, <\/span><a href=\"https:\/\/blogsaverroes.juntadeandalucia.es\/maestrosebas\/tag\/recursos\/\" rel=\"tag\">recursos<\/a><span class=\"separator\">, <\/span><a href=\"https:\/\/blogsaverroes.juntadeandalucia.es\/maestrosebas\/tag\/saeta\/\" rel=\"tag\">saeta<\/a><span class=\"separator\">, <\/span><a href=\"https:\/\/blogsaverroes.juntadeandalucia.es\/maestrosebas\/tag\/semana-santa\/\" rel=\"tag\">Semana Santa<\/a><span class=\"separator\">, <\/span><a href=\"https:\/\/blogsaverroes.juntadeandalucia.es\/maestrosebas\/tag\/video\/\" rel=\"tag\">video<\/a><\/span>\t\t\t\t\t\n\t\t\t\t\t        <span class=\"post-comment\">\n        <a href=\"https:\/\/blogsaverroes.juntadeandalucia.es\/maestrosebas\/2020\/04\/06\/la-saeta-para-flauta\/#respond\">0<\/a><svg  class=\"tf_fa tf-fas-comment\" aria-hidden=\"true\"><use href=\"#tf-fas-comment\"><\/use><\/svg>        <\/span>\n        \t\t\t\t<\/p>\n\t\t\t\t<!-- \/post-meta -->\n\t\t\t\n\t\t\t\n\t\t\t        <div class=\"entry-content\">\n\n        \n            <p>No hay otra m\u00fasica m\u00e1s representativa de la Semana Santa que la que inmortalizara Joan Manuel Serrat con la letra de Machado. La Saeta es una canci\u00f3n muy tocada y demandada por nuestros alumnos\/as cuando llega la cuaresma.&nbsp; Es una canci\u00f3n muy f\u00e1cil de aprender con la flauta dulce, y ya desde 4\u00ba de Primaria [&hellip;]<\/p>\n\n                \n            \n        <\/div><!-- \/.entry-content -->\n        \n\t\t<\/div>\n\t\t<!-- \/.post-content-inner -->\n\t<\/div>\n\t<!-- \/.post-content -->\n\t\n<\/article>\n<!-- \/.post -->\n<article id=\"post-241\" class=\"post tf_clearfix post-241 type-post status-publish format-standard has-post-thumbnail hentry category-primaria category-primerciclo category-segundociclo category-tercerciclo tag-figuras tag-imprimible tag-juego has-post-title has-post-date has-post-category has-post-tag has-post-comment has-post-author \">\n\t    \n\t                <figure class=\"post-image tf_clearfix\">\n                                                            <a href=\"https:\/\/blogsaverroes.juntadeandalucia.es\/maestrosebas\/2020\/04\/05\/grabolo-musical\/\">\n                                        <img decoding=\"async\" src=\"https:\/\/blogsaverroes.juntadeandalucia.es\/maestrosebas\/files\/2020\/04\/imagengrabmus-1024x673.png\" title=\"Gr\u00e1bolo musical\" alt=\"Gr\u00e1bolo musical\">                                                                    <\/a>\n                                                                <\/figure>\n                    \t<div class=\"post-content\">\n\t\t<div class=\"post-content-inner\">\n\n\t\t\t\t\t\t\t\t<div class=\"post-date-wrap post-date-inline\">\n\t\t<time class=\"post-date entry-date updated\" datetime=\"2020-04-05\">\n\t\t\t\t\t<span class=\"year\">5 de abril de 2020<\/span>\n\t\t\t\t<\/time>\n\t<\/div><!-- .post-date-wrap -->\n\t\t\t\t\n\t\t\t<h2 class=\"post-title entry-title\"><a href=\"https:\/\/blogsaverroes.juntadeandalucia.es\/maestrosebas\/2020\/04\/05\/grabolo-musical\/\">Gr\u00e1bolo musical<\/a><\/h2>\n\t\t\t\t\t\t\t<p class=\"post-meta entry-meta\">\n\t\t\t\t\t\t\t\t\t\t\t<span class=\"post-author\"><span class=\"author vcard\"><a class=\"url fn n\" href=\"https:\/\/blogsaverroes.juntadeandalucia.es\/maestrosebas\/author\/sebastian-giraldo-granados\/\" rel=\"author\">Sebasti\u00e1n Giraldo Granados<\/a><\/span><\/span>\n\t\t\t\t\t\n\t\t\t\t\t<span class=\"post-category\"><a href=\"https:\/\/blogsaverroes.juntadeandalucia.es\/maestrosebas\/category\/primaria\/\" rel=\"tag\" class=\"term-primaria\">Primaria<\/a><span class=\"separator\">, <\/span><a href=\"https:\/\/blogsaverroes.juntadeandalucia.es\/maestrosebas\/category\/primaria\/primerciclo\/\" rel=\"tag\" class=\"term-primerciclo\">Primer Ciclo<\/a><span class=\"separator\">, <\/span><a href=\"https:\/\/blogsaverroes.juntadeandalucia.es\/maestrosebas\/category\/primaria\/segundociclo\/\" rel=\"tag\" class=\"term-segundociclo\">Segundo Ciclo<\/a><span class=\"separator\">, <\/span><a href=\"https:\/\/blogsaverroes.juntadeandalucia.es\/maestrosebas\/category\/primaria\/tercerciclo\/\" rel=\"tag\" class=\"term-tercerciclo\">Tercer Ciclo<\/a><\/span>\n\t\t\t\t\t\t\t\t\t\t\t <span class=\"post-tag\"><a href=\"https:\/\/blogsaverroes.juntadeandalucia.es\/maestrosebas\/tag\/figuras\/\" rel=\"tag\">figuras<\/a><span class=\"separator\">, <\/span><a href=\"https:\/\/blogsaverroes.juntadeandalucia.es\/maestrosebas\/tag\/imprimible\/\" rel=\"tag\">imprimible<\/a><span class=\"separator\">, <\/span><a href=\"https:\/\/blogsaverroes.juntadeandalucia.es\/maestrosebas\/tag\/juego\/\" rel=\"tag\">juego<\/a><\/span>\t\t\t\t\t\n\t\t\t\t\t        <span class=\"post-comment\">\n        <a href=\"https:\/\/blogsaverroes.juntadeandalucia.es\/maestrosebas\/2020\/04\/05\/grabolo-musical\/#respond\">0<\/a><svg  class=\"tf_fa tf-fas-comment\" aria-hidden=\"true\"><use href=\"#tf-fas-comment\"><\/use><\/svg>        <\/span>\n        \t\t\t\t<\/p>\n\t\t\t\t<!-- \/post-meta -->\n\t\t\t\n\t\t\t\n\t\t\t        <div class=\"entry-content\">\n\n        \n            <p>Nuestros amigos de Aulaenjuego.com nos traen este maravilloso recurso. El juego del Gr\u00e1bolo, pero adaptado a la m\u00fasica. Diferentes figuras musicales y diferentes colores. Para jugar con los m\u00e1s peque\u00f1os. Tanto infantil como primaria.&nbsp; Es descargable e imprimible. Tan solo necesitas dos dados personalizables, uno de colores y otro con figuras musicales.&nbsp; Diversi\u00f3n asegurada. Aqu\u00ed [&hellip;]<\/p>\n\n                \n            \n        <\/div><!-- \/.entry-content -->\n        \n\t\t<\/div>\n\t\t<!-- \/.post-content-inner -->\n\t<\/div>\n\t<!-- \/.post-content -->\n\t\n<\/article>\n<!-- \/.post -->\n    <\/div><!-- .builder-posts-wrap -->\n            <\/div>\n<!-- \/module post -->\n            <\/div>\n                        <\/div>\n        <\/div>\n        <\/div>\n<!--\/themify_builder_content-->\n","protected":false},"excerpt":{"rendered":"","protected":false},"author":8537,"featured_media":0,"parent":0,"menu_order":0,"comment_status":"closed","ping_status":"closed","template":"","meta":{"ngg_post_thumbnail":0,"footnotes":""},"aioseo_notices":[],"_links":{"self":[{"href":"https:\/\/blogsaverroes.juntadeandalucia.es\/maestrosebas\/wp-json\/wp\/v2\/pages\/260"}],"collection":[{"href":"https:\/\/blogsaverroes.juntadeandalucia.es\/maestrosebas\/wp-json\/wp\/v2\/pages"}],"about":[{"href":"https:\/\/blogsaverroes.juntadeandalucia.es\/maestrosebas\/wp-json\/wp\/v2\/types\/page"}],"author":[{"embeddable":true,"href":"https:\/\/blogsaverroes.juntadeandalucia.es\/maestrosebas\/wp-json\/wp\/v2\/users\/8537"}],"replies":[{"embeddable":true,"href":"https:\/\/blogsaverroes.juntadeandalucia.es\/maestrosebas\/wp-json\/wp\/v2\/comments?post=260"}],"version-history":[{"count":2,"href":"https:\/\/blogsaverroes.juntadeandalucia.es\/maestrosebas\/wp-json\/wp\/v2\/pages\/260\/revisions"}],"predecessor-version":[{"id":264,"href":"https:\/\/blogsaverroes.juntadeandalucia.es\/maestrosebas\/wp-json\/wp\/v2\/pages\/260\/revisions\/264"}],"wp:attachment":[{"href":"https:\/\/blogsaverroes.juntadeandalucia.es\/maestrosebas\/wp-json\/wp\/v2\/media?parent=260"}],"curies":[{"name":"wp","href":"https:\/\/api.w.org\/{rel}","templated":true}]}}