{"id":265,"date":"2020-04-05T21:12:14","date_gmt":"2020-04-05T19:12:14","guid":{"rendered":"https:\/\/blogsaverroes.juntadeandalucia.es\/maestrosebas\/?page_id=265"},"modified":"2020-04-05T21:13:56","modified_gmt":"2020-04-05T19:13:56","slug":"secundaria","status":"publish","type":"page","link":"https:\/\/blogsaverroes.juntadeandalucia.es\/maestrosebas\/secundaria\/","title":{"rendered":"Secundaria"},"content":{"rendered":"<!--themify_builder_content-->\n<div id=\"themify_builder_content-265\" data-postid=\"265\" class=\"themify_builder_content themify_builder_content-265 themify_builder tf_clear\">\n                    <div  data-lazy=\"1\" class=\"module_row themify_builder_row tb_h5wj833 tb_first tf_w\">\n                        <div class=\"row_inner col_align_top tb_col_count_1 tf_box tf_rel\">\n                        <div  data-lazy=\"1\" class=\"module_column tb-column col-full tb_332z833 first\">\n                    <!-- module post -->\n<div  class=\"module module-post tb_4drn931 \">\n    <div  class=\"builder-posts-wrap loops-wrapper list-large-image classic tf_clear tf_clearfix\" data-lazy=\"1\">\n    <article id=\"post-248\" class=\"post tf_clearfix post-248 type-post status-publish format-standard has-post-thumbnail hentry category-secundaria tag-recursos tag-web has-post-title has-post-date has-post-category has-post-tag has-post-comment has-post-author \">\n\t    \n\t                <figure class=\"post-image tf_clearfix\">\n                                                            <a href=\"https:\/\/blogsaverroes.juntadeandalucia.es\/maestrosebas\/2020\/04\/05\/clase-de-musica-2-0\/\">\n                                        <img loading=\"lazy\" decoding=\"async\" width=\"1089\" height=\"855\" src=\"https:\/\/blogsaverroes.juntadeandalucia.es\/maestrosebas\/files\/2020\/04\/Captura-de-pantalla-2020-04-05-a-las-20.32.22.png\" class=\"wp-post-image wp-image-249\" title=\"Captura de pantalla 2020-04-05 a las 20.32.22\" alt=\"Captura de pantalla 2020-04-05 a las 20.32.22\" srcset=\"https:\/\/blogsaverroes.juntadeandalucia.es\/maestrosebas\/files\/2020\/04\/Captura-de-pantalla-2020-04-05-a-las-20.32.22.png 1089w, https:\/\/blogsaverroes.juntadeandalucia.es\/maestrosebas\/files\/2020\/04\/Captura-de-pantalla-2020-04-05-a-las-20.32.22-300x236.png 300w, https:\/\/blogsaverroes.juntadeandalucia.es\/maestrosebas\/files\/2020\/04\/Captura-de-pantalla-2020-04-05-a-las-20.32.22-768x603.png 768w, https:\/\/blogsaverroes.juntadeandalucia.es\/maestrosebas\/files\/2020\/04\/Captura-de-pantalla-2020-04-05-a-las-20.32.22-1024x804.png 1024w, https:\/\/blogsaverroes.juntadeandalucia.es\/maestrosebas\/files\/2020\/04\/Captura-de-pantalla-2020-04-05-a-las-20.32.22-24x19.png 24w, https:\/\/blogsaverroes.juntadeandalucia.es\/maestrosebas\/files\/2020\/04\/Captura-de-pantalla-2020-04-05-a-las-20.32.22-36x28.png 36w, https:\/\/blogsaverroes.juntadeandalucia.es\/maestrosebas\/files\/2020\/04\/Captura-de-pantalla-2020-04-05-a-las-20.32.22-48x38.png 48w\" sizes=\"(max-width: 1089px) 100vw, 1089px\" \/>                                                                    <\/a>\n                                                                <\/figure>\n                    \t<div class=\"post-content\">\n\t\t<div class=\"post-content-inner\">\n\n\t\t\t\t\t\t\t\t<div class=\"post-date-wrap post-date-inline\">\n\t\t<time class=\"post-date entry-date updated\" datetime=\"2020-04-05\">\n\t\t\t\t\t<span class=\"year\">5 de abril de 2020<\/span>\n\t\t\t\t<\/time>\n\t<\/div><!-- .post-date-wrap -->\n\t\t\t\t\n\t\t\t<h2 class=\"post-title entry-title\"><a href=\"https:\/\/blogsaverroes.juntadeandalucia.es\/maestrosebas\/2020\/04\/05\/clase-de-musica-2-0\/\">Clase de M\u00fasica 2.0<\/a><\/h2>\n\t\t\t\t\t\t\t<p class=\"post-meta entry-meta\">\n\t\t\t\t\t\t\t\t\t\t\t<span class=\"post-author\"><span class=\"author vcard\"><a class=\"url fn n\" href=\"https:\/\/blogsaverroes.juntadeandalucia.es\/maestrosebas\/author\/sebastian-giraldo-granados\/\" rel=\"author\">Sebasti\u00e1n Giraldo Granados<\/a><\/span><\/span>\n\t\t\t\t\t\n\t\t\t\t\t<span class=\"post-category\"><a href=\"https:\/\/blogsaverroes.juntadeandalucia.es\/maestrosebas\/category\/secundaria\/\" rel=\"tag\" class=\"term-secundaria\">Secundaria<\/a><\/span>\n\t\t\t\t\t\t\t\t\t\t\t <span class=\"post-tag\"><a href=\"https:\/\/blogsaverroes.juntadeandalucia.es\/maestrosebas\/tag\/recursos\/\" rel=\"tag\">recursos<\/a><span class=\"separator\">, <\/span><a href=\"https:\/\/blogsaverroes.juntadeandalucia.es\/maestrosebas\/tag\/web\/\" rel=\"tag\">web<\/a><\/span>\t\t\t\t\t\n\t\t\t\t\t        <span class=\"post-comment\">\n        <a href=\"https:\/\/blogsaverroes.juntadeandalucia.es\/maestrosebas\/2020\/04\/05\/clase-de-musica-2-0\/#respond\">0<\/a><svg  class=\"tf_fa tf-fas-comment\" aria-hidden=\"true\"><use href=\"#tf-fas-comment\"><\/use><\/svg>        <\/span>\n        \t\t\t\t<\/p>\n\t\t\t\t<!-- \/post-meta -->\n\t\t\t\n\t\t\t\n\t\t\t        <div class=\"entry-content\">\n\n        \n            <p>As\u00ed se llama la web de M\u00aa Jes\u00fas Camino Renter\u00eda,&nbsp;profesora de m\u00fasica en Educaci\u00f3n Secundaria. Lleva varios a\u00f1os trabajando con las TIC en sus clases de m\u00fasica. Intenta adaptarse a los cambios metodol\u00f3gicos que requiere el aprendizaje de nuestros alumnos en el S. XXI. Esta p\u00e1gina recoge el trabajo realizado con ayuda de las TIC [&hellip;]<\/p>\n\n                \n            \n        <\/div><!-- \/.entry-content -->\n        \n\t\t<\/div>\n\t\t<!-- \/.post-content-inner -->\n\t<\/div>\n\t<!-- \/.post-content -->\n\t\n<\/article>\n<!-- \/.post -->\n    <\/div><!-- .builder-posts-wrap -->\n            <\/div>\n<!-- \/module post -->\n            <\/div>\n                        <\/div>\n        <\/div>\n        <\/div>\n<!--\/themify_builder_content-->\n","protected":false},"excerpt":{"rendered":"","protected":false},"author":8537,"featured_media":0,"parent":0,"menu_order":0,"comment_status":"closed","ping_status":"closed","template":"","meta":{"ngg_post_thumbnail":0,"footnotes":""},"aioseo_notices":[],"_links":{"self":[{"href":"https:\/\/blogsaverroes.juntadeandalucia.es\/maestrosebas\/wp-json\/wp\/v2\/pages\/265"}],"collection":[{"href":"https:\/\/blogsaverroes.juntadeandalucia.es\/maestrosebas\/wp-json\/wp\/v2\/pages"}],"about":[{"href":"https:\/\/blogsaverroes.juntadeandalucia.es\/maestrosebas\/wp-json\/wp\/v2\/types\/page"}],"author":[{"embeddable":true,"href":"https:\/\/blogsaverroes.juntadeandalucia.es\/maestrosebas\/wp-json\/wp\/v2\/users\/8537"}],"replies":[{"embeddable":true,"href":"https:\/\/blogsaverroes.juntadeandalucia.es\/maestrosebas\/wp-json\/wp\/v2\/comments?post=265"}],"version-history":[{"count":2,"href":"https:\/\/blogsaverroes.juntadeandalucia.es\/maestrosebas\/wp-json\/wp\/v2\/pages\/265\/revisions"}],"predecessor-version":[{"id":271,"href":"https:\/\/blogsaverroes.juntadeandalucia.es\/maestrosebas\/wp-json\/wp\/v2\/pages\/265\/revisions\/271"}],"wp:attachment":[{"href":"https:\/\/blogsaverroes.juntadeandalucia.es\/maestrosebas\/wp-json\/wp\/v2\/media?parent=265"}],"curies":[{"name":"wp","href":"https:\/\/api.w.org\/{rel}","templated":true}]}}