{"id":300,"date":"2020-04-07T01:19:03","date_gmt":"2020-04-06T23:19:03","guid":{"rendered":"https:\/\/blogsaverroes.juntadeandalucia.es\/maestrosebas\/?page_id=300"},"modified":"2020-04-07T01:19:03","modified_gmt":"2020-04-06T23:19:03","slug":"noticias","status":"publish","type":"page","link":"https:\/\/blogsaverroes.juntadeandalucia.es\/maestrosebas\/noticias\/","title":{"rendered":"Noticias"},"content":{"rendered":"<!--themify_builder_content-->\n<div id=\"themify_builder_content-300\" data-postid=\"300\" class=\"themify_builder_content themify_builder_content-300 themify_builder tf_clear\">\n                    <div  data-lazy=\"1\" class=\"module_row themify_builder_row tb_kgf2611 tb_first tf_w\">\n                        <div class=\"row_inner col_align_top tb_col_count_1 tf_box tf_rel\">\n                        <div  data-lazy=\"1\" class=\"module_column tb-column col-full tb_ngun612 first\">\n                    <!-- module post -->\n<div  class=\"module module-post tb_wreh362 \">\n    <div  class=\"builder-posts-wrap loops-wrapper list-thumb-image classic tf_clear tf_clearfix\" data-lazy=\"1\">\n    <article id=\"post-327\" class=\"post tf_clearfix post-327 type-post status-publish format-standard has-post-thumbnail hentry category-noticias tag-curso-2020-2021 tag-fuencubierta tag-infantil tag-matriculas tag-primaria has-post-title has-post-date has-post-category has-post-tag has-post-comment has-post-author \">\n\t    \n\t                <figure class=\"post-image tf_clearfix\">\n                                                            <a href=\"https:\/\/blogsaverroes.juntadeandalucia.es\/maestrosebas\/2020\/04\/20\/matriculas-2020-2021\/\">\n                                        <img loading=\"lazy\" decoding=\"async\" width=\"3821\" height=\"2866\" src=\"https:\/\/blogsaverroes.juntadeandalucia.es\/maestrosebas\/files\/2020\/04\/IMG_0165.jpeg\" class=\"wp-post-image wp-image-325\" title=\"IMG_0165\" alt=\"IMG_0165\" srcset=\"https:\/\/blogsaverroes.juntadeandalucia.es\/maestrosebas\/files\/2020\/04\/IMG_0165.jpeg 3821w, https:\/\/blogsaverroes.juntadeandalucia.es\/maestrosebas\/files\/2020\/04\/IMG_0165-300x225.jpeg 300w, https:\/\/blogsaverroes.juntadeandalucia.es\/maestrosebas\/files\/2020\/04\/IMG_0165-768x576.jpeg 768w, https:\/\/blogsaverroes.juntadeandalucia.es\/maestrosebas\/files\/2020\/04\/IMG_0165-1024x768.jpeg 1024w, https:\/\/blogsaverroes.juntadeandalucia.es\/maestrosebas\/files\/2020\/04\/IMG_0165-24x18.jpeg 24w, https:\/\/blogsaverroes.juntadeandalucia.es\/maestrosebas\/files\/2020\/04\/IMG_0165-36x27.jpeg 36w, https:\/\/blogsaverroes.juntadeandalucia.es\/maestrosebas\/files\/2020\/04\/IMG_0165-48x36.jpeg 48w\" sizes=\"(max-width: 3821px) 100vw, 3821px\" \/>                                                                    <\/a>\n                                                                <\/figure>\n                    \t<div class=\"post-content\">\n\t\t<div class=\"post-content-inner\">\n\n\t\t\t\t\t\t\t\t<div class=\"post-date-wrap post-date-inline\">\n\t\t<time class=\"post-date entry-date updated\" datetime=\"2020-04-20\">\n\t\t\t\t\t<span class=\"year\">20 de abril de 2020<\/span>\n\t\t\t\t<\/time>\n\t<\/div><!-- .post-date-wrap -->\n\t\t\t\t\n\t\t\t<h2 class=\"post-title entry-title\"><a href=\"https:\/\/blogsaverroes.juntadeandalucia.es\/maestrosebas\/2020\/04\/20\/matriculas-2020-2021\/\">Matr\u00edculas 2020-2021<\/a><\/h2>\n\t\t\t\t\t\t\t<p class=\"post-meta entry-meta\">\n\t\t\t\t\t\t\t\t\t\t\t<span class=\"post-author\"><span class=\"author vcard\"><a class=\"url fn n\" href=\"https:\/\/blogsaverroes.juntadeandalucia.es\/maestrosebas\/author\/sebastian-giraldo-granados\/\" rel=\"author\">Sebasti\u00e1n Giraldo Granados<\/a><\/span><\/span>\n\t\t\t\t\t\n\t\t\t\t\t<span class=\"post-category\"><a href=\"https:\/\/blogsaverroes.juntadeandalucia.es\/maestrosebas\/category\/noticias\/\" rel=\"tag\" class=\"term-noticias\">Noticias<\/a><\/span>\n\t\t\t\t\t\t\t\t\t\t\t <span class=\"post-tag\"><a href=\"https:\/\/blogsaverroes.juntadeandalucia.es\/maestrosebas\/tag\/curso-2020-2021\/\" rel=\"tag\">curso 2020-2021<\/a><span class=\"separator\">, <\/span><a href=\"https:\/\/blogsaverroes.juntadeandalucia.es\/maestrosebas\/tag\/fuencubierta\/\" rel=\"tag\">fuencubierta<\/a><span class=\"separator\">, <\/span><a href=\"https:\/\/blogsaverroes.juntadeandalucia.es\/maestrosebas\/tag\/infantil\/\" rel=\"tag\">infantil<\/a><span class=\"separator\">, <\/span><a href=\"https:\/\/blogsaverroes.juntadeandalucia.es\/maestrosebas\/tag\/matriculas\/\" rel=\"tag\">matriculas<\/a><span class=\"separator\">, <\/span><a href=\"https:\/\/blogsaverroes.juntadeandalucia.es\/maestrosebas\/tag\/primaria\/\" rel=\"tag\">primaria<\/a><\/span>\t\t\t\t\t\n\t\t\t\t\t        <span class=\"post-comment\">\n        <a href=\"https:\/\/blogsaverroes.juntadeandalucia.es\/maestrosebas\/2020\/04\/20\/matriculas-2020-2021\/#respond\">0<\/a><svg  class=\"tf_fa tf-fas-comment\" aria-hidden=\"true\"><use href=\"#tf-fas-comment\"><\/use><\/svg>        <\/span>\n        \t\t\t\t<\/p>\n\t\t\t\t<!-- \/post-meta -->\n\t\t\t\n\t\t\t\n\t\t\t        <div class=\"entry-content\">\n\n        \n            <p>Buenos d\u00edas familias,&nbsp; Aqu\u00ed os dejo los archivos que deb\u00e9is rellenar y firmar para matricular a vuestros hijos e hijas el curso que viene. Las traseras no hace falta imprimirlas ni devolverlas firmadas. Tan solo son para vuestra informaci\u00f3n (Ley de Protecci\u00f3n de Datos). Matr\u00edcula primaria Matr\u00edcula Infantil Matr\u00edcula primaria-trasera Matr\u00edcula infantil-trasera<\/p>\n\n                \n            \n        <\/div><!-- \/.entry-content -->\n        \n\t\t<\/div>\n\t\t<!-- \/.post-content-inner -->\n\t<\/div>\n\t<!-- \/.post-content -->\n\t\n<\/article>\n<!-- \/.post -->\n<article id=\"post-294\" class=\"post tf_clearfix post-294 type-post status-publish format-standard has-post-thumbnail hentry category-noticias has-post-title has-post-date has-post-category has-post-tag has-post-comment has-post-author \">\n\t    \n\t                <figure class=\"post-image tf_clearfix\">\n                                                            <a href=\"https:\/\/blogsaverroes.juntadeandalucia.es\/maestrosebas\/2020\/04\/06\/una-profesora-de-la-uclm-ensenara-musica-a-alumnos-de-primaria-en-clan-tv-los-miercoles\/\">\n                                        <img loading=\"lazy\" decoding=\"async\" width=\"690\" height=\"387\" src=\"https:\/\/blogsaverroes.juntadeandalucia.es\/maestrosebas\/files\/2020\/04\/Captura-de-pantalla-2020-04-06-a-las-17.05.51.png\" class=\"wp-post-image wp-image-295\" title=\"Foto Europapress\" alt=\"Foto Europapress\" srcset=\"https:\/\/blogsaverroes.juntadeandalucia.es\/maestrosebas\/files\/2020\/04\/Captura-de-pantalla-2020-04-06-a-las-17.05.51.png 690w, https:\/\/blogsaverroes.juntadeandalucia.es\/maestrosebas\/files\/2020\/04\/Captura-de-pantalla-2020-04-06-a-las-17.05.51-300x168.png 300w, https:\/\/blogsaverroes.juntadeandalucia.es\/maestrosebas\/files\/2020\/04\/Captura-de-pantalla-2020-04-06-a-las-17.05.51-24x13.png 24w, https:\/\/blogsaverroes.juntadeandalucia.es\/maestrosebas\/files\/2020\/04\/Captura-de-pantalla-2020-04-06-a-las-17.05.51-36x20.png 36w, https:\/\/blogsaverroes.juntadeandalucia.es\/maestrosebas\/files\/2020\/04\/Captura-de-pantalla-2020-04-06-a-las-17.05.51-48x27.png 48w, https:\/\/blogsaverroes.juntadeandalucia.es\/maestrosebas\/files\/2020\/04\/Captura-de-pantalla-2020-04-06-a-las-17.05.51-374x210.png 374w\" sizes=\"(max-width: 690px) 100vw, 690px\" \/>                                                                    <\/a>\n                                                                <\/figure>\n                    \t<div class=\"post-content\">\n\t\t<div class=\"post-content-inner\">\n\n\t\t\t\t\t\t\t\t<div class=\"post-date-wrap post-date-inline\">\n\t\t<time class=\"post-date entry-date updated\" datetime=\"2020-04-06\">\n\t\t\t\t\t<span class=\"year\">6 de abril de 2020<\/span>\n\t\t\t\t<\/time>\n\t<\/div><!-- .post-date-wrap -->\n\t\t\t\t\n\t\t\t<h2 class=\"post-title entry-title\"><a href=\"https:\/\/blogsaverroes.juntadeandalucia.es\/maestrosebas\/2020\/04\/06\/una-profesora-de-la-uclm-ensenara-musica-a-alumnos-de-primaria-en-clan-tv-los-miercoles\/\">Una profesora de la UCLM ense\u00f1ar\u00e1 m\u00fasica a alumnos de Primaria en Clan TV los mi\u00e9rcoles<\/a><\/h2>\n\t\t\t\t\t\t\t<p class=\"post-meta entry-meta\">\n\t\t\t\t\t\t\t\t\t\t\t<span class=\"post-author\"><span class=\"author vcard\"><a class=\"url fn n\" href=\"https:\/\/blogsaverroes.juntadeandalucia.es\/maestrosebas\/author\/sebastian-giraldo-granados\/\" rel=\"author\">Sebasti\u00e1n Giraldo Granados<\/a><\/span><\/span>\n\t\t\t\t\t\n\t\t\t\t\t<span class=\"post-category\"><a href=\"https:\/\/blogsaverroes.juntadeandalucia.es\/maestrosebas\/category\/noticias\/\" rel=\"tag\" class=\"term-noticias\">Noticias<\/a><\/span>\n\t\t\t\t\t\t\t\t\t\t\t\t\t\t\t\t\n\t\t\t\t\t        <span class=\"post-comment\">\n        <a href=\"https:\/\/blogsaverroes.juntadeandalucia.es\/maestrosebas\/2020\/04\/06\/una-profesora-de-la-uclm-ensenara-musica-a-alumnos-de-primaria-en-clan-tv-los-miercoles\/#respond\">0<\/a><svg  class=\"tf_fa tf-fas-comment\" aria-hidden=\"true\"><use href=\"#tf-fas-comment\"><\/use><\/svg>        <\/span>\n        \t\t\t\t<\/p>\n\t\t\t\t<!-- \/post-meta -->\n\t\t\t\n\t\t\t\n\t\t\t        <div class=\"entry-content\">\n\n        \n            <p>Una profesora de la UCLM ense\u00f1ar\u00e1 m\u00fasica a alumnos de Primaria en Clan TV los mi\u00e9rcoles, as\u00ed lo informa Europapress &nbsp;en su web. La profesora de la Universidad de Castilla-La Mancha (UCLM) Mar\u00eda Jos\u00e9 S\u00e1nchez Parra se incorpora desde este mi\u00e9rcoles como docente de m\u00fasica a la programaci\u00f3n especial de Clan Televisi\u00f3n (RTVE) con motivo [&hellip;]<\/p>\n\n                \n            \n        <\/div><!-- \/.entry-content -->\n        \n\t\t<\/div>\n\t\t<!-- \/.post-content-inner -->\n\t<\/div>\n\t<!-- \/.post-content -->\n\t\n<\/article>\n<!-- \/.post -->\n<article id=\"post-255\" class=\"post tf_clearfix post-255 type-post status-publish format-standard has-post-thumbnail hentry category-noticias tag-coronavirus tag-euterpe tag-zaragoza has-post-title has-post-date has-post-category has-post-tag has-post-comment has-post-author \">\n\t    \n\t                <figure class=\"post-image tf_clearfix\">\n                                                            <a href=\"https:\/\/blogsaverroes.juntadeandalucia.es\/maestrosebas\/2020\/04\/05\/aplazado-el-congreso-con-euterpe-2020-de-zaragoza\/\">\n                                        <img loading=\"lazy\" decoding=\"async\" width=\"1500\" height=\"300\" src=\"https:\/\/blogsaverroes.juntadeandalucia.es\/maestrosebas\/files\/2020\/04\/Aplazamiento-Congreso.jpg\" class=\"wp-post-image wp-image-256\" title=\"Aplazamiento-Congreso\" alt=\"Aplazamiento-Congreso\" srcset=\"https:\/\/blogsaverroes.juntadeandalucia.es\/maestrosebas\/files\/2020\/04\/Aplazamiento-Congreso.jpg 1500w, https:\/\/blogsaverroes.juntadeandalucia.es\/maestrosebas\/files\/2020\/04\/Aplazamiento-Congreso-300x60.jpg 300w, https:\/\/blogsaverroes.juntadeandalucia.es\/maestrosebas\/files\/2020\/04\/Aplazamiento-Congreso-768x154.jpg 768w, https:\/\/blogsaverroes.juntadeandalucia.es\/maestrosebas\/files\/2020\/04\/Aplazamiento-Congreso-1024x205.jpg 1024w, https:\/\/blogsaverroes.juntadeandalucia.es\/maestrosebas\/files\/2020\/04\/Aplazamiento-Congreso-24x5.jpg 24w, https:\/\/blogsaverroes.juntadeandalucia.es\/maestrosebas\/files\/2020\/04\/Aplazamiento-Congreso-36x7.jpg 36w, https:\/\/blogsaverroes.juntadeandalucia.es\/maestrosebas\/files\/2020\/04\/Aplazamiento-Congreso-48x10.jpg 48w\" sizes=\"(max-width: 1500px) 100vw, 1500px\" \/>                                                                    <\/a>\n                                                                <\/figure>\n                    \t<div class=\"post-content\">\n\t\t<div class=\"post-content-inner\">\n\n\t\t\t\t\t\t\t\t<div class=\"post-date-wrap post-date-inline\">\n\t\t<time class=\"post-date entry-date updated\" datetime=\"2020-04-05\">\n\t\t\t\t\t<span class=\"year\">5 de abril de 2020<\/span>\n\t\t\t\t<\/time>\n\t<\/div><!-- .post-date-wrap -->\n\t\t\t\t\n\t\t\t<h2 class=\"post-title entry-title\"><a href=\"https:\/\/blogsaverroes.juntadeandalucia.es\/maestrosebas\/2020\/04\/05\/aplazado-el-congreso-con-euterpe-2020-de-zaragoza\/\">Aplazado el congreso Con Euterpe 2020 de Zaragoza<\/a><\/h2>\n\t\t\t\t\t\t\t<p class=\"post-meta entry-meta\">\n\t\t\t\t\t\t\t\t\t\t\t<span class=\"post-author\"><span class=\"author vcard\"><a class=\"url fn n\" href=\"https:\/\/blogsaverroes.juntadeandalucia.es\/maestrosebas\/author\/sebastian-giraldo-granados\/\" rel=\"author\">Sebasti\u00e1n Giraldo Granados<\/a><\/span><\/span>\n\t\t\t\t\t\n\t\t\t\t\t<span class=\"post-category\"><a href=\"https:\/\/blogsaverroes.juntadeandalucia.es\/maestrosebas\/category\/noticias\/\" rel=\"tag\" class=\"term-noticias\">Noticias<\/a><\/span>\n\t\t\t\t\t\t\t\t\t\t\t <span class=\"post-tag\"><a href=\"https:\/\/blogsaverroes.juntadeandalucia.es\/maestrosebas\/tag\/coronavirus\/\" rel=\"tag\">coronavirus<\/a><span class=\"separator\">, <\/span><a href=\"https:\/\/blogsaverroes.juntadeandalucia.es\/maestrosebas\/tag\/euterpe\/\" rel=\"tag\">euterpe<\/a><span class=\"separator\">, <\/span><a href=\"https:\/\/blogsaverroes.juntadeandalucia.es\/maestrosebas\/tag\/zaragoza\/\" rel=\"tag\">zaragoza<\/a><\/span>\t\t\t\t\t\n\t\t\t\t\t        <span class=\"post-comment\">\n        <a href=\"https:\/\/blogsaverroes.juntadeandalucia.es\/maestrosebas\/2020\/04\/05\/aplazado-el-congreso-con-euterpe-2020-de-zaragoza\/#respond\">0<\/a><svg  class=\"tf_fa tf-fas-comment\" aria-hidden=\"true\"><use href=\"#tf-fas-comment\"><\/use><\/svg>        <\/span>\n        \t\t\t\t<\/p>\n\t\t\t\t<!-- \/post-meta -->\n\t\t\t\n\t\t\t\n\t\t\t        <div class=\"entry-content\">\n\n        \n            <p>Como era de esperar, debido a la situaci\u00f3n de Estado de Alarma, decretado por el Gobierno de Espa\u00f1a, la organizaci\u00f3n del congreso Con Euterpe 2020 se ha visto obligada a posponer este anual encuentro de docentes de Educaci\u00f3n Musical. Este a\u00f1o, el congreso celebraba su s\u00e9ptima edici\u00f3n en Zaragoza y estaba previsto en las fechas [&hellip;]<\/p>\n\n                \n            \n        <\/div><!-- \/.entry-content -->\n        \n\t\t<\/div>\n\t\t<!-- \/.post-content-inner -->\n\t<\/div>\n\t<!-- \/.post-content -->\n\t\n<\/article>\n<!-- \/.post -->\n<article id=\"post-252\" class=\"post tf_clearfix post-252 type-post status-publish format-standard has-post-thumbnail hentry category-noticias tag-entrevista tag-eutherpe tag-leonnoticias tag-margarita-morais tag-partituras has-post-title has-post-date has-post-category has-post-tag has-post-comment has-post-author \">\n\t    \n\t                <figure class=\"post-image tf_clearfix\">\n                                                            <a href=\"https:\/\/blogsaverroes.juntadeandalucia.es\/maestrosebas\/2020\/04\/05\/margarita-morais-es-urgente-lograr-una-educacion-musical-que-incluya-el-conocimiento-de-las-partituras\/\">\n                                        <img loading=\"lazy\" decoding=\"async\" width=\"984\" height=\"608\" src=\"https:\/\/blogsaverroes.juntadeandalucia.es\/maestrosebas\/files\/2020\/04\/morais-1-kR5C-U100771836197lzH-984x608@Leonoticias.jpg\" class=\"wp-post-image wp-image-253\" title=\"morais (1)-kR5C-U100771836197lzH-984x608@Leonoticias\" alt=\"morais (1)-kR5C-U100771836197lzH-984x608@Leonoticias\" srcset=\"https:\/\/blogsaverroes.juntadeandalucia.es\/maestrosebas\/files\/2020\/04\/morais-1-kR5C-U100771836197lzH-984x608@Leonoticias.jpg 984w, https:\/\/blogsaverroes.juntadeandalucia.es\/maestrosebas\/files\/2020\/04\/morais-1-kR5C-U100771836197lzH-984x608@Leonoticias-300x185.jpg 300w, https:\/\/blogsaverroes.juntadeandalucia.es\/maestrosebas\/files\/2020\/04\/morais-1-kR5C-U100771836197lzH-984x608@Leonoticias-768x475.jpg 768w, https:\/\/blogsaverroes.juntadeandalucia.es\/maestrosebas\/files\/2020\/04\/morais-1-kR5C-U100771836197lzH-984x608@Leonoticias-24x15.jpg 24w, https:\/\/blogsaverroes.juntadeandalucia.es\/maestrosebas\/files\/2020\/04\/morais-1-kR5C-U100771836197lzH-984x608@Leonoticias-36x22.jpg 36w, https:\/\/blogsaverroes.juntadeandalucia.es\/maestrosebas\/files\/2020\/04\/morais-1-kR5C-U100771836197lzH-984x608@Leonoticias-48x30.jpg 48w\" sizes=\"(max-width: 984px) 100vw, 984px\" \/>                                                                    <\/a>\n                                                                <\/figure>\n                    \t<div class=\"post-content\">\n\t\t<div class=\"post-content-inner\">\n\n\t\t\t\t\t\t\t\t<div class=\"post-date-wrap post-date-inline\">\n\t\t<time class=\"post-date entry-date updated\" datetime=\"2020-04-05\">\n\t\t\t\t\t<span class=\"year\">5 de abril de 2020<\/span>\n\t\t\t\t<\/time>\n\t<\/div><!-- .post-date-wrap -->\n\t\t\t\t\n\t\t\t<h2 class=\"post-title entry-title\"><a href=\"https:\/\/blogsaverroes.juntadeandalucia.es\/maestrosebas\/2020\/04\/05\/margarita-morais-es-urgente-lograr-una-educacion-musical-que-incluya-el-conocimiento-de-las-partituras\/\">Margarita Morais: \u00abEs urgente lograr una educaci\u00f3n musical que incluya el conocimiento de las partituras\u00bb<\/a><\/h2>\n\t\t\t\t\t\t\t<p class=\"post-meta entry-meta\">\n\t\t\t\t\t\t\t\t\t\t\t<span class=\"post-author\"><span class=\"author vcard\"><a class=\"url fn n\" href=\"https:\/\/blogsaverroes.juntadeandalucia.es\/maestrosebas\/author\/sebastian-giraldo-granados\/\" rel=\"author\">Sebasti\u00e1n Giraldo Granados<\/a><\/span><\/span>\n\t\t\t\t\t\n\t\t\t\t\t<span class=\"post-category\"><a href=\"https:\/\/blogsaverroes.juntadeandalucia.es\/maestrosebas\/category\/noticias\/\" rel=\"tag\" class=\"term-noticias\">Noticias<\/a><\/span>\n\t\t\t\t\t\t\t\t\t\t\t <span class=\"post-tag\"><a href=\"https:\/\/blogsaverroes.juntadeandalucia.es\/maestrosebas\/tag\/entrevista\/\" rel=\"tag\">entrevista<\/a><span class=\"separator\">, <\/span><a href=\"https:\/\/blogsaverroes.juntadeandalucia.es\/maestrosebas\/tag\/eutherpe\/\" rel=\"tag\">Eutherpe<\/a><span class=\"separator\">, <\/span><a href=\"https:\/\/blogsaverroes.juntadeandalucia.es\/maestrosebas\/tag\/leonnoticias\/\" rel=\"tag\">leonnoticias<\/a><span class=\"separator\">, <\/span><a href=\"https:\/\/blogsaverroes.juntadeandalucia.es\/maestrosebas\/tag\/margarita-morais\/\" rel=\"tag\">Margarita Morais<\/a><span class=\"separator\">, <\/span><a href=\"https:\/\/blogsaverroes.juntadeandalucia.es\/maestrosebas\/tag\/partituras\/\" rel=\"tag\">partituras<\/a><\/span>\t\t\t\t\t\n\t\t\t\t\t        <span class=\"post-comment\">\n        <a href=\"https:\/\/blogsaverroes.juntadeandalucia.es\/maestrosebas\/2020\/04\/05\/margarita-morais-es-urgente-lograr-una-educacion-musical-que-incluya-el-conocimiento-de-las-partituras\/#respond\">0<\/a><svg  class=\"tf_fa tf-fas-comment\" aria-hidden=\"true\"><use href=\"#tf-fas-comment\"><\/use><\/svg>        <\/span>\n        \t\t\t\t<\/p>\n\t\t\t\t<!-- \/post-meta -->\n\t\t\t\n\t\t\t\n\t\t\t        <div class=\"entry-content\">\n\n        \n            <p>Margarita Morais&nbsp;ha construido desde Le\u00f3n una de las entidades m\u00e1s interesantes y milagrosas de Europa: la Fundaci\u00f3n Eutherpe. Ya no s\u00f3lo por la relevancia de los artistas que han pasado y siguen pasando por esta preciosa ciudad espa\u00f1ola, sino por los cientos de oportunidades que ha dado tantos j\u00f3venes m\u00fasicos. En le\u00f3nnoticias.com le realizan una [&hellip;]<\/p>\n\n                \n            \n        <\/div><!-- \/.entry-content -->\n        \n\t\t<\/div>\n\t\t<!-- \/.post-content-inner -->\n\t<\/div>\n\t<!-- \/.post-content -->\n\t\n<\/article>\n<!-- \/.post -->\n<article id=\"post-1\" class=\"post tf_clearfix post-1 type-post status-publish format-standard has-post-thumbnail hentry category-noticias tag-presentacion has-post-title has-post-date has-post-category has-post-tag has-post-comment has-post-author \">\n\t    \n\t                <figure class=\"post-image tf_clearfix\">\n                                                            <a href=\"https:\/\/blogsaverroes.juntadeandalucia.es\/maestrosebas\/2020\/03\/10\/hola-mundo\/\">\n                                        <img decoding=\"async\" src=\"https:\/\/blogsaverroes.juntadeandalucia.es\/maestrosebas\/files\/2020\/03\/Microsoft-AI-for-Earth-960x640.jpg\" title=\"\u00a1Hola, mundo!\" alt=\"\u00a1Hola, mundo!\">                                                                    <\/a>\n                                                                <\/figure>\n                    \t<div class=\"post-content\">\n\t\t<div class=\"post-content-inner\">\n\n\t\t\t\t\t\t\t\t<div class=\"post-date-wrap post-date-inline\">\n\t\t<time class=\"post-date entry-date updated\" datetime=\"2020-03-10\">\n\t\t\t\t\t<span class=\"year\">10 de marzo de 2020<\/span>\n\t\t\t\t<\/time>\n\t<\/div><!-- .post-date-wrap -->\n\t\t\t\t\n\t\t\t<h2 class=\"post-title entry-title\"><a href=\"https:\/\/blogsaverroes.juntadeandalucia.es\/maestrosebas\/2020\/03\/10\/hola-mundo\/\">\u00a1Hola, mundo!<\/a><\/h2>\n\t\t\t\t\t\t\t<p class=\"post-meta entry-meta\">\n\t\t\t\t\t\t\t\t\t\t\t<span class=\"post-author\"><span class=\"author vcard\"><a class=\"url fn n\" href=\"https:\/\/blogsaverroes.juntadeandalucia.es\/maestrosebas\/author\/sebastian-giraldo-granados\/\" rel=\"author\">Sebasti\u00e1n Giraldo Granados<\/a><\/span><\/span>\n\t\t\t\t\t\n\t\t\t\t\t<span class=\"post-category\"><a href=\"https:\/\/blogsaverroes.juntadeandalucia.es\/maestrosebas\/category\/noticias\/\" rel=\"tag\" class=\"term-noticias\">Noticias<\/a><\/span>\n\t\t\t\t\t\t\t\t\t\t\t <span class=\"post-tag\"><a href=\"https:\/\/blogsaverroes.juntadeandalucia.es\/maestrosebas\/tag\/presentacion\/\" rel=\"tag\">presentaci\u00f3n<\/a><\/span>\t\t\t\t\t\n\t\t\t\t\t        <span class=\"post-comment\">\n        <a href=\"https:\/\/blogsaverroes.juntadeandalucia.es\/maestrosebas\/2020\/03\/10\/hola-mundo\/#respond\">0<\/a><svg  class=\"tf_fa tf-fas-comment\" aria-hidden=\"true\"><use href=\"#tf-fas-comment\"><\/use><\/svg>        <\/span>\n        \t\t\t\t<\/p>\n\t\t\t\t<!-- \/post-meta -->\n\t\t\t\n\t\t\t\n\t\t\t        <div class=\"entry-content\">\n\n        \n            <p>\u00a1Hola mundo! Siempre hubo un principio, y por alg\u00fan sitio siempre hay que empezar. Aqu\u00ed comienza mi humilde p\u00e1gina web, la cual cumple dos objetivos. En primer lugar, me va a servir para aprender a utilizar diferentes herramientas tecnol\u00f3gicas que tenemos los docentes a nuestra disposici\u00f3n. Herramientas que nos sirven para mejorar, para llegar a [&hellip;]<\/p>\n\n                \n            \n        <\/div><!-- \/.entry-content -->\n        \n\t\t<\/div>\n\t\t<!-- \/.post-content-inner -->\n\t<\/div>\n\t<!-- \/.post-content -->\n\t\n<\/article>\n<!-- \/.post -->\n    <\/div><!-- .builder-posts-wrap -->\n            <\/div>\n<!-- \/module post -->\n            <\/div>\n                        <\/div>\n        <\/div>\n        <\/div>\n<!--\/themify_builder_content-->\n","protected":false},"excerpt":{"rendered":"","protected":false},"author":8537,"featured_media":0,"parent":0,"menu_order":0,"comment_status":"closed","ping_status":"closed","template":"","meta":{"ngg_post_thumbnail":0,"footnotes":""},"aioseo_notices":[],"_links":{"self":[{"href":"https:\/\/blogsaverroes.juntadeandalucia.es\/maestrosebas\/wp-json\/wp\/v2\/pages\/300"}],"collection":[{"href":"https:\/\/blogsaverroes.juntadeandalucia.es\/maestrosebas\/wp-json\/wp\/v2\/pages"}],"about":[{"href":"https:\/\/blogsaverroes.juntadeandalucia.es\/maestrosebas\/wp-json\/wp\/v2\/types\/page"}],"author":[{"embeddable":true,"href":"https:\/\/blogsaverroes.juntadeandalucia.es\/maestrosebas\/wp-json\/wp\/v2\/users\/8537"}],"replies":[{"embeddable":true,"href":"https:\/\/blogsaverroes.juntadeandalucia.es\/maestrosebas\/wp-json\/wp\/v2\/comments?post=300"}],"version-history":[{"count":1,"href":"https:\/\/blogsaverroes.juntadeandalucia.es\/maestrosebas\/wp-json\/wp\/v2\/pages\/300\/revisions"}],"predecessor-version":[{"id":301,"href":"https:\/\/blogsaverroes.juntadeandalucia.es\/maestrosebas\/wp-json\/wp\/v2\/pages\/300\/revisions\/301"}],"wp:attachment":[{"href":"https:\/\/blogsaverroes.juntadeandalucia.es\/maestrosebas\/wp-json\/wp\/v2\/media?parent=300"}],"curies":[{"name":"wp","href":"https:\/\/api.w.org\/{rel}","templated":true}]}}