{"id":2,"date":"2020-10-30T08:25:02","date_gmt":"2020-10-30T08:25:02","guid":{"rendered":"https:\/\/blogsaverroes.juntadeandalucia.es\/manoloefcpr\/?page_id=2"},"modified":"2020-11-29T12:44:57","modified_gmt":"2020-11-29T12:44:57","slug":"pagina-ejemplo","status":"publish","type":"page","link":"https:\/\/blogsaverroes.juntadeandalucia.es\/manoloefcpr\/pagina-ejemplo\/","title":{"rendered":"INICIO"},"content":{"rendered":"<p><img loading=\"lazy\" decoding=\"async\" class=\"aligncenter wp-image-50 size-full\" src=\"https:\/\/blogsaverroes.juntadeandalucia.es\/manoloefcpr\/files\/2020\/11\/sport-field-photography-play-flower-asphalt-1085394-pxhere.com_-scaled-e1606653482637.jpg\" alt=\"\" width=\"2560\" height=\"992\" srcset=\"https:\/\/blogsaverroes.juntadeandalucia.es\/manoloefcpr\/files\/2020\/11\/sport-field-photography-play-flower-asphalt-1085394-pxhere.com_-scaled-e1606653482637.jpg 2560w, https:\/\/blogsaverroes.juntadeandalucia.es\/manoloefcpr\/files\/2020\/11\/sport-field-photography-play-flower-asphalt-1085394-pxhere.com_-scaled-e1606653482637-300x116.jpg 300w, https:\/\/blogsaverroes.juntadeandalucia.es\/manoloefcpr\/files\/2020\/11\/sport-field-photography-play-flower-asphalt-1085394-pxhere.com_-scaled-e1606653482637-1024x397.jpg 1024w, https:\/\/blogsaverroes.juntadeandalucia.es\/manoloefcpr\/files\/2020\/11\/sport-field-photography-play-flower-asphalt-1085394-pxhere.com_-scaled-e1606653482637-768x298.jpg 768w, https:\/\/blogsaverroes.juntadeandalucia.es\/manoloefcpr\/files\/2020\/11\/sport-field-photography-play-flower-asphalt-1085394-pxhere.com_-scaled-e1606653482637-1536x595.jpg 1536w, https:\/\/blogsaverroes.juntadeandalucia.es\/manoloefcpr\/files\/2020\/11\/sport-field-photography-play-flower-asphalt-1085394-pxhere.com_-scaled-e1606653482637-2048x794.jpg 2048w, https:\/\/blogsaverroes.juntadeandalucia.es\/manoloefcpr\/files\/2020\/11\/sport-field-photography-play-flower-asphalt-1085394-pxhere.com_-scaled-e1606653482637-24x9.jpg 24w, https:\/\/blogsaverroes.juntadeandalucia.es\/manoloefcpr\/files\/2020\/11\/sport-field-photography-play-flower-asphalt-1085394-pxhere.com_-scaled-e1606653482637-36x14.jpg 36w, https:\/\/blogsaverroes.juntadeandalucia.es\/manoloefcpr\/files\/2020\/11\/sport-field-photography-play-flower-asphalt-1085394-pxhere.com_-scaled-e1606653482637-48x19.jpg 48w\" sizes=\"(max-width: 2560px) 100vw, 2560px\" \/><\/p>\n<p><span style=\"font-family: 'trebuchet ms', geneva, sans-serif\">Bienvenid@ a mi blog.<\/span><\/p>\n<p><span style=\"font-family: 'trebuchet ms', geneva, sans-serif\">Mi nombre es Manuel Asensio. Actualmente, soy maestro del CPR Valle de Andarax, en la localidad de Instinci\u00f3n (Almer\u00eda).<\/span><\/p>\n<p><span style=\"font-family: 'trebuchet ms', geneva, sans-serif\">Este es un blog donde encontrar\u00e1s temas relacionados con la educaci\u00f3n y las nuevas tecnolog\u00edas, con el eje vertebrador de la Educaci\u00f3n F\u00edsica. Es un blog que sirve de herramienta para mis clases de Educaci\u00f3n F\u00edsica. En \u00e9l, poco a poco, espero ir completando una bater\u00eda de actividades, recursos digitales, juegos,&#8230; que sirvan para las clases, para el alumnado y tambi\u00e9n para las familias.<\/span><\/p>\n<p><span style=\"font-family: 'trebuchet ms', geneva, sans-serif\">Tambi\u00e9n espero que sirva a otros compa\u00f1er@s docentes, como recurso o como fuente de inspiraci\u00f3n.<\/span><\/p>\n<p><span style=\"font-family: 'trebuchet ms', geneva, sans-serif\">Un saludo.<\/span><\/p>\n<p>&nbsp;<\/p>\n","protected":false},"excerpt":{"rendered":"<p>Bienvenid@ a mi blog. Mi nombre es Manuel Asensio. Actualmente, soy maestro del CPR Valle de Andarax, en la localidad de Instinci\u00f3n (Almer\u00eda). Este es un blog donde encontrar\u00e1s temas relacionados con la educaci\u00f3n&#46;&#46;&#46;<\/p>\n","protected":false},"author":11194,"featured_media":0,"parent":0,"menu_order":0,"comment_status":"closed","ping_status":"open","template":"","meta":{"ngg_post_thumbnail":0,"footnotes":""},"aioseo_notices":[],"_links":{"self":[{"href":"https:\/\/blogsaverroes.juntadeandalucia.es\/manoloefcpr\/wp-json\/wp\/v2\/pages\/2"}],"collection":[{"href":"https:\/\/blogsaverroes.juntadeandalucia.es\/manoloefcpr\/wp-json\/wp\/v2\/pages"}],"about":[{"href":"https:\/\/blogsaverroes.juntadeandalucia.es\/manoloefcpr\/wp-json\/wp\/v2\/types\/page"}],"author":[{"embeddable":true,"href":"https:\/\/blogsaverroes.juntadeandalucia.es\/manoloefcpr\/wp-json\/wp\/v2\/users\/11194"}],"replies":[{"embeddable":true,"href":"https:\/\/blogsaverroes.juntadeandalucia.es\/manoloefcpr\/wp-json\/wp\/v2\/comments?post=2"}],"version-history":[{"count":5,"href":"https:\/\/blogsaverroes.juntadeandalucia.es\/manoloefcpr\/wp-json\/wp\/v2\/pages\/2\/revisions"}],"predecessor-version":[{"id":54,"href":"https:\/\/blogsaverroes.juntadeandalucia.es\/manoloefcpr\/wp-json\/wp\/v2\/pages\/2\/revisions\/54"}],"wp:attachment":[{"href":"https:\/\/blogsaverroes.juntadeandalucia.es\/manoloefcpr\/wp-json\/wp\/v2\/media?parent=2"}],"curies":[{"name":"wp","href":"https:\/\/api.w.org\/{rel}","templated":true}]}}