{"id":1279,"date":"2021-08-09T22:43:56","date_gmt":"2021-08-09T20:43:56","guid":{"rendered":"https:\/\/blogsaverroes.juntadeandalucia.es\/manuelandujar\/?page_id=1279"},"modified":"2025-08-30T20:47:44","modified_gmt":"2025-08-30T18:47:44","slug":"resfuerzo-estival","status":"publish","type":"page","link":"https:\/\/blogsaverroes.juntadeandalucia.es\/manuelandujar\/resfuerzo-estival\/","title":{"rendered":"Resfuerzo Estival"},"content":{"rendered":"<p>[et_pb_section fb_built=&#8221;1&#8243; _builder_version=&#8221;4.16&#8243; custom_padding=&#8221;0px||0px|&#8221; z_index_tablet=&#8221;500&#8243; box_shadow_horizontal_tablet=&#8221;0px&#8221; box_shadow_vertical_tablet=&#8221;0px&#8221; box_shadow_blur_tablet=&#8221;40px&#8221; box_shadow_spread_tablet=&#8221;0px&#8221; global_colors_info=&#8221;{}&#8221;][et_pb_row _builder_version=&#8221;4.16&#8243; background_size=&#8221;initial&#8221; background_position=&#8221;top_left&#8221; background_repeat=&#8221;repeat&#8221; global_colors_info=&#8221;{}&#8221;][et_pb_column type=&#8221;4_4&#8243; _builder_version=&#8221;4.16&#8243; custom_padding=&#8221;|||&#8221; global_colors_info=&#8221;{}&#8221; custom_padding__hover=&#8221;|||&#8221;][et_pb_image src=&#8221;https:\/\/blogsaverroes.juntadeandalucia.es\/manuelandujar\/files\/2020\/01\/cabecera-interior-2-1.jpg&#8221; title_text=&#8221;cabecera-interior-2-1&#8243; admin_label=&#8221;Imagen de la portada&#8221; _builder_version=&#8221;4.16&#8243; z_index_tablet=&#8221;500&#8243; box_shadow_horizontal_tablet=&#8221;0px&#8221; box_shadow_vertical_tablet=&#8221;0px&#8221; box_shadow_blur_tablet=&#8221;40px&#8221; box_shadow_spread_tablet=&#8221;0px&#8221; global_colors_info=&#8221;{}&#8221;][\/et_pb_image][et_pb_text admin_label=&#8221;Texto descriptivo&#8221; _builder_version=&#8221;4.24.2&#8243; hover_enabled=&#8221;0&#8243; z_index_tablet=&#8221;500&#8243; text_text_shadow_horizontal_length_tablet=&#8221;0px&#8221; text_text_shadow_vertical_length_tablet=&#8221;0px&#8221; text_text_shadow_blur_strength_tablet=&#8221;1px&#8221; link_text_shadow_horizontal_length_tablet=&#8221;0px&#8221; link_text_shadow_vertical_length_tablet=&#8221;0px&#8221; link_text_shadow_blur_strength_tablet=&#8221;1px&#8221; ul_text_shadow_horizontal_length_tablet=&#8221;0px&#8221; ul_text_shadow_vertical_length_tablet=&#8221;0px&#8221; ul_text_shadow_blur_strength_tablet=&#8221;1px&#8221; ol_text_shadow_horizontal_length_tablet=&#8221;0px&#8221; ol_text_shadow_vertical_length_tablet=&#8221;0px&#8221; ol_text_shadow_blur_strength_tablet=&#8221;1px&#8221; quote_text_shadow_horizontal_length_tablet=&#8221;0px&#8221; quote_text_shadow_vertical_length_tablet=&#8221;0px&#8221; quote_text_shadow_blur_strength_tablet=&#8221;1px&#8221; header_text_shadow_horizontal_length_tablet=&#8221;0px&#8221; header_text_shadow_vertical_length_tablet=&#8221;0px&#8221; header_text_shadow_blur_strength_tablet=&#8221;1px&#8221; header_2_text_shadow_horizontal_length_tablet=&#8221;0px&#8221; header_2_text_shadow_vertical_length_tablet=&#8221;0px&#8221; header_2_text_shadow_blur_strength_tablet=&#8221;1px&#8221; header_3_text_shadow_horizontal_length_tablet=&#8221;0px&#8221; header_3_text_shadow_vertical_length_tablet=&#8221;0px&#8221; header_3_text_shadow_blur_strength_tablet=&#8221;1px&#8221; header_4_text_shadow_horizontal_length_tablet=&#8221;0px&#8221; header_4_text_shadow_vertical_length_tablet=&#8221;0px&#8221; header_4_text_shadow_blur_strength_tablet=&#8221;1px&#8221; header_5_text_shadow_horizontal_length_tablet=&#8221;0px&#8221; header_5_text_shadow_vertical_length_tablet=&#8221;0px&#8221; header_5_text_shadow_blur_strength_tablet=&#8221;1px&#8221; header_6_text_shadow_horizontal_length_tablet=&#8221;0px&#8221; header_6_text_shadow_vertical_length_tablet=&#8221;0px&#8221; header_6_text_shadow_blur_strength_tablet=&#8221;1px&#8221; box_shadow_horizontal_tablet=&#8221;0px&#8221; box_shadow_vertical_tablet=&#8221;0px&#8221; box_shadow_blur_tablet=&#8221;40px&#8221; box_shadow_spread_tablet=&#8221;0px&#8221; global_colors_info=&#8221;{}&#8221; sticky_enabled=&#8221;0&#8243;]<\/p>\n<h2><strong>Refuerzo Estival<\/strong><\/h2>\n<hr \/>\n<p style=\"text-align: justify\"><span style=\"font-size: 14pt\"><img loading=\"lazy\" decoding=\"async\" class=\"wp-image-3189 size-medium alignleft\" src=\"https:\/\/blogsaverroes.juntadeandalucia.es\/manuelandujar\/files\/2025\/08\/Carteleria_FSE_2021-27_Prioridad_3_PT_PROA_Refuerzo_Estival-212x300.jpg\" alt=\"\" width=\"212\" height=\"300\" \/>Nuestro colegio cuenta con el <a href=\"https:\/\/www.juntadeandalucia.es\/educacion\/portals\/web\/ced\/familias\/programa-refuerzo-estival-2023\" target=\"_blank\" rel=\"noopener noreferrer\">PROGRAMA DE REFUERZO ESTIVAL<\/a> desde el curso escolar 2020\/2021 y cuenta actualmente con la financiaci\u00f3n del <a href=\"https:\/\/european-social-fund-plus.ec.europa.eu\/es\/que-es-el-fse\" target=\"_blank\" rel=\"noopener\">Fondo Social Europeo Plus (FSE+)<\/a>&nbsp;<\/span><\/p>\n<p style=\"text-align: justify\"><span style=\"font-size: 14pt\">Este Programa se dirige al alumnado de Educaci\u00f3n Primaria y persigue los siguientes objetivos:<\/span><\/p>\n<ul style=\"text-align: justify\">\n<li><span style=\"font-size: 14pt\">Mejorar habilidades y actitudes asociadas a la lectura, al razonamiento y l\u00f3gica matem\u00e1tica y a la adquisici\u00f3n de destrezas ling\u00fc\u00edsticas de la lengua extranjera inglesa.<\/span><\/li>\n<li><span style=\"font-size: 14pt\">Desarrollar en el alumnado h\u00e1bitos de organizaci\u00f3n y trabajo, as\u00ed como t\u00e9cnicas de estudio.<\/span><\/li>\n<li><span style=\"font-size: 14pt\">Participar en actividades de car\u00e1cter l\u00fadico-deportivo que fomenten h\u00e1bitos saludables y participaci\u00f3n en actividades en el entorno escolar.<\/span><\/li>\n<li><span style=\"font-size: 14pt\">Contribuir al aumento de la tasa de promoci\u00f3n y titulaci\u00f3n del alumnado.<\/span><\/li>\n<\/ul>\n<p style=\"text-align: justify\"><a href=\"https:\/\/www.juntadeandalucia.es\/educacion\/portals\/delegate\/content\/d870b035-631a-4563-a71a-a08925813a10\/Preguntas%20Frecuentes\" target=\"_blank\" rel=\"noopener noreferrer\"><span style=\"font-size: 14pt\">Aqu\u00ed les dejamos<\/span> <span style=\"font-size: 14pt\">toda la informaci\u00f3n referente al mismo.<\/span><\/a><\/p>\n<hr \/>\n<p>&nbsp;<\/p>\n<p><span style=\"font-size: 14pt\">Nuestro colegio ha participado en las siguientes ediciones: <\/span><\/p>\n<ul>\n<li><span style=\"font-size: 14pt\">2020\/2021<\/span><\/li>\n<li><span style=\"font-size: 14pt\">2021\/2022<\/span><\/li>\n<li><span style=\"font-size: 14pt\">2022\/2023<\/span><\/li>\n<li><span style=\"font-size: 14pt\">2023\/2024<\/span><\/li>\n<li><span style=\"font-size: 14pt\">2024\/2025<\/span><\/li>\n<\/ul>\n<p><span style=\"font-size: 14pt\">Horario: de 9 a 14 horas<\/span><\/p>\n<p><span style=\"font-size: 14pt\">Fecha Inicio: Pendiente aprobaci\u00f3n para julio de 2026.<\/span><\/p>\n<p><span style=\"font-size: 14pt\">Fecha Fin: Pendiente&nbsp;<\/span><\/p>\n<p><span style=\"font-size: 14pt\">Coordinadoras Curso 2024\/2025: <\/span><\/p>\n<ul>\n<li><span style=\"font-size: 18.6667px\">Marina Navarrete Fern\u00e1ndez (Directora del Centro) <\/span><\/li>\n<li><span style=\"font-size: 18.6667px\">M.\u00aa Isabel \u00c1lamo Morante (Jefa de Estudios)<\/span><\/li>\n<\/ul>\n<hr \/>\n<p><img loading=\"lazy\" decoding=\"async\" class=\"aligncenter wp-image-3223 size-full\" src=\"https:\/\/blogsaverroes.juntadeandalucia.es\/manuelandujar\/files\/2025\/08\/encabez_logos_fse_21_27_actualizadofeb25_copia.png\" alt=\"\" width=\"2000\" height=\"126\" srcset=\"https:\/\/blogsaverroes.juntadeandalucia.es\/manuelandujar\/files\/2025\/08\/encabez_logos_fse_21_27_actualizadofeb25_copia.png 2000w, https:\/\/blogsaverroes.juntadeandalucia.es\/manuelandujar\/files\/2025\/08\/encabez_logos_fse_21_27_actualizadofeb25_copia-1280x81.png 1280w, https:\/\/blogsaverroes.juntadeandalucia.es\/manuelandujar\/files\/2025\/08\/encabez_logos_fse_21_27_actualizadofeb25_copia-980x62.png 980w, https:\/\/blogsaverroes.juntadeandalucia.es\/manuelandujar\/files\/2025\/08\/encabez_logos_fse_21_27_actualizadofeb25_copia-480x30.png 480w\" sizes=\"(min-width: 0px) and (max-width: 480px) 480px, (min-width: 481px) and (max-width: 980px) 980px, (min-width: 981px) and (max-width: 1280px) 1280px, (min-width: 1281px) 2000px, 100vw\" \/><\/p>\n<p><img loading=\"lazy\" decoding=\"async\" class=\"aligncenter wp-image-3189 size-large\" src=\"https:\/\/blogsaverroes.juntadeandalucia.es\/manuelandujar\/files\/2025\/08\/Carteleria_FSE_2021-27_Prioridad_3_PT_PROA_Refuerzo_Estival-724x1024.jpg\" alt=\"\" width=\"724\" height=\"1024\" \/><\/p>\n<p>[\/et_pb_text][\/et_pb_column][\/et_pb_row][\/et_pb_section]<\/p>\n","protected":false},"excerpt":{"rendered":"<p>Refuerzo Estival Nuestro colegio cuenta con el PROGRAMA DE REFUERZO ESTIVAL desde el curso escolar 2020\/2021 y cuenta actualmente con la financiaci\u00f3n del Fondo Social Europeo Plus (FSE+)&nbsp; Este Programa se dirige al alumnado de Educaci\u00f3n Primaria y persigue los siguientes objetivos: Mejorar habilidades y actitudes asociadas a la lectura, al razonamiento y l\u00f3gica matem\u00e1tica [&hellip;]<\/p>\n","protected":false},"author":7782,"featured_media":0,"parent":0,"menu_order":0,"comment_status":"closed","ping_status":"closed","template":"","meta":{"_et_pb_use_builder":"on","_et_pb_old_content":"<p><strong>En breve disponible.<\/strong><\/p><p><img class=\"aligncenter size-full wp-image-1283\" src=\"https:\/\/blogsaverroes.juntadeandalucia.es\/manuelandujar\/files\/2021\/08\/en_construccion.jpg\" alt=\"\" width=\"645\" height=\"325\"><\/p><p>\u00a0<\/p>","_et_gb_content_width":"","ngg_post_thumbnail":0,"footnotes":""},"aioseo_notices":[],"_links":{"self":[{"href":"https:\/\/blogsaverroes.juntadeandalucia.es\/manuelandujar\/wp-json\/wp\/v2\/pages\/1279"}],"collection":[{"href":"https:\/\/blogsaverroes.juntadeandalucia.es\/manuelandujar\/wp-json\/wp\/v2\/pages"}],"about":[{"href":"https:\/\/blogsaverroes.juntadeandalucia.es\/manuelandujar\/wp-json\/wp\/v2\/types\/page"}],"author":[{"embeddable":true,"href":"https:\/\/blogsaverroes.juntadeandalucia.es\/manuelandujar\/wp-json\/wp\/v2\/users\/7782"}],"replies":[{"embeddable":true,"href":"https:\/\/blogsaverroes.juntadeandalucia.es\/manuelandujar\/wp-json\/wp\/v2\/comments?post=1279"}],"version-history":[{"count":15,"href":"https:\/\/blogsaverroes.juntadeandalucia.es\/manuelandujar\/wp-json\/wp\/v2\/pages\/1279\/revisions"}],"predecessor-version":[{"id":3233,"href":"https:\/\/blogsaverroes.juntadeandalucia.es\/manuelandujar\/wp-json\/wp\/v2\/pages\/1279\/revisions\/3233"}],"wp:attachment":[{"href":"https:\/\/blogsaverroes.juntadeandalucia.es\/manuelandujar\/wp-json\/wp\/v2\/media?parent=1279"}],"curies":[{"name":"wp","href":"https:\/\/api.w.org\/{rel}","templated":true}]}}