{"id":1296,"date":"2021-08-09T23:01:58","date_gmt":"2021-08-09T21:01:58","guid":{"rendered":"https:\/\/blogsaverroes.juntadeandalucia.es\/manuelandujar\/?page_id=1296"},"modified":"2025-08-30T20:43:39","modified_gmt":"2025-08-30T18:43:39","slug":"proa","status":"publish","type":"page","link":"https:\/\/blogsaverroes.juntadeandalucia.es\/manuelandujar\/proa\/","title":{"rendered":"PROA ANDALUC\u00cdA"},"content":{"rendered":"<p>[et_pb_section fb_built=&#8221;1&#8243; _builder_version=&#8221;4.16&#8243; custom_padding=&#8221;0px||0px|&#8221; z_index_tablet=&#8221;500&#8243; box_shadow_horizontal_tablet=&#8221;0px&#8221; box_shadow_vertical_tablet=&#8221;0px&#8221; box_shadow_blur_tablet=&#8221;40px&#8221; box_shadow_spread_tablet=&#8221;0px&#8221; global_colors_info=&#8221;{}&#8221;][et_pb_row _builder_version=&#8221;4.16&#8243; background_size=&#8221;initial&#8221; background_position=&#8221;top_left&#8221; background_repeat=&#8221;repeat&#8221; global_colors_info=&#8221;{}&#8221;][et_pb_column type=&#8221;4_4&#8243; _builder_version=&#8221;4.16&#8243; custom_padding=&#8221;|||&#8221; global_colors_info=&#8221;{}&#8221; custom_padding__hover=&#8221;|||&#8221;][et_pb_image src=&#8221;https:\/\/blogsaverroes.juntadeandalucia.es\/manuelandujar\/files\/2020\/01\/cabecera-interior-2-1.jpg&#8221; title_text=&#8221;cabecera-interior-2-1&#8243; admin_label=&#8221;Imagen de la portada&#8221; _builder_version=&#8221;4.16&#8243; z_index_tablet=&#8221;500&#8243; box_shadow_horizontal_tablet=&#8221;0px&#8221; box_shadow_vertical_tablet=&#8221;0px&#8221; box_shadow_blur_tablet=&#8221;40px&#8221; box_shadow_spread_tablet=&#8221;0px&#8221; global_colors_info=&#8221;{}&#8221;][\/et_pb_image][et_pb_text admin_label=&#8221;Texto descriptivo&#8221; _builder_version=&#8221;4.24.2&#8243; hover_enabled=&#8221;0&#8243; z_index_tablet=&#8221;500&#8243; text_text_shadow_horizontal_length_tablet=&#8221;0px&#8221; text_text_shadow_vertical_length_tablet=&#8221;0px&#8221; text_text_shadow_blur_strength_tablet=&#8221;1px&#8221; link_text_shadow_horizontal_length_tablet=&#8221;0px&#8221; link_text_shadow_vertical_length_tablet=&#8221;0px&#8221; link_text_shadow_blur_strength_tablet=&#8221;1px&#8221; ul_text_shadow_horizontal_length_tablet=&#8221;0px&#8221; ul_text_shadow_vertical_length_tablet=&#8221;0px&#8221; ul_text_shadow_blur_strength_tablet=&#8221;1px&#8221; ol_text_shadow_horizontal_length_tablet=&#8221;0px&#8221; ol_text_shadow_vertical_length_tablet=&#8221;0px&#8221; ol_text_shadow_blur_strength_tablet=&#8221;1px&#8221; quote_text_shadow_horizontal_length_tablet=&#8221;0px&#8221; quote_text_shadow_vertical_length_tablet=&#8221;0px&#8221; quote_text_shadow_blur_strength_tablet=&#8221;1px&#8221; header_text_shadow_horizontal_length_tablet=&#8221;0px&#8221; header_text_shadow_vertical_length_tablet=&#8221;0px&#8221; header_text_shadow_blur_strength_tablet=&#8221;1px&#8221; header_2_text_shadow_horizontal_length_tablet=&#8221;0px&#8221; header_2_text_shadow_vertical_length_tablet=&#8221;0px&#8221; header_2_text_shadow_blur_strength_tablet=&#8221;1px&#8221; header_3_text_shadow_horizontal_length_tablet=&#8221;0px&#8221; header_3_text_shadow_vertical_length_tablet=&#8221;0px&#8221; header_3_text_shadow_blur_strength_tablet=&#8221;1px&#8221; header_4_text_shadow_horizontal_length_tablet=&#8221;0px&#8221; header_4_text_shadow_vertical_length_tablet=&#8221;0px&#8221; header_4_text_shadow_blur_strength_tablet=&#8221;1px&#8221; header_5_text_shadow_horizontal_length_tablet=&#8221;0px&#8221; header_5_text_shadow_vertical_length_tablet=&#8221;0px&#8221; header_5_text_shadow_blur_strength_tablet=&#8221;1px&#8221; header_6_text_shadow_horizontal_length_tablet=&#8221;0px&#8221; header_6_text_shadow_vertical_length_tablet=&#8221;0px&#8221; header_6_text_shadow_blur_strength_tablet=&#8221;1px&#8221; box_shadow_horizontal_tablet=&#8221;0px&#8221; box_shadow_vertical_tablet=&#8221;0px&#8221; box_shadow_blur_tablet=&#8221;40px&#8221; box_shadow_spread_tablet=&#8221;0px&#8221; global_colors_info=&#8221;{}&#8221; sticky_enabled=&#8221;0&#8243;]<\/p>\n<h2><strong><span style=\"color: #333333\">PROA (Programa de Refuerzo, Orientaci\u00f3n y Apoyo)<\/span><\/strong><\/h2>\n<p><img loading=\"lazy\" decoding=\"async\" class=\"wp-image-3189 size-medium alignright\" src=\"https:\/\/blogsaverroes.juntadeandalucia.es\/manuelandujar\/files\/2025\/08\/Carteleria_FSE_2021-27_Prioridad_3_PT_PROA_Refuerzo_Estival-212x300.jpg\" alt=\"\" width=\"212\" height=\"300\" \/><\/p>\n<p style=\"text-align: justify\"><span style=\"font-size: 14pt;color: #333333\"><a href=\"https:\/\/www.juntadeandalucia.es\/educacion\/portals\/web\/ced\/planesyprogramas\/planes-educativos\/proa-2023-2024\/\" target=\"_blank\" rel=\"noopener noreferrer\"><img loading=\"lazy\" decoding=\"async\" class=\"wp-image-1452 size-medium alignleft\" src=\"https:\/\/blogsaverroes.juntadeandalucia.es\/manuelandujar\/files\/2021\/08\/Captura-300x167.png\" alt=\"\" width=\"300\" height=\"167\" srcset=\"https:\/\/blogsaverroes.juntadeandalucia.es\/manuelandujar\/files\/2021\/08\/Captura-300x167.png 300w, https:\/\/blogsaverroes.juntadeandalucia.es\/manuelandujar\/files\/2021\/08\/Captura.png 439w\" sizes=\"(max-width: 300px) 100vw, 300px\" \/><\/a>El objetivo principal del <a href=\"https:\/\/www.juntadeandalucia.es\/educacion\/portals\/web\/ced\/planesyprogramas\/planes-educativos\/proa-2023-2024\/\" target=\"_blank\" rel=\"noopener noreferrer\">Programa<\/a> es ser un recurso m\u00e1s a disposici\u00f3n de los centros educativos para frenar los casos de fracaso y\/o abandono escolar.<\/span><\/p>\n<p style=\"text-align: justify\"><span style=\"font-size: 14pt;color: #333333\">El Programa se ha utilizado como instrumento para dar respuesta en los centros p\u00fablicos al alumnado que precisa actuaciones de car\u00e1cter compensatorio, con objeto de garantizar la igualdad de oportunidades, incrementar el \u00e9xito escolar del alumnado y prevenir el absentismo y el abandono escolar temprano.<\/span><\/p>\n<p><strong><span style=\"font-size: 14pt;color: #333333\">Modalidad: <a href=\"https:\/\/www.juntadeandalucia.es\/educacion\/portals\/web\/ced\/planesyprogramas\/planes-educativos\/proa-2023-2024\/\" target=\"_blank\" rel=\"noopener noreferrer\">Acompa\u00f1amiento Escolar<\/a><\/span><\/strong><\/p>\n<hr \/>\n<p><span style=\"font-size: 14pt;color: #000000\"><strong>GRUPOS PROA SOLICITADOS EN NUESTRO COLEGIO<\/strong><\/span><\/p>\n<ul>\n<li><span style=\"font-size: 14pt;color: #000000\">PROA 3\u00ba EP&nbsp;&nbsp;<\/span><\/li>\n<li><span style=\"font-size: 14pt;color: #000000\">PROA 4\u00ba EP&nbsp;<\/span><\/li>\n<li><span style=\"font-size: 14pt;color: #000000\">PROA 5\u00ba EP<\/span><\/li>\n<li><span style=\"font-size: 14pt;color: #000000\">PROA 6\u00ba EP<\/span><\/li>\n<\/ul>\n<p>&nbsp;<\/p>\n<p><span style=\"font-size: 14pt;color: #000000\">Horario: <strong>4 horas semanales<\/strong> y sin coste para las familias.<\/span><\/p>\n<ul>\n<li><span style=\"font-size: 14pt;color: #000000\"><strong>Lunes y Mi\u00e9rcoles de 16 a 18 ho<\/strong><strong>ras para 4\u00ba EP.<\/strong><\/span><\/li>\n<li><span style=\"font-size: 14pt;color: #000000\"><strong>Martes y jueves de 16 a 18 ho<\/strong><strong>ras para 3\u00ba, 5\u00ba y 6\u00ba EP.<\/strong><\/span><\/li>\n<\/ul>\n<p>&nbsp;<\/p>\n<p><span style=\"font-size: 14pt;color: #000000\">Fecha de inicio: pendiente.<\/span><\/p>\n<p><span style=\"color: #000000;font-size: 14pt\">Fecha fin: 31 de mayo de 2026<\/span><\/p>\n<p>&nbsp;<\/p>\n<p><span style=\"font-size: 14pt;color: #000000\"><strong>Coordinadora: Jos\u00e9 Antonio Fern\u00e1ndez Vico (Jefatura de Estudios)<\/strong><\/span><\/p>\n<div class=\"field\">\n<hr \/>\n<h2>&nbsp;<\/h2>\n<h2><span style=\"color: #333333\"><strong><span style=\"font-size: 14pt\">NORMATIVA<\/span><\/strong><\/span><\/h2>\n<\/div>\n<div>\n<div>\n<ul>\n<li><span style=\"font-size: 14pt;color: #333333\"><a style=\"color: #333333\" title=\"ACUERDO de 1 de agosto de 2014, del Consejo de Gobierno, por el que se aprueba el Programa de Refuerzo, Orientaci\u00f3n y Apoyo en los centros docentes p\u00fablicos de Andaluc\u00eda (PROA Andaluc\u00eda)\" href=\"http:\/\/juntadeandalucia.es\/boja\/2014\/153\/BOJA14-153-00003-13631-01_00053014.pdf\">ACUERDO de 1 de agosto de 2014, del Consejo de Gobierno, por el que se aprueba el Programa de Refuerzo, Orientaci\u00f3n y Apoyo en los centros docentes p\u00fablicos de Andaluc\u00eda (PROA Andaluc\u00eda).<\/a><\/span><\/li>\n<li><a href=\"https:\/\/www.juntadeandalucia.es\/educacion\/portals\/web\/inspeccion-educativa\/normativa-d\/-\/contenidos\/detalle\/instrucciones-de-7-de-junio-de-2024-de-la-direccion-general-de-ordenacion-inclusion-participacion-y-evaluacion-1oimzs58arlu5\" target=\"_blank\" rel=\"noopener\"><span style=\"font-size: 14pt\"><span style=\"color: #333333\">Instrucciones PROA curso escolar 2024\/2025.<\/span><\/span><\/a><\/li>\n<\/ul>\n<p>&nbsp;<\/p>\n<\/div>\n<\/div>\n<div>\n<hr \/>\n<p><img loading=\"lazy\" decoding=\"async\" class=\"aligncenter wp-image-3223 size-full\" src=\"https:\/\/blogsaverroes.juntadeandalucia.es\/manuelandujar\/files\/2025\/08\/encabez_logos_fse_21_27_actualizadofeb25_copia.png\" alt=\"\" width=\"2000\" height=\"126\" srcset=\"https:\/\/blogsaverroes.juntadeandalucia.es\/manuelandujar\/files\/2025\/08\/encabez_logos_fse_21_27_actualizadofeb25_copia.png 2000w, https:\/\/blogsaverroes.juntadeandalucia.es\/manuelandujar\/files\/2025\/08\/encabez_logos_fse_21_27_actualizadofeb25_copia-1280x81.png 1280w, https:\/\/blogsaverroes.juntadeandalucia.es\/manuelandujar\/files\/2025\/08\/encabez_logos_fse_21_27_actualizadofeb25_copia-980x62.png 980w, https:\/\/blogsaverroes.juntadeandalucia.es\/manuelandujar\/files\/2025\/08\/encabez_logos_fse_21_27_actualizadofeb25_copia-480x30.png 480w\" sizes=\"(min-width: 0px) and (max-width: 480px) 480px, (min-width: 481px) and (max-width: 980px) 980px, (min-width: 981px) and (max-width: 1280px) 1280px, (min-width: 1281px) 2000px, 100vw\" \/><\/p>\n<\/div>\n<p>[\/et_pb_text][\/et_pb_column][\/et_pb_row][\/et_pb_section]<\/p>\n","protected":false},"excerpt":{"rendered":"<p>PROA (Programa de Refuerzo, Orientaci\u00f3n y Apoyo) El objetivo principal del Programa es ser un recurso m\u00e1s a disposici\u00f3n de los centros educativos para frenar los casos de fracaso y\/o abandono escolar. El Programa se ha utilizado como instrumento para dar respuesta en los centros p\u00fablicos al alumnado que precisa actuaciones de car\u00e1cter compensatorio, con [&hellip;]<\/p>\n","protected":false},"author":7782,"featured_media":0,"parent":0,"menu_order":0,"comment_status":"closed","ping_status":"closed","template":"","meta":{"_et_pb_use_builder":"on","_et_pb_old_content":"","_et_gb_content_width":"","ngg_post_thumbnail":0,"footnotes":""},"aioseo_notices":[],"_links":{"self":[{"href":"https:\/\/blogsaverroes.juntadeandalucia.es\/manuelandujar\/wp-json\/wp\/v2\/pages\/1296"}],"collection":[{"href":"https:\/\/blogsaverroes.juntadeandalucia.es\/manuelandujar\/wp-json\/wp\/v2\/pages"}],"about":[{"href":"https:\/\/blogsaverroes.juntadeandalucia.es\/manuelandujar\/wp-json\/wp\/v2\/types\/page"}],"author":[{"embeddable":true,"href":"https:\/\/blogsaverroes.juntadeandalucia.es\/manuelandujar\/wp-json\/wp\/v2\/users\/7782"}],"replies":[{"embeddable":true,"href":"https:\/\/blogsaverroes.juntadeandalucia.es\/manuelandujar\/wp-json\/wp\/v2\/comments?post=1296"}],"version-history":[{"count":21,"href":"https:\/\/blogsaverroes.juntadeandalucia.es\/manuelandujar\/wp-json\/wp\/v2\/pages\/1296\/revisions"}],"predecessor-version":[{"id":3230,"href":"https:\/\/blogsaverroes.juntadeandalucia.es\/manuelandujar\/wp-json\/wp\/v2\/pages\/1296\/revisions\/3230"}],"wp:attachment":[{"href":"https:\/\/blogsaverroes.juntadeandalucia.es\/manuelandujar\/wp-json\/wp\/v2\/media?parent=1296"}],"curies":[{"name":"wp","href":"https:\/\/api.w.org\/{rel}","templated":true}]}}