{"id":2124,"date":"2022-10-16T13:57:20","date_gmt":"2022-10-16T11:57:20","guid":{"rendered":"https:\/\/blogsaverroes.juntadeandalucia.es\/manuelandujar\/?page_id=2124"},"modified":"2024-11-03T15:05:47","modified_gmt":"2024-11-03T14:05:47","slug":"programas-innovacion","status":"publish","type":"page","link":"https:\/\/blogsaverroes.juntadeandalucia.es\/manuelandujar\/programas-innovacion\/","title":{"rendered":"Programa Cima"},"content":{"rendered":"<p>[et_pb_section fb_built=&#8221;1&#8243; _builder_version=&#8221;4.16&#8243; custom_padding=&#8221;0px||0px|&#8221; z_index_tablet=&#8221;500&#8243; box_shadow_horizontal_tablet=&#8221;0px&#8221; box_shadow_vertical_tablet=&#8221;0px&#8221; box_shadow_blur_tablet=&#8221;40px&#8221; box_shadow_spread_tablet=&#8221;0px&#8221; global_colors_info=&#8221;{}&#8221;][et_pb_row _builder_version=&#8221;4.16&#8243; background_size=&#8221;initial&#8221; background_position=&#8221;top_left&#8221; background_repeat=&#8221;repeat&#8221; global_colors_info=&#8221;{}&#8221;][et_pb_column type=&#8221;4_4&#8243; _builder_version=&#8221;4.16&#8243; custom_padding=&#8221;|||&#8221; global_colors_info=&#8221;{}&#8221; custom_padding__hover=&#8221;|||&#8221;][et_pb_image src=&#8221;https:\/\/blogsaverroes.juntadeandalucia.es\/manuelandujar\/files\/2024\/11\/Logo-Cima_mas-resolucion-1-150&#215;150.png&#8221; title_text=&#8221;Logo-Cima_mas-resolucion (1)&#8221; admin_label=&#8221;Imagen de la portada&#8221; _builder_version=&#8221;4.24.2&#8243; z_index_tablet=&#8221;500&#8243; box_shadow_horizontal_tablet=&#8221;0px&#8221; box_shadow_vertical_tablet=&#8221;0px&#8221; box_shadow_blur_tablet=&#8221;40px&#8221; box_shadow_spread_tablet=&#8221;0px&#8221; global_colors_info=&#8221;{}&#8221;][\/et_pb_image][et_pb_text admin_label=&#8221;Texto descriptivo&#8221; _builder_version=&#8221;4.24.2&#8243; z_index_tablet=&#8221;500&#8243; text_text_shadow_horizontal_length_tablet=&#8221;0px&#8221; text_text_shadow_vertical_length_tablet=&#8221;0px&#8221; text_text_shadow_blur_strength_tablet=&#8221;1px&#8221; link_text_shadow_horizontal_length_tablet=&#8221;0px&#8221; link_text_shadow_vertical_length_tablet=&#8221;0px&#8221; link_text_shadow_blur_strength_tablet=&#8221;1px&#8221; ul_text_shadow_horizontal_length_tablet=&#8221;0px&#8221; ul_text_shadow_vertical_length_tablet=&#8221;0px&#8221; ul_text_shadow_blur_strength_tablet=&#8221;1px&#8221; ol_text_shadow_horizontal_length_tablet=&#8221;0px&#8221; ol_text_shadow_vertical_length_tablet=&#8221;0px&#8221; ol_text_shadow_blur_strength_tablet=&#8221;1px&#8221; quote_text_shadow_horizontal_length_tablet=&#8221;0px&#8221; quote_text_shadow_vertical_length_tablet=&#8221;0px&#8221; quote_text_shadow_blur_strength_tablet=&#8221;1px&#8221; header_text_shadow_horizontal_length_tablet=&#8221;0px&#8221; header_text_shadow_vertical_length_tablet=&#8221;0px&#8221; header_text_shadow_blur_strength_tablet=&#8221;1px&#8221; header_2_text_shadow_horizontal_length_tablet=&#8221;0px&#8221; header_2_text_shadow_vertical_length_tablet=&#8221;0px&#8221; header_2_text_shadow_blur_strength_tablet=&#8221;1px&#8221; header_3_text_shadow_horizontal_length_tablet=&#8221;0px&#8221; header_3_text_shadow_vertical_length_tablet=&#8221;0px&#8221; header_3_text_shadow_blur_strength_tablet=&#8221;1px&#8221; header_4_text_shadow_horizontal_length_tablet=&#8221;0px&#8221; header_4_text_shadow_vertical_length_tablet=&#8221;0px&#8221; header_4_text_shadow_blur_strength_tablet=&#8221;1px&#8221; header_5_text_shadow_horizontal_length_tablet=&#8221;0px&#8221; header_5_text_shadow_vertical_length_tablet=&#8221;0px&#8221; header_5_text_shadow_blur_strength_tablet=&#8221;1px&#8221; header_6_text_shadow_horizontal_length_tablet=&#8221;0px&#8221; header_6_text_shadow_vertical_length_tablet=&#8221;0px&#8221; header_6_text_shadow_blur_strength_tablet=&#8221;1px&#8221; box_shadow_horizontal_tablet=&#8221;0px&#8221; box_shadow_vertical_tablet=&#8221;0px&#8221; box_shadow_blur_tablet=&#8221;40px&#8221; box_shadow_spread_tablet=&#8221;0px&#8221; global_colors_info=&#8221;{}&#8221;]<\/p>\n<h2><span style=\"color: #000000;font-family: arial, helvetica, sans-serif\"><strong>Programa para la Innovaci\u00f3n y Mejora del Aprendizaje, Programa CIMA<\/strong><\/span><\/h2>\n<hr \/>\n<p><span style=\"font-size: 18pt;color: #000000;font-family: arial, helvetica, sans-serif\"><strong>Desde el Curso 2023\/2024<\/strong><\/span><\/p>\n<p>&nbsp;<\/p>\n<p style=\"text-align: justify\"><span style=\"color: #000000;font-family: arial, helvetica, sans-serif;font-size: 14pt\">El <a href=\"https:\/\/www.juntadeandalucia.es\/educacion\/eaprendizaje\/\" target=\"_blank\" rel=\"noopener\">Programa CIMA<\/a> es una herramienta pedag\u00f3gica para impulsar la innovaci\u00f3n y transformaci\u00f3n del proyecto educativo del centro (PE) desde el an\u00e1lisis, reflexi\u00f3n y evaluaci\u00f3n participativa garantizando la mejora continua y la personalizaci\u00f3n de los procesos seg\u00fan los centros de inter\u00e9s y necesidades del centro.<\/span><\/p>\n<p><a href=\"https:\/\/www.juntadeandalucia.es\/educacion\/eaprendizaje\/\" target=\"_blank\" rel=\"noopener\"><img loading=\"lazy\" decoding=\"async\" class=\"wp-image-2841 size-medium aligncenter\" src=\"https:\/\/blogsaverroes.juntadeandalucia.es\/manuelandujar\/files\/2024\/11\/Logo-Cima_mas-resolucion-1-261x300.png\" alt=\"\" width=\"261\" height=\"300\" \/><\/a><\/p>\n<p style=\"text-align: center\"><span style=\"font-size: 18pt\"><a href=\"https:\/\/www.juntadeandalucia.es\/educacion\/eaprendizaje\/wp-content\/uploads\/2024\/09\/DOSIER_CIMA-24-25.pdf\" target=\"_blank\" rel=\"noopener\"><span style=\"font-family: arial, helvetica, sans-serif;color: #000000\">DOSSIER CIMA 2024\/2025<\/span><\/a><\/span><\/p>\n<p>&nbsp;<\/p>\n<p><span style=\"color: #000000;font-size: 14pt;font-family: arial, helvetica, sans-serif\">El Programa CIMA surge con la misi\u00f3n de promover:<\/span><\/p>\n<ul>\n<li><span style=\"color: #000000;font-size: 14pt;font-family: arial, helvetica, sans-serif\">El fomento y la coordinaci\u00f3n de la innovaci\u00f3n educativa a trav\u00e9s de proyectos integrales de transformaci\u00f3n y mejora de los aprendizajes.<\/span><\/li>\n<li><span style=\"color: #000000;font-size: 14pt;font-family: arial, helvetica, sans-serif\">La gesti\u00f3n, coordinaci\u00f3n e integraci\u00f3n de las actuaciones y estrategias relativas a la innovaci\u00f3n educativa.<\/span><\/li>\n<li><span style=\"color: #000000;font-size: 14pt;font-family: arial, helvetica, sans-serif\">La colaboraci\u00f3n y coordinaci\u00f3n con las instituciones competentes a nivel auton\u00f3mico, nacional e internacional en las tem\u00e1ticas relacionadas con los diferentes \u00e1mbitos de conocimiento y actuaci\u00f3n.<\/span><\/li>\n<li><span style=\"color: #000000;font-size: 14pt;font-family: arial, helvetica, sans-serif\">La selecci\u00f3n, el reconocimiento y la difusi\u00f3n de pr\u00e1cticas educativas innovadoras.<\/span><\/li>\n<\/ul>\n<p>&nbsp;<\/p>\n<p><strong><span style=\"color: #000000;font-size: 14pt;font-family: arial, helvetica, sans-serif\">COORDINADORA CIMA: <\/span><\/strong><span style=\"color: #000000;font-size: 14pt;font-family: arial, helvetica, sans-serif\">Marina Navarrete Fern\u00e1ndez<\/span><\/p>\n<p>&nbsp;<\/p>\n<p><strong><span style=\"font-size: 14pt;font-family: arial, helvetica, sans-serif\"><a href=\"https:\/\/www.juntadeandalucia.es\/educacion\/eaprendizaje\/frutas-hortalizas-leche\/\" target=\"_blank\" rel=\"noopener noreferrer\">PROGRAMA ESCOLAR DE CONSUMO DE FRUTAS, HORTALIZAS Y LECHE. (Promoci\u00f3n de h\u00e1bitos de vida saludable)<\/a><\/span><\/strong><\/p>\n<p><span style=\"font-size: 14pt;color: #000000;font-family: arial, helvetica, sans-serif\">La finalidad de este programa es incrementar y consolidar el consumo de frutas, hortalizas y leche as\u00ed como promover h\u00e1bitos alimentarios saludables en el alumnado de entre 3 y 12 a\u00f1os, ambos incluidos.<\/span><\/p>\n<p><strong><span style=\"font-size: 14pt;color: #000000;font-family: arial, helvetica, sans-serif\">Responsable:&nbsp;<\/span><\/strong><\/p>\n<div class=\"wpb_row vc_row vc_row-fluid mk-fullwidth-false attched-false js-master-row mk-grid mk-in-viewport\" data-mk-stretch-content=\"true\">\n<div class=\"vc_col-sm-12 wpb_column column_container   _ height-full\">\n<div class=\" vc_custom_1727032580595\">\n<div id=\"text-block-3\" class=\"mk-text-block   \">\n<div class=\"clearboth\">&nbsp;<\/div>\n<\/div>\n<\/div>\n<\/div>\n<\/div>\n<div class=\"wpb_row vc_row vc_row-fluid mk-fullwidth-false attched-false js-master-row mk-grid mk-in-viewport\" data-mk-stretch-content=\"true\">\n<div class=\"vc_col-sm-12 wpb_column column_container   _ height-full\">\n<div class=\" vc_custom_1729841337105\">\n<div id=\"text-block-5\" class=\"mk-text-block   \">\n<h2><span style=\"font-family: arial, helvetica, sans-serif;font-size: 18pt;color: #000000\">Nuestros \u00c1mbitos de Conocimiento y L\u00edneas de Actuaci\u00f3n para el curso 24-25:<\/span><\/h2>\n<p>&nbsp;<\/p>\n<h5>&nbsp;<\/h5>\n<h5><span style=\"font-family: arial, helvetica, sans-serif;font-size: 18pt;color: #000000\"><strong>Promoci\u00f3n de H\u00e1bitos de Vida Saludable<\/strong><\/span><\/h5>\n<p>&nbsp;<\/p>\n<p><span style=\"font-family: arial, helvetica, sans-serif;font-size: 14pt;color: #000000\">OBJETIVO GENERAL<\/span><\/p>\n<p>&nbsp;<\/p>\n<p style=\"text-align: justify\"><span style=\"font-family: arial, helvetica, sans-serif;font-size: 14pt;color: #000000\"><img loading=\"lazy\" decoding=\"async\" class=\"alignleft wp-image-6123\" src=\"https:\/\/www.iesjrj.es\/wp-content\/uploads\/2024\/09\/hhvs-cima-1.jpg\" alt=\"\" width=\"95\" height=\"83\" \/>Desarrollar competencias en materia de promoci\u00f3n de la salud que faciliten la elecci\u00f3n y adopci\u00f3n de estilos de vida saludables contribuyendo al desarrollo integral del alumnado.<\/span><\/p>\n<p>&nbsp;<\/p>\n<p style=\"text-align: justify\"><span style=\"font-family: arial, helvetica, sans-serif;font-size: 14pt;color: #000000\">L\u00cdNEAS DE ACTUACI\u00d3N<\/span><\/p>\n<ul style=\"text-align: justify\">\n<li><span style=\"font-family: arial, helvetica, sans-serif;font-size: 14pt;color: #000000\">Alimentaci\u00f3n saludable.<\/span><\/li>\n<li><span style=\"font-family: arial, helvetica, sans-serif;font-size: 14pt;color: #000000\">Sue\u00f1o saludable y autocuidado.<\/span><\/li>\n<li><span style=\"font-family: arial, helvetica, sans-serif;font-size: 14pt;color: #000000\">Educaci\u00f3n afectivo-sexual.<\/span><\/li>\n<li><span style=\"font-family: arial, helvetica, sans-serif;font-size: 14pt;color: #000000\">Higiene digital.<\/span><\/li>\n<li><span style=\"font-family: arial, helvetica, sans-serif;font-size: 14pt;color: #000000\">Educaci\u00f3n vial.<\/span><\/li>\n<\/ul>\n<div class=\"clearboth\" style=\"text-align: justify\">\n<p>&nbsp;<\/p>\n<p><strong><span style=\"color: #000000;font-size: 14pt;font-family: arial, helvetica, sans-serif\">Responsable Promoci\u00f3n de h\u00e1bitos de vida saludable HHVS: Beatriz D\u00edaz Roma<\/span><\/strong><\/p>\n<p>&nbsp;<\/p>\n<\/div>\n<\/div>\n<\/div>\n<\/div>\n<\/div>\n<div class=\"wpb_row vc_row vc_row-fluid mk-fullwidth-false attched-false js-master-row mk-grid mk-in-viewport\" style=\"text-align: justify\" data-mk-stretch-content=\"true\">\n<div class=\"vc_col-sm-12 wpb_column column_container   _ height-full\">\n<div class=\" vc_custom_1727035259076\">\n<div id=\"text-block-7\" class=\"mk-text-block   \">\n<h5><span style=\"font-family: arial, helvetica, sans-serif;font-size: 18pt;color: #000000\"><strong>Educaci\u00f3n Ambiental para la Sostenibilidad<\/strong><\/span><\/h5>\n<p>&nbsp;<\/p>\n<p><span style=\"font-family: arial, helvetica, sans-serif;font-size: 14pt;color: #000000\">OBJETIVO GENERAL<\/span><\/p>\n<p><span style=\"font-family: arial, helvetica, sans-serif;font-size: 14pt;color: #000000\"><img loading=\"lazy\" decoding=\"async\" class=\"alignleft wp-image-6120\" src=\"https:\/\/www.iesjrj.es\/wp-content\/uploads\/2024\/09\/hhvs-cima.jpg\" alt=\"\" width=\"111\" height=\"96\" \/>Promover el desarrollo integrado de proyectos de educaci\u00f3n ambiental, fomentando la participaci\u00f3n de toda la comunidad educativa, a trav\u00e9s de l\u00edneas de actuaci\u00f3n sobre distintos escenarios y problem\u00e1ticas ambientales: medio urbano, cambio clim\u00e1tico, energ\u00edas, biodiversidad, h\u00e1bitats y espacios naturales, litoral, agua, bosques, residuos, erosi\u00f3n y degradaci\u00f3n de suelos, consumo, entre otros factores.<\/span><\/p>\n<p><span style=\"font-family: arial, helvetica, sans-serif;font-size: 14pt;color: #000000\">L\u00cdNEAS DE ACTUACI\u00d3N<\/span><\/p>\n<ul>\n<li><span style=\"font-family: arial, helvetica, sans-serif;font-size: 14pt;color: #000000\">Cambio clim\u00e1tico.<\/span><\/li>\n<li><span style=\"font-family: arial, helvetica, sans-serif;font-size: 14pt;color: #000000\">Gesti\u00f3n y valor del agua.<\/span><\/li>\n<li><span style=\"color: #000000;font-family: arial, helvetica, sans-serif\"><span style=\"font-size: 18.6667px\">Educaci\u00f3n para la circularidad.<\/span><\/span><\/li>\n<\/ul>\n<div class=\"clearboth\">\n<p>&nbsp;<\/p>\n<p><strong><span style=\"color: #000000;font-size: 14pt;font-family: arial, helvetica, sans-serif\"><label class=\" w-100\" for=\"X_EMPLEADO2\">Responsable Aldea, Educaci\u00f3n Ambiental para la sostenibilidad: Almudena Mingorance de la Chica<\/label><\/span><\/strong><\/p>\n<p>&nbsp;<\/p>\n<\/div>\n<\/div>\n<\/div>\n<\/div>\n<\/div>\n<div class=\"wpb_row vc_row vc_row-fluid mk-fullwidth-false attched-false js-master-row mk-grid mk-in-viewport\" style=\"text-align: justify\" data-mk-stretch-content=\"true\">\n<div class=\"vc_col-sm-12 wpb_column column_container   _ height-full\">\n<div class=\"vc-zigzag-wrapper vc-zigzag-align-center\">\n<div>&nbsp;<\/div>\n<div class=\"vc-zigzag-inner\"><span style=\"font-size: 18pt\"><strong style=\"color: #000000;font-family: arial, helvetica, sans-serif\">Steam<\/strong><\/span><\/div>\n<div>&nbsp;<\/div>\n<\/div>\n<div class=\" vc_custom_1729841195358\">\n<div id=\"text-block-9\" class=\"mk-text-block   \">\n<p>&nbsp;<\/p>\n<p><span style=\"font-family: arial, helvetica, sans-serif;font-size: 14pt;color: #000000\">OBJETIVO GENERAL<\/span><\/p>\n<p><span style=\"font-family: arial, helvetica, sans-serif;font-size: 14pt;color: #000000\"><img loading=\"lazy\" decoding=\"async\" class=\"alignleft wp-image-6125\" src=\"https:\/\/www.iesjrj.es\/wp-content\/uploads\/2024\/09\/steam-cima.jpg\" alt=\"\" width=\"103\" height=\"92\" \/>Promover un entorno educativo integral que estimule la resoluci\u00f3n de problemas cotidianos mediante conocimientos interdisciplinarios impulsando el trabajo colaborativo, que a su vez fomente la investigaci\u00f3n y experimentaci\u00f3n en el alumnado y mejore la competencia digital del profesorado, favoreciendo la integraci\u00f3n de la metodolog\u00eda STEAM en el curr\u00edculo para desarrollar vocaciones cient\u00edfico-tecnol\u00f3gicas, especialmente en las alumnas.<\/span><\/p>\n<p><span style=\"font-family: arial, helvetica, sans-serif;font-size: 14pt;color: #000000\">L\u00cdNEAS DE ACTUACI\u00d3N<\/span><\/p>\n<ul>\n<li><span style=\"font-family: arial, helvetica, sans-serif;font-size: 14pt;color: #000000\">Razonamiento matem\u00e1tico.<\/span><\/li>\n<li><span style=\"font-family: arial, helvetica, sans-serif;font-size: 14pt;color: #000000\">Programaci\u00f3n y rob\u00f3tica.<\/span><\/li>\n<\/ul>\n<div class=\"clearboth\">\n<p>&nbsp;<\/p>\n<p><strong><span style=\"color: #000000;font-size: 14pt;font-family: arial, helvetica, sans-serif\">Responsable STEAM: Jacinto Solanas Jim\u00e9nez<\/span><\/strong><\/p>\n<p>&nbsp;<\/p>\n<\/div>\n<\/div>\n<\/div>\n<\/div>\n<\/div>\n<div class=\"wpb_row vc_row vc_row-fluid mk-fullwidth-false attched-false js-master-row mk-grid mk-in-viewport\" style=\"text-align: justify\" data-mk-stretch-content=\"true\">\n<div class=\"vc_col-sm-12 wpb_column column_container   _ height-full\">\n<div class=\" vc_custom_1729841216512\">\n<div>&nbsp;<\/div>\n<div id=\"text-block-11\" class=\"mk-text-block   \"><span style=\"font-size: 18pt\"><strong style=\"color: #000000;font-family: arial, helvetica, sans-serif\">Educomunicaci\u00f3n<\/strong><\/span><\/div>\n<\/div>\n<\/div>\n<\/div>\n<div class=\"wpb_row vc_row vc_row-fluid mk-fullwidth-false attched-false js-master-row mk-grid mk-in-viewport\" style=\"text-align: justify\" data-mk-stretch-content=\"true\">\n<div class=\"vc_col-sm-8 wpb_column column_container   _ height-full\">\n<div class=\" vc_custom_1729841270470\">\n<div id=\"text-block-15\" class=\"mk-text-block   \">\n<p>&nbsp;<\/p>\n<p><span style=\"font-family: arial, helvetica, sans-serif;font-size: 14pt;color: #000000\">OBJETIVO GENERAL<\/span><\/p>\n<p><span style=\"font-family: arial, helvetica, sans-serif;font-size: 14pt;color: #000000\"><img loading=\"lazy\" decoding=\"async\" class=\"alignleft wp-image-6130\" src=\"https:\/\/www.iesjrj.es\/wp-content\/uploads\/2024\/09\/educomunicacion-cima.jpg\" alt=\"\" width=\"94\" height=\"81\" \/>El objetivo principal del \u00e1mbito de EduComunicaci\u00f3n dentro del Programa CIMA es, por tanto, el desarrollo de la competencia en comunicaci\u00f3n ling\u00fc\u00edstica, el fomento de la alfabetizaci\u00f3n medi\u00e1tica e informacional y el buen uso de los nuevos medios de comunicaci\u00f3n.<\/span><\/p>\n<p><span style=\"color: #000000;font-family: arial, helvetica, sans-serif;font-size: 14pt\">L\u00cdNEAS DE ACTUACI\u00d3N<\/span><\/p>\n<ul>\n<li><span style=\"font-family: arial, helvetica, sans-serif;font-size: 14pt;color: #000000\">Comunicaci\u00f3n en la Red.<\/span><\/li>\n<li><span style=\"font-family: arial, helvetica, sans-serif;font-size: 14pt;color: #000000\">Radio escolar.<\/span><\/li>\n<\/ul>\n<\/div>\n<\/div>\n<\/div>\n<\/div>\n<p>&nbsp;<\/p>\n<p><strong><span style=\"color: #000000;font-size: 14pt;font-family: arial, helvetica, sans-serif\"><label class=\" w-100\" for=\"X_EMPLEADO5\">Responsable Educomunicaci\u00f3n: Ana Moral Blanco<\/label><\/span><\/strong><\/p>\n<p>&nbsp;<\/p>\n<p>[\/et_pb_text][\/et_pb_column][\/et_pb_row][\/et_pb_section]<\/p>\n","protected":false},"excerpt":{"rendered":"<p>Programa para la Innovaci\u00f3n y Mejora del Aprendizaje, Programa CIMA Desde el Curso 2023\/2024 &nbsp; El Programa CIMA es una herramienta pedag\u00f3gica para impulsar la innovaci\u00f3n y transformaci\u00f3n del proyecto educativo del centro (PE) desde el an\u00e1lisis, reflexi\u00f3n y evaluaci\u00f3n participativa garantizando la mejora continua y la personalizaci\u00f3n de los procesos seg\u00fan los centros de [&hellip;]<\/p>\n","protected":false},"author":7782,"featured_media":2788,"parent":0,"menu_order":0,"comment_status":"closed","ping_status":"closed","template":"","meta":{"_et_pb_use_builder":"on","_et_pb_old_content":"<p><img class=\"size-full wp-image-2125 aligncenter\" src=\"https:\/\/blogsaverroes.juntadeandalucia.es\/manuelandujar\/files\/2022\/10\/descarga.jpg\" alt=\"\" width=\"343\" height=\"147\"><\/p><p>Programas que son una <b>herramientas de innovaci\u00f3n que favorecen un cambio educativo<\/b>, con la incorporaci\u00f3n de metodolog\u00edas activas y participativas, apostando por nuevas formas de trabajo y de organizaci\u00f3n que den respuestas al proceso de cambio que vivimos y est\u00e1n regulados por las <b><a href=\"http:\/\/www.juntadeandalucia.es\/educacion\/webportal\/web\/planes-y-programas\/novedades\/-\/contenidos\/detalle\/instrucciones-de-30-de-junio-de-2014-de-la-secretaria-general-de-educacion-sobre-programas-3\" target=\"_blank\" rel=\"noopener noreferrer\">Instrucciones de 30 de junio de 2014 de la Secretar\u00eda General de Educaci\u00f3n <\/a><\/b>y por\u00a0las <strong><a href=\"http:\/\/www.juntadeandalucia.es\/educacion\/webportal\/web\/planes-y-programas\/novedades\/-\/contenidos\/detalle\/instrucciones-de-15-de-julio-de-2015-complementarias-a-las-instrucciones-de-30-de-junio-de-2014\" target=\"_blank\" rel=\"noopener noreferrer\">Instrucciones Complementarias de 15 de julio de 2015 de la Secretar\u00eda General de Educaci\u00f3n\u00a0<\/a><a href=\"http:\/\/www.juntadeandalucia.es\/educacion\/webportal\/web\/planes-y-programas\/novedades\/-\/contenidos\/detalle\/instrucciones-de-15-de-julio-de-2015-complementarias-a-las-instrucciones-de-30-de-junio-de-2014\"> y Formaci\u00f3n Profesional <\/a><\/strong>y convocados por la <strong><a href=\"https:\/\/www.juntadeandalucia.es\/educacion\/portals\/web\/ced\/novedades\/-\/novedades\/detalle\/ep332ikUb0dM\/resolucion-de-31-de-agosto-de-2022-de-la-direccion-general-de-tecnologias-avanzadas-y-transformacion-educativa-por-la\">Resoluci\u00f3n de 31 de agosto de 2022.<\/a><\/strong><\/p>","_et_gb_content_width":"","ngg_post_thumbnail":0,"footnotes":""},"aioseo_notices":[],"_links":{"self":[{"href":"https:\/\/blogsaverroes.juntadeandalucia.es\/manuelandujar\/wp-json\/wp\/v2\/pages\/2124"}],"collection":[{"href":"https:\/\/blogsaverroes.juntadeandalucia.es\/manuelandujar\/wp-json\/wp\/v2\/pages"}],"about":[{"href":"https:\/\/blogsaverroes.juntadeandalucia.es\/manuelandujar\/wp-json\/wp\/v2\/types\/page"}],"author":[{"embeddable":true,"href":"https:\/\/blogsaverroes.juntadeandalucia.es\/manuelandujar\/wp-json\/wp\/v2\/users\/7782"}],"replies":[{"embeddable":true,"href":"https:\/\/blogsaverroes.juntadeandalucia.es\/manuelandujar\/wp-json\/wp\/v2\/comments?post=2124"}],"version-history":[{"count":30,"href":"https:\/\/blogsaverroes.juntadeandalucia.es\/manuelandujar\/wp-json\/wp\/v2\/pages\/2124\/revisions"}],"predecessor-version":[{"id":2859,"href":"https:\/\/blogsaverroes.juntadeandalucia.es\/manuelandujar\/wp-json\/wp\/v2\/pages\/2124\/revisions\/2859"}],"wp:featuredmedia":[{"embeddable":true,"href":"https:\/\/blogsaverroes.juntadeandalucia.es\/manuelandujar\/wp-json\/wp\/v2\/media\/2788"}],"wp:attachment":[{"href":"https:\/\/blogsaverroes.juntadeandalucia.es\/manuelandujar\/wp-json\/wp\/v2\/media?parent=2124"}],"curies":[{"name":"wp","href":"https:\/\/api.w.org\/{rel}","templated":true}]}}