{"id":2295,"date":"2023-05-25T21:53:14","date_gmt":"2023-05-25T19:53:14","guid":{"rendered":"https:\/\/blogsaverroes.juntadeandalucia.es\/manuelandujar\/?page_id=2295"},"modified":"2025-08-30T21:09:15","modified_gmt":"2025-08-30T19:09:15","slug":"proa-plus-transformate","status":"publish","type":"page","link":"https:\/\/blogsaverroes.juntadeandalucia.es\/manuelandujar\/proa-plus-transformate\/","title":{"rendered":"PROA + Transf\u00f3rmate"},"content":{"rendered":"<p>[et_pb_section fb_built=&#8221;1&#8243; _builder_version=&#8221;4.16&#8243; custom_padding=&#8221;0px||0px|&#8221; z_index_tablet=&#8221;500&#8243; box_shadow_horizontal_tablet=&#8221;0px&#8221; box_shadow_vertical_tablet=&#8221;0px&#8221; box_shadow_blur_tablet=&#8221;40px&#8221; box_shadow_spread_tablet=&#8221;0px&#8221; global_colors_info=&#8221;{}&#8221;][et_pb_row _builder_version=&#8221;4.16&#8243; background_size=&#8221;initial&#8221; background_position=&#8221;top_left&#8221; background_repeat=&#8221;repeat&#8221; global_colors_info=&#8221;{}&#8221;][et_pb_column type=&#8221;4_4&#8243; _builder_version=&#8221;4.16&#8243; custom_padding=&#8221;|||&#8221; global_colors_info=&#8221;{}&#8221; custom_padding__hover=&#8221;|||&#8221;][et_pb_image src=&#8221;https:\/\/blogsaverroes.juntadeandalucia.es\/manuelandujar\/files\/2025\/08\/transformate_cole.jpeg&#8221; title_text=&#8221;transformate_cole&#8221; admin_label=&#8221;Imagen de la portada&#8221; _builder_version=&#8221;4.24.2&#8243; z_index_tablet=&#8221;500&#8243; box_shadow_horizontal_tablet=&#8221;0px&#8221; box_shadow_vertical_tablet=&#8221;0px&#8221; box_shadow_blur_tablet=&#8221;40px&#8221; box_shadow_spread_tablet=&#8221;0px&#8221; global_colors_info=&#8221;{}&#8221;][\/et_pb_image][et_pb_text admin_label=&#8221;Texto descriptivo&#8221; _builder_version=&#8221;4.24.2&#8243; hover_enabled=&#8221;0&#8243; z_index_tablet=&#8221;500&#8243; text_text_shadow_horizontal_length_tablet=&#8221;0px&#8221; text_text_shadow_vertical_length_tablet=&#8221;0px&#8221; text_text_shadow_blur_strength_tablet=&#8221;1px&#8221; link_text_shadow_horizontal_length_tablet=&#8221;0px&#8221; link_text_shadow_vertical_length_tablet=&#8221;0px&#8221; link_text_shadow_blur_strength_tablet=&#8221;1px&#8221; ul_text_shadow_horizontal_length_tablet=&#8221;0px&#8221; ul_text_shadow_vertical_length_tablet=&#8221;0px&#8221; ul_text_shadow_blur_strength_tablet=&#8221;1px&#8221; ol_text_shadow_horizontal_length_tablet=&#8221;0px&#8221; ol_text_shadow_vertical_length_tablet=&#8221;0px&#8221; ol_text_shadow_blur_strength_tablet=&#8221;1px&#8221; quote_text_shadow_horizontal_length_tablet=&#8221;0px&#8221; quote_text_shadow_vertical_length_tablet=&#8221;0px&#8221; quote_text_shadow_blur_strength_tablet=&#8221;1px&#8221; header_text_shadow_horizontal_length_tablet=&#8221;0px&#8221; header_text_shadow_vertical_length_tablet=&#8221;0px&#8221; header_text_shadow_blur_strength_tablet=&#8221;1px&#8221; header_2_text_shadow_horizontal_length_tablet=&#8221;0px&#8221; header_2_text_shadow_vertical_length_tablet=&#8221;0px&#8221; header_2_text_shadow_blur_strength_tablet=&#8221;1px&#8221; header_3_text_shadow_horizontal_length_tablet=&#8221;0px&#8221; header_3_text_shadow_vertical_length_tablet=&#8221;0px&#8221; header_3_text_shadow_blur_strength_tablet=&#8221;1px&#8221; header_4_text_shadow_horizontal_length_tablet=&#8221;0px&#8221; header_4_text_shadow_vertical_length_tablet=&#8221;0px&#8221; header_4_text_shadow_blur_strength_tablet=&#8221;1px&#8221; header_5_text_shadow_horizontal_length_tablet=&#8221;0px&#8221; header_5_text_shadow_vertical_length_tablet=&#8221;0px&#8221; header_5_text_shadow_blur_strength_tablet=&#8221;1px&#8221; header_6_text_shadow_horizontal_length_tablet=&#8221;0px&#8221; header_6_text_shadow_vertical_length_tablet=&#8221;0px&#8221; header_6_text_shadow_blur_strength_tablet=&#8221;1px&#8221; box_shadow_horizontal_tablet=&#8221;0px&#8221; box_shadow_vertical_tablet=&#8221;0px&#8221; box_shadow_blur_tablet=&#8221;40px&#8221; box_shadow_spread_tablet=&#8221;0px&#8221; global_colors_info=&#8221;{}&#8221; sticky_enabled=&#8221;0&#8243;]<\/p>\n<h2><span style=\"color: #000000;font-family: arial, helvetica, sans-serif\"><strong>Programa Proa Plus Transf\u00f3rmate<\/strong><\/span><\/h2>\n<hr \/>\n<h1>&nbsp;<\/h1>\n<h1><img loading=\"lazy\" decoding=\"async\" class=\"wp-image-3203 aligncenter size-medium\" src=\"https:\/\/blogsaverroes.juntadeandalucia.es\/manuelandujar\/files\/2025\/08\/transformate_cole-300x202.jpeg\" alt=\"\" width=\"300\" height=\"202\" \/><\/h1>\n<p>&nbsp;<\/p>\n<h1><img loading=\"lazy\" decoding=\"async\" class=\"wp-image-3189 size-medium alignright\" src=\"https:\/\/blogsaverroes.juntadeandalucia.es\/manuelandujar\/files\/2025\/08\/Carteleria_FSE_2021-27_Prioridad_3_PT_PROA_Refuerzo_Estival-212x300.jpg\" alt=\"\" width=\"212\" height=\"300\" \/><\/h1>\n<h1 class=\"the-title\"><span style=\"color: #000000\"><strong><span style=\"font-family: arial, helvetica, sans-serif;font-size: 14pt\">\u00bfQu\u00e9 es: PROA+ \u201cTransf\u00f3rmate\u201d?<\/span><\/strong><\/span><\/h1>\n<h1 style=\"text-align: justify\"><span style=\"color: #000000;font-family: arial, helvetica, sans-serif;font-size: 14pt\">El Programa para la orientaci\u00f3n, avance y enriquecimiento educativo <\/span><a style=\"color: #000000\" href=\"https:\/\/www.juntadeandalucia.es\/educacion\/portals\/web\/ced\/novedades\/-\/contenidos\/detalle\/resolucion-de-18-de-noviembre-2021-de-la-direccion-general-de-atencion-a-la-diversidad-participacion-y-convivencia\" target=\"_blank\" rel=\"noreferrer noopener\">Proa+ \u201cTransf\u00f3rmate\u201d<\/a><span style=\"color: #000000;font-family: arial, helvetica, sans-serif;font-size: 14pt\">, se presenta como mecanismo de ayuda financiera, fortalecimiento institucional y formativo a los centros, para apoyar y reforzar sus actuaciones durante el per\u00edodo 2021-2024 y 2025\/2029.<\/span><\/h1>\n<div class=\"single-post-content cf\" style=\"text-align: justify\">\n<p><span style=\"font-family: arial, helvetica, sans-serif;font-size: 14pt;color: #000000\">Dicho Programa, tiene como objetivo mejorar los \u00edndices de \u00e9xito escolar y garantizar la permanencia del alumnado en aquellos centros p\u00fablicos de Educaci\u00f3n Primaria y Secundaria en los que se concentre un porcentaje elevado de j\u00f3venes en clara situaci\u00f3n de vulnerabilidad socioeducativa.<\/span><\/p>\n<h3 class=\"wp-block-heading\"><strong><span style=\"font-family: arial, helvetica, sans-serif;font-size: 14pt;color: #000000\">\u00bfQu\u00e9 se entiende por alumnado vulnerable?<\/span><\/strong><\/h3>\n<p><span style=\"font-family: arial, helvetica, sans-serif;font-size: 14pt;color: #000000\">Aquel que presente necesidades escolares (clima familiar propicio, brecha digital, material escolar, etc.), Necesidades asistenciales (alimentaci\u00f3n, vivienda y suministros b\u00e1sicos, etc.), Necesidades socioeducativas (actividades complementarias, extraescolares, etc.), Necesidades educativas especiales, altas capacidades, dificultades espec\u00edficas de aprendizaje, incorporaci\u00f3n tard\u00eda al Sistema Educativo y dificultades para el aprendizaje por necesidades no cubiertas. Todas ellas barreras que condicionan las posibilidades de \u00e9xito educativo del alumnado.<\/span><\/p>\n<h3 class=\"wp-block-heading\"><span style=\"font-family: arial, helvetica, sans-serif;font-size: 14pt;color: #000000\"><strong>Principios pedag\u00f3gicos y l\u00edneas estrat\u00e9gicas.<\/strong><\/span><\/h3>\n<p><span style=\"font-family: arial, helvetica, sans-serif;font-size: 14pt;color: #000000\">Se consideran, como n\u00facleo fundamental del Programa, los siguientes principios pedag\u00f3gicos:<\/span><\/p>\n<p><span style=\"font-family: arial, helvetica, sans-serif;font-size: 14pt;color: #000000\">a) La equidad, que garantiza la igualdad de oportunidades dentro de los centros.<\/span><\/p>\n<p><span style=\"font-family: arial, helvetica, sans-serif;font-size: 14pt;color: #000000\">b) La educaci\u00f3n inclusiva.<\/span><\/p>\n<p><span style=\"font-family: arial, helvetica, sans-serif;font-size: 14pt;color: #000000\">c) Las expectativas positivas sobre las posibilidades de \u00e9xito de todo el alumnado.<\/span><\/p>\n<p><span style=\"font-family: arial, helvetica, sans-serif;font-size: 14pt;color: #000000\">d) El acompa\u00f1amiento, la prevenci\u00f3n y la detecci\u00f3n temprana de las dificultades de aprendizaje, y la<\/span><\/p>\n<p><span style=\"font-family: arial, helvetica, sans-serif;font-size: 14pt;color: #000000\">puesta en marcha de mecanismos de refuerzo.<\/span><\/p>\n<p><span style=\"font-family: arial, helvetica, sans-serif;font-size: 14pt;color: #000000\">e) La especial atenci\u00f3n al desarrollo del \u00e1mbito socio-afectivo del alumnado.<\/span><\/p>\n<p><span style=\"font-family: arial, helvetica, sans-serif;font-size: 14pt;color: #000000\">f) El uso del conocimiento acumulado para la mejora continua del proceso de ense\u00f1anza-aprendizaje.<\/span><\/p>\n<h3 class=\"wp-block-heading\"><span style=\"font-family: arial, helvetica, sans-serif;font-size: 14pt;color: #000000\"><strong><em>Objetivos<\/em><\/strong><\/span><\/h3>\n<p><span style=\"font-family: arial, helvetica, sans-serif;font-size: 14pt;color: #000000\">El objetivo general es fortalecer a los centros docentes p\u00fablicos con mayor porcentaje de alumnado en situaci\u00f3n de vulnerabilidad socioeducativa. Para lograrlo es necesario crear una cultura que busque el \u00e9xito y la permanencia en el Sistema Educativo de todo el alumnado.<\/span><\/p>\n<p><span style=\"font-family: arial, helvetica, sans-serif;font-size: 14pt;color: #000000\">Busca Incrementar los resultados escolares de aprendizajes cognitivos y socioemocionales.<\/span><\/p>\n<p><span style=\"font-family: arial, helvetica, sans-serif;font-size: 14pt;color: #000000\">Reducir el n\u00famero de alumnado que repite curso.<\/span><\/p>\n<p><span style=\"font-family: arial, helvetica, sans-serif;font-size: 14pt;color: #000000\">Disminuir el n\u00famero de alumnado que presenta dificultades para el aprendizaje.<\/span><\/p>\n<p><span style=\"font-family: arial, helvetica, sans-serif;font-size: 14pt;color: #000000\">Bajar el absentismo escolar, mejorando las fases del proceso de aprendizaje.<\/span><\/p>\n<p><span style=\"font-family: arial, helvetica, sans-serif;font-size: 14pt;color: #000000\">Aplicar estrategias y actividades palanca que faciliten los objetivos y actitudes en el centro.<\/span><\/p>\n<h3 class=\"wp-block-heading\"><span style=\"font-family: arial, helvetica, sans-serif;font-size: 14pt;color: #000000\"><strong><em>Actividades palanca<\/em><\/strong><\/span><\/h3>\n<p><span style=\"font-family: arial, helvetica, sans-serif;font-size: 14pt;color: #000000\">La Consejer\u00eda de Educaci\u00f3n pondr\u00e1 a disposici\u00f3n de los centros participantes en el Programa un cat\u00e1logo de actividades palanca. Ser\u00e1n las herramientas que contribuyan a la conseguir los objetivos del Programa y al desarrollo de sus l\u00edneas estrat\u00e9gicas.<\/span><\/p>\n<p><span style=\"font-family: arial, helvetica, sans-serif;font-size: 14pt;color: #000000\">Dentro del Cat\u00e1logo de Actividades Palanca, destacamos algunas de ellas como:<\/span><\/p>\n<ul style=\"list-style-type: square\">\n<li class=\"wp-block-heading\"><span style=\"font-family: arial, helvetica, sans-serif;font-size: 14pt;color: #000000\"><strong>Actividades de refuerzo para la mejora y \u00e9xito educativo para alumnado. <\/strong>Desarrollo de competencias b\u00e1sicas que generen autonom\u00eda y autoestima en el alumnado. Se trabajar\u00e1n aprendizajes como las habilidades y competencias relacionadas con la organizaci\u00f3n, la planificaci\u00f3n, la toma de decisiones y los h\u00e1bitos de trabajo y las habilidades de relaci\u00f3n social, entre iguales y con profesorado.<\/span><\/li>\n<\/ul>\n<p>&nbsp;<\/p>\n<p><span style=\"font-family: arial, helvetica, sans-serif;font-size: 14pt;color: #000000\">En nuestro centro, gracias a este programa, hemos contado desde el curso 2021\/2022 hasta el curso 2023\/2024 con un recurso de pedagog\u00eda terap\u00e9utica (PT)&nbsp; y desde el curso 2021\/2022 de una dotaci\u00f3n de recursos econ\u00f3micos adicionales para el desarrollo del Programa.<\/span><\/p>\n<p>&nbsp;<\/p>\n<\/div>\n<p style=\"text-align: center\"><a href=\"https:\/\/drive.google.com\/file\/d\/140T7njVeChQafD43R_6yXq9aIq-HHtIW\/view?usp=drive_link\" target=\"_blank\" rel=\"noopener\"><strong><span style=\"font-size: 14pt\">PEM (PLAN ESTRAT\u00c9GICO DE MEJORA)<\/span><\/strong><\/a><\/p>\n<p style=\"text-align: center\"><iframe loading=\"lazy\" src=\"https:\/\/drive.google.com\/file\/d\/140T7njVeChQafD43R_6yXq9aIq-HHtIW\/preview\" width=\"640\" height=\"480\"><\/iframe><\/p>\n<p>&nbsp;<\/p>\n<p style=\"text-align: justify\"><span style=\"font-family: arial, helvetica, sans-serif;font-size: 18pt;color: #000000\">CUESTIONARIOS DE ESCUELA INCLUSIVA<\/span><\/p>\n<ul>\n<li style=\"text-align: justify\">CUESTIONARIOS FAMILIAS<\/li>\n<li style=\"text-align: justify\">CUESTIONARIOS ALUMNADO<\/li>\n<\/ul>\n<div class=\"single-post-content cf\">\n<hr \/>\n<p><img loading=\"lazy\" decoding=\"async\" class=\"aligncenter wp-image-3223 size-full\" src=\"https:\/\/blogsaverroes.juntadeandalucia.es\/manuelandujar\/files\/2025\/08\/encabez_logos_fse_21_27_actualizadofeb25_copia.png\" alt=\"\" width=\"2000\" height=\"126\" srcset=\"https:\/\/blogsaverroes.juntadeandalucia.es\/manuelandujar\/files\/2025\/08\/encabez_logos_fse_21_27_actualizadofeb25_copia.png 2000w, https:\/\/blogsaverroes.juntadeandalucia.es\/manuelandujar\/files\/2025\/08\/encabez_logos_fse_21_27_actualizadofeb25_copia-1280x81.png 1280w, https:\/\/blogsaverroes.juntadeandalucia.es\/manuelandujar\/files\/2025\/08\/encabez_logos_fse_21_27_actualizadofeb25_copia-980x62.png 980w, https:\/\/blogsaverroes.juntadeandalucia.es\/manuelandujar\/files\/2025\/08\/encabez_logos_fse_21_27_actualizadofeb25_copia-480x30.png 480w\" sizes=\"(min-width: 0px) and (max-width: 480px) 480px, (min-width: 481px) and (max-width: 980px) 980px, (min-width: 981px) and (max-width: 1280px) 1280px, (min-width: 1281px) 2000px, 100vw\" \/><\/p>\n<\/div>\n<div class=\"single-post-content cf\">\n<p><img loading=\"lazy\" decoding=\"async\" class=\"aligncenter wp-image-3189 size-large\" src=\"https:\/\/blogsaverroes.juntadeandalucia.es\/manuelandujar\/files\/2025\/08\/Carteleria_FSE_2021-27_Prioridad_3_PT_PROA_Refuerzo_Estival-724x1024.jpg\" alt=\"\" width=\"724\" height=\"1024\" \/><\/p>\n<\/div>\n<p>[\/et_pb_text][\/et_pb_column][\/et_pb_row][\/et_pb_section]<\/p>\n","protected":false},"excerpt":{"rendered":"<p>Programa Proa Plus Transf\u00f3rmate &nbsp; &nbsp; \u00bfQu\u00e9 es: PROA+ \u201cTransf\u00f3rmate\u201d? El Programa para la orientaci\u00f3n, avance y enriquecimiento educativo Proa+ \u201cTransf\u00f3rmate\u201d, se presenta como mecanismo de ayuda financiera, fortalecimiento institucional y formativo a los centros, para apoyar y reforzar sus actuaciones durante el per\u00edodo 2021-2024 y 2025\/2029. Dicho Programa, tiene como objetivo mejorar los \u00edndices [&hellip;]<\/p>\n","protected":false},"author":7782,"featured_media":0,"parent":0,"menu_order":0,"comment_status":"closed","ping_status":"closed","template":"","meta":{"_et_pb_use_builder":"on","_et_pb_old_content":"","_et_gb_content_width":"","ngg_post_thumbnail":0,"footnotes":""},"aioseo_notices":[],"_links":{"self":[{"href":"https:\/\/blogsaverroes.juntadeandalucia.es\/manuelandujar\/wp-json\/wp\/v2\/pages\/2295"}],"collection":[{"href":"https:\/\/blogsaverroes.juntadeandalucia.es\/manuelandujar\/wp-json\/wp\/v2\/pages"}],"about":[{"href":"https:\/\/blogsaverroes.juntadeandalucia.es\/manuelandujar\/wp-json\/wp\/v2\/types\/page"}],"author":[{"embeddable":true,"href":"https:\/\/blogsaverroes.juntadeandalucia.es\/manuelandujar\/wp-json\/wp\/v2\/users\/7782"}],"replies":[{"embeddable":true,"href":"https:\/\/blogsaverroes.juntadeandalucia.es\/manuelandujar\/wp-json\/wp\/v2\/comments?post=2295"}],"version-history":[{"count":17,"href":"https:\/\/blogsaverroes.juntadeandalucia.es\/manuelandujar\/wp-json\/wp\/v2\/pages\/2295\/revisions"}],"predecessor-version":[{"id":3249,"href":"https:\/\/blogsaverroes.juntadeandalucia.es\/manuelandujar\/wp-json\/wp\/v2\/pages\/2295\/revisions\/3249"}],"wp:attachment":[{"href":"https:\/\/blogsaverroes.juntadeandalucia.es\/manuelandujar\/wp-json\/wp\/v2\/media?parent=2295"}],"curies":[{"name":"wp","href":"https:\/\/api.w.org\/{rel}","templated":true}]}}