{"id":2447,"date":"2024-02-25T13:48:32","date_gmt":"2024-02-25T12:48:32","guid":{"rendered":"https:\/\/blogsaverroes.juntadeandalucia.es\/manuelandujar\/?page_id=2447"},"modified":"2024-11-03T15:14:29","modified_gmt":"2024-11-03T14:14:29","slug":"centro-bilingue","status":"publish","type":"page","link":"https:\/\/blogsaverroes.juntadeandalucia.es\/manuelandujar\/centro-bilingue\/","title":{"rendered":"Centro Biling\u00fce"},"content":{"rendered":"<p>[et_pb_section fb_built=&#8221;1&#8243; _builder_version=&#8221;4.16&#8243; custom_padding=&#8221;0px||0px|&#8221; z_index_tablet=&#8221;500&#8243; box_shadow_horizontal_tablet=&#8221;0px&#8221; box_shadow_vertical_tablet=&#8221;0px&#8221; box_shadow_blur_tablet=&#8221;40px&#8221; box_shadow_spread_tablet=&#8221;0px&#8221; global_colors_info=&#8221;{}&#8221;][et_pb_row _builder_version=&#8221;4.16&#8243; background_size=&#8221;initial&#8221; background_position=&#8221;top_left&#8221; background_repeat=&#8221;repeat&#8221; global_colors_info=&#8221;{}&#8221;][et_pb_column type=&#8221;4_4&#8243; _builder_version=&#8221;4.16&#8243; custom_padding=&#8221;|||&#8221; global_colors_info=&#8221;{}&#8221; custom_padding__hover=&#8221;|||&#8221;][et_pb_image src=&#8221;https:\/\/blogsaverroes.juntadeandalucia.es\/manuelandujar\/files\/2024\/02\/bilingue-150&#215;150.jpg&#8221; title_text=&#8221;bilingue&#8221; admin_label=&#8221;Imagen de la portada&#8221; _builder_version=&#8221;4.24.2&#8243; hover_enabled=&#8221;0&#8243; z_index_tablet=&#8221;500&#8243; box_shadow_horizontal_tablet=&#8221;0px&#8221; box_shadow_vertical_tablet=&#8221;0px&#8221; box_shadow_blur_tablet=&#8221;40px&#8221; box_shadow_spread_tablet=&#8221;0px&#8221; global_colors_info=&#8221;{}&#8221; sticky_enabled=&#8221;0&#8243;][\/et_pb_image][et_pb_text admin_label=&#8221;Texto descriptivo&#8221; _builder_version=&#8221;4.24.2&#8243; z_index_tablet=&#8221;500&#8243; text_text_shadow_horizontal_length_tablet=&#8221;0px&#8221; text_text_shadow_vertical_length_tablet=&#8221;0px&#8221; text_text_shadow_blur_strength_tablet=&#8221;1px&#8221; link_text_shadow_horizontal_length_tablet=&#8221;0px&#8221; link_text_shadow_vertical_length_tablet=&#8221;0px&#8221; link_text_shadow_blur_strength_tablet=&#8221;1px&#8221; ul_text_shadow_horizontal_length_tablet=&#8221;0px&#8221; ul_text_shadow_vertical_length_tablet=&#8221;0px&#8221; ul_text_shadow_blur_strength_tablet=&#8221;1px&#8221; ol_text_shadow_horizontal_length_tablet=&#8221;0px&#8221; ol_text_shadow_vertical_length_tablet=&#8221;0px&#8221; ol_text_shadow_blur_strength_tablet=&#8221;1px&#8221; quote_text_shadow_horizontal_length_tablet=&#8221;0px&#8221; quote_text_shadow_vertical_length_tablet=&#8221;0px&#8221; quote_text_shadow_blur_strength_tablet=&#8221;1px&#8221; header_text_shadow_horizontal_length_tablet=&#8221;0px&#8221; header_text_shadow_vertical_length_tablet=&#8221;0px&#8221; header_text_shadow_blur_strength_tablet=&#8221;1px&#8221; header_2_text_shadow_horizontal_length_tablet=&#8221;0px&#8221; header_2_text_shadow_vertical_length_tablet=&#8221;0px&#8221; header_2_text_shadow_blur_strength_tablet=&#8221;1px&#8221; header_3_text_shadow_horizontal_length_tablet=&#8221;0px&#8221; header_3_text_shadow_vertical_length_tablet=&#8221;0px&#8221; header_3_text_shadow_blur_strength_tablet=&#8221;1px&#8221; header_4_text_shadow_horizontal_length_tablet=&#8221;0px&#8221; header_4_text_shadow_vertical_length_tablet=&#8221;0px&#8221; header_4_text_shadow_blur_strength_tablet=&#8221;1px&#8221; header_5_text_shadow_horizontal_length_tablet=&#8221;0px&#8221; header_5_text_shadow_vertical_length_tablet=&#8221;0px&#8221; header_5_text_shadow_blur_strength_tablet=&#8221;1px&#8221; header_6_text_shadow_horizontal_length_tablet=&#8221;0px&#8221; header_6_text_shadow_vertical_length_tablet=&#8221;0px&#8221; header_6_text_shadow_blur_strength_tablet=&#8221;1px&#8221; box_shadow_horizontal_tablet=&#8221;0px&#8221; box_shadow_vertical_tablet=&#8221;0px&#8221; box_shadow_blur_tablet=&#8221;40px&#8221; box_shadow_spread_tablet=&#8221;0px&#8221; global_colors_info=&#8221;{}&#8221;]<\/p>\n<h2><span style=\"color: #000000\"><strong>Centro Biling\u00fce (Ingl\u00e9s)<\/strong><\/span><\/h2>\n<hr \/>\n<p>&nbsp;<\/p>\n<p style=\"text-align: justify\"><span style=\"font-size: 12pt;color: #000000\">La implantaci\u00f3n del pluriling\u00fcismo tiene como objetivo la mejora paulatina de la competencia ling\u00fc\u00edstica, tanto de la lengua castellana, patrimonio del que gozamos como hablantes, como de, al menos, una lengua extranjera. El aprendizaje de idiomas es uno de los m\u00e1s importantes objetivos en nuestro sistema educativo, y la ense\u00f1anza biling\u00fce es, no la \u00fanica, pero s\u00ed una muy importante para la adquisici\u00f3n de la competencia ling\u00fc\u00edstica entre nuestro alumnado.<\/span><\/p>\n<p style=\"text-align: justify\"><span style=\"font-size: 12pt;color: #000000\">Nuestro Centro forma parte de la Red de Centros Biling\u00fces desde el curso 2023\/2024.<\/span><\/p>\n<p>&nbsp;<\/p>\n<p><span style=\"font-size: 12pt;color: #000000\"><strong>AUTORIZACI\u00d3N COMO NUEVO CENTRO BILING\u00dcE A PARTIR DEL CURSO 2023\/2024:<\/strong><\/span><\/p>\n<p><a href=\"https:\/\/www.juntadeandalucia.es\/boja\/2023\/49\/BOJA23-049-00004-4554-01_00279621.pdf\" target=\"_blank\" rel=\"noopener noreferrer\">Orden de 8 de marzo de 2023, por la que se autorizan nuevos centros biling\u00fces p\u00fablicos para el curso 2023\/24, se autorizan como pluriling\u00fces determinados centros biling\u00fces, se ampl\u00eda la ense\u00f1anza biling\u00fce a nuevas etapas educativas en centros anteriormente autorizados como biling\u00fces y se aprueban nuevos ciclos biling\u00fces de Formaci\u00f3n Profesional en la Comunidad Aut\u00f3noma de Andaluc\u00eda.<\/a><\/p>\n<p style=\"text-align: center\"><iframe loading=\"lazy\" src=\"https:\/\/drive.google.com\/file\/d\/1mPX-2DC7nrl2FRBT8nDIri24weP7m9o5\/preview\" width=\"640\" height=\"480\"><\/iframe><\/p>\n<p style=\"text-align: center\"><span style=\"font-size: 14pt\"><a href=\"https:\/\/blogsaverroes.juntadeandalucia.es\/plurilinguismodelegacionjaen\/\" target=\"_blank\" rel=\"noopener noreferrer\">PORTAL DE PLURILING\u00dcISMO DE JA\u00c9N<\/a><\/span><\/p>\n<p style=\"text-align: center\"><a href=\"https:\/\/www.juntadeandalucia.es\/educacion\/portales\/web\/programas-educativos-internacionales\" target=\"_blank\" rel=\"noopener\"><span style=\"font-size: 18pt\">PORTAL DE <\/span><span style=\"font-size: 18pt\">PLURILING\u00dcISMO<\/span><\/a><\/p>\n<p style=\"text-align: center\"><img loading=\"lazy\" decoding=\"async\" class=\"wp-image-2634 aligncenter size-medium\" src=\"https:\/\/blogsaverroes.juntadeandalucia.es\/manuelandujar\/files\/2024\/05\/programas_educativos_internacionales-300x81.png\" alt=\"\" width=\"300\" height=\"81\" \/><\/p>\n<p>&nbsp;<\/p>\n<p><img loading=\"lazy\" decoding=\"async\" class=\"aligncenter wp-image-2443 size-full\" src=\"https:\/\/blogsaverroes.juntadeandalucia.es\/manuelandujar\/files\/2024\/02\/placa_-bilingue.jpg\" alt=\"\" width=\"414\" height=\"414\" srcset=\"https:\/\/blogsaverroes.juntadeandalucia.es\/manuelandujar\/files\/2024\/02\/placa_-bilingue.jpg 414w, https:\/\/blogsaverroes.juntadeandalucia.es\/manuelandujar\/files\/2024\/02\/placa_-bilingue-300x300.jpg 300w, https:\/\/blogsaverroes.juntadeandalucia.es\/manuelandujar\/files\/2024\/02\/placa_-bilingue-150x150.jpg 150w\" sizes=\"(max-width: 414px) 100vw, 414px\" \/><\/p>\n<p>[\/et_pb_text][\/et_pb_column][\/et_pb_row][\/et_pb_section]<\/p>\n","protected":false},"excerpt":{"rendered":"<p>Centro Biling\u00fce (Ingl\u00e9s) &nbsp; La implantaci\u00f3n del pluriling\u00fcismo tiene como objetivo la mejora paulatina de la competencia ling\u00fc\u00edstica, tanto de la lengua castellana, patrimonio del que gozamos como hablantes, como de, al menos, una lengua extranjera. El aprendizaje de idiomas es uno de los m\u00e1s importantes objetivos en nuestro sistema educativo, y la ense\u00f1anza biling\u00fce [&hellip;]<\/p>\n","protected":false},"author":7782,"featured_media":2266,"parent":0,"menu_order":0,"comment_status":"closed","ping_status":"closed","template":"","meta":{"_et_pb_use_builder":"on","_et_pb_old_content":"<h2><span style=\"color: #000000;\"><strong>Programa Biling\u00fce<\/strong><\/span><\/h2><hr><p><span style=\"font-size: 18pt; color: #000000;\"><strong>Curso 2023\/2024<\/strong><\/span><\/p><p><span style=\"font-size: 12pt; color: #000000;\"><strong>AUTORIZACI\u00d3N COMO NUEVO CENTRO BILING\u00dcE:<\/strong><\/span><\/p><p><a href=\"https:\/\/www.juntadeandalucia.es\/boja\/2023\/49\/BOJA23-049-00004-4554-01_00279621.pdf\" target=\"_blank\" rel=\"noopener noreferrer\">Orden de 8 de marzo de 2023, por la que se autorizan nuevos centros biling\u00fces p\u00fablicos para el curso 2023\/24, se autorizan como pluriling\u00fces determinados centros biling\u00fces, se ampl\u00eda la ense\u00f1anza biling\u00fce a nuevas etapas educativas en centros anteriormente autorizados como biling\u00fces y se aprueban nuevos ciclos biling\u00fces de Formaci\u00f3n Profesional en la Comunidad Aut\u00f3noma de Andaluc\u00eda.<\/a><\/p><p style=\"text-align: center;\"><iframe src=\"https:\/\/drive.google.com\/file\/d\/1mPX-2DC7nrl2FRBT8nDIri24weP7m9o5\/preview\" width=\"640\" height=\"480\"><\/iframe><\/p><p style=\"text-align: center;\"><span style=\"font-size: 14pt;\"><a href=\"https:\/\/blogsaverroes.juntadeandalucia.es\/plurilinguismodelegacionjaen\/\" target=\"_blank\" rel=\"noopener noreferrer\">PORTAL DE PLURILING\u00dcISMO DE JA\u00c9N<\/a><\/span><\/p><p style=\"text-align: center;\"><a href=\"https:\/\/www.juntadeandalucia.es\/educacion\/portals\/web\/plurilinguismo\/inicio\" target=\"_blank\" rel=\"noopener noreferrer\"><span style=\"font-size: 18pt;\">PORTAL DE PLURILING\u00dcISMO<\/span><\/a><\/p><p><img class=\"wp-image-2239 size-medium aligncenter\" src=\"https:\/\/blogsaverroes.juntadeandalucia.es\/manuelandujar\/files\/2023\/03\/plurilinguismo-300x291.jpg\" alt=\"\" width=\"300\" height=\"291\"><\/p><p><img class=\"aligncenter wp-image-2443 size-full\" src=\"https:\/\/blogsaverroes.juntadeandalucia.es\/manuelandujar\/files\/2024\/02\/placa_-bilingue.jpg\" alt=\"\" width=\"414\" height=\"414\"><\/p>","_et_gb_content_width":"","ngg_post_thumbnail":0,"footnotes":""},"aioseo_notices":[],"_links":{"self":[{"href":"https:\/\/blogsaverroes.juntadeandalucia.es\/manuelandujar\/wp-json\/wp\/v2\/pages\/2447"}],"collection":[{"href":"https:\/\/blogsaverroes.juntadeandalucia.es\/manuelandujar\/wp-json\/wp\/v2\/pages"}],"about":[{"href":"https:\/\/blogsaverroes.juntadeandalucia.es\/manuelandujar\/wp-json\/wp\/v2\/types\/page"}],"author":[{"embeddable":true,"href":"https:\/\/blogsaverroes.juntadeandalucia.es\/manuelandujar\/wp-json\/wp\/v2\/users\/7782"}],"replies":[{"embeddable":true,"href":"https:\/\/blogsaverroes.juntadeandalucia.es\/manuelandujar\/wp-json\/wp\/v2\/comments?post=2447"}],"version-history":[{"count":8,"href":"https:\/\/blogsaverroes.juntadeandalucia.es\/manuelandujar\/wp-json\/wp\/v2\/pages\/2447\/revisions"}],"predecessor-version":[{"id":2869,"href":"https:\/\/blogsaverroes.juntadeandalucia.es\/manuelandujar\/wp-json\/wp\/v2\/pages\/2447\/revisions\/2869"}],"wp:featuredmedia":[{"embeddable":true,"href":"https:\/\/blogsaverroes.juntadeandalucia.es\/manuelandujar\/wp-json\/wp\/v2\/media\/2266"}],"wp:attachment":[{"href":"https:\/\/blogsaverroes.juntadeandalucia.es\/manuelandujar\/wp-json\/wp\/v2\/media?parent=2447"}],"curies":[{"name":"wp","href":"https:\/\/api.w.org\/{rel}","templated":true}]}}