{"id":2593,"date":"2024-02-25T23:50:45","date_gmt":"2024-02-25T22:50:45","guid":{"rendered":"https:\/\/blogsaverroes.juntadeandalucia.es\/manuelandujar\/?page_id=2593"},"modified":"2024-02-26T00:07:30","modified_gmt":"2024-02-25T23:07:30","slug":"escuelas-visuales-3","status":"publish","type":"page","link":"https:\/\/blogsaverroes.juntadeandalucia.es\/manuelandujar\/escuelas-visuales-3\/","title":{"rendered":"Escuelas Visuales"},"content":{"rendered":"<p>[et_pb_section fb_built=&#8221;1&#8243; _builder_version=&#8221;3.23.3&#8243; custom_padding=&#8221;0px||0px|&#8221; z_index_tablet=&#8221;500&#8243; box_shadow_horizontal_tablet=&#8221;0px&#8221; box_shadow_vertical_tablet=&#8221;0px&#8221; box_shadow_blur_tablet=&#8221;40px&#8221; box_shadow_spread_tablet=&#8221;0px&#8221; global_colors_info=&#8221;{}&#8221;][et_pb_row _builder_version=&#8221;3.25&#8243; background_size=&#8221;initial&#8221; background_position=&#8221;top_left&#8221; background_repeat=&#8221;repeat&#8221; global_colors_info=&#8221;{}&#8221;][et_pb_column type=&#8221;4_4&#8243; _builder_version=&#8221;3.25&#8243; custom_padding=&#8221;|||&#8221; global_colors_info=&#8221;{}&#8221; custom_padding__hover=&#8221;|||&#8221;][et_pb_image src=&#8221;https:\/\/blogsaverroes.juntadeandalucia.es\/manuelandujar\/files\/2024\/02\/descarga-1.jpeg&#8221; title_text=&#8221;descarga (1)&#8221; admin_label=&#8221;Imagen de la portada&#8221; _builder_version=&#8221;4.14.5&#8243; z_index_tablet=&#8221;500&#8243; box_shadow_horizontal_tablet=&#8221;0px&#8221; box_shadow_vertical_tablet=&#8221;0px&#8221; box_shadow_blur_tablet=&#8221;40px&#8221; box_shadow_spread_tablet=&#8221;0px&#8221; global_colors_info=&#8221;{}&#8221;][\/et_pb_image][et_pb_text admin_label=&#8221;Texto descriptivo&#8221; _builder_version=&#8221;4.14.5&#8243; z_index_tablet=&#8221;500&#8243; text_text_shadow_horizontal_length_tablet=&#8221;0px&#8221; text_text_shadow_vertical_length_tablet=&#8221;0px&#8221; text_text_shadow_blur_strength_tablet=&#8221;1px&#8221; link_text_shadow_horizontal_length_tablet=&#8221;0px&#8221; link_text_shadow_vertical_length_tablet=&#8221;0px&#8221; link_text_shadow_blur_strength_tablet=&#8221;1px&#8221; ul_text_shadow_horizontal_length_tablet=&#8221;0px&#8221; ul_text_shadow_vertical_length_tablet=&#8221;0px&#8221; ul_text_shadow_blur_strength_tablet=&#8221;1px&#8221; ol_text_shadow_horizontal_length_tablet=&#8221;0px&#8221; ol_text_shadow_vertical_length_tablet=&#8221;0px&#8221; ol_text_shadow_blur_strength_tablet=&#8221;1px&#8221; quote_text_shadow_horizontal_length_tablet=&#8221;0px&#8221; quote_text_shadow_vertical_length_tablet=&#8221;0px&#8221; quote_text_shadow_blur_strength_tablet=&#8221;1px&#8221; header_text_shadow_horizontal_length_tablet=&#8221;0px&#8221; header_text_shadow_vertical_length_tablet=&#8221;0px&#8221; header_text_shadow_blur_strength_tablet=&#8221;1px&#8221; header_2_text_shadow_horizontal_length_tablet=&#8221;0px&#8221; header_2_text_shadow_vertical_length_tablet=&#8221;0px&#8221; header_2_text_shadow_blur_strength_tablet=&#8221;1px&#8221; header_3_text_shadow_horizontal_length_tablet=&#8221;0px&#8221; header_3_text_shadow_vertical_length_tablet=&#8221;0px&#8221; header_3_text_shadow_blur_strength_tablet=&#8221;1px&#8221; header_4_text_shadow_horizontal_length_tablet=&#8221;0px&#8221; header_4_text_shadow_vertical_length_tablet=&#8221;0px&#8221; header_4_text_shadow_blur_strength_tablet=&#8221;1px&#8221; header_5_text_shadow_horizontal_length_tablet=&#8221;0px&#8221; header_5_text_shadow_vertical_length_tablet=&#8221;0px&#8221; header_5_text_shadow_blur_strength_tablet=&#8221;1px&#8221; header_6_text_shadow_horizontal_length_tablet=&#8221;0px&#8221; header_6_text_shadow_vertical_length_tablet=&#8221;0px&#8221; header_6_text_shadow_blur_strength_tablet=&#8221;1px&#8221; box_shadow_horizontal_tablet=&#8221;0px&#8221; box_shadow_vertical_tablet=&#8221;0px&#8221; box_shadow_blur_tablet=&#8221;40px&#8221; box_shadow_spread_tablet=&#8221;0px&#8221; global_colors_info=&#8221;{}&#8221;]<\/p>\n<h2><span style=\"color: #000000;font-family: arial, helvetica, sans-serif\"><strong>Programa Escuelas Visuales<\/strong><\/span><\/h2>\n<hr \/>\n<h1 class=\"#(className) s-text-font-size-over-40 h1Tag\"><span style=\"font-family: arial, helvetica, sans-serif;font-size: 14pt;color: #000000\">Nuestro colegio ha sido seleccionado durante el curso escolar 2023\/2024 para formar parte del Programa Escuelas Visuales.<\/span><\/h1>\n<h1 class=\"the-title\"><span style=\"color: #000000;font-size: 14pt;font-family: arial, helvetica, sans-serif\"><strong>\u00bfQu\u00e9 es: Programa Escuelas Visuales\u201d?<\/strong><\/span><\/h1>\n<h1 class=\"#(className) s-text-font-size-over-40 h1Tag\"><span style=\"font-family: arial, helvetica, sans-serif;font-size: 14pt;color: #000000\">Programa de acompa\u00f1amiento a centros educativos en&nbsp;<\/span><span style=\"font-family: arial, helvetica, sans-serif;font-size: 14pt;color: #000000\">su transformaci\u00f3n en Escuelas Visuales para crear una escuela inclusiva a trav\u00e9s de herramientas visuales.<\/span><\/h1>\n<div class=\"single-post-content cf\">\n<div class=\"field field--name-field-planes-normativa field--type-entity-reference-revisions field--label-hidden field__items\">\n<div class=\"block block-layout-builder block-field-blocknodeplanes-y-programasfield-planes-sistema-evaluacion\">\n<div class=\"content\">\n<div class=\"field field--name-field-planes-sistema-evaluacion field--type-text-long field--label-above\">\n<div class=\"s-section s-new-media-section s-feature-list-section s-columns-section list-layout-C css-1534kbt s-no-bg s-bg-dark s-bg-light-text s-new-mobile-layout _animate-background background-image transition lazyloaded\" data-react-style=\"{&quot;backgroundColor&quot;:&quot;#ff822e&quot;}\">\n<div class=\"container\">\n<div class=\"s-mh    s-repeatable\">\n<div class=\"s-section-item-wrapper\">\n<div class=\"third columns no-float s-repeatable-item\" data-sorting-index=\"0\">\n<div class=\"clearfix\">\n<div class=\"\">\n<div class=\"s-item-media-wrapper s-mhi \">\n<div class=\"s-item-media-group\">\n<div class=\"s-component s-media s-animation-page-slide_in\">\n<div class=\"s-component-content\">\n<div class=\"s-img-wrapper\">\n<div class=\"s-ratio-box\">\n<div class=\"s-ratio-fill\"><strong><span style=\"font-family: arial, helvetica, sans-serif;font-size: 14pt;color: #000000\">Herramientas visuales<\/span><\/strong><\/div>\n<ul>\n<li><span style=\"font-family: arial, helvetica, sans-serif;font-size: 14pt;color: #000000\">Se\u00f1alizaci\u00f3n<\/span><\/li>\n<li><span style=\"font-family: arial, helvetica, sans-serif;font-size: 14pt;color: #000000\">Horarios Visuales<\/span><\/li>\n<li><span style=\"font-family: arial, helvetica, sans-serif;font-size: 14pt;color: #000000\">Secuencias<\/span><\/li>\n<li><span style=\"font-family: arial, helvetica, sans-serif;font-size: 14pt;color: #000000\">Historias Sociales<\/span><\/li>\n<li><span style=\"font-family: arial, helvetica, sans-serif;font-size: 14pt;color: #000000\">Cuentos con pictogramas<\/span><\/li>\n<li><span style=\"font-family: arial, helvetica, sans-serif;font-size: 14pt;color: #000000\">Visual Thinking<\/span><\/li>\n<li><span style=\"font-family: arial, helvetica, sans-serif;font-size: 14pt;color: #000000\">Mapas Visuales<\/span><\/li>\n<\/ul>\n<p>&nbsp;<\/p>\n<p><img loading=\"lazy\" decoding=\"async\" class=\"aligncenter wp-image-2378 size-full\" src=\"https:\/\/blogsaverroes.juntadeandalucia.es\/manuelandujar\/files\/2024\/02\/Cartel-Escuelas-visuales.png\" alt=\"\" width=\"940\" height=\"788\" srcset=\"https:\/\/blogsaverroes.juntadeandalucia.es\/manuelandujar\/files\/2024\/02\/Cartel-Escuelas-visuales.png 940w, https:\/\/blogsaverroes.juntadeandalucia.es\/manuelandujar\/files\/2024\/02\/Cartel-Escuelas-visuales-480x402.png 480w\" sizes=\"(min-width: 0px) and (max-width: 480px) 480px, (min-width: 481px) 940px, 100vw\" \/><\/p>\n<\/div>\n<\/div>\n<\/div>\n<\/div>\n<\/div>\n<\/div>\n<div class=\"\">\n<div class=\"s-item-text-group s-animation-page-slide_in\">\n<div class=\"s-item-title\">\n<div class=\"s-component s-text\">\n<div class=\"\">\n<div class=\"s-component-content s-font-heading\">&nbsp;<\/div>\n<\/div>\n<\/div>\n<\/div>\n<\/div>\n<\/div>\n<\/div>\n<\/div>\n<\/div>\n<div class=\"third columns no-float s-repeatable-item s-last-row\" data-sorting-index=\"6\">\n<div class=\"clearfix\">\n<div class=\"\">\n<div class=\"\">\n<div class=\"s-item-text-group s-animation-page-slide_in\">\n<div class=\"s-item-text\">\n<div class=\"s-component s-text\">\n<div class=\"\">\n<div class=\"s-component-content s-font-body\">&nbsp;<\/div>\n<\/div>\n<\/div>\n<\/div>\n<\/div>\n<\/div>\n<\/div>\n<\/div>\n<\/div>\n<\/div>\n<\/div>\n<\/div>\n<\/div>\n<\/div>\n<\/div>\n<\/div>\n<\/div>\n<\/div>\n<p>[\/et_pb_text][\/et_pb_column][\/et_pb_row][\/et_pb_section]<\/p>\n","protected":false},"excerpt":{"rendered":"<p>Programa Escuelas Visuales Nuestro colegio ha sido seleccionado durante el curso escolar 2023\/2024 para formar parte del Programa Escuelas Visuales. \u00bfQu\u00e9 es: Programa Escuelas Visuales\u201d? Programa de acompa\u00f1amiento a centros educativos en&nbsp;su transformaci\u00f3n en Escuelas Visuales para crear una escuela inclusiva a trav\u00e9s de herramientas visuales. Herramientas visuales Se\u00f1alizaci\u00f3n Horarios Visuales Secuencias Historias Sociales Cuentos [&hellip;]<\/p>\n","protected":false},"author":7782,"featured_media":0,"parent":0,"menu_order":0,"comment_status":"closed","ping_status":"closed","template":"","meta":{"_et_pb_use_builder":"on","_et_pb_old_content":"","_et_gb_content_width":"","ngg_post_thumbnail":0,"footnotes":""},"aioseo_notices":[],"_links":{"self":[{"href":"https:\/\/blogsaverroes.juntadeandalucia.es\/manuelandujar\/wp-json\/wp\/v2\/pages\/2593"}],"collection":[{"href":"https:\/\/blogsaverroes.juntadeandalucia.es\/manuelandujar\/wp-json\/wp\/v2\/pages"}],"about":[{"href":"https:\/\/blogsaverroes.juntadeandalucia.es\/manuelandujar\/wp-json\/wp\/v2\/types\/page"}],"author":[{"embeddable":true,"href":"https:\/\/blogsaverroes.juntadeandalucia.es\/manuelandujar\/wp-json\/wp\/v2\/users\/7782"}],"replies":[{"embeddable":true,"href":"https:\/\/blogsaverroes.juntadeandalucia.es\/manuelandujar\/wp-json\/wp\/v2\/comments?post=2593"}],"version-history":[{"count":8,"href":"https:\/\/blogsaverroes.juntadeandalucia.es\/manuelandujar\/wp-json\/wp\/v2\/pages\/2593\/revisions"}],"predecessor-version":[{"id":2607,"href":"https:\/\/blogsaverroes.juntadeandalucia.es\/manuelandujar\/wp-json\/wp\/v2\/pages\/2593\/revisions\/2607"}],"wp:attachment":[{"href":"https:\/\/blogsaverroes.juntadeandalucia.es\/manuelandujar\/wp-json\/wp\/v2\/media?parent=2593"}],"curies":[{"name":"wp","href":"https:\/\/api.w.org\/{rel}","templated":true}]}}