{"id":2671,"date":"2024-05-28T22:30:52","date_gmt":"2024-05-28T20:30:52","guid":{"rendered":"https:\/\/blogsaverroes.juntadeandalucia.es\/manuelandujar\/?page_id=2671"},"modified":"2025-08-30T20:23:16","modified_gmt":"2025-08-30T18:23:16","slug":"plan-igualdad","status":"publish","type":"page","link":"https:\/\/blogsaverroes.juntadeandalucia.es\/manuelandujar\/plan-igualdad\/","title":{"rendered":"Plan de Igualdad"},"content":{"rendered":"<p>[et_pb_section fb_built=&#8221;1&#8243; _builder_version=&#8221;4.16&#8243; custom_padding=&#8221;0px||0px|&#8221; z_index_tablet=&#8221;500&#8243; box_shadow_horizontal_tablet=&#8221;0px&#8221; box_shadow_vertical_tablet=&#8221;0px&#8221; box_shadow_blur_tablet=&#8221;40px&#8221; box_shadow_spread_tablet=&#8221;0px&#8221; global_colors_info=&#8221;{}&#8221;][et_pb_row _builder_version=&#8221;4.16&#8243; background_size=&#8221;initial&#8221; background_position=&#8221;top_left&#8221; background_repeat=&#8221;repeat&#8221; global_colors_info=&#8221;{}&#8221;][et_pb_column type=&#8221;4_4&#8243; _builder_version=&#8221;4.16&#8243; custom_padding=&#8221;|||&#8221; global_colors_info=&#8221;{}&#8221; custom_padding__hover=&#8221;|||&#8221;][et_pb_image src=&#8221;https:\/\/blogsaverroes.juntadeandalucia.es\/manuelandujar\/files\/2024\/05\/layout_set_logo.jpg&#8221; title_text=&#8221;layout_set_logo&#8221; url=&#8221;https:\/\/www.juntadeandalucia.es\/educacion\/portals\/web\/igualdad&#8221; url_new_window=&#8221;on&#8221; admin_label=&#8221;Imagen de la portada&#8221; _builder_version=&#8221;4.24.2&#8243; z_index_tablet=&#8221;500&#8243; box_shadow_horizontal_tablet=&#8221;0px&#8221; box_shadow_vertical_tablet=&#8221;0px&#8221; box_shadow_blur_tablet=&#8221;40px&#8221; box_shadow_spread_tablet=&#8221;0px&#8221; global_colors_info=&#8221;{}&#8221;][\/et_pb_image][et_pb_text admin_label=&#8221;Texto descriptivo&#8221; _builder_version=&#8221;4.24.2&#8243; hover_enabled=&#8221;0&#8243; z_index_tablet=&#8221;500&#8243; text_text_shadow_horizontal_length_tablet=&#8221;0px&#8221; text_text_shadow_vertical_length_tablet=&#8221;0px&#8221; text_text_shadow_blur_strength_tablet=&#8221;1px&#8221; link_text_shadow_horizontal_length_tablet=&#8221;0px&#8221; link_text_shadow_vertical_length_tablet=&#8221;0px&#8221; link_text_shadow_blur_strength_tablet=&#8221;1px&#8221; ul_text_shadow_horizontal_length_tablet=&#8221;0px&#8221; ul_text_shadow_vertical_length_tablet=&#8221;0px&#8221; ul_text_shadow_blur_strength_tablet=&#8221;1px&#8221; ol_text_shadow_horizontal_length_tablet=&#8221;0px&#8221; ol_text_shadow_vertical_length_tablet=&#8221;0px&#8221; ol_text_shadow_blur_strength_tablet=&#8221;1px&#8221; quote_text_shadow_horizontal_length_tablet=&#8221;0px&#8221; quote_text_shadow_vertical_length_tablet=&#8221;0px&#8221; quote_text_shadow_blur_strength_tablet=&#8221;1px&#8221; header_text_shadow_horizontal_length_tablet=&#8221;0px&#8221; header_text_shadow_vertical_length_tablet=&#8221;0px&#8221; header_text_shadow_blur_strength_tablet=&#8221;1px&#8221; header_2_text_shadow_horizontal_length_tablet=&#8221;0px&#8221; header_2_text_shadow_vertical_length_tablet=&#8221;0px&#8221; header_2_text_shadow_blur_strength_tablet=&#8221;1px&#8221; header_3_text_shadow_horizontal_length_tablet=&#8221;0px&#8221; header_3_text_shadow_vertical_length_tablet=&#8221;0px&#8221; header_3_text_shadow_blur_strength_tablet=&#8221;1px&#8221; header_4_text_shadow_horizontal_length_tablet=&#8221;0px&#8221; header_4_text_shadow_vertical_length_tablet=&#8221;0px&#8221; header_4_text_shadow_blur_strength_tablet=&#8221;1px&#8221; header_5_text_shadow_horizontal_length_tablet=&#8221;0px&#8221; header_5_text_shadow_vertical_length_tablet=&#8221;0px&#8221; header_5_text_shadow_blur_strength_tablet=&#8221;1px&#8221; header_6_text_shadow_horizontal_length_tablet=&#8221;0px&#8221; header_6_text_shadow_vertical_length_tablet=&#8221;0px&#8221; header_6_text_shadow_blur_strength_tablet=&#8221;1px&#8221; box_shadow_horizontal_tablet=&#8221;0px&#8221; box_shadow_vertical_tablet=&#8221;0px&#8221; box_shadow_blur_tablet=&#8221;40px&#8221; box_shadow_spread_tablet=&#8221;0px&#8221; global_colors_info=&#8221;{}&#8221; sticky_enabled=&#8221;0&#8243;]<\/p>\n<h2><strong>Plan de Igualdad<\/strong><\/h2>\n<hr \/>\n<p><span style=\"font-size: 14pt\"><strong>Curso 2025\/2026<\/strong><\/span><\/p>\n<p style=\"text-align: justify\"><strong><span style=\"font-size: 14pt\">Coordinadora:&nbsp;<\/span><\/strong><\/p>\n<p style=\"text-align: center\"><a href=\"https:\/\/drive.google.com\/file\/d\/1AI-n1fHxjN0zbFlJLBUd2NYrpqsRODk6\/view?usp=sharing\" target=\"_blank\" rel=\"noopener\"><span style=\"font-family: arial, helvetica, sans-serif;font-size: 14pt\">PLAN DE IGUALDAD 2024\/2025<\/span><\/a><\/p>\n<p style=\"text-align: center\"><iframe loading=\"lazy\" src=\"https:\/\/drive.google.com\/file\/d\/1AI-n1fHxjN0zbFlJLBUd2NYrpqsRODk6\/preview\" width=\"640\" height=\"480\"><\/iframe><\/p>\n<p style=\"text-align: center\"><a href=\"https:\/\/drive.google.com\/file\/d\/1jj6TVHYdlaLDBwEsF5h_8vMyY2zt7fjA\/view?usp=drive_link\" target=\"_blank\" rel=\"noopener\"><span style=\"font-size: 14pt\">PLAN DE IGUALDAD 2023\/2024<\/span><\/a><\/p>\n<p style=\"text-align: center\"><iframe loading=\"lazy\" src=\"https:\/\/drive.google.com\/file\/d\/1jj6TVHYdlaLDBwEsF5h_8vMyY2zt7fjA\/preview\" width=\"640\" height=\"480\"><\/iframe><\/p>\n<hr \/>\n<p style=\"text-align: center\"><a href=\"https:\/\/www.juntadeandalucia.es\/educacion\/portals\/web\/igualdad\/inicio\" target=\"_blank\" rel=\"noopener noreferrer\"><span style=\"font-size: 14pt\"><strong>PORTAL DE IGUALDAD<\/strong><\/span><\/a><\/p>\n<hr \/>\n<p style=\"text-align: center\"><a href=\"https:\/\/www.juntadeandalucia.es\/educacion\/portals\/web\/igualdad\/plan-igualdad\/normativa\" target=\"_blank\" rel=\"noopener\"><span style=\"font-size: 14pt\"><strong>NORMATIVA<\/strong><\/span><\/a><\/p>\n<p><strong style=\"text-align: justify;font-size: 14pt\">ACTIVIDADES<\/strong><\/p>\n<ul>\n<li><span style=\"font-size: 14pt\">20N: D\u00eda del Pijama.<\/span><\/li>\n<li><span style=\"font-size: 14pt\">25N: Acto conjunto en colaboraci\u00f3n con el centro de la mujer de la localidad y lectura de los manifiestos de Tercer Ciclo. Trabajamos Pepuka y el monstruo que se llev\u00f3 su sonrisa.<\/span><\/li>\n<li><span style=\"font-size: 14pt\">11F: talleres de cient\u00edficas y experimentos por la UJA y el parque de las ciencias.<\/span><\/li>\n<li><span style=\"font-size: 14pt\">15F: recaudaci\u00f3n p\u00eddeme la luna.<\/span><\/li>\n<li><span style=\"font-size: 14pt\">8M: concurso de manualidades, casa de la igualdad, carreras reivindicativas.<\/span><\/li>\n<li><span style=\"font-size: 14pt\">15MAYO: Un pu\u00f1ado de botones y talleres cient\u00edficos.<\/span><\/li>\n<li><span style=\"font-size: 14pt\">Apadrinamiento lector en Igualdad.<\/span><\/li>\n<\/ul>\n<p>&nbsp;<\/p>\n<p style=\"text-align: justify\"><span style=\"font-size: 14pt\">El Plan de Igualdad ha estado relacionado en todo momento con el <a href=\"https:\/\/blogsaverroes.juntadeandalucia.es\/manuelandujar\/pacto-de-estado\/\" target=\"_blank\" rel=\"noopener\">Programa de Prevenci\u00f3n de Violencia de G\u00e9nero<\/a> ya que, gracias a sus fondos se han podido realizar distintas actividades y actuaciones dirigidas a toda la comunidad educativa.<\/span><\/p>\n<p>&nbsp;<\/p>\n<p style=\"text-align: center\"><a href=\"https:\/\/youtu.be\/79sJBE89zUM?si=5SRT-xCncOAKWeqr\" target=\"_blank\" rel=\"noopener\"><span style=\"font-size: 14pt\">D\u00cdA DE LOS DERECHOS DE LA INFANCIA 20N 2023<\/span><\/a><\/p>\n<p style=\"text-align: center\"><iframe loading=\"lazy\" src=\"https:\/\/www.youtube.com\/embed\/79sJBE89zUM?si=gDLnQs_PDgRp7xwR\" width=\"420\" height=\"315\" frameborder=\"0\"><\/iframe><\/p>\n<p style=\"text-align: center\"><a href=\"https:\/\/youtu.be\/4QiFD2x8ISc?si=S6lbYk2OJa5Ttnjb\" target=\"_blank\" rel=\"noopener\"><span style=\"font-size: 14pt\">CELEBRACI\u00d3N D\u00cdA INTERNACIONAL DE LA ELIMINACI\u00d3N DE LA LA VIOLENCIA CONTRA LA MUJER 25N 2023<\/span><\/a><\/p>\n<p style=\"text-align: center\"><iframe loading=\"lazy\" src=\"https:\/\/www.youtube.com\/embed\/4QiFD2x8ISc?si=YS0_07ErBEePZItq\" width=\"420\" height=\"315\" frameborder=\"0\"><\/iframe><\/p>\n<p style=\"text-align: center\"><a href=\"https:\/\/youtu.be\/STkKw0GIYLE?si=p4y2C7UD7y7mXe7Z\" target=\"_blank\" rel=\"noopener\"><span style=\"font-size: 14pt\">CELEBRACI\u00d3N 8 M 2024<\/span><\/a><\/p>\n<p style=\"text-align: center\"><iframe loading=\"lazy\" src=\"https:\/\/www.youtube.com\/embed\/STkKw0GIYLE?si=ATx5e32XI3VoepnJ\" width=\"420\" height=\"315\" frameborder=\"0\"><\/iframe><\/p>\n<p>&nbsp;<\/p>\n<hr \/>\n<p>&nbsp;<\/p>\n<ul>\n<li><span style=\"font-size: 14pt\">Videoclip &#8220;Puerta violeta&#8221;, de Rozalem. (Dirigido por el maestro Luismi)<\/span><\/li>\n<\/ul>\n<p style=\"text-align: center\"><iframe loading=\"lazy\" src=\"https:\/\/www.youtube.com\/embed\/NTC2Hm2DHv0\" width=\"420\" height=\"315\" frameborder=\"0\"><\/iframe><\/p>\n<ul>\n<li><span style=\"font-size: 14pt\">Videoclip &#8220;Mujer de las Mil Batallas. (Dirigido por el maestro Juanfra)<\/span><\/li>\n<\/ul>\n<p style=\"text-align: center\"><iframe loading=\"lazy\" src=\"https:\/\/www.youtube.com\/embed\/j6Ir1uy7tgg\" width=\"420\" height=\"315\" frameborder=\"0\"><\/iframe><\/p>\n<p>&nbsp;<\/p>\n<p>&nbsp;<\/p>\n<p>&nbsp;<\/p>\n<p>[\/et_pb_text][\/et_pb_column][\/et_pb_row][\/et_pb_section]<\/p>\n","protected":false},"excerpt":{"rendered":"<p>Plan de Igualdad Curso 2025\/2026 Coordinadora:&nbsp; PLAN DE IGUALDAD 2024\/2025 PLAN DE IGUALDAD 2023\/2024 PORTAL DE IGUALDAD NORMATIVA ACTIVIDADES 20N: D\u00eda del Pijama. 25N: Acto conjunto en colaboraci\u00f3n con el centro de la mujer de la localidad y lectura de los manifiestos de Tercer Ciclo. Trabajamos Pepuka y el monstruo que se llev\u00f3 su sonrisa. [&hellip;]<\/p>\n","protected":false},"author":7782,"featured_media":0,"parent":0,"menu_order":0,"comment_status":"closed","ping_status":"closed","template":"","meta":{"_et_pb_use_builder":"on","_et_pb_old_content":"","_et_gb_content_width":"","ngg_post_thumbnail":0,"footnotes":""},"aioseo_notices":[],"_links":{"self":[{"href":"https:\/\/blogsaverroes.juntadeandalucia.es\/manuelandujar\/wp-json\/wp\/v2\/pages\/2671"}],"collection":[{"href":"https:\/\/blogsaverroes.juntadeandalucia.es\/manuelandujar\/wp-json\/wp\/v2\/pages"}],"about":[{"href":"https:\/\/blogsaverroes.juntadeandalucia.es\/manuelandujar\/wp-json\/wp\/v2\/types\/page"}],"author":[{"embeddable":true,"href":"https:\/\/blogsaverroes.juntadeandalucia.es\/manuelandujar\/wp-json\/wp\/v2\/users\/7782"}],"replies":[{"embeddable":true,"href":"https:\/\/blogsaverroes.juntadeandalucia.es\/manuelandujar\/wp-json\/wp\/v2\/comments?post=2671"}],"version-history":[{"count":6,"href":"https:\/\/blogsaverroes.juntadeandalucia.es\/manuelandujar\/wp-json\/wp\/v2\/pages\/2671\/revisions"}],"predecessor-version":[{"id":3214,"href":"https:\/\/blogsaverroes.juntadeandalucia.es\/manuelandujar\/wp-json\/wp\/v2\/pages\/2671\/revisions\/3214"}],"wp:attachment":[{"href":"https:\/\/blogsaverroes.juntadeandalucia.es\/manuelandujar\/wp-json\/wp\/v2\/media?parent=2671"}],"curies":[{"name":"wp","href":"https:\/\/api.w.org\/{rel}","templated":true}]}}