{"id":2809,"date":"2024-11-03T14:11:12","date_gmt":"2024-11-03T13:11:12","guid":{"rendered":"https:\/\/blogsaverroes.juntadeandalucia.es\/manuelandujar\/?page_id=2809"},"modified":"2025-02-23T21:41:12","modified_gmt":"2025-02-23T20:41:12","slug":"plan-de-centro","status":"publish","type":"page","link":"https:\/\/blogsaverroes.juntadeandalucia.es\/manuelandujar\/plan-de-centro\/","title":{"rendered":"Plan de Centro"},"content":{"rendered":"<p>[et_pb_section fb_built=&#8221;1&#8243; _builder_version=&#8221;4.16&#8243; global_colors_info=&#8221;{}&#8221;][et_pb_row _builder_version=&#8221;4.16&#8243; background_size=&#8221;initial&#8221; background_position=&#8221;top_left&#8221; background_repeat=&#8221;repeat&#8221; global_colors_info=&#8221;{}&#8221;][et_pb_column type=&#8221;4_4&#8243; _builder_version=&#8221;4.16&#8243; custom_padding=&#8221;|||&#8221; global_colors_info=&#8221;{}&#8221; custom_padding__hover=&#8221;|||&#8221;][et_pb_image src=&#8221;https:\/\/blogsaverroes.juntadeandalucia.es\/manuelandujar\/files\/2020\/02\/elcentro.png&#8221; title_text=&#8221;elcentro&#8221; admin_label=&#8221;Imagen de la portada&#8221; _builder_version=&#8221;4.16&#8243; z_index_tablet=&#8221;500&#8243; box_shadow_horizontal_tablet=&#8221;0px&#8221; box_shadow_vertical_tablet=&#8221;0px&#8221; box_shadow_blur_tablet=&#8221;40px&#8221; box_shadow_spread_tablet=&#8221;0px&#8221; global_colors_info=&#8221;{}&#8221;][\/et_pb_image][et_pb_text admin_label=&#8221;Texto descriptivo&#8221; _builder_version=&#8221;4.24.2&#8243; hover_enabled=&#8221;0&#8243; z_index_tablet=&#8221;500&#8243; text_text_shadow_horizontal_length_tablet=&#8221;0px&#8221; text_text_shadow_vertical_length_tablet=&#8221;0px&#8221; text_text_shadow_blur_strength_tablet=&#8221;1px&#8221; link_text_shadow_horizontal_length_tablet=&#8221;0px&#8221; link_text_shadow_vertical_length_tablet=&#8221;0px&#8221; link_text_shadow_blur_strength_tablet=&#8221;1px&#8221; ul_text_shadow_horizontal_length_tablet=&#8221;0px&#8221; ul_text_shadow_vertical_length_tablet=&#8221;0px&#8221; ul_text_shadow_blur_strength_tablet=&#8221;1px&#8221; ol_text_shadow_horizontal_length_tablet=&#8221;0px&#8221; ol_text_shadow_vertical_length_tablet=&#8221;0px&#8221; ol_text_shadow_blur_strength_tablet=&#8221;1px&#8221; quote_text_shadow_horizontal_length_tablet=&#8221;0px&#8221; quote_text_shadow_vertical_length_tablet=&#8221;0px&#8221; quote_text_shadow_blur_strength_tablet=&#8221;1px&#8221; header_text_shadow_horizontal_length_tablet=&#8221;0px&#8221; header_text_shadow_vertical_length_tablet=&#8221;0px&#8221; header_text_shadow_blur_strength_tablet=&#8221;1px&#8221; header_2_text_shadow_horizontal_length_tablet=&#8221;0px&#8221; header_2_text_shadow_vertical_length_tablet=&#8221;0px&#8221; header_2_text_shadow_blur_strength_tablet=&#8221;1px&#8221; header_3_text_shadow_horizontal_length_tablet=&#8221;0px&#8221; header_3_text_shadow_vertical_length_tablet=&#8221;0px&#8221; header_3_text_shadow_blur_strength_tablet=&#8221;1px&#8221; header_4_text_shadow_horizontal_length_tablet=&#8221;0px&#8221; header_4_text_shadow_vertical_length_tablet=&#8221;0px&#8221; header_4_text_shadow_blur_strength_tablet=&#8221;1px&#8221; header_5_text_shadow_horizontal_length_tablet=&#8221;0px&#8221; header_5_text_shadow_vertical_length_tablet=&#8221;0px&#8221; header_5_text_shadow_blur_strength_tablet=&#8221;1px&#8221; header_6_text_shadow_horizontal_length_tablet=&#8221;0px&#8221; header_6_text_shadow_vertical_length_tablet=&#8221;0px&#8221; header_6_text_shadow_blur_strength_tablet=&#8221;1px&#8221; box_shadow_horizontal_tablet=&#8221;0px&#8221; box_shadow_vertical_tablet=&#8221;0px&#8221; box_shadow_blur_tablet=&#8221;40px&#8221; box_shadow_spread_tablet=&#8221;0px&#8221; global_colors_info=&#8221;{}&#8221; sticky_enabled=&#8221;0&#8243;]<\/p>\n<h2><span style=\"font-family: arial, helvetica, sans-serif;font-size: 18pt;color: #333333\"><strong>Plan de Centro<\/strong><\/span><\/h2>\n<p style=\"text-align: justify\"><span style=\"color: #333333;font-family: arial, helvetica, sans-serif;font-size: 14pt;text-align: justify\">Ajust\u00e1ndose a lo estipulado en la normativa correspondiente al Reglamento de Organizaci\u00f3n de Centros de Educaci\u00f3n Infantil y Primaria, se hace p\u00fablico nuestro Plan de Centro.<\/span><\/p>\n<p class=\"zfr3Q CDt4Ke \" dir=\"ltr\" style=\"text-align: justify\"><span class=\"C9DxTc \" style=\"font-size: 14pt;color: #333333;font-family: arial, helvetica, sans-serif\">El Plan de Centro del CEIP Manuel And\u00fajar de La Carolina est\u00e1 formado por los siguientes documentos prescriptivos:<\/span><\/p>\n<ul style=\"text-align: justify\">\n<li><a title=\"Proyecto Educativo\" href=\"https:\/\/blogsaverroes.juntadeandalucia.es\/manuelandujar\/proyecto-educativo\/\" target=\"_blank\" rel=\"noopener\"><span class=\"C9DxTc \" style=\"font-size: 14pt;color: #333333;font-family: arial, helvetica, sans-serif\">Proyecto Educativo.<\/span><\/a><\/li>\n<li><a title=\"Reglamento de Organizaci\u00f3n y Funcionamiento (ROF)\" href=\"https:\/\/blogsaverroes.juntadeandalucia.es\/manuelandujar\/reglamento-de-organizacion-y-funcionamiento-rof\/\" target=\"_blank\" rel=\"noopener\"><span style=\"font-family: arial, helvetica, sans-serif;font-size: 14pt;color: #333333\"><span class=\"C9DxTc \">R<\/span><span class=\"C9DxTc \">eglamento de Organizaci\u00f3n y Funcionamiento (ROF).<\/span><\/span><\/a><\/li>\n<li><a title=\"Proyecto de Gesti\u00f3n\" href=\"https:\/\/blogsaverroes.juntadeandalucia.es\/manuelandujar\/proyecto-de-gestion\/\" target=\"_blank\" rel=\"noopener\"><span class=\"C9DxTc \" style=\"font-size: 14pt;color: #333333;font-family: arial, helvetica, sans-serif\">Proyecto de Gesti\u00f3n.<\/span><\/a><\/li>\n<\/ul>\n<p dir=\"ltr\">&nbsp;<\/p>\n<p style=\"text-align: justify\"><span class=\"C9DxTc \" style=\"font-size: 14pt;color: #333333;font-family: arial, helvetica, sans-serif\">El <a title=\"Proyecto Educativo\" href=\"https:\/\/blogsaverroes.juntadeandalucia.es\/manuelandujar\/proyecto-educativo\/\" target=\"_blank\" rel=\"noopener\"><strong>Proyecto Educativo del Centro <\/strong><\/a>recoge los valores, los objetivos, las prioridades y las formas de actuaci\u00f3n. Asimismo, incorpora la concreci\u00f3n del curr\u00edculum establecido por la Administraci\u00f3n educativa fijado y aprobado por el Claustro, as\u00ed como el tratamiento transversal en las \u00e1reas, materias o \u00e1mbitos de la educaci\u00f3n en valores y otras ense\u00f1anzas. Tal Proyecto tiene en cuenta las caracter\u00edsticas del entorno sociocultural del Centro, recoge la forma de atenci\u00f3n a la diversidad del alumnado y la acci\u00f3n tutorial, as\u00ed como el plan de convivencia, respetando el principio de no discriminaci\u00f3n y de inclusi\u00f3n educativa como valores fundamentales, as\u00ed como los principios y objetivos recogidos en la LOMLOE .<\/span><\/p>\n<p style=\"text-align: justify\"><span class=\"C9DxTc \" style=\"font-size: 14pt;color: #333333;font-family: arial, helvetica, sans-serif\">El <a title=\"Reglamento de Organizaci\u00f3n y Funcionamiento (ROF)\" href=\"https:\/\/blogsaverroes.juntadeandalucia.es\/manuelandujar\/reglamento-de-organizacion-y-funcionamiento-rof\/\" target=\"_blank\" rel=\"noopener\"><strong>Reglamento de Organizaci\u00f3n y Funcionamiento (ROF)<\/strong><\/a> recoge las normas organizativas y funcionales que facilitan un clima de trabajo adecuado para que logremos alcanzar los objetivos que nos hemos planteado. Asimismo, permite mantener un ambiente de respeto, confianza y colaboraci\u00f3n entre todos los sectores de la comunidad educativa.<\/span><\/p>\n<p style=\"text-align: justify\"><span class=\"C9DxTc \" style=\"font-size: 14pt;color: #333333;font-family: arial, helvetica, sans-serif\">El <a title=\"Proyecto de Gesti\u00f3n\" href=\"https:\/\/blogsaverroes.juntadeandalucia.es\/manuelandujar\/proyecto-de-gestion\/\" target=\"_blank\" rel=\"noopener\"><strong>Proyecto de Gesti\u00f3n<\/strong><\/a> es el que recoge la ordenaci\u00f3n y utilizaci\u00f3n de los recursos del centro, tanto materiales como humanos.<\/span><\/p>\n<p class=\"zfr3Q CDt4Ke \" dir=\"ltr\" style=\"text-align: justify\">&nbsp;<\/p>\n<p>[\/et_pb_text][\/et_pb_column][\/et_pb_row][\/et_pb_section]<\/p>\n","protected":false},"excerpt":{"rendered":"<p>Plan de Centro Ajust\u00e1ndose a lo estipulado en la normativa correspondiente al Reglamento de Organizaci\u00f3n de Centros de Educaci\u00f3n Infantil y Primaria, se hace p\u00fablico nuestro Plan de Centro. El Plan de Centro del CEIP Manuel And\u00fajar de La Carolina est\u00e1 formado por los siguientes documentos prescriptivos: Proyecto Educativo. Reglamento de Organizaci\u00f3n y Funcionamiento (ROF). [&hellip;]<\/p>\n","protected":false},"author":7782,"featured_media":0,"parent":0,"menu_order":0,"comment_status":"closed","ping_status":"closed","template":"","meta":{"_et_pb_use_builder":"on","_et_pb_old_content":"","_et_gb_content_width":"","ngg_post_thumbnail":0,"footnotes":""},"aioseo_notices":[],"_links":{"self":[{"href":"https:\/\/blogsaverroes.juntadeandalucia.es\/manuelandujar\/wp-json\/wp\/v2\/pages\/2809"}],"collection":[{"href":"https:\/\/blogsaverroes.juntadeandalucia.es\/manuelandujar\/wp-json\/wp\/v2\/pages"}],"about":[{"href":"https:\/\/blogsaverroes.juntadeandalucia.es\/manuelandujar\/wp-json\/wp\/v2\/types\/page"}],"author":[{"embeddable":true,"href":"https:\/\/blogsaverroes.juntadeandalucia.es\/manuelandujar\/wp-json\/wp\/v2\/users\/7782"}],"replies":[{"embeddable":true,"href":"https:\/\/blogsaverroes.juntadeandalucia.es\/manuelandujar\/wp-json\/wp\/v2\/comments?post=2809"}],"version-history":[{"count":19,"href":"https:\/\/blogsaverroes.juntadeandalucia.es\/manuelandujar\/wp-json\/wp\/v2\/pages\/2809\/revisions"}],"predecessor-version":[{"id":3071,"href":"https:\/\/blogsaverroes.juntadeandalucia.es\/manuelandujar\/wp-json\/wp\/v2\/pages\/2809\/revisions\/3071"}],"wp:attachment":[{"href":"https:\/\/blogsaverroes.juntadeandalucia.es\/manuelandujar\/wp-json\/wp\/v2\/media?parent=2809"}],"curies":[{"name":"wp","href":"https:\/\/api.w.org\/{rel}","templated":true}]}}