{"id":2873,"date":"2024-11-03T15:22:34","date_gmt":"2024-11-03T14:22:34","guid":{"rendered":"https:\/\/blogsaverroes.juntadeandalucia.es\/manuelandujar\/?page_id=2873"},"modified":"2024-11-03T15:25:26","modified_gmt":"2024-11-03T14:25:26","slug":"transformacion-digital-educativa","status":"publish","type":"page","link":"https:\/\/blogsaverroes.juntadeandalucia.es\/manuelandujar\/transformacion-digital-educativa\/","title":{"rendered":"TRANSFORMACI\u00d3N DIGITAL EDUCATIVA (#TDE)"},"content":{"rendered":"<p>[et_pb_section fb_built=&#8221;1&#8243; _builder_version=&#8221;4.16&#8243; global_colors_info=&#8221;{}&#8221;][et_pb_row _builder_version=&#8221;4.16&#8243; background_size=&#8221;initial&#8221; background_position=&#8221;top_left&#8221; background_repeat=&#8221;repeat&#8221; global_colors_info=&#8221;{}&#8221;][et_pb_column type=&#8221;4_4&#8243; _builder_version=&#8221;4.16&#8243; custom_padding=&#8221;|||&#8221; global_colors_info=&#8221;{}&#8221; custom_padding__hover=&#8221;|||&#8221;][et_pb_image src=&#8221;https:\/\/blogsaverroes.juntadeandalucia.es\/manuelandujar\/files\/2024\/11\/logo_TDE-150&#215;150.png&#8221; title_text=&#8221;logo_TDE&#8221; admin_label=&#8221;Imagen de la portada&#8221; _builder_version=&#8221;4.24.2&#8243; z_index_tablet=&#8221;500&#8243; box_shadow_horizontal_tablet=&#8221;0px&#8221; box_shadow_vertical_tablet=&#8221;0px&#8221; box_shadow_blur_tablet=&#8221;40px&#8221; box_shadow_spread_tablet=&#8221;0px&#8221; global_colors_info=&#8221;{}&#8221;][\/et_pb_image][et_pb_text admin_label=&#8221;Texto descriptivo&#8221; _builder_version=&#8221;4.24.2&#8243; z_index_tablet=&#8221;500&#8243; text_text_shadow_horizontal_length_tablet=&#8221;0px&#8221; text_text_shadow_vertical_length_tablet=&#8221;0px&#8221; text_text_shadow_blur_strength_tablet=&#8221;1px&#8221; link_text_shadow_horizontal_length_tablet=&#8221;0px&#8221; link_text_shadow_vertical_length_tablet=&#8221;0px&#8221; link_text_shadow_blur_strength_tablet=&#8221;1px&#8221; ul_text_shadow_horizontal_length_tablet=&#8221;0px&#8221; ul_text_shadow_vertical_length_tablet=&#8221;0px&#8221; ul_text_shadow_blur_strength_tablet=&#8221;1px&#8221; ol_text_shadow_horizontal_length_tablet=&#8221;0px&#8221; ol_text_shadow_vertical_length_tablet=&#8221;0px&#8221; ol_text_shadow_blur_strength_tablet=&#8221;1px&#8221; quote_text_shadow_horizontal_length_tablet=&#8221;0px&#8221; quote_text_shadow_vertical_length_tablet=&#8221;0px&#8221; quote_text_shadow_blur_strength_tablet=&#8221;1px&#8221; header_text_shadow_horizontal_length_tablet=&#8221;0px&#8221; header_text_shadow_vertical_length_tablet=&#8221;0px&#8221; header_text_shadow_blur_strength_tablet=&#8221;1px&#8221; header_2_text_shadow_horizontal_length_tablet=&#8221;0px&#8221; header_2_text_shadow_vertical_length_tablet=&#8221;0px&#8221; header_2_text_shadow_blur_strength_tablet=&#8221;1px&#8221; header_3_text_shadow_horizontal_length_tablet=&#8221;0px&#8221; header_3_text_shadow_vertical_length_tablet=&#8221;0px&#8221; header_3_text_shadow_blur_strength_tablet=&#8221;1px&#8221; header_4_text_shadow_horizontal_length_tablet=&#8221;0px&#8221; header_4_text_shadow_vertical_length_tablet=&#8221;0px&#8221; header_4_text_shadow_blur_strength_tablet=&#8221;1px&#8221; header_5_text_shadow_horizontal_length_tablet=&#8221;0px&#8221; header_5_text_shadow_vertical_length_tablet=&#8221;0px&#8221; header_5_text_shadow_blur_strength_tablet=&#8221;1px&#8221; header_6_text_shadow_horizontal_length_tablet=&#8221;0px&#8221; header_6_text_shadow_vertical_length_tablet=&#8221;0px&#8221; header_6_text_shadow_blur_strength_tablet=&#8221;1px&#8221; box_shadow_horizontal_tablet=&#8221;0px&#8221; box_shadow_vertical_tablet=&#8221;0px&#8221; box_shadow_blur_tablet=&#8221;40px&#8221; box_shadow_spread_tablet=&#8221;0px&#8221; global_colors_info=&#8221;{}&#8221;]<\/p>\n<h2><strong>Transformaci\u00f3n Digital Educativa<\/strong><\/h2>\n<div class=\"wpb_row vc_row vc_row-fluid mk-fullwidth-false attched-false js-master-row mk-grid mk-in-viewport\" data-mk-stretch-content=\"true\">\n<div class=\"vc_col-sm-8 wpb_column column_container   _ height-full\">\n<div class=\" vc_custom_1607108634454\">\n<div id=\"text-block-3\" class=\"mk-text-block   \">\n<h2 style=\"text-align: justify\"><span style=\"font-size: 12pt;color: #000000\">CONCEPTO DE TRANSFORMACI\u00d3N DIGITAL EDUCATIVA<\/span><\/h2>\n<div class=\"clearboth\" style=\"text-align: justify\">&nbsp;<\/div>\n<\/div>\n<\/div>\n<div class=\"wpb_video_widget  \" style=\"text-align: justify\">\n<div class=\"wpb_wrapper\">\n<div id=\"video-container-4\" class=\"video-container \" data-id=\"4\" data-source=\"social_hosted\" data-autoplay=\"0\" data-loop=\"0\" data-target=\"lightbox\">\n<div id=\"video-player-4\" class=\"video-player\"><iframe loading=\"lazy\" src=\"https:\/\/www.youtube.com\/embed\/ij2RFtZeTUs?feature=oembed\" width=\"1140\" height=\"641\" frameborder=\"0\"><\/iframe><\/div>\n<\/div>\n<\/div>\n<\/div>\n<div class=\"vc-zigzag-wrapper vc_custom_1557381470014 vc-zigzag-align-center\" style=\"text-align: justify\">\n<div class=\"vc-zigzag-inner\">&nbsp;<\/div>\n<\/div>\n<div class=\" vc_custom_1607108678617\" style=\"text-align: justify\">\n<div id=\"text-block-5\" class=\"mk-text-block   \">\n<p><span style=\"font-size: 12pt;color: #000000\">El concepto de transformaci\u00f3n digital educativa (TDE) incluye el conjunto de actuaciones orientadas a la mejora y modernizaci\u00f3n de los procesos, los procedimientos, los h\u00e1bitos y comportamientos de las organizaciones educativas y de las personas que, haciendo uso de las tecnolog\u00edas digitales, mejoren su capacidad de hacer frente a los retos de la sociedad actual. Todo ello redundar\u00e1 en la mejora de un aprendizaje competencial, en la mejora de la experiencia, de los resultados de aprendizaje y en un refuerzo de la equidad, a cuyo servicio se supedita dicha transformaci\u00f3n, encuadrada dentro de los Marcos de Referencia Europeos relativos a la competencia digital (DigCompOrg, DigCompEdu y DigComp).<\/span><\/p>\n<p><span style=\"font-size: 12pt;color: #000000\">Esta transformaci\u00f3n digital engloba tres \u00e1mbitos de actuaci\u00f3n, el de organizaci\u00f3n y gesti\u00f3n de los centros docentes, el de los procesos de ense\u00f1anza-aprendizaje, y el de la informaci\u00f3n y comunicaci\u00f3n, tanto interna como externa.<\/span><\/p>\n<p><span style=\"font-size: 12pt;color: #000000\">La TDE se pone en marcha en el curso 2020\/21 con car\u00e1cter universal, en todos los centros docentes que impartan ense\u00f1anzas no universitarias. El Programa para la Innovaci\u00f3n P1 del \u00e1mbito digital (PRODIG) concluye por tanto en el curso 2019\/20. Asimismo, la convocatoria de Proyectos de centros TIC y el Plan Escuela TIC 2.0, quedan englobados en el proceso de transformaci\u00f3n digital educativa. Los elementos de participaci\u00f3n existentes en el sistema de informaci\u00f3n S\u00e9neca (coordinaci\u00f3n, participantes, memorias, certificaci\u00f3n) de estas tres actuaciones se agrupar\u00e1n bajo el ep\u00edgrafe TDE.<\/span><\/p>\n<p><span style=\"font-size: 12pt;color: #000000\">El curso 2020\/21 tendr\u00e1 la consideraci\u00f3n de a\u00f1o cero de la TDE, que ser\u00e1 regulada mediante normativa espec\u00edfica.<\/span><\/p>\n<\/div>\n<\/div>\n<\/div>\n<div class=\"vc_col-sm-4 wpb_column column_container   _ height-full\" style=\"text-align: justify\">\n<div>&nbsp;<\/div>\n<div class=\"vc_btn3-container vc_btn3-center\"><span style=\"color: #000000;font-size: 12pt\">M\u00c1S INFORMACI\u00d3N EN LOS SIGUIENTES ENLACES:<\/span><\/div>\n<\/div>\n<\/div>\n<div class=\"wpb_row vc_row vc_row-fluid mk-fullwidth-false attched-false js-master-row mk-grid mk-in-viewport\" style=\"text-align: justify\" data-mk-stretch-content=\"true\">\n<div class=\"vc_col-sm-8 wpb_column column_container   _ height-full\">\n<div class=\" vc_custom_1607108375946\">\n<div id=\"text-block-8\" class=\"mk-text-block   \">\n<ul>\n<li><span style=\"font-size: 12pt;color: #000000\"><strong><a style=\"color: #000000\" href=\"https:\/\/www.juntadeandalucia.es\/educacion\/portals\/web\/transformacion-digital-educativa\/inicio\" target=\"_blank\" rel=\"noopener\">P\u00e1gina oficial Junta de Andaluc\u00eda<\/a><\/strong><\/span><\/li>\n<li><span style=\"font-size: 12pt;color: #000000\"><strong><a style=\"color: #000000\" href=\"https:\/\/blogsaverroes.juntadeandalucia.es\/tde\/\" target=\"_blank\" rel=\"noopener\">Blog#TDE<\/a><\/strong><\/span><\/li>\n<\/ul>\n<\/div>\n<\/div>\n<\/div>\n<\/div>\n<p style=\"text-align: justify\"><span style=\"font-size: 12pt;color: #000000\">\u200b<\/span><\/p>\n<p>[\/et_pb_text][\/et_pb_column][\/et_pb_row][\/et_pb_section]<\/p>\n","protected":false},"excerpt":{"rendered":"<p>Transformaci\u00f3n Digital Educativa CONCEPTO DE TRANSFORMACI\u00d3N DIGITAL EDUCATIVA &nbsp; &nbsp; El concepto de transformaci\u00f3n digital educativa (TDE) incluye el conjunto de actuaciones orientadas a la mejora y modernizaci\u00f3n de los procesos, los procedimientos, los h\u00e1bitos y comportamientos de las organizaciones educativas y de las personas que, haciendo uso de las tecnolog\u00edas digitales, mejoren su capacidad [&hellip;]<\/p>\n","protected":false},"author":7782,"featured_media":0,"parent":0,"menu_order":0,"comment_status":"closed","ping_status":"closed","template":"","meta":{"_et_pb_use_builder":"on","_et_pb_old_content":"","_et_gb_content_width":"","ngg_post_thumbnail":0,"footnotes":""},"aioseo_notices":[],"_links":{"self":[{"href":"https:\/\/blogsaverroes.juntadeandalucia.es\/manuelandujar\/wp-json\/wp\/v2\/pages\/2873"}],"collection":[{"href":"https:\/\/blogsaverroes.juntadeandalucia.es\/manuelandujar\/wp-json\/wp\/v2\/pages"}],"about":[{"href":"https:\/\/blogsaverroes.juntadeandalucia.es\/manuelandujar\/wp-json\/wp\/v2\/types\/page"}],"author":[{"embeddable":true,"href":"https:\/\/blogsaverroes.juntadeandalucia.es\/manuelandujar\/wp-json\/wp\/v2\/users\/7782"}],"replies":[{"embeddable":true,"href":"https:\/\/blogsaverroes.juntadeandalucia.es\/manuelandujar\/wp-json\/wp\/v2\/comments?post=2873"}],"version-history":[{"count":8,"href":"https:\/\/blogsaverroes.juntadeandalucia.es\/manuelandujar\/wp-json\/wp\/v2\/pages\/2873\/revisions"}],"predecessor-version":[{"id":2887,"href":"https:\/\/blogsaverroes.juntadeandalucia.es\/manuelandujar\/wp-json\/wp\/v2\/pages\/2873\/revisions\/2887"}],"wp:attachment":[{"href":"https:\/\/blogsaverroes.juntadeandalucia.es\/manuelandujar\/wp-json\/wp\/v2\/media?parent=2873"}],"curies":[{"name":"wp","href":"https:\/\/api.w.org\/{rel}","templated":true}]}}