{"id":3235,"date":"2025-08-30T21:04:39","date_gmt":"2025-08-30T19:04:39","guid":{"rendered":"https:\/\/blogsaverroes.juntadeandalucia.es\/manuelandujar\/?page_id=3235"},"modified":"2025-08-30T21:07:58","modified_gmt":"2025-08-30T19:07:58","slug":"fse","status":"publish","type":"page","link":"https:\/\/blogsaverroes.juntadeandalucia.es\/manuelandujar\/fse\/","title":{"rendered":"FSE +"},"content":{"rendered":"<p>[et_pb_section fb_built=&#8221;1&#8243; _builder_version=&#8221;4.16&#8243; global_colors_info=&#8221;{}&#8221;][et_pb_row _builder_version=&#8221;4.16&#8243; background_size=&#8221;initial&#8221; background_position=&#8221;top_left&#8221; background_repeat=&#8221;repeat&#8221; global_colors_info=&#8221;{}&#8221;][et_pb_column type=&#8221;4_4&#8243; _builder_version=&#8221;4.16&#8243; custom_padding=&#8221;|||&#8221; global_colors_info=&#8221;{}&#8221; custom_padding__hover=&#8221;|||&#8221;][et_pb_image src=&#8221;https:\/\/blogsaverroes.juntadeandalucia.es\/manuelandujar\/files\/2025\/08\/encabez_logos_fse_21_27_actualizadofeb25_copia.png&#8221; title_text=&#8221;encabez_logos_fse_21_27_actualizadofeb25_copia&#8221; admin_label=&#8221;Imagen de la portada&#8221; _builder_version=&#8221;4.24.2&#8243; z_index_tablet=&#8221;500&#8243; box_shadow_horizontal_tablet=&#8221;0px&#8221; box_shadow_vertical_tablet=&#8221;0px&#8221; box_shadow_blur_tablet=&#8221;40px&#8221; box_shadow_spread_tablet=&#8221;0px&#8221; global_colors_info=&#8221;{}&#8221;][\/et_pb_image][et_pb_text admin_label=&#8221;Texto descriptivo&#8221; _builder_version=&#8221;4.24.2&#8243; hover_enabled=&#8221;0&#8243; z_index_tablet=&#8221;500&#8243; text_text_shadow_horizontal_length_tablet=&#8221;0px&#8221; text_text_shadow_vertical_length_tablet=&#8221;0px&#8221; text_text_shadow_blur_strength_tablet=&#8221;1px&#8221; link_text_shadow_horizontal_length_tablet=&#8221;0px&#8221; link_text_shadow_vertical_length_tablet=&#8221;0px&#8221; link_text_shadow_blur_strength_tablet=&#8221;1px&#8221; ul_text_shadow_horizontal_length_tablet=&#8221;0px&#8221; ul_text_shadow_vertical_length_tablet=&#8221;0px&#8221; ul_text_shadow_blur_strength_tablet=&#8221;1px&#8221; ol_text_shadow_horizontal_length_tablet=&#8221;0px&#8221; ol_text_shadow_vertical_length_tablet=&#8221;0px&#8221; ol_text_shadow_blur_strength_tablet=&#8221;1px&#8221; quote_text_shadow_horizontal_length_tablet=&#8221;0px&#8221; quote_text_shadow_vertical_length_tablet=&#8221;0px&#8221; quote_text_shadow_blur_strength_tablet=&#8221;1px&#8221; header_text_shadow_horizontal_length_tablet=&#8221;0px&#8221; header_text_shadow_vertical_length_tablet=&#8221;0px&#8221; header_text_shadow_blur_strength_tablet=&#8221;1px&#8221; header_2_text_shadow_horizontal_length_tablet=&#8221;0px&#8221; header_2_text_shadow_vertical_length_tablet=&#8221;0px&#8221; header_2_text_shadow_blur_strength_tablet=&#8221;1px&#8221; header_3_text_shadow_horizontal_length_tablet=&#8221;0px&#8221; header_3_text_shadow_vertical_length_tablet=&#8221;0px&#8221; header_3_text_shadow_blur_strength_tablet=&#8221;1px&#8221; header_4_text_shadow_horizontal_length_tablet=&#8221;0px&#8221; header_4_text_shadow_vertical_length_tablet=&#8221;0px&#8221; header_4_text_shadow_blur_strength_tablet=&#8221;1px&#8221; header_5_text_shadow_horizontal_length_tablet=&#8221;0px&#8221; header_5_text_shadow_vertical_length_tablet=&#8221;0px&#8221; header_5_text_shadow_blur_strength_tablet=&#8221;1px&#8221; header_6_text_shadow_horizontal_length_tablet=&#8221;0px&#8221; header_6_text_shadow_vertical_length_tablet=&#8221;0px&#8221; header_6_text_shadow_blur_strength_tablet=&#8221;1px&#8221; box_shadow_horizontal_tablet=&#8221;0px&#8221; box_shadow_vertical_tablet=&#8221;0px&#8221; box_shadow_blur_tablet=&#8221;40px&#8221; box_shadow_spread_tablet=&#8221;0px&#8221; global_colors_info=&#8221;{}&#8221; sticky_enabled=&#8221;0&#8243;]<\/p>\n<h2><strong>FONDO SOCIAL EUROPEO PLUS (FSE+)<\/strong><\/h2>\n<div class=\"content-entry px-0\">\n<p>&nbsp;<\/p>\n<p><span style=\"font-family: arial, helvetica, sans-serif;font-size: 14pt;color: #000000\">En nuestro centro se llevan a cabo varias actividades financiadas por el Fondo Social Europeo Plus (FSE+) como son:<\/span><\/p>\n<ul style=\"list-style-type: square\">\n<li><span style=\"font-family: arial, helvetica, sans-serif;font-size: 14pt;color: #000000\"><strong>PROA<\/strong>: Plan de refuerzo y orientaci\u00f3n impartido en horario de tarde para el alumnado de 3\u00ba a 6\u00ba EP que necesita un apoyo.<\/span><\/li>\n<li><span style=\"font-family: arial, helvetica, sans-serif;font-size: 14pt;color: #000000\"><strong>PROGRAMA PROA PLUS TRANSF\u00d3RMATE 2024\/2029<\/strong>: Para atender al alumnado vulnerable del Centro y apoyar y reforzar lengua y matem\u00e1ticas.<\/span><\/li>\n<li><span style=\"font-family: arial, helvetica, sans-serif;font-size: 14pt;color: #000000\"><strong>PROGRAMA ZTS<\/strong>: Este curso contamos con una orientadora de Zona de Transformaci\u00f3n Social que desarrolla su labor atendiendo directamente al alumnado, realizando labores con alumnado y familias vulnerables social y econ\u00f3micamente, revisando el absentismo, realizando labores de bienestar emocional, etc.<\/span><\/li>\n<li><span style=\"font-family: arial, helvetica, sans-serif;font-size: 14pt;color: #000000\"><strong>PT<\/strong>: Los maestros de Pedagog\u00eda Terap\u00e9utica que atienden al alumnado con necesidades educativas (NEAE).<\/span><\/li>\n<li><span style=\"font-family: arial, helvetica, sans-serif;font-size: 14pt;color: #000000\"><strong>PROGRAMA DE REFUERZO ESTIVAL<\/strong>: para atender al alumnado que necesite apoyo educativo en \u00e9poca estival.<\/span><\/li>\n<\/ul>\n<p>&nbsp;<\/p>\n<\/div>\n<hr \/>\n<h1>&nbsp;<\/h1>\n<h1><span style=\"font-size: 24pt\"><span style=\"font-family: arial, helvetica, sans-serif;color: #000000\">Garant\u00eda&nbsp;<\/span><span style=\"font-family: arial, helvetica, sans-serif;color: #000000\">Infantil&nbsp;<\/span><\/span><\/h1>\n<p style=\"text-align: justify\"><span style=\"font-family: arial, helvetica, sans-serif;color: #000000;font-size: 14pt\"><img loading=\"lazy\" decoding=\"async\" class=\"wp-image-3225 size-medium alignright\" src=\"https:\/\/blogsaverroes.juntadeandalucia.es\/manuelandujar\/files\/2025\/08\/FSE_2021-27.Prioridad_7._ZNTS-1-212x300.png\" alt=\"\" width=\"212\" height=\"300\" \/>La Prioridad 7 del Fondo Social Europeo (FSE) en la Junta de Andaluc\u00eda, conocida como \u00abGarant\u00eda Infantil\u00bb, se enfoca en la integraci\u00f3n social de personas en riesgo de pobreza o exclusi\u00f3n, especialmente ni\u00f1os y j\u00f3venes. Este programa se centra en promover la participaci\u00f3n y el desarrollo de los menores, asegurando que tengan acceso a oportunidades educativas, sociales y de bienestar.<\/span><\/p>\n<p>&nbsp;<\/p>\n<p>&nbsp;<\/p>\n<p style=\"text-align: justify\">&nbsp;<\/p>\n<p>&nbsp;<\/p>\n<hr \/>\n<h2>&nbsp;<\/h2>\n<h2><span style=\"font-family: arial, helvetica, sans-serif;color: #000000;font-size: 24pt\">Educaci\u00f3n y Formaci\u00f3n<\/span><\/h2>\n<p style=\"text-align: justify\"><span style=\"font-family: arial, helvetica, sans-serif;color: #000000\"><span style=\"font-size: 14pt\"><img loading=\"lazy\" decoding=\"async\" class=\"wp-image-3189 size-medium alignright\" src=\"https:\/\/blogsaverroes.juntadeandalucia.es\/manuelandujar\/files\/2025\/08\/Carteleria_FSE_2021-27_Prioridad_3_PT_PROA_Refuerzo_Estival-212x300.jpg\" alt=\"\" width=\"212\" height=\"300\" \/>La Prioridad 3 del FSE en la Junta de Andaluc\u00eda se centra en la inversi\u00f3n en educaci\u00f3n, formaci\u00f3n y formaci\u00f3n profesional. Esto incluye iniciativas para mejorar la calidad y el acceso a la educaci\u00f3n, as\u00ed como la promoci\u00f3n de la formaci\u00f3n profesional para facilitar el acceso al mercado laboral.<\/span><\/span><\/p>\n<p>&nbsp;<\/p>\n<p>&nbsp;<\/p>\n<p>&nbsp;<\/p>\n<p style=\"text-align: justify\">&nbsp;<\/p>\n<hr \/>\n<p>&nbsp;<\/p>\n<p><a href=\"https:\/\/blogsaverroes.juntadeandalucia.es\/manuelandujar\/proa-plus-transformate\/\" target=\"_blank\" rel=\"noopener\"><img loading=\"lazy\" decoding=\"async\" class=\"aligncenter wp-image-3203 size-medium\" src=\"https:\/\/blogsaverroes.juntadeandalucia.es\/manuelandujar\/files\/2025\/08\/transformate_cole-300x202.jpeg\" alt=\"\" width=\"300\" height=\"202\" \/><\/a><\/p>\n<hr \/>\n<p dir=\"ltr\" style=\"text-align: justify\"><img loading=\"lazy\" decoding=\"async\" class=\"aligncenter wp-image-3223 size-full\" src=\"https:\/\/blogsaverroes.juntadeandalucia.es\/manuelandujar\/files\/2025\/08\/encabez_logos_fse_21_27_actualizadofeb25_copia.png\" alt=\"\" width=\"2000\" height=\"126\" srcset=\"https:\/\/blogsaverroes.juntadeandalucia.es\/manuelandujar\/files\/2025\/08\/encabez_logos_fse_21_27_actualizadofeb25_copia.png 2000w, https:\/\/blogsaverroes.juntadeandalucia.es\/manuelandujar\/files\/2025\/08\/encabez_logos_fse_21_27_actualizadofeb25_copia-1280x81.png 1280w, https:\/\/blogsaverroes.juntadeandalucia.es\/manuelandujar\/files\/2025\/08\/encabez_logos_fse_21_27_actualizadofeb25_copia-980x62.png 980w, https:\/\/blogsaverroes.juntadeandalucia.es\/manuelandujar\/files\/2025\/08\/encabez_logos_fse_21_27_actualizadofeb25_copia-480x30.png 480w\" sizes=\"(min-width: 0px) and (max-width: 480px) 480px, (min-width: 481px) and (max-width: 980px) 980px, (min-width: 981px) and (max-width: 1280px) 1280px, (min-width: 1281px) 2000px, 100vw\" \/><\/p>\n<p>[\/et_pb_text][\/et_pb_column][\/et_pb_row][\/et_pb_section]<\/p>\n","protected":false},"excerpt":{"rendered":"<p>FONDO SOCIAL EUROPEO PLUS (FSE+) &nbsp; En nuestro centro se llevan a cabo varias actividades financiadas por el Fondo Social Europeo Plus (FSE+) como son: PROA: Plan de refuerzo y orientaci\u00f3n impartido en horario de tarde para el alumnado de 3\u00ba a 6\u00ba EP que necesita un apoyo. PROGRAMA PROA PLUS TRANSF\u00d3RMATE 2024\/2029: Para atender [&hellip;]<\/p>\n","protected":false},"author":7782,"featured_media":0,"parent":0,"menu_order":0,"comment_status":"closed","ping_status":"closed","template":"","meta":{"_et_pb_use_builder":"on","_et_pb_old_content":"","_et_gb_content_width":"","ngg_post_thumbnail":0,"footnotes":""},"aioseo_notices":[],"_links":{"self":[{"href":"https:\/\/blogsaverroes.juntadeandalucia.es\/manuelandujar\/wp-json\/wp\/v2\/pages\/3235"}],"collection":[{"href":"https:\/\/blogsaverroes.juntadeandalucia.es\/manuelandujar\/wp-json\/wp\/v2\/pages"}],"about":[{"href":"https:\/\/blogsaverroes.juntadeandalucia.es\/manuelandujar\/wp-json\/wp\/v2\/types\/page"}],"author":[{"embeddable":true,"href":"https:\/\/blogsaverroes.juntadeandalucia.es\/manuelandujar\/wp-json\/wp\/v2\/users\/7782"}],"replies":[{"embeddable":true,"href":"https:\/\/blogsaverroes.juntadeandalucia.es\/manuelandujar\/wp-json\/wp\/v2\/comments?post=3235"}],"version-history":[{"count":7,"href":"https:\/\/blogsaverroes.juntadeandalucia.es\/manuelandujar\/wp-json\/wp\/v2\/pages\/3235\/revisions"}],"predecessor-version":[{"id":3247,"href":"https:\/\/blogsaverroes.juntadeandalucia.es\/manuelandujar\/wp-json\/wp\/v2\/pages\/3235\/revisions\/3247"}],"wp:attachment":[{"href":"https:\/\/blogsaverroes.juntadeandalucia.es\/manuelandujar\/wp-json\/wp\/v2\/media?parent=3235"}],"curies":[{"name":"wp","href":"https:\/\/api.w.org\/{rel}","templated":true}]}}