{"id":64,"date":"2020-01-09T11:41:42","date_gmt":"2020-01-09T10:41:42","guid":{"rendered":"http:\/\/blogsaverroes.juntadeandalucia.es\/pre\/nuevoceipv2\/?page_id=64"},"modified":"2024-09-08T20:25:54","modified_gmt":"2024-09-08T18:25:54","slug":"biblioteca","status":"publish","type":"page","link":"https:\/\/blogsaverroes.juntadeandalucia.es\/manuelandujar\/biblioteca\/","title":{"rendered":"Biblioteca"},"content":{"rendered":"<p><img loading=\"lazy\" decoding=\"async\" class=\"size-medium wp-image-2410 aligncenter\" style=\"font-size: 18.6667px\" src=\"https:\/\/blogsaverroes.juntadeandalucia.es\/manuelandujar\/files\/2024\/02\/logo_definitivo-1-300x300.png\" alt=\"\" width=\"300\" height=\"300\"\/><\/p>\n<p><span style=\"font-size: 14pt\">Os damos la bienvenid<\/span><span style=\"font-size: 14pt\">a a la <a href=\"https:\/\/www.juntadeandalucia.es\/educacion\/senecav2\/seneca\/biblioweb\/portal\/23001263\" target=\"_blank\" rel=\"noopener noreferrer\">Biblioteca<\/a> de nuestro colegio.<\/span><\/p>\n<p><img loading=\"lazy\" decoding=\"async\" class=\"alignnone wp-image-2420 size-large\" style=\"font-size: 14pt\" src=\"https:\/\/blogsaverroes.juntadeandalucia.es\/manuelandujar\/files\/2024\/02\/biblioweb_cole-1024x538.png\" alt=\"\" width=\"1024\" height=\"538\" srcset=\"https:\/\/blogsaverroes.juntadeandalucia.es\/manuelandujar\/files\/2024\/02\/biblioweb_cole-980x515.png 980w, https:\/\/blogsaverroes.juntadeandalucia.es\/manuelandujar\/files\/2024\/02\/biblioweb_cole-480x252.png 480w\" sizes=\"(min-width: 0px) and (max-width: 480px) 480px, (min-width: 481px) and (max-width: 980px) 980px, (min-width: 981px) 1024px, 100vw\" \/><\/p>\n<p style=\"text-align: justify\"><span style=\"font-size: 14pt\"><a href=\"https:\/\/www.juntadeandalucia.es\/educacion\/senecav2\/seneca\/biblioweb\/portal\/23001263\" target=\"_blank\" rel=\"noopener noreferrer\">Biblioweb S\u00e9neca<\/a> es el nuevo m\u00f3dulo de Gesti\u00f3n de Bibliotecas Escolares en los centros educativos andaluces.<\/span><\/p>\n<p style=\"text-align: justify\"><span style=\"font-size: 14pt\">El m\u00f3dulo de Gesti\u00f3n bibliotecaria de S\u00e9neca permite a los lectores de la biblioteca gestionar personalmente sus propios pr\u00e9stamos,<\/span><span style=\"font-size: 14pt;text-align: justify\">&nbsp;valoraciones, reservas, desideratas y uso de la biblioteca. Dichas funcionalidades est\u00e1n disponibles para los perfiles Profesorado y Lector\/a, accediendo directamente desde S\u00e9neca, y para Alumnado y Tutor\/a legal accediendo desde Pasen.<\/span><\/p>\n<p style=\"text-align: justify\"><span style=\"font-size: 14pt\">Pincha en el siguiente direcci\u00f3n:<\/span><\/p>\n<p style=\"text-align: justify\"><span style=\"font-size: 14pt\"><a href=\"https:\/\/www.juntadeandalucia.es\/educacion\/senecav2\/seneca\/biblioweb\/portal\/23001263\" target=\"_blank\" rel=\"noopener noreferrer\">https:\/\/www.juntadeandalucia.es\/educacion\/senecav2\/seneca\/biblioweb\/portal\/23001263<\/a><\/span><\/p>\n<p><span style=\"font-size: 14pt\"><img loading=\"lazy\" decoding=\"async\" class=\"aligncenter wp-image-1024 size-medium\" src=\"https:\/\/blogsaverroes.juntadeandalucia.es\/manuelandujar\/files\/2021\/08\/logo-biblioweb1-300x85.png\" alt=\"\" width=\"300\" height=\"85\"\/><\/span><\/p>\n<p><span style=\"font-size: 14pt\">DOCUMENTACI\u00d3N:<\/span><\/p>\n<ul>\n<li><span style=\"font-family: arial, helvetica, sans-serif;font-size: 14pt\"><a href=\"https:\/\/drive.google.com\/file\/d\/1fJZqGg0n5iWo7Gvh4S_P_HrYErg3z_IG\/view?usp=sharing\" target=\"_blank\" rel=\"noopener noreferrer\">PLAN DE LECTURA PLANIFICADA<\/a><\/span><\/li>\n<li><span style=\"font-family: arial, helvetica, sans-serif;font-size: 14pt\">PLAN ACTUACI\u00d3N DE LA BIBLIOTECA ESCOLAR 24\/25<\/span><\/li>\n<li><span style=\"font-family: arial, helvetica, sans-serif;font-size: 14pt\">HORARIO DE LA BILIOTECA ESCOLAR<\/span><\/li>\n<\/ul>\n<p><span style=\"font-size: 14pt\">&nbsp;<\/span><\/p>\n","protected":false},"excerpt":{"rendered":"<p>Os damos la bienvenida a la Biblioteca de nuestro colegio. Biblioweb S\u00e9neca es el nuevo m\u00f3dulo de Gesti\u00f3n de Bibliotecas Escolares en los centros educativos andaluces. El m\u00f3dulo de Gesti\u00f3n bibliotecaria de S\u00e9neca permite a los lectores de la biblioteca gestionar personalmente sus propios pr\u00e9stamos,&nbsp;valoraciones, reservas, desideratas y uso de la biblioteca. Dichas funcionalidades est\u00e1n [&hellip;]<\/p>\n","protected":false},"author":7782,"featured_media":2410,"parent":0,"menu_order":0,"comment_status":"closed","ping_status":"closed","template":"","meta":{"_et_pb_use_builder":"off","_et_pb_old_content":"","_et_gb_content_width":"","ngg_post_thumbnail":0,"footnotes":""},"aioseo_notices":[],"_links":{"self":[{"href":"https:\/\/blogsaverroes.juntadeandalucia.es\/manuelandujar\/wp-json\/wp\/v2\/pages\/64"}],"collection":[{"href":"https:\/\/blogsaverroes.juntadeandalucia.es\/manuelandujar\/wp-json\/wp\/v2\/pages"}],"about":[{"href":"https:\/\/blogsaverroes.juntadeandalucia.es\/manuelandujar\/wp-json\/wp\/v2\/types\/page"}],"author":[{"embeddable":true,"href":"https:\/\/blogsaverroes.juntadeandalucia.es\/manuelandujar\/wp-json\/wp\/v2\/users\/7782"}],"replies":[{"embeddable":true,"href":"https:\/\/blogsaverroes.juntadeandalucia.es\/manuelandujar\/wp-json\/wp\/v2\/comments?post=64"}],"version-history":[{"count":15,"href":"https:\/\/blogsaverroes.juntadeandalucia.es\/manuelandujar\/wp-json\/wp\/v2\/pages\/64\/revisions"}],"predecessor-version":[{"id":2786,"href":"https:\/\/blogsaverroes.juntadeandalucia.es\/manuelandujar\/wp-json\/wp\/v2\/pages\/64\/revisions\/2786"}],"wp:featuredmedia":[{"embeddable":true,"href":"https:\/\/blogsaverroes.juntadeandalucia.es\/manuelandujar\/wp-json\/wp\/v2\/media\/2410"}],"wp:attachment":[{"href":"https:\/\/blogsaverroes.juntadeandalucia.es\/manuelandujar\/wp-json\/wp\/v2\/media?parent=64"}],"curies":[{"name":"wp","href":"https:\/\/api.w.org\/{rel}","templated":true}]}}