{"id":871,"date":"2020-12-18T08:57:29","date_gmt":"2020-12-18T07:57:29","guid":{"rendered":"https:\/\/blogsaverroes.juntadeandalucia.es\/pre\/plantilla-pencil\/?page_id=871"},"modified":"2025-08-30T19:22:56","modified_gmt":"2025-08-30T17:22:56","slug":"comedor-escolar","status":"publish","type":"page","link":"https:\/\/blogsaverroes.juntadeandalucia.es\/manuelandujar\/comedor-escolar\/","title":{"rendered":"Comedor escolar"},"content":{"rendered":"<p>[et_pb_section fb_built=&#8221;1&#8243; _builder_version=&#8221;4.16&#8243; custom_padding=&#8221;0px||0px|&#8221; z_index_tablet=&#8221;500&#8243; box_shadow_horizontal_tablet=&#8221;0px&#8221; box_shadow_vertical_tablet=&#8221;0px&#8221; box_shadow_blur_tablet=&#8221;40px&#8221; box_shadow_spread_tablet=&#8221;0px&#8221; global_colors_info=&#8221;{}&#8221;][et_pb_row _builder_version=&#8221;4.16&#8243; background_size=&#8221;initial&#8221; background_position=&#8221;top_left&#8221; background_repeat=&#8221;repeat&#8221; global_colors_info=&#8221;{}&#8221;][et_pb_column type=&#8221;4_4&#8243; _builder_version=&#8221;4.16&#8243; custom_padding=&#8221;|||&#8221; global_colors_info=&#8221;{}&#8221; custom_padding__hover=&#8221;|||&#8221;][et_pb_image src=&#8221;https:\/\/blogsaverroes.juntadeandalucia.es\/manuelandujar\/files\/2020\/01\/cabecera-interior-2-1.jpg&#8221; title_text=&#8221;cabecera-interior-2-1&#8243; admin_label=&#8221;Imagen de la portada&#8221; _builder_version=&#8221;4.16&#8243; z_index_tablet=&#8221;500&#8243; box_shadow_horizontal_tablet=&#8221;0px&#8221; box_shadow_vertical_tablet=&#8221;0px&#8221; box_shadow_blur_tablet=&#8221;40px&#8221; box_shadow_spread_tablet=&#8221;0px&#8221; global_colors_info=&#8221;{}&#8221;][\/et_pb_image][et_pb_text admin_label=&#8221;Texto descriptivo&#8221; _builder_version=&#8221;4.24.2&#8243; z_index_tablet=&#8221;500&#8243; text_text_shadow_horizontal_length_tablet=&#8221;0px&#8221; text_text_shadow_vertical_length_tablet=&#8221;0px&#8221; text_text_shadow_blur_strength_tablet=&#8221;1px&#8221; link_text_shadow_horizontal_length_tablet=&#8221;0px&#8221; link_text_shadow_vertical_length_tablet=&#8221;0px&#8221; link_text_shadow_blur_strength_tablet=&#8221;1px&#8221; ul_text_shadow_horizontal_length_tablet=&#8221;0px&#8221; ul_text_shadow_vertical_length_tablet=&#8221;0px&#8221; ul_text_shadow_blur_strength_tablet=&#8221;1px&#8221; ol_text_shadow_horizontal_length_tablet=&#8221;0px&#8221; ol_text_shadow_vertical_length_tablet=&#8221;0px&#8221; ol_text_shadow_blur_strength_tablet=&#8221;1px&#8221; quote_text_shadow_horizontal_length_tablet=&#8221;0px&#8221; quote_text_shadow_vertical_length_tablet=&#8221;0px&#8221; quote_text_shadow_blur_strength_tablet=&#8221;1px&#8221; header_text_shadow_horizontal_length_tablet=&#8221;0px&#8221; header_text_shadow_vertical_length_tablet=&#8221;0px&#8221; header_text_shadow_blur_strength_tablet=&#8221;1px&#8221; header_2_text_shadow_horizontal_length_tablet=&#8221;0px&#8221; header_2_text_shadow_vertical_length_tablet=&#8221;0px&#8221; header_2_text_shadow_blur_strength_tablet=&#8221;1px&#8221; header_3_text_shadow_horizontal_length_tablet=&#8221;0px&#8221; header_3_text_shadow_vertical_length_tablet=&#8221;0px&#8221; header_3_text_shadow_blur_strength_tablet=&#8221;1px&#8221; header_4_text_shadow_horizontal_length_tablet=&#8221;0px&#8221; header_4_text_shadow_vertical_length_tablet=&#8221;0px&#8221; header_4_text_shadow_blur_strength_tablet=&#8221;1px&#8221; header_5_text_shadow_horizontal_length_tablet=&#8221;0px&#8221; header_5_text_shadow_vertical_length_tablet=&#8221;0px&#8221; header_5_text_shadow_blur_strength_tablet=&#8221;1px&#8221; header_6_text_shadow_horizontal_length_tablet=&#8221;0px&#8221; header_6_text_shadow_vertical_length_tablet=&#8221;0px&#8221; header_6_text_shadow_blur_strength_tablet=&#8221;1px&#8221; box_shadow_horizontal_tablet=&#8221;0px&#8221; box_shadow_vertical_tablet=&#8221;0px&#8221; box_shadow_blur_tablet=&#8221;40px&#8221; box_shadow_spread_tablet=&#8221;0px&#8221; global_colors_info=&#8221;{}&#8221;]<\/p>\n<h2><span style=\"color: #000000\"><strong>Comedor escolar<\/strong><\/span><\/h2>\n<hr \/>\n<p><span style=\"font-size: 18pt;color: #000000;font-family: arial, helvetica, sans-serif\"><strong>Curso 2025\/2026<\/strong><\/span><\/p>\n<p><span style=\"color: #000000;font-family: arial, helvetica, sans-serif\"><span style=\"font-size: 14pt\"><img loading=\"lazy\" decoding=\"async\" class=\"wp-image-1424 size-medium aligncenter\" src=\"https:\/\/blogsaverroes.juntadeandalucia.es\/manuelandujar\/files\/2021\/08\/chef-1417239_1280-300x150.png\" alt=\"\" width=\"300\" height=\"150\" \/><\/span><\/span><\/p>\n<p style=\"text-align: justify\"><span style=\"color: #000000;font-family: arial, helvetica, sans-serif\"><span style=\"font-size: 14pt\">Plazas autorizadas: <\/span><span style=\"font-size: 14pt\">45&nbsp;<\/span><\/span><\/p>\n<p><span style=\"font-size: 14pt;color: #000000;font-family: arial, helvetica, sans-serif\">Horario: de 14 a 16 horas<\/span><\/p>\n<p><span style=\"font-family: arial, helvetica, sans-serif\"><strong><span style=\"color: #000000\"><span style=\"font-size: 14pt\">Fecha inicio: 10 de septiembre de 2025 (mi\u00e9rcoles)<\/span><\/span><\/strong><\/span><\/p>\n<p><span style=\"font-size: 14pt;color: #000000;font-family: arial, helvetica, sans-serif\">Fecha fin: 22 de junio de 2026 (lunes)<\/span><\/p>\n<p><span style=\"font-size: 14pt;color: #000000;font-family: arial, helvetica, sans-serif\"><a href=\"https:\/\/www.juntadeandalucia.es\/educacion\/portals\/delegate\/content\/d5b81833-0c02-462e-927d-1a1ccb45b0d9\/Acuerdo%20de%2027%20de%20julio%20de%202023\" target=\"_blank\" rel=\"noopener noreferrer\">Precio<\/a>: <strong>5,54\u20ac&nbsp;al d\u00eda.<\/strong><\/span><\/p>\n<p><span style=\"font-size: 14pt;color: #000000;font-family: arial, helvetica, sans-serif\">Turnos de comida: 1 turno.<\/span><\/p>\n<p><span style=\"font-size: 14pt;color: #000000;font-family: arial, helvetica, sans-serif\"><strong>Coordinadora del Centro:<\/strong> Marina Navarrete Fern\u00e1ndez<\/span><\/p>\n<hr \/>\n<p style=\"text-align: center\"><span style=\"font-size: 18pt;color: #000000;font-family: arial, helvetica, sans-serif\"><strong>MEN\u00da DEL COMEDOR<\/strong><\/span><\/p>\n<p><span style=\"color: #000000;font-family: arial, helvetica, sans-serif\"><img loading=\"lazy\" decoding=\"async\" class=\"wp-image-1423 aligncenter size-medium\" src=\"https:\/\/blogsaverroes.juntadeandalucia.es\/manuelandujar\/files\/2021\/08\/plate-303475_1280-300x216.png\" alt=\"\" width=\"300\" height=\"216\" \/><\/span><\/p>\n<p><span style=\"color: #000000\"><span style=\"font-family: arial, helvetica, sans-serif;font-size: 14pt\">Se ha habilitado un <a href=\"https:\/\/drive.google.com\/drive\/folders\/1VNpqga1P2BNBV9bo-gmsQkCUE4fF7kXj?usp=sharing\" target=\"_blank\" rel=\"noopener\">enlace<\/a> para que los usuarios que no puedan registrarse en la <a href=\"https:\/\/andalucia.mediterranea-group.com\/\" target=\"_blank\" rel=\"noopener\">web <\/a><\/span><span style=\"font-family: arial, helvetica, sans-serif;font-size: 14pt\">de familias por alg\u00fan motivo puedan visualizar el men\u00fa todos los meses.<\/span><\/span><\/p>\n<hr \/>\n<p style=\"text-align: center\"><span style=\"font-size: 18pt;color: #000000;font-family: arial, helvetica, sans-serif\"><strong><br \/>SOLICITUD DEL COMEDOR ESCOLAR<\/strong><\/span><\/p>\n<p style=\"text-align: center\"><span style=\"color: #000000;font-size: 14pt;font-family: arial, helvetica, sans-serif\">Del 1 al 10 de junio (junto a la matriculaci\u00f3n) y <\/span><\/p>\n<p style=\"text-align: center\"><span style=\"font-family: arial, helvetica, sans-serif\"><span style=\"color: #000000;font-size: 14pt\">e<\/span><span style=\"font-size: 14pt;color: #000000\">n cualquier momento, <strong>en caso de necesidad de uso del servicio<\/strong>.<\/span><\/span><\/p>\n<p style=\"text-align: center\"><span style=\"font-family: arial, helvetica, sans-serif\"><span style=\"font-size: 18pt\"><strong><span style=\"color: #000000\">Solicitud del Comedor&nbsp;<\/span><\/strong><\/span><\/span><\/p>\n<p style=\"text-align: center\"><span style=\"font-size: 14pt\"><a class=\"mb-0\" title=\"Anexo II. Solicitud de Servicio de aula matinal, comedor escolar o actividades extraescolares.\" href=\"https:\/\/www.juntadeandalucia.es\/haciendayadministracionpublica\/rpa-icms-doc\/icmsDescargaDoc.do?tipo=4b40ba71bf0bae77c7a9e6765035191a&amp;id=7c5af407ff29a88f5bf204fd72c5dfeb\">Anexo II. Solicitud de Servicio de aula matinal, comedor escolar o actividades extraescolares.<\/a>&nbsp;<\/span><\/p>\n<p>&nbsp;<\/p>\n<hr \/>\n<p style=\"text-align: center\"><span style=\"color: #000000;font-family: arial, helvetica, sans-serif\"><strong><span style=\"font-size: 18pt\"><br \/>BONIFICACIONES&nbsp;<\/span><\/strong><\/span><\/p>\n<p><span style=\"color: #000000;font-family: arial, helvetica, sans-serif\"><strong><span style=\"font-size: 14pt\">PRESENTACI\u00d3N DE BONIFICACIONES<\/span><\/strong><\/span><\/p>\n<p style=\"text-align: justify\"><span style=\"font-size: 14pt;color: #000000;font-family: arial, helvetica, sans-serif\">Las bonificaciones se podr\u00e1n presentar <strong>del 1 al 8 de septiembre<\/strong> de forma presencial en el centro o de forma telem\u00e1tica a trav\u00e9s de la <a href=\"https:\/\/www.juntadeandalucia.es\/educacion\/secretariavirtual\/\" target=\"_blank\" rel=\"noopener\">Secretar\u00eda Virtual<\/a>.<\/span><\/p>\n<p><img loading=\"lazy\" decoding=\"async\" class=\"wp-image-3150 aligncenter size-medium\" src=\"https:\/\/blogsaverroes.juntadeandalucia.es\/manuelandujar\/files\/2025\/08\/bonificaciones-300x251.jpg\" alt=\"\" width=\"300\" height=\"251\" \/><\/p>\n<p style=\"text-align: center\"><span style=\"font-size: 14pt\"><a class=\"mb-0\" title=\"Solicitud de gratuidad\/bonificaci\u00f3n del precio p\u00fablico por los servicios complementarios de aula matinal, comedor escolar y actividades extraescolares, y por el servicio de residencia escolar.\" href=\"https:\/\/www.juntadeandalucia.es\/haciendayadministracionpublica\/rpa-icms-doc\/icmsDescargaDoc.do?tipo=4b40ba71bf0bae77c7a9e6765035191a&amp;id=a8887e9809f1acdd46593efdace082bb\">Solicitud de gratuidad\/bonificaci\u00f3n del precio p\u00fablico por los servicios complementarios de aula matinal, comedor escolar y actividades extraescolares, y por el servicio de residencia escolar.<\/a>&nbsp;<\/span><\/p>\n<p style=\"text-align: justify\">&nbsp;<\/p>\n<hr \/>\n<p style=\"text-align: center\"><span style=\"font-size: 18pt;color: #000000;font-family: arial, helvetica, sans-serif\"><strong><br \/>NORMAS COMEDOR ESCOLAR 2025\/2026<\/strong><\/span><\/p>\n<p style=\"text-align: center\"><span style=\"color: #000000;font-family: arial, helvetica, sans-serif\"><span style=\"font-size: 14pt\">Descargar carta de presentaci\u00f3n de la empresa (PENDIENTE).<\/span><\/span><\/p>\n<p style=\"text-align: center\"><span style=\"font-size: 14pt;color: #000000;font-family: arial, helvetica, sans-serif\">El comedor escolar es gestionado por el Grupo Mediterr\u00e1nea de Catering.<\/span><\/p>\n<p>&nbsp;<\/p>\n<p><img loading=\"lazy\" decoding=\"async\" class=\"aligncenter wp-image-3171 size-full\" src=\"https:\/\/blogsaverroes.juntadeandalucia.es\/manuelandujar\/files\/2025\/08\/logo_mediterranea.png\" alt=\"\" width=\"246\" height=\"36\" \/><\/p>\n<p>&nbsp;<\/p>\n<p style=\"text-align: center\"><a href=\"https:\/\/andalucia.mediterranea-group.com\/\" target=\"_blank\" rel=\"noopener\"><span style=\"font-size: 18pt;font-family: arial, helvetica, sans-serif;color: #000000\"><strong>ZONA DE PADRES Y MADRES<\/strong><\/span><\/a><\/p>\n<p style=\"text-align: center\"><span style=\"font-family: arial, helvetica, sans-serif;font-size: 14pt;color: #000000\">Para acceder al sistema necesita identificarse con su DNI \/ NIE y contrase\u00f1a.<\/span><\/p>\n<p>[\/et_pb_text][\/et_pb_column][\/et_pb_row][\/et_pb_section]<\/p>\n","protected":false},"excerpt":{"rendered":"<p>Comedor escolar Curso 2025\/2026 Plazas autorizadas: 45&nbsp; Horario: de 14 a 16 horas Fecha inicio: 10 de septiembre de 2025 (mi\u00e9rcoles) Fecha fin: 22 de junio de 2026 (lunes) Precio: 5,54\u20ac&nbsp;al d\u00eda. Turnos de comida: 1 turno. Coordinadora del Centro: Marina Navarrete Fern\u00e1ndez MEN\u00da DEL COMEDOR Se ha habilitado un enlace para que los usuarios [&hellip;]<\/p>\n","protected":false},"author":7782,"featured_media":0,"parent":0,"menu_order":0,"comment_status":"closed","ping_status":"closed","template":"","meta":{"_et_pb_use_builder":"on","_et_pb_old_content":"","_et_gb_content_width":"","ngg_post_thumbnail":0,"footnotes":""},"aioseo_notices":[],"_links":{"self":[{"href":"https:\/\/blogsaverroes.juntadeandalucia.es\/manuelandujar\/wp-json\/wp\/v2\/pages\/871"}],"collection":[{"href":"https:\/\/blogsaverroes.juntadeandalucia.es\/manuelandujar\/wp-json\/wp\/v2\/pages"}],"about":[{"href":"https:\/\/blogsaverroes.juntadeandalucia.es\/manuelandujar\/wp-json\/wp\/v2\/types\/page"}],"author":[{"embeddable":true,"href":"https:\/\/blogsaverroes.juntadeandalucia.es\/manuelandujar\/wp-json\/wp\/v2\/users\/7782"}],"replies":[{"embeddable":true,"href":"https:\/\/blogsaverroes.juntadeandalucia.es\/manuelandujar\/wp-json\/wp\/v2\/comments?post=871"}],"version-history":[{"count":56,"href":"https:\/\/blogsaverroes.juntadeandalucia.es\/manuelandujar\/wp-json\/wp\/v2\/pages\/871\/revisions"}],"predecessor-version":[{"id":3182,"href":"https:\/\/blogsaverroes.juntadeandalucia.es\/manuelandujar\/wp-json\/wp\/v2\/pages\/871\/revisions\/3182"}],"wp:attachment":[{"href":"https:\/\/blogsaverroes.juntadeandalucia.es\/manuelandujar\/wp-json\/wp\/v2\/media?parent=871"}],"curies":[{"name":"wp","href":"https:\/\/api.w.org\/{rel}","templated":true}]}}