{"id":230,"date":"2022-01-14T19:42:33","date_gmt":"2022-01-14T18:42:33","guid":{"rendered":"https:\/\/blogsaverroes.juntadeandalucia.es\/manuelgonzalezmaroto\/?page_id=230"},"modified":"2022-01-14T22:15:09","modified_gmt":"2022-01-14T21:15:09","slug":"enlaces-de-interes","status":"publish","type":"page","link":"https:\/\/blogsaverroes.juntadeandalucia.es\/manuelgonzalezmaroto\/enlaces-de-interes\/","title":{"rendered":"Enlaces de inter\u00e9s"},"content":{"rendered":"<p>Atr\u00e9vete a pinchar en estos enlaces:<\/p>\n<ul>\n<li><em><strong><span style=\"font-size: 14pt\"><a href=\"https:\/\/www.youtube.com\/results?search_query=DERIVANDO\">DERIVANDO<\/a> :&nbsp;<\/span><\/strong><\/em><span style=\"font-size: 14pt\">el canal de Eduardo S\u00e1enz de Cabez\u00f3n.<\/span><\/li>\n<li><em><strong><span style=\"font-size: 14pt\"><a href=\"https:\/\/www.imus.us.es\/www\/\">IMUS<\/a> :<\/span><\/strong> <\/em><span style=\"font-size: 14pt\">instituto de matem\u00e1ticas de la universidad de Sevilla.<\/span><\/li>\n<\/ul>\n","protected":false},"excerpt":{"rendered":"<p>Atr\u00e9vete a pinchar en estos enlaces: DERIVANDO :&nbsp;el canal de Eduardo S\u00e1enz de Cabez\u00f3n. IMUS : instituto de matem\u00e1ticas de la universidad de Sevilla.<\/p>\n","protected":false},"author":8100,"featured_media":0,"parent":0,"menu_order":0,"comment_status":"closed","ping_status":"closed","template":"","meta":{"ngg_post_thumbnail":0,"footnotes":""},"aioseo_notices":[],"_links":{"self":[{"href":"https:\/\/blogsaverroes.juntadeandalucia.es\/manuelgonzalezmaroto\/wp-json\/wp\/v2\/pages\/230"}],"collection":[{"href":"https:\/\/blogsaverroes.juntadeandalucia.es\/manuelgonzalezmaroto\/wp-json\/wp\/v2\/pages"}],"about":[{"href":"https:\/\/blogsaverroes.juntadeandalucia.es\/manuelgonzalezmaroto\/wp-json\/wp\/v2\/types\/page"}],"author":[{"embeddable":true,"href":"https:\/\/blogsaverroes.juntadeandalucia.es\/manuelgonzalezmaroto\/wp-json\/wp\/v2\/users\/8100"}],"replies":[{"embeddable":true,"href":"https:\/\/blogsaverroes.juntadeandalucia.es\/manuelgonzalezmaroto\/wp-json\/wp\/v2\/comments?post=230"}],"version-history":[{"count":4,"href":"https:\/\/blogsaverroes.juntadeandalucia.es\/manuelgonzalezmaroto\/wp-json\/wp\/v2\/pages\/230\/revisions"}],"predecessor-version":[{"id":305,"href":"https:\/\/blogsaverroes.juntadeandalucia.es\/manuelgonzalezmaroto\/wp-json\/wp\/v2\/pages\/230\/revisions\/305"}],"wp:attachment":[{"href":"https:\/\/blogsaverroes.juntadeandalucia.es\/manuelgonzalezmaroto\/wp-json\/wp\/v2\/media?parent=230"}],"curies":[{"name":"wp","href":"https:\/\/api.w.org\/{rel}","templated":true}]}}