{"id":1181,"date":"2021-06-06T15:35:20","date_gmt":"2021-06-06T15:35:20","guid":{"rendered":"https:\/\/blogsaverroes.juntadeandalucia.es\/manuroca03\/?page_id=1181"},"modified":"2024-05-09T17:04:23","modified_gmt":"2024-05-09T17:04:23","slug":"explicaciones-t11","status":"publish","type":"page","link":"https:\/\/blogsaverroes.juntadeandalucia.es\/manuroca03\/explicaciones-t11\/","title":{"rendered":"MT5\u00baU11. Figuras planas"},"content":{"rendered":"<p>Ya estamos terminando el curso y llegamos a un tema que se suele dar muy bien: los pol\u00edgonos.<\/p>\n<ul>\n<li>Los pol\u00edgonos.<\/li>\n<li>Los tri\u00e1ngulos.<\/li>\n<li>Los cuadril\u00e1teros.<\/li>\n<li>La circunferencia y el c\u00edrculo.<\/li>\n<li>Simetr\u00eda.<\/li>\n<li>Traslaciones y giros.<\/li>\n<\/ul>\n<p><strong>1<\/strong><strong>.- LOS POL\u00cdGONOS:<\/strong><\/p>\n<p><img loading=\"lazy\" decoding=\"async\" class=\"alignnone wp-image-1228\" src=\"https:\/\/blogsaverroes.juntadeandalucia.es\/manuroca03\/files\/2021\/06\/1-300x183.png\" alt=\"\" width=\"625\" height=\"381\" srcset=\"https:\/\/blogsaverroes.juntadeandalucia.es\/manuroca03\/files\/2021\/06\/1-300x183.png 300w, https:\/\/blogsaverroes.juntadeandalucia.es\/manuroca03\/files\/2021\/06\/1.png 701w\" sizes=\"(max-width: 625px) 100vw, 625px\" \/><\/p>\n<p><a href=\"https:\/\/view.genial.ly\/6472111f30e41c00127a47f7\/interactive-content-412-los-poligonos\"><img loading=\"lazy\" decoding=\"async\" class=\"\" src=\"https:\/\/blogsaverroes.juntadeandalucia.es\/verainqueclase\/files\/2023\/05\/genially-pol%C3%ADgonos-300x163.jpg\" width=\"863\" height=\"469\"><\/a><\/p>\n<table>\n<tbody>\n<tr>\n<td><a href=\"https:\/\/www.mundoprimaria.com\/juegos-educativos\/jueg-mat-geo-15#google_vignette\"><img decoding=\"async\" src=\"https:\/\/blogsaverroes.juntadeandalucia.es\/verainqueclase\/files\/2023\/05\/juego-pol%C3%ADgonos-300x163.jpg\"><\/a><\/td>\n<td><a href=\"https:\/\/www.mundoprimaria.com\/juegos-educativos\/jueg-mat-geo-23\"><img decoding=\"async\" src=\"https:\/\/blogsaverroes.juntadeandalucia.es\/verainqueclase\/files\/2023\/05\/juego-per%C3%ADmetro-300x163.jpg\"><\/a><\/td>\n<td><a href=\"https:\/\/www.mundoprimaria.com\/juegos-educativos\/jueg-mat-geo-16\"><img decoding=\"async\" src=\"https:\/\/blogsaverroes.juntadeandalucia.es\/verainqueclase\/files\/2023\/05\/juego-per%C3%ADmetro-2-300x163.jpg\"><\/a><\/td>\n<\/tr>\n<\/tbody>\n<\/table>\n<p><strong>2<\/strong><strong>.- LOS TRI\u00c1NGULOS:<\/strong><\/p>\n<p><img loading=\"lazy\" decoding=\"async\" class=\"alignnone wp-image-1227\" src=\"https:\/\/blogsaverroes.juntadeandalucia.es\/manuroca03\/files\/2021\/06\/2-300x202.png\" alt=\"\" width=\"630\" height=\"424\" srcset=\"https:\/\/blogsaverroes.juntadeandalucia.es\/manuroca03\/files\/2021\/06\/2-300x202.png 300w, https:\/\/blogsaverroes.juntadeandalucia.es\/manuroca03\/files\/2021\/06\/2.png 698w\" sizes=\"(max-width: 630px) 100vw, 630px\" \/><\/p>\n<p><a href=\"https:\/\/view.genial.ly\/647217b16718c10019fb4976\/interactive-content-412-clasificacion-de-triangulos\"><img loading=\"lazy\" decoding=\"async\" class=\"\" src=\"https:\/\/blogsaverroes.juntadeandalucia.es\/verainqueclase\/files\/2023\/05\/genially-tri%C3%A1ngulos-300x163.jpg\" width=\"1001\" height=\"544\"><\/a><\/p>\n<table>\n<tbody>\n<tr>\n<td><a href=\"https:\/\/www.mundoprimaria.com\/juegos-educativos\/juegos-matematicas\/juego-diagonales-y-angulos\"><img decoding=\"async\" src=\"https:\/\/blogsaverroes.juntadeandalucia.es\/verainqueclase\/files\/2021\/10\/juego-tri%C3%A1ngulos-lados-300x153.jpg\"><\/a><\/td>\n<td><a href=\"https:\/\/www.mundoprimaria.com\/juegos-educativos\/juegos-matematicas\/juego-triangulos\"><img decoding=\"async\" src=\"https:\/\/blogsaverroes.juntadeandalucia.es\/verainqueclase\/files\/2021\/10\/juego-tri%C3%A1ngulos-%C3%A1ngulos-300x153.jpg\"><\/a><\/td>\n<td><a href=\"https:\/\/wordwall.net\/es\/resource\/12633246\/triangulos\"><img decoding=\"async\" src=\"https:\/\/blogsaverroes.juntadeandalucia.es\/verainqueclase\/files\/2021\/10\/juego-tri%C3%A1ngulos-%C3%A1ngulos-2-300x153.jpg\"><\/a><\/td>\n<\/tr>\n<tr>\n<td><a href=\"https:\/\/wordwall.net\/es\/resource\/2897953\/repaso-triangulos\"><img decoding=\"async\" src=\"https:\/\/blogsaverroes.juntadeandalucia.es\/verainqueclase\/files\/2021\/10\/juego-tri%C3%A1ngulos-%C3%A1ngulos-3-300x153.jpg\"><\/a><\/td>\n<td><a href=\"https:\/\/wordwall.net\/es\/resource\/5591533\/triangulos-feria-de-ciencias-matem%c3%a1tica-2020-1%c2%ba2%c2%ba\"><img decoding=\"async\" src=\"https:\/\/blogsaverroes.juntadeandalucia.es\/verainqueclase\/files\/2021\/10\/juego-tri%C3%A1ngulos-%C3%A1ngulos-4-300x153.jpg\"><\/a><\/td>\n<td><a href=\"https:\/\/wordwall.net\/es\/resource\/4902123\/triangulos\"><img decoding=\"async\" src=\"https:\/\/blogsaverroes.juntadeandalucia.es\/verainqueclase\/files\/2021\/10\/juego-tri%C3%A1ngulos-%C3%A1ngulos-5-300x153.jpg\"><\/a><\/td>\n<\/tr>\n<tr>\n<td><a href=\"https:\/\/www.mundoprimaria.com\/juegos-educativos\/jueg-mat-geo-24\"><img decoding=\"async\" src=\"https:\/\/blogsaverroes.juntadeandalucia.es\/verainqueclase\/files\/2023\/05\/juego-tri%C3%A1ngulos-cuarto-300x163.jpg\"><\/a><\/td>\n<td><a href=\"https:\/\/www.mundoprimaria.com\/recursos-matematicas\/triangulos\"><img loading=\"lazy\" decoding=\"async\" class=\"alignnone size-medium wp-image-4831\" src=\"https:\/\/blogsaverroes.juntadeandalucia.es\/verainqueclase\/files\/2024\/04\/juego-altura-triangulos-300x191.jpg\" alt=\"\" width=\"300\" height=\"191\"><\/a><\/td>\n<\/tr>\n<\/tbody>\n<\/table>\n<p><strong>3<\/strong><strong>.- LOS CUADRIL\u00c1TEROS:<\/strong><\/p>\n<p><img loading=\"lazy\" decoding=\"async\" class=\"alignnone wp-image-1226\" src=\"https:\/\/blogsaverroes.juntadeandalucia.es\/manuroca03\/files\/2021\/06\/3-300x208.png\" alt=\"\" width=\"632\" height=\"438\" srcset=\"https:\/\/blogsaverroes.juntadeandalucia.es\/manuroca03\/files\/2021\/06\/3-300x208.png 300w, https:\/\/blogsaverroes.juntadeandalucia.es\/manuroca03\/files\/2021\/06\/3.png 698w\" sizes=\"(max-width: 632px) 100vw, 632px\" \/><\/p>\n<p><a href=\"https:\/\/view.genial.ly\/64721b0e6921f7001014fb1b\/interactive-content-412-cuadrilateros\"><img loading=\"lazy\" decoding=\"async\" class=\"\" src=\"https:\/\/blogsaverroes.juntadeandalucia.es\/verainqueclase\/files\/2023\/05\/Genially-cuadril%C3%A1teros-300x163.jpg\" width=\"869\" height=\"472\"><\/a><\/p>\n<table>\n<tbody>\n<tr>\n<td><a href=\"https:\/\/www.mundoprimaria.com\/juegos-educativos\/jueg-mat-geo-24\"><img decoding=\"async\" src=\"https:\/\/blogsaverroes.juntadeandalucia.es\/verainqueclase\/files\/2023\/05\/juego-tri%C3%A1ngulos-cuarto-300x163.jpg\"><\/a><\/td>\n<td><a href=\"https:\/\/wordwall.net\/es\/resource\/5664931\/cuadrilateros\"><img decoding=\"async\" src=\"https:\/\/blogsaverroes.juntadeandalucia.es\/verainqueclase\/files\/2021\/10\/juego-cuadrilateros-300x153.jpg\"><\/a><\/td>\n<td><a href=\"https:\/\/wordwall.net\/es\/resource\/4475431\/cuadrilateros\"><img decoding=\"async\" src=\"https:\/\/blogsaverroes.juntadeandalucia.es\/verainqueclase\/files\/2021\/10\/juego-cuadrilateros-2-300x153.jpg\"><\/a><\/td>\n<\/tr>\n<tr>\n<td><a href=\"https:\/\/wordwall.net\/es\/resource\/4111425\/repasando-cuadrilateros\"><img decoding=\"async\" src=\"https:\/\/blogsaverroes.juntadeandalucia.es\/verainqueclase\/files\/2021\/10\/juego-cuadrilateros-3-300x153.jpg\"><\/a><\/td>\n<td><a href=\"https:\/\/wordwall.net\/es\/resource\/12088862\/paralelogramos\"><img decoding=\"async\" src=\"https:\/\/blogsaverroes.juntadeandalucia.es\/verainqueclase\/files\/2021\/10\/juego-paralelogramos-300x153.jpg\"><\/a><\/td>\n<td><a href=\"https:\/\/wordwall.net\/es\/resource\/2455844\/cuadril%c3%a1teros\"><img decoding=\"async\" src=\"https:\/\/blogsaverroes.juntadeandalucia.es\/verainqueclase\/files\/2021\/10\/juego-paralelogramos-3-300x153.jpg\"><\/a><\/td>\n<\/tr>\n<\/tbody>\n<\/table>\n<p><strong>4<\/strong><strong>.- CIRCUFERENCIA Y C\u00cdRCULO:<\/strong><\/p>\n<p><img loading=\"lazy\" decoding=\"async\" class=\"alignnone wp-image-1225\" src=\"https:\/\/blogsaverroes.juntadeandalucia.es\/manuroca03\/files\/2021\/06\/4-300x165.png\" alt=\"\" width=\"645\" height=\"355\" srcset=\"https:\/\/blogsaverroes.juntadeandalucia.es\/manuroca03\/files\/2021\/06\/4-300x165.png 300w, https:\/\/blogsaverroes.juntadeandalucia.es\/manuroca03\/files\/2021\/06\/4.png 697w\" sizes=\"(max-width: 645px) 100vw, 645px\" \/><\/p>\n<p><img loading=\"lazy\" decoding=\"async\" class=\"alignnone wp-image-1224\" src=\"https:\/\/blogsaverroes.juntadeandalucia.es\/manuroca03\/files\/2021\/06\/5-300x248.png\" alt=\"\" width=\"631\" height=\"522\" srcset=\"https:\/\/blogsaverroes.juntadeandalucia.es\/manuroca03\/files\/2021\/06\/5-300x248.png 300w, https:\/\/blogsaverroes.juntadeandalucia.es\/manuroca03\/files\/2021\/06\/5.png 577w\" sizes=\"(max-width: 631px) 100vw, 631px\" \/><\/p>\n<p><a href=\"https:\/\/view.genial.ly\/647222a46718c10019fb681f\/horizontal-infographic-lists-412-circunferencia-y-circulo\"><img loading=\"lazy\" decoding=\"async\" class=\"\" src=\"https:\/\/blogsaverroes.juntadeandalucia.es\/verainqueclase\/files\/2023\/05\/genially-c%C3%ADrculo-300x163.jpg\" width=\"999\" height=\"543\"><\/a><\/p>\n<table>\n<tbody>\n<tr>\n<td><a href=\"https:\/\/www.mundoprimaria.com\/juegos-educativos\/jueg-mat-geo-17\"><img decoding=\"async\" src=\"https:\/\/blogsaverroes.juntadeandalucia.es\/verainqueclase\/files\/2023\/05\/juego-c%C3%ADrculo-300x163.jpg\"><\/a><\/td>\n<td><a href=\"https:\/\/www.mundoprimaria.com\/juegos-educativos\/jueg-mat-geo-27\"><img decoding=\"async\" src=\"https:\/\/blogsaverroes.juntadeandalucia.es\/verainqueclase\/files\/2023\/05\/juego-c%C3%ADrculo-2-300x163.jpg\"><\/a><\/td>\n<td>&nbsp;<\/td>\n<\/tr>\n<\/tbody>\n<\/table>\n<p>&nbsp;<\/p>\n<p><strong>6<\/strong><strong>.- SIMETR\u00cdAS:<\/strong><\/p>\n<p><a href=\"https:\/\/view.genial.ly\/5fdf7ff400fb560d03514e6e\/horizontal-infographic-lists-simetrias\"><img loading=\"lazy\" decoding=\"async\" class=\"\" src=\"https:\/\/blogsaverroes.juntadeandalucia.es\/verainqueclase\/files\/2020\/12\/Genially-simetr%C3%ADa-300x165.jpg\" width=\"833\" height=\"458\"><\/a><\/p>\n<table>\n<tbody>\n<tr>\n<td><a href=\"https:\/\/www.mundoprimaria.com\/recursos-matematicas\/ejes-simetria\"><img loading=\"lazy\" decoding=\"async\" class=\"alignnone size-medium wp-image-4832\" src=\"https:\/\/blogsaverroes.juntadeandalucia.es\/verainqueclase\/files\/2024\/04\/juego-simetria-300x191.jpg\" alt=\"\" width=\"300\" height=\"191\"><\/a><\/td>\n<td><a href=\"https:\/\/www.cokitos.com\/dibujos-de-simetria\/play\/\"><img loading=\"lazy\" decoding=\"async\" class=\"alignnone size-medium wp-image-4833\" src=\"https:\/\/blogsaverroes.juntadeandalucia.es\/verainqueclase\/files\/2024\/04\/juego-simetria-2-300x191.jpg\" alt=\"\" width=\"300\" height=\"191\"><\/a><\/td>\n<td><a href=\"https:\/\/www.cokitos.com\/dibuja-la-simetria-en-la-cuadricula\/play\/\"><img loading=\"lazy\" decoding=\"async\" class=\"alignnone size-medium wp-image-4834\" src=\"https:\/\/blogsaverroes.juntadeandalucia.es\/verainqueclase\/files\/2024\/04\/juego-simetria-3-300x191.jpg\" alt=\"\" width=\"300\" height=\"191\"><\/a><\/td>\n<\/tr>\n<tr>\n<td><a href=\"https:\/\/www.cokitos.com\/?s=simetr%C3%ADa\"><img loading=\"lazy\" decoding=\"async\" class=\"alignnone size-medium wp-image-4835\" src=\"https:\/\/blogsaverroes.juntadeandalucia.es\/verainqueclase\/files\/2024\/04\/juego-simetria-varios-300x191.jpg\" alt=\"\" width=\"300\" height=\"191\"><\/a><\/td>\n<td><a href=\"https:\/\/www.mundoprimaria.com\/juegos-educativos\/juegos-matematicas\/juego-simetria-objetos\"><img decoding=\"async\" src=\"https:\/\/blogsaverroes.juntadeandalucia.es\/verainqueclase\/files\/2021\/09\/juego-simetr%C3%ADa-300x168.jpg\"><\/a><\/td>\n<td><a href=\"https:\/\/www.mundoprimaria.com\/juegos-educativos\/juegos-matematicas\/juego-simetria-poligonos\"><img decoding=\"async\" src=\"https:\/\/blogsaverroes.juntadeandalucia.es\/verainqueclase\/files\/2021\/09\/juego-simetr%C3%ADa-3-300x168.jpg\"><\/a><\/td>\n<\/tr>\n<\/tbody>\n<\/table>\n<p><strong>7<\/strong><strong>.- TRANSLACIONES Y GIROS:<\/strong><\/p>\n<h4><a href=\"https:\/\/view.genial.ly\/66229147d57f62001531ec18\/interactive-content-511-traslaciones-y-giros\"><img loading=\"lazy\" decoding=\"async\" class=\"alignnone wp-image-4839\" src=\"https:\/\/blogsaverroes.juntadeandalucia.es\/verainqueclase\/files\/2024\/04\/genially-traslaciones-y-giros-300x191.jpg\" alt=\"\" width=\"872\" height=\"555\"><\/a><\/h4>\n<table>\n<tbody>\n<tr>\n<td><img loading=\"lazy\" decoding=\"async\" class=\"alignnone size-medium wp-image-4837\" src=\"https:\/\/blogsaverroes.juntadeandalucia.es\/verainqueclase\/files\/2024\/04\/juego-giros-300x191.jpg\" alt=\"\" width=\"300\" height=\"191\"><\/td>\n<td><img loading=\"lazy\" decoding=\"async\" class=\"alignnone size-medium wp-image-4838\" src=\"https:\/\/blogsaverroes.juntadeandalucia.es\/verainqueclase\/files\/2024\/04\/juego-derrapes-300x191.jpg\" alt=\"\" width=\"300\" height=\"191\"><\/td>\n<td><a href=\"https:\/\/wordwall.net\/es\/resource\/6832390\"><img loading=\"lazy\" decoding=\"async\" class=\"alignnone size-medium wp-image-4840\" src=\"https:\/\/blogsaverroes.juntadeandalucia.es\/verainqueclase\/files\/2024\/04\/juego-traslaciones-giros-300x191.jpg\" alt=\"\" width=\"300\" height=\"191\"><\/a><\/td>\n<\/tr>\n<tr>\n<td><a href=\"https:\/\/wordwall.net\/es\/resource\/17062815\"><img loading=\"lazy\" decoding=\"async\" class=\"alignnone size-medium wp-image-4841\" src=\"https:\/\/blogsaverroes.juntadeandalucia.es\/verainqueclase\/files\/2024\/04\/juego-traslaciones-giros-2-300x191.jpg\" alt=\"\" width=\"300\" height=\"191\"><\/a><\/td>\n<td><a href=\"https:\/\/wordwall.net\/es\/resource\/4111806\/5-rotaci%C3%B3n-traslaci%C3%B3n-y-reflexi%C3%B3n\"><img loading=\"lazy\" decoding=\"async\" class=\"alignnone size-medium wp-image-4842\" src=\"https:\/\/blogsaverroes.juntadeandalucia.es\/verainqueclase\/files\/2024\/04\/juego-traslaciones-giros-3-300x191.jpg\" alt=\"\" width=\"300\" height=\"191\"><\/a><\/td>\n<td>&nbsp;<\/td>\n<\/tr>\n<\/tbody>\n<\/table>\n<p>&nbsp;<\/p>\n","protected":false},"excerpt":{"rendered":"<p>Ya estamos terminando el curso y llegamos a un tema que se suele dar muy bien: los pol\u00edgonos. Los pol\u00edgonos. Los tri\u00e1ngulos. Los cuadril\u00e1teros. La circunferencia y el c\u00edrculo. Simetr\u00eda. Traslaciones y giros. 1.- LOS POL\u00cdGONOS: 2.- LOS TRI\u00c1NGULOS: 3.- LOS CUADRIL\u00c1TEROS: 4.- CIRCUFERENCIA Y C\u00cdRCULO: &nbsp; &nbsp; 6.- SIMETR\u00cdAS: 7.- TRANSLACIONES Y GIROS: &nbsp; &hellip; <\/p>\n<p><a class=\"more-link btn\" href=\"https:\/\/blogsaverroes.juntadeandalucia.es\/manuroca03\/explicaciones-t11\/\">Seguir leyendo<\/a><\/p>\n","protected":false},"author":10452,"featured_media":0,"parent":0,"menu_order":0,"comment_status":"closed","ping_status":"closed","template":"","meta":{"ngg_post_thumbnail":0,"footnotes":""},"aioseo_notices":[],"_links":{"self":[{"href":"https:\/\/blogsaverroes.juntadeandalucia.es\/manuroca03\/wp-json\/wp\/v2\/pages\/1181"}],"collection":[{"href":"https:\/\/blogsaverroes.juntadeandalucia.es\/manuroca03\/wp-json\/wp\/v2\/pages"}],"about":[{"href":"https:\/\/blogsaverroes.juntadeandalucia.es\/manuroca03\/wp-json\/wp\/v2\/types\/page"}],"author":[{"embeddable":true,"href":"https:\/\/blogsaverroes.juntadeandalucia.es\/manuroca03\/wp-json\/wp\/v2\/users\/10452"}],"replies":[{"embeddable":true,"href":"https:\/\/blogsaverroes.juntadeandalucia.es\/manuroca03\/wp-json\/wp\/v2\/comments?post=1181"}],"version-history":[{"count":6,"href":"https:\/\/blogsaverroes.juntadeandalucia.es\/manuroca03\/wp-json\/wp\/v2\/pages\/1181\/revisions"}],"predecessor-version":[{"id":1813,"href":"https:\/\/blogsaverroes.juntadeandalucia.es\/manuroca03\/wp-json\/wp\/v2\/pages\/1181\/revisions\/1813"}],"wp:attachment":[{"href":"https:\/\/blogsaverroes.juntadeandalucia.es\/manuroca03\/wp-json\/wp\/v2\/media?parent=1181"}],"curies":[{"name":"wp","href":"https:\/\/api.w.org\/{rel}","templated":true}]}}