{"id":1182,"date":"2021-06-06T15:35:20","date_gmt":"2021-06-06T15:35:20","guid":{"rendered":"https:\/\/blogsaverroes.juntadeandalucia.es\/manuroca03\/?page_id=1182"},"modified":"2024-06-08T09:12:06","modified_gmt":"2024-06-08T09:12:06","slug":"explicaciones-t12","status":"publish","type":"page","link":"https:\/\/blogsaverroes.juntadeandalucia.es\/manuroca03\/explicaciones-t12\/","title":{"rendered":"MT5\u00baU12. \u00c1rea de figuras planas"},"content":{"rendered":"<p>Vamos a terminar el curso con un tema nuevo, la medida de las \u00e1reas.<\/p>\n<ul>\n<li>Mido superficies.<\/li>\n<li>\u00c1rea del cuadrado y del rect\u00e1ngulo.<\/li>\n<li>\u00c1rea del tri\u00e1ngulo.<\/li>\n<li>\u00c1rea del rombo y el romboide.<\/li>\n<\/ul>\n<h4><strong>Mido superficies.<\/strong><\/h4>\n<p><a href=\"https:\/\/view.genially.com\/64721d58e10a430018b01fe7\/interactive-content-412-area-de-poligonos\"><img loading=\"lazy\" decoding=\"async\" class=\"\" src=\"https:\/\/blogsaverroes.juntadeandalucia.es\/verainqueclase\/files\/2023\/05\/genially-%C3%A1reas-300x163.jpg\" width=\"771\" height=\"419\"><\/a><\/p>\n<table>\n<tbody>\n<tr>\n<td><a href=\"https:\/\/www.mundoprimaria.com\/juegos-educativos\/jueg-mat-geo-16\"><img decoding=\"async\" src=\"https:\/\/blogsaverroes.juntadeandalucia.es\/verainqueclase\/files\/2023\/05\/juego-per%C3%ADmetro-2-300x163.jpg\"><\/a><\/td>\n<td><a href=\"https:\/\/www.mundoprimaria.com\/juegos-educativos\/jueg-mat-geo-25\"><img decoding=\"async\" src=\"https:\/\/blogsaverroes.juntadeandalucia.es\/verainqueclase\/files\/2023\/05\/juego-%C3%A1reas-300x163.jpg\"><\/a><\/td>\n<td><a href=\"https:\/\/www.cokitos.com\/constructor-de-areas\/play\/\"><img loading=\"lazy\" decoding=\"async\" class=\"alignnone size-medium wp-image-4881\" src=\"https:\/\/blogsaverroes.juntadeandalucia.es\/verainqueclase\/files\/2024\/05\/juego-construir-areas-300x174.jpg\" alt=\"\" width=\"300\" height=\"174\"><\/a><\/td>\n<\/tr>\n<\/tbody>\n<\/table>\n<h4><strong>\u00c1rea del cuadrado y del rect\u00e1ngulo.<\/strong><\/h4>\n<p><a href=\"https:\/\/view.genially.com\/66597b3a555459001421d6a6\/horizontal-infographic-lists-512-perimetros-y-areas-cuadrado-y-rectangulo\"><img loading=\"lazy\" decoding=\"async\" class=\"alignnone wp-image-4877\" src=\"https:\/\/blogsaverroes.juntadeandalucia.es\/verainqueclase\/files\/2024\/05\/genially-area-cuadrado-300x181.jpg\" alt=\"\" width=\"716\" height=\"432\"><\/a><\/p>\n<h4><strong>\u00c1rea del tri\u00e1ngulo.<\/strong><\/h4>\n<p><a href=\"https:\/\/view.genially.com\/66597d840634ff0014aba087\/horizontal-infographic-lists-512-perimetros-y-areas-de-triangulos\"><img loading=\"lazy\" decoding=\"async\" class=\"alignnone wp-image-4878\" src=\"https:\/\/blogsaverroes.juntadeandalucia.es\/verainqueclase\/files\/2024\/05\/genially-area-triangulos-300x167.jpg\" alt=\"\" width=\"763\" height=\"425\"><\/a><\/p>\n<h4><strong>\u00c1rea del rombo y el romboide.<\/strong><\/h4>\n<p><a href=\"https:\/\/view.genially.com\/6659806813e4fa00145411bf\/horizontal-infographic-lists-512-perimetros-y-areas-romboide-y-rombo\"><img loading=\"lazy\" decoding=\"async\" class=\"alignnone wp-image-4880\" src=\"https:\/\/blogsaverroes.juntadeandalucia.es\/verainqueclase\/files\/2024\/05\/genially-area-rombo-300x166.jpg\" alt=\"\" width=\"811\" height=\"449\"><\/a><\/p>\n<h4><strong>JUEGOS<\/strong><\/h4>\n<table>\n<tbody>\n<tr>\n<td><a href=\"https:\/\/www.mundoprimaria.com\/juegos-educativos\/juegos-matematicas\/juego-hallar-perimetros\"><img decoding=\"async\" src=\"https:\/\/blogsaverroes.juntadeandalucia.es\/verainqueclase\/files\/2020\/12\/mundo-per%C3%ADmetro-300x187.jpg\"><\/a><\/td>\n<td><a href=\"https:\/\/www.mundoprimaria.com\/juegos-educativos\/juegos-matematicas\/juego-perimetros\"><img decoding=\"async\" src=\"https:\/\/blogsaverroes.juntadeandalucia.es\/verainqueclase\/files\/2020\/12\/mundo-perimetros-300x187.jpg\"><\/a><\/td>\n<td><a href=\"https:\/\/www.mundoprimaria.com\/juegos-educativos\/juegos-matematicas\/juego-de-areas-para-primaria\"><img decoding=\"async\" src=\"https:\/\/blogsaverroes.juntadeandalucia.es\/verainqueclase\/files\/2020\/12\/mundo-areas-2-300x187.jpg\"><\/a><\/td>\n<\/tr>\n<tr>\n<td><a href=\"https:\/\/view.genially.com\/5c6501e87d15495764db41c8\/interactive-content-prueba-reto-figuras-planas\"><img decoding=\"async\" src=\"https:\/\/blogsaverroes.juntadeandalucia.es\/verainqueclase\/files\/2020\/12\/Juego-areas-quizz-2-300x169.jpg\"><\/a><\/td>\n<td><a href=\"https:\/\/view.genially.com\/5c8f39342682f972208750ca\/game-area-de-figuras-planas\"><img decoding=\"async\" src=\"https:\/\/blogsaverroes.juntadeandalucia.es\/verainqueclase\/files\/2020\/12\/Juego-areas-quizz-300x169.jpg\"><\/a><\/td>\n<td><a href=\"https:\/\/view.genially.com\/5eb6a20f8c034e0d162d4c66\/game-breakout-geometria-5o-semana-covid-19\"><img decoding=\"async\" src=\"https:\/\/blogsaverroes.juntadeandalucia.es\/verainqueclase\/files\/2020\/12\/Juego-tri%C3%A1ngulos-300x169.jpg\"><\/a><\/td>\n<\/tr>\n<tr>\n<td><a href=\"https:\/\/view.genially.com\/5b16c11626ce1a1a94f54b64\/interactive-content-proyecto-fortnite\"><img decoding=\"async\" src=\"https:\/\/blogsaverroes.juntadeandalucia.es\/verainqueclase\/files\/2020\/12\/Juego-perimetros-y-%C3%A1reas-300x169.jpg\"><\/a><\/td>\n<td><a href=\"https:\/\/view.genially.com\/5cdc12fd9d5aca0f71e14772\/interactive-content-areapolis\"><img decoding=\"async\" src=\"https:\/\/blogsaverroes.juntadeandalucia.es\/verainqueclase\/files\/2020\/12\/Juego-areapolis-300x169.jpg\"><\/a><\/td>\n<td>&nbsp;<\/td>\n<\/tr>\n<\/tbody>\n<\/table>\n<h4><strong>RESUMEN<\/strong><\/h4>\n<table>\n<tbody>\n<tr>\n<td><a href=\"https:\/\/view.genially.com\/5eafc8d098d6ea0d8c8529b0\/presentation-geometria\"><img decoding=\"async\" src=\"https:\/\/blogsaverroes.juntadeandalucia.es\/verainqueclase\/files\/2020\/12\/Genially-perimetros-y-areas-2-300x169.jpg\"><\/a><\/td>\n<td>&nbsp;<\/td>\n<td>&nbsp;<\/td>\n<\/tr>\n<\/tbody>\n<\/table>\n","protected":false},"excerpt":{"rendered":"<p>Vamos a terminar el curso con un tema nuevo, la medida de las \u00e1reas. Mido superficies. \u00c1rea del cuadrado y del rect\u00e1ngulo. \u00c1rea del tri\u00e1ngulo. \u00c1rea del rombo y el romboide. Mido superficies. \u00c1rea del cuadrado y del rect\u00e1ngulo. \u00c1rea del tri\u00e1ngulo. \u00c1rea del rombo y el romboide. JUEGOS &nbsp; RESUMEN &nbsp; &nbsp;<\/p>\n","protected":false},"author":10452,"featured_media":0,"parent":0,"menu_order":0,"comment_status":"closed","ping_status":"closed","template":"","meta":{"ngg_post_thumbnail":0,"footnotes":""},"aioseo_notices":[],"_links":{"self":[{"href":"https:\/\/blogsaverroes.juntadeandalucia.es\/manuroca03\/wp-json\/wp\/v2\/pages\/1182"}],"collection":[{"href":"https:\/\/blogsaverroes.juntadeandalucia.es\/manuroca03\/wp-json\/wp\/v2\/pages"}],"about":[{"href":"https:\/\/blogsaverroes.juntadeandalucia.es\/manuroca03\/wp-json\/wp\/v2\/types\/page"}],"author":[{"embeddable":true,"href":"https:\/\/blogsaverroes.juntadeandalucia.es\/manuroca03\/wp-json\/wp\/v2\/users\/10452"}],"replies":[{"embeddable":true,"href":"https:\/\/blogsaverroes.juntadeandalucia.es\/manuroca03\/wp-json\/wp\/v2\/comments?post=1182"}],"version-history":[{"count":5,"href":"https:\/\/blogsaverroes.juntadeandalucia.es\/manuroca03\/wp-json\/wp\/v2\/pages\/1182\/revisions"}],"predecessor-version":[{"id":1828,"href":"https:\/\/blogsaverroes.juntadeandalucia.es\/manuroca03\/wp-json\/wp\/v2\/pages\/1182\/revisions\/1828"}],"wp:attachment":[{"href":"https:\/\/blogsaverroes.juntadeandalucia.es\/manuroca03\/wp-json\/wp\/v2\/media?parent=1182"}],"curies":[{"name":"wp","href":"https:\/\/api.w.org\/{rel}","templated":true}]}}