{"id":1183,"date":"2021-06-06T15:35:20","date_gmt":"2021-06-06T15:35:20","guid":{"rendered":"https:\/\/blogsaverroes.juntadeandalucia.es\/manuroca03\/?page_id=1183"},"modified":"2021-06-20T14:00:38","modified_gmt":"2021-06-20T14:00:38","slug":"actividades-t11","status":"publish","type":"page","link":"https:\/\/blogsaverroes.juntadeandalucia.es\/manuroca03\/actividades-t11\/","title":{"rendered":"Actividades T11"},"content":{"rendered":"<div><span style=\"color: #0000ff\"><strong>* ACTIVIDADES COMUNES (CUADERNO):<\/strong><\/span><\/div>\n<div><strong>1. Los pol\u00edgonos.<\/strong><\/div>\n<div><strong>2. Clasificaci\u00f3n de tri\u00e1ngulos.<\/strong><\/div>\n<div><strong>3. Clasificaci\u00f3n de cuadril\u00e1teros.<\/strong><\/div>\n<div><strong>4. Circunferencia y c\u00edrculo.<\/strong><\/div>\n<div><strong>5. Posiciones de rectas y circunferencias.<\/strong><\/div>\n<div><strong>6. Los poliedros.&nbsp;<\/strong><\/div>\n<div><strong>7. Los prismas y las pir\u00e1mides.<\/strong><\/div>\n<div><strong>8. Cilindros, conos y esferas.<\/strong><\/div>\n<div><strong>9. Multiplica n\u00fameros de dos cifras por 11 y por 101.<\/strong><\/div>\n<div><iframe loading=\"lazy\" src=\"https:\/\/drive.google.com\/file\/d\/1_KQhOjm7spU7mqOGi03RsZZ5A1URRL22\/preview\" width=\"640\" height=\"480\"><\/iframe>&nbsp;<\/div>\n<div>&nbsp;<\/div>\n<div>\n<div><span style=\"color: #0000ff\"><strong>* ACTIVIDADES COMPLEMENTARIAS (FICHAS):<\/strong><\/span><\/div>\n<ul>\n<li><strong>&nbsp; MISI\u00d3N 11-12 DE LOS S\u00daPER MATIH\u00c9ROES \u00abMALVADA CONTRADICCI\u00d3N\u00bb:<\/strong><\/li>\n<\/ul>\n<\/div>\n<p><iframe loading=\"lazy\" src=\"https:\/\/drive.google.com\/file\/d\/1EhQuEVm4wpstgYUjKZSw5Nx9ErPiN3_8\/preview\" width=\"640\" height=\"480\"><\/iframe>&nbsp;<\/p>\n<div><span style=\"color: #0000ff\"><strong>* ACTIVIDADES DE REFUERZO Y AMPLIACI\u00d3N (DIGITALES):<\/strong><\/span><\/div>\n<ul>\n<li><strong>REPASO DE LAS FORMAS PLANAS Y ESPACIALES:<\/strong><\/li>\n<\/ul>\n<p><a href=\"https:\/\/cplosangeles.educarex.es\/web\/quinto_curso\/matematicas_5\/index.htm\"><img loading=\"lazy\" decoding=\"async\" class=\"alignnone wp-image-476\" src=\"https:\/\/blogsaverroes.juntadeandalucia.es\/manuroca03\/files\/2020\/10\/Captura-1-300x91.jpg\" alt=\"\" width=\"610\" height=\"185\" srcset=\"https:\/\/blogsaverroes.juntadeandalucia.es\/manuroca03\/files\/2020\/10\/Captura-1-300x91.jpg 300w, https:\/\/blogsaverroes.juntadeandalucia.es\/manuroca03\/files\/2020\/10\/Captura-1-1024x312.jpg 1024w, https:\/\/blogsaverroes.juntadeandalucia.es\/manuroca03\/files\/2020\/10\/Captura-1-768x234.jpg 768w, https:\/\/blogsaverroes.juntadeandalucia.es\/manuroca03\/files\/2020\/10\/Captura-1-24x7.jpg 24w, https:\/\/blogsaverroes.juntadeandalucia.es\/manuroca03\/files\/2020\/10\/Captura-1-36x11.jpg 36w, https:\/\/blogsaverroes.juntadeandalucia.es\/manuroca03\/files\/2020\/10\/Captura-1-48x15.jpg 48w, https:\/\/blogsaverroes.juntadeandalucia.es\/manuroca03\/files\/2020\/10\/Captura-1.jpg 1285w\" sizes=\"(max-width: 610px) 100vw, 610px\" \/><\/a><\/p>\n<ul>\n<li><strong>MUNDOPRIMARIA \u00abJUEGO POLIEDROS\u00bb:<\/strong><\/li>\n<\/ul>\n<p><a href=\"https:\/\/www.mundoprimaria.com\/juegos-educativos\/juegos-matematicas\/juego-tipos-de-poliedros\"><img loading=\"lazy\" decoding=\"async\" class=\"alignnone size-full wp-image-1251\" src=\"https:\/\/blogsaverroes.juntadeandalucia.es\/manuroca03\/files\/2021\/06\/juego-mundo-figuras-300x169-1.jpg\" alt=\"\" width=\"300\" height=\"169\"><\/a><\/p>\n<ul>\n<li><strong>MUNDOPRIMARIA \u00abJUEGO CARAS POLIEDROS\u00bb:<\/strong><\/li>\n<\/ul>\n<p><a href=\"https:\/\/www.mundoprimaria.com\/juegos-educativos\/juegos-matematicas\/juego-caras-de-poliedros\"><img loading=\"lazy\" decoding=\"async\" class=\"alignnone size-full wp-image-1250\" src=\"https:\/\/blogsaverroes.juntadeandalucia.es\/manuroca03\/files\/2021\/06\/juego-mundo-figuras-2-300x169-1.jpg\" alt=\"\" width=\"300\" height=\"169\"><\/a><\/p>\n<ul>\n<li><strong>WORDWALL \u00abCUERPOS GEOM\u00c9TRICOS\u00bb:<\/strong><\/li>\n<\/ul>\n<p><a href=\"https:\/\/wordwall.net\/es\/resource\/2392393\/clasifica-los-cuerpos-geom%c3%a9tricos-en\"><img loading=\"lazy\" decoding=\"async\" class=\"alignnone size-full wp-image-1244\" src=\"https:\/\/blogsaverroes.juntadeandalucia.es\/manuroca03\/files\/2021\/06\/juego-wordwall-300x169-1.jpg\" alt=\"\" width=\"300\" height=\"169\"><\/a><\/p>\n<p>&nbsp;<\/p>\n","protected":false},"excerpt":{"rendered":"<p>* ACTIVIDADES COMUNES (CUADERNO): 1. Los pol\u00edgonos. 2. Clasificaci\u00f3n de tri\u00e1ngulos. 3. Clasificaci\u00f3n de cuadril\u00e1teros. 4. Circunferencia y c\u00edrculo. 5. Posiciones de rectas y circunferencias. 6. Los poliedros.&nbsp; 7. Los prismas y las pir\u00e1mides. 8. Cilindros, conos y esferas. 9. Multiplica n\u00fameros de dos cifras por 11 y por 101. &nbsp; &nbsp; * ACTIVIDADES COMPLEMENTARIAS &hellip; <\/p>\n<p><a class=\"more-link btn\" href=\"https:\/\/blogsaverroes.juntadeandalucia.es\/manuroca03\/actividades-t11\/\">Seguir leyendo<\/a><\/p>\n","protected":false},"author":10452,"featured_media":0,"parent":0,"menu_order":0,"comment_status":"closed","ping_status":"closed","template":"","meta":{"ngg_post_thumbnail":0,"footnotes":""},"aioseo_notices":[],"_links":{"self":[{"href":"https:\/\/blogsaverroes.juntadeandalucia.es\/manuroca03\/wp-json\/wp\/v2\/pages\/1183"}],"collection":[{"href":"https:\/\/blogsaverroes.juntadeandalucia.es\/manuroca03\/wp-json\/wp\/v2\/pages"}],"about":[{"href":"https:\/\/blogsaverroes.juntadeandalucia.es\/manuroca03\/wp-json\/wp\/v2\/types\/page"}],"author":[{"embeddable":true,"href":"https:\/\/blogsaverroes.juntadeandalucia.es\/manuroca03\/wp-json\/wp\/v2\/users\/10452"}],"replies":[{"embeddable":true,"href":"https:\/\/blogsaverroes.juntadeandalucia.es\/manuroca03\/wp-json\/wp\/v2\/comments?post=1183"}],"version-history":[{"count":8,"href":"https:\/\/blogsaverroes.juntadeandalucia.es\/manuroca03\/wp-json\/wp\/v2\/pages\/1183\/revisions"}],"predecessor-version":[{"id":1267,"href":"https:\/\/blogsaverroes.juntadeandalucia.es\/manuroca03\/wp-json\/wp\/v2\/pages\/1183\/revisions\/1267"}],"wp:attachment":[{"href":"https:\/\/blogsaverroes.juntadeandalucia.es\/manuroca03\/wp-json\/wp\/v2\/media?parent=1183"}],"curies":[{"name":"wp","href":"https:\/\/api.w.org\/{rel}","templated":true}]}}