{"id":1184,"date":"2021-06-06T15:35:20","date_gmt":"2021-06-06T15:35:20","guid":{"rendered":"https:\/\/blogsaverroes.juntadeandalucia.es\/manuroca03\/?page_id=1184"},"modified":"2021-06-20T13:59:58","modified_gmt":"2021-06-20T13:59:58","slug":"actividades-t12","status":"publish","type":"page","link":"https:\/\/blogsaverroes.juntadeandalucia.es\/manuroca03\/actividades-t12\/","title":{"rendered":"Actividades T12"},"content":{"rendered":"<div><span style=\"color: #0000ff\"><strong>* ACTIVIDADES COMUNES (CUADERNO):<\/strong><\/span><\/div>\n<div><strong>1. La medida de la superficie.<\/strong><\/div>\n<div><strong>2. Unidades de superficie.<\/strong><\/div>\n<div><strong>3. Per\u00edmetro y \u00e1rea del cuadrado.<\/strong><\/div>\n<div><strong>4. Per\u00edmetro y \u00e1rea del rect\u00e1ngulo.<\/strong><\/div>\n<div><strong>5. \u00c1rea del romboide.<\/strong><\/div>\n<div><strong>6. \u00c1rea del rombo.&nbsp;<\/strong><\/div>\n<div><strong>7. \u00c1rea del tri\u00e1ngulo.<\/strong><\/div>\n<div><strong>8. Multiplica n\u00fameros de dos cifras por 0,1 y por 0,01.<\/strong><\/div>\n<div><iframe loading=\"lazy\" src=\"https:\/\/drive.google.com\/file\/d\/1ZuaBh_nrBW1PHBDBCMeh3BTZ5ab-FjbO\/preview\" width=\"640\" height=\"480\"><\/iframe>&nbsp;<\/div>\n<div>&nbsp;<\/div>\n<div>\n<div><span style=\"color: #0000ff\"><strong>* ACTIVIDADES COMPLEMENTARIAS (FICHAS):<\/strong><\/span><\/div>\n<ul>\n<li><strong>&nbsp; MISI\u00d3N 11-12 DE LOS S\u00daPER MATIH\u00c9ROES \u00abMALVADO DEDEKING\u00bb:<\/strong><\/li>\n<\/ul>\n<\/div>\n<p><iframe loading=\"lazy\" src=\"https:\/\/drive.google.com\/file\/d\/1EhQuEVm4wpstgYUjKZSw5Nx9ErPiN3_8\/preview\" width=\"640\" height=\"480\"><\/iframe>&nbsp;<\/p>\n<div><span style=\"color: #0000ff\"><strong>* ACTIVIDADES DE REFUERZO Y AMPLIACI\u00d3N (DIGITALES):<\/strong><\/span><\/div>\n<ul>\n<li><strong>REPASO DE PER\u00cdMETROS Y \u00c1REAS:<\/strong><\/li>\n<\/ul>\n<p><a href=\"https:\/\/cplosangeles.educarex.es\/web\/quinto_curso\/matematicas_5\/index.htm\"><img loading=\"lazy\" decoding=\"async\" class=\"alignnone wp-image-476\" src=\"https:\/\/blogsaverroes.juntadeandalucia.es\/manuroca03\/files\/2020\/10\/Captura-1-300x91.jpg\" alt=\"\" width=\"610\" height=\"185\" srcset=\"https:\/\/blogsaverroes.juntadeandalucia.es\/manuroca03\/files\/2020\/10\/Captura-1-300x91.jpg 300w, https:\/\/blogsaverroes.juntadeandalucia.es\/manuroca03\/files\/2020\/10\/Captura-1-1024x312.jpg 1024w, https:\/\/blogsaverroes.juntadeandalucia.es\/manuroca03\/files\/2020\/10\/Captura-1-768x234.jpg 768w, https:\/\/blogsaverroes.juntadeandalucia.es\/manuroca03\/files\/2020\/10\/Captura-1-24x7.jpg 24w, https:\/\/blogsaverroes.juntadeandalucia.es\/manuroca03\/files\/2020\/10\/Captura-1-36x11.jpg 36w, https:\/\/blogsaverroes.juntadeandalucia.es\/manuroca03\/files\/2020\/10\/Captura-1-48x15.jpg 48w, https:\/\/blogsaverroes.juntadeandalucia.es\/manuroca03\/files\/2020\/10\/Captura-1.jpg 1285w\" sizes=\"(max-width: 610px) 100vw, 610px\" \/><\/a><\/p>\n<ul>\n<li><strong>MUNDOPRIMARIA \u00abCALCULAR \u00c1REAS\u00bb:<\/strong><\/li>\n<\/ul>\n<p><a href=\"https:\/\/www.mundoprimaria.com\/juegos-educativos\/juegos-matematicas\/juego-calcular-area-prismas\"><img loading=\"lazy\" decoding=\"async\" class=\"alignnone size-full wp-image-1248\" src=\"https:\/\/blogsaverroes.juntadeandalucia.es\/manuroca03\/files\/2021\/06\/juego-mundo-figuras-4-300x169-1.jpg\" alt=\"\" width=\"300\" height=\"169\"><\/a><\/p>\n<ul>\n<li><strong>GENIALLY \u00ab\u00c1REAS\u00bb:<\/strong><\/li>\n<\/ul>\n<div style=\"width: 100%\">\n<div style=\"padding-bottom: 56.25%;padding-top: 0;height: 0\"><iframe loading=\"lazy\" src=\"https:\/\/view.genial.ly\/5b16c11626ce1a1a94f54b64\" width=\"600px\" height=\"375px\" frameborder=\"0\" scrolling=\"yes\"><span data-mce-type=\"bookmark\" style=\"width: 0px;overflow: hidden;line-height: 0\" class=\"mce_SELRES_start\">\ufeff<\/span><\/iframe><\/div>\n<\/div>\n<p>&nbsp;<\/p>\n","protected":false},"excerpt":{"rendered":"<p>* ACTIVIDADES COMUNES (CUADERNO): 1. La medida de la superficie. 2. Unidades de superficie. 3. Per\u00edmetro y \u00e1rea del cuadrado. 4. Per\u00edmetro y \u00e1rea del rect\u00e1ngulo. 5. \u00c1rea del romboide. 6. \u00c1rea del rombo.&nbsp; 7. \u00c1rea del tri\u00e1ngulo. 8. Multiplica n\u00fameros de dos cifras por 0,1 y por 0,01. &nbsp; &nbsp; * ACTIVIDADES COMPLEMENTARIAS (FICHAS): &hellip; <\/p>\n<p><a class=\"more-link btn\" href=\"https:\/\/blogsaverroes.juntadeandalucia.es\/manuroca03\/actividades-t12\/\">Seguir leyendo<\/a><\/p>\n","protected":false},"author":10452,"featured_media":0,"parent":0,"menu_order":0,"comment_status":"closed","ping_status":"closed","template":"","meta":{"ngg_post_thumbnail":0,"footnotes":""},"aioseo_notices":[],"_links":{"self":[{"href":"https:\/\/blogsaverroes.juntadeandalucia.es\/manuroca03\/wp-json\/wp\/v2\/pages\/1184"}],"collection":[{"href":"https:\/\/blogsaverroes.juntadeandalucia.es\/manuroca03\/wp-json\/wp\/v2\/pages"}],"about":[{"href":"https:\/\/blogsaverroes.juntadeandalucia.es\/manuroca03\/wp-json\/wp\/v2\/types\/page"}],"author":[{"embeddable":true,"href":"https:\/\/blogsaverroes.juntadeandalucia.es\/manuroca03\/wp-json\/wp\/v2\/users\/10452"}],"replies":[{"embeddable":true,"href":"https:\/\/blogsaverroes.juntadeandalucia.es\/manuroca03\/wp-json\/wp\/v2\/comments?post=1184"}],"version-history":[{"count":8,"href":"https:\/\/blogsaverroes.juntadeandalucia.es\/manuroca03\/wp-json\/wp\/v2\/pages\/1184\/revisions"}],"predecessor-version":[{"id":1266,"href":"https:\/\/blogsaverroes.juntadeandalucia.es\/manuroca03\/wp-json\/wp\/v2\/pages\/1184\/revisions\/1266"}],"wp:attachment":[{"href":"https:\/\/blogsaverroes.juntadeandalucia.es\/manuroca03\/wp-json\/wp\/v2\/media?parent=1184"}],"curies":[{"name":"wp","href":"https:\/\/api.w.org\/{rel}","templated":true}]}}