{"id":1423,"date":"2022-09-16T15:25:54","date_gmt":"2022-09-16T15:25:54","guid":{"rendered":"https:\/\/blogsaverroes.juntadeandalucia.es\/manuroca03\/?page_id=1423"},"modified":"2023-10-15T12:25:53","modified_gmt":"2023-10-15T12:25:53","slug":"actividades-1","status":"publish","type":"page","link":"https:\/\/blogsaverroes.juntadeandalucia.es\/manuroca03\/actividades-1\/","title":{"rendered":"LC5\u00baU1.Escucho al \u00e1rbol"},"content":{"rendered":"<p>Comenzamos el curso de 5\u00ba con una unidad en la que ya conocemos muchas cosas:<\/p>\n<ul>\n<li>Usaremos el diccionario y recordaremos qu\u00e9 era el lenguaje verbal y no verbal.<\/li>\n<li>Escribiremos un texto literario.<\/li>\n<li>Aprenderemos los elementos de la comunicaci\u00f3n.<\/li>\n<li>Buscaremos la s\u00edlaba t\u00f3nica de una palabra y clasificaremos las palabras en agudas, llanas y esdr\u00fajulas.<\/li>\n<\/ul>\n<p><strong>1.-ME EXPRESO. EL DICCIONARIO.<\/strong><\/p>\n<div style=\"width: 100%\">\n<div style=\"padding-bottom: 56.25%;padding-top: 0;height: 0\"><iframe loading=\"lazy\" src=\"https:\/\/view.genial.ly\/6516f7300b392c001185ebb3\" width=\"737\" height=\"413\" frameborder=\"0\" scrolling=\"yes\"><\/iframe><\/div>\n<div>&nbsp;<\/div>\n<\/div>\n<table>\n<tbody>\n<tr>\n<td><a href=\"https:\/\/view.genial.ly\/5af8afff44f5dc7772731ab0\/interactive-content-uso-del-diccionario\"><img decoding=\"async\" src=\"https:\/\/blogsaverroes.juntadeandalucia.es\/verainqueclase\/files\/2022\/07\/juego-diccionario-300x168.jpg\"><\/a><\/td>\n<td><a href=\"https:\/\/www.mundoprimaria.com\/juegos-educativos\/juegos-lenguaje\/juego-de-orden-alfabetico\"><img decoding=\"async\" src=\"https:\/\/blogsaverroes.juntadeandalucia.es\/verainqueclase\/files\/2021\/08\/juego-orden-alfab%C3%A9tico-300x168.jpg\"><\/a><\/td>\n<td>&nbsp;<\/td>\n<\/tr>\n<\/tbody>\n<\/table>\n<p>&nbsp;<br \/>\n<strong>2.-ME EXPRESO EN VOZ ALTA. LENGUAJE VERBAL Y NO VERBAL.<\/strong><\/p>\n<p><a href=\"https:\/\/view.genial.ly\/612f86a174ba560dd20d61c8\/horizontal-infographic-lists-lenguaje-verbal-y-no-verbal\"><img loading=\"lazy\" decoding=\"async\" class=\"\" src=\"https:\/\/blogsaverroes.juntadeandalucia.es\/verainqueclase\/files\/2021\/09\/genially-lenguaje-verbal-no-verbal-300x168.jpg\" width=\"737\" height=\"413\"><\/a><\/p>\n<table>\n<tbody>\n<tr>\n<td><a href=\"https:\/\/www.mundoprimaria.com\/juegos-educativos\/juegos-lenguaje\/juego-comunicacion-no-verbal\"><img decoding=\"async\" src=\"https:\/\/blogsaverroes.juntadeandalucia.es\/verainqueclase\/files\/2021\/09\/juego-verbal-no-verbal-300x168.jpg\"><\/a><\/td>\n<td>&nbsp;<\/td>\n<td>&nbsp;<\/td>\n<\/tr>\n<\/tbody>\n<\/table>\n<h4><strong>3.-LOS TEXTOS LITERARIOS.<\/strong><\/h4>\n<p><a href=\"https:\/\/view.genial.ly\/62c1fc052d287d0011fe2174\/horizontal-infographic-lists-4o-generos-literarios\"><img loading=\"lazy\" decoding=\"async\" class=\"\" src=\"https:\/\/blogsaverroes.juntadeandalucia.es\/verainqueclase\/files\/2022\/07\/genially-g%C3%A9neros-literarios-300x168.jpg\" width=\"718\" height=\"402\"><\/a><\/p>\n<table>\n<tbody>\n<tr>\n<td><a href=\"https:\/\/view.genial.ly\/5db1305e42f1f60f5fc54436\/learning-experience-challenges-generos-literarios\"><img decoding=\"async\" src=\"https:\/\/blogsaverroes.juntadeandalucia.es\/verainqueclase\/files\/2022\/07\/juego-g%C3%A9neros-literarios-300x168.jpg\"><\/a><\/td>\n<td>&nbsp;<\/td>\n<td>&nbsp;<\/td>\n<\/tr>\n<\/tbody>\n<\/table>\n<h4><strong>4.-LA COMUNICACI\u00d3N.<\/strong><\/h4>\n<p><a href=\"https:\/\/view.genial.ly\/6346b7902de19b0017ccfc63\/interactive-content-41-comunicacion\"><img loading=\"lazy\" decoding=\"async\" class=\"\" src=\"https:\/\/blogsaverroes.juntadeandalucia.es\/verainqueclase\/files\/2022\/10\/genially-comunicaci%C3%B3n-300x176.jpg\" width=\"782\" height=\"459\"><\/a><\/p>\n<h4><strong>5.-LA S\u00cdLABA T\u00d3NICA. PALABRAS AGUDAS, LLANAS Y ESDR\u00daJULAS.<\/strong><\/h4>\n<p><a href=\"https:\/\/view.genial.ly\/5f81c03e9d6d260d614bccdc\/vertical-infographic-la-silaba\"><img loading=\"lazy\" decoding=\"async\" class=\"\" src=\"https:\/\/blogsaverroes.juntadeandalucia.es\/verainqueclase\/files\/2022\/07\/genially-la-s%C3%ADlaba-300x168.jpg\" width=\"839\" height=\"470\"><\/a><\/p>\n<table>\n<tbody>\n<tr>\n<td><a href=\"https:\/\/view.genial.ly\/602ebb35dce00804163c3c2f\/interactive-content-letras-a-la-fuga\"><img decoding=\"async\" src=\"https:\/\/blogsaverroes.juntadeandalucia.es\/verainqueclase\/files\/2022\/07\/juego-letras-a-la-fuga-300x168.jpg\"><\/a><\/td>\n<td><a href=\"https:\/\/view.genial.ly\/607d32a86dd96a0d4b4b760d\/interactive-content-cifras-y-letras\"><img decoding=\"async\" src=\"https:\/\/blogsaverroes.juntadeandalucia.es\/verainqueclase\/files\/2022\/07\/juego-cifras-y-letras-300x168.jpg\"><\/a><\/td>\n<td><a href=\"https:\/\/view.genial.ly\/5db12cdd5481630f7252382c\/game-silabas\"><img decoding=\"async\" src=\"https:\/\/blogsaverroes.juntadeandalucia.es\/verainqueclase\/files\/2022\/07\/juego-s%C3%ADlabas-300x168.jpg\"><\/a><\/td>\n<\/tr>\n<tr>\n<td><a href=\"https:\/\/view.genial.ly\/5f9a9e1dc49a800d1364e6d3\/game-tira-a-la-profe-la-silabauso-de-mayuscula\"><img decoding=\"async\" src=\"https:\/\/blogsaverroes.juntadeandalucia.es\/verainqueclase\/files\/2022\/07\/juego-s%C3%ADlabas-2-300x168.jpg\"><\/a><\/td>\n<td>&nbsp;<\/td>\n<td>&nbsp;<\/td>\n<\/tr>\n<\/tbody>\n<\/table>\n<p><a href=\"https:\/\/view.genial.ly\/6107cc189600b60de4d5a9e6\/horizontal-infographic-lists-silaba-tonica\"><img loading=\"lazy\" decoding=\"async\" class=\"\" src=\"https:\/\/blogsaverroes.juntadeandalucia.es\/verainqueclase\/files\/2022\/07\/genially-palabras-agudas-llanas-y-esdr%C3%BAjulas-300x168.jpg\" width=\"829\" height=\"464\"><\/a><\/p>\n<table>\n<tbody>\n<tr>\n<td><a href=\"https:\/\/view.genial.ly\/5db726775481630f725665f0\/game-silaba-tonica\"><img decoding=\"async\" src=\"https:\/\/blogsaverroes.juntadeandalucia.es\/verainqueclase\/files\/2022\/07\/juego-s%C3%ADlaba-t%C3%B3nica-300x168.jpg\"><\/a><\/td>\n<td><a href=\"https:\/\/view.genial.ly\/5deec974c1fa470f558a98c7\/game-mision-imposible-24ponemos-el-acento-en-los-juegos-paralimpicos\"><img decoding=\"async\" src=\"https:\/\/blogsaverroes.juntadeandalucia.es\/verainqueclase\/files\/2022\/07\/juego-tildes-300x168.jpg\"><\/a><\/td>\n<td><a href=\"https:\/\/view.genial.ly\/5d91d9adb030800f4e01f17d\"><img decoding=\"async\" src=\"https:\/\/blogsaverroes.juntadeandalucia.es\/verainqueclase\/files\/2022\/07\/juego-agudas-llanas-300x168.jpg\"><\/a><\/td>\n<\/tr>\n<tr>\n<td><img decoding=\"async\" src=\"https:\/\/blogsaverroes.juntadeandalucia.es\/verainqueclase\/files\/2022\/07\/juego-ahora-caigo-300x168.jpg\"><\/td>\n<td><a href=\"https:\/\/www.mundoprimaria.com\/juegos-educativos\/juegos-lenguaje\/ejercicios-agudas-llanas-esdrujulas\"><img decoding=\"async\" src=\"https:\/\/blogsaverroes.juntadeandalucia.es\/verainqueclase\/files\/2022\/07\/juego-palabras-tildes-300x168.jpg\"><\/a><\/td>\n<td><a href=\"https:\/\/www.mundoprimaria.com\/juegos-educativos\/juegos-lenguaje\/juego-agudas\"><img decoding=\"async\" src=\"https:\/\/blogsaverroes.juntadeandalucia.es\/verainqueclase\/files\/2022\/07\/juego-palabras-tildes-2-300x168.jpg\"><\/a><\/td>\n<\/tr>\n<tr>\n<td><a href=\"https:\/\/www.mundoprimaria.com\/juegos-educativos\/juegos-lenguaje\/juego-llanas\"><img decoding=\"async\" src=\"https:\/\/blogsaverroes.juntadeandalucia.es\/verainqueclase\/files\/2022\/07\/juego-palabras-tildes-3-300x168.jpg\"><\/a><\/td>\n<td><a href=\"https:\/\/www.mundoprimaria.com\/juegos-educativos\/juegos-lenguaje\/juego-esdrujulas\"><img decoding=\"async\" src=\"https:\/\/blogsaverroes.juntadeandalucia.es\/verainqueclase\/files\/2022\/07\/juego-palabras-tildes-4-300x168.jpg\"><\/a><\/td>\n<td><a href=\"https:\/\/www.mundoprimaria.com\/juegos-educativos\/juegos-lenguaje\/juego-tilde\"><img decoding=\"async\" src=\"https:\/\/blogsaverroes.juntadeandalucia.es\/verainqueclase\/files\/2022\/07\/juego-palabras-tildes-5-300x168.jpg\"><\/a><\/td>\n<\/tr>\n<tr>\n<td><a href=\"https:\/\/view.genial.ly\/5bbf85fb3292ef649e9c13b4\/interactive-content-acentuacion-de-palabras\"><img decoding=\"async\" src=\"https:\/\/blogsaverroes.juntadeandalucia.es\/verainqueclase\/files\/2020\/10\/tildes-laberinto-300x169.jpg\"><\/a><\/td>\n<td><a href=\"https:\/\/view.genial.ly\/5eb0341ed948e90d85cd14f2\/game-breakout-lengua\"><img decoding=\"async\" src=\"https:\/\/blogsaverroes.juntadeandalucia.es\/verainqueclase\/files\/2020\/10\/tildes-breakout-300x169.jpg\"><\/a><\/td>\n<td><a href=\"https:\/\/wordwall.net\/es\/resource\/2648227\"><img decoding=\"async\" src=\"https:\/\/blogsaverroes.juntadeandalucia.es\/verainqueclase\/files\/2020\/10\/tildes-caja-wordwall-300x156.jpg\"><\/a><\/td>\n<\/tr>\n<tr>\n<td><a href=\"https:\/\/view.genial.ly\/5c0d49bf63c61b0204a92d82\/interactive-content-1xespecial-una-noche-buena-de-muerte\"><img decoding=\"async\" src=\"https:\/\/blogsaverroes.juntadeandalucia.es\/verainqueclase\/files\/2020\/10\/Tildes-Sherlock-Ort-300x196.jpg\"><\/a><\/td>\n<td>&nbsp;<\/td>\n<td>&nbsp;<\/td>\n<\/tr>\n<\/tbody>\n<\/table>\n<p>&nbsp;<\/p>\n","protected":false},"excerpt":{"rendered":"<p>Comenzamos el curso de 5\u00ba con una unidad en la que ya conocemos muchas cosas: Usaremos el diccionario y recordaremos qu\u00e9 era el lenguaje verbal y no verbal. Escribiremos un texto literario. Aprenderemos los elementos de la comunicaci\u00f3n. Buscaremos la s\u00edlaba t\u00f3nica de una palabra y clasificaremos las palabras en agudas, llanas y esdr\u00fajulas. 1.-ME &hellip; <\/p>\n<p><a class=\"more-link btn\" href=\"https:\/\/blogsaverroes.juntadeandalucia.es\/manuroca03\/actividades-1\/\">Seguir leyendo<\/a><\/p>\n","protected":false},"author":10452,"featured_media":0,"parent":0,"menu_order":0,"comment_status":"closed","ping_status":"closed","template":"","meta":{"ngg_post_thumbnail":0,"footnotes":""},"aioseo_notices":[],"_links":{"self":[{"href":"https:\/\/blogsaverroes.juntadeandalucia.es\/manuroca03\/wp-json\/wp\/v2\/pages\/1423"}],"collection":[{"href":"https:\/\/blogsaverroes.juntadeandalucia.es\/manuroca03\/wp-json\/wp\/v2\/pages"}],"about":[{"href":"https:\/\/blogsaverroes.juntadeandalucia.es\/manuroca03\/wp-json\/wp\/v2\/types\/page"}],"author":[{"embeddable":true,"href":"https:\/\/blogsaverroes.juntadeandalucia.es\/manuroca03\/wp-json\/wp\/v2\/users\/10452"}],"replies":[{"embeddable":true,"href":"https:\/\/blogsaverroes.juntadeandalucia.es\/manuroca03\/wp-json\/wp\/v2\/comments?post=1423"}],"version-history":[{"count":9,"href":"https:\/\/blogsaverroes.juntadeandalucia.es\/manuroca03\/wp-json\/wp\/v2\/pages\/1423\/revisions"}],"predecessor-version":[{"id":1640,"href":"https:\/\/blogsaverroes.juntadeandalucia.es\/manuroca03\/wp-json\/wp\/v2\/pages\/1423\/revisions\/1640"}],"wp:attachment":[{"href":"https:\/\/blogsaverroes.juntadeandalucia.es\/manuroca03\/wp-json\/wp\/v2\/media?parent=1423"}],"curies":[{"name":"wp","href":"https:\/\/api.w.org\/{rel}","templated":true}]}}