{"id":1630,"date":"2023-10-12T08:49:40","date_gmt":"2023-10-12T08:49:40","guid":{"rendered":"https:\/\/blogsaverroes.juntadeandalucia.es\/manuroca03\/?page_id=1630"},"modified":"2023-10-15T12:28:23","modified_gmt":"2023-10-15T12:28:23","slug":"u2_lc_5oep","status":"publish","type":"page","link":"https:\/\/blogsaverroes.juntadeandalucia.es\/manuroca03\/u2_lc_5oep\/","title":{"rendered":"LC5\u00baU2.Vivo la cultura"},"content":{"rendered":"<p>En la unidad 2 de lengua vamos a aprender las siguientes cosas:<\/p>\n<ul>\n<li>Escucharemos y leeremos textos expositivos.<\/li>\n<li>Conoceremos los neologismos y los arca\u00edsmos.<\/li>\n<li>Haremos una exposici\u00f3n oral buscando informaci\u00f3n previa.<\/li>\n<li>Escribiremos un buen texto.<\/li>\n<li>Veremos la diferencia entre lenguaje, lengua y dialecto.<\/li>\n<li>Repasaremos las reglas generales de acentuaci\u00f3n.<\/li>\n<\/ul>\n<h4><strong>1.- EL TEXTO EXPOSITIVO.<\/strong><\/h4>\n<p><a href=\"https:\/\/view.genial.ly\/64fc9619fa32910011efcc87\/horizontal-infographic-lists-copia-el-texto\"><img loading=\"lazy\" decoding=\"async\" class=\"\" src=\"https:\/\/blogsaverroes.juntadeandalucia.es\/verainqueclase\/files\/2020\/10\/El-texto-300x151.jpg\" width=\"695\" height=\"350\"><\/a><\/p>\n<h4><strong>2.- LOS NEOLOGISMOS Y ARCAISMOS.<\/strong><\/h4>\n<p><a href=\"https:\/\/view.genial.ly\/64fc9af3d0439400112c8b23\/horizontal-infographic-review-copia-411-neologismosy-extranjerismos\"><img loading=\"lazy\" decoding=\"async\" class=\"\" src=\"https:\/\/blogsaverroes.juntadeandalucia.es\/verainqueclase\/files\/2023\/05\/Genially-neologismos-300x149.jpg\" width=\"771\" height=\"383\"><\/a><\/p>\n<table>\n<tbody>\n<tr>\n<td><a href=\"https:\/\/www.mundoprimaria.com\/juegos-educativos\/juegos-lenguaje\/juego-neologismos\"><img decoding=\"async\" src=\"https:\/\/blogsaverroes.juntadeandalucia.es\/verainqueclase\/files\/2020\/12\/juego-mundo-neologismos-300x166.jpg\"><\/a><\/td>\n<td><a href=\"https:\/\/www.mundoprimaria.com\/juegos-educativos\/jueg-len-voc-54\"><img decoding=\"async\" src=\"https:\/\/blogsaverroes.juntadeandalucia.es\/verainqueclase\/files\/2023\/05\/JUEGO-NEOLOGISMOS-300x149.jpg\"><\/a><\/td>\n<td>&nbsp;<\/td>\n<\/tr>\n<\/tbody>\n<\/table>\n<h4><strong>3.- LA EXPOSICI\u00d3N ORAL.<\/strong><\/h4>\n<p><a href=\"https:\/\/view.genial.ly\/62c2d3ca685557001210b8e2\/interactive-content-4o-la-exposicion\"><img loading=\"lazy\" decoding=\"async\" class=\"\" src=\"https:\/\/blogsaverroes.juntadeandalucia.es\/verainqueclase\/files\/2022\/07\/genially-la-exposici%C3%B3n-300x168.jpg\" width=\"737\" height=\"413\"><\/a><\/p>\n<h4><strong>4.- TEXTOS ADECUADOS.<\/strong><\/h4>\n<p><a href=\"https:\/\/view.genial.ly\/64fc9619fa32910011efcc87\/horizontal-infographic-lists-copia-el-texto\"><img loading=\"lazy\" decoding=\"async\" class=\"\" src=\"https:\/\/blogsaverroes.juntadeandalucia.es\/verainqueclase\/files\/2020\/10\/El-texto-300x151.jpg\" width=\"832\" height=\"419\"><\/a><\/p>\n<h4>5.- LENGUAJE, LENGUA Y DIALECTO. LAS LENGUAS DE ESPA\u00d1A.<\/h4>\n<p>La lengua oficial de Espa\u00f1a es el castellano.&nbsp;<\/p>\n<p>Pr\u00e1cticamente en cada Comunidad hay variantes de ese castellano como sucede en Andaluc\u00eda (en algunos sitios se cecea, sesea, se cambian o eliminan consonantes finales\u2026), Murcia, Canarias\u2026<\/p>\n<p>Algunas Comunidades Aut\u00f3nomas tienen lenguas cooficiales:<\/p>\n<ul>\n<li>Catal\u00e1n: se habla en Catalu\u00f1a. Hay variantes en la Comunidad Valenciana (valenciano) y en las Islas Baleares (mallorqu\u00edn).<\/li>\n<li>Euskera: se habla en el Pa\u00eds Vasco y en Navarra.<\/li>\n<li>Gallego:&nbsp; se habla en Galicia.<\/li>\n<\/ul>\n<p><a href=\"https:\/\/view.genial.ly\/5f7a17ef73991b0cf5732ed8\/interactive-image-mapa-de-las-lenguas-oficiales-de-espana\"><img loading=\"lazy\" decoding=\"async\" class=\"\" src=\"https:\/\/blogsaverroes.juntadeandalucia.es\/verainqueclase\/files\/2022\/07\/mapa-lenguas-de-espa%C3%B1a-300x212.jpg\" width=\"715\" height=\"505\"><\/a><\/p>\n<h4><strong>6.- REGLAS GENERALES DE ACENTUACI\u00d3N.<\/strong><\/h4>\n<p><a href=\"https:\/\/view.genial.ly\/6107cc189600b60de4d5a9e6\/horizontal-infographic-lists-silaba-tonica\"><img loading=\"lazy\" decoding=\"async\" class=\"\" src=\"https:\/\/blogsaverroes.juntadeandalucia.es\/verainqueclase\/files\/2022\/07\/genially-palabras-agudas-llanas-y-esdr%C3%BAjulas-300x168.jpg\" width=\"870\" height=\"487\"><\/a><\/p>\n<table>\n<tbody>\n<tr>\n<td><a href=\"https:\/\/view.genial.ly\/5deec974c1fa470f558a98c7\/game-mision-imposible-24ponemos-el-acento-en-los-juegos-paralimpicos\"><img decoding=\"async\" src=\"https:\/\/blogsaverroes.juntadeandalucia.es\/verainqueclase\/files\/2022\/07\/juego-tildes-300x168.jpg\"><\/a><\/td>\n<td><a href=\"https:\/\/view.genial.ly\/5d91d9adb030800f4e01f17d\/game-50-x-15-tipos-de-palabra\"><img decoding=\"async\" src=\"https:\/\/blogsaverroes.juntadeandalucia.es\/verainqueclase\/files\/2022\/07\/juego-agudas-llanas-300x168.jpg\"><\/a><\/td>\n<td><a href=\"https:\/\/view.genial.ly\/5db12e6fb301300f78423660\/game-agudas-llanas-y-esdrujulas\"><img decoding=\"async\" src=\"https:\/\/blogsaverroes.juntadeandalucia.es\/verainqueclase\/files\/2022\/07\/juego-ahora-caigo-300x168.jpg\"><\/a><\/td>\n<\/tr>\n<tr>\n<td><a href=\"https:\/\/www.mundoprimaria.com\/juegos-educativos\/juegos-lenguaje\/ejercicios-agudas-llanas-esdrujulas\"><img decoding=\"async\" src=\"https:\/\/blogsaverroes.juntadeandalucia.es\/verainqueclase\/files\/2022\/07\/juego-palabras-tildes-300x168.jpg\"><\/a><\/td>\n<td><a href=\"https:\/\/www.mundoprimaria.com\/juegos-educativos\/juegos-lenguaje\/juego-agudas\"><img decoding=\"async\" src=\"https:\/\/blogsaverroes.juntadeandalucia.es\/verainqueclase\/files\/2022\/07\/juego-palabras-tildes-2-300x168.jpg\"><\/a><\/td>\n<td><a href=\"https:\/\/www.mundoprimaria.com\/juegos-educativos\/juegos-lenguaje\/juego-llanas\"><img decoding=\"async\" src=\"https:\/\/blogsaverroes.juntadeandalucia.es\/verainqueclase\/files\/2022\/07\/juego-palabras-tildes-3-300x168.jpg\"><\/a><\/td>\n<\/tr>\n<tr>\n<td><a href=\"https:\/\/www.mundoprimaria.com\/juegos-educativos\/juegos-lenguaje\/juego-esdrujulas\"><img decoding=\"async\" src=\"https:\/\/blogsaverroes.juntadeandalucia.es\/verainqueclase\/files\/2022\/07\/juego-palabras-tildes-4-300x168.jpg\"><\/a><\/td>\n<td><a href=\"https:\/\/www.mundoprimaria.com\/juegos-educativos\/juegos-lenguaje\/juego-tilde\"><img decoding=\"async\" src=\"https:\/\/blogsaverroes.juntadeandalucia.es\/verainqueclase\/files\/2022\/07\/juego-palabras-tildes-5-300x168.jpg\"><\/a><\/td>\n<td>&nbsp;<\/td>\n<\/tr>\n<\/tbody>\n<\/table>\n","protected":false},"excerpt":{"rendered":"<p>En la unidad 2 de lengua vamos a aprender las siguientes cosas: Escucharemos y leeremos textos expositivos. Conoceremos los neologismos y los arca\u00edsmos. Haremos una exposici\u00f3n oral buscando informaci\u00f3n previa. Escribiremos un buen texto. Veremos la diferencia entre lenguaje, lengua y dialecto. Repasaremos las reglas generales de acentuaci\u00f3n. 1.- EL TEXTO EXPOSITIVO. 2.- LOS NEOLOGISMOS &hellip; <\/p>\n<p><a class=\"more-link btn\" href=\"https:\/\/blogsaverroes.juntadeandalucia.es\/manuroca03\/u2_lc_5oep\/\">Seguir leyendo<\/a><\/p>\n","protected":false},"author":10452,"featured_media":0,"parent":0,"menu_order":0,"comment_status":"closed","ping_status":"closed","template":"","meta":{"ngg_post_thumbnail":0,"footnotes":""},"aioseo_notices":[],"_links":{"self":[{"href":"https:\/\/blogsaverroes.juntadeandalucia.es\/manuroca03\/wp-json\/wp\/v2\/pages\/1630"}],"collection":[{"href":"https:\/\/blogsaverroes.juntadeandalucia.es\/manuroca03\/wp-json\/wp\/v2\/pages"}],"about":[{"href":"https:\/\/blogsaverroes.juntadeandalucia.es\/manuroca03\/wp-json\/wp\/v2\/types\/page"}],"author":[{"embeddable":true,"href":"https:\/\/blogsaverroes.juntadeandalucia.es\/manuroca03\/wp-json\/wp\/v2\/users\/10452"}],"replies":[{"embeddable":true,"href":"https:\/\/blogsaverroes.juntadeandalucia.es\/manuroca03\/wp-json\/wp\/v2\/comments?post=1630"}],"version-history":[{"count":6,"href":"https:\/\/blogsaverroes.juntadeandalucia.es\/manuroca03\/wp-json\/wp\/v2\/pages\/1630\/revisions"}],"predecessor-version":[{"id":1641,"href":"https:\/\/blogsaverroes.juntadeandalucia.es\/manuroca03\/wp-json\/wp\/v2\/pages\/1630\/revisions\/1641"}],"wp:attachment":[{"href":"https:\/\/blogsaverroes.juntadeandalucia.es\/manuroca03\/wp-json\/wp\/v2\/media?parent=1630"}],"curies":[{"name":"wp","href":"https:\/\/api.w.org\/{rel}","templated":true}]}}