{"id":1656,"date":"2023-11-05T16:42:40","date_gmt":"2023-11-05T16:42:40","guid":{"rendered":"https:\/\/blogsaverroes.juntadeandalucia.es\/manuroca03\/?page_id=1656"},"modified":"2025-11-15T20:19:31","modified_gmt":"2025-11-15T20:19:31","slug":"u3_lc_5oep","status":"publish","type":"page","link":"https:\/\/blogsaverroes.juntadeandalucia.es\/manuroca03\/u3_lc_5oep\/","title":{"rendered":"LC5\u00baU3. \u00a1Quiero ayudar!"},"content":{"rendered":"<p>En la unidad 3 comenzaremos leyendo un texto narrativo y despu\u00e9s haremos muchas m\u00e1s cosas:<\/p>\n<ul>\n<li>Recordaremos las palabras polis\u00e9micas.<\/li>\n<li>Veremos los elementos de la narraci\u00f3n.<\/li>\n<li>Escribiremos un relato.<\/li>\n<li>Repasaremos qu\u00e9 era el nombre. Los clasificaremos seg\u00fan el g\u00e9nero o el n\u00famero.<\/li>\n<li>Aprenderemos qu\u00e9 son el diptongo y el hiato.<\/li>\n<\/ul>\n<h4><strong>Las palabras polis\u00e9micas.<\/strong><\/h4>\n<p><a href=\"https:\/\/view.genially.com\/68ffab6d9d34c19de4f4d602\/interactive-content-palabras-polisemicas\"><img loading=\"lazy\" decoding=\"async\" class=\"\" src=\"https:\/\/blogsaverroes.juntadeandalucia.es\/verainqueclase\/files\/2022\/08\/genially-polis%C3%A9micas-y-hom%C3%B3fonas-300x164.jpg\" width=\"796\" height=\"435\"><\/a><\/p>\n<table>\n<tbody>\n<tr>\n<td><a href=\"https:\/\/wordwall.net\/es\/resource\/14233824\/palabras-polisemicas\"><img decoding=\"async\" class=\"aligncenter\" src=\"https:\/\/blogsaverroes.juntadeandalucia.es\/verainqueclase\/files\/2025\/08\/juego-palabras-polisemicas-300x190.jpg\"><\/a><\/td>\n<td><a href=\"https:\/\/wordwall.net\/es\/resource\/1866171\"><img decoding=\"async\" class=\"aligncenter\" src=\"https:\/\/blogsaverroes.juntadeandalucia.es\/verainqueclase\/files\/2020\/12\/palabras-polisemicas-300x182.jpg\"><\/a><\/td>\n<td><a href=\"https:\/\/wordwall.net\/es\/resource\/1866171\"><img decoding=\"async\" class=\"aligncenter\" src=\"https:\/\/blogsaverroes.juntadeandalucia.es\/verainqueclase\/files\/2021\/09\/juego-polis%C3%A9micas-4-300x175.jpg\"><\/a><\/td>\n<\/tr>\n<tr class=\"alt\">\n<td><a href=\"https:\/\/www.mundoprimaria.com\/juegos-educativos\/lengua-voc-5-1?path=juegos-premium\/6919\"><img loading=\"lazy\" decoding=\"async\" class=\"alignnone size-medium wp-image-5816\" src=\"https:\/\/blogsaverroes.juntadeandalucia.es\/verainqueclase\/files\/2025\/08\/juego-palabras-polisemicas-2-300x178.jpg\" alt=\"\" width=\"300\" height=\"178\"><\/a><\/td>\n<td>&nbsp;<\/td>\n<td>&nbsp;<\/td>\n<\/tr>\n<\/tbody>\n<\/table>\n<h4><strong>Elementos de la narraci\u00f3n.<\/strong><\/h4>\n<p><a href=\"https:\/\/view.genial.ly\/64fca5a5d0439400112ca30d\/interactive-content-copia-partes-de-un-relato\"><img loading=\"lazy\" decoding=\"async\" class=\"\" src=\"https:\/\/blogsaverroes.juntadeandalucia.es\/verainqueclase\/files\/2022\/07\/genially-partes-de-un-relato-300x168.jpg\" width=\"679\" height=\"380\"><\/a><\/p>\n<table>\n<tbody>\n<tr>\n<td><a href=\"https:\/\/www.mundoprimaria.com\/juegos-educativos\/lengua-lit-5-2?path=juegos-premium\/10008\"><img loading=\"lazy\" decoding=\"async\" class=\"alignnone size-medium wp-image-6086\" src=\"https:\/\/blogsaverroes.juntadeandalucia.es\/verainqueclase\/files\/2025\/09\/juego-partes-relato-300x191.jpg\" alt=\"\" width=\"300\" height=\"191\"><\/a><\/td>\n<td>&nbsp;<\/td>\n<td>&nbsp;<\/td>\n<\/tr>\n<\/tbody>\n<\/table>\n<h4>El nombre<\/h4>\n<p><a href=\"https:\/\/view.genially.com\/68ffb8d23381373c9235f72e\/interactive-content-43-los-nombres\"><img loading=\"lazy\" decoding=\"async\" class=\"\" src=\"https:\/\/blogsaverroes.juntadeandalucia.es\/verainqueclase\/files\/2022\/08\/genially-sustantivos-300x172.jpg\" width=\"808\" height=\"463\"><\/a><\/p>\n<p><a href=\"https:\/\/view.genial.ly\/64fcacf9d0439400112caf95\/interactive-content-copia-42-clases-de-sustantivos\"><img loading=\"lazy\" decoding=\"async\" class=\"\" src=\"https:\/\/blogsaverroes.juntadeandalucia.es\/verainqueclase\/files\/2022\/08\/genially-clases-de-sustantivos-300x172.jpg\" width=\"802\" height=\"460\"><\/a><\/p>\n<table>\n<tbody>\n<tr>\n<td><a href=\"https:\/\/wordwall.net\/es\/resource\/6077187\"><img decoding=\"async\" src=\"https:\/\/blogsaverroes.juntadeandalucia.es\/verainqueclase\/files\/2020\/11\/juegos-sustantivos-300x164.jpg\"><\/a><\/td>\n<td><a href=\"https:\/\/wordwall.net\/es\/resource\/3905220\/clases-de-sustantivos\"><img loading=\"lazy\" decoding=\"async\" class=\"size-medium wp-image-5740 aligncenter\" src=\"https:\/\/blogsaverroes.juntadeandalucia.es\/verainqueclase\/files\/2025\/08\/juego-clases-sustantivos-300x190.jpg\" alt=\"\" width=\"300\" height=\"190\"><\/a><\/td>\n<td><a href=\"https:\/\/wordwall.net\/es\/resource\/5802422\/6%C2%BAa-clases-de-sustantivos\"><img decoding=\"async\" class=\"aligncenter\" src=\"https:\/\/blogsaverroes.juntadeandalucia.es\/verainqueclase\/files\/2025\/08\/juego-clases-sustantivos-300x190.jpg\"><\/a><\/td>\n<\/tr>\n<tr class=\"alt\">\n<td><a href=\"https:\/\/wordwall.net\/es\/resource\/3167831\"><img decoding=\"async\" src=\"https:\/\/blogsaverroes.juntadeandalucia.es\/verainqueclase\/files\/2021\/08\/juego-sustantivos-4-300x188.jpg\"><\/a><\/td>\n<td><a href=\"https:\/\/wordwall.net\/es\/resource\/6020457\"><img decoding=\"async\" src=\"https:\/\/blogsaverroes.juntadeandalucia.es\/verainqueclase\/files\/2021\/08\/juego-sustantivos-5-300x188.jpg\"><\/a><\/td>\n<td><a href=\"https:\/\/wordwall.net\/es\/resource\/2576498\"><img decoding=\"async\" src=\"https:\/\/blogsaverroes.juntadeandalucia.es\/verainqueclase\/files\/2021\/08\/juego-sustantivos-7-300x188.jpg\"><\/a><\/td>\n<\/tr>\n<tr>\n<td><a href=\"https:\/\/wordwall.net\/es\/resource\/1977609\"><img decoding=\"async\" src=\"https:\/\/blogsaverroes.juntadeandalucia.es\/verainqueclase\/files\/2021\/08\/juego-sustantivos-8-300x188.jpg\"><\/a><\/td>\n<td><a href=\"https:\/\/wordwall.net\/es\/resource\/4431632\"><img decoding=\"async\" src=\"https:\/\/blogsaverroes.juntadeandalucia.es\/verainqueclase\/files\/2021\/08\/juego-sustantivos-9-300x188.jpg\"><\/a><\/td>\n<td><a href=\"https:\/\/wordwall.net\/es\/resource\/3108200\"><img decoding=\"async\" src=\"https:\/\/blogsaverroes.juntadeandalucia.es\/verainqueclase\/files\/2021\/08\/juego-sustantivos-10-300x188.jpg\"><\/a><\/td>\n<\/tr>\n<tr class=\"alt\">\n<td><a href=\"http:\/\/www.ceiploreto.es\/sugerencias\/bromera.com\/tl_files\/activitatsdigitals\/Tilde_6_PA\/Tilde6_p046_a2_1_3b\/index.html\"><img decoding=\"async\" class=\"aligncenter\" src=\"https:\/\/blogsaverroes.juntadeandalucia.es\/verainqueclase\/files\/2020\/10\/clasifica-sustantivos-3-300x161.jpg\"><\/a><\/td>\n<td><a href=\"http:\/\/www.ceiploreto.es\/sugerencias\/bromera.com\/tl_files\/activitatsdigitals\/Tilde_6_PA\/Tilde6_p046_a2a_1_3b\/index.html\"><img decoding=\"async\" class=\"aligncenter\" src=\"https:\/\/blogsaverroes.juntadeandalucia.es\/verainqueclase\/files\/2020\/10\/clasifica-sustantivos-4-300x161.jpg\"><\/a><\/td>\n<td><a href=\"http:\/\/www.ceiploreto.es\/sugerencias\/bromera.com\/tl_files\/activitatsdigitals\/Tilde_6_PA\/Tilde6_p046_a5_1_3b\/index.html\"><img decoding=\"async\" src=\"https:\/\/blogsaverroes.juntadeandalucia.es\/verainqueclase\/files\/2020\/10\/clasifica-sustantivos-2-300x161.jpg\"><\/a><\/td>\n<\/tr>\n<tr>\n<td><a href=\"https:\/\/www.mundoprimaria.com\/juegos-educativos\/lengua-gra-2-2?path=juegos-premium\/5843\"><img loading=\"lazy\" decoding=\"async\" class=\"alignnone size-medium wp-image-6088\" src=\"https:\/\/blogsaverroes.juntadeandalucia.es\/verainqueclase\/files\/2025\/09\/juego-nombres-300x172.jpg\" alt=\"\" width=\"300\" height=\"172\"><\/a><\/td>\n<td><a href=\"https:\/\/view.genial.ly\/602968bcf1997d0d1d473727\/interactive-content-sustantivos\"><img decoding=\"async\" src=\"https:\/\/blogsaverroes.juntadeandalucia.es\/verainqueclase\/files\/2021\/08\/juego-sustantivos-3-300x188.jpg\"><\/a><\/td>\n<td><a href=\"http:\/\/www.ceiploreto.es\/sugerencias\/bromera.com\/tl_files\/activitatsdigitals\/Tilde_6_PA\/Tilde6_p046_a5a_1_3b\/index.html\"><img decoding=\"async\" src=\"https:\/\/blogsaverroes.juntadeandalucia.es\/verainqueclase\/files\/2020\/10\/clasifica-sustantivos-1-300x161.jpg\"><\/a><\/td>\n<\/tr>\n<tr class=\"alt\">\n<td><a href=\"https:\/\/view.genial.ly\/5f6f9354be23070d182dfec3\/interactive-content-among-us-sustantivos\"><img decoding=\"async\" src=\"https:\/\/blogsaverroes.juntadeandalucia.es\/verainqueclase\/files\/2020\/10\/among-sustantivos-1-300x165.jpg\"><\/a><\/td>\n<td><a href=\"https:\/\/view.genial.ly\/5f7899cf3c86e90cf793a729\/interactive-content-sustantivos\"><img decoding=\"async\" src=\"https:\/\/blogsaverroes.juntadeandalucia.es\/verainqueclase\/files\/2020\/10\/among-sustantivos-2-300x165.jpg\"><\/a><\/td>\n<td><a href=\"https:\/\/view.genial.ly\/5bfd0073e1d42036462a8741\/interactive-content-laberinto-sustantivos\"><img decoding=\"async\" class=\"aligncenter\" src=\"https:\/\/blogsaverroes.juntadeandalucia.es\/verainqueclase\/files\/2021\/08\/juego-sustantivos-2-300x188.jpg\"><\/a><\/td>\n<\/tr>\n<tr>\n<td>&nbsp;<\/td>\n<td>&nbsp;<\/td>\n<td>&nbsp;<\/td>\n<\/tr>\n<\/tbody>\n<\/table>\n<h4><strong>El diptongo y el hiato.<\/strong><\/h4>\n<p><a href=\"https:\/\/view.genially.com\/68ffb9a33381373c92368945\/interactive-content-43-diptongos-e-hiatos\"><img loading=\"lazy\" decoding=\"async\" class=\"\" src=\"https:\/\/blogsaverroes.juntadeandalucia.es\/verainqueclase\/files\/2022\/08\/genially-diptongos-e-hiatos-300x172.jpg\" width=\"815\" height=\"467\"><\/a><\/p>\n<table>\n<tbody>\n<tr class=\"alt\">\n<td><a href=\"https:\/\/view.genial.ly\/5dab80f0002edc0f67ccc432\/learning-experience-didactic-unit-diptongo-hiato-y-acentuacion\"><img decoding=\"async\" class=\"aligncenter\" src=\"https:\/\/blogsaverroes.juntadeandalucia.es\/verainqueclase\/files\/2020\/10\/diptongos-e-hiatos-300x142.jpg\"><\/a><\/td>\n<td><a href=\"https:\/\/wordwall.net\/es\/resource\/2508245\/diptongos-e-hiatos-5%C2%BA\"><img loading=\"lazy\" decoding=\"async\" class=\"size-medium wp-image-5741 aligncenter\" src=\"https:\/\/blogsaverroes.juntadeandalucia.es\/verainqueclase\/files\/2025\/08\/juego-diptongos-300x190.jpg\" alt=\"\" width=\"300\" height=\"190\"><\/a><\/td>\n<td><a href=\"https:\/\/wordwall.net\/es\/resource\/5339731\"><img decoding=\"async\" src=\"https:\/\/blogsaverroes.juntadeandalucia.es\/verainqueclase\/files\/2020\/11\/juego-wordwall-diptongos-300x165.jpg\"><\/a><\/td>\n<\/tr>\n<tr>\n<td><a href=\"https:\/\/wordwall.net\/es\/resource\/7300993\/identifico-diptongos-e-hiatos\"><img decoding=\"async\" class=\"aligncenter\" src=\"https:\/\/blogsaverroes.juntadeandalucia.es\/verainqueclase\/files\/2020\/11\/juego-wordwall-diptongos-2-300x165.jpg\"><\/a><\/td>\n<td><a href=\"https:\/\/wordwall.net\/es\/resource\/6759884\/diptongos-e-hiatos\"><img decoding=\"async\" class=\"aligncenter\" src=\"https:\/\/blogsaverroes.juntadeandalucia.es\/verainqueclase\/files\/2020\/11\/juego-wordwall-diptongos-3-300x165.jpg\"><\/a><\/td>\n<td><a href=\"https:\/\/wordwall.net\/es\/resource\/5291228\"><img decoding=\"async\" class=\"aligncenter\" src=\"https:\/\/blogsaverroes.juntadeandalucia.es\/verainqueclase\/files\/2020\/11\/juego-wordwall-diptongos-4-300x165.jpg\"><\/a><\/td>\n<\/tr>\n<tr class=\"alt\">\n<td><a href=\"https:\/\/wordwall.net\/es\/resource\/3013120\"><img decoding=\"async\" class=\"aligncenter\" src=\"https:\/\/blogsaverroes.juntadeandalucia.es\/verainqueclase\/files\/2020\/11\/juego-wordwall-diptongos-5-300x165.jpg\"><\/a><\/td>\n<td><a href=\"https:\/\/wordwall.net\/es\/resource\/2695168\"><img decoding=\"async\" class=\"aligncenter\" src=\"https:\/\/blogsaverroes.juntadeandalucia.es\/verainqueclase\/files\/2020\/11\/juego-wordwall-diptongos-6-300x165.jpg\"><\/a><\/td>\n<td><a href=\"https:\/\/wordwall.net\/es\/resource\/5295445\"><img decoding=\"async\" class=\"aligncenter\" src=\"https:\/\/blogsaverroes.juntadeandalucia.es\/verainqueclase\/files\/2020\/11\/juego-wordwall-diptongos-7-300x165.jpg\"><\/a><\/td>\n<\/tr>\n<tr>\n<td><a href=\"https:\/\/wordwall.net\/es\/resource\/23896497\/diptongo-e-hiato\"><img loading=\"lazy\" decoding=\"async\" class=\"alignnone size-medium wp-image-5728\" src=\"https:\/\/blogsaverroes.juntadeandalucia.es\/verainqueclase\/files\/2025\/08\/juego-silabas-tonica-300x190.jpg\" alt=\"\" width=\"300\" height=\"190\"><\/a><\/td>\n<td><a href=\"https:\/\/wordwall.net\/es\/resource\/8241418\/diptongos-e-hiatos\"><img loading=\"lazy\" decoding=\"async\" class=\"size-medium wp-image-5742 aligncenter\" src=\"https:\/\/blogsaverroes.juntadeandalucia.es\/verainqueclase\/files\/2025\/08\/juego-diptongos-2-300x190.jpg\" alt=\"\" width=\"300\" height=\"190\"><\/a><\/td>\n<td><a href=\"https:\/\/www.mundoprimaria.com\/juegos-educativos\/lengua-ort-4-4?path=juegos-premium\/8729\"><img loading=\"lazy\" decoding=\"async\" class=\"alignnone size-medium wp-image-6087\" src=\"https:\/\/blogsaverroes.juntadeandalucia.es\/verainqueclase\/files\/2025\/09\/juego-diptongos-300x198.jpg\" alt=\"\" width=\"300\" height=\"198\"><\/a><\/td>\n<\/tr>\n<\/tbody>\n<\/table>\n","protected":false},"excerpt":{"rendered":"<p>En la unidad 3 comenzaremos leyendo un texto narrativo y despu\u00e9s haremos muchas m\u00e1s cosas: Recordaremos las palabras polis\u00e9micas. Veremos los elementos de la narraci\u00f3n. Escribiremos un relato. Repasaremos qu\u00e9 era el nombre. Los clasificaremos seg\u00fan el g\u00e9nero o el n\u00famero. Aprenderemos qu\u00e9 son el diptongo y el hiato. Las palabras polis\u00e9micas. &nbsp; &nbsp; Elementos &hellip; <\/p>\n<p><a class=\"more-link btn\" href=\"https:\/\/blogsaverroes.juntadeandalucia.es\/manuroca03\/u3_lc_5oep\/\">Seguir leyendo<\/a><\/p>\n","protected":false},"author":10452,"featured_media":0,"parent":0,"menu_order":0,"comment_status":"closed","ping_status":"closed","template":"","meta":{"ngg_post_thumbnail":0,"footnotes":""},"aioseo_notices":[],"_links":{"self":[{"href":"https:\/\/blogsaverroes.juntadeandalucia.es\/manuroca03\/wp-json\/wp\/v2\/pages\/1656"}],"collection":[{"href":"https:\/\/blogsaverroes.juntadeandalucia.es\/manuroca03\/wp-json\/wp\/v2\/pages"}],"about":[{"href":"https:\/\/blogsaverroes.juntadeandalucia.es\/manuroca03\/wp-json\/wp\/v2\/types\/page"}],"author":[{"embeddable":true,"href":"https:\/\/blogsaverroes.juntadeandalucia.es\/manuroca03\/wp-json\/wp\/v2\/users\/10452"}],"replies":[{"embeddable":true,"href":"https:\/\/blogsaverroes.juntadeandalucia.es\/manuroca03\/wp-json\/wp\/v2\/comments?post=1656"}],"version-history":[{"count":5,"href":"https:\/\/blogsaverroes.juntadeandalucia.es\/manuroca03\/wp-json\/wp\/v2\/pages\/1656\/revisions"}],"predecessor-version":[{"id":2176,"href":"https:\/\/blogsaverroes.juntadeandalucia.es\/manuroca03\/wp-json\/wp\/v2\/pages\/1656\/revisions\/2176"}],"wp:attachment":[{"href":"https:\/\/blogsaverroes.juntadeandalucia.es\/manuroca03\/wp-json\/wp\/v2\/media?parent=1656"}],"curies":[{"name":"wp","href":"https:\/\/api.w.org\/{rel}","templated":true}]}}