{"id":1682,"date":"2023-12-03T17:13:56","date_gmt":"2023-12-03T17:13:56","guid":{"rendered":"https:\/\/blogsaverroes.juntadeandalucia.es\/manuroca03\/?page_id=1682"},"modified":"2023-12-03T17:18:31","modified_gmt":"2023-12-03T17:18:31","slug":"u4_lc_5oep","status":"publish","type":"page","link":"https:\/\/blogsaverroes.juntadeandalucia.es\/manuroca03\/u4_lc_5oep\/","title":{"rendered":"LC5\u00baU4. Me gusta aprender"},"content":{"rendered":"<div class=\"entry-content\">\n<p>Terminamos el trimestre con la unidad 4. En ella partiremos de un texto descriptivo para realizar nuestros aprendizajes.<\/p>\n<ul>\n<li>Recordaremos los sin\u00f3nimos y los ant\u00f3nimos.<\/li>\n<li>Describiremos un objeto y una persona.<\/li>\n<li>Aprenderemos a reconocer los adjetivos y clasificarlos seg\u00fan su grado.<\/li>\n<li>En ortograf\u00eda recordaremos el uso de la coma, el punto y la may\u00fascula.<\/li>\n<\/ul>\n<h4><strong>Los sin\u00f3nimos y los ant\u00f3nimos.<\/strong><\/h4>\n<p><a href=\"https:\/\/view.genial.ly\/6106c8736fd52b0ddcd88766\/horizontal-infographic-lists-sinonimos-y-antonimos\"><img loading=\"lazy\" decoding=\"async\" class=\"\" src=\"https:\/\/blogsaverroes.juntadeandalucia.es\/verainqueclase\/files\/2021\/08\/genially-sin%C3%B3nimos-y-ant%C3%B3nimos-300x168.jpg\" width=\"718\" height=\"402\"><\/a><\/p>\n<table>\n<tbody>\n<tr>\n<td><a href=\"https:\/\/www.mundoprimaria.com\/juegos-educativos\/juegos-lenguaje\/juego-sinonimos\"><img decoding=\"async\" src=\"https:\/\/blogsaverroes.juntadeandalucia.es\/verainqueclase\/files\/2021\/08\/juego-sin%C3%B3nimos-300x168.jpg\"><\/a><\/td>\n<td><a href=\"https:\/\/view.genial.ly\/5c7d4f215d0e4e575e25b2f7\/interactive-content-sinonimos\"><img decoding=\"async\" src=\"https:\/\/blogsaverroes.juntadeandalucia.es\/verainqueclase\/files\/2021\/08\/juego-sin%C3%B3nimos-2-300x168.jpg\"><\/a><\/td>\n<td><a href=\"https:\/\/www.mundoprimaria.com\/juegos-educativos\/jueg-len-voc-21\"><img decoding=\"async\" src=\"https:\/\/blogsaverroes.juntadeandalucia.es\/verainqueclase\/files\/2022\/08\/juego-sin%C3%B3nimos-300x172.jpg\"><\/a><\/td>\n<\/tr>\n<tr>\n<td><a href=\"https:\/\/www.mundoprimaria.com\/juegos-educativos\/jueg-len-voc-33\"><img decoding=\"async\" src=\"https:\/\/blogsaverroes.juntadeandalucia.es\/verainqueclase\/files\/2022\/08\/juego-sin%C3%B3nimos-2-300x172.jpg\"><\/a><\/td>\n<td><a href=\"https:\/\/www.mundoprimaria.com\/juegos-educativos\/jueg-len-voc-20\"><img decoding=\"async\" src=\"https:\/\/blogsaverroes.juntadeandalucia.es\/verainqueclase\/files\/2022\/08\/juego-sin%C3%B3nimos-3-300x172.jpg\"><\/a><\/td>\n<td>&nbsp;<\/td>\n<\/tr>\n<\/tbody>\n<\/table>\n<h4><strong>Describir un objeto y una persona.<\/strong><\/h4>\n<p><a href=\"https:\/\/view.genial.ly\/64fdd5d9ac97450011223ceb\/horizontal-infographic-review-copia-44-la-descripcion\"><img loading=\"lazy\" decoding=\"async\" class=\"\" src=\"https:\/\/blogsaverroes.juntadeandalucia.es\/verainqueclase\/files\/2022\/08\/genially-descripci%C3%B3n-300x170.jpg\" width=\"686\" height=\"389\"><\/a><\/p>\n<h4><strong>Los adjetivos.<\/strong><\/h4>\n<p><a href=\"https:\/\/view.genial.ly\/5f875ff085fb080d65ce3420\/horizontal-infographic-lists-grados-del-adjetivo\"><img loading=\"lazy\" decoding=\"async\" class=\"\" src=\"https:\/\/blogsaverroes.juntadeandalucia.es\/verainqueclase\/files\/2020\/10\/grados-del-adjetivo-300x149.jpg\" width=\"745\" height=\"370\"><\/a><\/p>\n<table>\n<tbody>\n<tr>\n<td><a href=\"https:\/\/view.genial.ly\/5dcfeaf260277e0f6fe0f0f1\/presentation-lengua-categorias-gramaticales\"><img decoding=\"async\" src=\"https:\/\/blogsaverroes.juntadeandalucia.es\/verainqueclase\/files\/2020\/10\/el-adjetivo-300x171.jpg\"><\/a><\/td>\n<td><a href=\"https:\/\/wordwall.net\/es\/resource\/7158988\/len-u3-adjetivos-con-1-o-2-formas\"><img decoding=\"async\" src=\"https:\/\/blogsaverroes.juntadeandalucia.es\/verainqueclase\/files\/2020\/11\/juego-adjetivos-2-terminaciones-300x166.jpg\"><\/a><\/td>\n<td><a href=\"https:\/\/wordwall.net\/es\/resource\/1455933\/nombre-adjetivo\"><img decoding=\"async\" src=\"https:\/\/blogsaverroes.juntadeandalucia.es\/verainqueclase\/files\/2020\/11\/juego-adjetivos-y-sustantivos-300x166.jpg\"><\/a><\/td>\n<\/tr>\n<tr>\n<td><a href=\"https:\/\/wordwall.net\/es\/resource\/2162792\/el-adjetivo\"><img decoding=\"async\" src=\"https:\/\/blogsaverroes.juntadeandalucia.es\/verainqueclase\/files\/2020\/11\/juego-adjetivos-300x166.jpg\"><\/a><\/td>\n<td><a href=\"https:\/\/wordwall.net\/es\/resource\/2744373\/el-adjetivo\"><img decoding=\"async\" src=\"https:\/\/blogsaverroes.juntadeandalucia.es\/verainqueclase\/files\/2020\/11\/juego-adjetivos-2-300x166.jpg\"><\/a><\/td>\n<td><a href=\"https:\/\/wordwall.net\/es\/resource\/2768425\/primaria\/adjetivos\"><img decoding=\"async\" src=\"https:\/\/blogsaverroes.juntadeandalucia.es\/verainqueclase\/files\/2020\/11\/juego-adjetivos-ahorcado-300x166.jpg\"><\/a><\/td>\n<\/tr>\n<tr>\n<td><a href=\"https:\/\/wordwall.net\/es\/resource\/1531775\/come-adjetivos\"><img decoding=\"async\" src=\"https:\/\/blogsaverroes.juntadeandalucia.es\/verainqueclase\/files\/2020\/11\/juego-adjetivos-comecocos-300x166.jpg\"><\/a><\/td>\n<td><a href=\"https:\/\/www.mundoprimaria.com\/juegos-educativos\/juegos-lenguaje\/juego-seleccionar-adjetivos\"><img decoding=\"async\" src=\"https:\/\/blogsaverroes.juntadeandalucia.es\/verainqueclase\/files\/2021\/08\/juego-adjetivos-300x151.jpg\"><\/a><\/td>\n<td><a href=\"https:\/\/www.mundoprimaria.com\/juegos-educativos\/juegos-lenguaje\/juego-concordancia\"><img decoding=\"async\" src=\"https:\/\/blogsaverroes.juntadeandalucia.es\/verainqueclase\/files\/2021\/08\/juego-adjetivos-1-300x151.jpg\"><\/a><\/td>\n<\/tr>\n<tr>\n<td><a href=\"https:\/\/wordwall.net\/es\/resource\/2768425\/primaria\/adjetivos\"><img decoding=\"async\" src=\"https:\/\/blogsaverroes.juntadeandalucia.es\/verainqueclase\/files\/2021\/08\/juego-adjetivos-3-300x151.jpg\"><\/a><\/td>\n<td><a href=\"https:\/\/wordwall.net\/es\/resource\/2101622\/adjetivos\"><img decoding=\"async\" src=\"https:\/\/blogsaverroes.juntadeandalucia.es\/verainqueclase\/files\/2021\/08\/juego-adjetivos-5-300x151.jpg\"><\/a><\/td>\n<td><a href=\"https:\/\/wordwall.net\/es\/resource\/2728278\/adjetivos\"><img decoding=\"async\" src=\"https:\/\/blogsaverroes.juntadeandalucia.es\/verainqueclase\/files\/2021\/08\/juego-adjetivos-6-300x151.jpg\"><\/a><\/td>\n<\/tr>\n<tr>\n<td><a href=\"https:\/\/view.genial.ly\/5ddb6d6583e23a0faa51e543\/game-adjetivo-01\"><img decoding=\"async\" src=\"https:\/\/blogsaverroes.juntadeandalucia.es\/verainqueclase\/files\/2021\/08\/juego-adjetivos-8-300x151.jpg\"><\/a><\/td>\n<td><a href=\"https:\/\/view.genial.ly\/5ddc25d57f3e520f3c11abe3\/game-adjetivos\"><img decoding=\"async\" src=\"https:\/\/blogsaverroes.juntadeandalucia.es\/verainqueclase\/files\/2021\/08\/juego-adjetivos-9-300x151.jpg\"><\/a><\/td>\n<td><a href=\"https:\/\/www.mundoprimaria.com\/juegos-educativos\/jueg-len-grm-28\"><img decoding=\"async\" src=\"https:\/\/blogsaverroes.juntadeandalucia.es\/verainqueclase\/files\/2022\/08\/juego-adjetivos-300x170.jpg\"><\/a><\/td>\n<\/tr>\n<tr>\n<td><a href=\"https:\/\/www.mundoprimaria.com\/juegos-educativos\/jueg-len-grm-42\"><img decoding=\"async\" src=\"https:\/\/blogsaverroes.juntadeandalucia.es\/verainqueclase\/files\/2022\/08\/juego-adjetivos-2-300x170.jpg\"><\/a><\/td>\n<td>&nbsp;<\/td>\n<td>&nbsp;<\/td>\n<\/tr>\n<\/tbody>\n<\/table>\n<h4><strong>La coma, el punto y la may\u00fascula.<\/strong><\/h4>\n<p><a href=\"https:\/\/view.genial.ly\/62fd28b6b7a8830019d9cea8\/horizontal-infographic-lists-44-el-punto-y-la-coma\"><img loading=\"lazy\" decoding=\"async\" class=\"\" src=\"https:\/\/blogsaverroes.juntadeandalucia.es\/verainqueclase\/files\/2022\/08\/genially-punto-y-la-coma-300x170.jpg\" width=\"785\" height=\"445\"><\/a><\/p>\n<table>\n<tbody>\n<tr>\n<td><a href=\"https:\/\/www.mundoprimaria.com\/juegos-educativos\/jueg-len-ort-40\"><img decoding=\"async\" src=\"https:\/\/blogsaverroes.juntadeandalucia.es\/verainqueclase\/files\/2022\/08\/juego-el-punto-y-la-coma-300x170.jpg\"><\/a><\/td>\n<td>&nbsp;<\/td>\n<td>&nbsp;<\/td>\n<\/tr>\n<\/tbody>\n<\/table>\n<p><img loading=\"lazy\" decoding=\"async\" class=\"alignleft\" src=\"https:\/\/blogsaverroes.juntadeandalucia.es\/verainqueclase\/files\/2021\/08\/descarga-7-300x300.png\" width=\"150\" height=\"150\"><\/p>\n<p>Se escribe con&nbsp;<strong>may\u00fascula inicial<\/strong>: al&nbsp;<strong>empezar a escribir<\/strong>,&nbsp;<strong>despu\u00e9s de un punto<\/strong>&nbsp;y en los<strong>&nbsp;nombres propios<\/strong>.<\/p>\n<p>Los d\u00edas de la semana, los meses del a\u00f1o y las estaciones&nbsp;<strong>no se escriben con may\u00fascula.<\/strong><\/p>\n<p>&nbsp;<\/p>\n<table>\n<tbody>\n<tr>\n<td><a href=\"https:\/\/view.genial.ly\/5f9a9e1dc49a800d1364e6d3\/game-tira-a-la-profe-la-silabauso-de-mayuscula\"><img decoding=\"async\" src=\"https:\/\/blogsaverroes.juntadeandalucia.es\/verainqueclase\/files\/2021\/08\/juego-s%C3%ADlabas-300x168.jpg\"><\/a><\/td>\n<td><a href=\"https:\/\/www.mundoprimaria.com\/juegos-educativos\/juegos-lenguaje\/juego-mayusculas-punto\"><img decoding=\"async\" src=\"https:\/\/blogsaverroes.juntadeandalucia.es\/verainqueclase\/files\/2021\/08\/juego-mayusculas-y-punto-300x168.jpg\"><\/a><\/td>\n<td>&nbsp;<\/td>\n<\/tr>\n<\/tbody>\n<\/table>\n<\/div>\n","protected":false},"excerpt":{"rendered":"<p>Terminamos el trimestre con la unidad 4. En ella partiremos de un texto descriptivo para realizar nuestros aprendizajes. Recordaremos los sin\u00f3nimos y los ant\u00f3nimos. Describiremos un objeto y una persona. Aprenderemos a reconocer los adjetivos y clasificarlos seg\u00fan su grado. En ortograf\u00eda recordaremos el uso de la coma, el punto y la may\u00fascula. Los sin\u00f3nimos &hellip; <\/p>\n<p><a class=\"more-link btn\" href=\"https:\/\/blogsaverroes.juntadeandalucia.es\/manuroca03\/u4_lc_5oep\/\">Seguir leyendo<\/a><\/p>\n","protected":false},"author":10452,"featured_media":0,"parent":0,"menu_order":0,"comment_status":"closed","ping_status":"closed","template":"","meta":{"ngg_post_thumbnail":0,"footnotes":""},"aioseo_notices":[],"_links":{"self":[{"href":"https:\/\/blogsaverroes.juntadeandalucia.es\/manuroca03\/wp-json\/wp\/v2\/pages\/1682"}],"collection":[{"href":"https:\/\/blogsaverroes.juntadeandalucia.es\/manuroca03\/wp-json\/wp\/v2\/pages"}],"about":[{"href":"https:\/\/blogsaverroes.juntadeandalucia.es\/manuroca03\/wp-json\/wp\/v2\/types\/page"}],"author":[{"embeddable":true,"href":"https:\/\/blogsaverroes.juntadeandalucia.es\/manuroca03\/wp-json\/wp\/v2\/users\/10452"}],"replies":[{"embeddable":true,"href":"https:\/\/blogsaverroes.juntadeandalucia.es\/manuroca03\/wp-json\/wp\/v2\/comments?post=1682"}],"version-history":[{"count":3,"href":"https:\/\/blogsaverroes.juntadeandalucia.es\/manuroca03\/wp-json\/wp\/v2\/pages\/1682\/revisions"}],"predecessor-version":[{"id":1686,"href":"https:\/\/blogsaverroes.juntadeandalucia.es\/manuroca03\/wp-json\/wp\/v2\/pages\/1682\/revisions\/1686"}],"wp:attachment":[{"href":"https:\/\/blogsaverroes.juntadeandalucia.es\/manuroca03\/wp-json\/wp\/v2\/media?parent=1682"}],"curies":[{"name":"wp","href":"https:\/\/api.w.org\/{rel}","templated":true}]}}