{"id":1705,"date":"2024-01-09T19:36:07","date_gmt":"2024-01-09T19:36:07","guid":{"rendered":"https:\/\/blogsaverroes.juntadeandalucia.es\/manuroca03\/?page_id=1705"},"modified":"2024-01-09T19:36:07","modified_gmt":"2024-01-09T19:36:07","slug":"u5_lc_5oep","status":"publish","type":"page","link":"https:\/\/blogsaverroes.juntadeandalucia.es\/manuroca03\/u5_lc_5oep\/","title":{"rendered":"LC5\u00baU5. Por el agua, nos mojamos"},"content":{"rendered":"<div class=\"entry-content\">\n<p><img loading=\"lazy\" decoding=\"async\" class=\" wp-image-4326 alignright\" src=\"https:\/\/blogsaverroes.juntadeandalucia.es\/verainqueclase\/files\/2023\/09\/0fa81b4c-144a-4fe6-8f27-d85fd85c2709-75e5587b-cfa9-4ba0-9aab-55fcc1e05567-v1-300x300.png\" alt=\"\" width=\"248\" height=\"248\">Ya estamos en el segundo trimestre. Nuestro punto de partida ser\u00e1 la lectura de un c\u00f3mic.<\/p>\n<ul>\n<li>Conoceremos las palabras hom\u00f3fonas.<\/li>\n<li>Expresaremos nuestras opiniones.<\/li>\n<li>Escribiremos un c\u00f3mic.<\/li>\n<li>Recordaremos qu\u00e9 eran los determinantes.<\/li>\n<li>Repasaremos el uso de los dos puntos, el punto y coma y los puntos suspensivos.<\/li>\n<\/ul>\n<h4><strong>El di\u00e1logo.<\/strong><\/h4>\n<h4><a href=\"https:\/\/view.genial.ly\/64512172d02f6d0018966b33\/interactive-content-411-dialogos-y-monologos\"><img loading=\"lazy\" decoding=\"async\" class=\"\" src=\"https:\/\/blogsaverroes.juntadeandalucia.es\/verainqueclase\/files\/2023\/05\/genially-di%C3%A1logos-y-mon%C3%B3logos-300x169.jpg\" width=\"689\" height=\"388\"><\/a><\/h4>\n<h4><strong>Las palabras hom\u00f3fonas.<\/strong><\/h4>\n<p><a href=\"https:\/\/view.genial.ly\/64fde1c2f0955c0018071758\/interactive-content-55-palabras-homofonas\"><img loading=\"lazy\" decoding=\"async\" class=\"\" src=\"https:\/\/blogsaverroes.juntadeandalucia.es\/verainqueclase\/files\/2022\/08\/genially-polis%C3%A9micas-y-hom%C3%B3fonas-300x164.jpg\" width=\"691\" height=\"378\"><\/a><\/p>\n<table>\n<tbody>\n<tr>\n<td><a href=\"https:\/\/www.mundoprimaria.com\/juegos-educativos\/jueg-len-voc-35\"><img decoding=\"async\" src=\"https:\/\/blogsaverroes.juntadeandalucia.es\/verainqueclase\/files\/2022\/08\/juego-hom%C3%B3fonas-300x173.jpg\"><\/a><\/td>\n<td><a href=\"https:\/\/www.mundoprimaria.com\/juegos-educativos\/jueg-len-voc-50\"><img decoding=\"async\" src=\"https:\/\/blogsaverroes.juntadeandalucia.es\/verainqueclase\/files\/2022\/08\/juego-homonimas-300x165.jpg\"><\/a><\/td>\n<td><a href=\"https:\/\/www.mundoprimaria.com\/juegos-educativos\/juegos-lenguaje\/juego-homofonas\"><img decoding=\"async\" src=\"https:\/\/blogsaverroes.juntadeandalucia.es\/verainqueclase\/files\/2020\/12\/mundo-hom%C3%B3fonas-h-300x162.jpg\"><\/a><\/td>\n<\/tr>\n<tr>\n<td><a href=\"https:\/\/www.mundoprimaria.com\/juegos-educativos\/juegos-lenguaje\/juego-ll-y\"><img decoding=\"async\" src=\"https:\/\/blogsaverroes.juntadeandalucia.es\/verainqueclase\/files\/2020\/12\/mundo-hom%C3%B3fonas-ll-y-300x162.jpg\"><\/a><\/td>\n<td>&nbsp;<\/td>\n<td>&nbsp;<\/td>\n<\/tr>\n<\/tbody>\n<\/table>\n<h4><strong>Expresar una opini\u00f3n.<\/strong><\/h4>\n<p><a href=\"https:\/\/view.genial.ly\/63026c67b5bda6001283acf9\/horizontal-infographic-review-45-el-debate\"><img loading=\"lazy\" decoding=\"async\" class=\"\" src=\"https:\/\/blogsaverroes.juntadeandalucia.es\/verainqueclase\/files\/2022\/08\/genially-el-debate-300x164.jpg\" width=\"801\" height=\"438\"><\/a><\/p>\n<h4><strong>Escribimos un c\u00f3mic.<\/strong><\/h4>\n<p><a href=\"https:\/\/view.genial.ly\/613c99007602e60d61413510\/horizontal-infographic-review-el-comic\"><img loading=\"lazy\" decoding=\"async\" class=\"\" src=\"https:\/\/blogsaverroes.juntadeandalucia.es\/verainqueclase\/files\/2021\/09\/genially-el-comic-300x154.jpg\" width=\"742\" height=\"381\"><\/a><\/p>\n<div class=\"fluid-width-video-wrapper\">&nbsp;<\/div>\n<table>\n<tbody>\n<tr>\n<td><a href=\"https:\/\/view.genial.ly\/5d9b2cef58aaab0f642bbf29\/presentation-comic\"><img decoding=\"async\" src=\"https:\/\/blogsaverroes.juntadeandalucia.es\/verainqueclase\/files\/2020\/11\/el-comic-300x193.jpg\"><\/a><\/td>\n<td>&nbsp;<\/td>\n<td>&nbsp;<\/td>\n<\/tr>\n<\/tbody>\n<\/table>\n<h4><strong>Los determinantes.<\/strong><\/h4>\n<p>Son palabras que acompa\u00f1an al nombre y sirven para concretarlo.<\/p>\n<div class=\"fluid-width-video-wrapper\">&nbsp;<\/div>\n<p><a href=\"https:\/\/view.genial.ly\/5dcfeaf260277e0f6fe0f0f1\/presentation-lengua-categorias-gramaticales\"><img loading=\"lazy\" decoding=\"async\" class=\"\" src=\"https:\/\/blogsaverroes.juntadeandalucia.es\/verainqueclase\/files\/2020\/11\/los-determinantes-300x193.jpg\" width=\"765\" height=\"492\"><\/a><\/p>\n<p><img loading=\"lazy\" decoding=\"async\" class=\"\" src=\"https:\/\/blogsaverroes.juntadeandalucia.es\/verainqueclase\/files\/2021\/09\/genially-determinantes-300x154.jpg\" width=\"762\" height=\"391\"><\/p>\n<p><img loading=\"lazy\" decoding=\"async\" class=\"alignleft\" src=\"https:\/\/blogsaverroes.juntadeandalucia.es\/verainqueclase\/files\/2020\/11\/descarga-1-300x300.png\" width=\"140\" height=\"140\"><\/p>\n<p><strong>Los art\u00edculos:<\/strong><\/p>\n<ul>\n<li><strong>determinados:<\/strong>&nbsp;el, la, los, las.<\/li>\n<li><strong>indeterminados:<\/strong>&nbsp;un, una, unos, unas.<\/li>\n<\/ul>\n<div class=\"fluid-width-video-wrapper\">&nbsp;<\/div>\n<p><img loading=\"lazy\" decoding=\"async\" class=\"alignright\" src=\"https:\/\/blogsaverroes.juntadeandalucia.es\/verainqueclase\/files\/2020\/11\/descarga-2-300x300.png\" width=\"149\" height=\"149\"><\/p>\n<p><strong>Los demostrativos:<\/strong>&nbsp;Indican la proximidad o lejan\u00eda del nombre al que acompa\u00f1an en relaci\u00f3n con la persona que habla.<\/p>\n<ul>\n<li><strong>cerca:<\/strong>&nbsp;este, esta, estos, estas<\/li>\n<li><strong>medio:<\/strong>&nbsp;ese, esa, esos, esas<\/li>\n<li><strong>lejos:<\/strong>&nbsp;aquel, aquella, aquellos, aquellas.<\/li>\n<\/ul>\n<div class=\"fluid-width-video-wrapper\">&nbsp;<\/div>\n<table>\n<tbody>\n<tr>\n<td><a href=\"https:\/\/www.mundoprimaria.com\/juegos-educativos\/juegos-lenguaje\/juego-articulos\"><img decoding=\"async\" src=\"https:\/\/blogsaverroes.juntadeandalucia.es\/verainqueclase\/files\/2021\/09\/juego-art%C3%ADculos-300x154.jpg\"><\/a><\/td>\n<td><a href=\"https:\/\/wordwall.net\/es\/resource\/2831623\/los-articulos\"><img decoding=\"async\" src=\"https:\/\/blogsaverroes.juntadeandalucia.es\/verainqueclase\/files\/2021\/09\/juego-articulos-300x154.jpg\"><\/a><\/td>\n<td><a href=\"https:\/\/wordwall.net\/es\/resource\/3830775\/articulos\"><img decoding=\"async\" src=\"https:\/\/blogsaverroes.juntadeandalucia.es\/verainqueclase\/files\/2021\/09\/juego-articulos-2-300x154.jpg\"><\/a><\/td>\n<\/tr>\n<tr>\n<td><a href=\"https:\/\/www.mundoprimaria.com\/juegos-educativos\/jueg-len-grm-43\"><img decoding=\"async\" src=\"https:\/\/blogsaverroes.juntadeandalucia.es\/verainqueclase\/files\/2022\/08\/juego-art%C3%ADculos-1-300x173.jpg\"><\/a><\/td>\n<td><a href=\"https:\/\/www.mundoprimaria.com\/juegos-educativos\/jueg-len-grm-63\"><img decoding=\"async\" src=\"https:\/\/blogsaverroes.juntadeandalucia.es\/verainqueclase\/files\/2022\/08\/juego-art%C3%ADculos-2-300x173.jpg\"><\/a><\/td>\n<td>&nbsp;<\/td>\n<\/tr>\n<tr>\n<td>&nbsp;<\/td>\n<td>&nbsp;<\/td>\n<td>&nbsp;<\/td>\n<\/tr>\n<\/tbody>\n<\/table>\n<h4>&nbsp;<\/h4>\n<table>\n<tbody>\n<tr>\n<td><a href=\"https:\/\/www.mundoprimaria.com\/juegos-educativos\/juegos-lenguaje\/juego-determinantes-demostrativos\"><img decoding=\"async\" src=\"https:\/\/blogsaverroes.juntadeandalucia.es\/verainqueclase\/files\/2021\/09\/juego-determinantes-300x154.jpg\"><\/a><\/td>\n<td><a href=\"https:\/\/wordwall.net\/es\/resource\/12133119\/demostrativos\"><img decoding=\"async\" src=\"https:\/\/blogsaverroes.juntadeandalucia.es\/verainqueclase\/files\/2021\/09\/juego-demostrativos-2-300x154.jpg\"><\/a><\/td>\n<td><a href=\"https:\/\/wordwall.net\/es\/resource\/8774711\/demostrativos\"><img decoding=\"async\" src=\"https:\/\/blogsaverroes.juntadeandalucia.es\/verainqueclase\/files\/2021\/09\/juego-demostrativos-3-300x154.jpg\"><\/a><\/td>\n<\/tr>\n<tr>\n<td><a href=\"https:\/\/www.mundoprimaria.com\/juegos-educativos\/jueg-len-grm-30\"><img decoding=\"async\" src=\"https:\/\/blogsaverroes.juntadeandalucia.es\/verainqueclase\/files\/2022\/08\/juego-demostrativos-300x173.jpg\"><\/a><\/td>\n<td><a href=\"https:\/\/www.mundoprimaria.com\/juegos-educativos\/jueg-len-grm-44\"><img decoding=\"async\" src=\"https:\/\/blogsaverroes.juntadeandalucia.es\/verainqueclase\/files\/2022\/08\/juego-demostrativos-2-300x173.jpg\"><\/a><\/td>\n<td><a href=\"https:\/\/www.mundoprimaria.com\/juegos-educativos\/jueg-len-grm-64\"><img decoding=\"async\" src=\"https:\/\/blogsaverroes.juntadeandalucia.es\/verainqueclase\/files\/2022\/08\/juego-demostrativos-3-300x173.jpg\"><\/a><\/td>\n<\/tr>\n<tr>\n<td>&nbsp;<\/td>\n<td>&nbsp;<\/td>\n<td>&nbsp;<\/td>\n<\/tr>\n<\/tbody>\n<\/table>\n<h4><a href=\"https:\/\/view.genial.ly\/6306557c583d470015ba1fc5\/horizontal-infographic-lists-46-posesivos-y-numerales\"><img loading=\"lazy\" decoding=\"async\" class=\"\" src=\"https:\/\/blogsaverroes.juntadeandalucia.es\/verainqueclase\/files\/2022\/08\/genially-posesivos-300x184.jpg\" width=\"848\" height=\"520\"><\/a><\/h4>\n<p><img loading=\"lazy\" decoding=\"async\" class=\"alignleft\" src=\"https:\/\/blogsaverroes.juntadeandalucia.es\/verainqueclase\/files\/2020\/11\/descarga-3-300x300.png\" width=\"177\" height=\"177\"><\/p>\n<p><strong>Los posesivos:<\/strong>&nbsp;Indican pertenencia. Cuando van delante del nombre son determinantes; cuando van detr\u00e1s, adjetivos.<\/p>\n<ul>\n<li><strong>un poseedor:<\/strong>&nbsp;mi, tu, su, mis, tus, sus, m\u00edo, m\u00eda, tuyo, tuya, suyo, suya, m\u00edos, m\u00edas, tuyos, tuyas, suyos, suyas<\/li>\n<li><strong>varios poseedores:<\/strong>&nbsp;su, nuestro, nuestra, vuestro, vuestra, suyo, suya, sus,&nbsp;nuestros, nuestras, vuestros, vuestras, suyos, suyas.<\/li>\n<\/ul>\n<div class=\"fluid-width-video-wrapper\">&nbsp;<\/div>\n<table>\n<tbody>\n<tr>\n<td><a href=\"https:\/\/www.mundoprimaria.com\/juegos-educativos\/juegos-lenguaje\/mi-tu-su-03\"><img decoding=\"async\" src=\"https:\/\/blogsaverroes.juntadeandalucia.es\/verainqueclase\/files\/2021\/09\/juego-posesivos-300x167.jpg\"><\/a><\/td>\n<td><a href=\"https:\/\/wordwall.net\/es\/resource\/2672581\/primaria\/elige-el-posesivo-correcto\"><img decoding=\"async\" src=\"https:\/\/blogsaverroes.juntadeandalucia.es\/verainqueclase\/files\/2021\/09\/juego-articulos-300x154.jpg\"><\/a><\/td>\n<td><a href=\"https:\/\/wordwall.net\/es\/resource\/1387453\/determinantes-posesivos\"><img decoding=\"async\" src=\"https:\/\/blogsaverroes.juntadeandalucia.es\/verainqueclase\/files\/2021\/09\/juego-demostrativos-2-300x154.jpg\"><\/a><\/td>\n<\/tr>\n<tr>\n<td><a href=\"https:\/\/wordwall.net\/es\/resource\/11037787\/lengua\/demostrativos-posesivos-y-art%c3%adculos\"><img decoding=\"async\" src=\"https:\/\/blogsaverroes.juntadeandalucia.es\/verainqueclase\/files\/2021\/09\/juego-posesivos-2-300x167.jpg\"><\/a><\/td>\n<td><a href=\"https:\/\/wordwall.net\/es\/resource\/10470302\/los-posesivos\"><img decoding=\"async\" src=\"https:\/\/blogsaverroes.juntadeandalucia.es\/verainqueclase\/files\/2021\/09\/juego-posesivos-3-300x167.jpg\"><\/a><\/td>\n<td><a href=\"https:\/\/www.mundoprimaria.com\/juegos-educativos\/jueg-len-grm-45\"><img decoding=\"async\" src=\"https:\/\/blogsaverroes.juntadeandalucia.es\/verainqueclase\/files\/2022\/08\/juego-demostrativos-3-300x173.jpg\"><\/a><\/td>\n<\/tr>\n<tr>\n<td><a href=\"https:\/\/www.mundoprimaria.com\/juegos-educativos\/jueg-len-grm-65\"><img decoding=\"async\" src=\"https:\/\/blogsaverroes.juntadeandalucia.es\/verainqueclase\/files\/2022\/08\/juego-posesivos-1-300x170.jpg\"><\/a><\/td>\n<td>&nbsp;<\/td>\n<td>&nbsp;<\/td>\n<\/tr>\n<\/tbody>\n<\/table>\n<p><img loading=\"lazy\" decoding=\"async\" class=\"alignleft\" src=\"https:\/\/blogsaverroes.juntadeandalucia.es\/verainqueclase\/files\/2020\/11\/descarga-5-300x300.png\" width=\"144\" height=\"144\"><\/p>\n<p><strong>Los numerales:<\/strong>&nbsp;Acompa\u00f1an al nombre e indican una cantidad u orden determinados.<\/p>\n<ul>\n<li>Los&nbsp;<strong>cardinales<\/strong>&nbsp;son determinantes: uno, dos, tres, cuatro\u2026.<\/li>\n<li>Los&nbsp;<strong>ordinales<\/strong>&nbsp;funcionan como adjetivos: primero, segundo, tercero, cuarto\u2026<\/li>\n<\/ul>\n<p><img loading=\"lazy\" decoding=\"async\" class=\"alignleft\" src=\"https:\/\/blogsaverroes.juntadeandalucia.es\/verainqueclase\/files\/2020\/11\/descarga-4-300x300.png\" width=\"151\" height=\"151\"><\/p>\n<p><strong>Los indefinidos:&nbsp;<\/strong>Acompa\u00f1an al nombre e indican una cantidad imprecisa de seres u objetos.<\/p>\n<ul>\n<li>alg\u00fan, alguno, varios, demasiados, bastantes, poco, ciertos, otro, mucha, todas\u2026<\/li>\n<\/ul>\n<p>&nbsp;<\/p>\n<div class=\"fluid-width-video-wrapper\">&nbsp;<\/div>\n<div class=\"fluid-width-video-wrapper\">&nbsp;<\/div>\n<table>\n<tbody>\n<tr>\n<td><a href=\"https:\/\/www.mundoprimaria.com\/juegos-educativos\/juegos-lenguaje\/juedo-determinantes-numerales\"><img decoding=\"async\" src=\"https:\/\/blogsaverroes.juntadeandalucia.es\/verainqueclase\/files\/2021\/09\/juego-numerales-300x167.jpg\"><\/a><\/td>\n<td><a href=\"https:\/\/wordwall.net\/es\/resource\/12069615\/numerales-e-indefinidos\"><img decoding=\"async\" src=\"https:\/\/blogsaverroes.juntadeandalucia.es\/verainqueclase\/files\/2021\/09\/juego-numerales-2-300x167.jpg\"><\/a><\/td>\n<td><a href=\"https:\/\/wordwall.net\/es\/resource\/11470702\/numerales-e-indefinidos\/numerales-e-indefinidos\"><img decoding=\"async\" src=\"https:\/\/blogsaverroes.juntadeandalucia.es\/verainqueclase\/files\/2021\/09\/juego-demostrativos-2-300x154.jpg\"><\/a><\/td>\n<\/tr>\n<tr>\n<td><a href=\"https:\/\/wordwall.net\/es\/resource\/5381882\/n%c3%bameros-ordinales\"><img decoding=\"async\" src=\"https:\/\/blogsaverroes.juntadeandalucia.es\/verainqueclase\/files\/2021\/09\/juego-ordinales-300x167.jpg\"><\/a><\/td>\n<td><a href=\"https:\/\/www.mundoprimaria.com\/juegos-educativos\/jueg-len-grm-46\"><img decoding=\"async\" src=\"https:\/\/blogsaverroes.juntadeandalucia.es\/verainqueclase\/files\/2022\/08\/juego-numerales-1-300x170.jpg\"><\/a><\/td>\n<td><a href=\"https:\/\/www.mundoprimaria.com\/juegos-educativos\/jueg-len-grm-66\"><img decoding=\"async\" src=\"https:\/\/blogsaverroes.juntadeandalucia.es\/verainqueclase\/files\/2022\/08\/juego-numerales-2-300x170.jpg\"><\/a><\/td>\n<\/tr>\n<tr>\n<td>&nbsp;<\/td>\n<td>&nbsp;<\/td>\n<td>&nbsp;<\/td>\n<\/tr>\n<\/tbody>\n<\/table>\n<h4><strong>Los dos puntos, el punto y coma y los puntos suspensivos.<\/strong><\/h4>\n<p><a href=\"https:\/\/view.genial.ly\/63027195b5bda6001283b0d4\/horizontal-infographic-lists-45-dos-puntos-punto-y-coma-y-puntos-suspensivos\"><img loading=\"lazy\" decoding=\"async\" class=\"\" src=\"https:\/\/blogsaverroes.juntadeandalucia.es\/verainqueclase\/files\/2022\/08\/genially-dos-puntos-300x164.jpg\" width=\"902\" height=\"493\"><\/a><\/p>\n<\/div>\n","protected":false},"excerpt":{"rendered":"<p>Ya estamos en el segundo trimestre. Nuestro punto de partida ser\u00e1 la lectura de un c\u00f3mic. Conoceremos las palabras hom\u00f3fonas. Expresaremos nuestras opiniones. Escribiremos un c\u00f3mic. Recordaremos qu\u00e9 eran los determinantes. Repasaremos el uso de los dos puntos, el punto y coma y los puntos suspensivos. El di\u00e1logo. Las palabras hom\u00f3fonas. &nbsp; &nbsp; Expresar una &hellip; <\/p>\n<p><a class=\"more-link btn\" href=\"https:\/\/blogsaverroes.juntadeandalucia.es\/manuroca03\/u5_lc_5oep\/\">Seguir leyendo<\/a><\/p>\n","protected":false},"author":10452,"featured_media":0,"parent":0,"menu_order":0,"comment_status":"closed","ping_status":"closed","template":"","meta":{"ngg_post_thumbnail":0,"footnotes":""},"aioseo_notices":[],"_links":{"self":[{"href":"https:\/\/blogsaverroes.juntadeandalucia.es\/manuroca03\/wp-json\/wp\/v2\/pages\/1705"}],"collection":[{"href":"https:\/\/blogsaverroes.juntadeandalucia.es\/manuroca03\/wp-json\/wp\/v2\/pages"}],"about":[{"href":"https:\/\/blogsaverroes.juntadeandalucia.es\/manuroca03\/wp-json\/wp\/v2\/types\/page"}],"author":[{"embeddable":true,"href":"https:\/\/blogsaverroes.juntadeandalucia.es\/manuroca03\/wp-json\/wp\/v2\/users\/10452"}],"replies":[{"embeddable":true,"href":"https:\/\/blogsaverroes.juntadeandalucia.es\/manuroca03\/wp-json\/wp\/v2\/comments?post=1705"}],"version-history":[{"count":2,"href":"https:\/\/blogsaverroes.juntadeandalucia.es\/manuroca03\/wp-json\/wp\/v2\/pages\/1705\/revisions"}],"predecessor-version":[{"id":1712,"href":"https:\/\/blogsaverroes.juntadeandalucia.es\/manuroca03\/wp-json\/wp\/v2\/pages\/1705\/revisions\/1712"}],"wp:attachment":[{"href":"https:\/\/blogsaverroes.juntadeandalucia.es\/manuroca03\/wp-json\/wp\/v2\/media?parent=1705"}],"curies":[{"name":"wp","href":"https:\/\/api.w.org\/{rel}","templated":true}]}}