{"id":1708,"date":"2024-01-09T19:28:28","date_gmt":"2024-01-09T19:28:28","guid":{"rendered":"https:\/\/blogsaverroes.juntadeandalucia.es\/manuroca03\/?page_id=1708"},"modified":"2024-01-09T19:50:50","modified_gmt":"2024-01-09T19:50:50","slug":"u6_lc_5oep","status":"publish","type":"page","link":"https:\/\/blogsaverroes.juntadeandalucia.es\/manuroca03\/u6_lc_5oep\/","title":{"rendered":"CM5\u00baU4. Experimentamos con la materia y la energ\u00eda"},"content":{"rendered":"<header class=\"entry-header\">Este tema tambi\u00e9n os sonar\u00e1 ya que el a\u00f1o pasado hablamos sobre la materia y la energ\u00eda. En \u00e9l vamos a aprender:<\/p>\n<ul>\n<li>La materia y sus propiedades.<\/li>\n<li>La energ\u00eda y las fuentes de energ\u00eda.<\/li>\n<li>Tipos de energ\u00eda.<\/li>\n<li>Las m\u00e1quinas y la energ\u00eda.<\/li>\n<li>Influencia del viento en el vuelo.<\/li>\n<li>Proyectos.<\/li>\n<\/ul>\n<h4><strong>\u00bfDE QU\u00c9 EST\u00c1N FORMADOS LOS OBJETOS QUE NOS RODEAN?<\/strong><\/h4>\n<h4><a href=\"https:\/\/view.genial.ly\/5fb81090182eec0cf60d28fe\/vertical-infographic-timeline-la-materia\"><img loading=\"lazy\" decoding=\"async\" class=\"\" src=\"https:\/\/blogsaverroes.juntadeandalucia.es\/verainqueclase\/files\/2020\/11\/genially-materia-300x191.jpg\" width=\"721\" height=\"459\"><\/a><\/h4>\n<table>\n<tbody>\n<tr>\n<td><a href=\"https:\/\/wordwall.net\/es\/resource\/3024933\/la-materia\"><img decoding=\"async\" src=\"https:\/\/blogsaverroes.juntadeandalucia.es\/verainqueclase\/files\/2020\/11\/juego-la-materia-300x165.jpg\"><\/a><\/td>\n<td><a href=\"https:\/\/wordwall.net\/es\/resource\/1918424\/estados-de-la-materia\"><img decoding=\"async\" src=\"https:\/\/blogsaverroes.juntadeandalucia.es\/verainqueclase\/files\/2020\/11\/juego-estados-300x165.jpg\"><\/a><\/td>\n<td><a href=\"https:\/\/wordwall.net\/es\/resource\/1918424\/estados-de-la-materia\"><img decoding=\"async\" src=\"https:\/\/blogsaverroes.juntadeandalucia.es\/verainqueclase\/files\/2021\/10\/juego-estados-materia-300x161.jpg\"><\/a><\/td>\n<\/tr>\n<tr>\n<td><a href=\"https:\/\/wordwall.net\/es\/resource\/11856296\/1-la-materia\"><img decoding=\"async\" src=\"https:\/\/blogsaverroes.juntadeandalucia.es\/verainqueclase\/files\/2021\/10\/juego-estados-materia-2-300x161.jpg\"><\/a><\/td>\n<td><a href=\"https:\/\/view.genial.ly\/628cf5a26edd38001884fb4a\/interactive-content-quiz-estados-de-la-materia\"><img decoding=\"async\" src=\"https:\/\/blogsaverroes.juntadeandalucia.es\/verainqueclase\/files\/2022\/05\/juego-estado-de-la-materia-genially-300x167.jpg\"><\/a><\/td>\n<td><a href=\"https:\/\/view.genial.ly\/628cfe1f49f1e90010943146\/interactive-content-quiz-cambios-de-estado\"><img decoding=\"async\" src=\"https:\/\/blogsaverroes.juntadeandalucia.es\/verainqueclase\/files\/2022\/05\/juego-cambios-de-estado-300x167.jpg\"><\/a><\/td>\n<\/tr>\n<tr>\n<td>&nbsp;<\/td>\n<td>&nbsp;<\/td>\n<td>&nbsp;<\/td>\n<\/tr>\n<\/tbody>\n<\/table>\n<h4><strong>\u00bfC\u00d3MO DIFERENCIAMOS UN TIPO DE MATERIA DE OTRO?<\/strong><\/h4>\n<table>\n<tbody>\n<tr>\n<td><a href=\"https:\/\/wordwall.net\/es\/resource\/2521122\/la-materia-y-la-densidad\"><img decoding=\"async\" src=\"https:\/\/blogsaverroes.juntadeandalucia.es\/verainqueclase\/files\/2020\/11\/juego-ahorcado-1-300x165.jpg\"><\/a><\/td>\n<td><a href=\"https:\/\/www.mundoprimaria.com\/juegos-educativos\/jueg-natu-mye-14\"><img decoding=\"async\" src=\"https:\/\/blogsaverroes.juntadeandalucia.es\/verainqueclase\/files\/2023\/03\/juego-materia-300x176.jpg\"><\/a><\/td>\n<td><a href=\"https:\/\/www.mundoprimaria.com\/juegos-educativos\/jueg-natu-mye-19\"><img loading=\"lazy\" decoding=\"async\" class=\"alignnone size-medium wp-image-4458\" src=\"https:\/\/blogsaverroes.juntadeandalucia.es\/verainqueclase\/files\/2023\/09\/juego-propiedades-materia-300x198.png\" alt=\"\" width=\"300\" height=\"198\"><\/a><\/td>\n<\/tr>\n<\/tbody>\n<\/table>\n<h4><strong>\u00bfQU\u00c9 PRODUCE LOS CAMBIOS?<\/strong><\/h4>\n<h4><a href=\"https:\/\/view.genial.ly\/5fb930587eb7770cfdb2b775\/horizontal-infographic-lists-54-la-energia-y-sus-formas\"><img loading=\"lazy\" decoding=\"async\" class=\"\" src=\"https:\/\/blogsaverroes.juntadeandalucia.es\/verainqueclase\/files\/2020\/11\/genially-tipos-energ%C3%ADa-300x166.jpg\" width=\"786\" height=\"435\"><\/a><\/h4>\n<table>\n<tbody>\n<tr>\n<td><a href=\"https:\/\/wordwall.net\/es\/resource\/1383693\/formas-de-presentarse-la-energ%c3%ada\"><img decoding=\"async\" src=\"https:\/\/blogsaverroes.juntadeandalucia.es\/verainqueclase\/files\/2020\/11\/juego-energ%C3%ADa-2-300x165.jpg\"><\/a><\/td>\n<td><a href=\"https:\/\/www.mundoprimaria.com\/juegos-educativos\/jueg-natu-mye-17\"><img decoding=\"async\" src=\"https:\/\/blogsaverroes.juntadeandalucia.es\/verainqueclase\/files\/2023\/03\/juego-formas-energ%C3%ADa-300x176.jpg\"><\/a><\/td>\n<td><a href=\"https:\/\/www.mundoprimaria.com\/juegos-educativos\/jueg-natu-mye-17\"><img decoding=\"async\" src=\"https:\/\/blogsaverroes.juntadeandalucia.es\/verainqueclase\/files\/2023\/03\/juego-formas-energ%C3%ADa-1-300x176.jpg\"><\/a><\/td>\n<\/tr>\n<tr>\n<td><a href=\"https:\/\/wordwall.net\/es\/resource\/2978318\/tipos-de-energ%c3%ada\"><img decoding=\"async\" src=\"https:\/\/blogsaverroes.juntadeandalucia.es\/verainqueclase\/files\/2021\/10\/juego-tipos-de-energ%C3%ADa-2-300x161.jpg\"><\/a><\/td>\n<td><a href=\"https:\/\/view.genial.ly\/5ea49a3cda73ac0d8bf1e473\/interactive-content-escalada-de-energia\"><img decoding=\"async\" src=\"https:\/\/blogsaverroes.juntadeandalucia.es\/verainqueclase\/files\/2021\/10\/juego-energ%C3%ADa-300x161.jpg\"><\/a><\/td>\n<td><a href=\"https:\/\/wordwall.net\/es\/resource\/15936682\/clasificar-tipos-de-energ%c3%ada\"><img decoding=\"async\" src=\"https:\/\/blogsaverroes.juntadeandalucia.es\/verainqueclase\/files\/2021\/10\/juego-tipos-de-energ%C3%ADa-3-300x161.jpg\"><\/a><\/td>\n<\/tr>\n<tr>\n<td>&nbsp;<\/td>\n<td>&nbsp;<\/td>\n<td>&nbsp;<\/td>\n<\/tr>\n<\/tbody>\n<\/table>\n<h4><a href=\"https:\/\/view.genial.ly\/5fb93c6459dafd0d2ef8a6c4\/horizontal-infographic-review-fuentes-de-energia\"><img loading=\"lazy\" decoding=\"async\" class=\"\" src=\"https:\/\/blogsaverroes.juntadeandalucia.es\/verainqueclase\/files\/2020\/11\/genially-fuentes-de-energia-300x166.jpg\" width=\"822\" height=\"455\"><\/a><\/h4>\n<table>\n<tbody>\n<tr>\n<td><a href=\"https:\/\/wordwall.net\/es\/resource\/2790880\/la-energ%c3%ada\"><img decoding=\"async\" src=\"https:\/\/blogsaverroes.juntadeandalucia.es\/verainqueclase\/files\/2020\/11\/juego-energ%C3%ADa-300x165.jpg\"><\/a><\/td>\n<td><a href=\"https:\/\/wordwall.net\/es\/resource\/1383735\/caracter%c3%adsticas-de-la-energ%c3%ada\"><img decoding=\"async\" src=\"https:\/\/blogsaverroes.juntadeandalucia.es\/verainqueclase\/files\/2020\/11\/juego-energ%C3%ADa-300x165.jpg\"><\/a><\/td>\n<td><a href=\"https:\/\/wordwall.net\/es\/resource\/7297494\/las-fuentes-de-energ%c3%ada\"><img decoding=\"async\" src=\"https:\/\/blogsaverroes.juntadeandalucia.es\/verainqueclase\/files\/2020\/11\/juego-la-materia-300x165.jpg\"><\/a><\/td>\n<\/tr>\n<tr>\n<td><a href=\"https:\/\/www.mundoprimaria.com\/juegos-educativos\/jueg-natu-mye-16\"><img decoding=\"async\" src=\"https:\/\/blogsaverroes.juntadeandalucia.es\/verainqueclase\/files\/2023\/03\/juego-energ%C3%ADa-300x176.jpg\"><\/a><\/td>\n<td><a href=\"https:\/\/www.mundoprimaria.com\/juegos-educativos\/jueg-natu-mye-16\"><img decoding=\"async\" src=\"https:\/\/blogsaverroes.juntadeandalucia.es\/verainqueclase\/files\/2023\/03\/juego-energ%C3%ADa-1-300x176.jpg\"><\/a><\/td>\n<td><a href=\"https:\/\/wordwall.net\/es\/resource\/2670072\/energ%c3%adas-renovables\"><img decoding=\"async\" src=\"https:\/\/blogsaverroes.juntadeandalucia.es\/verainqueclase\/files\/2021\/09\/juego-h-2-300x167.jpg\"><\/a><\/td>\n<\/tr>\n<tr>\n<td><a href=\"https:\/\/wordwall.net\/es\/resource\/3058974\/energias-renovables-y-no-renovables\"><img decoding=\"async\" src=\"https:\/\/blogsaverroes.juntadeandalucia.es\/verainqueclase\/files\/2021\/09\/juego-br-3-300x167.jpg\"><\/a><\/td>\n<td><a href=\"https:\/\/www.mundoprimaria.com\/juegos-educativos\/jueg-natu-mye-23\"><img loading=\"lazy\" decoding=\"async\" class=\"alignnone size-medium wp-image-4459\" src=\"https:\/\/blogsaverroes.juntadeandalucia.es\/verainqueclase\/files\/2023\/09\/juego-propiedades-energ%C3%ADa-300x200.png\" alt=\"\" width=\"300\" height=\"200\"><\/a><\/td>\n<td>&nbsp;<\/td>\n<\/tr>\n<\/tbody>\n<\/table>\n<h4><strong>LAS TRANSFORMACIONES DE ENERG\u00cdA<\/strong><\/h4>\n<p>La energ\u00eda se puede transformar de un tipo a otro:<\/p>\n<ul>\n<li>La&nbsp;<strong>energ\u00eda qu\u00edmica<\/strong>&nbsp;de los combustibles se transforma en e<strong>nerg\u00eda mec\u00e1nica<\/strong>&nbsp;en el motor del coche.<\/li>\n<li>La&nbsp;<strong>energ\u00eda qu\u00edmica&nbsp;<\/strong>de la madera se transforma en&nbsp;<strong>energ\u00eda t\u00e9rmica y luminosa<\/strong>&nbsp;cuando se quema.<\/li>\n<li>La&nbsp;<strong>energ\u00eda el\u00e9ctrica&nbsp;<\/strong>se transforma en&nbsp;<strong>energ\u00eda t\u00e9rmica&nbsp;<\/strong>en un horno o un secador de pelo.<\/li>\n<li>La&nbsp;<strong>energ\u00eda qu\u00edmica<\/strong>&nbsp;de las pilas se transforma en&nbsp;<strong>energ\u00eda el\u00e9ctrica<\/strong>&nbsp;en un juguete.<\/li>\n<\/ul>\n<h4><a href=\"https:\/\/view.genial.ly\/6505d7217705b5001158a780\/horizontal-infographic-review-copia-efectos-de-la-energia\"><img loading=\"lazy\" decoding=\"async\" class=\"alignnone wp-image-4455\" src=\"https:\/\/blogsaverroes.juntadeandalucia.es\/verainqueclase\/files\/2023\/09\/genially-caracter%C3%ADsticas-energ%C3%ADa-300x156.png\" alt=\"\" width=\"769\" height=\"400\"><\/a><\/h4>\n<h4><strong>\u00bfQU\u00c9 ES UN CIRCUITO EL\u00c9CTRICO?<\/strong><\/h4>\n<h4><a href=\"https:\/\/view.genial.ly\/5fbc3d593646b80d18b12a52\/interactive-image-circuitos-electricos\"><img loading=\"lazy\" decoding=\"async\" class=\"\" src=\"https:\/\/blogsaverroes.juntadeandalucia.es\/verainqueclase\/files\/2020\/11\/genially-circuitos-300x192.jpg\" width=\"761\" height=\"487\"><\/a><\/h4>\n<h4><strong>LAS M\u00c1QUINAS Y LA ENERG\u00cdA<\/strong><\/h4>\n<h4><a href=\"https:\/\/view.genial.ly\/616c23f3d642f90ddf2b6cd9\/interactive-content-46-maquinas-simples-y-complejas\"><img loading=\"lazy\" decoding=\"async\" class=\"\" src=\"https:\/\/blogsaverroes.juntadeandalucia.es\/verainqueclase\/files\/2023\/06\/genially-maquinas-300x167.jpg\" width=\"695\" height=\"387\"><\/a><\/h4>\n<p><a href=\"https:\/\/view.genial.ly\/65088f94241da8001162dc3f\/interactive-content-info-horizontal-robot\"><img loading=\"lazy\" decoding=\"async\" class=\"alignnone  wp-image-4462\" src=\"https:\/\/blogsaverroes.juntadeandalucia.es\/verainqueclase\/files\/2023\/09\/genially-robots-300x173.png\" alt=\"\" width=\"782\" height=\"451\"><\/a><\/p>\n<table>\n<tbody>\n<tr>\n<td><a href=\"https:\/\/www.mundoprimaria.com\/juegos-educativos\/jueg-natu-oym-04\"><img decoding=\"async\" src=\"https:\/\/blogsaverroes.juntadeandalucia.es\/verainqueclase\/files\/2023\/06\/juego-m%C3%A1quinas-300x167.jpg\"><\/a><\/td>\n<td><a href=\"https:\/\/www.mundoprimaria.com\/juegos-educativos\/jueg-natu-oym-06\"><img decoding=\"async\" src=\"https:\/\/blogsaverroes.juntadeandalucia.es\/verainqueclase\/files\/2023\/06\/juego-m%C3%A1quinas-3-300x167.jpg\"><\/a><\/td>\n<td><a href=\"https:\/\/wordwall.net\/es\/resource\/11903631\/maquinas-simples\"><img decoding=\"async\" src=\"https:\/\/blogsaverroes.juntadeandalucia.es\/verainqueclase\/files\/2021\/10\/juego-maquinas-simples-300x167.jpg\"><\/a><\/td>\n<\/tr>\n<tr>\n<td><a href=\"https:\/\/wordwall.net\/es\/resource\/2027869\/m%c3%a1quinas-simples-y-compuestas\"><img decoding=\"async\" src=\"https:\/\/blogsaverroes.juntadeandalucia.es\/verainqueclase\/files\/2021\/10\/juego-maquinas-simples-2-300x167.jpg\"><\/a><\/td>\n<td><a href=\"https:\/\/wordwall.net\/es\/resource\/3109025\/ejemplos-de-maquinas-simples\"><img decoding=\"async\" src=\"https:\/\/blogsaverroes.juntadeandalucia.es\/verainqueclase\/files\/2021\/10\/juego-paralelogramos-2-300x153.jpg\"><\/a><\/td>\n<td>&nbsp;<\/td>\n<\/tr>\n<\/tbody>\n<\/table>\n<h4><strong>\u00bfC\u00d3MO INFLUYE EL VIENTO EN EL VUELO DE ALGUNOS OBJETOS?<\/strong><\/h4>\n<p>La<strong>&nbsp;aerodin\u00e1mica<\/strong>&nbsp;estudia c\u00f3mo se mueve el aire alrededor de los objetos.<\/p>\n<p><a href=\"https:\/\/view.genial.ly\/6508a5414d98f70011c41174\/interactive-content-timeline-globos\"><img loading=\"lazy\" decoding=\"async\" class=\"alignnone  wp-image-4463\" src=\"https:\/\/blogsaverroes.juntadeandalucia.es\/verainqueclase\/files\/2023\/09\/genially-aerodin%C3%A1mica-300x166.png\" alt=\"\" width=\"840\" height=\"465\"><\/a><\/p>\n<h4><strong>PROYECTOS<\/strong><\/h4>\n<table>\n<tbody>\n<tr>\n<td><a href=\"https:\/\/view.genial.ly\/624dad2650975900188f12b6\/interactive-content-escape-room-materia-y-energia\"><img decoding=\"async\" src=\"https:\/\/blogsaverroes.juntadeandalucia.es\/verainqueclase\/files\/2022\/05\/escape-room-unidad-5-300x167.jpg\"><\/a><\/td>\n<td>&nbsp;<\/td>\n<td>&nbsp;<\/td>\n<\/tr>\n<\/tbody>\n<\/table>\n<\/header>\n","protected":false},"excerpt":{"rendered":"<p>Este tema tambi\u00e9n os sonar\u00e1 ya que el a\u00f1o pasado hablamos sobre la materia y la energ\u00eda. En \u00e9l vamos a aprender: La materia y sus propiedades. La energ\u00eda y las fuentes de energ\u00eda. Tipos de energ\u00eda. Las m\u00e1quinas y la energ\u00eda. Influencia del viento en el vuelo. Proyectos. \u00bfDE QU\u00c9 EST\u00c1N FORMADOS LOS OBJETOS &hellip; <\/p>\n<p><a class=\"more-link btn\" href=\"https:\/\/blogsaverroes.juntadeandalucia.es\/manuroca03\/u6_lc_5oep\/\">Seguir leyendo<\/a><\/p>\n","protected":false},"author":10452,"featured_media":0,"parent":0,"menu_order":0,"comment_status":"closed","ping_status":"closed","template":"","meta":{"ngg_post_thumbnail":0,"footnotes":""},"aioseo_notices":[],"_links":{"self":[{"href":"https:\/\/blogsaverroes.juntadeandalucia.es\/manuroca03\/wp-json\/wp\/v2\/pages\/1708"}],"collection":[{"href":"https:\/\/blogsaverroes.juntadeandalucia.es\/manuroca03\/wp-json\/wp\/v2\/pages"}],"about":[{"href":"https:\/\/blogsaverroes.juntadeandalucia.es\/manuroca03\/wp-json\/wp\/v2\/types\/page"}],"author":[{"embeddable":true,"href":"https:\/\/blogsaverroes.juntadeandalucia.es\/manuroca03\/wp-json\/wp\/v2\/users\/10452"}],"replies":[{"embeddable":true,"href":"https:\/\/blogsaverroes.juntadeandalucia.es\/manuroca03\/wp-json\/wp\/v2\/comments?post=1708"}],"version-history":[{"count":2,"href":"https:\/\/blogsaverroes.juntadeandalucia.es\/manuroca03\/wp-json\/wp\/v2\/pages\/1708\/revisions"}],"predecessor-version":[{"id":1714,"href":"https:\/\/blogsaverroes.juntadeandalucia.es\/manuroca03\/wp-json\/wp\/v2\/pages\/1708\/revisions\/1714"}],"wp:attachment":[{"href":"https:\/\/blogsaverroes.juntadeandalucia.es\/manuroca03\/wp-json\/wp\/v2\/media?parent=1708"}],"curies":[{"name":"wp","href":"https:\/\/api.w.org\/{rel}","templated":true}]}}