{"id":1741,"date":"2024-02-04T15:45:26","date_gmt":"2024-02-04T15:45:26","guid":{"rendered":"https:\/\/blogsaverroes.juntadeandalucia.es\/manuroca03\/?page_id=1741"},"modified":"2026-03-04T18:06:13","modified_gmt":"2026-03-04T18:06:13","slug":"cm_u5","status":"publish","type":"page","link":"https:\/\/blogsaverroes.juntadeandalucia.es\/manuroca03\/cm_u5\/","title":{"rendered":"CM5\u00baU5. Vigilamos las misiones espaciales"},"content":{"rendered":"<div class=\"entry-content\">\n<p>Esta unidad ser\u00e1 nueva para nosotros pero seguro que os gusta un mont\u00f3n. Vamos a aprender cosas sobre el sistema solar.<\/p>\n<ul>\n<li>C\u00f3mo se form\u00f3 el universo.<\/li>\n<li>El sistema solar.<\/li>\n<li>El planeta Tierra.<\/li>\n<li>La luna.<\/li>\n<li>Las estrellas.<\/li>\n<\/ul>\n<h4><strong>\u00bfC\u00d3MO SE FORM\u00d3 EL UNIVERSO?<\/strong><\/h4>\n<h4><a href=\"https:\/\/view.genial.ly\/650b10e76c88490010295c13\/presentation-presentacion-interestelar\"><img loading=\"lazy\" decoding=\"async\" class=\"alignnone wp-image-4466\" src=\"https:\/\/blogsaverroes.juntadeandalucia.es\/verainqueclase\/files\/2023\/09\/Genially-universo-300x161.png\" alt=\"\" width=\"829\" height=\"445\"><\/a><\/h4>\n<table>\n<tbody>\n<tr>\n<td><a href=\"https:\/\/www.mundoprimaria.com\/juegos-educativos\/soc-mun-6-1?path=juegos-premium\/9781\"><img loading=\"lazy\" decoding=\"async\" class=\"alignnone size-medium wp-image-6070\" src=\"https:\/\/blogsaverroes.juntadeandalucia.es\/verainqueclase\/files\/2025\/09\/juego-universo-300x191.jpg\" alt=\"\" width=\"300\" height=\"191\"><\/a><\/td>\n<td><a href=\"https:\/\/wordwall.net\/es\/resource\/54074642\/universo\"><img loading=\"lazy\" decoding=\"async\" class=\"alignnone size-medium wp-image-4468\" src=\"https:\/\/blogsaverroes.juntadeandalucia.es\/verainqueclase\/files\/2023\/09\/juego-cuerpos-300x153.png\" alt=\"\" width=\"300\" height=\"153\"><\/a><\/td>\n<td><a href=\"https:\/\/wordwall.net\/es\/community?localeId=1034&amp;query=cuerpos%20celestes\"><img loading=\"lazy\" decoding=\"async\" class=\"alignnone size-medium wp-image-4469\" src=\"https:\/\/blogsaverroes.juntadeandalucia.es\/verainqueclase\/files\/2023\/09\/juego-cuerpos-2-300x162.png\" alt=\"\" width=\"300\" height=\"162\"><\/a><\/td>\n<\/tr>\n<tr class=\"alt\">\n<td><a href=\"https:\/\/view.genial.ly\/65c4f93116a04a0014ad913f\/interactive-content-quiz-galaxia\"><img loading=\"lazy\" decoding=\"async\" class=\"alignnone size-medium wp-image-4729\" src=\"https:\/\/blogsaverroes.juntadeandalucia.es\/verainqueclase\/files\/2024\/02\/genially-el-universo-300x165.jpg\" alt=\"\" width=\"300\" height=\"165\"><\/a><\/td>\n<td>&nbsp;<\/td>\n<td>&nbsp;<\/td>\n<\/tr>\n<\/tbody>\n<\/table>\n<h4><strong>\u00bfC\u00d3MO ES NUESTRO SISTEMA SOLAR?<\/strong><\/h4>\n<h4><a href=\"https:\/\/view.genial.ly\/650b2d7e504ecb00114c402c\/interactive-image-imagen-interactiva\"><img loading=\"lazy\" decoding=\"async\" class=\"alignnone wp-image-4471\" src=\"https:\/\/blogsaverroes.juntadeandalucia.es\/verainqueclase\/files\/2023\/09\/Genially-sistema-solar-300x210.png\" alt=\"\" width=\"754\" height=\"528\"><\/a><\/h4>\n<table>\n<tbody>\n<tr>\n<td><a href=\"https:\/\/www.mundoprimaria.com\/juegos-educativos\/soc-mun-6-2?path=juegos-premium\/9783\"><img loading=\"lazy\" decoding=\"async\" class=\"alignnone size-medium wp-image-6071\" src=\"https:\/\/blogsaverroes.juntadeandalucia.es\/verainqueclase\/files\/2025\/09\/juego-universo-2-300x190.jpg\" alt=\"\" width=\"300\" height=\"190\"><\/a><\/td>\n<td><a href=\"https:\/\/wordwall.net\/es\/resource\/6432402\/los-planetas-del-sistema-solar\"><img loading=\"lazy\" decoding=\"async\" class=\"alignnone size-medium wp-image-4473\" src=\"https:\/\/blogsaverroes.juntadeandalucia.es\/verainqueclase\/files\/2023\/09\/juego-sistema-solar-2-300x161.png\" alt=\"\" width=\"300\" height=\"161\"><\/a><\/td>\n<td><a href=\"https:\/\/wordwall.net\/es\/resource\/24307032\/sociales\/evaluaci%c3%b3n-del-sistema-solar\"><img loading=\"lazy\" decoding=\"async\" class=\"alignnone size-medium wp-image-4474\" src=\"https:\/\/blogsaverroes.juntadeandalucia.es\/verainqueclase\/files\/2023\/09\/juego-sistema-solar-3-300x159.png\" alt=\"\" width=\"300\" height=\"159\"><\/a><\/td>\n<\/tr>\n<tr class=\"alt\">\n<td><a href=\"https:\/\/wordwall.net\/es\/resource\/2433742\/sistema-solar\"><img loading=\"lazy\" decoding=\"async\" class=\"alignnone size-medium wp-image-4475\" src=\"https:\/\/blogsaverroes.juntadeandalucia.es\/verainqueclase\/files\/2023\/09\/juego-sistema-solar-4-300x160.png\" alt=\"\" width=\"300\" height=\"160\"><\/a><\/td>\n<td><a href=\"https:\/\/wordwall.net\/es\/resource\/922238\/el-sistema-solar\"><img loading=\"lazy\" decoding=\"async\" class=\"alignnone size-medium wp-image-4476\" src=\"https:\/\/blogsaverroes.juntadeandalucia.es\/verainqueclase\/files\/2023\/09\/juego-sistema-solar-5-300x159.png\" alt=\"\" width=\"300\" height=\"159\"><\/a><\/td>\n<td><a href=\"https:\/\/wordwall.net\/es\/resource\/8373263\/sistema-solar\"><img loading=\"lazy\" decoding=\"async\" class=\"alignnone size-medium wp-image-4477\" src=\"https:\/\/blogsaverroes.juntadeandalucia.es\/verainqueclase\/files\/2023\/09\/juego-sistema-solar-6-300x162.png\" alt=\"\" width=\"300\" height=\"162\"><\/a><\/td>\n<\/tr>\n<tr>\n<td><a href=\"https:\/\/wordwall.net\/es\/resource\/12804365\/sistema-solar\"><img loading=\"lazy\" decoding=\"async\" class=\"alignnone size-medium wp-image-4478\" src=\"https:\/\/blogsaverroes.juntadeandalucia.es\/verainqueclase\/files\/2023\/09\/juego-sistema-solar-7-300x184.png\" alt=\"\" width=\"300\" height=\"184\"><\/a><\/td>\n<td><a href=\"https:\/\/view.genial.ly\/65c4fe449bfe4000146065cc\/interactive-content-quiz-marte\"><img loading=\"lazy\" decoding=\"async\" class=\"alignnone size-medium wp-image-4730\" src=\"https:\/\/blogsaverroes.juntadeandalucia.es\/verainqueclase\/files\/2024\/02\/genially-sistema-solar-300x165.jpg\" alt=\"\" width=\"300\" height=\"165\"><\/a><\/td>\n<td>&nbsp;<\/td>\n<\/tr>\n<\/tbody>\n<\/table>\n<h4><strong>\u00bfPOR QU\u00c9 SE CARACTERIZA NUESTRO PLANETA?<\/strong><\/h4>\n<h4><a href=\"https:\/\/view.genial.ly\/650daeb807be920019c132fe\/interactive-image-copia-las-rocas\"><img loading=\"lazy\" decoding=\"async\" class=\"alignnone wp-image-4482\" src=\"https:\/\/blogsaverroes.juntadeandalucia.es\/verainqueclase\/files\/2023\/09\/Genially-movimientos-y-capas-300x187.png\" alt=\"\" width=\"658\" height=\"410\"><\/a><\/h4>\n<table>\n<tbody>\n<tr class=\"alt\">\n<td><a href=\"https:\/\/view.genial.ly\/5fc1711c45f1430d9d71b5c5\/interactive-content-capas-terrestres\"><img decoding=\"async\" src=\"https:\/\/blogsaverroes.juntadeandalucia.es\/verainqueclase\/files\/2021\/07\/juego-la-tierra-y-sus-capas-300x199.jpg\"><\/a><\/td>\n<td><a href=\"https:\/\/view.genial.ly\/6182c5a4cd32460de12883be\/interactive-content-quiz-capas-de-la-tierra\"><img decoding=\"async\" src=\"https:\/\/blogsaverroes.juntadeandalucia.es\/verainqueclase\/files\/2021\/11\/breakout-capas-de-la-tierra-300x164.jpg\"><\/a><\/td>\n<td>&nbsp;<\/td>\n<\/tr>\n<tr>\n<td><a href=\"https:\/\/wordwall.net\/es\/resource\/4356221\/capas-de-la-tierra\/capas-de-la-tierra\"><img loading=\"lazy\" decoding=\"async\" class=\"alignnone size-medium wp-image-4485\" src=\"https:\/\/blogsaverroes.juntadeandalucia.es\/verainqueclase\/files\/2023\/09\/juego-capas-tierra-2-1-300x180.png\" alt=\"\" width=\"300\" height=\"180\"><\/a><\/td>\n<td><a href=\"https:\/\/wordwall.net\/es\/resource\/20518124\/movimientos-de-la-tierra\"><img loading=\"lazy\" decoding=\"async\" class=\"alignnone size-medium wp-image-4486\" src=\"https:\/\/blogsaverroes.juntadeandalucia.es\/verainqueclase\/files\/2023\/09\/juego-movimientos-de-la-tierra-300x159.png\" alt=\"\" width=\"300\" height=\"159\"><\/a><\/td>\n<td><a href=\"https:\/\/wordwall.net\/es\/resource\/25869218\/movimientos-de-la-tierra\"><img loading=\"lazy\" decoding=\"async\" class=\"alignnone size-medium wp-image-4487\" src=\"https:\/\/blogsaverroes.juntadeandalucia.es\/verainqueclase\/files\/2023\/09\/juego-movimientos-de-la-tierra-2-300x161.png\" alt=\"\" width=\"300\" height=\"161\"><\/a><\/td>\n<\/tr>\n<tr class=\"alt\">\n<td><a href=\"https:\/\/wordwall.net\/es\/resource\/33126000\/movimientos-de-la-tierra-abre-la-caja\"><img loading=\"lazy\" decoding=\"async\" class=\"alignnone size-medium wp-image-4487\" src=\"https:\/\/blogsaverroes.juntadeandalucia.es\/verainqueclase\/files\/2023\/09\/juego-movimientos-de-la-tierra-2-300x161.png\" alt=\"\" width=\"300\" height=\"161\"><\/a><\/td>\n<td><a href=\"https:\/\/view.genial.ly\/65c5078e696fba0014d6f539\/interactive-content-copia-quiz-minerales\"><img loading=\"lazy\" decoding=\"async\" class=\"alignnone size-medium wp-image-4732\" src=\"https:\/\/blogsaverroes.juntadeandalucia.es\/verainqueclase\/files\/2024\/02\/genially-movimiento-tierra-300x165.jpg\" alt=\"\" width=\"300\" height=\"165\"><\/a><\/td>\n<td>&nbsp;<\/td>\n<\/tr>\n<\/tbody>\n<\/table>\n<h4><strong>\u00bfCU\u00c1L ES EL CUERPO CELESTE M\u00c1S CERCANO A LA TIERRA?<\/strong><\/h4>\n<p><a href=\"https:\/\/view.genial.ly\/650db8fdd1f8640010c77680\/presentation-presentacion-to-the-moon\"><img loading=\"lazy\" decoding=\"async\" class=\"alignnone wp-image-4489\" src=\"https:\/\/blogsaverroes.juntadeandalucia.es\/verainqueclase\/files\/2023\/09\/Genially-luna-300x171.png\" alt=\"\" width=\"872\" height=\"497\"><\/a><\/p>\n<table>\n<tbody>\n<tr>\n<td><a href=\"https:\/\/wordwall.net\/es\/resource\/2714231\/fases-de-la-luna\"><img decoding=\"async\" src=\"https:\/\/blogsaverroes.juntadeandalucia.es\/verainqueclase\/files\/2023\/09\/juego-luna-3-300x163.png\"><\/a><\/td>\n<td><a href=\"https:\/\/wordwall.net\/es\/resource\/2740858\/fases-de-la-luna-abre-la-caja\"><img loading=\"lazy\" decoding=\"async\" class=\"alignnone size-medium wp-image-4491\" src=\"https:\/\/blogsaverroes.juntadeandalucia.es\/verainqueclase\/files\/2023\/09\/juego-luna-300x160.png\" alt=\"\" width=\"300\" height=\"160\"><\/a><\/td>\n<td><a href=\"https:\/\/wordwall.net\/es\/resource\/16073234\/fases-de-la-luna\"><img loading=\"lazy\" decoding=\"async\" class=\"alignnone size-medium wp-image-4492\" src=\"https:\/\/blogsaverroes.juntadeandalucia.es\/verainqueclase\/files\/2023\/09\/Genially-luna-2-300x158.png\" alt=\"\" width=\"300\" height=\"158\"><\/a><\/td>\n<\/tr>\n<tr class=\"alt\">\n<td>&nbsp;<\/td>\n<td>&nbsp;<\/td>\n<td>&nbsp;<\/td>\n<\/tr>\n<\/tbody>\n<\/table>\n<h4>&nbsp;<\/h4>\n<h4><strong>\u00bfPOR QU\u00c9 NO SE VEN LAS ESTRELLAS?<\/strong><\/h4>\n<p><a href=\"https:\/\/view.genial.ly\/65202e9b9526ee00124dc6fd\/presentation-presentacion-muro-y-neon\"><img loading=\"lazy\" decoding=\"async\" class=\"alignnone wp-image-4496\" src=\"https:\/\/blogsaverroes.juntadeandalucia.es\/verainqueclase\/files\/2023\/10\/Genially-contaminaci%C3%B3n-luminica-300x154.png\" alt=\"\" width=\"785\" height=\"403\"><\/a><\/p>\n<table>\n<tbody>\n<tr>\n<td>&nbsp;<\/td>\n<td>&nbsp;<\/td>\n<td>&nbsp;<\/td>\n<\/tr>\n<\/tbody>\n<\/table>\n<h4><strong>REPASO<\/strong><\/h4>\n<table>\n<tbody>\n<tr class=\"alt\">\n<td><a href=\"https:\/\/view.genial.ly\/65b36d8b42d9870015861b1c\/interactive-content-escape-room-el-universo\"><img loading=\"lazy\" decoding=\"async\" class=\"alignnone size-medium wp-image-4723\" src=\"https:\/\/blogsaverroes.juntadeandalucia.es\/verainqueclase\/files\/2024\/02\/Escape-room-universo-300x169.jpg\" alt=\"\" width=\"300\" height=\"169\"><\/a><\/td>\n<td>&nbsp;<\/td>\n<td>&nbsp;<\/td>\n<\/tr>\n<\/tbody>\n<\/table>\n<\/div>\n","protected":false},"excerpt":{"rendered":"<p>Esta unidad ser\u00e1 nueva para nosotros pero seguro que os gusta un mont\u00f3n. Vamos a aprender cosas sobre el sistema solar. C\u00f3mo se form\u00f3 el universo. El sistema solar. El planeta Tierra. La luna. Las estrellas. \u00bfC\u00d3MO SE FORM\u00d3 EL UNIVERSO? &nbsp; &nbsp; \u00bfC\u00d3MO ES NUESTRO SISTEMA SOLAR? &nbsp; \u00bfPOR QU\u00c9 SE CARACTERIZA NUESTRO PLANETA? &hellip; <\/p>\n<p><a class=\"more-link btn\" href=\"https:\/\/blogsaverroes.juntadeandalucia.es\/manuroca03\/cm_u5\/\">Seguir leyendo<\/a><\/p>\n","protected":false},"author":10452,"featured_media":0,"parent":0,"menu_order":0,"comment_status":"closed","ping_status":"closed","template":"","meta":{"ngg_post_thumbnail":0,"footnotes":""},"aioseo_notices":[],"_links":{"self":[{"href":"https:\/\/blogsaverroes.juntadeandalucia.es\/manuroca03\/wp-json\/wp\/v2\/pages\/1741"}],"collection":[{"href":"https:\/\/blogsaverroes.juntadeandalucia.es\/manuroca03\/wp-json\/wp\/v2\/pages"}],"about":[{"href":"https:\/\/blogsaverroes.juntadeandalucia.es\/manuroca03\/wp-json\/wp\/v2\/types\/page"}],"author":[{"embeddable":true,"href":"https:\/\/blogsaverroes.juntadeandalucia.es\/manuroca03\/wp-json\/wp\/v2\/users\/10452"}],"replies":[{"embeddable":true,"href":"https:\/\/blogsaverroes.juntadeandalucia.es\/manuroca03\/wp-json\/wp\/v2\/comments?post=1741"}],"version-history":[{"count":3,"href":"https:\/\/blogsaverroes.juntadeandalucia.es\/manuroca03\/wp-json\/wp\/v2\/pages\/1741\/revisions"}],"predecessor-version":[{"id":2202,"href":"https:\/\/blogsaverroes.juntadeandalucia.es\/manuroca03\/wp-json\/wp\/v2\/pages\/1741\/revisions\/2202"}],"wp:attachment":[{"href":"https:\/\/blogsaverroes.juntadeandalucia.es\/manuroca03\/wp-json\/wp\/v2\/media?parent=1741"}],"curies":[{"name":"wp","href":"https:\/\/api.w.org\/{rel}","templated":true}]}}