{"id":1774,"date":"2024-03-08T16:31:40","date_gmt":"2024-03-08T16:31:40","guid":{"rendered":"https:\/\/blogsaverroes.juntadeandalucia.es\/manuroca03\/?page_id=1774"},"modified":"2024-03-08T16:31:40","modified_gmt":"2024-03-08T16:31:40","slug":"unidad-5-6-ojo-al-termometro-que-esta-pasando","status":"publish","type":"page","link":"https:\/\/blogsaverroes.juntadeandalucia.es\/manuroca03\/unidad-5-6-ojo-al-termometro-que-esta-pasando\/","title":{"rendered":"Unidad 5.6. \u00a1Ojo al term\u00f3metro! \u00bfQu\u00e9 est\u00e1 pasando?"},"content":{"rendered":"<p>Esta unidad tambi\u00e9n es nueva para nosotros. Aprenderemos conceptos sobre:<\/p>\n<ul>\n<li>La atm\u00f3sfera y los fen\u00f3menos atmosf\u00e9ricos.<\/li>\n<li>El clima y las zonas clim\u00e1ticas de la Tierra.<\/li>\n<li>El clima y los ecosistemas.<\/li>\n<li>El peligro del cambio clim\u00e1tico.<\/li>\n<\/ul>\n<h4><strong>\u00bfD\u00d3NDE SE DAN LOS FEN\u00d3MENOS ATMOSF\u00c9RICOS?<\/strong><\/h4>\n<h4><a href=\"https:\/\/view.genial.ly\/652166411647a100117a2ec9\/interactive-image-imagen-interactiva\"><img loading=\"lazy\" decoding=\"async\" class=\"alignnone wp-image-4498\" src=\"https:\/\/blogsaverroes.juntadeandalucia.es\/verainqueclase\/files\/2023\/10\/genially-capas-de-la-atm%C3%B3sfera-300x155.png\" alt=\"\" width=\"730\" height=\"377\"><\/a><\/h4>\n<p><a href=\"https:\/\/view.genial.ly\/62e90118ce3d3f00112814e2\/interactive-content-41-fenomenos-atmosfericos\"><img loading=\"lazy\" decoding=\"async\" class=\"\" src=\"https:\/\/blogsaverroes.juntadeandalucia.es\/verainqueclase\/files\/2022\/08\/genially-fenomenos-atm%C3%B3sf%C3%A9ricos-300x162.jpg\" width=\"667\" height=\"360\"><\/a><\/p>\n<table>\n<tbody>\n<tr>\n<td><a href=\"https:\/\/view.genial.ly\/632b390221924b0018691b9c\/interactive-content-quiz-la-atmosfera\"><img decoding=\"async\" src=\"https:\/\/blogsaverroes.juntadeandalucia.es\/verainqueclase\/files\/2022\/09\/Juego-la-atm%C3%B3sfera-300x174.jpg\"><\/a><\/td>\n<td><a href=\"https:\/\/view.genial.ly\/632b3f5154646d00104076cc\/interactive-content-quiz-fenomenos-atmosfericos\"><img decoding=\"async\" src=\"https:\/\/blogsaverroes.juntadeandalucia.es\/verainqueclase\/files\/2022\/09\/Juego-fen%C3%B3menos-300x174.jpg\"><\/a><\/td>\n<td><a href=\"https:\/\/www.mundoprimaria.com\/juegos-educativos\/jueg-soci-mqv-28\"><img loading=\"lazy\" decoding=\"async\" class=\"alignnone size-medium wp-image-4499\" src=\"https:\/\/blogsaverroes.juntadeandalucia.es\/verainqueclase\/files\/2023\/10\/juego-capas-atm%C3%B3sfera-300x163.png\" alt=\"\" width=\"300\" height=\"163\"><\/a><\/td>\n<\/tr>\n<tr>\n<td><a href=\"https:\/\/wordwall.net\/es\/resource\/22110491\/atmosfera\"><img loading=\"lazy\" decoding=\"async\" class=\"alignnone size-medium wp-image-4500\" src=\"https:\/\/blogsaverroes.juntadeandalucia.es\/verainqueclase\/files\/2023\/10\/juego-capas-atm%C3%B3sfera-1-300x159.png\" alt=\"\" width=\"300\" height=\"159\"><\/a><\/td>\n<td><a href=\"https:\/\/wordwall.net\/es\/resource\/57486134\/atmosfera\"><img loading=\"lazy\" decoding=\"async\" class=\"alignnone size-medium wp-image-4501\" src=\"https:\/\/blogsaverroes.juntadeandalucia.es\/verainqueclase\/files\/2023\/10\/juego-capas-atm%C3%B3sfera-2-300x158.png\" alt=\"\" width=\"300\" height=\"158\"><\/a><\/td>\n<td><a href=\"https:\/\/wordwall.net\/es\/resource\/7961585\/capas-da-atmosfera\"><img loading=\"lazy\" decoding=\"async\" class=\"alignnone size-medium wp-image-4502\" src=\"https:\/\/blogsaverroes.juntadeandalucia.es\/verainqueclase\/files\/2023\/10\/juego-capas-atm%C3%B3sfera-3-300x161.png\" alt=\"\" width=\"300\" height=\"161\"><\/a><\/td>\n<\/tr>\n<tr>\n<td><a href=\"https:\/\/view.genial.ly\/65cce76245ab7b0014113af8\/interactive-content-copia-quiz-movimientos-de-la-tierra\"><img loading=\"lazy\" decoding=\"async\" class=\"alignnone size-medium wp-image-4747\" src=\"https:\/\/blogsaverroes.juntadeandalucia.es\/verainqueclase\/files\/2024\/02\/genially-la-atm%C3%B3sfera-300x155.jpg\" alt=\"\" width=\"300\" height=\"155\"><\/a><\/td>\n<td>&nbsp;<\/td>\n<td>&nbsp;<\/td>\n<\/tr>\n<\/tbody>\n<\/table>\n<h4><strong>\u00bfPOR QU\u00c9 EL CLIMA AFECTA EN NUESTRO D\u00cdA A D\u00cdA?<\/strong><\/h4>\n<h4><a href=\"https:\/\/view.genial.ly\/62e92218ce3d3f001128452e\/interactive-content-41-los-factores-climaticos\"><img loading=\"lazy\" decoding=\"async\" class=\"\" src=\"https:\/\/blogsaverroes.juntadeandalucia.es\/verainqueclase\/files\/2022\/08\/genially-factores-clim%C3%A1ticos-300x162.jpg\" width=\"793\" height=\"428\"><\/a><\/h4>\n<table>\n<tbody>\n<tr>\n<td><a href=\"https:\/\/www.mundoprimaria.com\/juegos-educativos\/jueg-soci-mqv-21?rnd=0.5461537940657792\"><img decoding=\"async\" src=\"https:\/\/blogsaverroes.juntadeandalucia.es\/verainqueclase\/files\/2022\/09\/juego-tiempo-300x176.jpg\"><\/a><\/td>\n<td><a href=\"https:\/\/view.genial.ly\/632ca470a38f2800183fd0e9\/interactive-content-quiz-factores-climaticos\"><img decoding=\"async\" src=\"https:\/\/blogsaverroes.juntadeandalucia.es\/verainqueclase\/files\/2022\/09\/Juego-factores-clim%C3%A1ticos-300x154.jpg\"><\/a><\/td>\n<td><a href=\"https:\/\/www.mundoprimaria.com\/juegos-educativos\/jueg-soci-mqv-21\"><img loading=\"lazy\" decoding=\"async\" class=\"alignnone size-medium wp-image-4504\" src=\"https:\/\/blogsaverroes.juntadeandalucia.es\/verainqueclase\/files\/2023\/10\/juego-tiempo-300x192.png\" alt=\"\" width=\"300\" height=\"192\"><\/a><\/td>\n<\/tr>\n<tr>\n<td><a href=\"https:\/\/wordwall.net\/es\/resource\/57941188\/fenomenos-atmosfericos\"><img loading=\"lazy\" decoding=\"async\" class=\"alignnone size-medium wp-image-4505\" src=\"https:\/\/blogsaverroes.juntadeandalucia.es\/verainqueclase\/files\/2023\/10\/juego-tiempo-2-300x157.png\" alt=\"\" width=\"300\" height=\"157\"><\/a><\/td>\n<td><a href=\"https:\/\/wordwall.net\/es\/resource\/31881240\/elementos-atmosfericos\"><img loading=\"lazy\" decoding=\"async\" class=\"alignnone size-medium wp-image-4506\" src=\"https:\/\/blogsaverroes.juntadeandalucia.es\/verainqueclase\/files\/2023\/10\/juego-tiempo-3-300x158.png\" alt=\"\" width=\"300\" height=\"158\"><\/a><\/td>\n<td>&nbsp;<\/td>\n<\/tr>\n<\/tbody>\n<\/table>\n<h4><strong>\u00bfCUALES SON LAS GRANDES ZONAS CLIM\u00c1TICAS?<\/strong><\/h4>\n<h4><a href=\"https:\/\/view.genial.ly\/652171f49526ee0012adcf32\/interactive-image-imagen-interactiva\"><img loading=\"lazy\" decoding=\"async\" class=\"alignnone wp-image-4508\" src=\"https:\/\/blogsaverroes.juntadeandalucia.es\/verainqueclase\/files\/2023\/10\/genially-zonas-clim%C3%A1ticas-300x171.png\" alt=\"\" width=\"760\" height=\"433\"><\/a><\/h4>\n<table>\n<tbody>\n<tr>\n<td><a href=\"https:\/\/www.mundoprimaria.com\/juegos-educativos\/jueg-soci-mqv-22\"><img loading=\"lazy\" decoding=\"async\" class=\"alignnone size-medium wp-image-4509\" src=\"https:\/\/blogsaverroes.juntadeandalucia.es\/verainqueclase\/files\/2023\/10\/juego-zonas-clim%C3%A1ticas-300x191.png\" alt=\"\" width=\"300\" height=\"191\"><\/a><\/td>\n<td><a href=\"https:\/\/wordwall.net\/es\/resource\/15790246\/zonas-climaticas\"><img loading=\"lazy\" decoding=\"async\" class=\"alignnone size-medium wp-image-4510\" src=\"https:\/\/blogsaverroes.juntadeandalucia.es\/verainqueclase\/files\/2023\/10\/juego-zonas-clim%C3%A1ticas-1-300x162.png\" alt=\"\" width=\"300\" height=\"162\"><\/a><\/td>\n<td><a href=\"https:\/\/wordwall.net\/es\/resource\/33496211\/geograf%c3%ada\/zonas-clim%c3%a1ticas\"><img loading=\"lazy\" decoding=\"async\" class=\"alignnone size-medium wp-image-4511\" src=\"https:\/\/blogsaverroes.juntadeandalucia.es\/verainqueclase\/files\/2023\/10\/juego-zonas-clim%C3%A1ticas-2-300x159.png\" alt=\"\" width=\"300\" height=\"159\"><\/a><\/td>\n<\/tr>\n<tr>\n<td><a href=\"https:\/\/view.genial.ly\/65cceceea2d0b7001486227b\/interactive-content-copia-43-animales-invertebrados\"><img loading=\"lazy\" decoding=\"async\" class=\"alignnone size-medium wp-image-4748\" src=\"https:\/\/blogsaverroes.juntadeandalucia.es\/verainqueclase\/files\/2024\/02\/genially-zonas-clim%C3%A1ticas-300x155.jpg\" alt=\"\" width=\"300\" height=\"155\"><\/a><\/td>\n<td>&nbsp;<\/td>\n<td>&nbsp;<\/td>\n<\/tr>\n<\/tbody>\n<\/table>\n<h4><strong>\u00bfC\u00d3MO INFLUYE EL CLIMA EN LA VARIEDAD DE ECOSISTEMAS Y PAISAJES?<\/strong><\/h4>\n<h4><a href=\"https:\/\/view.genial.ly\/652178711647a1001182d710\/interactive-image-imagen-interactiva\"><img loading=\"lazy\" decoding=\"async\" class=\"alignnone wp-image-4513\" src=\"https:\/\/blogsaverroes.juntadeandalucia.es\/verainqueclase\/files\/2023\/10\/genially-zonas-clim%C3%A1ticas-y-paisajes-300x196.png\" alt=\"\" width=\"869\" height=\"568\"><\/a><\/h4>\n<table>\n<tbody>\n<tr>\n<td><a href=\"https:\/\/view.genial.ly\/65ccf18f85db620014d479d2\/interactive-content-copia-44-quiz-ecosistemas\"><img loading=\"lazy\" decoding=\"async\" class=\"alignnone size-medium wp-image-4749\" src=\"https:\/\/blogsaverroes.juntadeandalucia.es\/verainqueclase\/files\/2024\/02\/genially-climas-y-ecosistemas-300x155.jpg\" alt=\"\" width=\"300\" height=\"155\"><\/a><\/td>\n<td>&nbsp;<\/td>\n<td>&nbsp;<\/td>\n<\/tr>\n<\/tbody>\n<\/table>\n<h4><strong>\u00bfEST\u00c1N LOS CLIMAS TAL Y COMO LOS CONOCEMOS EN PELIGRO?<\/strong><\/h4>\n<p><a href=\"https:\/\/view.genial.ly\/62f238101973180017886900\/interactive-image-41-efecto-invernadero\"><img loading=\"lazy\" decoding=\"async\" class=\"\" src=\"https:\/\/blogsaverroes.juntadeandalucia.es\/verainqueclase\/files\/2022\/08\/genially-efecto-invernadero-300x147.jpg\" width=\"753\" height=\"369\"><\/a><\/p>\n<p><a href=\"https:\/\/view.genial.ly\/62f23a83efd10a0010ec007f\/interactive-content-41-cambio-climatico\"><img loading=\"lazy\" decoding=\"async\" class=\"aligncenter\" src=\"https:\/\/blogsaverroes.juntadeandalucia.es\/verainqueclase\/files\/2022\/08\/genially-cambio-clim%C3%A1tico-300x162.jpg\" width=\"617\" height=\"333\"><\/a><\/p>\n<table>\n<tbody>\n<tr>\n<td><a href=\"https:\/\/view.genial.ly\/6331ddc07d5fe60018ed6184\/interactive-content-quiz-cambio-climatico\"><img decoding=\"async\" src=\"https:\/\/blogsaverroes.juntadeandalucia.es\/verainqueclase\/files\/2022\/09\/Juego-cambio-clim%C3%A1tico-300x151.jpg\"><\/a><\/td>\n<td><a href=\"https:\/\/www.mundoprimaria.com\/juegos-educativos\/jueg-soci-mqv-30\"><img loading=\"lazy\" decoding=\"async\" class=\"alignnone size-medium wp-image-4515\" src=\"https:\/\/blogsaverroes.juntadeandalucia.es\/verainqueclase\/files\/2023\/10\/juego-cambio-clim%C3%A1tic0-300x166.png\" alt=\"\" width=\"300\" height=\"166\"><\/a><\/td>\n<td>&nbsp;<\/td>\n<\/tr>\n<\/tbody>\n<\/table>\n<h4><strong>REPASO<\/strong><\/h4>\n<table>\n<tbody>\n<tr>\n<td><a href=\"https:\/\/view.genial.ly\/65218b409526ee0012ba917d\/interactive-content-copia-breakout-la-atmosfera-y-los-climas\"><img decoding=\"async\" src=\"https:\/\/blogsaverroes.juntadeandalucia.es\/verainqueclase\/files\/2022\/09\/Breakout-la-atm%C3%B3sfera-300x168.jpg\"><\/a><\/td>\n<td>&nbsp;<\/td>\n<td>&nbsp;<\/td>\n<\/tr>\n<\/tbody>\n<\/table>\n","protected":false},"excerpt":{"rendered":"<p>Esta unidad tambi\u00e9n es nueva para nosotros. Aprenderemos conceptos sobre: La atm\u00f3sfera y los fen\u00f3menos atmosf\u00e9ricos. El clima y las zonas clim\u00e1ticas de la Tierra. El clima y los ecosistemas. El peligro del cambio clim\u00e1tico. \u00bfD\u00d3NDE SE DAN LOS FEN\u00d3MENOS ATMOSF\u00c9RICOS? &nbsp; &nbsp; \u00bfPOR QU\u00c9 EL CLIMA AFECTA EN NUESTRO D\u00cdA A D\u00cdA? &nbsp; \u00bfCUALES &hellip; <\/p>\n<p><a class=\"more-link btn\" href=\"https:\/\/blogsaverroes.juntadeandalucia.es\/manuroca03\/unidad-5-6-ojo-al-termometro-que-esta-pasando\/\">Seguir leyendo<\/a><\/p>\n","protected":false},"author":10452,"featured_media":0,"parent":0,"menu_order":0,"comment_status":"closed","ping_status":"closed","template":"","meta":{"ngg_post_thumbnail":0,"footnotes":""},"aioseo_notices":[],"_links":{"self":[{"href":"https:\/\/blogsaverroes.juntadeandalucia.es\/manuroca03\/wp-json\/wp\/v2\/pages\/1774"}],"collection":[{"href":"https:\/\/blogsaverroes.juntadeandalucia.es\/manuroca03\/wp-json\/wp\/v2\/pages"}],"about":[{"href":"https:\/\/blogsaverroes.juntadeandalucia.es\/manuroca03\/wp-json\/wp\/v2\/types\/page"}],"author":[{"embeddable":true,"href":"https:\/\/blogsaverroes.juntadeandalucia.es\/manuroca03\/wp-json\/wp\/v2\/users\/10452"}],"replies":[{"embeddable":true,"href":"https:\/\/blogsaverroes.juntadeandalucia.es\/manuroca03\/wp-json\/wp\/v2\/comments?post=1774"}],"version-history":[{"count":1,"href":"https:\/\/blogsaverroes.juntadeandalucia.es\/manuroca03\/wp-json\/wp\/v2\/pages\/1774\/revisions"}],"predecessor-version":[{"id":1776,"href":"https:\/\/blogsaverroes.juntadeandalucia.es\/manuroca03\/wp-json\/wp\/v2\/pages\/1774\/revisions\/1776"}],"wp:attachment":[{"href":"https:\/\/blogsaverroes.juntadeandalucia.es\/manuroca03\/wp-json\/wp\/v2\/media?parent=1774"}],"curies":[{"name":"wp","href":"https:\/\/api.w.org\/{rel}","templated":true}]}}