{"id":1777,"date":"2024-04-04T09:55:56","date_gmt":"2024-04-04T09:55:56","guid":{"rendered":"https:\/\/blogsaverroes.juntadeandalucia.es\/manuroca03\/?page_id=1777"},"modified":"2026-03-04T17:48:24","modified_gmt":"2026-03-04T17:48:24","slug":"u9_lc_5oep","status":"publish","type":"page","link":"https:\/\/blogsaverroes.juntadeandalucia.es\/manuroca03\/u9_lc_5oep\/","title":{"rendered":"LC5\u00baU9. Cuido mi salud"},"content":{"rendered":"<p>Ya estamos en el tercer trimestre. Nuestro punto de partida en esta unidad ser\u00e1 un anuncio y un cartel. A partir de ellos vamos a aprender cosas sobre:<\/p>\n<ul>\n<li>Lo campos sem\u00e1nticos.<\/li>\n<li>Figuras po\u00e9ticas.<\/li>\n<li>La oraci\u00f3n.<\/li>\n<li>Palabras con b y v.<\/li>\n<\/ul>\n<h4><a href=\"https:\/\/view.genially.com\/69091d842ffd66bf843f295a\/horizontal-infographic-review-la-publicidad\"><img loading=\"lazy\" decoding=\"async\" class=\"\" src=\"https:\/\/blogsaverroes.juntadeandalucia.es\/verainqueclase\/files\/2020\/12\/genially-publicidad-300x166.jpg\" width=\"974\" height=\"539\"><\/a><\/h4>\n<h4><strong>UTILIZO PALABRAS NUEVAS SOBRE LA ALIMENTACI\u00d3N: LOS CAMPOS SEM\u00c1NTICOS<\/strong><\/h4>\n<h4><a href=\"https:\/\/view.genially.com\/68ff9f475384ae2cfee6e270\/horizontal-infographic-review-los-campos-semanticos\"><img loading=\"lazy\" decoding=\"async\" class=\"\" src=\"https:\/\/blogsaverroes.juntadeandalucia.es\/verainqueclase\/files\/2021\/08\/genially-campos-sem%C3%A1nticos-300x155.jpg\" width=\"984\" height=\"508\"><\/a><\/h4>\n<table>\n<tbody>\n<tr>\n<td><a href=\"https:\/\/wordwall.net\/es\/resource\/31676246\/campo-sem%C3%A1ntico\"><img loading=\"lazy\" decoding=\"async\" class=\"alignnone size-medium wp-image-5850\" src=\"https:\/\/blogsaverroes.juntadeandalucia.es\/verainqueclase\/files\/2025\/08\/juego-campos-4-300x175.jpg\" alt=\"\" width=\"300\" height=\"175\"><\/a><\/td>\n<td><a href=\"https:\/\/wordwall.net\/es\/resource\/7393938\/campo-sem%C3%A1ntico\"><img loading=\"lazy\" decoding=\"async\" class=\"alignnone size-medium wp-image-5848\" src=\"https:\/\/blogsaverroes.juntadeandalucia.es\/verainqueclase\/files\/2025\/08\/juego-campos-2-300x175.jpg\" alt=\"\" width=\"300\" height=\"175\"><\/a><\/td>\n<td><a href=\"https:\/\/wordwall.net\/es\/resource\/28036669\/lengua-espa%c3%b1ola\/campo-sem%c3%a1ntico\"><img loading=\"lazy\" decoding=\"async\" class=\"alignnone size-medium wp-image-5849\" src=\"https:\/\/blogsaverroes.juntadeandalucia.es\/verainqueclase\/files\/2025\/08\/juego-campos-3-300x175.jpg\" alt=\"\" width=\"300\" height=\"175\"><\/a><\/td>\n<\/tr>\n<tr class=\"alt\">\n<td><a href=\"https:\/\/www.mundoprimaria.com\/juegos-educativos\/lengua-voc-2-4?path=juegos-premium\/6007\"><img loading=\"lazy\" decoding=\"async\" class=\"alignnone size-medium wp-image-6101\" src=\"https:\/\/blogsaverroes.juntadeandalucia.es\/verainqueclase\/files\/2025\/09\/campos-semanticos-300x199.jpg\" alt=\"\" width=\"300\" height=\"199\"><\/a><\/td>\n<td>&nbsp;<\/td>\n<td>&nbsp;<\/td>\n<\/tr>\n<\/tbody>\n<\/table>\n<h4><strong>ME EXPRESO LITERARIAMENTE<\/strong><\/h4>\n<p><a href=\"https:\/\/view.genially.com\/690136b55a5f84ec1a6da994\/horizontal-infographic-lists-48-la-lengua-literaria\"><img loading=\"lazy\" decoding=\"async\" class=\"\" src=\"https:\/\/blogsaverroes.juntadeandalucia.es\/verainqueclase\/files\/2022\/09\/genially-lengua-literaria-300x180.jpg\" width=\"948\" height=\"569\"><\/a><\/p>\n<h4><a href=\"https:\/\/view.genial.ly\/65ef3100ffe811001484b668\/horizontal-infographic-review-59-recursos-literarios\"><img loading=\"lazy\" decoding=\"async\" class=\"\" src=\"https:\/\/blogsaverroes.juntadeandalucia.es\/verainqueclase\/files\/2020\/12\/genially-figuras-literarias-300x162.jpg\" width=\"1000\" height=\"540\"><\/a><\/h4>\n<table>\n<tbody>\n<tr>\n<td><a href=\"https:\/\/view.genial.ly\/5c7bb04fa159c776290faaf1\/interactive-content-figuras-literarias\"><img decoding=\"async\" src=\"https:\/\/blogsaverroes.juntadeandalucia.es\/verainqueclase\/files\/2020\/12\/genially-figuras-literarias-i-300x153.jpg\"><\/a><\/td>\n<td><a href=\"https:\/\/wordwall.net\/es\/resource\/24370909\/figuras-literarias\/fifuras-literarias-copia\"><img loading=\"lazy\" decoding=\"async\" class=\"alignnone size-medium wp-image-5851\" src=\"https:\/\/blogsaverroes.juntadeandalucia.es\/verainqueclase\/files\/2025\/08\/juego-figuras-300x175.jpg\" alt=\"\" width=\"300\" height=\"175\"><\/a><\/td>\n<td><a href=\"https:\/\/wordwall.net\/es\/resource\/34810670\/figuras-literarias-6to-b%C3%A1sico\"><img loading=\"lazy\" decoding=\"async\" class=\"alignnone size-medium wp-image-5852\" src=\"https:\/\/blogsaverroes.juntadeandalucia.es\/verainqueclase\/files\/2025\/08\/juego-figuras-2-300x175.jpg\" alt=\"\" width=\"300\" height=\"175\"><\/a><\/td>\n<\/tr>\n<tr class=\"alt\">\n<td><a href=\"https:\/\/wordwall.net\/es\/resource\/20084945\/figuras-literarias\"><img loading=\"lazy\" decoding=\"async\" class=\"alignnone size-medium wp-image-5728\" src=\"https:\/\/blogsaverroes.juntadeandalucia.es\/verainqueclase\/files\/2025\/08\/juego-silabas-tonica-300x190.jpg\" alt=\"\" width=\"300\" height=\"190\"><\/a><\/td>\n<td><a href=\"https:\/\/www.mundoprimaria.com\/juegos-educativos\/lengua-lit-5-3?path=juegos-premium\/10010\"><img loading=\"lazy\" decoding=\"async\" class=\"alignnone size-medium wp-image-5853\" src=\"https:\/\/blogsaverroes.juntadeandalucia.es\/verainqueclase\/files\/2025\/08\/juego-figuras-3-300x175.jpg\" alt=\"\" width=\"300\" height=\"175\"><\/a><\/td>\n<td><a href=\"https:\/\/www.mundoprimaria.com\/juegos-educativos\/lengua-lit-5-4?path=juegos-premium\/10013\"><img loading=\"lazy\" decoding=\"async\" class=\"alignnone size-medium wp-image-5854\" src=\"https:\/\/blogsaverroes.juntadeandalucia.es\/verainqueclase\/files\/2025\/08\/juego-figuras-4-300x175.jpg\" alt=\"\" width=\"300\" height=\"175\"><\/a><\/td>\n<\/tr>\n<tr>\n<td><a href=\"https:\/\/www.mundoprimaria.com\/juegos-educativos\/lengua-lit-4-1?path=juegos-premium\/9993\"><img loading=\"lazy\" decoding=\"async\" class=\"alignnone size-medium wp-image-5855\" src=\"https:\/\/blogsaverroes.juntadeandalucia.es\/verainqueclase\/files\/2025\/08\/juego-figuras-5-300x175.jpg\" alt=\"\" width=\"300\" height=\"175\"><\/a><\/td>\n<td><a href=\"https:\/\/www.mundoprimaria.com\/juegos-educativos\/lengua-lit-4-2?path=juegos-premium\/9995\"><img loading=\"lazy\" decoding=\"async\" class=\"alignnone size-medium wp-image-5856\" src=\"https:\/\/blogsaverroes.juntadeandalucia.es\/verainqueclase\/files\/2025\/08\/juego-figuras-6-300x175.jpg\" alt=\"\" width=\"300\" height=\"175\"><\/a><\/td>\n<td><a href=\"https:\/\/www.mundoprimaria.com\/juegos-educativos\/lengua-lit-4-3?path=juegos-premium\/9989\"><img loading=\"lazy\" decoding=\"async\" class=\"alignnone size-medium wp-image-5857\" src=\"https:\/\/blogsaverroes.juntadeandalucia.es\/verainqueclase\/files\/2025\/08\/juego-figuras-7-300x175.jpg\" alt=\"\" width=\"300\" height=\"175\"><\/a><\/td>\n<\/tr>\n<\/tbody>\n<\/table>\n<h4><strong>ESCRIBO DE FORMA LITERARIA<\/strong><\/h4>\n<h4>&nbsp;<\/h4>\n<h4><strong>LA ORACI\u00d3N<\/strong><\/h4>\n<p><a href=\"https:\/\/view.genial.ly\/65ef3e41f8a87b00148d535a\/horizontal-infographic-review-59-la-oracion-sujeto-y-predicado\"><img loading=\"lazy\" decoding=\"async\" class=\"\" src=\"https:\/\/blogsaverroes.juntadeandalucia.es\/verainqueclase\/files\/2023\/05\/genially-sujeto-predicao-300x169.jpg\" width=\"975\" height=\"549\"><\/a><\/p>\n<table>\n<tbody>\n<tr class=\"alt\">\n<td><a href=\"https:\/\/wordwall.net\/es\/resource\/66976702\/lengua-espa%c3%b1ola\/frase-u-oraci%c3%b3n\"><img loading=\"lazy\" decoding=\"async\" class=\"alignnone size-medium wp-image-5858\" src=\"https:\/\/blogsaverroes.juntadeandalucia.es\/verainqueclase\/files\/2025\/08\/juego-oraciones-300x175.jpg\" alt=\"\" width=\"300\" height=\"175\"><\/a><\/td>\n<td><a href=\"https:\/\/wordwall.net\/es\/resource\/2702407\/frases-u-oraciones\"><img loading=\"lazy\" decoding=\"async\" class=\"alignnone size-medium wp-image-5859\" src=\"https:\/\/blogsaverroes.juntadeandalucia.es\/verainqueclase\/files\/2025\/08\/juego-oraciones-2-300x175.jpg\" alt=\"\" width=\"300\" height=\"175\"><\/a><\/td>\n<td><a href=\"https:\/\/wordwall.net\/es\/resource\/23314596\/el-sujeto-y-el-predicado\"><img loading=\"lazy\" decoding=\"async\" class=\"alignnone size-medium wp-image-5860\" src=\"https:\/\/blogsaverroes.juntadeandalucia.es\/verainqueclase\/files\/2025\/08\/juego-oraciones-3-300x175.jpg\" alt=\"\" width=\"300\" height=\"175\"><\/a><\/td>\n<\/tr>\n<tr>\n<td><a href=\"https:\/\/wordwall.net\/es\/resource\/26261033\/audici%c3%b3n-y-lenguaje\/sujeto-y-predicado-4%c2%ba\"><img loading=\"lazy\" decoding=\"async\" class=\"alignnone size-medium wp-image-5754\" src=\"https:\/\/blogsaverroes.juntadeandalucia.es\/verainqueclase\/files\/2025\/08\/juego-la-coma-3-300x190.jpg\" alt=\"\" width=\"300\" height=\"190\"><\/a><\/td>\n<td><a href=\"https:\/\/wordwall.net\/es\/resource\/15979601\/sujeto-y-predicado\"><img loading=\"lazy\" decoding=\"async\" class=\"alignnone size-medium wp-image-5861\" src=\"https:\/\/blogsaverroes.juntadeandalucia.es\/verainqueclase\/files\/2025\/08\/juego-oraciones-4-300x175.jpg\" alt=\"\" width=\"300\" height=\"175\"><\/a><\/td>\n<td><a href=\"https:\/\/wordwall.net\/es\/resource\/7089967\/sujeto-y-predicado\"><img loading=\"lazy\" decoding=\"async\" class=\"alignnone size-medium wp-image-5862\" src=\"https:\/\/blogsaverroes.juntadeandalucia.es\/verainqueclase\/files\/2025\/08\/juego-oraciones-5-300x175.jpg\" alt=\"\" width=\"300\" height=\"175\"><\/a><\/td>\n<\/tr>\n<tr class=\"alt\">\n<td><a href=\"https:\/\/wordwall.net\/es\/resource\/2841381\/sujeto-y-predicado\"><img loading=\"lazy\" decoding=\"async\" class=\"alignnone size-medium wp-image-5753\" src=\"https:\/\/blogsaverroes.juntadeandalucia.es\/verainqueclase\/files\/2025\/08\/juego-la-coma-2-300x190.jpg\" alt=\"\" width=\"300\" height=\"190\"><\/a><\/td>\n<td>&nbsp;<\/td>\n<td>&nbsp;<\/td>\n<\/tr>\n<\/tbody>\n<\/table>\n<h4><strong>PALABRAS CON B Y V<\/strong><\/h4>\n<p><a href=\"https:\/\/view.genially.com\/6901367dc1adf66159c77bf9\/horizontal-infographic-lists-48-b-y-v\"><img loading=\"lazy\" decoding=\"async\" class=\"\" src=\"https:\/\/blogsaverroes.juntadeandalucia.es\/verainqueclase\/files\/2022\/09\/genially-b-y-v-300x180.jpg\" width=\"955\" height=\"573\"><\/a><\/p>\n<table>\n<tbody>\n<tr>\n<td><a href=\"https:\/\/www.mundoprimaria.com\/juegos-educativos\/lengua-ort-5-3?path=juegos-premium\/8970\"><img loading=\"lazy\" decoding=\"async\" class=\"alignnone size-medium wp-image-5863\" src=\"https:\/\/blogsaverroes.juntadeandalucia.es\/verainqueclase\/files\/2025\/08\/juego-b-v-300x175.jpg\" alt=\"\" width=\"300\" height=\"175\"><\/a><\/td>\n<td><a href=\"https:\/\/wordwall.net\/es\/resource\/4323171\/b-y-v\"><img loading=\"lazy\" decoding=\"async\" class=\"alignnone size-medium wp-image-5864\" src=\"https:\/\/blogsaverroes.juntadeandalucia.es\/verainqueclase\/files\/2025\/08\/juego-b-v-2-300x175.jpg\" alt=\"\" width=\"300\" height=\"175\"><\/a><\/td>\n<td><a href=\"https:\/\/wordwall.net\/es\/resource\/10030846\/b-y-v-elige-la-palabra-correcta\"><img loading=\"lazy\" decoding=\"async\" class=\"alignnone size-medium wp-image-5865\" src=\"https:\/\/blogsaverroes.juntadeandalucia.es\/verainqueclase\/files\/2025\/08\/juego-b-v-3-300x175.jpg\" alt=\"\" width=\"300\" height=\"175\"><\/a><\/td>\n<\/tr>\n<tr class=\"alt\">\n<td><a href=\"https:\/\/view.genial.ly\/5c02ac2419e0bd2c9d32716a\/interactive-content-2x02-viaje-a-babaria\"><img decoding=\"async\" class=\"aligncenter\" src=\"https:\/\/blogsaverroes.juntadeandalucia.es\/verainqueclase\/files\/2020\/12\/juego-sherlock-b-v-300x167.jpg\"><\/a><\/td>\n<td><a href=\"https:\/\/view.genial.ly\/5e4f9fa6daf68f65087dd34b\/interactive-content-2x01-el-caso-del-valle-del-pueblo-nevado\"><img decoding=\"async\" class=\"aligncenter\" src=\"https:\/\/blogsaverroes.juntadeandalucia.es\/verainqueclase\/files\/2020\/12\/sherlock-pueblo-nevado-300x166.jpg\"><\/a><\/td>\n<td><a href=\"https:\/\/wordwall.net\/es\/resource\/4970540\/uso-de-la-b-y-v\"><img loading=\"lazy\" decoding=\"async\" class=\"alignnone size-medium wp-image-5845\" src=\"https:\/\/blogsaverroes.juntadeandalucia.es\/verainqueclase\/files\/2025\/08\/juegos-g-4-300x175.jpg\" alt=\"\" width=\"300\" height=\"175\"><\/a><\/td>\n<\/tr>\n<\/tbody>\n<\/table>\n<p>&nbsp;<\/p>\n","protected":false},"excerpt":{"rendered":"<p>Ya estamos en el tercer trimestre. Nuestro punto de partida en esta unidad ser\u00e1 un anuncio y un cartel. A partir de ellos vamos a aprender cosas sobre: Lo campos sem\u00e1nticos. Figuras po\u00e9ticas. La oraci\u00f3n. Palabras con b y v. UTILIZO PALABRAS NUEVAS SOBRE LA ALIMENTACI\u00d3N: LOS CAMPOS SEM\u00c1NTICOS &nbsp; &nbsp; ME EXPRESO LITERARIAMENTE ESCRIBO &hellip; <\/p>\n<p><a class=\"more-link btn\" href=\"https:\/\/blogsaverroes.juntadeandalucia.es\/manuroca03\/u9_lc_5oep\/\">Seguir leyendo<\/a><\/p>\n","protected":false},"author":10452,"featured_media":0,"parent":0,"menu_order":0,"comment_status":"closed","ping_status":"closed","template":"","meta":{"ngg_post_thumbnail":0,"footnotes":""},"aioseo_notices":[],"_links":{"self":[{"href":"https:\/\/blogsaverroes.juntadeandalucia.es\/manuroca03\/wp-json\/wp\/v2\/pages\/1777"}],"collection":[{"href":"https:\/\/blogsaverroes.juntadeandalucia.es\/manuroca03\/wp-json\/wp\/v2\/pages"}],"about":[{"href":"https:\/\/blogsaverroes.juntadeandalucia.es\/manuroca03\/wp-json\/wp\/v2\/types\/page"}],"author":[{"embeddable":true,"href":"https:\/\/blogsaverroes.juntadeandalucia.es\/manuroca03\/wp-json\/wp\/v2\/users\/10452"}],"replies":[{"embeddable":true,"href":"https:\/\/blogsaverroes.juntadeandalucia.es\/manuroca03\/wp-json\/wp\/v2\/comments?post=1777"}],"version-history":[{"count":4,"href":"https:\/\/blogsaverroes.juntadeandalucia.es\/manuroca03\/wp-json\/wp\/v2\/pages\/1777\/revisions"}],"predecessor-version":[{"id":2194,"href":"https:\/\/blogsaverroes.juntadeandalucia.es\/manuroca03\/wp-json\/wp\/v2\/pages\/1777\/revisions\/2194"}],"wp:attachment":[{"href":"https:\/\/blogsaverroes.juntadeandalucia.es\/manuroca03\/wp-json\/wp\/v2\/media?parent=1777"}],"curies":[{"name":"wp","href":"https:\/\/api.w.org\/{rel}","templated":true}]}}