{"id":1783,"date":"2024-04-04T09:56:51","date_gmt":"2024-04-04T09:56:51","guid":{"rendered":"https:\/\/blogsaverroes.juntadeandalucia.es\/manuroca03\/?page_id=1783"},"modified":"2024-04-04T10:15:28","modified_gmt":"2024-04-04T10:15:28","slug":"u9_mt_5oep","status":"publish","type":"page","link":"https:\/\/blogsaverroes.juntadeandalucia.es\/manuroca03\/u9_mt_5oep\/","title":{"rendered":"MT5\u00baU9. M\u00e1s r\u00e1pido, m\u00e1s alto, m\u00e1s fuerte"},"content":{"rendered":"<p>Comenzamos el tercer trimestre con la medida del tiempo.<\/p>\n<ul>\n<li>Mido el tiempo.<\/li>\n<li>Horas, minutos y segundos.<\/li>\n<li>Expresiones complejas e incomplejas.<\/li>\n<li>Sumo y resto datos de tiempo.<\/li>\n<\/ul>\n<h4><strong>Mido el tiempo.<\/strong><\/h4>\n<p><a href=\"https:\/\/view.genial.ly\/65e46aac67e85f0013ad9b57\"><img loading=\"lazy\" decoding=\"async\" class=\"alignnone wp-image-4767\" src=\"https:\/\/blogsaverroes.juntadeandalucia.es\/verainqueclase\/files\/2024\/03\/genially-mido-el-tiempo-300x183.jpg\" alt=\"\" width=\"815\" height=\"497\"><\/a><\/p>\n<table>\n<tbody>\n<tr>\n<td><a href=\"https:\/\/www.mundoprimaria.com\/juegos-educativos\/juegos-matematicas\/juego-diferenciar-unidades-tiempo\"><img decoding=\"async\" src=\"https:\/\/blogsaverroes.juntadeandalucia.es\/verainqueclase\/files\/2021\/09\/juego-el-tiempo-5-300x157.jpg\"><\/a><\/td>\n<td><a href=\"https:\/\/www.mundoprimaria.com\/juegos-educativos\/juegos-matematicas\/juego-meses-anos\"><img decoding=\"async\" src=\"https:\/\/blogsaverroes.juntadeandalucia.es\/verainqueclase\/files\/2021\/09\/juego-el-tiempo-6-300x157.jpg\"><\/a><\/td>\n<td><a href=\"https:\/\/www.mundoprimaria.com\/juegos-educativos\/juegos-matematicas\/juego-medicion-tiempo\"><img decoding=\"async\" src=\"https:\/\/blogsaverroes.juntadeandalucia.es\/verainqueclase\/files\/2021\/09\/juego-el-tiempo-11-300x157.jpg\"><\/a><\/td>\n<\/tr>\n<tr>\n<td><a href=\"https:\/\/www.mundoprimaria.com\/juegos-educativos\/jueg-mat-med-31\"><img decoding=\"async\" src=\"https:\/\/blogsaverroes.juntadeandalucia.es\/verainqueclase\/files\/2023\/03\/juego-unidades-menores-a%C3%B1o-300x168.jpg\"><\/a><\/td>\n<td><a href=\"https:\/\/www.mundoprimaria.com\/juegos-educativos\/jueg-mat-med-31\"><img decoding=\"async\" src=\"https:\/\/blogsaverroes.juntadeandalucia.es\/verainqueclase\/files\/2023\/03\/juego-unidades-menores-a%C3%B1o-2-300x168.jpg\"><\/a><\/td>\n<td><a href=\"https:\/\/www.mundoprimaria.com\/juegos-educativos\/jueg-mat-med-31\"><img decoding=\"async\" src=\"https:\/\/blogsaverroes.juntadeandalucia.es\/verainqueclase\/files\/2023\/03\/juego-unidades-menores-a%C3%B1o-3-300x168.jpg\"><\/a><\/td>\n<\/tr>\n<tr>\n<td><a href=\"https:\/\/www.mundoprimaria.com\/juegos-educativos\/jueg-mat-med-19\"><img decoding=\"async\" src=\"https:\/\/blogsaverroes.juntadeandalucia.es\/verainqueclase\/files\/2023\/03\/juego-meses-y-d%C3%ADas-300x168.jpg\"><\/a><\/td>\n<td><a href=\"https:\/\/www.mundoprimaria.com\/juegos-educativos\/jueg-mat-med-19\"><img decoding=\"async\" src=\"https:\/\/blogsaverroes.juntadeandalucia.es\/verainqueclase\/files\/2023\/03\/juego-d%C3%ADas-300x168.jpg\"><\/a><\/td>\n<td><a href=\"https:\/\/www.mundoprimaria.com\/juegos-educativos\/juegos-matematicas\/juego-calendario\"><img decoding=\"async\" src=\"https:\/\/blogsaverroes.juntadeandalucia.es\/verainqueclase\/files\/2021\/09\/juego-el-tiempo-10-300x157.jpg\"><\/a><\/td>\n<\/tr>\n<tr>\n<td><a href=\"https:\/\/www.mundoprimaria.com\/juegos-educativos\/jueg-mat-med-30\"><img decoding=\"async\" src=\"https:\/\/blogsaverroes.juntadeandalucia.es\/verainqueclase\/files\/2023\/03\/juego-unidades-mayores-a%C3%B1o-300x168.jpg\"><\/a><\/td>\n<td><a href=\"https:\/\/www.mundoprimaria.com\/juegos-educativos\/jueg-mat-med-30\"><img decoding=\"async\" src=\"https:\/\/blogsaverroes.juntadeandalucia.es\/verainqueclase\/files\/2023\/03\/juego-unidades-mayores-a%C3%B1o-1-300x168.jpg\"><\/a><\/td>\n<td><a href=\"https:\/\/www.mundoprimaria.com\/juegos-educativos\/jueg-mat-med-30\"><img decoding=\"async\" src=\"https:\/\/blogsaverroes.juntadeandalucia.es\/verainqueclase\/files\/2023\/03\/juego-unidades-mayores-a%C3%B1o-2-300x168.jpg\"><\/a><\/td>\n<\/tr>\n<\/tbody>\n<\/table>\n<h4><strong>Horas, minutos y segundos.<\/strong><\/h4>\n<p><a href=\"https:\/\/view.genial.ly\/641603e927c73900198de510\/interactive-content-49-dias-horas-minutos-y-segundos\"><img loading=\"lazy\" decoding=\"async\" class=\"\" src=\"https:\/\/blogsaverroes.juntadeandalucia.es\/verainqueclase\/files\/2023\/03\/genially-d%C3%ADas-horas-300x168.jpg\" width=\"904\" height=\"506\"><\/a><\/p>\n<table>\n<tbody>\n<tr>\n<td><a href=\"https:\/\/www.mundoprimaria.com\/juegos-educativos\/juegos-matematicas\/juego-dias-horas-minutos\"><img decoding=\"async\" src=\"https:\/\/blogsaverroes.juntadeandalucia.es\/verainqueclase\/files\/2021\/09\/juego-el-tiempo-7-300x157.jpg\"><\/a><\/td>\n<td><a href=\"https:\/\/view.genial.ly\/5e709843cab1370fbb8b3511\/game-t12-sistema-sexagesimal\"><img decoding=\"async\" src=\"https:\/\/blogsaverroes.juntadeandalucia.es\/verainqueclase\/files\/2020\/12\/Juego-tiempo-4-300x158.jpg\"><\/a><\/td>\n<td><a href=\"https:\/\/wordwall.net\/es\/resource\/30496349\/juego\/horas-minutos-y-segundos\"><img loading=\"lazy\" decoding=\"async\" class=\"alignnone size-medium wp-image-4770\" src=\"https:\/\/blogsaverroes.juntadeandalucia.es\/verainqueclase\/files\/2024\/03\/juego-horas-minutos-y-segundos-300x183.jpg\" alt=\"\" width=\"300\" height=\"183\"><\/a><\/td>\n<\/tr>\n<tr>\n<td><a href=\"https:\/\/wordwall.net\/es\/resource\/16655724\/transformar-horas-minutos-y-segundos\"><img loading=\"lazy\" decoding=\"async\" class=\"alignnone size-medium wp-image-4771\" src=\"https:\/\/blogsaverroes.juntadeandalucia.es\/verainqueclase\/files\/2024\/03\/juego-horas-minutos-y-segundos-2-300x183.jpg\" alt=\"\" width=\"300\" height=\"183\"><\/a><\/td>\n<td>&nbsp;<\/td>\n<td>&nbsp;<\/td>\n<\/tr>\n<\/tbody>\n<\/table>\n<h4><strong>Expresiones complejas e incomplejas.<\/strong><\/h4>\n<p><a href=\"https:\/\/view.genial.ly\/5fd62dbcb199f40d17e16c08\/horizontal-infographic-review-sistema-sexagesimal-expresiones-de-tiempo\"><img loading=\"lazy\" decoding=\"async\" class=\"\" src=\"https:\/\/blogsaverroes.juntadeandalucia.es\/verainqueclase\/files\/2020\/12\/genially-tiempo-300x158.jpg\" width=\"911\" height=\"480\"><\/a><\/p>\n<table>\n<tbody>\n<tr>\n<td><a href=\"https:\/\/www.cerebriti.com\/juegos-de-matematicas\/relaciona-las-expresiones-de-incomplejas-a-complejas\"><img loading=\"lazy\" decoding=\"async\" class=\"alignnone size-medium wp-image-4772\" src=\"https:\/\/blogsaverroes.juntadeandalucia.es\/verainqueclase\/files\/2024\/03\/juego-horas-minutos-y-segundos-expresiones-300x183.jpg\" alt=\"\" width=\"300\" height=\"183\"><\/a><\/td>\n<td>&nbsp;<\/td>\n<td>&nbsp;<\/td>\n<\/tr>\n<\/tbody>\n<\/table>\n<h4><strong>Sumo y resto datos de tiempo.<\/strong><\/h4>\n<p><a href=\"https:\/\/view.genial.ly\/5fd62dbcb199f40d17e16c08\/horizontal-infographic-review-sistema-sexagesimal-expresiones-de-tiempo\"><img loading=\"lazy\" decoding=\"async\" class=\"\" src=\"https:\/\/blogsaverroes.juntadeandalucia.es\/verainqueclase\/files\/2020\/12\/genially-tiempo-300x158.jpg\" width=\"906\" height=\"477\"><\/a><\/p>\n<table>\n<tbody>\n<tr>\n<td><a href=\"https:\/\/view.genial.ly\/5c5a755ea558062c2eb79700\/interactive-content-medida-del-tiempo\"><img decoding=\"async\" src=\"https:\/\/blogsaverroes.juntadeandalucia.es\/verainqueclase\/files\/2020\/12\/Juego-tiempo-300x158.jpg\"><\/a><\/td>\n<td><a href=\"https:\/\/view.genial.ly\/5cc077f63f74620efdb05250\/social-action-sistema-sexagesimal\"><img decoding=\"async\" src=\"https:\/\/blogsaverroes.juntadeandalucia.es\/verainqueclase\/files\/2020\/12\/Juego-tiempo-5-300x158.jpg\"><\/a><\/td>\n<td>&nbsp;<\/td>\n<\/tr>\n<\/tbody>\n<\/table>\n","protected":false},"excerpt":{"rendered":"<p>Comenzamos el tercer trimestre con la medida del tiempo. Mido el tiempo. Horas, minutos y segundos. Expresiones complejas e incomplejas. Sumo y resto datos de tiempo. Mido el tiempo. Horas, minutos y segundos. &nbsp; &nbsp; Expresiones complejas e incomplejas. &nbsp; &nbsp; Sumo y resto datos de tiempo. &nbsp;<\/p>\n","protected":false},"author":10452,"featured_media":0,"parent":0,"menu_order":0,"comment_status":"closed","ping_status":"closed","template":"","meta":{"ngg_post_thumbnail":0,"footnotes":""},"aioseo_notices":[],"_links":{"self":[{"href":"https:\/\/blogsaverroes.juntadeandalucia.es\/manuroca03\/wp-json\/wp\/v2\/pages\/1783"}],"collection":[{"href":"https:\/\/blogsaverroes.juntadeandalucia.es\/manuroca03\/wp-json\/wp\/v2\/pages"}],"about":[{"href":"https:\/\/blogsaverroes.juntadeandalucia.es\/manuroca03\/wp-json\/wp\/v2\/types\/page"}],"author":[{"embeddable":true,"href":"https:\/\/blogsaverroes.juntadeandalucia.es\/manuroca03\/wp-json\/wp\/v2\/users\/10452"}],"replies":[{"embeddable":true,"href":"https:\/\/blogsaverroes.juntadeandalucia.es\/manuroca03\/wp-json\/wp\/v2\/comments?post=1783"}],"version-history":[{"count":3,"href":"https:\/\/blogsaverroes.juntadeandalucia.es\/manuroca03\/wp-json\/wp\/v2\/pages\/1783\/revisions"}],"predecessor-version":[{"id":1803,"href":"https:\/\/blogsaverroes.juntadeandalucia.es\/manuroca03\/wp-json\/wp\/v2\/pages\/1783\/revisions\/1803"}],"wp:attachment":[{"href":"https:\/\/blogsaverroes.juntadeandalucia.es\/manuroca03\/wp-json\/wp\/v2\/media?parent=1783"}],"curies":[{"name":"wp","href":"https:\/\/api.w.org\/{rel}","templated":true}]}}