{"id":1786,"date":"2024-04-04T09:57:17","date_gmt":"2024-04-04T09:57:17","guid":{"rendered":"https:\/\/blogsaverroes.juntadeandalucia.es\/manuroca03\/?page_id=1786"},"modified":"2024-04-04T10:18:38","modified_gmt":"2024-04-04T10:18:38","slug":"u10_mt_5oep","status":"publish","type":"page","link":"https:\/\/blogsaverroes.juntadeandalucia.es\/manuroca03\/u10_mt_5oep\/","title":{"rendered":"MT5\u00baU10. Historias de geometr\u00eda"},"content":{"rendered":"<p>Continuamos con el tema de los \u00e1ngulos, del que ya conocemos sus nombres y medidas.<\/p>\n<ul>\n<li>Recta, semirrecta y segmento.<\/li>\n<li>Clasifico \u00e1ngulos seg\u00fan su amplitud.<\/li>\n<li>Mido \u00e1ngulos.<\/li>\n<li>Clasifico \u00e1ngulos con otros criterios.<\/li>\n<\/ul>\n<h4><strong>Recta, semirrecta y segmento.<\/strong><\/h4>\n<p><a href=\"https:\/\/view.genial.ly\/63f3c0fc2c050d00189e8d4e\/interactive-content-48-rectas-semirrectas-y-segmentos\"><img loading=\"lazy\" decoding=\"async\" class=\"\" src=\"https:\/\/blogsaverroes.juntadeandalucia.es\/verainqueclase\/files\/2023\/02\/Genially-rectas-300x157.jpg\" width=\"831\" height=\"435\"><\/a><\/p>\n<table>\n<tbody>\n<tr>\n<td><a href=\"https:\/\/www.mundoprimaria.com\/juegos-educativos\/juegos-matematicas\/juego-secantes-rectas-y-paralelas\"><img decoding=\"async\" src=\"https:\/\/blogsaverroes.juntadeandalucia.es\/verainqueclase\/files\/2021\/09\/juegos-rectas-secantes-y-paralelas-300x164.jpg\"><\/a><\/td>\n<td>&nbsp;<\/td>\n<td>&nbsp;<\/td>\n<\/tr>\n<\/tbody>\n<\/table>\n<h4><strong>Clasifico \u00e1ngulos seg\u00fan su amplitud.<\/strong><\/h4>\n<p><a href=\"https:\/\/view.genial.ly\/660c2182d9c27c00141bb0ee\"><img loading=\"lazy\" decoding=\"async\" class=\"\" src=\"https:\/\/blogsaverroes.juntadeandalucia.es\/verainqueclase\/files\/2023\/02\/Genially-%C3%A1ngulos-300x157.jpg\" width=\"1160\" height=\"607\"><\/a><\/p>\n<table>\n<tbody>\n<tr>\n<td><a href=\"https:\/\/wordwall.net\/es\/resource\/1806809\/partes-de-los-%c3%a1ngulos\"><img decoding=\"async\" src=\"https:\/\/blogsaverroes.juntadeandalucia.es\/verainqueclase\/files\/2021\/09\/juego-partes-%C3%A1ngulos-300x162.jpg\"><\/a><\/td>\n<td><a href=\"https:\/\/www.mundoprimaria.com\/juegos-educativos\/juegos-matematicas\/juego-reconocimiento-angulos\"><img decoding=\"async\" src=\"https:\/\/blogsaverroes.juntadeandalucia.es\/verainqueclase\/files\/2021\/09\/juego-tipos-de-%C3%A1ngulos-300x162.jpg\"><\/a><\/td>\n<td><a href=\"https:\/\/www.mundoprimaria.com\/juegos-educativos\/juegos-matematicas\/juego-angulos\"><img decoding=\"async\" src=\"https:\/\/blogsaverroes.juntadeandalucia.es\/verainqueclase\/files\/2021\/09\/juego-tipos-de-%C3%A1ngulos-2-300x162.jpg\"><\/a><\/td>\n<\/tr>\n<tr>\n<td><a href=\"https:\/\/www.mundoprimaria.com\/juegos-educativos\/juegos-matematicas\/juego-clasificacion-angulos\"><img decoding=\"async\" src=\"https:\/\/blogsaverroes.juntadeandalucia.es\/verainqueclase\/files\/2021\/09\/juego-tipos-de-%C3%A1ngulos-4-300x162.jpg\"><\/a><\/td>\n<td><a href=\"https:\/\/wordwall.net\/es\/resource\/13691949\/%c3%a1ngulos\"><img decoding=\"async\" src=\"https:\/\/blogsaverroes.juntadeandalucia.es\/verainqueclase\/files\/2021\/09\/juego-tipos-de-%C3%A1ngulos-6-300x162.jpg\"><\/a><\/td>\n<td><a href=\"https:\/\/wordwall.net\/es\/resource\/1906998\/tipos-de-%c3%a1ngulos\"><img decoding=\"async\" src=\"https:\/\/blogsaverroes.juntadeandalucia.es\/verainqueclase\/files\/2021\/09\/juego-tipos-de-%C3%A1ngulos-7-300x162.jpg\"><\/a><\/td>\n<\/tr>\n<tr>\n<td><a href=\"https:\/\/wordwall.net\/es\/resource\/10495040\/tipos-de-%c3%a1ngulos\"><img decoding=\"async\" src=\"https:\/\/blogsaverroes.juntadeandalucia.es\/verainqueclase\/files\/2021\/09\/juego-tipos-de-%C3%A1ngulos-8-300x162.jpg\"><\/a><\/td>\n<td><a href=\"https:\/\/view.genial.ly\/5ef512997605710d73820175\/interactive-content-angulos-en-primaria\"><img decoding=\"async\" src=\"https:\/\/blogsaverroes.juntadeandalucia.es\/verainqueclase\/files\/2021\/09\/juego-tipos-de-%C3%A1ngulos-9-300x162.jpg\"><\/a><\/td>\n<td>&nbsp;<\/td>\n<\/tr>\n<\/tbody>\n<\/table>\n<h4><strong>Mido \u00e1ngulos.<\/strong><\/h4>\n<p><a href=\"https:\/\/view.genial.ly\/660c28ad6bbe500014143d6c\/interactive-content-510-los-angulos-segun-su-abertura\"><img loading=\"lazy\" decoding=\"async\" class=\"alignnone wp-image-4795\" src=\"https:\/\/blogsaverroes.juntadeandalucia.es\/verainqueclase\/files\/2024\/04\/genially-medir-%C3%A1ngulos-300x163.jpg\" alt=\"\" width=\"878\" height=\"477\"><\/a><\/p>\n<table>\n<tbody>\n<tr>\n<td><a href=\"https:\/\/www.mundoprimaria.com\/recursos-matematicas\/angulos\"><img loading=\"lazy\" decoding=\"async\" class=\"alignnone size-medium wp-image-4794\" src=\"https:\/\/blogsaverroes.juntadeandalucia.es\/verainqueclase\/files\/2024\/04\/juego-medir-%C3%A1ngulos-300x200.jpg\" alt=\"\" width=\"300\" height=\"200\"><\/a><\/td>\n<td>&nbsp;<\/td>\n<td>&nbsp;<\/td>\n<\/tr>\n<\/tbody>\n<\/table>\n<h4><strong>Clasifico \u00e1ngulos con otros criterios.<\/strong><\/h4>\n<p><a href=\"https:\/\/view.genial.ly\/660c2a2cbc7aac001446348b\/horizontal-infographic-review-510-clasificacion-de-angulos\"><img loading=\"lazy\" decoding=\"async\" class=\"alignnone  wp-image-4797\" src=\"https:\/\/blogsaverroes.juntadeandalucia.es\/verainqueclase\/files\/2024\/04\/genially-%C3%A1ngulos-posici%C3%B3n-300x163.jpg\" alt=\"\" width=\"911\" height=\"495\"><\/a><\/p>\n","protected":false},"excerpt":{"rendered":"<p>Continuamos con el tema de los \u00e1ngulos, del que ya conocemos sus nombres y medidas. Recta, semirrecta y segmento. Clasifico \u00e1ngulos seg\u00fan su amplitud. Mido \u00e1ngulos. Clasifico \u00e1ngulos con otros criterios. Recta, semirrecta y segmento. &nbsp; &nbsp; Clasifico \u00e1ngulos seg\u00fan su amplitud. &nbsp; Mido \u00e1ngulos. &nbsp; &nbsp; Clasifico \u00e1ngulos con otros criterios.<\/p>\n","protected":false},"author":10452,"featured_media":0,"parent":0,"menu_order":0,"comment_status":"closed","ping_status":"closed","template":"","meta":{"ngg_post_thumbnail":0,"footnotes":""},"aioseo_notices":[],"_links":{"self":[{"href":"https:\/\/blogsaverroes.juntadeandalucia.es\/manuroca03\/wp-json\/wp\/v2\/pages\/1786"}],"collection":[{"href":"https:\/\/blogsaverroes.juntadeandalucia.es\/manuroca03\/wp-json\/wp\/v2\/pages"}],"about":[{"href":"https:\/\/blogsaverroes.juntadeandalucia.es\/manuroca03\/wp-json\/wp\/v2\/types\/page"}],"author":[{"embeddable":true,"href":"https:\/\/blogsaverroes.juntadeandalucia.es\/manuroca03\/wp-json\/wp\/v2\/users\/10452"}],"replies":[{"embeddable":true,"href":"https:\/\/blogsaverroes.juntadeandalucia.es\/manuroca03\/wp-json\/wp\/v2\/comments?post=1786"}],"version-history":[{"count":2,"href":"https:\/\/blogsaverroes.juntadeandalucia.es\/manuroca03\/wp-json\/wp\/v2\/pages\/1786\/revisions"}],"predecessor-version":[{"id":1804,"href":"https:\/\/blogsaverroes.juntadeandalucia.es\/manuroca03\/wp-json\/wp\/v2\/pages\/1786\/revisions\/1804"}],"wp:attachment":[{"href":"https:\/\/blogsaverroes.juntadeandalucia.es\/manuroca03\/wp-json\/wp\/v2\/media?parent=1786"}],"curies":[{"name":"wp","href":"https:\/\/api.w.org\/{rel}","templated":true}]}}