{"id":1789,"date":"2024-04-04T09:57:48","date_gmt":"2024-04-04T09:57:48","guid":{"rendered":"https:\/\/blogsaverroes.juntadeandalucia.es\/manuroca03\/?page_id=1789"},"modified":"2026-03-04T18:03:31","modified_gmt":"2026-03-04T18:03:31","slug":"u7_cm_5oep","status":"publish","type":"page","link":"https:\/\/blogsaverroes.juntadeandalucia.es\/manuroca03\/u7_cm_5oep\/","title":{"rendered":"CM5\u00baU7. \u00bfC\u00f3mo organizamos tanta gente?"},"content":{"rendered":"<p>Continuamos con los temas nuevos aunque algunos conceptos os van a sonar. En esta unidad aprenderemos cosas sobre:<\/p>\n<ul>\n<li>La poblaci\u00f3n de Espa\u00f1a.<\/li>\n<li>La organizaci\u00f3n de Espa\u00f1a.<\/li>\n<li>La Constituci\u00f3n.<\/li>\n<li>La organizaci\u00f3n de Andaluc\u00eda.<\/li>\n<li>La Uni\u00f3n Europea.<\/li>\n<\/ul>\n<h4><strong>LA POBLACI\u00d3N DE ESPA\u00d1A (I) Y (II)<\/strong><\/h4>\n<h4><a href=\"https:\/\/view.genial.ly\/6134eccce03e610df65afe59\/interactive-content-5-7-la-poblacion-de-espana-1\"><img loading=\"lazy\" decoding=\"async\" class=\"alignnone wp-image-4517\" src=\"https:\/\/blogsaverroes.juntadeandalucia.es\/verainqueclase\/files\/2023\/10\/genially-poblaci%C3%B3n-300x162.png\" alt=\"\" width=\"870\" height=\"470\"><\/a><\/h4>\n<table>\n<tbody>\n<tr>\n<td><a href=\"https:\/\/view.genial.ly\/660af14f33ff1900152b01f7\"><img loading=\"lazy\" decoding=\"async\" class=\"alignnone size-medium wp-image-4785\" src=\"https:\/\/blogsaverroes.juntadeandalucia.es\/verainqueclase\/files\/2024\/04\/Genially-poblaci%C3%B3n-espa%C3%B1a-300x168.jpg\" alt=\"\" width=\"300\" height=\"168\"><\/a><\/td>\n<td><a href=\"https:\/\/view.genial.ly\/5e9c49719f55700daa4b90bb\/game-repaso-tema-5-sociales-3o\"><img decoding=\"async\" src=\"https:\/\/blogsaverroes.juntadeandalucia.es\/verainqueclase\/files\/2021\/09\/juego-poblacion-300x169.jpg\"><\/a><\/td>\n<td>&nbsp;<\/td>\n<\/tr>\n<tr class=\"alt\">\n<td><a href=\"https:\/\/www.mundoprimaria.com\/juegos-educativos\/soc-viv-6-4?path=juegos-premium\/10187\"><img loading=\"lazy\" decoding=\"async\" class=\"alignnone size-medium wp-image-6081\" src=\"https:\/\/blogsaverroes.juntadeandalucia.es\/verainqueclase\/files\/2025\/09\/juego-poblacion-300x199.jpg\" alt=\"\" width=\"300\" height=\"199\"><\/a><\/td>\n<td>&nbsp;<\/td>\n<td>&nbsp;<\/td>\n<\/tr>\n<\/tbody>\n<\/table>\n<h4><a href=\"https:\/\/view.genial.ly\/65228cbbe8c5250011ed9fdb\/interactive-content-57-la-poblacion\"><img loading=\"lazy\" decoding=\"async\" class=\"alignnone wp-image-4520\" src=\"https:\/\/blogsaverroes.juntadeandalucia.es\/verainqueclase\/files\/2023\/10\/genially-poblaci%C3%B3n-2-300x161.png\" alt=\"\" width=\"790\" height=\"424\"><\/a><\/h4>\n<table>\n<tbody>\n<tr>\n<td><a href=\"https:\/\/view.genial.ly\/660af8f901530700150c9b37\"><img loading=\"lazy\" decoding=\"async\" class=\"alignnone size-medium wp-image-4787\" src=\"https:\/\/blogsaverroes.juntadeandalucia.es\/verainqueclase\/files\/2024\/04\/Genially-poblaci%C3%B3n-espa%C3%B1a-2-300x168.jpg\" alt=\"\" width=\"300\" height=\"168\"><\/a><\/td>\n<td><a href=\"https:\/\/www.mundoprimaria.com\/juegos-educativos\/soc-viv-4-2?path=juegos-premium\/10089\"><img loading=\"lazy\" decoding=\"async\" class=\"alignnone size-medium wp-image-6084\" src=\"https:\/\/blogsaverroes.juntadeandalucia.es\/verainqueclase\/files\/2025\/09\/juego-poblacion-3-300x197.jpg\" alt=\"\" width=\"300\" height=\"197\"><\/a><\/td>\n<td>&nbsp;<\/td>\n<\/tr>\n<\/tbody>\n<\/table>\n<h4><strong>\u00bfC\u00d3MO SE ORGANIZA ESPA\u00d1A?<\/strong><\/h4>\n<h4><a href=\"https:\/\/view.genial.ly\/65229c40e8c5250011f536f3\/interactive-content-57-organizacion-territorial-de-espana\"><img loading=\"lazy\" decoding=\"async\" class=\"alignnone wp-image-4522\" src=\"https:\/\/blogsaverroes.juntadeandalucia.es\/verainqueclase\/files\/2023\/10\/genially-organizaci%C3%B3n-300x164.png\" alt=\"\" width=\"777\" height=\"425\"><\/a><\/h4>\n<table>\n<tbody>\n<tr class=\"alt\">\n<td><a href=\"https:\/\/www.mundoprimaria.com\/juegos-educativos\/soc-viv-4-1?path=juegos-premium\/10096\"><img loading=\"lazy\" decoding=\"async\" class=\"alignnone size-medium wp-image-6083\" src=\"https:\/\/blogsaverroes.juntadeandalucia.es\/verainqueclase\/files\/2025\/09\/juego-organizacion-politica-2-300x172.jpg\" alt=\"\" width=\"300\" height=\"172\"><\/a><\/td>\n<td><a href=\"https:\/\/mapasenriquealonso.com\/espana\/comunidades-autonomas\/\"><img loading=\"lazy\" decoding=\"async\" class=\"alignnone size-medium wp-image-4789\" src=\"https:\/\/blogsaverroes.juntadeandalucia.es\/verainqueclase\/files\/2024\/04\/mapa-comunidades-300x170.jpg\" alt=\"\" width=\"300\" height=\"170\"><\/a><\/td>\n<td><a href=\"https:\/\/mapasinteractivos.didactalia.net\/comunidad\/mapasflashinteractivos\/recurso\/comunidades-autonomas-de-espaa\/9f69dbbf-8dda-4403-b8e1-47d77887b7a6\"><img loading=\"lazy\" decoding=\"async\" class=\"alignnone size-medium wp-image-4790\" src=\"https:\/\/blogsaverroes.juntadeandalucia.es\/verainqueclase\/files\/2024\/04\/mapa-comunidades-2-300x170.jpg\" alt=\"\" width=\"300\" height=\"170\"><\/a><\/td>\n<\/tr>\n<tr>\n<td>&nbsp;<\/td>\n<td>&nbsp;<\/td>\n<td>&nbsp;<\/td>\n<\/tr>\n<\/tbody>\n<\/table>\n<h4><strong>\u00bfCU\u00c1L ES LA LEY SUPREMA DE ESPA\u00d1A Y QU\u00c9 ASPECTOS RECOGE?<\/strong><\/h4>\n<h4><a href=\"https:\/\/view.genial.ly\/6523e5fe289adb0011578ba4\/interactive-content-info-historia\"><img loading=\"lazy\" decoding=\"async\" class=\"alignnone wp-image-4526\" src=\"https:\/\/blogsaverroes.juntadeandalucia.es\/verainqueclase\/files\/2023\/10\/genially-organizaci%C3%B3n-pol%C3%ADtica-300x160.png\" alt=\"\" width=\"737\" height=\"393\"><\/a><\/h4>\n<table>\n<tbody>\n<tr class=\"alt\">\n<td><a href=\"https:\/\/www.mundoprimaria.com\/juegos-educativos\/soc-viv-6-2?path=juegos-premium\/10180\"><img loading=\"lazy\" decoding=\"async\" class=\"alignnone size-medium wp-image-6080\" src=\"https:\/\/blogsaverroes.juntadeandalucia.es\/verainqueclase\/files\/2025\/09\/juego-organizacion-politica-300x198.jpg\" alt=\"\" width=\"300\" height=\"198\"><\/a><\/td>\n<td><a href=\"https:\/\/www.mundoprimaria.com\/juegos-educativos\/soc-viv-6-1?path=juegos-premium\/10164\"><img loading=\"lazy\" decoding=\"async\" class=\"alignnone size-medium wp-image-6082\" src=\"https:\/\/blogsaverroes.juntadeandalucia.es\/verainqueclase\/files\/2025\/09\/juego-poblacion-2-300x170.jpg\" alt=\"\" width=\"300\" height=\"170\"><\/a><\/td>\n<td>&nbsp;<\/td>\n<\/tr>\n<\/tbody>\n<\/table>\n<h4><strong>\u00bfQU\u00c9 SABES DE LA ORGANIZACI\u00d3N POL\u00cdTICA Y TERRITORIAL DE ANDALUC\u00cdA?<\/strong><\/h4>\n<h4><a href=\"https:\/\/view.genial.ly\/6523f18e993e8500114b6bad\/interactive-content-copia-57-constitucion-espanola\"><img loading=\"lazy\" decoding=\"async\" class=\"alignnone wp-image-4528\" src=\"https:\/\/blogsaverroes.juntadeandalucia.es\/verainqueclase\/files\/2023\/10\/genially-organizaci%C3%B3n-andaluc%C3%ADa-300x152.png\" alt=\"\" width=\"774\" height=\"392\"><\/a><\/h4>\n<table>\n<tbody>\n<tr>\n<td>&nbsp;<\/td>\n<td>&nbsp;<\/td>\n<td>&nbsp;<\/td>\n<\/tr>\n<\/tbody>\n<\/table>\n<h4><strong>\u00bfPOR QU\u00c9 SE RELACIONA ESPA\u00d1A CON LA UNI\u00d3N EUROPEA?<\/strong><\/h4>\n<p><a href=\"https:\/\/view.genial.ly\/660aeaf38c8bfe0014d38411\"><img loading=\"lazy\" decoding=\"async\" class=\"\" src=\"https:\/\/blogsaverroes.juntadeandalucia.es\/verainqueclase\/files\/2020\/11\/genially-espa%C3%B1a-union-europea-300x167.jpg\" width=\"869\" height=\"484\"><\/a><\/p>\n<p><iframe loading=\"lazy\" src=\"https:\/\/www.youtube.com\/embed\/EcjuOexUta8\" width=\"560\" height=\"314\"><\/iframe><\/p>\n<table>\n<tbody>\n<tr class=\"alt\">\n<td><a href=\"https:\/\/mapasinteractivos.didactalia.net\/comunidad\/mapasflashinteractivos\/recurso\/paises-de-la-union-europea\/99704108-8b32-4e2d-a4f2-f8779870b35b\"><img loading=\"lazy\" decoding=\"async\" class=\"alignnone size-medium wp-image-4791\" src=\"https:\/\/blogsaverroes.juntadeandalucia.es\/verainqueclase\/files\/2024\/04\/mapa-uni%C3%B3n-europea-300x170.jpg\" alt=\"\" width=\"300\" height=\"170\"><\/a><\/td>\n<td>&nbsp;<\/td>\n<td>&nbsp;<\/td>\n<\/tr>\n<\/tbody>\n<\/table>\n<p>Ejemplo trabajo sobre los pa\u00edses de la Uni\u00f3n Europea<\/p>\n<table>\n<tbody>\n<tr>\n<td><a href=\"https:\/\/view.genially.com\/68f784a373a22606ce150d88\/presentation-paises-de-la-union-europea-espana\"><img loading=\"lazy\" decoding=\"async\" class=\"alignnone size-medium wp-image-4781\" src=\"https:\/\/blogsaverroes.juntadeandalucia.es\/verainqueclase\/files\/2024\/04\/Portada-trabajo-Espa%C3%B1a-300x168.jpg\" alt=\"\" width=\"300\" height=\"168\"><\/a><\/td>\n<td>&nbsp;<\/td>\n<td>&nbsp;<\/td>\n<\/tr>\n<\/tbody>\n<\/table>\n<p>&nbsp;<\/p>\n<p><a href=\"https:\/\/view.genially.com\/68f7866144c72cb4b62ed44d\/presentation-paises-de-la-union-europea-bulgaria\">Bulgaria<\/a><\/p>\n<p><a href=\"https:\/\/view.genially.com\/68f78700e41c6e1f5e4632f1\/presentation-paises-de-la-union-europea-chipre\">Chipre<\/a><\/p>\n<p><a href=\"https:\/\/view.genially.com\/68f7873a44c72cb4b62f9856\/presentation-paises-de-la-union-europea-eslovaquia\">Eslovaquia<\/a><\/p>\n<p><a href=\"https:\/\/view.genially.com\/68f7879c62e9a6fafd855526\/presentation-paises-de-la-union-europea-eslovenia\">Eslovenia<\/a><\/p>\n<p><a href=\"https:\/\/view.genially.com\/68f787d062e9a6fafd85770d\/presentation-paises-de-la-union-europea-estonia\">Estonia<\/a><\/p>\n<p><a href=\"https:\/\/view.genially.com\/68f787fc428f95a74f69c236\/presentation-paises-de-la-union-europea-hungria\">Hungr\u00eda<\/a><\/p>\n<p><a href=\"https:\/\/view.genially.com\/68f788327790262dc8adf833\/presentation-paises-de-la-union-europea-letonia\">Letonia<\/a><\/p>\n<p><a href=\"https:\/\/view.genially.com\/68f7885e369a032092d9bb75\/presentation-paises-de-la-union-europea-lituania\">Lituania<\/a><\/p>\n<p><a href=\"https:\/\/view.genially.com\/68f7888b60663932114eca4d\/presentation-paises-de-la-union-europea-luxemburgo\">Luxemburgo<\/a><\/p>\n<p><a href=\"https:\/\/view.genially.com\/68f788ba7790262dc8aea47c\/presentation-paises-de-la-union-europea-malta\">Malta<\/a><\/p>\n","protected":false},"excerpt":{"rendered":"<p>Continuamos con los temas nuevos aunque algunos conceptos os van a sonar. En esta unidad aprenderemos cosas sobre: La poblaci\u00f3n de Espa\u00f1a. La organizaci\u00f3n de Espa\u00f1a. La Constituci\u00f3n. La organizaci\u00f3n de Andaluc\u00eda. La Uni\u00f3n Europea. LA POBLACI\u00d3N DE ESPA\u00d1A (I) Y (II) &nbsp; &nbsp; &nbsp; &nbsp; \u00bfC\u00d3MO SE ORGANIZA ESPA\u00d1A? &nbsp; &nbsp; &nbsp; \u00bfCU\u00c1L ES &hellip; <\/p>\n<p><a class=\"more-link btn\" href=\"https:\/\/blogsaverroes.juntadeandalucia.es\/manuroca03\/u7_cm_5oep\/\">Seguir leyendo<\/a><\/p>\n","protected":false},"author":10452,"featured_media":0,"parent":0,"menu_order":0,"comment_status":"closed","ping_status":"closed","template":"","meta":{"ngg_post_thumbnail":0,"footnotes":""},"aioseo_notices":[],"_links":{"self":[{"href":"https:\/\/blogsaverroes.juntadeandalucia.es\/manuroca03\/wp-json\/wp\/v2\/pages\/1789"}],"collection":[{"href":"https:\/\/blogsaverroes.juntadeandalucia.es\/manuroca03\/wp-json\/wp\/v2\/pages"}],"about":[{"href":"https:\/\/blogsaverroes.juntadeandalucia.es\/manuroca03\/wp-json\/wp\/v2\/types\/page"}],"author":[{"embeddable":true,"href":"https:\/\/blogsaverroes.juntadeandalucia.es\/manuroca03\/wp-json\/wp\/v2\/users\/10452"}],"replies":[{"embeddable":true,"href":"https:\/\/blogsaverroes.juntadeandalucia.es\/manuroca03\/wp-json\/wp\/v2\/comments?post=1789"}],"version-history":[{"count":4,"href":"https:\/\/blogsaverroes.juntadeandalucia.es\/manuroca03\/wp-json\/wp\/v2\/pages\/1789\/revisions"}],"predecessor-version":[{"id":2199,"href":"https:\/\/blogsaverroes.juntadeandalucia.es\/manuroca03\/wp-json\/wp\/v2\/pages\/1789\/revisions\/2199"}],"wp:attachment":[{"href":"https:\/\/blogsaverroes.juntadeandalucia.es\/manuroca03\/wp-json\/wp\/v2\/media?parent=1789"}],"curies":[{"name":"wp","href":"https:\/\/api.w.org\/{rel}","templated":true}]}}