{"id":1792,"date":"2024-04-04T09:58:10","date_gmt":"2024-04-04T09:58:10","guid":{"rendered":"https:\/\/blogsaverroes.juntadeandalucia.es\/manuroca03\/?page_id=1792"},"modified":"2026-03-04T18:04:29","modified_gmt":"2026-03-04T18:04:29","slug":"u8_cm_5oep","status":"publish","type":"page","link":"https:\/\/blogsaverroes.juntadeandalucia.es\/manuroca03\/u8_cm_5oep\/","title":{"rendered":"CM5\u00baU8. Rastreamos huellas de la Edad Media"},"content":{"rendered":"<p>Esta unidad tambi\u00e9n es nueva y vamos a hablar sobre la Edad Media. Veamos lo que vamos a aprender:<\/p>\n<ul>\n<li>Los pueblos germ\u00e1nicos (los visigodos).<\/li>\n<li>Los musulmanes en la pen\u00ednsula.<\/li>\n<li>Los reinos cristianos; organizaci\u00f3n y modo de vida.<\/li>\n<li>La Edad Media en Andaluc\u00eda.<\/li>\n<li>Personajes.<\/li>\n<\/ul>\n<h4><strong>\u00bfQU\u00c9 APORTARON LOS PUEBLOS GERMANOS A NUESTRA CULTURA?<\/strong><\/h4>\n<h4><a href=\"https:\/\/view.genial.ly\/6526a785fd5aa50011b84dc2\/presentation-presentacion-medieval\"><img loading=\"lazy\" decoding=\"async\" class=\"alignnone wp-image-4539\" src=\"https:\/\/blogsaverroes.juntadeandalucia.es\/verainqueclase\/files\/2023\/10\/genially-pueblos-germ%C3%A1nicos-300x158.png\" alt=\"\" width=\"767\" height=\"404\"><\/a><\/h4>\n<table>\n<tbody>\n<tr>\n<td><a href=\"https:\/\/www.mundoprimaria.com\/juegos-educativos\/soc-hue-5-1?path=juegos-premium\/10158\"><img loading=\"lazy\" decoding=\"async\" class=\"alignnone size-medium wp-image-5972\" src=\"https:\/\/blogsaverroes.juntadeandalucia.es\/verainqueclase\/files\/2025\/09\/juego-visigodos-300x186.jpg\" alt=\"\" width=\"300\" height=\"186\"><\/a><\/td>\n<td><a href=\"https:\/\/wordwall.net\/es\/resource\/37881308\/pueblos-germ%c3%a1nicos\"><img loading=\"lazy\" decoding=\"async\" class=\"alignnone size-medium wp-image-4542\" src=\"https:\/\/blogsaverroes.juntadeandalucia.es\/verainqueclase\/files\/2023\/10\/juego-visigodos-2-300x165.png\" alt=\"\" width=\"300\" height=\"165\"><\/a><\/td>\n<td><a href=\"https:\/\/wordwall.net\/es\/resource\/47387099\/visigodos\"><img loading=\"lazy\" decoding=\"async\" class=\"alignnone size-medium wp-image-4543\" src=\"https:\/\/blogsaverroes.juntadeandalucia.es\/verainqueclase\/files\/2023\/10\/juego-visigodos-3-300x163.png\" alt=\"\" width=\"300\" height=\"163\"><\/a><\/td>\n<\/tr>\n<tr class=\"alt\">\n<td><a href=\"https:\/\/wordwall.net\/es\/resource\/4858326\/pueblos-germanicos\"><img loading=\"lazy\" decoding=\"async\" class=\"alignnone size-medium wp-image-4541\" src=\"https:\/\/blogsaverroes.juntadeandalucia.es\/verainqueclase\/files\/2023\/10\/juego-visigodos-1-300x158.png\" alt=\"\" width=\"300\" height=\"158\"><\/a><\/td>\n<td>&nbsp;<\/td>\n<td>&nbsp;<\/td>\n<\/tr>\n<\/tbody>\n<\/table>\n<h4><strong>\u00bfCU\u00c1L ES EL LEGADO MUSULM\u00c1N TRAS OCHO SIGLOS EN LA PEN\u00cdNSULA?<\/strong><\/h4>\n<h4><a href=\"https:\/\/view.genial.ly\/6526b39b860e1200118db836\/presentation-copia-58-pueblos-germanicos\"><img loading=\"lazy\" decoding=\"async\" class=\"alignnone wp-image-4544\" src=\"https:\/\/blogsaverroes.juntadeandalucia.es\/verainqueclase\/files\/2023\/10\/genially-al-andalus-300x154.png\" alt=\"\" width=\"797\" height=\"409\"><\/a><\/h4>\n<table>\n<tbody>\n<tr>\n<td><a href=\"https:\/\/www.mundoprimaria.com\/juegos-educativos\/soc-hue-5-2?path=juegos-premium\/10149\"><img loading=\"lazy\" decoding=\"async\" class=\"alignnone size-medium wp-image-5973\" src=\"https:\/\/blogsaverroes.juntadeandalucia.es\/verainqueclase\/files\/2025\/09\/juego-musulmanes-300x153.jpg\" alt=\"\" width=\"300\" height=\"153\"><\/a><\/td>\n<td><a href=\"https:\/\/wordwall.net\/es\/resource\/53877267\/al-andalus\"><img loading=\"lazy\" decoding=\"async\" class=\"alignnone size-medium wp-image-4546\" src=\"https:\/\/blogsaverroes.juntadeandalucia.es\/verainqueclase\/files\/2023\/10\/juego-al-andalus-2-300x157.png\" alt=\"\" width=\"300\" height=\"157\"><\/a><\/td>\n<td>&nbsp;<\/td>\n<\/tr>\n<\/tbody>\n<\/table>\n<h4><strong>\u00bfQU\u00c9 REINOS CRISTIANOS SE FUERON CONFIGURANDO?<\/strong><\/h4>\n<h4><a href=\"https:\/\/view.genial.ly\/6526c4669eac710011da3cd8\/presentation-copia-la-edad-media-3o\"><img loading=\"lazy\" decoding=\"async\" class=\"alignnone wp-image-4548\" src=\"https:\/\/blogsaverroes.juntadeandalucia.es\/verainqueclase\/files\/2023\/10\/genially-reinos-cristianos-300x172.png\" alt=\"\" width=\"753\" height=\"432\"><\/a><\/h4>\n<table>\n<tbody>\n<tr class=\"alt\">\n<td><a href=\"https:\/\/www.mundoprimaria.com\/juegos-educativos\/soc-hue-5-3?path=juegos-premium\/10146\"><img loading=\"lazy\" decoding=\"async\" class=\"alignnone size-medium wp-image-5974\" src=\"https:\/\/blogsaverroes.juntadeandalucia.es\/verainqueclase\/files\/2025\/09\/juego-reinos-300x156.jpg\" alt=\"\" width=\"300\" height=\"156\"><\/a><\/td>\n<td><a href=\"https:\/\/wordwall.net\/es\/resource\/53418063\/reinos-cristianos\"><img loading=\"lazy\" decoding=\"async\" class=\"alignnone size-medium wp-image-4551\" src=\"https:\/\/blogsaverroes.juntadeandalucia.es\/verainqueclase\/files\/2023\/10\/genially-reinos-cristianos-2-300x159.png\" alt=\"\" width=\"300\" height=\"159\"><\/a><\/td>\n<td>&nbsp;<\/td>\n<\/tr>\n<tr>\n<td>&nbsp;<\/td>\n<td>&nbsp;<\/td>\n<td>&nbsp;<\/td>\n<\/tr>\n<\/tbody>\n<\/table>\n<h4><strong>\u00bfC\u00d3MO ERA LA VIDA EN LOS REINOS CRISTIANOS?<\/strong><\/h4>\n<h4><a href=\"https:\/\/view.genial.ly\/65280cea952f650012d356a8\/presentation-copia-la-edad-media\"><img loading=\"lazy\" decoding=\"async\" class=\"alignnone wp-image-4553\" src=\"https:\/\/blogsaverroes.juntadeandalucia.es\/verainqueclase\/files\/2023\/10\/genially-vida-medieval-300x171.png\" alt=\"\" width=\"747\" height=\"426\"><\/a><\/h4>\n<table>\n<tbody>\n<tr class=\"alt\">\n<td>&nbsp;<\/td>\n<td>&nbsp;<\/td>\n<td>&nbsp;<\/td>\n<\/tr>\n<\/tbody>\n<\/table>\n<h4><strong>\u00bfQU\u00c9 HUELLAS HAY DE LA EDAD MEDIA EN ANDALUC\u00cdA?<\/strong><\/h4>\n<h4><a href=\"https:\/\/view.genial.ly\/652819c57edd580011074c0b\/presentation-copia-58-pueblos-germanicos\"><img loading=\"lazy\" decoding=\"async\" class=\"alignnone wp-image-4555\" src=\"https:\/\/blogsaverroes.juntadeandalucia.es\/verainqueclase\/files\/2023\/10\/genially-andaluc%C3%ADa-medieval-300x158.png\" alt=\"\" width=\"860\" height=\"453\"><\/a><\/h4>\n<table>\n<tbody>\n<tr>\n<td>&nbsp;<\/td>\n<td>&nbsp;<\/td>\n<td>&nbsp;<\/td>\n<\/tr>\n<\/tbody>\n<\/table>\n<h4><strong>\u00bfQU\u00c9 PERSONAJES DESTACARON EN LA EDAD MEDIA?<\/strong><\/h4>\n<p><a href=\"https:\/\/view.genial.ly\/65281fe8952f650012df9021\/presentation-58-quien-es-quien-edad-media\"><img loading=\"lazy\" decoding=\"async\" class=\"alignnone wp-image-4860\" src=\"https:\/\/blogsaverroes.juntadeandalucia.es\/verainqueclase\/files\/2024\/05\/genially-quien-es-quien-300x157.jpg\" alt=\"\" width=\"764\" height=\"400\"><\/a><\/p>\n<table>\n<tbody>\n<tr class=\"alt\">\n<td>&nbsp;<\/td>\n<td>&nbsp;<\/td>\n<td>&nbsp;<\/td>\n<\/tr>\n<\/tbody>\n<\/table>\n<h4><strong>REPASO<\/strong><\/h4>\n<table>\n<tbody>\n<tr>\n<td><a href=\"https:\/\/view.genial.ly\/5ea6e2776d0f2f0da913bc34\/game-edad-media\"><img decoding=\"async\" src=\"https:\/\/blogsaverroes.juntadeandalucia.es\/verainqueclase\/files\/2021\/11\/juego-edad-media-300x173.jpg\"><\/a><\/td>\n<td><a href=\"https:\/\/view.genial.ly\/624c22eb89cfda0011840c7e\/interactive-content-escape-room-medievo\"><img decoding=\"async\" src=\"https:\/\/blogsaverroes.juntadeandalucia.es\/verainqueclase\/files\/2022\/04\/Juego-Fiestas-del-Medievo-300x167.jpg\"><\/a><\/td>\n<td><a href=\"https:\/\/view.genial.ly\/6629425628666700144074db\/interactive-content-breakout-la-edad-media\"><img loading=\"lazy\" decoding=\"async\" class=\"alignnone size-medium wp-image-4861\" src=\"https:\/\/blogsaverroes.juntadeandalucia.es\/verainqueclase\/files\/2024\/05\/escape-edad-media-300x157.jpg\" alt=\"\" width=\"300\" height=\"157\"><\/a><\/td>\n<\/tr>\n<tr class=\"alt\">\n<td><a href=\"https:\/\/www.mundoprimaria.com\/juegos-educativos\/soc-hue-6-3?path=juegos-premium\/10199\"><img loading=\"lazy\" decoding=\"async\" class=\"alignnone size-medium wp-image-5978\" src=\"https:\/\/blogsaverroes.juntadeandalucia.es\/verainqueclase\/files\/2025\/09\/juego-edad-media-300x164.jpg\" alt=\"\" width=\"300\" height=\"164\"><\/a><\/td>\n<td>&nbsp;<\/td>\n<td>&nbsp;<\/td>\n<\/tr>\n<\/tbody>\n<\/table>\n","protected":false},"excerpt":{"rendered":"<p>Esta unidad tambi\u00e9n es nueva y vamos a hablar sobre la Edad Media. Veamos lo que vamos a aprender: Los pueblos germ\u00e1nicos (los visigodos). Los musulmanes en la pen\u00ednsula. Los reinos cristianos; organizaci\u00f3n y modo de vida. La Edad Media en Andaluc\u00eda. Personajes. \u00bfQU\u00c9 APORTARON LOS PUEBLOS GERMANOS A NUESTRA CULTURA? &nbsp; &nbsp; \u00bfCU\u00c1L ES &hellip; <\/p>\n<p><a class=\"more-link btn\" href=\"https:\/\/blogsaverroes.juntadeandalucia.es\/manuroca03\/u8_cm_5oep\/\">Seguir leyendo<\/a><\/p>\n","protected":false},"author":10452,"featured_media":0,"parent":0,"menu_order":0,"comment_status":"closed","ping_status":"closed","template":"","meta":{"ngg_post_thumbnail":0,"footnotes":""},"aioseo_notices":[],"_links":{"self":[{"href":"https:\/\/blogsaverroes.juntadeandalucia.es\/manuroca03\/wp-json\/wp\/v2\/pages\/1792"}],"collection":[{"href":"https:\/\/blogsaverroes.juntadeandalucia.es\/manuroca03\/wp-json\/wp\/v2\/pages"}],"about":[{"href":"https:\/\/blogsaverroes.juntadeandalucia.es\/manuroca03\/wp-json\/wp\/v2\/types\/page"}],"author":[{"embeddable":true,"href":"https:\/\/blogsaverroes.juntadeandalucia.es\/manuroca03\/wp-json\/wp\/v2\/users\/10452"}],"replies":[{"embeddable":true,"href":"https:\/\/blogsaverroes.juntadeandalucia.es\/manuroca03\/wp-json\/wp\/v2\/comments?post=1792"}],"version-history":[{"count":4,"href":"https:\/\/blogsaverroes.juntadeandalucia.es\/manuroca03\/wp-json\/wp\/v2\/pages\/1792\/revisions"}],"predecessor-version":[{"id":2200,"href":"https:\/\/blogsaverroes.juntadeandalucia.es\/manuroca03\/wp-json\/wp\/v2\/pages\/1792\/revisions\/2200"}],"wp:attachment":[{"href":"https:\/\/blogsaverroes.juntadeandalucia.es\/manuroca03\/wp-json\/wp\/v2\/media?parent=1792"}],"curies":[{"name":"wp","href":"https:\/\/api.w.org\/{rel}","templated":true}]}}