{"id":1795,"date":"2024-04-04T09:58:32","date_gmt":"2024-04-04T09:58:32","guid":{"rendered":"https:\/\/blogsaverroes.juntadeandalucia.es\/manuroca03\/?page_id=1795"},"modified":"2026-03-04T18:05:25","modified_gmt":"2026-03-04T18:05:25","slug":"u9_cm_5oep","status":"publish","type":"page","link":"https:\/\/blogsaverroes.juntadeandalucia.es\/manuroca03\/u9_cm_5oep\/","title":{"rendered":"CM5\u00baU9. La Edad Moderna, un mercado global"},"content":{"rendered":"<p>Terminamos el curso con un tema nuevo, la Edad Moderna. En esta unidad aprenderemos:<\/p>\n<ul>\n<li>Acontecimientos en la Edad Moderna.<\/li>\n<li>Posesiones del reino de Espa\u00f1a.<\/li>\n<li>Cambios en la Edad Moderna.<\/li>\n<li>El arte en la Edad Moderna.<\/li>\n<li>Llegada de los Borbones.<\/li>\n<li>La Ilustraci\u00f3n.<\/li>\n<li>La Edad Moderna en Andaluc\u00eda.<\/li>\n<li>Personajes de la Edad Moderna.<\/li>\n<\/ul>\n<h4><strong>\u00bfQU\u00c9 GRANDES ACONTECIMIENTOS SE PRODUJERON EN LA EDAD MODERNA?<\/strong><\/h4>\n<h4><a href=\"https:\/\/view.genial.ly\/652a6fdd860e1200110c4ce8\/presentation-5-9-la-edad-moderna\"><img loading=\"lazy\" decoding=\"async\" class=\"alignnone wp-image-4559\" src=\"https:\/\/blogsaverroes.juntadeandalucia.es\/verainqueclase\/files\/2023\/10\/Genially-edad-moderna-300x167.png\" alt=\"\" width=\"839\" height=\"467\"><\/a><\/h4>\n<table>\n<tbody>\n<tr>\n<td>&nbsp;<\/td>\n<td>&nbsp;<\/td>\n<td><a href=\"https:\/\/view.genial.ly\/652c14a87edd58001179cec5\/interactive-content-quiz-edad-moderna-reyes-catolicos\"><img loading=\"lazy\" decoding=\"async\" class=\"alignnone size-medium wp-image-4578\" src=\"https:\/\/blogsaverroes.juntadeandalucia.es\/verainqueclase\/files\/2023\/10\/Juego-genially-reyes-catolicos-300x160.png\" alt=\"\" width=\"300\" height=\"160\"><\/a><\/td>\n<\/tr>\n<tr class=\"alt\">\n<td>&nbsp;<\/td>\n<td>&nbsp;<\/td>\n<td>&nbsp;<\/td>\n<\/tr>\n<\/tbody>\n<\/table>\n<h4><strong>\u00bfQU\u00c9 POSESIONES TEN\u00cdA LA MONARQU\u00cdA DE ESPA\u00d1A EN EL MUNDO?<\/strong><\/h4>\n<h4><a href=\"https:\/\/view.genial.ly\/652a930497208f0011ec1360\/presentation-59-edad-moderna-austrias-mayores\"><img loading=\"lazy\" decoding=\"async\" class=\"alignnone wp-image-4560\" src=\"https:\/\/blogsaverroes.juntadeandalucia.es\/verainqueclase\/files\/2023\/10\/Genially-austrias-mayores-300x187.png\" alt=\"\" width=\"793\" height=\"494\"><\/a><\/h4>\n<table>\n<tbody>\n<tr>\n<td>&nbsp;<\/td>\n<td>&nbsp;<\/td>\n<td><a href=\"https:\/\/view.genial.ly\/652c19af97208f001175a95d\/interactive-content-quiz-austrias-mayores\"><img loading=\"lazy\" decoding=\"async\" class=\"alignnone size-medium wp-image-4577\" src=\"https:\/\/blogsaverroes.juntadeandalucia.es\/verainqueclase\/files\/2023\/10\/Juego-genially-reyes-300x165.png\" alt=\"\" width=\"300\" height=\"165\"><\/a><\/td>\n<\/tr>\n<tr class=\"alt\">\n<td>&nbsp;<\/td>\n<td>&nbsp;<\/td>\n<td>&nbsp;<\/td>\n<\/tr>\n<\/tbody>\n<\/table>\n<h4><strong>UN SIGLO DE CAMBIOS Y TRANSFORMACIONES<\/strong><\/h4>\n<h4><a href=\"https:\/\/view.genial.ly\/652a996797208f0011ee96f7\/presentation-59-edad-moderna-austrias-menores\"><img loading=\"lazy\" decoding=\"async\" class=\"alignnone wp-image-4561\" src=\"https:\/\/blogsaverroes.juntadeandalucia.es\/verainqueclase\/files\/2023\/10\/Genially-austrias-menores-300x182.png\" alt=\"\" width=\"796\" height=\"483\"><\/a><\/h4>\n<table>\n<tbody>\n<tr>\n<td><a href=\"https:\/\/www.mundoprimaria.com\/juegos-educativos\/soc-hue-5-4?path=juegos-premium\/10123\"><img loading=\"lazy\" decoding=\"async\" class=\"alignnone size-medium wp-image-5976\" src=\"https:\/\/blogsaverroes.juntadeandalucia.es\/verainqueclase\/files\/2025\/09\/juego-edad-moderna-300x161.jpg\" alt=\"\" width=\"300\" height=\"161\"><\/a><\/td>\n<td>&nbsp;<\/td>\n<td><a href=\"https:\/\/wordwall.net\/es\/resource\/60002962\/los-austrias\"><img loading=\"lazy\" decoding=\"async\" class=\"alignnone size-medium wp-image-4575\" src=\"https:\/\/blogsaverroes.juntadeandalucia.es\/verainqueclase\/files\/2023\/10\/Juego-los-austrias-300x143.png\" alt=\"\" width=\"300\" height=\"143\"><\/a><\/td>\n<\/tr>\n<tr class=\"alt\">\n<td><a href=\"https:\/\/view.genial.ly\/65314f72b68fc40011302860\/interactive-content-quiz-detective\"><img loading=\"lazy\" decoding=\"async\" class=\"alignnone size-medium wp-image-4580\" src=\"https:\/\/blogsaverroes.juntadeandalucia.es\/verainqueclase\/files\/2023\/10\/Juego-genially-austrias-menores-300x175.png\" alt=\"\" width=\"300\" height=\"175\"><\/a><\/td>\n<td>&nbsp;<\/td>\n<td>&nbsp;<\/td>\n<\/tr>\n<\/tbody>\n<\/table>\n<h4><strong>\u00bfQU\u00c9 ESTILOS ART\u00cdSTICOS SURGIERON EN EL ARTE Y LA LITERATURA?<\/strong><\/h4>\n<h4><a href=\"https:\/\/view.genial.ly\/652aaa7e860e120011285445\/presentation-59-edad-moderna-estilos-artisticos\"><img loading=\"lazy\" decoding=\"async\" class=\"alignnone wp-image-4562\" src=\"https:\/\/blogsaverroes.juntadeandalucia.es\/verainqueclase\/files\/2023\/10\/Genially-estilos-siglo-de-oro-300x173.png\" alt=\"\" width=\"798\" height=\"460\"><\/a><\/h4>\n<table>\n<tbody>\n<tr>\n<td><a href=\"https:\/\/view.genial.ly\/65315958721bf000107fb025\/interactive-content-quiz-dragones\"><img loading=\"lazy\" decoding=\"async\" class=\"alignnone size-medium wp-image-4581\" src=\"https:\/\/blogsaverroes.juntadeandalucia.es\/verainqueclase\/files\/2023\/10\/Juego-genially-siglo-oro-300x166.png\" alt=\"\" width=\"300\" height=\"166\"><\/a><\/td>\n<td>&nbsp;<\/td>\n<td>&nbsp;<\/td>\n<\/tr>\n<\/tbody>\n<\/table>\n<h4><strong>LLEGA UNA NUEVA DINAST\u00cdA A ESPA\u00d1A<\/strong><\/h4>\n<h4><a href=\"https:\/\/view.genial.ly\/652ab28c860e1200112be17f\/presentation-59-edad-moderna-los-borbones\"><img loading=\"lazy\" decoding=\"async\" class=\"alignnone wp-image-4563\" src=\"https:\/\/blogsaverroes.juntadeandalucia.es\/verainqueclase\/files\/2023\/10\/Genially-s-xviii-300x191.png\" alt=\"\" width=\"766\" height=\"488\"><\/a><\/h4>\n<table>\n<tbody>\n<tr class=\"alt\">\n<td>&nbsp;<\/td>\n<td>&nbsp;<\/td>\n<td><a href=\"https:\/\/view.genial.ly\/65316265553a8400117870ee\/interactive-content-copia-quiz-aparato-circulatorio\"><img loading=\"lazy\" decoding=\"async\" class=\"alignnone size-medium wp-image-4582\" src=\"https:\/\/blogsaverroes.juntadeandalucia.es\/verainqueclase\/files\/2023\/10\/Juego-genially-siglo-xviii-300x163.png\" alt=\"\" width=\"300\" height=\"163\"><\/a><\/td>\n<\/tr>\n<tr>\n<td>&nbsp;<\/td>\n<td>&nbsp;<\/td>\n<td>&nbsp;<\/td>\n<\/tr>\n<\/tbody>\n<\/table>\n<h4><strong>\u00bfCUANDO EMPEZARON LOS REINOS A IMPULSAR LA ENSE\u00d1ANZA?<\/strong><\/h4>\n<h4><a href=\"https:\/\/view.genial.ly\/652abab1860e1200113079ee\/presentation-copia-59-edad-moderna-estilos-artisticos\"><img loading=\"lazy\" decoding=\"async\" class=\"alignnone wp-image-4565\" src=\"https:\/\/blogsaverroes.juntadeandalucia.es\/verainqueclase\/files\/2023\/10\/Genially-ilustracion-300x186.png\" alt=\"\" width=\"965\" height=\"598\"><\/a><\/h4>\n<table>\n<tbody>\n<tr class=\"alt\">\n<td><a href=\"https:\/\/www.mundoprimaria.com\/juegos-educativos\/soc-hue-6-3?path=juegos-premium\/10207\"><img loading=\"lazy\" decoding=\"async\" class=\"alignnone size-medium wp-image-5980\" src=\"https:\/\/blogsaverroes.juntadeandalucia.es\/verainqueclase\/files\/2025\/09\/juego-edad-media-1-300x164.jpg\" alt=\"\" width=\"300\" height=\"164\"><\/a><\/td>\n<td>&nbsp;<\/td>\n<td>&nbsp;<\/td>\n<\/tr>\n<\/tbody>\n<\/table>\n<h4><strong>LAS HUELLAS DE LA EDAD MODERNA EN ANDALUC\u00cdA<\/strong><\/h4>\n<p><a href=\"https:\/\/view.genial.ly\/652bcb2197208f001145bd71\/presentation-59-edad-moderna-en-andalucia\"><img loading=\"lazy\" decoding=\"async\" class=\"alignnone wp-image-4567\" src=\"https:\/\/blogsaverroes.juntadeandalucia.es\/verainqueclase\/files\/2023\/10\/Genially-edad-moderna-andaluc%C3%ADa-300x166.png\" alt=\"\" width=\"819\" height=\"453\"><\/a><\/p>\n<table>\n<tbody>\n<tr>\n<td>&nbsp;<\/td>\n<td>&nbsp;<\/td>\n<td>&nbsp;<\/td>\n<\/tr>\n<\/tbody>\n<\/table>\n<h4><strong>PERSONAJES FAMOSOS<\/strong><\/h4>\n<p><a href=\"https:\/\/view.genial.ly\/652be5e597208f0011546bd9\/presentation-59-quien-es-quien-edad-moderna\"><img loading=\"lazy\" decoding=\"async\" class=\"alignnone wp-image-4568\" src=\"https:\/\/blogsaverroes.juntadeandalucia.es\/verainqueclase\/files\/2023\/10\/Genially-quien-es-quien-edad-moderna-300x176.png\" alt=\"\" width=\"818\" height=\"480\"><\/a><\/p>\n<table>\n<tbody>\n<tr class=\"alt\">\n<td>&nbsp;<\/td>\n<td>&nbsp;<\/td>\n<td>&nbsp;<\/td>\n<\/tr>\n<\/tbody>\n<\/table>\n<h4><strong>REPASO<\/strong><\/h4>\n<table>\n<tbody>\n<tr>\n<td><a href=\"https:\/\/wordwall.net\/es\/resource\/2692818\/edad-moderna\"><img loading=\"lazy\" decoding=\"async\" class=\"alignnone size-medium wp-image-4574\" src=\"https:\/\/blogsaverroes.juntadeandalucia.es\/verainqueclase\/files\/2023\/10\/Juego-edad-moderna-300x140.png\" alt=\"\" width=\"300\" height=\"140\"><\/a><\/td>\n<td>&nbsp;<\/td>\n<\/tr>\n<\/tbody>\n<\/table>\n","protected":false},"excerpt":{"rendered":"<p>Terminamos el curso con un tema nuevo, la Edad Moderna. En esta unidad aprenderemos: Acontecimientos en la Edad Moderna. Posesiones del reino de Espa\u00f1a. Cambios en la Edad Moderna. El arte en la Edad Moderna. Llegada de los Borbones. La Ilustraci\u00f3n. La Edad Moderna en Andaluc\u00eda. Personajes de la Edad Moderna. \u00bfQU\u00c9 GRANDES ACONTECIMIENTOS SE &hellip; <\/p>\n<p><a class=\"more-link btn\" href=\"https:\/\/blogsaverroes.juntadeandalucia.es\/manuroca03\/u9_cm_5oep\/\">Seguir leyendo<\/a><\/p>\n","protected":false},"author":10452,"featured_media":0,"parent":0,"menu_order":0,"comment_status":"closed","ping_status":"closed","template":"","meta":{"ngg_post_thumbnail":0,"footnotes":""},"aioseo_notices":[],"_links":{"self":[{"href":"https:\/\/blogsaverroes.juntadeandalucia.es\/manuroca03\/wp-json\/wp\/v2\/pages\/1795"}],"collection":[{"href":"https:\/\/blogsaverroes.juntadeandalucia.es\/manuroca03\/wp-json\/wp\/v2\/pages"}],"about":[{"href":"https:\/\/blogsaverroes.juntadeandalucia.es\/manuroca03\/wp-json\/wp\/v2\/types\/page"}],"author":[{"embeddable":true,"href":"https:\/\/blogsaverroes.juntadeandalucia.es\/manuroca03\/wp-json\/wp\/v2\/users\/10452"}],"replies":[{"embeddable":true,"href":"https:\/\/blogsaverroes.juntadeandalucia.es\/manuroca03\/wp-json\/wp\/v2\/comments?post=1795"}],"version-history":[{"count":4,"href":"https:\/\/blogsaverroes.juntadeandalucia.es\/manuroca03\/wp-json\/wp\/v2\/pages\/1795\/revisions"}],"predecessor-version":[{"id":2201,"href":"https:\/\/blogsaverroes.juntadeandalucia.es\/manuroca03\/wp-json\/wp\/v2\/pages\/1795\/revisions\/2201"}],"wp:attachment":[{"href":"https:\/\/blogsaverroes.juntadeandalucia.es\/manuroca03\/wp-json\/wp\/v2\/media?parent=1795"}],"curies":[{"name":"wp","href":"https:\/\/api.w.org\/{rel}","templated":true}]}}