{"id":1814,"date":"2024-05-09T17:05:52","date_gmt":"2024-05-09T17:05:52","guid":{"rendered":"https:\/\/blogsaverroes.juntadeandalucia.es\/manuroca03\/?page_id=1814"},"modified":"2026-03-04T17:51:03","modified_gmt":"2026-03-04T17:51:03","slug":"u11_lc_5oep","status":"publish","type":"page","link":"https:\/\/blogsaverroes.juntadeandalucia.es\/manuroca03\/u11_lc_5oep\/","title":{"rendered":"LC5\u00baU11. Visita al punto limpio"},"content":{"rendered":"<p>Qu\u00e9 r\u00e1pido est\u00e1 pasando el curso. Ya hemos llegado a la unidad 11, en la que leeremos unos poemas para empezar a trabajar.<\/p>\n<ul>\n<li>Las frases hechas.<\/li>\n<li>Prosificaremos un poema.<\/li>\n<li>Recordaremos qu\u00e9 eran los caligramas.<\/li>\n<li>Aprenderemos qu\u00e9 son los lexemas y los morfemas.<\/li>\n<li>Veremos qu\u00e9 son las palabras primitivas y las palabras derivadas.<\/li>\n<li>En ortograf\u00eda usaremos palabras con c y cc, y r y rr.<\/li>\n<\/ul>\n<h4><strong>UTILIZO PALABRAS NUEVAS SOBRE LAS 3 ERRES. LAS FRASES HECHAS<\/strong><\/h4>\n<p><a href=\"https:\/\/view.genially.com\/68ffb64e7f2ed2a542697c09\/interactive-content-4o-refranes-y-frases-hechas\"><img loading=\"lazy\" decoding=\"async\" class=\"\" src=\"https:\/\/blogsaverroes.juntadeandalucia.es\/verainqueclase\/files\/2022\/07\/genially-refranes-300x168.jpg\" width=\"912\" height=\"511\"><\/a><\/p>\n<table>\n<tbody>\n<tr>\n<td><a href=\"https:\/\/www.mundoprimaria.com\/juegos-educativos\/lengua-voc-4-1?path=juegos-premium\/8786\"><img loading=\"lazy\" decoding=\"async\" class=\"alignnone size-medium wp-image-5879\" src=\"https:\/\/blogsaverroes.juntadeandalucia.es\/verainqueclase\/files\/2025\/08\/juego-frases-2-300x175.jpg\" alt=\"\" width=\"300\" height=\"175\"><\/a><\/td>\n<td><a href=\"https:\/\/wordwall.net\/es\/resource\/1631060\/frases-hechas\/frases-hechas-castellano\"><img decoding=\"async\" src=\"https:\/\/blogsaverroes.juntadeandalucia.es\/verainqueclase\/files\/2021\/08\/juego-quiz-300x176.jpg\"><\/a><\/td>\n<td><a href=\"https:\/\/wordwall.net\/es\/resource\/16463764\/frases-hechas\"><img decoding=\"async\" src=\"https:\/\/blogsaverroes.juntadeandalucia.es\/verainqueclase\/files\/2021\/09\/juego-frases-2-300x150.jpg\"><\/a><\/td>\n<\/tr>\n<tr class=\"alt\">\n<td><a href=\"https:\/\/wordwall.net\/es\/resource\/2277048\/frases-hechas-comidas\"><img decoding=\"async\" src=\"https:\/\/blogsaverroes.juntadeandalucia.es\/verainqueclase\/files\/2021\/08\/juego-quiz-300x176.jpg\"><\/a><\/td>\n<td><a href=\"https:\/\/wordwall.net\/es\/resource\/13946027\/ahorcado-frases-hechas\"><img decoding=\"async\" src=\"https:\/\/blogsaverroes.juntadeandalucia.es\/verainqueclase\/files\/2021\/09\/juego-frases-3-300x150.jpg\"><\/a><\/td>\n<td><a href=\"https:\/\/view.genially.com\/5e7e310faafed90da9a0526f\/learning-experience-didactic-unit-las-frases-hechas-instaprofes\"><img decoding=\"async\" src=\"https:\/\/blogsaverroes.juntadeandalucia.es\/verainqueclase\/files\/2020\/12\/genially-frases-hechas-300x162.jpg\"><\/a><\/td>\n<\/tr>\n<tr>\n<td><a href=\"https:\/\/www.mundoprimaria.com\/juegos-educativos\/lengua-voc-6-1?path=juegos-premium\/8829\"><img loading=\"lazy\" decoding=\"async\" class=\"alignnone size-medium wp-image-5880\" src=\"https:\/\/blogsaverroes.juntadeandalucia.es\/verainqueclase\/files\/2025\/08\/juego-frases-300x175.jpg\" alt=\"\" width=\"300\" height=\"175\"><\/a><\/td>\n<td><a href=\"https:\/\/wordwall.net\/es\/resource\/2277048\/frases-hechas-comidas\"><img loading=\"lazy\" decoding=\"async\" class=\"alignnone size-medium wp-image-5881\" src=\"https:\/\/blogsaverroes.juntadeandalucia.es\/verainqueclase\/files\/2025\/08\/juego-frases-3-300x175.jpg\" alt=\"\" width=\"300\" height=\"175\"><\/a><\/td>\n<td><a href=\"https:\/\/wordwall.net\/es\/resource\/2297218\/audici%c3%b3n-y-lenguaje\/asocia-con-la-frase-hecha\"><img loading=\"lazy\" decoding=\"async\" class=\"alignnone size-medium wp-image-5882\" src=\"https:\/\/blogsaverroes.juntadeandalucia.es\/verainqueclase\/files\/2025\/08\/juego-frases-4-300x175.jpg\" alt=\"\" width=\"300\" height=\"175\"><\/a><\/td>\n<\/tr>\n<tr class=\"alt\">\n<td>&nbsp;<\/td>\n<td>&nbsp;<\/td>\n<td>&nbsp;<\/td>\n<\/tr>\n<\/tbody>\n<\/table>\n<h4><strong>PROSIFICO UN POEMA<\/strong><\/h4>\n<p>&nbsp;<\/p>\n<h4><strong>ESCRIBO UN CALIGRAMA<\/strong><\/h4>\n<p><a href=\"https:\/\/view.genially.com\/6902777594fb60182a2b88ae\/horizontal-infographic-review-410-caligramas\"><img loading=\"lazy\" decoding=\"async\" class=\"\" src=\"https:\/\/blogsaverroes.juntadeandalucia.es\/verainqueclase\/files\/2023\/04\/genially-caligramas-300x177.jpg\" width=\"933\" height=\"550\"><\/a><\/p>\n<table>\n<tbody>\n<tr>\n<td><a href=\"https:\/\/wordwall.net\/es\/resource\/31049456\/espa%c3%b1ol\/caligramas\"><img loading=\"lazy\" decoding=\"async\" class=\"alignnone size-medium wp-image-5883\" src=\"https:\/\/blogsaverroes.juntadeandalucia.es\/verainqueclase\/files\/2025\/08\/juego-caligramas-300x175.jpg\" alt=\"\" width=\"300\" height=\"175\"><\/a><\/td>\n<td>&nbsp;<\/td>\n<td>&nbsp;<\/td>\n<\/tr>\n<\/tbody>\n<\/table>\n<h4><strong>LEXEMAS Y MORFEMAS<\/strong><\/h4>\n<p><a href=\"https:\/\/view.genially.com\/6901338cc1adf66159c68613\/horizontal-infographic-diagrams-47-palabras-derivadas\"><img loading=\"lazy\" decoding=\"async\" class=\"\" src=\"https:\/\/blogsaverroes.juntadeandalucia.es\/verainqueclase\/files\/2022\/09\/genially-palabras-derivadas-300x184.jpg\" width=\"900\" height=\"552\"><\/a><\/p>\n<table>\n<tbody>\n<tr class=\"alt\">\n<td>&nbsp;<\/td>\n<td>&nbsp;<\/td>\n<td>&nbsp;<\/td>\n<\/tr>\n<\/tbody>\n<\/table>\n<p><a href=\"https:\/\/view.genially.com\/5f848627b925a10d68ce6acf\/horizontal-infographic-review-prefijos\"><img loading=\"lazy\" decoding=\"async\" class=\"\" src=\"https:\/\/blogsaverroes.juntadeandalucia.es\/verainqueclase\/files\/2020\/10\/prefijos-300x143.jpg\" width=\"770\" height=\"367\"><\/a><\/p>\n<table>\n<tbody>\n<tr>\n<td><a href=\"https:\/\/wordwall.net\/es\/resource\/4244451\/prefijos\"><img decoding=\"async\" class=\"aligncenter\" src=\"https:\/\/blogsaverroes.juntadeandalucia.es\/verainqueclase\/files\/2020\/10\/prefijos-topos-300x156.jpg\"><\/a><\/td>\n<td><a href=\"https:\/\/wordwall.net\/es\/resource\/18196266\/prefijos\"><img loading=\"lazy\" decoding=\"async\" class=\"alignnone size-medium wp-image-5887\" src=\"https:\/\/blogsaverroes.juntadeandalucia.es\/verainqueclase\/files\/2025\/08\/juego-prefijos-300x175.jpg\" alt=\"\" width=\"300\" height=\"175\"><\/a><\/td>\n<td><a href=\"https:\/\/wordwall.net\/es\/resource\/10079711\/prefijos\"><img decoding=\"async\" class=\"aligncenter\" src=\"https:\/\/blogsaverroes.juntadeandalucia.es\/verainqueclase\/files\/2021\/09\/juego-prefijos-2-300x168.jpg\"><\/a><\/td>\n<\/tr>\n<tr class=\"alt\">\n<td><a href=\"https:\/\/wordwall.net\/es\/resource\/11592813\/prefijos\"><img decoding=\"async\" class=\"aligncenter\" src=\"https:\/\/blogsaverroes.juntadeandalucia.es\/verainqueclase\/files\/2021\/09\/juego-prefijos-3-300x168.jpg\"><\/a><\/td>\n<td><a href=\"https:\/\/wordwall.net\/es\/resource\/17982271\/prefijos\"><img decoding=\"async\" class=\"aligncenter\" src=\"https:\/\/blogsaverroes.juntadeandalucia.es\/verainqueclase\/files\/2021\/09\/juego-prefijos-4-300x168.jpg\"><\/a><\/td>\n<td><a href=\"https:\/\/wordwall.net\/es\/resource\/13187155\/prefijos-in-im-des\"><img decoding=\"async\" class=\"aligncenter\" src=\"https:\/\/blogsaverroes.juntadeandalucia.es\/verainqueclase\/files\/2021\/09\/juego-prefijos-5-300x168.jpg\"><\/a><\/td>\n<\/tr>\n<tr>\n<td><a href=\"https:\/\/wordwall.net\/es\/resource\/11195350\/prefijos\"><img decoding=\"async\" class=\"aligncenter\" src=\"https:\/\/blogsaverroes.juntadeandalucia.es\/verainqueclase\/files\/2021\/09\/juego-prefijos-6-300x168.jpg\"><\/a><\/td>\n<td><a href=\"https:\/\/wordwall.net\/es\/resource\/19563412\/prefijos-3%C2%BA\"><img loading=\"lazy\" decoding=\"async\" class=\"alignnone size-medium wp-image-5888\" src=\"https:\/\/blogsaverroes.juntadeandalucia.es\/verainqueclase\/files\/2025\/08\/juego-prefijos-2-300x175.jpg\" alt=\"\" width=\"300\" height=\"175\"><\/a><\/td>\n<td>&nbsp;<\/td>\n<\/tr>\n<\/tbody>\n<\/table>\n<p><a href=\"https:\/\/view.genially.com\/5f85fa8b4977856eccca6f15\/horizontal-infographic-review-sufijos\"><img loading=\"lazy\" decoding=\"async\" class=\"\" src=\"https:\/\/blogsaverroes.juntadeandalucia.es\/verainqueclase\/files\/2020\/10\/Sufijos-300x156.jpg\" width=\"729\" height=\"379\"><\/a><\/p>\n<table>\n<tbody>\n<tr class=\"alt\">\n<td><a href=\"https:\/\/wordwall.net\/es\/resource\/1960802\/prefijos-y-sufijos\"><img decoding=\"async\" src=\"https:\/\/blogsaverroes.juntadeandalucia.es\/verainqueclase\/files\/2020\/10\/prefijos-y-sufijos-300x156.jpg\"><\/a><\/td>\n<td><a href=\"https:\/\/wordwall.net\/es\/resource\/23259859\/sufijos\"><img loading=\"lazy\" decoding=\"async\" class=\"alignnone size-medium wp-image-5889\" src=\"https:\/\/blogsaverroes.juntadeandalucia.es\/verainqueclase\/files\/2025\/08\/juego-sufijos-300x175.jpg\" alt=\"\" width=\"300\" height=\"175\"><\/a><\/td>\n<td><a href=\"https:\/\/wordwall.net\/es\/resource\/12889574\/crucigrama-sufijos\"><img loading=\"lazy\" decoding=\"async\" class=\"alignnone size-medium wp-image-5890\" src=\"https:\/\/blogsaverroes.juntadeandalucia.es\/verainqueclase\/files\/2025\/08\/juego-sufijos-2-300x175.jpg\" alt=\"\" width=\"300\" height=\"175\"><\/a><\/td>\n<\/tr>\n<tr>\n<td><a href=\"https:\/\/wordwall.net\/es\/resource\/20644819\/sufijos-y-prefijos\"><img loading=\"lazy\" decoding=\"async\" class=\"alignnone size-medium wp-image-5891\" src=\"https:\/\/blogsaverroes.juntadeandalucia.es\/verainqueclase\/files\/2025\/08\/juego-sufijos-3-300x175.jpg\" alt=\"\" width=\"300\" height=\"175\"><\/a><\/td>\n<td>&nbsp;<\/td>\n<td>&nbsp;<\/td>\n<\/tr>\n<\/tbody>\n<\/table>\n<h4><strong>PALABRAS PRIMITIVAS Y PALABRAS DERIVADAS<\/strong><\/h4>\n<p><a href=\"https:\/\/view.genially.com\/68ffacf47dbd3b4e9096ecee\/horizontal-infographic-review-familias-de-palabras\"><img loading=\"lazy\" decoding=\"async\" class=\"\" src=\"https:\/\/blogsaverroes.juntadeandalucia.es\/verainqueclase\/files\/2021\/10\/genially-familia-de-palabras-300x168.jpg\" width=\"762\" height=\"427\"><\/a><\/p>\n<table>\n<tbody>\n<tr class=\"alt\">\n<td><a href=\"https:\/\/wordwall.net\/es\/resource\/7673536\/lengua-espa%c3%b1ola\/palabras-derivadas-y-primitivas\"><img loading=\"lazy\" decoding=\"async\" class=\"alignnone size-medium wp-image-5884\" src=\"https:\/\/blogsaverroes.juntadeandalucia.es\/verainqueclase\/files\/2025\/08\/juego-palabras-derivadas-300x175.jpg\" alt=\"\" width=\"300\" height=\"175\"><\/a><\/td>\n<td><img decoding=\"async\" src=\"https:\/\/blogsaverroes.juntadeandalucia.es\/verainqueclase\/files\/2025\/08\/juego-palabras-derivadas-2-300x175.jpg\"><\/td>\n<td><a href=\"https:\/\/wordwall.net\/es\/resource\/33804608\/palabras-primitivas-y-derivadas\"><img loading=\"lazy\" decoding=\"async\" class=\"alignnone size-medium wp-image-5728\" src=\"https:\/\/blogsaverroes.juntadeandalucia.es\/verainqueclase\/files\/2025\/08\/juego-silabas-tonica-300x190.jpg\" alt=\"\" width=\"300\" height=\"190\"><\/a><\/td>\n<\/tr>\n<tr>\n<td><a href=\"https:\/\/wordwall.net\/es\/resource\/14180877\/familias-de-palabras\"><img decoding=\"async\" class=\"aligncenter\" src=\"https:\/\/blogsaverroes.juntadeandalucia.es\/verainqueclase\/files\/2021\/08\/juego-quiz-300x176.jpg\"><\/a><\/td>\n<td><a href=\"https:\/\/wordwall.net\/es\/resource\/2925688\/familias-de-palabras\"><img decoding=\"async\" class=\"aligncenter\" src=\"https:\/\/blogsaverroes.juntadeandalucia.es\/verainqueclase\/files\/2021\/10\/juego-familia-de-palabras-4-300x168.jpg\"><\/a><\/td>\n<td><a href=\"https:\/\/wordwall.net\/es\/resource\/16736105\/familias-de-palabras\"><img decoding=\"async\" class=\"aligncenter\" src=\"https:\/\/blogsaverroes.juntadeandalucia.es\/verainqueclase\/files\/2021\/10\/juego-familia-de-palabras-5-300x168.jpg\"><\/a><\/td>\n<\/tr>\n<tr class=\"alt\">\n<td><a href=\"https:\/\/wordwall.net\/es\/resource\/28596791\/palabras-derivadas\"><img loading=\"lazy\" decoding=\"async\" class=\"size-medium wp-image-5886 aligncenter\" src=\"https:\/\/blogsaverroes.juntadeandalucia.es\/verainqueclase\/files\/2025\/08\/juego-palabras-derivadas-3-300x175.jpg\" alt=\"\" width=\"300\" height=\"175\"><\/a><\/td>\n<td>&nbsp;<\/td>\n<td>&nbsp;<\/td>\n<\/tr>\n<\/tbody>\n<\/table>\n<h4><strong>PALABRAS CON -C- y -CC-<\/strong><\/h4>\n<table>\n<tbody>\n<tr>\n<td><a href=\"https:\/\/wordwall.net\/es\/resource\/52375239\/palabras-con-cc-\"><img loading=\"lazy\" decoding=\"async\" class=\"alignnone size-medium wp-image-5892\" src=\"https:\/\/blogsaverroes.juntadeandalucia.es\/verainqueclase\/files\/2025\/08\/juego-palabras-cc-300x175.jpg\" alt=\"\" width=\"300\" height=\"175\"><\/a><\/td>\n<td><a href=\"https:\/\/wordwall.net\/es\/resource\/54176274\/lengua-espa%c3%b1ola\/palabras-con-c-y-cc\"><img loading=\"lazy\" decoding=\"async\" class=\"alignnone size-medium wp-image-5893\" src=\"https:\/\/blogsaverroes.juntadeandalucia.es\/verainqueclase\/files\/2025\/08\/juego-palabras-cc-2-300x175.jpg\" alt=\"\" width=\"300\" height=\"175\"><\/a><\/td>\n<td>&nbsp;<\/td>\n<\/tr>\n<\/tbody>\n<\/table>\n<h4><strong>PALABRAS CON -R- y -RR-<\/strong><\/h4>\n<p><a href=\"https:\/\/view.genially.com\/68ffa6903381373c92278ebe\/horizontal-infographic-lists-la-r\"><img loading=\"lazy\" decoding=\"async\" class=\"\" src=\"https:\/\/blogsaverroes.juntadeandalucia.es\/verainqueclase\/files\/2021\/09\/genially-r-300x168.jpg\" width=\"793\" height=\"444\"><\/a><\/p>\n<table>\n<tbody>\n<tr class=\"alt\">\n<td><a href=\"https:\/\/wordwall.net\/es\/resource\/2829515\/ahorcado-de-la-r\"><img decoding=\"async\" src=\"https:\/\/blogsaverroes.juntadeandalucia.es\/verainqueclase\/files\/2021\/09\/juego-r-300x168.jpg\"><\/a><\/td>\n<td><a href=\"https:\/\/wordwall.net\/es\/resource\/10688996\/lengua\/la-letra-r\"><img decoding=\"async\" src=\"https:\/\/blogsaverroes.juntadeandalucia.es\/verainqueclase\/files\/2021\/09\/juego-r-2-300x168.jpg\"><\/a><\/td>\n<td><a href=\"https:\/\/wordwall.net\/es\/resource\/7912867\/r-fuerte\"><img decoding=\"async\" src=\"https:\/\/blogsaverroes.juntadeandalucia.es\/verainqueclase\/files\/2021\/09\/juego-r-3-300x168.jpg\"><\/a><\/td>\n<\/tr>\n<\/tbody>\n<\/table>\n<p>&nbsp;<\/p>\n","protected":false},"excerpt":{"rendered":"<p>Qu\u00e9 r\u00e1pido est\u00e1 pasando el curso. Ya hemos llegado a la unidad 11, en la que leeremos unos poemas para empezar a trabajar. Las frases hechas. Prosificaremos un poema. Recordaremos qu\u00e9 eran los caligramas. Aprenderemos qu\u00e9 son los lexemas y los morfemas. Veremos qu\u00e9 son las palabras primitivas y las palabras derivadas. En ortograf\u00eda usaremos &hellip; <\/p>\n<p><a class=\"more-link btn\" href=\"https:\/\/blogsaverroes.juntadeandalucia.es\/manuroca03\/u11_lc_5oep\/\">Seguir leyendo<\/a><\/p>\n","protected":false},"author":10452,"featured_media":0,"parent":0,"menu_order":0,"comment_status":"closed","ping_status":"closed","template":"","meta":{"ngg_post_thumbnail":0,"footnotes":""},"aioseo_notices":[],"_links":{"self":[{"href":"https:\/\/blogsaverroes.juntadeandalucia.es\/manuroca03\/wp-json\/wp\/v2\/pages\/1814"}],"collection":[{"href":"https:\/\/blogsaverroes.juntadeandalucia.es\/manuroca03\/wp-json\/wp\/v2\/pages"}],"about":[{"href":"https:\/\/blogsaverroes.juntadeandalucia.es\/manuroca03\/wp-json\/wp\/v2\/types\/page"}],"author":[{"embeddable":true,"href":"https:\/\/blogsaverroes.juntadeandalucia.es\/manuroca03\/wp-json\/wp\/v2\/users\/10452"}],"replies":[{"embeddable":true,"href":"https:\/\/blogsaverroes.juntadeandalucia.es\/manuroca03\/wp-json\/wp\/v2\/comments?post=1814"}],"version-history":[{"count":5,"href":"https:\/\/blogsaverroes.juntadeandalucia.es\/manuroca03\/wp-json\/wp\/v2\/pages\/1814\/revisions"}],"predecessor-version":[{"id":2196,"href":"https:\/\/blogsaverroes.juntadeandalucia.es\/manuroca03\/wp-json\/wp\/v2\/pages\/1814\/revisions\/2196"}],"wp:attachment":[{"href":"https:\/\/blogsaverroes.juntadeandalucia.es\/manuroca03\/wp-json\/wp\/v2\/media?parent=1814"}],"curies":[{"name":"wp","href":"https:\/\/api.w.org\/{rel}","templated":true}]}}