{"id":1848,"date":"2024-09-16T16:59:21","date_gmt":"2024-09-16T16:59:21","guid":{"rendered":"https:\/\/blogsaverroes.juntadeandalucia.es\/manuroca03\/?page_id=1848"},"modified":"2024-12-07T10:29:52","modified_gmt":"2024-12-07T10:29:52","slug":"u1_lc_6oep","status":"publish","type":"page","link":"https:\/\/blogsaverroes.juntadeandalucia.es\/manuroca03\/u1_lc_6oep\/","title":{"rendered":"LC6\u00baU1.Todas las miradas todas las voces."},"content":{"rendered":"<p>\u00a1Madre m\u00eda, ya estamos en 6\u00ba curso!, \u00a1C\u00f3mo pasa el tiempo!&nbsp; Si te quedas por aqu\u00ed aprender\u00e1s muchas cosas:<\/p>\n<ul>\n<li>Diferencia entre Lenguaje Verbal y&nbsp; No Verbal.<\/li>\n<li>El sentido literal y el sentido figurado del lenguaje. Las frases hechas.<\/li>\n<li>Los usos formales y coloquiales de la lengua.<\/li>\n<li>El texto y sus propiedades.<\/li>\n<li>La comunicaci\u00f3n y sus elementos.<\/li>\n<li>Reglas generales de acentuaci\u00f3n.<\/li>\n<\/ul>\n<h4><strong>LENGUAJE VERBAL Y LENGUAJE NO VERBAL<\/strong><\/h4>\n<p><a href=\"https:\/\/view.genially.com\/612f86a174ba560dd20d61c8\/horizontal-infographic-lists-lenguaje-verbal-y-no-verbal\"><img loading=\"lazy\" decoding=\"async\" class=\"\" src=\"https:\/\/blogsaverroes.juntadeandalucia.es\/verainqueclase\/files\/2021\/09\/genially-lenguaje-verbal-no-verbal-300x168.jpg\" width=\"884\" height=\"495\"><\/a><\/p>\n<table>\n<tbody>\n<tr>\n<td><a href=\"https:\/\/www.mundoprimaria.com\/juegos-educativos\/juegos-lenguaje\/juego-comunicacion-no-verbal\"><img decoding=\"async\" src=\"https:\/\/blogsaverroes.juntadeandalucia.es\/verainqueclase\/files\/2021\/09\/juego-verbal-no-verbal-300x168.jpg\"><\/a><\/td>\n<td>&nbsp;<\/td>\n<td>&nbsp;<\/td>\n<\/tr>\n<\/tbody>\n<\/table>\n<h4><strong>SENTIDO LITERAL Y SENTIDO FIGURADO. LAS FRASES HECHAS<\/strong><\/h4>\n<p><a href=\"https:\/\/view.genially.com\/66d89d64131d4e9b0190dc5d\/interactive-content-61-sentido-literal-y-figurado-frases-hechas\"><img loading=\"lazy\" decoding=\"async\" class=\"alignnone wp-image-4892\" src=\"https:\/\/blogsaverroes.juntadeandalucia.es\/verainqueclase\/files\/2024\/09\/genially-sentidos-y-frases-hechas-300x167.jpg\" alt=\"\" width=\"902\" height=\"502\"><\/a><\/p>\n<table>\n<tbody>\n<tr>\n<td><a href=\"https:\/\/www.mundoprimaria.com\/juegos-educativos\/jueg-len-voc-51\"><img loading=\"lazy\" decoding=\"async\" class=\"alignnone size-medium wp-image-4889\" src=\"https:\/\/blogsaverroes.juntadeandalucia.es\/verainqueclase\/files\/2024\/09\/juego-sentido-literal-y-figurado-300x167.jpg\" alt=\"\" width=\"300\" height=\"167\"><\/a><\/td>\n<td><a href=\"https:\/\/www.mundoprimaria.com\/juegos-educativos\/jueg-len-voc-52\"><img loading=\"lazy\" decoding=\"async\" class=\"alignnone size-medium wp-image-4890\" src=\"https:\/\/blogsaverroes.juntadeandalucia.es\/verainqueclase\/files\/2024\/09\/juego-frases-hechas-300x167.jpg\" alt=\"\" width=\"300\" height=\"167\"><\/a><\/td>\n<td><a href=\"https:\/\/www.mundoprimaria.com\/juegos-educativos\/juegos-lenguaje\/juego-frases-hechas\"><img decoding=\"async\" src=\"https:\/\/blogsaverroes.juntadeandalucia.es\/verainqueclase\/files\/2021\/09\/juego-frases-300x150.jpg\"><\/a><\/td>\n<\/tr>\n<tr>\n<td><a href=\"https:\/\/wordwall.net\/es\/resource\/1631060\/frases-hechas\/frases-hechas-castellano\"><img decoding=\"async\" src=\"https:\/\/blogsaverroes.juntadeandalucia.es\/verainqueclase\/files\/2021\/08\/juego-quiz-300x176.jpg\"><\/a><\/td>\n<td><a href=\"https:\/\/wordwall.net\/es\/resource\/16463764\/frases-hechas\"><img decoding=\"async\" src=\"https:\/\/blogsaverroes.juntadeandalucia.es\/verainqueclase\/files\/2021\/09\/juego-frases-2-300x150.jpg\"><\/a><\/td>\n<td><a href=\"https:\/\/wordwall.net\/es\/resource\/2277048\/frases-hechas-comidas\"><img decoding=\"async\" src=\"https:\/\/blogsaverroes.juntadeandalucia.es\/verainqueclase\/files\/2021\/08\/juego-quiz-300x176.jpg\"><\/a><\/td>\n<\/tr>\n<tr>\n<td><a href=\"https:\/\/wordwall.net\/es\/resource\/13946027\/ahorcado-frases-hechas\"><img decoding=\"async\" src=\"https:\/\/blogsaverroes.juntadeandalucia.es\/verainqueclase\/files\/2021\/09\/juego-frases-3-300x150.jpg\"><\/a><\/td>\n<td><a href=\"https:\/\/www.mundoprimaria.com\/juegos-educativos\/juegos-lenguaje\/juego-significado-colores#google_vignette\"><img decoding=\"async\" src=\"https:\/\/blogsaverroes.juntadeandalucia.es\/verainqueclase\/files\/2020\/12\/mundo-colores-300x162.jpg\"><\/a><\/td>\n<td><a href=\"https:\/\/view.genially.com\/5e7e310faafed90da9a0526f\/learning-experience-didactic-unit-las-frases-hechas-instaprofes\"><img decoding=\"async\" src=\"https:\/\/blogsaverroes.juntadeandalucia.es\/verainqueclase\/files\/2020\/12\/genially-frases-hechas-300x162.jpg\"><\/a><\/td>\n<\/tr>\n<tr>\n<td><a href=\"https:\/\/www.mundoprimaria.com\/juegos-educativos\/jueg-len-voc-52\"><img decoding=\"async\" src=\"https:\/\/blogsaverroes.juntadeandalucia.es\/verainqueclase\/files\/2022\/08\/juego-frases-hechas-300x165.jpg\"><\/a><\/td>\n<td>&nbsp;<\/td>\n<td>&nbsp;<\/td>\n<\/tr>\n<\/tbody>\n<\/table>\n<h4><strong>USOS FORMALES Y COLOQUIALES DE LA LENGUA.<\/strong><\/h4>\n<p>Usamos la lengua para comunicarnos. Dependiendo de la situaci\u00f3n donde estemos, usaremos una lengua formal o una lengua coloquial.<\/p>\n<p><a href=\"https:\/\/view.genially.com\/64663c5f2bf77300190a5380\/horizontal-infographic-lists-412-lengua-formal-vs-lengua-coloquial\"><img loading=\"lazy\" decoding=\"async\" class=\"\" src=\"https:\/\/blogsaverroes.juntadeandalucia.es\/verainqueclase\/files\/2023\/05\/genially-lengua-formal-y-coloquial-300x196.jpg\" width=\"762\" height=\"498\"><\/a><\/p>\n<h4><strong>ESCRIBO UN TEXTO CON TODAS SUS PROPIEDADES<\/strong><\/h4>\n<p><a href=\"https:\/\/view.genial.ly\/5f78efe473991b0cf573088d\/horizontal-infographic-lists-el-texto\"><img loading=\"lazy\" decoding=\"async\" class=\"alignnone wp-image-253\" src=\"https:\/\/blogsaverroes.juntadeandalucia.es\/verainqueclase\/files\/2020\/10\/El-texto-300x151.jpg\" alt=\"\" width=\"717\" height=\"361\"><\/a><\/p>\n<h4><strong>LA COMUNICACI\u00d3N<\/strong><\/h4>\n<h4><a href=\"https:\/\/view.genially.com\/6346b7902de19b0017ccfc63\/interactive-content-41-comunicacion\"><img loading=\"lazy\" decoding=\"async\" class=\"\" src=\"https:\/\/blogsaverroes.juntadeandalucia.es\/verainqueclase\/files\/2022\/10\/genially-comunicaci%C3%B3n-300x176.jpg\" width=\"963\" height=\"565\"><\/a><\/h4>\n<p>&nbsp;<\/p>\n<p><strong>REGLAS GENERALES DE ACENTUACI\u00d3N<\/strong><\/p>\n<p><a href=\"https:\/\/view.genially.com\/6107cc189600b60de4d5a9e6\/horizontal-infographic-lists-silaba-tonica\"><img loading=\"lazy\" decoding=\"async\" class=\"\" src=\"https:\/\/blogsaverroes.juntadeandalucia.es\/verainqueclase\/files\/2022\/07\/genially-palabras-agudas-llanas-y-esdr%C3%BAjulas-300x168.jpg\" width=\"898\" height=\"503\"><\/a><\/p>\n<table>\n<tbody>\n<tr>\n<td><a href=\"https:\/\/www.mundoprimaria.com\/juegos-educativos\/jueg-len-ort-73\"><img loading=\"lazy\" decoding=\"async\" class=\"alignnone size-medium wp-image-4899\" src=\"https:\/\/blogsaverroes.juntadeandalucia.es\/verainqueclase\/files\/2024\/09\/Juego-reglas-acentuacion-300x167.jpg\" alt=\"\" width=\"300\" height=\"167\"><\/a><\/td>\n<td><a href=\"https:\/\/www.mundoprimaria.com\/juegos-educativos\/jueg-len-ort-63\"><img loading=\"lazy\" decoding=\"async\" class=\"alignnone size-medium wp-image-4900\" src=\"https:\/\/blogsaverroes.juntadeandalucia.es\/verainqueclase\/files\/2024\/09\/Juego-reglas-acentuacion-2-300x167.jpg\" alt=\"\" width=\"300\" height=\"167\"><\/a><\/td>\n<td><a href=\"https:\/\/www.mundoprimaria.com\/juegos-educativos\/jueg-len-ort-62\"><img loading=\"lazy\" decoding=\"async\" class=\"alignnone size-medium wp-image-4901\" src=\"https:\/\/blogsaverroes.juntadeandalucia.es\/verainqueclase\/files\/2024\/09\/juego-acentos-300x167.jpg\" alt=\"\" width=\"300\" height=\"167\"><\/a><\/td>\n<\/tr>\n<tr>\n<td><a href=\"https:\/\/view.genially.com\/5c0d49bf63c61b0204a92d82\/interactive-content-1xespecial-una-noche-buena-de-muerte\"><img decoding=\"async\" src=\"https:\/\/blogsaverroes.juntadeandalucia.es\/verainqueclase\/files\/2020\/10\/Tildes-Sherlock-Ort-300x196.jpg\"><\/a><\/td>\n<td><a href=\"https:\/\/wordwall.net\/es\/resource\/2648227\/acentuaci%c3%b3n\"><img decoding=\"async\" src=\"https:\/\/blogsaverroes.juntadeandalucia.es\/verainqueclase\/files\/2020\/10\/tildes-caja-wordwall-300x156.jpg\"><\/a><\/td>\n<td><a href=\"https:\/\/view.genially.com\/5eb0341ed948e90d85cd14f2\/game-breakout-lengua\"><img decoding=\"async\" src=\"https:\/\/blogsaverroes.juntadeandalucia.es\/verainqueclase\/files\/2020\/10\/tildes-breakout-300x169.jpg\"><\/a><\/td>\n<\/tr>\n<tr>\n<td><a href=\"https:\/\/www.mundoprimaria.com\/juegos-educativos\/juegos-lenguaje\/juego-tilde\"><img decoding=\"async\" src=\"https:\/\/blogsaverroes.juntadeandalucia.es\/verainqueclase\/files\/2022\/07\/juego-palabras-tildes-5-300x168.jpg\"><\/a><\/td>\n<td><a href=\"https:\/\/www.mundoprimaria.com\/juegos-educativos\/juegos-lenguaje\/juego-esdrujulas\"><img decoding=\"async\" src=\"https:\/\/blogsaverroes.juntadeandalucia.es\/verainqueclase\/files\/2022\/07\/juego-palabras-tildes-4-300x168.jpg\"><\/a><\/td>\n<td><a href=\"https:\/\/www.mundoprimaria.com\/juegos-educativos\/juegos-lenguaje\/juego-llanas\"><img decoding=\"async\" src=\"https:\/\/blogsaverroes.juntadeandalucia.es\/verainqueclase\/files\/2022\/07\/juego-palabras-tildes-3-300x168.jpg\"><\/a><\/td>\n<\/tr>\n<tr>\n<td><a href=\"https:\/\/view.genially.com\/5bbf85fb3292ef649e9c13b4\/interactive-content-acentuacion-de-palabras\"><img decoding=\"async\" src=\"https:\/\/blogsaverroes.juntadeandalucia.es\/verainqueclase\/files\/2020\/10\/tildes-laberinto-300x169.jpg\"><\/a><\/td>\n<td><a href=\"https:\/\/www.mundoprimaria.com\/juegos-educativos\/juegos-lenguaje\/juego-agudas\"><img decoding=\"async\" src=\"https:\/\/blogsaverroes.juntadeandalucia.es\/verainqueclase\/files\/2022\/07\/juego-palabras-tildes-2-300x168.jpg\"><\/a><\/td>\n<td><a href=\"https:\/\/view.genially.com\/5d91d9adb030800f4e01f17d\"><img decoding=\"async\" src=\"https:\/\/blogsaverroes.juntadeandalucia.es\/verainqueclase\/files\/2022\/07\/juego-agudas-llanas-300x168.jpg\"><\/a><\/td>\n<\/tr>\n<\/tbody>\n<\/table>\n<p>&nbsp;<\/p>\n","protected":false},"excerpt":{"rendered":"<p>\u00a1Madre m\u00eda, ya estamos en 6\u00ba curso!, \u00a1C\u00f3mo pasa el tiempo!&nbsp; Si te quedas por aqu\u00ed aprender\u00e1s muchas cosas: Diferencia entre Lenguaje Verbal y&nbsp; No Verbal. El sentido literal y el sentido figurado del lenguaje. Las frases hechas. Los usos formales y coloquiales de la lengua. El texto y sus propiedades. La comunicaci\u00f3n y sus &hellip; <\/p>\n<p><a class=\"more-link btn\" href=\"https:\/\/blogsaverroes.juntadeandalucia.es\/manuroca03\/u1_lc_6oep\/\">Seguir leyendo<\/a><\/p>\n","protected":false},"author":10452,"featured_media":0,"parent":0,"menu_order":0,"comment_status":"closed","ping_status":"closed","template":"","meta":{"ngg_post_thumbnail":0,"footnotes":""},"aioseo_notices":[],"_links":{"self":[{"href":"https:\/\/blogsaverroes.juntadeandalucia.es\/manuroca03\/wp-json\/wp\/v2\/pages\/1848"}],"collection":[{"href":"https:\/\/blogsaverroes.juntadeandalucia.es\/manuroca03\/wp-json\/wp\/v2\/pages"}],"about":[{"href":"https:\/\/blogsaverroes.juntadeandalucia.es\/manuroca03\/wp-json\/wp\/v2\/types\/page"}],"author":[{"embeddable":true,"href":"https:\/\/blogsaverroes.juntadeandalucia.es\/manuroca03\/wp-json\/wp\/v2\/users\/10452"}],"replies":[{"embeddable":true,"href":"https:\/\/blogsaverroes.juntadeandalucia.es\/manuroca03\/wp-json\/wp\/v2\/comments?post=1848"}],"version-history":[{"count":6,"href":"https:\/\/blogsaverroes.juntadeandalucia.es\/manuroca03\/wp-json\/wp\/v2\/pages\/1848\/revisions"}],"predecessor-version":[{"id":1902,"href":"https:\/\/blogsaverroes.juntadeandalucia.es\/manuroca03\/wp-json\/wp\/v2\/pages\/1848\/revisions\/1902"}],"wp:attachment":[{"href":"https:\/\/blogsaverroes.juntadeandalucia.es\/manuroca03\/wp-json\/wp\/v2\/media?parent=1848"}],"curies":[{"name":"wp","href":"https:\/\/api.w.org\/{rel}","templated":true}]}}