{"id":1851,"date":"2024-09-16T16:59:48","date_gmt":"2024-09-16T16:59:48","guid":{"rendered":"https:\/\/blogsaverroes.juntadeandalucia.es\/manuroca03\/?page_id=1851"},"modified":"2024-09-16T21:38:05","modified_gmt":"2024-09-16T21:38:05","slug":"u1_mt_6oep","status":"publish","type":"page","link":"https:\/\/blogsaverroes.juntadeandalucia.es\/manuroca03\/u1_mt_6oep\/","title":{"rendered":"MT6\u00baU1. S\u00famate a la vida."},"content":{"rendered":"<p>Ya estamos en 6\u00ba curso, en la primera unidad de matem\u00e1ticas recordaremos un mont\u00f3n de cosas:<\/p>\n<ul>\n<li>Sistema de numeraci\u00f3n decimal.<\/li>\n<li>Operaciones b\u00e1sicas.<\/li>\n<li>Operaciones combinadas.<\/li>\n<li>N\u00fameros positivos y n\u00fameros negativos.<\/li>\n<li>Coordenadas cartesianas.<\/li>\n<li>Descifro c\u00f3digos (n\u00fameros romanos).<\/li>\n<\/ul>\n<h4><strong>1.- EL SISTEMA DE NUMERACI\u00d3N DECIMAL<\/strong><\/h4>\n<p><a href=\"https:\/\/view.genially.com\/66db09ff7181350098ef719d\/interactive-content-61-los-numeros-de-8-cifras\"><img loading=\"lazy\" decoding=\"async\" class=\"alignnone wp-image-4943\" src=\"https:\/\/blogsaverroes.juntadeandalucia.es\/verainqueclase\/files\/2024\/09\/genially-numeros-de-hasta-9-cifras-300x164.jpg\" alt=\"\" width=\"907\" height=\"496\"><\/a><\/p>\n<table>\n<tbody>\n<tr>\n<td><a href=\"https:\/\/view.genially.com\/5e7e0fae3eb3280e67af23c3\/game-ruletaci\"><img decoding=\"async\" src=\"https:\/\/blogsaverroes.juntadeandalucia.es\/verainqueclase\/files\/2020\/10\/ruleta-numeraci%C3%B3n-300x165.jpg\"><\/a><\/td>\n<td><a href=\"https:\/\/view.genial.ly\/5bd895f7429dc211d9d1c9b6\/interactive-content-laberinto-descomposicion\"><img decoding=\"async\" src=\"https:\/\/blogsaverroes.juntadeandalucia.es\/verainqueclase\/files\/2020\/10\/descomposici%C3%B3n-300x167.jpg\"><\/a><\/td>\n<td><a href=\"https:\/\/www.mundoprimaria.com\/juegos-educativos\/juegos-matematicas\/millon-siete-5o-10\"><img loading=\"lazy\" decoding=\"async\" class=\"\" src=\"https:\/\/blogsaverroes.juntadeandalucia.es\/verainqueclase\/files\/2020\/10\/juego-n%C3%BAmeros-de-7-cifras-300x236.jpg\" width=\"172\" height=\"135\"><\/a><\/td>\n<\/tr>\n<tr>\n<td><a href=\"https:\/\/view.genial.ly\/5e8f3bfafba9d40d9e37b9ae\/game-breakout-numeracion\"><img loading=\"lazy\" decoding=\"async\" class=\"alignnone size-medium wp-image-338\" src=\"https:\/\/blogsaverroes.juntadeandalucia.es\/verainqueclase\/files\/2020\/10\/vacuna-perdida-300x167.jpg\" alt=\"\" width=\"300\" height=\"167\"><\/a><\/td>\n<td><a href=\"https:\/\/www.mundoprimaria.com\/juegos-educativos\/juegos-matematicas\/descomposicion-numeros-decimales-5o-juego-03\"><img loading=\"lazy\" decoding=\"async\" class=\"alignnone wp-image-587\" src=\"https:\/\/blogsaverroes.juntadeandalucia.es\/verainqueclase\/files\/2020\/10\/juego-descomposici%C3%B3n-de-n%C3%BAmeros-300x236.jpg\" alt=\"\" width=\"181\" height=\"143\"><\/a><\/td>\n<td><a href=\"https:\/\/wordwall.net\/es\/resource\/2121762\"><img loading=\"lazy\" decoding=\"async\" class=\"alignnone size-medium wp-image-4949\" src=\"https:\/\/blogsaverroes.juntadeandalucia.es\/verainqueclase\/files\/2024\/09\/juego-millones-300x164.jpg\" alt=\"\" width=\"300\" height=\"164\"><\/a><\/td>\n<\/tr>\n<tr>\n<td><a href=\"https:\/\/wordwall.net\/es\/resource\/11490830\"><img loading=\"lazy\" decoding=\"async\" class=\"alignnone size-medium wp-image-4950\" src=\"https:\/\/blogsaverroes.juntadeandalucia.es\/verainqueclase\/files\/2024\/09\/juego-millones-2-300x164.jpg\" alt=\"\" width=\"300\" height=\"164\"><\/a><\/td>\n<td><a href=\"https:\/\/wordwall.net\/es\/resource\/11948310\"><img loading=\"lazy\" decoding=\"async\" class=\"alignnone size-medium wp-image-4951\" src=\"https:\/\/blogsaverroes.juntadeandalucia.es\/verainqueclase\/files\/2024\/09\/juego-millones-3-300x164.jpg\" alt=\"\" width=\"300\" height=\"164\"><\/a><\/td>\n<td><a href=\"https:\/\/wordwall.net\/es\/resource\/18027844\"><img loading=\"lazy\" decoding=\"async\" class=\"alignnone size-medium wp-image-4952\" src=\"https:\/\/blogsaverroes.juntadeandalucia.es\/verainqueclase\/files\/2024\/09\/juego-millones-4-300x164.jpg\" alt=\"\" width=\"300\" height=\"164\"><\/a><\/td>\n<\/tr>\n<tr>\n<td>&nbsp;<\/td>\n<td>&nbsp;<\/td>\n<td>&nbsp;<\/td>\n<\/tr>\n<\/tbody>\n<\/table>\n<h4><strong>OPERACIONES B\u00c1SICAS<\/strong><\/h4>\n<p><a href=\"https:\/\/view.genially.com\/5d8cafed7a928d0f87e1dbe1\/learning-experience-challenges-mates-divertidas-u1\"><img loading=\"lazy\" decoding=\"async\" class=\"\" src=\"https:\/\/blogsaverroes.juntadeandalucia.es\/verainqueclase\/files\/2020\/10\/genially-tiza-300x151.jpg\" width=\"848\" height=\"427\"><\/a><\/p>\n<div class=\"fluid-width-video-wrapper\"><iframe src=\"https:\/\/www.youtube.com\/embed\/PnhHDuBqsuY?t=2s\"><\/iframe><\/div>\n<table>\n<tbody>\n<tr>\n<td><a href=\"https:\/\/view.genial.ly\/5be369107864200f103c2833\/interactive-content-cifras-y-letras\"><img loading=\"lazy\" decoding=\"async\" class=\"alignnone size-medium wp-image-335\" src=\"https:\/\/blogsaverroes.juntadeandalucia.es\/verainqueclase\/files\/2020\/10\/cifras-y-letras-300x167.jpg\" alt=\"\" width=\"300\" height=\"167\"><\/a><\/td>\n<td><a href=\"https:\/\/www.mundoprimaria.com\/juegos-educativos\/juegos-matematicas\/mult-num-2-cifras\"><img loading=\"lazy\" decoding=\"async\" class=\"alignnone wp-image-593\" src=\"https:\/\/blogsaverroes.juntadeandalucia.es\/verainqueclase\/files\/2020\/10\/juego-multiplicaciones-300x236.jpg\" alt=\"\" width=\"168\" height=\"133\"><\/a><\/td>\n<td><a href=\"https:\/\/www.mundoprimaria.com\/juegos-educativos\/juegos-matematicas\/mult-num-2-cifras-2\"><img loading=\"lazy\" decoding=\"async\" class=\"\" src=\"https:\/\/blogsaverroes.juntadeandalucia.es\/verainqueclase\/files\/2020\/10\/juego-multiplicaciones-2-300x236.jpg\" width=\"166\" height=\"130\"><\/a><\/td>\n<\/tr>\n<tr>\n<td><img decoding=\"async\" src=\"https:\/\/blogsaverroes.juntadeandalucia.es\/verainqueclase\/files\/2020\/10\/laberinto-divisiones-y-restas-300x169.jpg\"><\/td>\n<td><a href=\"https:\/\/view.genial.ly\/5be3465e7864200f103bf247\/interactive-content-divisiones-de-2-y-3-cifras\"><img loading=\"lazy\" decoding=\"async\" class=\"alignnone wp-image-388\" src=\"https:\/\/blogsaverroes.juntadeandalucia.es\/verainqueclase\/files\/2020\/10\/laberinto-divisiones-300x169.jpg\" alt=\"\" width=\"211\" height=\"120\"><\/a><\/td>\n<td><img loading=\"lazy\" decoding=\"async\" class=\"\" src=\"https:\/\/blogsaverroes.juntadeandalucia.es\/verainqueclase\/files\/2020\/10\/juego-divisiones-2-300x236.jpg\" width=\"166\" height=\"130\"><\/td>\n<\/tr>\n<tr>\n<td><img loading=\"lazy\" decoding=\"async\" class=\"\" src=\"https:\/\/blogsaverroes.juntadeandalucia.es\/verainqueclase\/files\/2020\/10\/juego-divisiones-3-300x236.jpg\" width=\"183\" height=\"144\"><\/td>\n<td><a href=\"https:\/\/www.mundoprimaria.com\/juegos-educativos\/juegos-matematicas\/division-3-cifras\"><img loading=\"lazy\" decoding=\"async\" class=\"\" src=\"https:\/\/blogsaverroes.juntadeandalucia.es\/verainqueclase\/files\/2020\/10\/juego-divisiones-300x236.jpg\" width=\"187\" height=\"147\"><\/a><\/td>\n<td>&nbsp;<\/td>\n<\/tr>\n<\/tbody>\n<\/table>\n<h4><strong>OPERACIONES COMBINADAS<\/strong><\/h4>\n<p><a href=\"https:\/\/view.genial.ly\/5f845d4b4977856eccca49cb\/horizontal-infographic-diagrams-genially-sin-titulo\"><img loading=\"lazy\" decoding=\"async\" class=\"\" src=\"https:\/\/blogsaverroes.juntadeandalucia.es\/verainqueclase\/files\/2020\/10\/jerarquia-operaciones-genially-300x171.jpg\" width=\"937\" height=\"534\"><\/a><\/p>\n<table>\n<tbody>\n<tr>\n<td><a href=\"https:\/\/view.genial.ly\/5bb63e4043bd245e044fc69c\/interactive-content-jerarquia-de-operaciones\"><img decoding=\"async\" src=\"https:\/\/blogsaverroes.juntadeandalucia.es\/verainqueclase\/files\/2020\/10\/Operaciones-combinadas-2-300x156.jpg\"><\/a><\/td>\n<td><a href=\"https:\/\/view.genial.ly\/5c1242e3cd013556bbbc9564\/interactive-content-operaciones-combinadas-nestor-vb\"><img decoding=\"async\" src=\"https:\/\/blogsaverroes.juntadeandalucia.es\/verainqueclase\/files\/2020\/10\/Operaciones-combinadas-300x156.jpg\"><\/a><\/td>\n<td><a href=\"https:\/\/wordwall.net\/es\/resource\/37007132\/matem%c3%a1ticas\/operaciones-combinadas\"><img loading=\"lazy\" decoding=\"async\" class=\"alignnone size-medium wp-image-4959\" src=\"https:\/\/blogsaverroes.juntadeandalucia.es\/verainqueclase\/files\/2024\/09\/juego-operaciones-combinadas-300x164.jpg\" alt=\"\" width=\"300\" height=\"164\"><\/a><\/td>\n<\/tr>\n<\/tbody>\n<\/table>\n<h4><strong>N\u00daMEROS POSITIVOS Y N\u00daMEROS NEGATIVOS<\/strong><\/h4>\n<p><a href=\"https:\/\/view.genially.com\/66db19c673adda117cb349cf\/interactive-content-61-los-numeros-enteros\"><img loading=\"lazy\" decoding=\"async\" class=\"alignnone wp-image-4966\" src=\"https:\/\/blogsaverroes.juntadeandalucia.es\/verainqueclase\/files\/2024\/09\/genially-numeros-enteros-300x164.jpg\" alt=\"\" width=\"913\" height=\"499\"><\/a><\/p>\n<table>\n<tbody>\n<tr>\n<td><a href=\"https:\/\/wordwall.net\/es\/resource\/19810317\/numeros-positivos-y-negativos\"><img loading=\"lazy\" decoding=\"async\" class=\"alignnone size-medium wp-image-4960\" src=\"https:\/\/blogsaverroes.juntadeandalucia.es\/verainqueclase\/files\/2024\/09\/juego-numeros-positivos-y-negativos-300x164.jpg\" alt=\"\" width=\"300\" height=\"164\"><\/a><\/td>\n<td><a href=\"https:\/\/wordwall.net\/es\/resource\/12994896\/n%C3%BAmeros-negativos-y-positivos\"><img loading=\"lazy\" decoding=\"async\" class=\"alignnone size-medium wp-image-4961\" src=\"https:\/\/blogsaverroes.juntadeandalucia.es\/verainqueclase\/files\/2024\/09\/juego-numeros-positivos-y-negativos-2-300x164.jpg\" alt=\"\" width=\"300\" height=\"164\"><\/a><\/td>\n<td><a href=\"https:\/\/www.cokitos.com\/comparar-enteros-en-la-recta-numerica\/\"><img loading=\"lazy\" decoding=\"async\" class=\"alignnone size-medium wp-image-4965\" src=\"https:\/\/blogsaverroes.juntadeandalucia.es\/verainqueclase\/files\/2024\/09\/juego-numeros-positivos-y-negativos-3-300x164.jpg\" alt=\"\" width=\"300\" height=\"164\"><\/a><\/td>\n<\/tr>\n<tr>\n<td><a href=\"https:\/\/view.genially.com\/5c81861bc38e990425fdc19a\/game-breakout-en-busca-de-los-numeros-enteros-carlos-garrido\"><img decoding=\"async\" src=\"https:\/\/blogsaverroes.juntadeandalucia.es\/verainqueclase\/files\/2020\/10\/juego-n%C3%BAmeros-enteros-300x168.jpg\"><\/a><\/td>\n<td><a href=\"https:\/\/view.genially.com\/5da6d01419ccae0f6ecc00fd\/interactive-content-10rm-el-juego-de-los-enteros\"><img decoding=\"async\" src=\"https:\/\/blogsaverroes.juntadeandalucia.es\/verainqueclase\/files\/2020\/10\/juego-n%C3%BAmeros-enteros-2-300x168.jpg\"><\/a><\/td>\n<td><a href=\"https:\/\/view.genially.com\/5cf4a66d4a64dd0f335cfb39\/game-numeros-enteros\"><img decoding=\"async\" src=\"https:\/\/blogsaverroes.juntadeandalucia.es\/verainqueclase\/files\/2020\/10\/juego-n%C3%BAmeros-enteros-3-300x168.jpg\"><\/a><\/td>\n<\/tr>\n<tr>\n<td><a href=\"https:\/\/www.mundoprimaria.com\/juegos-educativos\/juegos-matematicas\/num-posi-neg-6o-04#google_vignette\"><img loading=\"lazy\" decoding=\"async\" class=\"\" src=\"https:\/\/blogsaverroes.juntadeandalucia.es\/verainqueclase\/files\/2020\/10\/juego-n%C3%BAmeros-enteros-4-300x243.jpg\" width=\"180\" height=\"146\"><\/a><\/td>\n<td><a href=\"https:\/\/www.mundoprimaria.com\/juegos-educativos\/juegos-matematicas\/num-posi-neg-6o-07\"><img loading=\"lazy\" decoding=\"async\" class=\"\" src=\"https:\/\/blogsaverroes.juntadeandalucia.es\/verainqueclase\/files\/2020\/10\/juego-n%C3%BAmeros-enteros-5-300x243.jpg\" width=\"171\" height=\"138\"><\/a><\/td>\n<td>&nbsp;<\/td>\n<\/tr>\n<\/tbody>\n<\/table>\n<h4><strong>COORDENADAS CARTESIANAS<\/strong><\/h4>\n<p><a href=\"https:\/\/view.genially.com\/66db1f6e4223d23e0e271f13\/interactive-content-61-coordenadas-cartesianas\"><img loading=\"lazy\" decoding=\"async\" class=\"alignnone wp-image-4969\" src=\"https:\/\/blogsaverroes.juntadeandalucia.es\/verainqueclase\/files\/2024\/09\/genially-cartesianas-300x164.jpg\" alt=\"\" width=\"911\" height=\"498\"><\/a><\/p>\n<table>\n<tbody>\n<tr>\n<td><a href=\"https:\/\/view.genially.com\/5ddb910183e23a0faa51fd85\/interactive-content-juego-coordenadas-en-busca-de-los-cristales-matematicas\"><img loading=\"lazy\" decoding=\"async\" class=\"\" src=\"https:\/\/blogsaverroes.juntadeandalucia.es\/verainqueclase\/files\/2020\/10\/juego-coordenadas-300x223.jpg\" width=\"172\" height=\"128\"><\/a><\/td>\n<td><a href=\"https:\/\/view.genially.com\/5c5a7bdaa9e79373d7f3aa62\/interactive-content-coordenadas\"><img decoding=\"async\" src=\"https:\/\/blogsaverroes.juntadeandalucia.es\/verainqueclase\/files\/2020\/12\/juego-coordenadas-cartesianas-300x165.jpg\"><\/a><\/td>\n<td><a href=\"https:\/\/www.mundoprimaria.com\/juegos-educativos\/juegos-matematicas\/juego-coordenadas-cartesianas\"><img decoding=\"async\" src=\"https:\/\/blogsaverroes.juntadeandalucia.es\/verainqueclase\/files\/2020\/12\/mundo-coordenadas-300x187.jpg\"><\/a><\/td>\n<\/tr>\n<tr>\n<td><a href=\"https:\/\/www.mundoprimaria.com\/juegos-educativos\/jueg-mat-geo-49\"><img loading=\"lazy\" decoding=\"async\" class=\"alignnone size-medium wp-image-4971\" src=\"https:\/\/blogsaverroes.juntadeandalucia.es\/verainqueclase\/files\/2024\/09\/juego-coordenadas-300x164.jpg\" alt=\"\" width=\"300\" height=\"164\"><\/a><\/td>\n<td>&nbsp;<\/td>\n<td>&nbsp;<\/td>\n<\/tr>\n<\/tbody>\n<\/table>\n<h4><strong>DESCIFRO C\u00d3DIGOS<\/strong><\/h4>\n<p><a href=\"https:\/\/view.genial.ly\/5f81f0feb925a10d68ce4482\/horizontal-infographic-maps-los-numeros-romanos\"><img loading=\"lazy\" decoding=\"async\" class=\"alignnone wp-image-325\" src=\"https:\/\/blogsaverroes.juntadeandalucia.es\/verainqueclase\/files\/2020\/10\/numeros-romanos-300x169.jpg\" alt=\"\" width=\"637\" height=\"359\"><\/a><\/p>\n<table>\n<tbody>\n<tr>\n<td><a href=\"https:\/\/www.mundoprimaria.com\/juegos-educativos\/juegos-matematicas\/juego-numeros-romanos-4o-juego-19\"><img loading=\"lazy\" decoding=\"async\" class=\"alignnone wp-image-592\" src=\"https:\/\/blogsaverroes.juntadeandalucia.es\/verainqueclase\/files\/2020\/10\/juego-numeros-romanos-300x236.jpg\" alt=\"\" width=\"177\" height=\"139\"><\/a><\/td>\n<td><a href=\"https:\/\/view.genial.ly\/5c86b0fec38e990425050d07\/presentation-bingo-de-numeros-romanos\"><img loading=\"lazy\" decoding=\"async\" class=\"alignnone wp-image-327\" src=\"https:\/\/blogsaverroes.juntadeandalucia.es\/verainqueclase\/files\/2020\/10\/bingo-numeros-romanos-300x169.jpg\" alt=\"\" width=\"644\" height=\"363\"><\/a><\/td>\n<td><a href=\"https:\/\/www.mundoprimaria.com\/juegos-educativos\/juegos-matematicas\/num-romanos-3o-juego-01\"><img loading=\"lazy\" decoding=\"async\" class=\"alignnone size-medium wp-image-4974\" src=\"https:\/\/blogsaverroes.juntadeandalucia.es\/verainqueclase\/files\/2024\/09\/juegos-numeros-romanos-300x164.jpg\" alt=\"\" width=\"300\" height=\"164\"><\/a><\/td>\n<\/tr>\n<\/tbody>\n<\/table>\n","protected":false},"excerpt":{"rendered":"<p>Ya estamos en 6\u00ba curso, en la primera unidad de matem\u00e1ticas recordaremos un mont\u00f3n de cosas: Sistema de numeraci\u00f3n decimal. Operaciones b\u00e1sicas. Operaciones combinadas. N\u00fameros positivos y n\u00fameros negativos. Coordenadas cartesianas. Descifro c\u00f3digos (n\u00fameros romanos). 1.- EL SISTEMA DE NUMERACI\u00d3N DECIMAL &nbsp; &nbsp; &nbsp; OPERACIONES B\u00c1SICAS &nbsp; OPERACIONES COMBINADAS N\u00daMEROS POSITIVOS Y N\u00daMEROS NEGATIVOS &nbsp; &hellip; <\/p>\n<p><a class=\"more-link btn\" href=\"https:\/\/blogsaverroes.juntadeandalucia.es\/manuroca03\/u1_mt_6oep\/\">Seguir leyendo<\/a><\/p>\n","protected":false},"author":10452,"featured_media":0,"parent":0,"menu_order":0,"comment_status":"closed","ping_status":"closed","template":"","meta":{"ngg_post_thumbnail":0,"footnotes":""},"aioseo_notices":[],"_links":{"self":[{"href":"https:\/\/blogsaverroes.juntadeandalucia.es\/manuroca03\/wp-json\/wp\/v2\/pages\/1851"}],"collection":[{"href":"https:\/\/blogsaverroes.juntadeandalucia.es\/manuroca03\/wp-json\/wp\/v2\/pages"}],"about":[{"href":"https:\/\/blogsaverroes.juntadeandalucia.es\/manuroca03\/wp-json\/wp\/v2\/types\/page"}],"author":[{"embeddable":true,"href":"https:\/\/blogsaverroes.juntadeandalucia.es\/manuroca03\/wp-json\/wp\/v2\/users\/10452"}],"replies":[{"embeddable":true,"href":"https:\/\/blogsaverroes.juntadeandalucia.es\/manuroca03\/wp-json\/wp\/v2\/comments?post=1851"}],"version-history":[{"count":3,"href":"https:\/\/blogsaverroes.juntadeandalucia.es\/manuroca03\/wp-json\/wp\/v2\/pages\/1851\/revisions"}],"predecessor-version":[{"id":1861,"href":"https:\/\/blogsaverroes.juntadeandalucia.es\/manuroca03\/wp-json\/wp\/v2\/pages\/1851\/revisions\/1861"}],"wp:attachment":[{"href":"https:\/\/blogsaverroes.juntadeandalucia.es\/manuroca03\/wp-json\/wp\/v2\/media?parent=1851"}],"curies":[{"name":"wp","href":"https:\/\/api.w.org\/{rel}","templated":true}]}}