{"id":1854,"date":"2024-09-16T17:00:08","date_gmt":"2024-09-16T17:00:08","guid":{"rendered":"https:\/\/blogsaverroes.juntadeandalucia.es\/manuroca03\/?page_id=1854"},"modified":"2024-10-15T22:09:18","modified_gmt":"2024-10-15T22:09:18","slug":"u1_cm_6oep","status":"publish","type":"page","link":"https:\/\/blogsaverroes.juntadeandalucia.es\/manuroca03\/u1_cm_6oep\/","title":{"rendered":"CM6\u00baU1.Nos nutrimos de forma sana."},"content":{"rendered":"<p>Bienvenidos a la asignatura de Conocimiento del Medio en 6\u00ba Curso. Esta unidad 1 ya nos la sabemos porque repasaremos cosas como:<\/p>\n<ul>\n<li>Las c\u00e9lulas y la organizaci\u00f3n celular de los seres vivos.<\/li>\n<li>La funci\u00f3n de nutrici\u00f3n y los nutrientes.<\/li>\n<li>La alimentaci\u00f3n saludable.<\/li>\n<li>La digesti\u00f3n y el aparato digestivo.<\/li>\n<li>La respiraci\u00f3n y el aparato respiratorio.<\/li>\n<li>La circulaci\u00f3n y el aparato circulatorio.<\/li>\n<li>La excreci\u00f3n y el aparato excretor.<\/li>\n<\/ul>\n<h4><strong>\u00bfC\u00d3MO EST\u00c1 ORGANIZADO NUESTRO CUERPO?<\/strong><\/h4>\n<p><a href=\"https:\/\/view.genially.com\/66e870e259919e4df45885ee\/interactive-content-61-las-celulas\"><img loading=\"lazy\" decoding=\"async\" class=\"alignnone wp-image-5039\" src=\"https:\/\/blogsaverroes.juntadeandalucia.es\/verainqueclase\/files\/2024\/09\/genially-celulas-300x206.jpg\" alt=\"\" width=\"925\" height=\"635\"><\/a><\/p>\n<table>\n<tbody>\n<tr>\n<td><a href=\"https:\/\/www.mundoprimaria.com\/juegos-educativos\/jueg-natu-shs-27\"><img loading=\"lazy\" decoding=\"async\" class=\"alignnone size-medium wp-image-5042\" src=\"https:\/\/blogsaverroes.juntadeandalucia.es\/verainqueclase\/files\/2024\/09\/juego-funciones-vitales-300x206.jpg\" alt=\"\" width=\"300\" height=\"206\"><\/a><\/td>\n<td><a href=\"https:\/\/www.cerebriti.com\/juegos-de-ciencias\/partes-de-la-celula\"><img loading=\"lazy\" decoding=\"async\" class=\"alignnone size-medium wp-image-5043\" src=\"https:\/\/blogsaverroes.juntadeandalucia.es\/verainqueclase\/files\/2024\/09\/juego-las-celulas-300x206.jpg\" alt=\"\" width=\"300\" height=\"206\"><\/a><\/td>\n<td><a href=\"https:\/\/wordwall.net\/es\/resource\/3684144\/celulas\"><img decoding=\"async\" src=\"https:\/\/blogsaverroes.juntadeandalucia.es\/verainqueclase\/files\/2020\/10\/ahorcado-partes-celula-300x164.jpg\"><\/a><\/td>\n<\/tr>\n<tr>\n<td>&nbsp;<\/td>\n<td>&nbsp;<\/td>\n<td>&nbsp;<\/td>\n<\/tr>\n<\/tbody>\n<\/table>\n<h4><strong>\u00bfEN QU\u00c9 CONSISTE LA NUTRICI\u00d3N?<\/strong><\/h4>\n<p>La<strong>&nbsp;nutrici\u00f3n<\/strong>&nbsp;consiste en obtener los nutrientes que necesitamos para vivir, respirar, utilizar esas sustancias en nuestro cuerpo y expulsar los desechos que producimos.<\/p>\n<p>En la funci\u00f3n de nutrici\u00f3n intervienen el&nbsp;<strong>aparato digestivo, aparato respiratorio, aparato circulatorio y aparato excretor.<\/strong><\/p>\n<p><a href=\"https:\/\/view.genially.com\/60fec3735825d50ddf886e63\/horizontal-infographic-timeline-funcion-de-nutricion-3o\"><img loading=\"lazy\" decoding=\"async\" class=\"\" src=\"https:\/\/blogsaverroes.juntadeandalucia.es\/verainqueclase\/files\/2021\/07\/genially-nutrici%C3%B3n-300x161.jpg\" width=\"995\" height=\"534\"><\/a><\/p>\n<p><a href=\"https:\/\/view.genially.com\/5fa0336d4a95b80d82de99fc\/horizontal-infographic-timeline-nutrientes\"><img loading=\"lazy\" decoding=\"async\" class=\"\" src=\"https:\/\/blogsaverroes.juntadeandalucia.es\/verainqueclase\/files\/2020\/11\/genially-nutrientes-300x168.jpg\" width=\"911\" height=\"510\"><\/a><\/p>\n<table>\n<tbody>\n<tr>\n<td><a href=\"https:\/\/view.genially.com\/6367d8882904730010a0dd74\/interactive-content-quiz-la-dieta\"><img decoding=\"async\" src=\"https:\/\/blogsaverroes.juntadeandalucia.es\/verainqueclase\/files\/2022\/11\/juego-dieta-300x168.jpg\"><\/a><\/td>\n<td><a href=\"https:\/\/www.mundoprimaria.com\/juegos-educativos\/jueg-natu-shs-32\"><img decoding=\"async\" src=\"https:\/\/blogsaverroes.juntadeandalucia.es\/verainqueclase\/files\/2023\/09\/juego-funcion-nutrici%C3%B3n-300x192.png\"><\/a><\/td>\n<td>&nbsp;<\/td>\n<\/tr>\n<tr>\n<td>&nbsp;<\/td>\n<td>&nbsp;<\/td>\n<td>&nbsp;<\/td>\n<\/tr>\n<\/tbody>\n<\/table>\n<h4><strong>\u00bfC\u00d3MO PODEMOS LLEVAR UNA ALIMENTACI\u00d3N SALUDABLE?<\/strong><\/h4>\n<p><a href=\"https:\/\/view.genially.com\/66e87d0b9ffbec081f225c93\/interactive-content-61-los-alimentos\"><img loading=\"lazy\" decoding=\"async\" class=\"alignnone wp-image-5045\" src=\"https:\/\/blogsaverroes.juntadeandalucia.es\/verainqueclase\/files\/2024\/09\/genially-alimentos-300x206.jpg\" alt=\"\" width=\"833\" height=\"572\"><\/a><\/p>\n<p>La&nbsp;<strong>dieta<\/strong>&nbsp;es el&nbsp;<strong>conjunto de los alimentos<\/strong>&nbsp;y el&nbsp;<strong>agua<\/strong>&nbsp;que toma&nbsp;<strong>una persona cada d\u00eda.<\/strong><\/p>\n<p>La&nbsp;<strong>dieta saludable<\/strong>&nbsp;debe contener la&nbsp;<strong>cantidad suficiente de todos los nutrientes&nbsp;<\/strong><strong>y de agua.<\/strong><\/p>\n<p>Las&nbsp;<strong>necesidades<\/strong>&nbsp;de cada persona dependen de la&nbsp;<strong>edad, el peso y la estatura o el sexo<\/strong>. Tambi\u00e9n influye la zona donde vivimos o las situaciones personales (enfermedades, embarazo\u2026)<\/p>\n<p><a href=\"https:\/\/view.genially.com\/61003eeb18c4670de6269b9e\/interactive-content-la-dieta-saludable\"><img loading=\"lazy\" decoding=\"async\" class=\"\" src=\"https:\/\/blogsaverroes.juntadeandalucia.es\/verainqueclase\/files\/2021\/07\/Genially-dieta-300x171.jpg\" width=\"889\" height=\"507\"><\/a><\/p>\n<table>\n<tbody>\n<tr>\n<td><a href=\"https:\/\/www.mundoprimaria.com\/juegos-educativos\/juegos-ciencias\/juegos-sobre-dietas#google_vignette\"><img decoding=\"async\" src=\"https:\/\/blogsaverroes.juntadeandalucia.es\/verainqueclase\/files\/2020\/11\/juego-nutrientes-2-300x237.jpg\"><\/a><\/td>\n<td><a href=\"https:\/\/wordwall.net\/es\/resource\/6207299\/los-nutrientes-b%c3%a1sicos\"><img decoding=\"async\" src=\"https:\/\/blogsaverroes.juntadeandalucia.es\/verainqueclase\/files\/2020\/11\/juego-nutrientes-wordwall-1-300x162.jpg\"><\/a><\/td>\n<td>&nbsp;<\/td>\n<\/tr>\n<tr>\n<td>&nbsp;<\/td>\n<td>&nbsp;<\/td>\n<td>&nbsp;<\/td>\n<\/tr>\n<\/tbody>\n<\/table>\n<h4><strong>LA DIGESTI\u00d3N Y LA SALUD DEL APARATO DIGESTIVO<\/strong><\/h4>\n<p>El aparato digestivo es el encargado de obtener los nutrientes que nuestro cuerpo necesita. Para obtenerlos, nuestro cuerpo realiza el proceso de la digesti\u00f3n.<\/p>\n<p><a href=\"https:\/\/view.genially.com\/5fa06c0eb208150d1b1b2006\/interactive-image-aparato-digestivo\"><img loading=\"lazy\" decoding=\"async\" class=\"\" src=\"https:\/\/blogsaverroes.juntadeandalucia.es\/verainqueclase\/files\/2020\/11\/genially-aparato-digestivo-300x251.jpg\" width=\"844\" height=\"706\"><\/a><\/p>\n<p><strong>LA DIGESTI\u00d3N:<\/strong>&nbsp;es el proceso por el que se obtienen los nutrientes de los alimentos. Se produce en varias etapas a lo largo del tubo digestivo.<\/p>\n<p><a href=\"https:\/\/view.genially.com\/5fa072eab208150d1b1b2078\/interactive-image-la-digestion\"><img loading=\"lazy\" decoding=\"async\" class=\"\" src=\"https:\/\/blogsaverroes.juntadeandalucia.es\/verainqueclase\/files\/2020\/11\/genially-la-digesti%C3%B3n-300x270.jpg\" width=\"872\" height=\"785\"><\/a><\/p>\n<p><a href=\"https:\/\/view.genially.com\/66e9e96e101a0c97028d109e\/interactive-content-61-habitos-saludables-digestivo\"><img loading=\"lazy\" decoding=\"async\" class=\"alignnone wp-image-5049\" src=\"https:\/\/blogsaverroes.juntadeandalucia.es\/verainqueclase\/files\/2024\/09\/genially-habitos-saludables-digestivo-300x168.jpg\" alt=\"\" width=\"964\" height=\"540\"><\/a><\/p>\n<table>\n<tbody>\n<tr>\n<td><a href=\"https:\/\/wordwall.net\/es\/resource\/4319309\/aparato-digestivo\"><img decoding=\"async\" src=\"https:\/\/blogsaverroes.juntadeandalucia.es\/verainqueclase\/files\/2020\/11\/juego-aparato-digestivo-topos-1-300x162.jpg\"><\/a><\/td>\n<td><a href=\"https:\/\/wordwall.net\/es\/resource\/4699831\/aparato-digestivo\"><img decoding=\"async\" src=\"https:\/\/blogsaverroes.juntadeandalucia.es\/verainqueclase\/files\/2020\/11\/juego-aparato-digestivo-sopa-300x162.jpg\"><\/a><\/td>\n<td><a href=\"https:\/\/wordwall.net\/es\/resource\/5165129\/aparato-digestivo\"><img decoding=\"async\" src=\"https:\/\/blogsaverroes.juntadeandalucia.es\/verainqueclase\/files\/2020\/11\/juego-aparato-digestivo-unir-300x162.jpg\"><\/a><\/td>\n<\/tr>\n<tr>\n<td><a href=\"https:\/\/wordwall.net\/es\/resource\/2528779\/partes-del-aparato-digestivo\"><img decoding=\"async\" src=\"https:\/\/blogsaverroes.juntadeandalucia.es\/verainqueclase\/files\/2020\/11\/juego-aparato-digestivo-ahorcado-300x162.jpg\"><\/a><\/td>\n<td><a href=\"https:\/\/view.genially.com\/6367c2483da2c30017700905\/interactive-content-quiz-aparato-digestivo\"><img decoding=\"async\" src=\"https:\/\/blogsaverroes.juntadeandalucia.es\/verainqueclase\/files\/2022\/11\/juego-aparato-digestivo-y-digesti%C3%B3n-300x168.jpg\"><\/a><\/td>\n<td><a href=\"https:\/\/view.genially.com\/6367c7e22904730010a0a9b2\/interactive-content-juego-aparato-digestivo\"><img decoding=\"async\" src=\"https:\/\/blogsaverroes.juntadeandalucia.es\/verainqueclase\/files\/2022\/11\/juego-aparato-digestivo-partes-300x168.jpg\"><\/a><\/td>\n<\/tr>\n<tr>\n<td><a href=\"https:\/\/www.mundoprimaria.com\/juegos-educativos\/jueg-natu-shs-33\"><img decoding=\"async\" src=\"https:\/\/blogsaverroes.juntadeandalucia.es\/verainqueclase\/files\/2023\/09\/juego-aparato-digestivo-300x178.png\"><\/a><\/td>\n<td>&nbsp;<\/td>\n<td>&nbsp;<\/td>\n<\/tr>\n<\/tbody>\n<\/table>\n<h4><strong>LA RESPIRACI\u00d3N Y LA SALUD DEL APARATO RESPIRATORIO<\/strong><\/h4>\n<p>La&nbsp;<strong>respiraci\u00f3n<\/strong>&nbsp;es el proceso mediante el que obtenemos el ox\u00edgeno del aire y expulsamos el di\u00f3xido de carbono al exterior. De este proceso se encarga el&nbsp;<strong>aparato respiratorio<\/strong>.<\/p>\n<p><a href=\"https:\/\/view.genially.com\/5fa1c7aeb734740d79504dec\/interactive-image-aparato-respiratorio\"><img loading=\"lazy\" decoding=\"async\" class=\"\" src=\"https:\/\/blogsaverroes.juntadeandalucia.es\/verainqueclase\/files\/2020\/11\/genially-aparato-respiratorio-300x230.jpg\" width=\"977\" height=\"749\"><\/a><\/p>\n<p>La respiraci\u00f3n es el proceso por el cu\u00e1l obtenemos el ox\u00edgeno del aire y expulsamos el di\u00f3xido de carbono. Tiene 3 fases:<\/p>\n<ol>\n<li>Inspiraci\u00f3n (entra el aire).<\/li>\n<li>Intercambio de gases.<\/li>\n<li>Espiraci\u00f3n (sale el aire).<\/li>\n<\/ol>\n<p><a href=\"https:\/\/view.genially.com\/5fa1d0fbb734740d79504e96\/interactive-image-41-la-respiracion\"><img loading=\"lazy\" decoding=\"async\" class=\"\" src=\"https:\/\/blogsaverroes.juntadeandalucia.es\/verainqueclase\/files\/2022\/08\/Genially-respiraci%C3%B3n-300x162.jpg\" width=\"841\" height=\"454\"><\/a><\/p>\n<p><a href=\"https:\/\/view.genially.com\/66e9ed80504e475f77e8d43e\/interactive-content-61-habitos-saludables-respiratorio\"><img loading=\"lazy\" decoding=\"async\" class=\"alignnone wp-image-5050\" src=\"https:\/\/blogsaverroes.juntadeandalucia.es\/verainqueclase\/files\/2024\/09\/genially-habitos-saludables-respiratorio-300x168.jpg\" alt=\"\" width=\"886\" height=\"496\"><\/a><\/p>\n<table>\n<tbody>\n<tr>\n<td><a href=\"https:\/\/wordwall.net\/es\/resource\/6299536\/aparato-respiratorio\"><img decoding=\"async\" src=\"https:\/\/blogsaverroes.juntadeandalucia.es\/verainqueclase\/files\/2020\/11\/juego-aparato-respiratorio-300x162.jpg\"><\/a><\/td>\n<td><a href=\"https:\/\/view.genially.com\/6367cbf16e6236001c59c0de\/interactive-content-quiz-aparato-respiratorio\"><img decoding=\"async\" src=\"https:\/\/blogsaverroes.juntadeandalucia.es\/verainqueclase\/files\/2022\/11\/juego-aparato-respiratorio-300x168.jpg\"><\/a><\/td>\n<td><a href=\"https:\/\/wordwall.net\/es\/resource\/2528295\/aparato-respiratorio\"><img decoding=\"async\" src=\"https:\/\/blogsaverroes.juntadeandalucia.es\/verainqueclase\/files\/2020\/11\/juego-aparato-respiratorio-topos-300x162.jpg\"><\/a><\/td>\n<\/tr>\n<tr>\n<td><a href=\"https:\/\/www.mundoprimaria.com\/juegos-educativos\/jueg-natu-shs-34\"><img decoding=\"async\" src=\"https:\/\/blogsaverroes.juntadeandalucia.es\/verainqueclase\/files\/2023\/09\/juego-aparato-respiratorio-300x166.png\"><\/a><\/td>\n<td>&nbsp;<\/td>\n<td>&nbsp;<\/td>\n<\/tr>\n<\/tbody>\n<\/table>\n<h4><strong>LA CIRCULACI\u00d3N Y LA SALUD DEL APARATO CIRCULATORIO<\/strong><\/h4>\n<p>El&nbsp;<strong>aparato circulatorio<\/strong>&nbsp;se encarga de llevar hasta las c\u00e9lulas el ox\u00edgeno y los nutrientes y recoger las sustancias de desecho. Est\u00e1 compuesto por el&nbsp;<strong>coraz\u00f3n y los vasos sangu\u00edneos<\/strong>.<\/p>\n<p><a href=\"https:\/\/view.genially.com\/5fa1d8c15ef4550d7bcc04d5\/horizontal-infographic-timeline-aparato-circulatorio\"><img loading=\"lazy\" decoding=\"async\" class=\"\" src=\"https:\/\/blogsaverroes.juntadeandalucia.es\/verainqueclase\/files\/2020\/11\/genially-aparato-circulatorio-300x165.jpg\" width=\"697\" height=\"383\"><\/a><\/p>\n<p>La&nbsp;<strong>circulaci\u00f3n sangu\u00ednea<\/strong>&nbsp;se encarga de repartir los nutrientes y el ox\u00edgenos por todo el cuerpo y recoger los desechos. Hay dos:&nbsp;<strong>pulmonar y general<\/strong>.<\/p>\n<p><a href=\"https:\/\/view.genially.com\/5fa30098cb9a580cfa4a1878\/horizontal-infographic-timeline-circulacion-general-y-pulmonar\"><img loading=\"lazy\" decoding=\"async\" class=\"\" src=\"https:\/\/blogsaverroes.juntadeandalucia.es\/verainqueclase\/files\/2020\/11\/genially-circulaci%C3%B3n-300x159.jpg\" width=\"874\" height=\"463\"><\/a><\/p>\n<p><a href=\"https:\/\/view.genially.com\/66ead6afd9934fb33b7610d9\/interactive-content-61-habitos-saludables-circulatorio\"><img loading=\"lazy\" decoding=\"async\" class=\"alignnone wp-image-5052\" src=\"https:\/\/blogsaverroes.juntadeandalucia.es\/verainqueclase\/files\/2024\/09\/genially-habitos-aparato-circulatorio-300x168.jpg\" alt=\"\" width=\"1038\" height=\"581\"><\/a><\/p>\n<table>\n<tbody>\n<tr>\n<td><a href=\"https:\/\/wordwall.net\/es\/resource\/3700503\/sistema-circulatorio\"><img decoding=\"async\" src=\"https:\/\/blogsaverroes.juntadeandalucia.es\/verainqueclase\/files\/2020\/11\/juego-aparato-circulatorio-300x162.jpg\"><\/a><\/td>\n<td><a href=\"https:\/\/wordwall.net\/es\/resource\/5956177\/sistema-circulatorio\"><img decoding=\"async\" src=\"https:\/\/blogsaverroes.juntadeandalucia.es\/verainqueclase\/files\/2020\/11\/juego-aparato-circulatorio-crucigrama-300x162.jpg\"><\/a><\/td>\n<td><a href=\"https:\/\/view.genially.com\/6367d11649e94d00175a3fce\/interactive-content-quiz-aparato-circulatorio\"><img decoding=\"async\" src=\"https:\/\/blogsaverroes.juntadeandalucia.es\/verainqueclase\/files\/2022\/11\/juego-aparato-circulatorio-300x168.jpg\"><\/a><\/td>\n<\/tr>\n<tr>\n<td><a href=\"https:\/\/www.mundoprimaria.com\/juegos-educativos\/jueg-natu-shs-35\"><img decoding=\"async\" src=\"https:\/\/blogsaverroes.juntadeandalucia.es\/verainqueclase\/files\/2023\/09\/juego-aparato-circulatorio-300x175.png\"><\/a><\/td>\n<td>&nbsp;<\/td>\n<td>&nbsp;<\/td>\n<\/tr>\n<\/tbody>\n<\/table>\n<h4><strong>LA EXCRECI\u00d3N Y LA SALUD DEL APARATO EXCRETOR<\/strong><\/h4>\n<p>La&nbsp;<strong>excreci\u00f3n<\/strong>&nbsp;es el proceso a trav\u00e9s del que expulsamos los desechos al exterior. Lo realiza el aparato excretor y las gl\u00e1ndulas sudor\u00edparas de la piel.<\/p>\n<p>El&nbsp;<strong>aparato excretor<\/strong>&nbsp;se encarga de producir y expulsar la orina. Est\u00e1 compuesto por:<\/p>\n<ul>\n<li>Los ri\u00f1ones: filtran la sangre, extraen el agua y los desechos y fabrican la orina.<\/li>\n<li>Los ur\u00e9teres: son dos tubos que conectan cada ri\u00f1\u00f3n con la vejiga.&nbsp;<\/li>\n<li>La vejiga: es un dep\u00f3sito de paredes donde se guarda la orina.<\/li>\n<li>La uretra: es un tubo que lleva la orina desde la vejiga hasta el exterior.<\/li>\n<\/ul>\n<p><a href=\"https:\/\/view.genially.com\/5fa6f187316b3b0cf52d9446\/horizontal-infographic-timeline-aparato-excretor\"><img loading=\"lazy\" decoding=\"async\" class=\"\" src=\"https:\/\/blogsaverroes.juntadeandalucia.es\/verainqueclase\/files\/2020\/11\/genially-aparato-excretor-300x167.jpg\" width=\"860\" height=\"479\"><\/a><\/p>\n<p>La&nbsp;<strong>excreci\u00f3n es el conjunto de procesos<\/strong>&nbsp;que realiza nuestro cuerpo para&nbsp;<strong>extraer desechos<\/strong><br \/>\n<strong>de la sangre y expulsarlos al exterior.<\/strong><\/p>\n<p>Las<strong>&nbsp;gl\u00e1ndulas sudor\u00edparas<\/strong>&nbsp;est\u00e1n situadas en la&nbsp;<strong>piel&nbsp;<\/strong>y segregan un l\u00edquido llamado&nbsp;<strong>sudor<\/strong>&nbsp;cargado de sales y sustancias de desecho.<\/p>\n<p><a href=\"https:\/\/view.genially.com\/66eaddcd1b6e4415218b05a9\/interactive-content-61-habitos-saludables-excretor\"><img loading=\"lazy\" decoding=\"async\" class=\"alignnone wp-image-5055\" src=\"https:\/\/blogsaverroes.juntadeandalucia.es\/verainqueclase\/files\/2024\/09\/genially-habitos-aparato-excretor-300x168.jpg\" alt=\"\" width=\"889\" height=\"498\"><\/a><\/p>\n<table>\n<tbody>\n<tr>\n<td><a href=\"https:\/\/wordwall.net\/es\/resource\/2897323\/el-aparato-excretor\"><img decoding=\"async\" src=\"https:\/\/blogsaverroes.juntadeandalucia.es\/verainqueclase\/files\/2020\/11\/juego-aparato-excretor-300x164.jpg\"><\/a><\/td>\n<td><a href=\"https:\/\/wordwall.net\/es\/resource\/2357969\/la-nutrici%c3%b3n-y-el-aparato-digestivo\"><img decoding=\"async\" src=\"https:\/\/blogsaverroes.juntadeandalucia.es\/verainqueclase\/files\/2020\/11\/juego-aparato-excretor-y-digestivo-300x164.jpg\"><\/a><\/td>\n<td><a href=\"https:\/\/view.genially.com\/5f7afcb073991b0cf5734de8\/presentation-la-vida-es-asi\"><img decoding=\"async\" src=\"https:\/\/blogsaverroes.juntadeandalucia.es\/verainqueclase\/files\/2020\/11\/genially-la-vida-es-as%C3%AD-300x168.jpg\"><\/a><\/td>\n<\/tr>\n<tr>\n<td><a href=\"https:\/\/view.genially.com\/6367d61f2904730010a0d4a4\/interactive-content-quiz-aparato-excretor\"><img decoding=\"async\" src=\"https:\/\/blogsaverroes.juntadeandalucia.es\/verainqueclase\/files\/2022\/11\/juego-aparato-excretor-300x168.jpg\"><\/a><\/td>\n<td><a href=\"https:\/\/www.mundoprimaria.com\/juegos-educativos\/jueg-natu-shs-36\"><img decoding=\"async\" src=\"https:\/\/blogsaverroes.juntadeandalucia.es\/verainqueclase\/files\/2023\/09\/juego-aparato-excretor-300x170.png\"><\/a><\/td>\n<td>&nbsp;<\/td>\n<\/tr>\n<\/tbody>\n<\/table>\n<h4><strong>REPASO<\/strong><\/h4>\n<table>\n<tbody>\n<tr>\n<td><a href=\"https:\/\/view.genially.com\/632719b6bd26180018143092\/interactive-content-breakout-la-funcion-de-nutricion\"><img decoding=\"async\" src=\"https:\/\/blogsaverroes.juntadeandalucia.es\/verainqueclase\/files\/2022\/09\/breakout-funci%C3%B3n-de-nutrici%C3%B3n-300x152.jpg\"><\/a><\/td>\n<td><a href=\"https:\/\/view.genially.com\/650478987918270011200b54\/interactive-content-51-breakout-nuestro-cuerpo\"><img decoding=\"async\" src=\"https:\/\/blogsaverroes.juntadeandalucia.es\/verainqueclase\/files\/2023\/09\/Breakout-cuerpo-300x165.png\"><\/a><\/td>\n<td>&nbsp;<\/td>\n<\/tr>\n<\/tbody>\n<\/table>\n","protected":false},"excerpt":{"rendered":"<p>Bienvenidos a la asignatura de Conocimiento del Medio en 6\u00ba Curso. Esta unidad 1 ya nos la sabemos porque repasaremos cosas como: Las c\u00e9lulas y la organizaci\u00f3n celular de los seres vivos. La funci\u00f3n de nutrici\u00f3n y los nutrientes. La alimentaci\u00f3n saludable. La digesti\u00f3n y el aparato digestivo. La respiraci\u00f3n y el aparato respiratorio. La &hellip; <\/p>\n<p><a class=\"more-link btn\" href=\"https:\/\/blogsaverroes.juntadeandalucia.es\/manuroca03\/u1_cm_6oep\/\">Seguir leyendo<\/a><\/p>\n","protected":false},"author":10452,"featured_media":0,"parent":0,"menu_order":0,"comment_status":"closed","ping_status":"closed","template":"","meta":{"ngg_post_thumbnail":0,"footnotes":""},"aioseo_notices":[],"_links":{"self":[{"href":"https:\/\/blogsaverroes.juntadeandalucia.es\/manuroca03\/wp-json\/wp\/v2\/pages\/1854"}],"collection":[{"href":"https:\/\/blogsaverroes.juntadeandalucia.es\/manuroca03\/wp-json\/wp\/v2\/pages"}],"about":[{"href":"https:\/\/blogsaverroes.juntadeandalucia.es\/manuroca03\/wp-json\/wp\/v2\/types\/page"}],"author":[{"embeddable":true,"href":"https:\/\/blogsaverroes.juntadeandalucia.es\/manuroca03\/wp-json\/wp\/v2\/users\/10452"}],"replies":[{"embeddable":true,"href":"https:\/\/blogsaverroes.juntadeandalucia.es\/manuroca03\/wp-json\/wp\/v2\/comments?post=1854"}],"version-history":[{"count":4,"href":"https:\/\/blogsaverroes.juntadeandalucia.es\/manuroca03\/wp-json\/wp\/v2\/pages\/1854\/revisions"}],"predecessor-version":[{"id":1870,"href":"https:\/\/blogsaverroes.juntadeandalucia.es\/manuroca03\/wp-json\/wp\/v2\/pages\/1854\/revisions\/1870"}],"wp:attachment":[{"href":"https:\/\/blogsaverroes.juntadeandalucia.es\/manuroca03\/wp-json\/wp\/v2\/media?parent=1854"}],"curies":[{"name":"wp","href":"https:\/\/api.w.org\/{rel}","templated":true}]}}