{"id":1875,"date":"2024-10-20T15:39:27","date_gmt":"2024-10-20T15:39:27","guid":{"rendered":"https:\/\/blogsaverroes.juntadeandalucia.es\/manuroca03\/?page_id=1875"},"modified":"2024-10-20T15:45:41","modified_gmt":"2024-10-20T15:45:41","slug":"u2mt","status":"publish","type":"page","link":"https:\/\/blogsaverroes.juntadeandalucia.es\/manuroca03\/u2mt\/","title":{"rendered":"MT6\u00baU2. Abraza la Paz."},"content":{"rendered":"<div class=\"entry-content\">\n<p>Seguimos en la unidad 2 de matem\u00e1ticas. Aqu\u00ed aprenderemos:<\/p>\n<ul>\n<li>Los m\u00faltiplos de un n\u00famero.<\/li>\n<li>Calcularemos el m\u00ednimo com\u00fan m\u00faltiplo.<\/li>\n<li>Los divisores de un n\u00famero.<\/li>\n<li>Calcularemos el m\u00e1ximo com\u00fan divisor.<\/li>\n<li>Los criterios de divisibilidad.<\/li>\n<li>N\u00fameros primos y n\u00fameros compuestos.<\/li>\n<\/ul>\n<h4><strong>LOS M\u00daLTIPLOS DE UN N\u00daMERO<\/strong><\/h4>\n<p>Los m\u00faltiplos de un n\u00famero se obtienen multiplicando ese n\u00famero por 1, 2, 3, 4\u2026<\/p>\n<p><a href=\"https:\/\/view.genially.com\/5dc86e5b00b7a20f3ebb666f\/learning-experience-challenges-mates-u3-la-divisibilidad\"><img loading=\"lazy\" decoding=\"async\" class=\"\" src=\"https:\/\/blogsaverroes.juntadeandalucia.es\/verainqueclase\/files\/2020\/10\/genially-tiza-300x151.jpg\" width=\"880\" height=\"443\"><\/a><\/p>\n<table>\n<tbody>\n<tr>\n<td><a href=\"https:\/\/www.cokitos.com\/carrera-de-multiplos\/\"><img loading=\"lazy\" decoding=\"async\" class=\"alignnone size-medium wp-image-4981\" src=\"https:\/\/blogsaverroes.juntadeandalucia.es\/verainqueclase\/files\/2024\/09\/juego-multiplos-300x177.jpg\" alt=\"\" width=\"300\" height=\"177\"><\/a><\/td>\n<td><a href=\"https:\/\/wordwall.net\/es\/resource\/5236122\"><img loading=\"lazy\" decoding=\"async\" class=\"alignnone size-medium wp-image-4982\" src=\"https:\/\/blogsaverroes.juntadeandalucia.es\/verainqueclase\/files\/2024\/09\/juego-multiplos-2-300x177.jpg\" alt=\"\" width=\"300\" height=\"177\"><\/a><\/td>\n<td><a href=\"https:\/\/wordwall.net\/es\/resource\/4298462\"><img loading=\"lazy\" decoding=\"async\" class=\"alignnone size-medium wp-image-4983\" src=\"https:\/\/blogsaverroes.juntadeandalucia.es\/verainqueclase\/files\/2024\/09\/juego-multiplos-3-300x177.jpg\" alt=\"\" width=\"300\" height=\"177\"><\/a><\/td>\n<\/tr>\n<tr>\n<td><a href=\"https:\/\/wordwall.net\/es\/resource\/4331168\"><img loading=\"lazy\" decoding=\"async\" class=\"alignnone size-medium wp-image-4984\" src=\"https:\/\/blogsaverroes.juntadeandalucia.es\/verainqueclase\/files\/2024\/09\/juego-multiplos-4-300x177.jpg\" alt=\"\" width=\"300\" height=\"177\"><\/a><\/td>\n<td>&nbsp;<\/td>\n<td>&nbsp;<\/td>\n<\/tr>\n<\/tbody>\n<\/table>\n<h4><strong>M\u00cdNIMO COM\u00daN M\u00daLTIPLO (m.c.m.)<\/strong><\/h4>\n<p><a href=\"https:\/\/view.genially.com\/66df0f941f57b88cb36adc48\/interactive-content-62-minimo-comun-multiplo\"><img loading=\"lazy\" decoding=\"async\" class=\"alignnone wp-image-4988\" src=\"https:\/\/blogsaverroes.juntadeandalucia.es\/verainqueclase\/files\/2024\/09\/genially-mcm-300x164.jpg\" alt=\"\" width=\"946\" height=\"517\"><\/a><\/p>\n<table>\n<tbody>\n<tr>\n<td><a href=\"https:\/\/view.genially.com\/5e064b378a8ce60f48943e6e\/interactive-content-mickeymouse\"><img decoding=\"async\" src=\"https:\/\/blogsaverroes.juntadeandalucia.es\/verainqueclase\/files\/2020\/11\/mcm-micky-300x169.jpg\"><\/a><\/td>\n<td><a href=\"https:\/\/view.genially.com\/5cf4a03c598a420f4c0961b7\/game-mcm\"><img decoding=\"async\" src=\"https:\/\/blogsaverroes.juntadeandalucia.es\/verainqueclase\/files\/2020\/11\/mcm-2-1-300x169.jpg\"><\/a><\/td>\n<td><a href=\"https:\/\/www.mundoprimaria.com\/juegos-educativos\/juegos-matematicas\/minimo-comun-mul\"><img loading=\"lazy\" decoding=\"async\" class=\"\" src=\"https:\/\/blogsaverroes.juntadeandalucia.es\/verainqueclase\/files\/2020\/10\/mcm-mundoprimaria-1-300x248.jpg\" width=\"154\" height=\"127\"><\/a><\/td>\n<\/tr>\n<tr>\n<td><a href=\"https:\/\/wordwall.net\/es\/resource\/9423543\/m%C3%ADnimo-com%C3%BAn-m%C3%BAltiplo\"><img loading=\"lazy\" decoding=\"async\" class=\"alignnone size-medium wp-image-4993\" src=\"https:\/\/blogsaverroes.juntadeandalucia.es\/verainqueclase\/files\/2024\/09\/juego-MCM-300x164.jpg\" alt=\"\" width=\"300\" height=\"164\"><\/a><\/td>\n<td>&nbsp;<\/td>\n<td>&nbsp;<\/td>\n<\/tr>\n<\/tbody>\n<\/table>\n<h4><strong>DIVISORES DE UN N\u00daMERO<\/strong><\/h4>\n<p>\u00bfRecuerdas los t\u00e9rminos de una divisi\u00f3n?<\/p>\n<table>\n<tbody>\n<tr>\n<td><img loading=\"lazy\" decoding=\"async\" class=\"alignnone wp-image-579\" src=\"https:\/\/blogsaverroes.juntadeandalucia.es\/verainqueclase\/files\/2020\/10\/8a9425f5842dc743e03c4ce621ded413b0dfc05a833f04d6e6b60d1f53799696.0-300x300.png\" alt=\"\" width=\"212\" height=\"212\"><\/td>\n<td><img loading=\"lazy\" decoding=\"async\" class=\"alignnone wp-image-662\" src=\"https:\/\/blogsaverroes.juntadeandalucia.es\/verainqueclase\/files\/2020\/10\/divisi%C3%B3n.jpg\" alt=\"\" width=\"327\" height=\"217\"><\/td>\n<\/tr>\n<\/tbody>\n<\/table>\n<p>El&nbsp;<strong>DIVISOR<\/strong>&nbsp;era el n\u00famero que divid\u00eda. Pues bien, los&nbsp;<strong>DIVISORES<\/strong>&nbsp;de un n\u00famero, son los otros n\u00fameros que pueden dividirlo dejando el resto a 0.<\/p>\n<p><img loading=\"lazy\" decoding=\"async\" class=\"alignnone wp-image-663\" src=\"https:\/\/blogsaverroes.juntadeandalucia.es\/verainqueclase\/files\/2020\/10\/divisores-300x176.jpg\" alt=\"\" width=\"687\" height=\"403\"><\/p>\n<p>Recuerda que el n\u00famero 1 es divisor de todos los n\u00fameros. Y que todos los n\u00fameros se pueden dividir por s\u00ed mismos.<\/p>\n<p><a href=\"https:\/\/view.genially.com\/5dc86e5b00b7a20f3ebb666f\/learning-experience-challenges-mates-u3-la-divisibilidad\"><img loading=\"lazy\" decoding=\"async\" class=\"\" src=\"https:\/\/blogsaverroes.juntadeandalucia.es\/verainqueclase\/files\/2020\/10\/genially-tiza-300x151.jpg\" width=\"995\" height=\"501\"><\/a><\/p>\n<table>\n<tbody>\n<tr>\n<td><a href=\"https:\/\/wordwall.net\/es\/resource\/6647896\"><img loading=\"lazy\" decoding=\"async\" class=\"alignnone size-medium wp-image-4986\" src=\"https:\/\/blogsaverroes.juntadeandalucia.es\/verainqueclase\/files\/2024\/09\/juego-multiplos-y-divisores-300x177.jpg\" alt=\"\" width=\"300\" height=\"177\"><\/a><\/td>\n<td><a href=\"https:\/\/www.mundoprimaria.com\/juegos-educativos\/jueg-mat-num-198\"><img loading=\"lazy\" decoding=\"async\" class=\"alignnone size-medium wp-image-4990\" src=\"https:\/\/blogsaverroes.juntadeandalucia.es\/verainqueclase\/files\/2024\/09\/Juego-multiplos-y-divisores-2-300x164.jpg\" alt=\"\" width=\"300\" height=\"164\"><\/a><\/td>\n<td><a href=\"https:\/\/view.genially.com\/5d8cc7b3444d910f83ce105d\/presentation-ciudad-factorizada\"><img decoding=\"async\" src=\"https:\/\/blogsaverroes.juntadeandalucia.es\/verainqueclase\/files\/2020\/10\/multiplos-y-divisores-3-300x168.jpg\"><\/a><\/td>\n<\/tr>\n<tr>\n<td><a href=\"https:\/\/www.mundoprimaria.com\/juegos-educativos\/juegos-matematicas\/mult-divi-5o-03\"><img loading=\"lazy\" decoding=\"async\" class=\"\" src=\"https:\/\/blogsaverroes.juntadeandalucia.es\/verainqueclase\/files\/2020\/10\/multiplos-y-divisores-1-300x248.jpg\" width=\"158\" height=\"131\"><\/a><\/td>\n<td><a href=\"https:\/\/www.mundoprimaria.com\/juegos-educativos\/juegos-matematicas\/mult-divi-5o-04\"><img loading=\"lazy\" decoding=\"async\" class=\"\" src=\"https:\/\/blogsaverroes.juntadeandalucia.es\/verainqueclase\/files\/2020\/10\/multiplos-y-divisores-2-300x248.jpg\" width=\"166\" height=\"137\"><\/a><\/td>\n<td>&nbsp;<\/td>\n<\/tr>\n<\/tbody>\n<\/table>\n<h4><strong>M\u00c1XIMO COM\u00daN DIVISOR (m.c.d.)<\/strong><\/h4>\n<p><a href=\"https:\/\/view.genially.com\/66df1766838ac90caf844d2a\/interactive-content-62-maximo-comun-divisor\"><img loading=\"lazy\" decoding=\"async\" class=\"alignnone wp-image-4994\" src=\"https:\/\/blogsaverroes.juntadeandalucia.es\/verainqueclase\/files\/2024\/09\/genially-maximo-comun-divisor-300x164.jpg\" alt=\"\" width=\"1019\" height=\"557\"><\/a><\/p>\n<table>\n<tbody>\n<tr>\n<td><a href=\"https:\/\/view.genially.com\/5e1412d59e64014072891258\/interactive-content-maximo-comun-divisor\"><img decoding=\"async\" src=\"https:\/\/blogsaverroes.juntadeandalucia.es\/verainqueclase\/files\/2020\/10\/mcd-pokemon-300x169.jpg\"><\/a><\/td>\n<td><a href=\"https:\/\/view.genially.com\/5e0a564cd71d300f3f8617a0\/interactive-content-gruproblemasdivisibilidad\"><img decoding=\"async\" src=\"https:\/\/blogsaverroes.juntadeandalucia.es\/verainqueclase\/files\/2020\/10\/resuelvo-problemas-mcm-mcd-300x169.jpg\"><\/a><\/td>\n<td><a href=\"https:\/\/www.mundoprimaria.com\/juegos-educativos\/juegos-matematicas\/maximo-comun-div\"><img loading=\"lazy\" decoding=\"async\" class=\"\" src=\"https:\/\/blogsaverroes.juntadeandalucia.es\/verainqueclase\/files\/2020\/10\/mcd-mundoprimaria-1-300x248.jpg\" width=\"167\" height=\"138\"><\/a><\/td>\n<\/tr>\n<tr>\n<td><a href=\"https:\/\/wordwall.net\/es\/resource\/22200941\/m%C3%ADnimo-com%C3%BAn-m%C3%BAltiplo-y-m%C3%A1ximo-com%C3%BAn-divisor\"><img loading=\"lazy\" decoding=\"async\" class=\"alignnone size-medium wp-image-4996\" src=\"https:\/\/blogsaverroes.juntadeandalucia.es\/verainqueclase\/files\/2024\/09\/juego-minimo-y-maximo-300x164.jpg\" alt=\"\" width=\"300\" height=\"164\"><\/a><\/td>\n<td><a href=\"https:\/\/wordwall.net\/es\/resource\/32982178\/divisor-m%C3%A1ximo-com%C3%BAn\"><img loading=\"lazy\" decoding=\"async\" class=\"alignnone size-medium wp-image-4997\" src=\"https:\/\/blogsaverroes.juntadeandalucia.es\/verainqueclase\/files\/2024\/09\/juego-maximo-300x164.jpg\" alt=\"\" width=\"300\" height=\"164\"><\/a><\/td>\n<td>&nbsp;<\/td>\n<\/tr>\n<\/tbody>\n<\/table>\n<h4><strong>CRITERIOS DE DIVISIBILIDAD<\/strong><\/h4>\n<p><img loading=\"lazy\" decoding=\"async\" class=\"wp-image-444 alignleft\" src=\"https:\/\/blogsaverroes.juntadeandalucia.es\/verainqueclase\/files\/2020\/10\/3f509ce28df56422bdb56144030483582a5fba32d2e2b89fe6355c60b88d03bb.0-300x300.png\" alt=\"\" width=\"116\" height=\"116\"><\/p>\n<p>Para saber si un n\u00famero es divisible entre otro, no siempre tenemos que hacer la cuenta de dividir, hay unos trucos. Esos trucos se llaman&nbsp;<strong>criterios de divisibilidad.<\/strong><\/p>\n<p>Vamos a verlos.<\/p>\n<div class=\"fluid-width-video-wrapper\"><iframe src=\"https:\/\/www.youtube.com\/embed\/WfbZrrS7bZA\"><\/iframe><\/div>\n<p><img loading=\"lazy\" decoding=\"async\" class=\"\" src=\"https:\/\/blogsaverroes.juntadeandalucia.es\/verainqueclase\/files\/2020\/10\/criterios-de-divisibilidad-300x219.jpg\" width=\"844\" height=\"616\"><\/p>\n<p>&nbsp;<\/p>\n<table>\n<tbody>\n<tr>\n<td><a href=\"https:\/\/www.mundoprimaria.com\/juegos-educativos\/jueg-mat-num-200\"><img loading=\"lazy\" decoding=\"async\" class=\"alignnone size-medium wp-image-4991\" src=\"https:\/\/blogsaverroes.juntadeandalucia.es\/verainqueclase\/files\/2024\/09\/juego-criterios-divisibilidad-300x164.jpg\" alt=\"\" width=\"300\" height=\"164\"><\/a><\/td>\n<td><a href=\"https:\/\/www.mundoprimaria.com\/juegos-educativos\/juegos-matematicas\/crit-divis-6o-01\"><img loading=\"lazy\" decoding=\"async\" class=\"\" src=\"https:\/\/blogsaverroes.juntadeandalucia.es\/verainqueclase\/files\/2020\/10\/divisibilidad-300x252.jpg\" width=\"142\" height=\"119\"><\/a><\/td>\n<td><a href=\"https:\/\/view.genially.com\/5e038fd17f38020fa2f325c0\/interactive-content-super-mario\"><img decoding=\"async\" src=\"https:\/\/blogsaverroes.juntadeandalucia.es\/verainqueclase\/files\/2020\/10\/divisibilidad-bros-300x166.jpg\"><\/a><\/td>\n<\/tr>\n<tr>\n<td><a href=\"https:\/\/view.genially.com\/5df9afba3f57070f49295b6a\/interactive-content-increiblesdivisibilidad\"><img decoding=\"async\" src=\"https:\/\/blogsaverroes.juntadeandalucia.es\/verainqueclase\/files\/2020\/10\/divisibilidad-incre%C3%ADbles-300x168.jpg\"><\/a><\/td>\n<td><a href=\"https:\/\/view.genially.com\/5dee79658b075f0f4014caae\/interactive-content-divisibilidad\"><img decoding=\"async\" src=\"https:\/\/blogsaverroes.juntadeandalucia.es\/verainqueclase\/files\/2020\/10\/divisibilidad-3-300x168.jpg\"><\/a><\/td>\n<td>&nbsp;<\/td>\n<\/tr>\n<\/tbody>\n<\/table>\n<h4><strong>N\u00daMEROS PRIMOS Y N\u00daMEROS COMPUESTOS<\/strong><\/h4>\n<p><img loading=\"lazy\" decoding=\"async\" class=\" wp-image-697 alignright\" src=\"https:\/\/blogsaverroes.juntadeandalucia.es\/verainqueclase\/files\/2020\/10\/oooo-300x296.jpg\" alt=\"\" width=\"235\" height=\"232\"><\/p>\n<ul>\n<li>Los n\u00fameros primos son aquellos que s\u00f3lo tienen dos divisores: 1 y el mismo n\u00famero.<\/li>\n<\/ul>\n<p>(2, 3, 5, 7, 11, 13, 17, 19, 23, 29\u2026)<\/p>\n<ul>\n<li>Los n\u00fameros compuestos son aquellos que tienen m\u00e1s de dos divisores.<\/li>\n<\/ul>\n<p>(4, 6, 8, 9, 10, 12, 14, 15, 16, 18, 20\u2026)<\/p>\n<p>&nbsp;<\/p>\n<p><a href=\"https:\/\/view.genially.com\/5e08588d29e55b0f05a88461\/interactive-content-criba-de-eratostenes\"><img loading=\"lazy\" decoding=\"async\" class=\"\" src=\"https:\/\/blogsaverroes.juntadeandalucia.es\/verainqueclase\/files\/2020\/10\/criba-juego-300x168.jpg\" width=\"880\" height=\"493\"><\/a><\/p>\n<div class=\"fluid-width-video-wrapper\"><iframe src=\"https:\/\/www.youtube.com\/embed\/aaKjNskMslA\"><\/iframe><\/div>\n<table>\n<tbody>\n<tr>\n<td><a href=\"https:\/\/www.mundoprimaria.com\/juegos-educativos\/jueg-mat-num-199\"><img loading=\"lazy\" decoding=\"async\" class=\"alignnone size-medium wp-image-4992\" src=\"https:\/\/blogsaverroes.juntadeandalucia.es\/verainqueclase\/files\/2024\/09\/juego-numeros-primos-300x164.jpg\" alt=\"\" width=\"300\" height=\"164\"><\/a><\/td>\n<td><a href=\"https:\/\/view.genially.com\/5ea08b7ccdb1990d9534813e\/game-breakout-divisibilidad-1o-eso\"><img decoding=\"async\" src=\"https:\/\/blogsaverroes.juntadeandalucia.es\/verainqueclase\/files\/2020\/10\/misterio-numeros-primos-300x167.jpg\"><\/a><\/td>\n<td><a href=\"https:\/\/www.mundoprimaria.com\/juegos-educativos\/juegos-matematicas\/num-primos-6o-04\"><img loading=\"lazy\" decoding=\"async\" class=\"\" src=\"https:\/\/blogsaverroes.juntadeandalucia.es\/verainqueclase\/files\/2020\/10\/numeros-primos-1-300x265.jpg\" width=\"153\" height=\"135\"><\/a><\/td>\n<\/tr>\n<tr>\n<td><a href=\"https:\/\/www.mundoprimaria.com\/recursos-matematicas\/numeros-primos\"><img loading=\"lazy\" decoding=\"async\" class=\"alignnone size-medium wp-image-4999\" src=\"https:\/\/blogsaverroes.juntadeandalucia.es\/verainqueclase\/files\/2024\/09\/juego-primos-300x164.jpg\" alt=\"\" width=\"300\" height=\"164\"><\/a><\/td>\n<td>&nbsp;<\/td>\n<\/tr>\n<\/tbody>\n<\/table>\n<\/div>\n","protected":false},"excerpt":{"rendered":"<p>Seguimos en la unidad 2 de matem\u00e1ticas. Aqu\u00ed aprenderemos: Los m\u00faltiplos de un n\u00famero. Calcularemos el m\u00ednimo com\u00fan m\u00faltiplo. Los divisores de un n\u00famero. Calcularemos el m\u00e1ximo com\u00fan divisor. Los criterios de divisibilidad. N\u00fameros primos y n\u00fameros compuestos. LOS M\u00daLTIPLOS DE UN N\u00daMERO Los m\u00faltiplos de un n\u00famero se obtienen multiplicando ese n\u00famero por 1, &hellip; <\/p>\n<p><a class=\"more-link btn\" href=\"https:\/\/blogsaverroes.juntadeandalucia.es\/manuroca03\/u2mt\/\">Seguir leyendo<\/a><\/p>\n","protected":false},"author":10452,"featured_media":0,"parent":0,"menu_order":0,"comment_status":"closed","ping_status":"closed","template":"","meta":{"ngg_post_thumbnail":0,"footnotes":""},"aioseo_notices":[],"_links":{"self":[{"href":"https:\/\/blogsaverroes.juntadeandalucia.es\/manuroca03\/wp-json\/wp\/v2\/pages\/1875"}],"collection":[{"href":"https:\/\/blogsaverroes.juntadeandalucia.es\/manuroca03\/wp-json\/wp\/v2\/pages"}],"about":[{"href":"https:\/\/blogsaverroes.juntadeandalucia.es\/manuroca03\/wp-json\/wp\/v2\/types\/page"}],"author":[{"embeddable":true,"href":"https:\/\/blogsaverroes.juntadeandalucia.es\/manuroca03\/wp-json\/wp\/v2\/users\/10452"}],"replies":[{"embeddable":true,"href":"https:\/\/blogsaverroes.juntadeandalucia.es\/manuroca03\/wp-json\/wp\/v2\/comments?post=1875"}],"version-history":[{"count":2,"href":"https:\/\/blogsaverroes.juntadeandalucia.es\/manuroca03\/wp-json\/wp\/v2\/pages\/1875\/revisions"}],"predecessor-version":[{"id":1883,"href":"https:\/\/blogsaverroes.juntadeandalucia.es\/manuroca03\/wp-json\/wp\/v2\/pages\/1875\/revisions\/1883"}],"wp:attachment":[{"href":"https:\/\/blogsaverroes.juntadeandalucia.es\/manuroca03\/wp-json\/wp\/v2\/media?parent=1875"}],"curies":[{"name":"wp","href":"https:\/\/api.w.org\/{rel}","templated":true}]}}