{"id":1878,"date":"2024-10-20T15:41:28","date_gmt":"2024-10-20T15:41:28","guid":{"rendered":"https:\/\/blogsaverroes.juntadeandalucia.es\/manuroca03\/?page_id=1878"},"modified":"2024-10-29T17:46:56","modified_gmt":"2024-10-29T17:46:56","slug":"u2-cm","status":"publish","type":"page","link":"https:\/\/blogsaverroes.juntadeandalucia.es\/manuroca03\/u2-cm\/","title":{"rendered":"CM6\u00baU2. Funci\u00f3n de relaci\u00f3n y reproducci\u00f3n."},"content":{"rendered":"<p>Continuamos nuestra andadura en 6\u00ba curso con otro tema que ya dimos el curso anterior: la funci\u00f3n de relaci\u00f3n y reproducci\u00f3n. Aqu\u00ed aprenderemos:<\/p>\n<ul>\n<li>La funci\u00f3n de relaci\u00f3n.<\/li>\n<li>Los sentidos y su funcionamiento.<\/li>\n<li>El funcionamiento y coordinaci\u00f3n del sistema nervioso.<\/li>\n<li>La funci\u00f3n de reproducci\u00f3n y sus aparatos.<\/li>\n<\/ul>\n<h4><strong>\u00bfEN QU\u00c9 CONSISTE LA FUNCI\u00d3N DE RELACI\u00d3N?<\/strong><\/h4>\n<p>La&nbsp;<strong>funci\u00f3n de relaci\u00f3n<\/strong>&nbsp;nos permite captar informaci\u00f3n de nuestro entorno y de nuestro cuerpo, procesarla y elaborar respuestas adecuadas.<br \/>\n<a href=\"https:\/\/view.genially.com\/62f4d18838b04a0011d657aa\/interactive-content-42-la-funcion-de-relacion\"><img loading=\"lazy\" decoding=\"async\" class=\"\" src=\"https:\/\/blogsaverroes.juntadeandalucia.es\/verainqueclase\/files\/2022\/08\/genially-relaci%C3%B3n-300x164.jpg\" width=\"893\" height=\"488\"><\/a><\/p>\n<h4><strong>LA PERCEPCI\u00d3N Y LA SALUD DE LOS \u00d3RGANOS DE LOS SENTIDOS<\/strong><\/h4>\n<p>Los&nbsp;<strong>\u00f3rganos de los sentidos<\/strong> captan la informaci\u00f3n del entorno y la env\u00edan al sistema nervioso para la procese y d\u00e9 una respuesta adecuada. Los \u00f3rganos de los sentidos son: el<strong>&nbsp;olfato,<\/strong>&nbsp;el&nbsp;<strong>gusto&nbsp;<\/strong>el&nbsp;<strong>tacto,<\/strong>&nbsp;la&nbsp;<strong>vista&nbsp;<\/strong>y el&nbsp;<strong>o\u00eddo.<\/strong><\/p>\n<p>Con el<strong>&nbsp;sentido de la vista<\/strong>&nbsp;vemos las formas, el tama\u00f1o o el color de las cosas.&nbsp; Los \u00f3rganos de la vista son nuestros&nbsp;<strong>ojos<\/strong>. Con ellos captamos la luz y obtenemos im\u00e1genes.<\/p>\n<p><a href=\"https:\/\/view.genially.com\/62f4d7224bf99d00174ed0e7\/interactive-image-42-partes-del-ojo\"><img loading=\"lazy\" decoding=\"async\" class=\"\" src=\"https:\/\/blogsaverroes.juntadeandalucia.es\/verainqueclase\/files\/2022\/08\/genially-ojo-300x164.jpg\" width=\"1048\" height=\"573\"><\/a><\/p>\n<p>Los o\u00eddos captan los sonidos que llegan a trav\u00e9s del aire . Estos pueden ser fuertes o d\u00e9biles, graves o agudos, etc.<\/p>\n<p><a href=\"https:\/\/view.genially.com\/62f4de920ae83a001908d315\/interactive-image-42-partes-del-oido\"><img loading=\"lazy\" decoding=\"async\" class=\"\" src=\"https:\/\/blogsaverroes.juntadeandalucia.es\/verainqueclase\/files\/2022\/08\/genially-o%C3%ADdo-300x164.jpg\" width=\"776\" height=\"424\"><\/a><\/p>\n<p><a href=\"https:\/\/view.genially.com\/62f500812423700018024c04\/interactive-image-42-partes-del-gusto-y-el-oltado\"><img loading=\"lazy\" decoding=\"async\" class=\"\" src=\"https:\/\/blogsaverroes.juntadeandalucia.es\/verainqueclase\/files\/2022\/08\/genially-gusto-y-olfato-300x159.jpg\" width=\"853\" height=\"452\"><\/a><\/p>\n<p>A trav\u00e9s del tacto tocamos los objetos y sabemos el tama\u00f1o, la temperatura, si es liso, suave o rugoso\u2026 El \u00f3rgano del tacto es toda la piel.<\/p>\n<p><a href=\"https:\/\/view.genially.com\/62f50956242370001802590e\/interactive-image-42-el-tacto\"><img loading=\"lazy\" decoding=\"async\" class=\"\" src=\"https:\/\/blogsaverroes.juntadeandalucia.es\/verainqueclase\/files\/2022\/08\/genially-tacto-300x159.jpg\" width=\"862\" height=\"457\"><\/a><\/p>\n<p><a href=\"https:\/\/view.genially.com\/66eae4a574a0c1cb247e815b\/interactive-content-62-habitos-saludables-sentidos\"><img loading=\"lazy\" decoding=\"async\" class=\"alignnone wp-image-5061\" src=\"https:\/\/blogsaverroes.juntadeandalucia.es\/verainqueclase\/files\/2024\/09\/genially-habitos-sentidos-300x168.jpg\" alt=\"\" width=\"907\" height=\"508\"><\/a><\/p>\n<table>\n<tbody>\n<tr>\n<td><a href=\"https:\/\/view.genially.com\/63653963d05f7d0013836f9b\/interactive-content-quiz-sentido-de-la-vista\"><img decoding=\"async\" src=\"https:\/\/blogsaverroes.juntadeandalucia.es\/verainqueclase\/files\/2022\/11\/juego-la-vista-300x184.jpg\"><\/a><\/td>\n<td><a href=\"https:\/\/view.genially.com\/63654058011ec00011194508\/interactive-content-quiz-sentido-del-oido\"><img decoding=\"async\" src=\"https:\/\/blogsaverroes.juntadeandalucia.es\/verainqueclase\/files\/2022\/11\/juego-el-o%C3%ADdo-300x184.jpg\"><\/a><\/td>\n<td><a href=\"https:\/\/view.genially.com\/63654597420cd70013b42acb\/interactive-content-quiz-gusto-y-el-olfato\"><img decoding=\"async\" src=\"https:\/\/blogsaverroes.juntadeandalucia.es\/verainqueclase\/files\/2022\/11\/juego-gusto-y-olfato-300x184.jpg\"><\/a><\/td>\n<\/tr>\n<tr>\n<td><a href=\"https:\/\/www.mundoprimaria.com\/juegos-educativos\/jueg-natu-shs-28#google_vignette\"><img decoding=\"async\" src=\"https:\/\/blogsaverroes.juntadeandalucia.es\/verainqueclase\/files\/2023\/09\/juego-relaci%C3%B3n-300x167.png\"><\/a><\/td>\n<td>&nbsp;<\/td>\n<td>&nbsp;<\/td>\n<\/tr>\n<\/tbody>\n<\/table>\n<h4><strong>LA COORDINACI\u00d3N Y LA SALUD DEL SISTEMA NERVIOSO<\/strong><\/h4>\n<p>El&nbsp;<strong>sistema nervioso<\/strong>&nbsp;se encarga de procesar la informaci\u00f3n captada por los sentidos y de elaborar respuestas (movimientos, pensamientos, elaboraci\u00f3n de sustancias\u2026<\/p>\n<p><a href=\"https:\/\/view.genially.com\/5fb42a977879640d8c0ce127\/vertical-infographic-sistema-nervioso\"><img loading=\"lazy\" decoding=\"async\" class=\"\" src=\"https:\/\/blogsaverroes.juntadeandalucia.es\/verainqueclase\/files\/2020\/11\/genially-sistema-nervioso-300x195.jpg\" width=\"972\" height=\"632\"><\/a><\/p>\n<table>\n<tbody>\n<tr>\n<td><a href=\"https:\/\/wordwall.net\/es\/resource\/5348873\/sistema-nervioso\"><img decoding=\"async\" src=\"https:\/\/blogsaverroes.juntadeandalucia.es\/verainqueclase\/files\/2020\/11\/wordwall-sistema-nervioso-300x203.jpg\"><\/a><\/td>\n<td><a href=\"https:\/\/www.mundoprimaria.com\/juegos-educativos\/jueg-natu-shs-29#google_vignette\"><img decoding=\"async\" src=\"https:\/\/blogsaverroes.juntadeandalucia.es\/verainqueclase\/files\/2023\/09\/juego-sistema-nervioso-300x178.png\"><\/a><\/td>\n<td>&nbsp;<\/td>\n<\/tr>\n<\/tbody>\n<\/table>\n<h4><strong>LA EJECUCI\u00d3N DE LA RESPUESTA Y LA SALUD DE LOS \u00d3RGANOS EFECTORES<\/strong><\/h4>\n<p>Los&nbsp;<strong>\u00f3rganos efectores<\/strong>&nbsp;son los que realizan una acci\u00f3n cuando les llega una orden del sistema nervioso. Los principales son los&nbsp;<strong>m\u00fasculos y las gl\u00e1ndulas.<\/strong><\/p>\n<p><img loading=\"lazy\" decoding=\"async\" class=\" wp-image-1102 alignright\" src=\"https:\/\/blogsaverroes.juntadeandalucia.es\/verainqueclase\/files\/2020\/11\/1b11dce4-deee-48df-984d-9fdc15b7ae5f-298e4b77-7929-4478-82e9-fb4b4dd0817e-v1-300x300.png\" alt=\"\" width=\"165\" height=\"165\"><\/p>\n<ul>\n<li>Los&nbsp;<strong>m\u00fasculos<\/strong>&nbsp;son \u00f3rganos formados por c\u00e9lulas capaces de contraerse al recibir un impulso nervioso. De este modo, producen los movimientos del cuerpo. Hay dos tipos de m\u00fasculos:<\/li>\n<\/ul>\n<ul>\n<li>\n<ul>\n<li><strong>M\u00fasculos esquel\u00e9ticos:&nbsp;<\/strong>Funcionan junto con los huesos del esqueleto, a los que se unen mediante tendones. Forman&nbsp;<strong>aparato locomotor.<\/strong><\/li>\n<\/ul>\n<\/li>\n<\/ul>\n<p><img loading=\"lazy\" decoding=\"async\" class=\"wp-image-1103 alignleft\" src=\"https:\/\/blogsaverroes.juntadeandalucia.es\/verainqueclase\/files\/2020\/11\/fe6baef8-4954-40ea-97d3-541d89c089b7-298e4b77-7929-4478-82e9-fb4b4dd0817e-v1-300x300.png\" alt=\"\" width=\"133\" height=\"133\"><\/p>\n<ul>\n<li>\n<ul>\n<li><strong>M\u00fasculos no esquel\u00e9ticos:&nbsp;<\/strong>Son los mueven \u00f3rganos como el<br \/>\ncoraz\u00f3n, el iris del ojo y el tubo digestivo.<\/li>\n<\/ul>\n<\/li>\n<\/ul>\n<p>&nbsp;<\/p>\n<p>&nbsp;<\/p>\n<p><a href=\"https:\/\/view.genially.com\/62f50ed1a57bfd0012ac555c\/interactive-content-42-aparato-locomotor\"><img loading=\"lazy\" decoding=\"async\" class=\"\" src=\"https:\/\/blogsaverroes.juntadeandalucia.es\/verainqueclase\/files\/2022\/08\/genially-locomotor-300x159.jpg\" width=\"885\" height=\"469\"><\/a><\/p>\n<div class=\"fluid-width-video-wrapper\"><iframe src=\"https:\/\/www.youtube.com\/embed\/OmWrizl5bfI?t=9s\"><\/iframe><\/div>\n<table>\n<tbody>\n<tr>\n<td><a href=\"https:\/\/wordwall.net\/es\/resource\/4521670\/sistema-esquel%c3%a9tico\/sistema-esquel%c3%a9tico\"><img decoding=\"async\" src=\"https:\/\/blogsaverroes.juntadeandalucia.es\/verainqueclase\/files\/2020\/11\/wordwall-esqueleto-300x203.jpg\"><\/a><\/td>\n<td><a href=\"https:\/\/wordwall.net\/es\/resource\/809217\/sistema-muscular\"><img decoding=\"async\" src=\"https:\/\/blogsaverroes.juntadeandalucia.es\/verainqueclase\/files\/2020\/11\/wordwall-m%C3%BAsculos-300x203.jpg\"><\/a><\/td>\n<td><a href=\"https:\/\/view.genially.com\/6377c1628ce2d80013566f98\/interactive-content-quiz-esqueleto\"><img decoding=\"async\" src=\"https:\/\/blogsaverroes.juntadeandalucia.es\/verainqueclase\/files\/2022\/11\/juego-esqueleto-300x183.jpg\"><\/a><\/td>\n<\/tr>\n<tr>\n<td><a href=\"https:\/\/view.genially.com\/5c481c90c432a71f808b76de\/interactive-content-nivel-1funcion-de-relacion\"><img decoding=\"async\" src=\"https:\/\/blogsaverroes.juntadeandalucia.es\/verainqueclase\/files\/2020\/11\/genially-juego-funcion-relacion-300x166.jpg\"><\/a><\/td>\n<td><a href=\"https:\/\/www.mundoprimaria.com\/juegos-educativos\/jueg-natu-shs-30\"><img decoding=\"async\" src=\"https:\/\/blogsaverroes.juntadeandalucia.es\/verainqueclase\/files\/2023\/09\/juego-aparato-locomotor-300x193.png\"><\/a><\/td>\n<td>&nbsp;<\/td>\n<\/tr>\n<\/tbody>\n<\/table>\n<h4>&nbsp;<\/h4>\n<p><a href=\"https:\/\/descargas.intef.es\/recursos_educativos\/It_didac\/CCNN\/6\/02\/Funcion_relacion\/index.html\"><img loading=\"lazy\" decoding=\"async\" class=\"alignnone  wp-image-1887\" src=\"https:\/\/blogsaverroes.juntadeandalucia.es\/manuroca03\/files\/2024\/10\/relacion.jpg\" alt=\"\" width=\"639\" height=\"372\" srcset=\"https:\/\/blogsaverroes.juntadeandalucia.es\/manuroca03\/files\/2024\/10\/relacion.jpg 784w, https:\/\/blogsaverroes.juntadeandalucia.es\/manuroca03\/files\/2024\/10\/relacion-300x174.jpg 300w, https:\/\/blogsaverroes.juntadeandalucia.es\/manuroca03\/files\/2024\/10\/relacion-768x447.jpg 768w\" sizes=\"(max-width: 639px) 100vw, 639px\" \/><\/a><\/p>\n<p><a href=\"https:\/\/descargas.intef.es\/recursos_educativos\/It_didac\/CCNN\/6\/02\/Funcion_relacion\/index.html\"><strong>REA DEL INTEF SOBRE LA FUNCI\u00d3N DE RELACI\u00d3N<\/strong><\/a><\/p>\n<h4><strong>LA REPRODUCCI\u00d3N Y LA SALUD DEL APARATO REPRODUCTOR<\/strong><\/h4>\n<p>La&nbsp;<strong>funci\u00f3n de reproducci\u00f3n<\/strong>&nbsp;es la que nos permite tener descendientes (hijas o hijos).<\/p>\n<p>La realiza el aparato reproductor. Nuestra&nbsp;<strong>reproducci\u00f3n es sexual<\/strong>; es decir, necesitamos diferentes sexos, que nos aportan las c\u00e9lulas reproductoras:&nbsp;<strong>espermatozoides y \u00f3vulos<\/strong>.<\/p>\n<p><a href=\"https:\/\/view.genially.com\/5fb567e145d0f66d1a03c820\/horizontal-infographic-timeline-reproduccion-humana\"><img loading=\"lazy\" decoding=\"async\" class=\"\" src=\"https:\/\/blogsaverroes.juntadeandalucia.es\/verainqueclase\/files\/2020\/11\/genially-aparato-reproductor-300x164.jpg\" width=\"1224\" height=\"669\"><\/a><\/p>\n<p>La reproducci\u00f3n en los seres humanos tiene lugar en tres fases:<strong>&nbsp;la fecundaci\u00f3n, el embarazo y el parto.<\/strong><\/p>\n<p><a href=\"https:\/\/view.genially.com\/5fb57462ddb5136ed064e6e2\/horizontal-infographic-timeline-reproduccion-humana-copia\"><img loading=\"lazy\" decoding=\"async\" class=\"\" src=\"https:\/\/blogsaverroes.juntadeandalucia.es\/verainqueclase\/files\/2020\/11\/genially-proceso-reproducci%C3%B3n-300x166.jpg\" width=\"933\" height=\"516\"><\/a><\/p>\n<p>&nbsp;<\/p>\n<table>\n<tbody>\n<tr>\n<td><a href=\"https:\/\/wordwall.net\/es\/resource\/6094149\/anatom%c3%ada-del-aparato-reproductor-masculino\"><img decoding=\"async\" src=\"https:\/\/blogsaverroes.juntadeandalucia.es\/verainqueclase\/files\/2020\/11\/wordwall-aparato-reproductor-masculino-2-300x203.jpg\"><\/a><\/td>\n<td><a href=\"https:\/\/wordwall.net\/es\/resource\/5805229\/el-cuerpo-humano\/aparato-reproductor-femenino\"><img decoding=\"async\" src=\"https:\/\/blogsaverroes.juntadeandalucia.es\/verainqueclase\/files\/2020\/11\/wordwall-aparato-reproductor-femenino-300x203.jpg\"><\/a><\/td>\n<td><a href=\"https:\/\/wordwall.net\/es\/resource\/2800822\/aparato-reproductor\"><img decoding=\"async\" src=\"https:\/\/blogsaverroes.juntadeandalucia.es\/verainqueclase\/files\/2020\/11\/wordwall-aparato-reproductor-ahorcado-300x203.jpg\"><\/a><\/td>\n<\/tr>\n<tr>\n<td><a href=\"https:\/\/www.mundoprimaria.com\/juegos-educativos\/jueg-natu-shs-37\"><img decoding=\"async\" src=\"https:\/\/blogsaverroes.juntadeandalucia.es\/verainqueclase\/files\/2023\/09\/juego-aparato-reproductor-300x170.png\"><\/a><\/td>\n<td><a href=\"https:\/\/www.mundoprimaria.com\/juegos-educativos\/jueg-natu-shs-39\"><img decoding=\"async\" src=\"https:\/\/blogsaverroes.juntadeandalucia.es\/verainqueclase\/files\/2023\/09\/juego-aparato-reproductor-masc-300x194.png\"><\/a><\/td>\n<td><a href=\"https:\/\/www.mundoprimaria.com\/juegos-educativos\/jueg-natu-shs-40\"><img decoding=\"async\" src=\"https:\/\/blogsaverroes.juntadeandalucia.es\/verainqueclase\/files\/2023\/09\/juego-aparato-reproductor-fem-300x181.png\"><\/a><\/td>\n<\/tr>\n<tr>\n<td><a href=\"https:\/\/view.genially.com\/5c4a0b0a8805472c34466159\/interactive-content-aparato-reproductor-humano\"><img decoding=\"async\" src=\"https:\/\/blogsaverroes.juntadeandalucia.es\/verainqueclase\/files\/2020\/11\/genially-juego-300x166.jpg\"><\/a><\/td>\n<td><a href=\"https:\/\/www.mundoprimaria.com\/juegos-educativos\/juegos-ciencias\/juegos-reproduccion\"><img decoding=\"async\" src=\"https:\/\/blogsaverroes.juntadeandalucia.es\/verainqueclase\/files\/2020\/11\/juego-mundo-reproduccion-300x215.jpg\"><\/a><\/td>\n<td><a href=\"https:\/\/www.mundoprimaria.com\/juegos-educativos\/jueg-natu-shs-41\"><img decoding=\"async\" src=\"https:\/\/blogsaverroes.juntadeandalucia.es\/verainqueclase\/files\/2023\/09\/juego-embarazo-300x190.png\"><\/a><\/td>\n<\/tr>\n<tr>\n<td><a href=\"https:\/\/www.mundoprimaria.com\/juegos-educativos\/jueg-natu-shs-41\"><img loading=\"lazy\" decoding=\"async\" class=\"alignnone size-medium wp-image-5066\" src=\"https:\/\/blogsaverroes.juntadeandalucia.es\/verainqueclase\/files\/2024\/09\/juego-reproduccion-300x168.jpg\" alt=\"\" width=\"300\" height=\"168\"><\/a><\/td>\n<td>&nbsp;<\/td>\n<td>&nbsp;<\/td>\n<\/tr>\n<\/tbody>\n<\/table>\n<p><a href=\"https:\/\/descargas.intef.es\/recursos_educativos\/It_didac\/CCNN\/5\/03\/Las_funciones_vitales_de_los_seres_humanos_la_funcion_de_reproduccion\/index.html\"><img loading=\"lazy\" decoding=\"async\" class=\"alignnone  wp-image-1888\" src=\"https:\/\/blogsaverroes.juntadeandalucia.es\/manuroca03\/files\/2024\/10\/reproduccion.jpg\" alt=\"\" width=\"669\" height=\"372\" srcset=\"https:\/\/blogsaverroes.juntadeandalucia.es\/manuroca03\/files\/2024\/10\/reproduccion.jpg 831w, https:\/\/blogsaverroes.juntadeandalucia.es\/manuroca03\/files\/2024\/10\/reproduccion-300x167.jpg 300w, https:\/\/blogsaverroes.juntadeandalucia.es\/manuroca03\/files\/2024\/10\/reproduccion-768x427.jpg 768w\" sizes=\"(max-width: 669px) 100vw, 669px\" \/><\/a><\/p>\n<p><a href=\"https:\/\/descargas.intef.es\/recursos_educativos\/It_didac\/CCNN\/5\/03\/Las_funciones_vitales_de_los_seres_humanos_la_funcion_de_reproduccion\/index.html\"><strong>REA DEL INTEF SOBRE LA FUNCI\u00d3N DE REPRODUCCI\u00d3N<\/strong><\/a><\/p>\n<p>&nbsp;<\/p>\n<p><span style=\"font-size: 14pt\"><strong>REPASO BREAKOUT<\/strong><\/span><\/p>\n<table>\n<tbody>\n<tr>\n<td><a href=\"https:\/\/view.genially.com\/63289f7824d53e0018253540\/interactive-content-breakout-funcion-de-relacion\"><img decoding=\"async\" src=\"https:\/\/blogsaverroes.juntadeandalucia.es\/verainqueclase\/files\/2022\/09\/breakout-relaci%C3%B3n-300x169.jpg\"><\/a><\/td>\n<td>&nbsp;<\/td>\n<\/tr>\n<\/tbody>\n<\/table>\n","protected":false},"excerpt":{"rendered":"<p>Continuamos nuestra andadura en 6\u00ba curso con otro tema que ya dimos el curso anterior: la funci\u00f3n de relaci\u00f3n y reproducci\u00f3n. Aqu\u00ed aprenderemos: La funci\u00f3n de relaci\u00f3n. Los sentidos y su funcionamiento. El funcionamiento y coordinaci\u00f3n del sistema nervioso. La funci\u00f3n de reproducci\u00f3n y sus aparatos. \u00bfEN QU\u00c9 CONSISTE LA FUNCI\u00d3N DE RELACI\u00d3N? La&nbsp;funci\u00f3n de &hellip; <\/p>\n<p><a class=\"more-link btn\" href=\"https:\/\/blogsaverroes.juntadeandalucia.es\/manuroca03\/u2-cm\/\">Seguir leyendo<\/a><\/p>\n","protected":false},"author":10452,"featured_media":0,"parent":0,"menu_order":0,"comment_status":"closed","ping_status":"closed","template":"","meta":{"ngg_post_thumbnail":0,"footnotes":""},"aioseo_notices":[],"_links":{"self":[{"href":"https:\/\/blogsaverroes.juntadeandalucia.es\/manuroca03\/wp-json\/wp\/v2\/pages\/1878"}],"collection":[{"href":"https:\/\/blogsaverroes.juntadeandalucia.es\/manuroca03\/wp-json\/wp\/v2\/pages"}],"about":[{"href":"https:\/\/blogsaverroes.juntadeandalucia.es\/manuroca03\/wp-json\/wp\/v2\/types\/page"}],"author":[{"embeddable":true,"href":"https:\/\/blogsaverroes.juntadeandalucia.es\/manuroca03\/wp-json\/wp\/v2\/users\/10452"}],"replies":[{"embeddable":true,"href":"https:\/\/blogsaverroes.juntadeandalucia.es\/manuroca03\/wp-json\/wp\/v2\/comments?post=1878"}],"version-history":[{"count":5,"href":"https:\/\/blogsaverroes.juntadeandalucia.es\/manuroca03\/wp-json\/wp\/v2\/pages\/1878\/revisions"}],"predecessor-version":[{"id":1889,"href":"https:\/\/blogsaverroes.juntadeandalucia.es\/manuroca03\/wp-json\/wp\/v2\/pages\/1878\/revisions\/1889"}],"wp:attachment":[{"href":"https:\/\/blogsaverroes.juntadeandalucia.es\/manuroca03\/wp-json\/wp\/v2\/media?parent=1878"}],"curies":[{"name":"wp","href":"https:\/\/api.w.org\/{rel}","templated":true}]}}