{"id":1897,"date":"2024-11-10T18:22:23","date_gmt":"2024-11-10T18:22:23","guid":{"rendered":"https:\/\/blogsaverroes.juntadeandalucia.es\/manuroca03\/?page_id=1897"},"modified":"2024-12-07T10:33:42","modified_gmt":"2024-12-07T10:33:42","slug":"u3-cono","status":"publish","type":"page","link":"https:\/\/blogsaverroes.juntadeandalucia.es\/manuroca03\/u3-cono\/","title":{"rendered":"CM6\u00baU3. LA Tierra cambia continuamente."},"content":{"rendered":"<p>El tercer tema de Conocimiento se dedica a nuestro planeta. En esta unidad aprenderemos:<\/p>\n<ul>\n<li>Las capas de la Tierra.<\/li>\n<li>Los materiales de la geosfera: tipos de rocas.<\/li>\n<li>Las fuerzas del interior de la Tierra.<\/li>\n<li>La atm\u00f3sfera y la hidrosfera y su acci\u00f3n en sobre la Tierra: las rocas sedimentarias.<\/li>\n<li>Cambios que se han producido en nuestro planeta.<\/li>\n<\/ul>\n<h4><strong>\u00bfDE QU\u00c9 EST\u00c1 FORMADA LA TIERRA Y C\u00d3MO FUNCIONA?<\/strong><\/h4>\n<p><a href=\"https:\/\/view.genially.com\/650092204728a60012fb23d3\/interactive-content-53-planeta-tierra-y-recursos\"><img loading=\"lazy\" decoding=\"async\" class=\"\" src=\"https:\/\/blogsaverroes.juntadeandalucia.es\/verainqueclase\/files\/2023\/09\/La-Tierra-y-recursos-300x160.png\" width=\"921\" height=\"491\"><\/a><\/p>\n<p><a href=\"https:\/\/view.genially.com\/67169d0c31926ca715587698\/interactive-content-63-relaciones-planeta-tierra\"><img loading=\"lazy\" decoding=\"async\" class=\"alignnone wp-image-5175\" src=\"https:\/\/blogsaverroes.juntadeandalucia.es\/verainqueclase\/files\/2024\/10\/genially-procesos-tierra-300x169.jpg\" alt=\"\" width=\"872\" height=\"491\"><\/a><\/p>\n<table>\n<tbody>\n<tr>\n<td><a href=\"https:\/\/www.mundoprimaria.com\/juegos-educativos\/jueg-soci-mqv-27\"><img decoding=\"async\" src=\"https:\/\/blogsaverroes.juntadeandalucia.es\/verainqueclase\/files\/2023\/09\/juego-capas-tierra-300x158.png\"><\/a><\/td>\n<td><a href=\"https:\/\/wordwall.net\/es\/resource\/4356221\/capas-de-la-tierra\/capas-de-la-tierra\"><img decoding=\"async\" src=\"https:\/\/blogsaverroes.juntadeandalucia.es\/verainqueclase\/files\/2023\/09\/juego-capas-tierra-2-300x183.png\"><\/a><\/td>\n<td><a href=\"https:\/\/wordwall.net\/es\/resource\/4690733\/3%c2%ba-capas-de-la-tierra\"><img decoding=\"async\" src=\"https:\/\/blogsaverroes.juntadeandalucia.es\/verainqueclase\/files\/2023\/09\/juego-capas-tierra-3-300x167.png\"><\/a><\/td>\n<\/tr>\n<tr>\n<td><a href=\"https:\/\/wordwall.net\/es\/resource\/9422271\/capas-de-la-tierra\"><img decoding=\"async\" src=\"https:\/\/blogsaverroes.juntadeandalucia.es\/verainqueclase\/files\/2023\/09\/juego-capas-tierra-4-300x165.png\"><\/a><\/td>\n<td><a href=\"https:\/\/view.genially.com\/5fc1711c45f1430d9d71b5c5\/interactive-content-capas-terrestres\"><img decoding=\"async\" src=\"https:\/\/blogsaverroes.juntadeandalucia.es\/verainqueclase\/files\/2021\/07\/juego-la-tierra-y-sus-capas-300x199.jpg\"><\/a><\/td>\n<td><a href=\"https:\/\/view.genially.com\/6182c5a4cd32460de12883be\/interactive-content-quiz-capas-de-la-tierra\"><img decoding=\"async\" src=\"https:\/\/blogsaverroes.juntadeandalucia.es\/verainqueclase\/files\/2021\/11\/breakout-capas-de-la-tierra-300x164.jpg\"><\/a><\/td>\n<\/tr>\n<\/tbody>\n<\/table>\n<h4><strong>MATERIALES DE LA TIERRA<\/strong><\/h4>\n<p>La corteza est\u00e1 formada por rocas, y las rocas est\u00e1n formadas por minerales.<\/p>\n<div class=\"fluid-width-video-wrapper\"><iframe src=\"https:\/\/www.youtube.com\/embed\/XQJWUUMTKgo?t=74s\"><\/iframe><\/div>\n<p><a href=\"https:\/\/view.genially.com\/6716a0fccbd8ee34bb4b96c5\"><img loading=\"lazy\" decoding=\"async\" class=\"\" src=\"https:\/\/blogsaverroes.juntadeandalucia.es\/verainqueclase\/files\/2023\/09\/Genially-minerales-300x167.png\" width=\"943\" height=\"525\"><\/a><\/p>\n<p><a href=\"https:\/\/view.genially.com\/6500b6964728a60012fb7b09\/interactive-content-53-las-rocas\"><img loading=\"lazy\" decoding=\"async\" class=\"\" src=\"https:\/\/blogsaverroes.juntadeandalucia.es\/verainqueclase\/files\/2023\/09\/Genially-rocas-300x152.png\" width=\"918\" height=\"465\"><\/a><\/p>\n<table>\n<tbody>\n<tr>\n<td><a href=\"https:\/\/wordwall.net\/es\/resource\/1948088\/propiedades-de-los-minerales\"><img decoding=\"async\" src=\"https:\/\/blogsaverroes.juntadeandalucia.es\/verainqueclase\/files\/2021\/07\/juego-rocas-y-minerales-propiedades-2-300x199.jpg\"><\/a><\/td>\n<td><a href=\"https:\/\/view.genially.com\/654aa74188781c001039c730\/interactive-content-quiz-minerales\"><img decoding=\"async\" src=\"https:\/\/blogsaverroes.juntadeandalucia.es\/verainqueclase\/files\/2023\/11\/Juego-minerales-300x169.jpg\"><\/a><\/td>\n<td><a href=\"https:\/\/www.mundoprimaria.com\/juegos-educativos\/jueg-soci-mqv-25\"><img loading=\"lazy\" decoding=\"async\" class=\"alignnone size-medium wp-image-5179\" src=\"https:\/\/blogsaverroes.juntadeandalucia.es\/verainqueclase\/files\/2024\/10\/juego-rocas-y-minerales-300x169.jpg\" alt=\"\" width=\"300\" height=\"169\"><\/a><\/td>\n<\/tr>\n<tr>\n<td><a href=\"https:\/\/wordwall.net\/es\/resource\/12420973\/las-rocas\"><img decoding=\"async\" src=\"https:\/\/blogsaverroes.juntadeandalucia.es\/verainqueclase\/files\/2021\/07\/juego-rocas-300x199.jpg\"><\/a><\/td>\n<td><a href=\"https:\/\/view.genially.com\/61854b482bbba00e181e0a0d\/interactive-content-verdadero-o-falso-las-rocas\"><img decoding=\"async\" src=\"https:\/\/blogsaverroes.juntadeandalucia.es\/verainqueclase\/files\/2021\/11\/juego-verdadero-o-falso-300x171.jpg\"><\/a><\/td>\n<td><a href=\"https:\/\/wordwall.net\/es\/resource\/15163197\/las-rocas-en-el-paisaje\"><img decoding=\"async\" src=\"https:\/\/blogsaverroes.juntadeandalucia.es\/verainqueclase\/files\/2021\/07\/juego-rocas-y-minerales-propiedades-300x199.jpg\"><\/a><\/td>\n<\/tr>\n<\/tbody>\n<\/table>\n<h4><strong>CAMBIOS EN EL RELIEVE:<\/strong><\/h4>\n<h4><strong>ROCAS CAUSADAS POR EL CALOR DEL INTERIOR DE LA TIERRA<\/strong><\/h4>\n<p><a href=\"https:\/\/view.genially.com\/671aac0af7ba0e66ccf74459\/interactive-content-63-magmatismo\"><img loading=\"lazy\" decoding=\"async\" class=\"alignnone wp-image-5182\" src=\"https:\/\/blogsaverroes.juntadeandalucia.es\/verainqueclase\/files\/2024\/10\/genially-magmatismo-300x179.jpg\" alt=\"\" width=\"1046\" height=\"624\"><\/a><\/p>\n<h4><strong>ROCAS CAUSADAS POR LAS FUERZAS DEL INTERIOR DE LA TIERRA<\/strong><\/h4>\n<p><a href=\"https:\/\/view.genially.com\/671ab5f08c17e8ae3a47b2ff\/interactive-content-63-rocas-metamorficas\"><img loading=\"lazy\" decoding=\"async\" class=\"alignnone wp-image-5183\" src=\"https:\/\/blogsaverroes.juntadeandalucia.es\/verainqueclase\/files\/2024\/10\/genially-rocas-metamorficas-300x169.jpg\" alt=\"\" width=\"914\" height=\"515\"><\/a><\/p>\n<h4><strong>CAMBIOS EN EL RELIEVE: LA ATM\u00d3SFERA, LA HIDROSFERA Y LA GRAVEDAD<\/strong><\/h4>\n<p><a href=\"https:\/\/view.genially.com\/671be3b3dd54469135500f1f\/interactive-content-63-las-meteorizacion\"><img loading=\"lazy\" decoding=\"async\" class=\"alignnone wp-image-5191\" src=\"https:\/\/blogsaverroes.juntadeandalucia.es\/verainqueclase\/files\/2024\/10\/genially-la-meteorizacion-300x165.jpg\" alt=\"\" width=\"980\" height=\"539\"><\/a><\/p>\n<h4><strong>LAS ROCAS SEDIMENTARIAS<\/strong><\/h4>\n<p><a href=\"https:\/\/view.genially.com\/671cc80527a4c8687b864c06\/interactive-content-63-rocas-sedimentarias\"><img loading=\"lazy\" decoding=\"async\" class=\"alignnone wp-image-5193\" src=\"https:\/\/blogsaverroes.juntadeandalucia.es\/verainqueclase\/files\/2024\/10\/genially-rocas-sedimentarias-300x165.jpg\" alt=\"\" width=\"1085\" height=\"597\"><\/a><\/p>\n<table>\n<tbody>\n<tr>\n<td><a href=\"https:\/\/wordwall.net\/es\/resource\/36412023\/ciclo-de-las-rocas\"><img loading=\"lazy\" decoding=\"async\" class=\"alignnone size-medium wp-image-5185\" src=\"https:\/\/blogsaverroes.juntadeandalucia.es\/verainqueclase\/files\/2024\/10\/juego-ciclo-de-rocas-300x172.jpg\" alt=\"\" width=\"300\" height=\"172\"><\/a><\/td>\n<td><a href=\"https:\/\/wordwall.net\/es\/resource\/34874465\/clasificacion-de-las-rocas-7basico\"><img loading=\"lazy\" decoding=\"async\" class=\"alignnone size-medium wp-image-5186\" src=\"https:\/\/blogsaverroes.juntadeandalucia.es\/verainqueclase\/files\/2024\/10\/juego-clasificacion-de-rocas-300x172.jpg\" alt=\"\" width=\"300\" height=\"172\"><\/a><\/td>\n<td><a href=\"https:\/\/wordwall.net\/es\/resource\/4138022\/rocas\"><img loading=\"lazy\" decoding=\"async\" class=\"alignnone size-medium wp-image-5187\" src=\"https:\/\/blogsaverroes.juntadeandalucia.es\/verainqueclase\/files\/2024\/10\/juego-rocas-2-300x172.jpg\" alt=\"\" width=\"300\" height=\"172\"><\/a><\/td>\n<\/tr>\n<tr>\n<td><a href=\"https:\/\/wordwall.net\/es\/resource\/58962419\/las-rocas\"><img loading=\"lazy\" decoding=\"async\" class=\"alignnone size-medium wp-image-5187\" src=\"https:\/\/blogsaverroes.juntadeandalucia.es\/verainqueclase\/files\/2024\/10\/juego-rocas-2-300x172.jpg\" alt=\"\" width=\"300\" height=\"172\"><\/a><\/td>\n<td><a href=\"https:\/\/wordwall.net\/es\/resource\/15566193\/las-rocas\"><img loading=\"lazy\" decoding=\"async\" class=\"alignnone size-medium wp-image-5188\" src=\"https:\/\/blogsaverroes.juntadeandalucia.es\/verainqueclase\/files\/2024\/10\/juego-rocas-3-300x172.jpg\" alt=\"\" width=\"300\" height=\"172\"><\/a><\/td>\n<td><a href=\"https:\/\/wordwall.net\/es\/resource\/62941181\/las-rocas\"><img loading=\"lazy\" decoding=\"async\" class=\"alignnone size-medium wp-image-5189\" src=\"https:\/\/blogsaverroes.juntadeandalucia.es\/verainqueclase\/files\/2024\/10\/juego-rocas-4-300x172.jpg\" alt=\"\" width=\"300\" height=\"172\"><\/a><\/td>\n<\/tr>\n<tr>\n<td><a href=\"https:\/\/wordwall.net\/es\/resource\/34782681\/tipos-de-rocas\"><img loading=\"lazy\" decoding=\"async\" class=\"alignnone size-medium wp-image-5187\" src=\"https:\/\/blogsaverroes.juntadeandalucia.es\/verainqueclase\/files\/2024\/10\/juego-rocas-2-300x172.jpg\" alt=\"\" width=\"300\" height=\"172\"><\/a><\/td>\n<td><a href=\"https:\/\/wordwall.net\/es\/resource\/62326560\/ciencias-naturales\/ciclo-de-las-rocas\"><img loading=\"lazy\" decoding=\"async\" class=\"alignnone size-medium wp-image-5190\" src=\"https:\/\/blogsaverroes.juntadeandalucia.es\/verainqueclase\/files\/2024\/10\/juego-rocas-6-300x172.jpg\" alt=\"\" width=\"300\" height=\"172\"><\/a><\/td>\n<td>&nbsp;<\/td>\n<\/tr>\n<\/tbody>\n<\/table>\n<h4><strong>\u00bfC\u00d3MO HA CAMBIADO LA TIERRA?<\/strong><\/h4>\n<p><a href=\"https:\/\/view.genially.com\/671cf4c2aed98bfc0b04680a\/interactive-content-63-cambios-en-la-tierra\"><img loading=\"lazy\" decoding=\"async\" class=\"alignnone wp-image-5195\" src=\"https:\/\/blogsaverroes.juntadeandalucia.es\/verainqueclase\/files\/2024\/10\/genially-evolucion-tierra-300x165.jpg\" alt=\"\" width=\"971\" height=\"534\"><\/a><\/p>\n<h4><strong>REPASO<\/strong><\/h4>\n<table>\n<tbody>\n<tr>\n<td><a href=\"https:\/\/view.genially.com\/672f40b08666fcd03d43d700\/interactive-content-escape-room-6o-la-tierra-cambia\"><img decoding=\"async\" src=\"https:\/\/blogsaverroes.juntadeandalucia.es\/verainqueclase\/files\/2024\/11\/Escape-room-rocas-y-minerales-300x168.jpg\"><\/a><\/td>\n<td>&nbsp;<\/td>\n<\/tr>\n<\/tbody>\n<\/table>\n","protected":false},"excerpt":{"rendered":"<p>El tercer tema de Conocimiento se dedica a nuestro planeta. En esta unidad aprenderemos: Las capas de la Tierra. Los materiales de la geosfera: tipos de rocas. Las fuerzas del interior de la Tierra. La atm\u00f3sfera y la hidrosfera y su acci\u00f3n en sobre la Tierra: las rocas sedimentarias. Cambios que se han producido en &hellip; <\/p>\n<p><a class=\"more-link btn\" href=\"https:\/\/blogsaverroes.juntadeandalucia.es\/manuroca03\/u3-cono\/\">Seguir leyendo<\/a><\/p>\n","protected":false},"author":10452,"featured_media":0,"parent":0,"menu_order":0,"comment_status":"closed","ping_status":"closed","template":"","meta":{"ngg_post_thumbnail":0,"footnotes":""},"aioseo_notices":[],"_links":{"self":[{"href":"https:\/\/blogsaverroes.juntadeandalucia.es\/manuroca03\/wp-json\/wp\/v2\/pages\/1897"}],"collection":[{"href":"https:\/\/blogsaverroes.juntadeandalucia.es\/manuroca03\/wp-json\/wp\/v2\/pages"}],"about":[{"href":"https:\/\/blogsaverroes.juntadeandalucia.es\/manuroca03\/wp-json\/wp\/v2\/types\/page"}],"author":[{"embeddable":true,"href":"https:\/\/blogsaverroes.juntadeandalucia.es\/manuroca03\/wp-json\/wp\/v2\/users\/10452"}],"replies":[{"embeddable":true,"href":"https:\/\/blogsaverroes.juntadeandalucia.es\/manuroca03\/wp-json\/wp\/v2\/comments?post=1897"}],"version-history":[{"count":2,"href":"https:\/\/blogsaverroes.juntadeandalucia.es\/manuroca03\/wp-json\/wp\/v2\/pages\/1897\/revisions"}],"predecessor-version":[{"id":1906,"href":"https:\/\/blogsaverroes.juntadeandalucia.es\/manuroca03\/wp-json\/wp\/v2\/pages\/1897\/revisions\/1906"}],"wp:attachment":[{"href":"https:\/\/blogsaverroes.juntadeandalucia.es\/manuroca03\/wp-json\/wp\/v2\/media?parent=1897"}],"curies":[{"name":"wp","href":"https:\/\/api.w.org\/{rel}","templated":true}]}}