{"id":1907,"date":"2024-12-07T10:36:48","date_gmt":"2024-12-07T10:36:48","guid":{"rendered":"https:\/\/blogsaverroes.juntadeandalucia.es\/manuroca03\/?page_id=1907"},"modified":"2024-12-07T10:54:31","modified_gmt":"2024-12-07T10:54:31","slug":"u4_lc_6oep","status":"publish","type":"page","link":"https:\/\/blogsaverroes.juntadeandalucia.es\/manuroca03\/u4_lc_6oep\/","title":{"rendered":"LC6\u00baU4. \u00bfY t\u00fa, qu\u00e9 quieres ser?"},"content":{"rendered":"<p>Ya estamos en la \u00faltima unidad del primer trimestre. En ella vamos a recordar los cuentos y las familias de palabras. Veremos la diferencia entre una autobiograf\u00eda y una biograf\u00eda. Escribiremos el argumento para una novela. Recordaremos las clases de nombres, el g\u00e9nero y el n\u00famero. Y terminaremos con la tilde diacr\u00edtica y la tilde en los interrogativos y exclamativos.<\/p>\n<h4><strong>LOS CUENTOS TRADICIONALES Y LOS MODERNOS.<\/strong><\/h4>\n<p><a href=\"https:\/\/view.genially.com\/670d4b59ceee3c4abb38f0fe\/horizontal-infographic-review-64-los-cuentos-tradicionales\"><img loading=\"lazy\" decoding=\"async\" class=\"alignnone wp-image-5079\" src=\"https:\/\/blogsaverroes.juntadeandalucia.es\/verainqueclase\/files\/2024\/10\/genially-cuento-tradicional-300x169.jpg\" alt=\"\" width=\"951\" height=\"536\"><\/a><\/p>\n<h4><strong>FAMILIA DE PALABRAS.<\/strong><\/h4>\n<p><a href=\"https:\/\/view.genially.com\/615c6893c7a39e0ddf49d317\/horizontal-infographic-review-familias-de-palabras\"><img loading=\"lazy\" decoding=\"async\" class=\"\" src=\"https:\/\/blogsaverroes.juntadeandalucia.es\/verainqueclase\/files\/2021\/10\/genially-familia-de-palabras-300x168.jpg\" width=\"845\" height=\"473\"><\/a><\/p>\n<table>\n<tbody>\n<tr>\n<td><a href=\"https:\/\/wordwall.net\/es\/resource\/16736105\/familias-de-palabras\"><img decoding=\"async\" src=\"https:\/\/blogsaverroes.juntadeandalucia.es\/verainqueclase\/files\/2021\/10\/juego-familia-de-palabras-5-300x168.jpg\"><\/a><\/td>\n<td><a href=\"https:\/\/wordwall.net\/es\/resource\/2925688\/familias-de-palabras\"><img decoding=\"async\" src=\"https:\/\/blogsaverroes.juntadeandalucia.es\/verainqueclase\/files\/2021\/10\/juego-familia-de-palabras-4-300x168.jpg\"><\/a><\/td>\n<td><a href=\"https:\/\/wordwall.net\/es\/resource\/14180877\/familias-de-palabras\"><img decoding=\"async\" src=\"https:\/\/blogsaverroes.juntadeandalucia.es\/verainqueclase\/files\/2021\/08\/juego-quiz-300x176.jpg\"><\/a><\/td>\n<\/tr>\n<tr>\n<td><a href=\"https:\/\/www.mundoprimaria.com\/juegos-educativos\/jueg-len-voc-28#google_vignette\"><img decoding=\"async\" src=\"https:\/\/blogsaverroes.juntadeandalucia.es\/verainqueclase\/files\/2022\/09\/juego-familias-de-palabras-300x180.jpg\"><\/a><\/td>\n<td><a href=\"https:\/\/www.mundoprimaria.com\/juegos-educativos\/jueg-len-voc-48\"><img loading=\"lazy\" decoding=\"async\" class=\"alignnone size-medium wp-image-5082\" src=\"https:\/\/blogsaverroes.juntadeandalucia.es\/verainqueclase\/files\/2024\/10\/juego-familia-de-palabras-300x169.jpg\" alt=\"\" width=\"300\" height=\"169\"><\/a><\/td>\n<td><a href=\"https:\/\/www.mundoprimaria.com\/juegos-educativos\/jueg-len-voc-40\"><img loading=\"lazy\" decoding=\"async\" class=\"alignnone size-medium wp-image-5083\" src=\"https:\/\/blogsaverroes.juntadeandalucia.es\/verainqueclase\/files\/2024\/10\/juego-familia-de-palabras-2-300x169.jpg\" alt=\"\" width=\"300\" height=\"169\"><\/a><\/td>\n<\/tr>\n<\/tbody>\n<\/table>\n<h4><strong>LAS BIOGRAF\u00cdAS Y LAS AUTOBIOGRAF\u00cdAS<\/strong><\/h4>\n<p><a href=\"https:\/\/view.genial.ly\/5f9f1f9a87f1e30d1b77efeb\/horizontal-infographic-lists-genially-sin-titulo\"><img loading=\"lazy\" decoding=\"async\" class=\"alignnone wp-image-787\" src=\"https:\/\/blogsaverroes.juntadeandalucia.es\/verainqueclase\/files\/2020\/11\/genially-biograf%C3%ADas-300x193.jpg\" alt=\"\" width=\"720\" height=\"463\"><\/a><\/p>\n<table>\n<tbody>\n<tr>\n<td><a href=\"https:\/\/www.mundoprimaria.com\/lecturas-para-ninos-primaria\/juego-de-biografia\"><img loading=\"lazy\" decoding=\"async\" class=\"alignnone size-medium wp-image-1813\" src=\"https:\/\/blogsaverroes.juntadeandalucia.es\/verainqueclase\/files\/2020\/12\/mundo-biograf%C3%ADas-300x162.jpg\" alt=\"\" width=\"300\" height=\"162\"><\/a><\/td>\n<td>&nbsp;<\/td>\n<td>&nbsp;<\/td>\n<\/tr>\n<\/tbody>\n<\/table>\n<h4><strong>ESCRIBO EL ARGUMENTO DE UNA NOVELA<\/strong><\/h4>\n<p><a href=\"https:\/\/view.genially.com\/63133339324b7d00103c7802\/horizontal-infographic-review-47-la-novela\"><img loading=\"lazy\" decoding=\"async\" class=\"\" src=\"https:\/\/blogsaverroes.juntadeandalucia.es\/verainqueclase\/files\/2022\/09\/genially-la-novela-300x180.jpg\" width=\"917\" height=\"550\"><\/a><\/p>\n<h4><strong>EL NOMBRE<\/strong><\/h4>\n<p><a href=\"https:\/\/view.genially.com\/670d576a0690cb507f735cf7\/interactive-content-64-clases-de-sustantivos\"><img loading=\"lazy\" decoding=\"async\" class=\"alignnone wp-image-5091\" src=\"https:\/\/blogsaverroes.juntadeandalucia.es\/verainqueclase\/files\/2024\/10\/genially-nombres-300x169.jpg\" alt=\"\" width=\"964\" height=\"543\"><\/a><\/p>\n<table>\n<tbody>\n<tr>\n<td><a href=\"http:\/\/www.ceiploreto.es\/sugerencias\/bromera.com\/tl_files\/activitatsdigitals\/Tilde_6_PA\/Tilde6_p046_a5a_1_3b\/index.html\"><img decoding=\"async\" src=\"https:\/\/blogsaverroes.juntadeandalucia.es\/verainqueclase\/files\/2020\/10\/clasifica-sustantivos-1-300x161.jpg\"><\/a><\/td>\n<td><a href=\"http:\/\/www.ceiploreto.es\/sugerencias\/bromera.com\/tl_files\/activitatsdigitals\/Tilde_6_PA\/Tilde6_p046_a5a_1_3b\/index.html\"><img decoding=\"async\" src=\"https:\/\/blogsaverroes.juntadeandalucia.es\/verainqueclase\/files\/2020\/10\/clasifica-sustantivos-2-300x161.jpg\"><\/a><\/td>\n<td><a href=\"https:\/\/www.mundoprimaria.com\/juegos-educativos\/jueg-len-grm-79\"><img decoding=\"async\" src=\"https:\/\/blogsaverroes.juntadeandalucia.es\/verainqueclase\/files\/2022\/08\/juego-sustantivos-300x165.jpg\"><\/a><\/td>\n<\/tr>\n<tr>\n<td><a href=\"https:\/\/view.genially.com\/5f6f9354be23070d182dfec3\/interactive-content-among-us-sustantivos\"><img decoding=\"async\" src=\"https:\/\/blogsaverroes.juntadeandalucia.es\/verainqueclase\/files\/2020\/10\/among-sustantivos-1-300x165.jpg\"><\/a><\/td>\n<td><a href=\"https:\/\/view.genially.com\/5f7899cf3c86e90cf793a729\/interactive-content-sustantivos\"><img decoding=\"async\" src=\"https:\/\/blogsaverroes.juntadeandalucia.es\/verainqueclase\/files\/2020\/10\/among-sustantivos-2-300x165.jpg\"><\/a><\/td>\n<td><a href=\"https:\/\/wordwall.net\/es\/resource\/6077187\/sustantivos\"><img decoding=\"async\" src=\"https:\/\/blogsaverroes.juntadeandalucia.es\/verainqueclase\/files\/2020\/11\/juegos-sustantivos-300x164.jpg\"><\/a><\/td>\n<\/tr>\n<\/tbody>\n<\/table>\n<p><a href=\"https:\/\/view.genially.com\/62fb650f358a9100126d104b\/interactive-content-43-los-nombres\"><img loading=\"lazy\" decoding=\"async\" class=\"\" src=\"https:\/\/blogsaverroes.juntadeandalucia.es\/verainqueclase\/files\/2022\/08\/genially-sustantivos-300x172.jpg\" width=\"958\" height=\"549\"><\/a><\/p>\n<table>\n<tbody>\n<tr>\n<td><a href=\"http:\/\/www.ceiploreto.es\/sugerencias\/bromera.com\/tl_files\/activitatsdigitals\/Tilde_6_PA\/Tilde6_p046_a5a_1_3b\/index.html\"><img decoding=\"async\" src=\"https:\/\/blogsaverroes.juntadeandalucia.es\/verainqueclase\/files\/2020\/10\/clasifica-sustantivos-3-300x161.jpg\"><\/a><\/td>\n<td><a href=\"http:\/\/www.ceiploreto.es\/sugerencias\/bromera.com\/tl_files\/activitatsdigitals\/Tilde_6_PA\/Tilde6_p046_a2a_1_3b\/index.html\"><img decoding=\"async\" src=\"https:\/\/blogsaverroes.juntadeandalucia.es\/verainqueclase\/files\/2020\/10\/clasifica-sustantivos-4-300x161.jpg\"><\/a><\/td>\n<td>&nbsp;<\/td>\n<\/tr>\n<\/tbody>\n<\/table>\n<h4><strong>LA TILDE DIACR\u00cdTICA Y&nbsp;<\/strong><strong>LA TILDE EN INTERROGATIVOS y EXCLAMATIVOS<\/strong><\/h4>\n<p><a href=\"https:\/\/view.genially.com\/670d5c36ceee3c4abb4472bc\/horizontal-infographic-lists-64-tilde-diacritica-e-interrogativos\"><img loading=\"lazy\" decoding=\"async\" class=\"alignnone wp-image-5096\" src=\"https:\/\/blogsaverroes.juntadeandalucia.es\/verainqueclase\/files\/2024\/10\/genially-tilde-diacritica-2-300x169.jpg\" alt=\"\" width=\"994\" height=\"560\"><\/a><\/p>\n<table>\n<tbody>\n<tr>\n<td><a href=\"https:\/\/wordwall.net\/es\/resource\/5928540\/6%c2%ba-tilde-diacr%c3%adtica\"><img decoding=\"async\" src=\"https:\/\/blogsaverroes.juntadeandalucia.es\/verainqueclase\/files\/2020\/11\/juego-pronombres-300x164.jpg\"><\/a><\/td>\n<td><a href=\"https:\/\/www.mundoprimaria.com\/juegos-educativos\/juegos-lenguaje\/juego-monosilabos\"><img decoding=\"async\" src=\"https:\/\/blogsaverroes.juntadeandalucia.es\/verainqueclase\/files\/2020\/11\/juego-campos-tilde-300x164.jpg\"><\/a><\/td>\n<td><a href=\"https:\/\/www.mundoprimaria.com\/juegos-educativos\/juegos-lenguaje\/juego-pronombres-interrogativos\"><img decoding=\"async\" src=\"https:\/\/blogsaverroes.juntadeandalucia.es\/verainqueclase\/files\/2020\/11\/juego-campos-tilde-2-300x164.jpg\"><\/a><\/td>\n<\/tr>\n<tr>\n<td><a href=\"https:\/\/www.mundoprimaria.com\/juegos-educativos\/jueg-len-ort-75\"><img loading=\"lazy\" decoding=\"async\" class=\"alignnone size-medium wp-image-5097\" src=\"https:\/\/blogsaverroes.juntadeandalucia.es\/verainqueclase\/files\/2024\/10\/juego-diacritica-300x169.jpg\" alt=\"\" width=\"300\" height=\"169\"><\/a><\/td>\n<td><a href=\"https:\/\/www.mundoprimaria.com\/juegos-educativos\/jueg-len-ort-76\"><img loading=\"lazy\" decoding=\"async\" class=\"alignnone size-medium wp-image-5098\" src=\"https:\/\/blogsaverroes.juntadeandalucia.es\/verainqueclase\/files\/2024\/10\/juego-interrogativos-300x169.jpg\" alt=\"\" width=\"300\" height=\"169\"><\/a><\/td>\n<\/tr>\n<\/tbody>\n<\/table>\n","protected":false},"excerpt":{"rendered":"<p>Ya estamos en la \u00faltima unidad del primer trimestre. En ella vamos a recordar los cuentos y las familias de palabras. Veremos la diferencia entre una autobiograf\u00eda y una biograf\u00eda. Escribiremos el argumento para una novela. Recordaremos las clases de nombres, el g\u00e9nero y el n\u00famero. Y terminaremos con la tilde diacr\u00edtica y la tilde &hellip; <\/p>\n<p><a class=\"more-link btn\" href=\"https:\/\/blogsaverroes.juntadeandalucia.es\/manuroca03\/u4_lc_6oep\/\">Seguir leyendo<\/a><\/p>\n","protected":false},"author":10452,"featured_media":0,"parent":0,"menu_order":0,"comment_status":"closed","ping_status":"closed","template":"","meta":{"ngg_post_thumbnail":0,"footnotes":""},"aioseo_notices":[],"_links":{"self":[{"href":"https:\/\/blogsaverroes.juntadeandalucia.es\/manuroca03\/wp-json\/wp\/v2\/pages\/1907"}],"collection":[{"href":"https:\/\/blogsaverroes.juntadeandalucia.es\/manuroca03\/wp-json\/wp\/v2\/pages"}],"about":[{"href":"https:\/\/blogsaverroes.juntadeandalucia.es\/manuroca03\/wp-json\/wp\/v2\/types\/page"}],"author":[{"embeddable":true,"href":"https:\/\/blogsaverroes.juntadeandalucia.es\/manuroca03\/wp-json\/wp\/v2\/users\/10452"}],"replies":[{"embeddable":true,"href":"https:\/\/blogsaverroes.juntadeandalucia.es\/manuroca03\/wp-json\/wp\/v2\/comments?post=1907"}],"version-history":[{"count":2,"href":"https:\/\/blogsaverroes.juntadeandalucia.es\/manuroca03\/wp-json\/wp\/v2\/pages\/1907\/revisions"}],"predecessor-version":[{"id":1933,"href":"https:\/\/blogsaverroes.juntadeandalucia.es\/manuroca03\/wp-json\/wp\/v2\/pages\/1907\/revisions\/1933"}],"wp:attachment":[{"href":"https:\/\/blogsaverroes.juntadeandalucia.es\/manuroca03\/wp-json\/wp\/v2\/media?parent=1907"}],"curies":[{"name":"wp","href":"https:\/\/api.w.org\/{rel}","templated":true}]}}