{"id":1910,"date":"2024-12-07T10:38:39","date_gmt":"2024-12-07T10:38:39","guid":{"rendered":"https:\/\/blogsaverroes.juntadeandalucia.es\/manuroca03\/?page_id=1910"},"modified":"2024-12-07T10:55:12","modified_gmt":"2024-12-07T10:55:12","slug":"u5_lc_6oep","status":"publish","type":"page","link":"https:\/\/blogsaverroes.juntadeandalucia.es\/manuroca03\/u5_lc_6oep\/","title":{"rendered":"LC6\u00baU5. Hagamos magia."},"content":{"rendered":"<p>Estrenamos trimestre con la unidad 5.<\/p>\n<p>En este tema comenzaremos describiendo a una persona m\u00e1s adelante describiremos una obra de arte. Todo esto nos ayudar\u00e1 a escribir otro texto literario. Recordaremos los campos sem\u00e1nticos.&nbsp;<\/p>\n<p>Trabajaremos de nuevo con los adjetivos y sus grados. Y terminaremos la unidad repasando el uso del punto, la coma y el punto y coma.<\/p>\n<h4><strong>DESCRIBIR UNA PERSONA<\/strong><\/h4>\n<p><a href=\"https:\/\/view.genially.com\/64fdd5d9ac97450011223ceb\/horizontal-infographic-review-54-la-descripcion\"><img loading=\"lazy\" decoding=\"async\" class=\"\" src=\"https:\/\/blogsaverroes.juntadeandalucia.es\/verainqueclase\/files\/2022\/08\/genially-descripci%C3%B3n-300x170.jpg\" width=\"718\" height=\"407\"><\/a><\/p>\n<h4><strong>LOS CAMPOS SEM\u00c1NTICOS<\/strong><\/h4>\n<h4><img loading=\"lazy\" decoding=\"async\" class=\"\" src=\"https:\/\/blogsaverroes.juntadeandalucia.es\/verainqueclase\/files\/2021\/08\/genially-campos-sem%C3%A1nticos-300x155.jpg\" width=\"714\" height=\"369\"><\/h4>\n<table>\n<tbody>\n<tr>\n<td><a href=\"https:\/\/www.mundoprimaria.com\/juegos-educativos\/juegos-lenguaje\/juego-campos-semanticos\"><img decoding=\"async\" src=\"https:\/\/blogsaverroes.juntadeandalucia.es\/verainqueclase\/files\/2021\/08\/campos-sem%C3%A1nticos-300x155.jpg\"><\/a><\/td>\n<td>&nbsp;<\/td>\n<td>&nbsp;<\/td>\n<\/tr>\n<\/tbody>\n<\/table>\n<h4><strong>DESCRIBIMOS UNA OBRA DE ARTE<\/strong><\/h4>\n<p>&nbsp;<\/p>\n<h4><strong>ESCRIBO UN TEXTO LITERARIO<\/strong><\/h4>\n<p>&nbsp;<\/p>\n<h4><strong>EL ADJETIVO Y SUS GRADOS<\/strong><\/h4>\n<p><img loading=\"lazy\" decoding=\"async\" class=\"alignleft\" src=\"https:\/\/blogsaverroes.juntadeandalucia.es\/verainqueclase\/files\/2021\/08\/descarga-1-3-300x300.png\" width=\"173\" height=\"173\"><\/p>\n<p>Los adjetivos son palabras que nos dicen c\u00f3mo son o est\u00e1n las personas, los animales, las cosas, los lugares\u2026 Los adjetivos siempre acompa\u00f1an a un sustantivo (por lo que tienen el mismo g\u00e9nero y n\u00famero).<\/p>\n<p>Ejemplos de adjetivos son: guapo, alto, rojo, feliz\u2026<\/p>\n<p>&nbsp;<\/p>\n<p><a href=\"https:\/\/view.genially.com\/5dcfeaf260277e0f6fe0f0f1\/presentation-lengua-categorias-gramaticales\"><img loading=\"lazy\" decoding=\"async\" class=\"\" src=\"https:\/\/blogsaverroes.juntadeandalucia.es\/verainqueclase\/files\/2020\/10\/el-adjetivo-300x171.jpg\" width=\"811\" height=\"462\"><\/a><\/p>\n<p><strong>Los adjetivos pueden ser:&nbsp;<\/strong><\/p>\n<ul>\n<li><strong>de dos terminaciones<\/strong>&nbsp;(tienen masculino y femenino): guapo-guapa.<\/li>\n<li><strong>de una terminaci\u00f3n<\/strong>&nbsp;(usan la misma palabra en masculino y femenino: feliz.<\/li>\n<\/ul>\n<div class=\"fluid-width-video-wrapper\"><iframe src=\"https:\/\/www.youtube.com\/embed\/cby4iKqbc30?list=PLF457B8EA1B3039DB&amp;t=1s\"><\/iframe><\/div>\n<table>\n<tbody>\n<tr>\n<td><a href=\"https:\/\/view.genial.ly\/5f874df7bfb0310d772a68af\/vertical-infographic-timeline-genially-sin-titulo\"><img decoding=\"async\" src=\"https:\/\/blogsaverroes.juntadeandalucia.es\/verainqueclase\/files\/2020\/11\/juego-adjetivos-2-terminaciones-300x166.jpg\"><\/a><\/td>\n<td><a href=\"https:\/\/wordwall.net\/es\/resource\/1455933\"><img decoding=\"async\" src=\"https:\/\/blogsaverroes.juntadeandalucia.es\/verainqueclase\/files\/2020\/11\/juego-adjetivos-y-sustantivos-300x166.jpg\"><\/a><\/td>\n<td><a href=\"https:\/\/wordwall.net\/es\/resource\/2162792\"><img decoding=\"async\" src=\"https:\/\/blogsaverroes.juntadeandalucia.es\/verainqueclase\/files\/2020\/11\/juego-adjetivos-300x166.jpg\"><\/a><\/td>\n<\/tr>\n<tr>\n<td><a href=\"https:\/\/wordwall.net\/es\/resource\/2744373\"><img decoding=\"async\" src=\"https:\/\/blogsaverroes.juntadeandalucia.es\/verainqueclase\/files\/2020\/11\/juego-adjetivos-2-300x166.jpg\"><\/a><\/td>\n<td><a href=\"https:\/\/wordwall.net\/es\/resource\/2768425\"><img decoding=\"async\" src=\"https:\/\/blogsaverroes.juntadeandalucia.es\/verainqueclase\/files\/2020\/11\/juego-adjetivos-ahorcado-300x166.jpg\"><\/a><\/td>\n<td><a href=\"https:\/\/wordwall.net\/es\/resource\/1531775\"><img decoding=\"async\" src=\"https:\/\/blogsaverroes.juntadeandalucia.es\/verainqueclase\/files\/2020\/11\/juego-adjetivos-comecocos-300x166.jpg\"><\/a><\/td>\n<\/tr>\n<tr>\n<td><a href=\"https:\/\/view.genially.com\/5ddb6d6583e23a0faa51e543\/game-adjetivo-01\"><img decoding=\"async\" src=\"https:\/\/blogsaverroes.juntadeandalucia.es\/verainqueclase\/files\/2021\/08\/juego-adjetivos-8-300x151.jpg\"><\/a><\/td>\n<td><a href=\"https:\/\/www.mundoprimaria.com\/juegos-educativos\/jueg-len-grm-28\"><img decoding=\"async\" src=\"https:\/\/blogsaverroes.juntadeandalucia.es\/verainqueclase\/files\/2022\/08\/juego-adjetivos-300x170.jpg\"><\/a><\/td>\n<td>&nbsp;<\/td>\n<\/tr>\n<\/tbody>\n<\/table>\n<h4><a href=\"https:\/\/view.genially.com\/5f875ff085fb080d65ce3420\/horizontal-infographic-lists-grados-del-adjetivo\"><img loading=\"lazy\" decoding=\"async\" class=\"\" src=\"https:\/\/blogsaverroes.juntadeandalucia.es\/verainqueclase\/files\/2020\/10\/grados-del-adjetivo-300x149.jpg\" width=\"815\" height=\"405\"><\/a><\/h4>\n<table>\n<tbody>\n<tr>\n<td><img decoding=\"async\" src=\"https:\/\/blogsaverroes.juntadeandalucia.es\/verainqueclase\/files\/2022\/08\/juego-adjetivos-2-300x170.jpg\"><\/td>\n<td><a href=\"https:\/\/wordwall.net\/es\/resource\/6132015\"><img decoding=\"async\" src=\"https:\/\/blogsaverroes.juntadeandalucia.es\/verainqueclase\/files\/2020\/11\/juego-adjetivos-comparativos-300x166.jpg\"><\/a><\/td>\n<td><a href=\"https:\/\/wordwall.net\/es\/resource\/6983396\"><img decoding=\"async\" src=\"https:\/\/blogsaverroes.juntadeandalucia.es\/verainqueclase\/files\/2020\/11\/juego-adjetivos-comparativos-2-300x166.jpg\"><\/a><\/td>\n<\/tr>\n<tr>\n<td><a href=\"https:\/\/wordwall.net\/es\/resource\/3449603\"><img decoding=\"async\" src=\"https:\/\/blogsaverroes.juntadeandalucia.es\/verainqueclase\/files\/2020\/11\/juego-adjetivos-superlativo-300x166.jpg\"><\/a><\/td>\n<td><a href=\"https:\/\/www.mundoprimaria.com\/juegos-educativos\/juegos-lenguaje\/juego-grados-adjetivo\"><img decoding=\"async\" src=\"https:\/\/blogsaverroes.juntadeandalucia.es\/verainqueclase\/files\/2020\/11\/juego-adjetivos-grados-mundo-300x166.jpg\"><\/a><\/td>\n<td>&nbsp;<\/td>\n<\/tr>\n<\/tbody>\n<\/table>\n<h4><strong>EL PUNTO, LA COMA Y EL PUNTO Y COMA<\/strong><\/h4>\n<p><a href=\"https:\/\/view.genially.com\/5fc535f12bc71a0d1932965f\/horizontal-infographic-lists-punto-coma-y-punto-y-coma\"><img loading=\"lazy\" decoding=\"async\" class=\"\" src=\"https:\/\/blogsaverroes.juntadeandalucia.es\/verainqueclase\/files\/2020\/11\/genially-el-punto-y-la-coma-300x153.jpg\" width=\"773\" height=\"394\"><\/a><\/p>\n<table>\n<tbody>\n<tr>\n<td><a href=\"https:\/\/www.mundoprimaria.com\/juegos-educativos\/jueg-len-ort-40\"><img decoding=\"async\" src=\"https:\/\/blogsaverroes.juntadeandalucia.es\/verainqueclase\/files\/2022\/08\/juego-el-punto-y-la-coma-300x170.jpg\"><\/a><\/td>\n<\/tr>\n<\/tbody>\n<\/table>\n","protected":false},"excerpt":{"rendered":"<p>Estrenamos trimestre con la unidad 5. En este tema comenzaremos describiendo a una persona m\u00e1s adelante describiremos una obra de arte. Todo esto nos ayudar\u00e1 a escribir otro texto literario. Recordaremos los campos sem\u00e1nticos.&nbsp; Trabajaremos de nuevo con los adjetivos y sus grados. Y terminaremos la unidad repasando el uso del punto, la coma y &hellip; <\/p>\n<p><a class=\"more-link btn\" href=\"https:\/\/blogsaverroes.juntadeandalucia.es\/manuroca03\/u5_lc_6oep\/\">Seguir leyendo<\/a><\/p>\n","protected":false},"author":10452,"featured_media":0,"parent":0,"menu_order":0,"comment_status":"closed","ping_status":"closed","template":"","meta":{"ngg_post_thumbnail":0,"footnotes":""},"aioseo_notices":[],"_links":{"self":[{"href":"https:\/\/blogsaverroes.juntadeandalucia.es\/manuroca03\/wp-json\/wp\/v2\/pages\/1910"}],"collection":[{"href":"https:\/\/blogsaverroes.juntadeandalucia.es\/manuroca03\/wp-json\/wp\/v2\/pages"}],"about":[{"href":"https:\/\/blogsaverroes.juntadeandalucia.es\/manuroca03\/wp-json\/wp\/v2\/types\/page"}],"author":[{"embeddable":true,"href":"https:\/\/blogsaverroes.juntadeandalucia.es\/manuroca03\/wp-json\/wp\/v2\/users\/10452"}],"replies":[{"embeddable":true,"href":"https:\/\/blogsaverroes.juntadeandalucia.es\/manuroca03\/wp-json\/wp\/v2\/comments?post=1910"}],"version-history":[{"count":2,"href":"https:\/\/blogsaverroes.juntadeandalucia.es\/manuroca03\/wp-json\/wp\/v2\/pages\/1910\/revisions"}],"predecessor-version":[{"id":1934,"href":"https:\/\/blogsaverroes.juntadeandalucia.es\/manuroca03\/wp-json\/wp\/v2\/pages\/1910\/revisions\/1934"}],"wp:attachment":[{"href":"https:\/\/blogsaverroes.juntadeandalucia.es\/manuroca03\/wp-json\/wp\/v2\/media?parent=1910"}],"curies":[{"name":"wp","href":"https:\/\/api.w.org\/{rel}","templated":true}]}}