{"id":1913,"date":"2024-12-07T10:40:17","date_gmt":"2024-12-07T10:40:17","guid":{"rendered":"https:\/\/blogsaverroes.juntadeandalucia.es\/manuroca03\/?page_id=1913"},"modified":"2025-02-02T19:01:24","modified_gmt":"2025-02-02T19:01:24","slug":"u6_lc_6oep","status":"publish","type":"page","link":"https:\/\/blogsaverroes.juntadeandalucia.es\/manuroca03\/u6_lc_6oep\/","title":{"rendered":"LC6\u00baU6. Me siento bien."},"content":{"rendered":"<p>Ya hemos llegado a la mitad de libro, la unidad 6.<\/p>\n<p>En ella recordaremos lo que son las poes\u00edas, las estrofas y los versos, y por supuesto leeremos muchas poes\u00edas.<\/p>\n<p>Continuaremos con algo que ya tenemos m\u00e1s que chupado: los sin\u00f3nimos y los ant\u00f3nimos.<\/p>\n<p>Volveremos a ver las figuras ret\u00f3ricas que se utilizan para embellecer los poemas.<\/p>\n<p>Seguiremos con los determinantes que tambi\u00e9n conoces ya: art\u00edculos, demostrativos, posesivos, numerales e indefinidos. Y a\u00f1adiremos los exclamativos y los interrogativos.<\/p>\n<p>Terminaremos el tema con los dos puntos y los puntos suspensivos.<\/p>\n<h4><strong>LA POES\u00cdA<\/strong><\/h4>\n<p><a href=\"https:\/\/view.genially.com\/64136b193495a300126560fb\/horizontal-infographic-review-49-poesia\"><img loading=\"lazy\" decoding=\"async\" class=\"\" src=\"https:\/\/blogsaverroes.juntadeandalucia.es\/verainqueclase\/files\/2023\/03\/genially-poes%C3%ADa-300x165.jpg\" width=\"851\" height=\"468\"><\/a><\/p>\n<h4><strong>LOS SIN\u00d3NIMOS Y LOS ANT\u00d3NIMOS<\/strong><\/h4>\n<p><a href=\"https:\/\/view.genially.com\/6106c8736fd52b0ddcd88766\/horizontal-infographic-lists-sinonimos-y-antonimos\"><img loading=\"lazy\" decoding=\"async\" class=\"\" src=\"https:\/\/blogsaverroes.juntadeandalucia.es\/verainqueclase\/files\/2021\/08\/genially-sin%C3%B3nimos-y-ant%C3%B3nimos-300x168.jpg\" width=\"887\" height=\"497\"><\/a><\/p>\n<table>\n<tbody>\n<tr>\n<td><a href=\"https:\/\/www.mundoprimaria.com\/juegos-educativos\/juegos-lenguaje\/juego-sinonimos\"><img decoding=\"async\" src=\"https:\/\/blogsaverroes.juntadeandalucia.es\/verainqueclase\/files\/2021\/08\/juego-sin%C3%B3nimos-300x168.jpg\"><\/a><\/td>\n<td><a href=\"https:\/\/view.genially.com\/5c7d4f215d0e4e575e25b2f7\/interactive-content-sinonimos\"><img decoding=\"async\" src=\"https:\/\/blogsaverroes.juntadeandalucia.es\/verainqueclase\/files\/2021\/08\/juego-sin%C3%B3nimos-2-300x168.jpg\"><\/a><\/td>\n<td><a href=\"https:\/\/www.mundoprimaria.com\/juegos-educativos\/jueg-len-voc-21\"><img decoding=\"async\" src=\"https:\/\/blogsaverroes.juntadeandalucia.es\/verainqueclase\/files\/2022\/08\/juego-sin%C3%B3nimos-300x172.jpg\"><\/a><\/td>\n<\/tr>\n<tr>\n<td><a href=\"https:\/\/www.mundoprimaria.com\/juegos-educativos\/jueg-len-voc-33\"><img decoding=\"async\" src=\"https:\/\/blogsaverroes.juntadeandalucia.es\/verainqueclase\/files\/2022\/08\/juego-sin%C3%B3nimos-2-300x172.jpg\"><\/a><\/td>\n<td><a href=\"https:\/\/www.mundoprimaria.com\/juegos-educativos\/jueg-len-voc-20\"><img decoding=\"async\" src=\"https:\/\/blogsaverroes.juntadeandalucia.es\/verainqueclase\/files\/2022\/08\/juego-sin%C3%B3nimos-3-300x172.jpg\"><\/a><\/td>\n<td>&nbsp;<\/td>\n<\/tr>\n<\/tbody>\n<\/table>\n<h4><strong>RECURSOS LITERARIOS<\/strong><\/h4>\n<p><a href=\"https:\/\/view.genially.com\/5fc7ee7e523e3f0ce620e5ca\/horizontal-infographic-review-recursos-literarios-1\"><img loading=\"lazy\" decoding=\"async\" class=\"\" src=\"https:\/\/blogsaverroes.juntadeandalucia.es\/verainqueclase\/files\/2020\/12\/genially-recursos-300x169.jpg\" width=\"813\" height=\"458\"><\/a><\/p>\n<p><a href=\"https:\/\/view.genially.com\/5fca8ec8d207540da68d5c2b\/horizontal-infographic-review-recursos-literarios-2\"><img loading=\"lazy\" decoding=\"async\" class=\"\" src=\"https:\/\/blogsaverroes.juntadeandalucia.es\/verainqueclase\/files\/2020\/12\/genially-figuras-literarias-300x162.jpg\" width=\"759\" height=\"410\"><\/a><\/p>\n<table>\n<tbody>\n<tr>\n<td><a href=\"https:\/\/view.genially.com\/5c7bb04fa159c776290faaf1\/interactive-content-figuras-literarias\"><img decoding=\"async\" src=\"https:\/\/blogsaverroes.juntadeandalucia.es\/verainqueclase\/files\/2020\/12\/genially-figuras-literarias-i-300x153.jpg\"><\/a><\/td>\n<td>&nbsp;<\/td>\n<td>&nbsp;<\/td>\n<\/tr>\n<tr>\n<td>&nbsp;<\/td>\n<td>&nbsp;<\/td>\n<td>&nbsp;<\/td>\n<\/tr>\n<\/tbody>\n<\/table>\n<h4><strong>LOS DETERMINANTES<\/strong><\/h4>\n<p><a href=\"https:\/\/view.genially.com\/6786cb26781345f3f80c52e7\/horizontal-infographic-lists-66-determinantes-6o\"><img loading=\"lazy\" decoding=\"async\" class=\"alignnone wp-image-5319\" src=\"https:\/\/blogsaverroes.juntadeandalucia.es\/verainqueclase\/files\/2025\/01\/genially-determinantes-300x156.jpg\" alt=\"\" width=\"975\" height=\"507\"><\/a><\/p>\n<table>\n<tbody>\n<tr>\n<td><a href=\"https:\/\/www.mundoprimaria.com\/juegos-educativos\/juegos-lenguaje\/juego-articulos\"><img decoding=\"async\" src=\"https:\/\/blogsaverroes.juntadeandalucia.es\/verainqueclase\/files\/2021\/09\/juego-art%C3%ADculos-300x154.jpg\"><\/a><\/td>\n<td><a href=\"https:\/\/wordwall.net\/es\/resource\/2723460\"><img decoding=\"async\" src=\"https:\/\/blogsaverroes.juntadeandalucia.es\/verainqueclase\/files\/2020\/11\/juego-determinantes-300x193.jpg\"><\/a><\/td>\n<td><a href=\"https:\/\/wordwall.net\/es\/resource\/2635790\"><img decoding=\"async\" src=\"https:\/\/blogsaverroes.juntadeandalucia.es\/verainqueclase\/files\/2020\/11\/juego-determinantes-2-300x193.jpg\"><\/a><\/td>\n<\/tr>\n<tr>\n<td><a href=\"https:\/\/wordwall.net\/es\/resource\/1387453\"><img loading=\"lazy\" decoding=\"async\" class=\"alignnone size-medium wp-image-804\" src=\"https:\/\/blogsaverroes.juntadeandalucia.es\/verainqueclase\/files\/2020\/11\/juego-determinantes-topos-posesivos-300x193.jpg\" alt=\"\" width=\"300\" height=\"193\"><\/a><\/td>\n<td><a href=\"https:\/\/www.mundoprimaria.com\/juegos-educativos\/jueg-len-grm-63\"><img decoding=\"async\" src=\"https:\/\/blogsaverroes.juntadeandalucia.es\/verainqueclase\/files\/2022\/08\/juego-art%C3%ADculos-2-300x173.jpg\"><\/a><\/td>\n<td><a href=\"https:\/\/wordwall.net\/es\/resource\/2408597\"><img decoding=\"async\" src=\"https:\/\/blogsaverroes.juntadeandalucia.es\/verainqueclase\/files\/2020\/11\/juego-determinantes-clasifica-300x193.jpg\"><\/a><\/td>\n<\/tr>\n<tr>\n<td><a href=\"https:\/\/wordwall.net\/es\/resource\/4910689\"><img loading=\"lazy\" decoding=\"async\" class=\"alignnone size-medium wp-image-803\" src=\"https:\/\/blogsaverroes.juntadeandalucia.es\/verainqueclase\/files\/2020\/11\/juego-determinantes-topos-3-300x193.jpg\" alt=\"\" width=\"300\" height=\"193\"><\/a><\/td>\n<td><a href=\"https:\/\/wordwall.net\/es\/resource\/1387453\"><img loading=\"lazy\" decoding=\"async\" class=\"alignnone size-medium wp-image-804\" src=\"https:\/\/blogsaverroes.juntadeandalucia.es\/verainqueclase\/files\/2020\/11\/juego-determinantes-topos-posesivos-300x193.jpg\" alt=\"\" width=\"300\" height=\"193\"><\/a><\/td>\n<td><a href=\"https:\/\/www.mundoprimaria.com\/juegos-educativos\/jueg-len-grm-63\"><img loading=\"lazy\" decoding=\"async\" class=\"alignnone size-medium wp-image-3420\" src=\"https:\/\/blogsaverroes.juntadeandalucia.es\/verainqueclase\/files\/2022\/08\/juego-art%C3%ADculos-300x165.jpg\" alt=\"\" width=\"300\" height=\"165\"><\/a><\/td>\n<\/tr>\n<tr>\n<td><a href=\"https:\/\/wordwall.net\/es\/resource\/2339534\"><img decoding=\"async\" src=\"https:\/\/blogsaverroes.juntadeandalucia.es\/verainqueclase\/files\/2020\/11\/juego-demostrativos-2-300x193.jpg\"><\/a><\/td>\n<td><a href=\"https:\/\/www.mundoprimaria.com\/juegos-educativos\/juegos-lenguaje\/juego-demostrativos\"><img decoding=\"async\" src=\"https:\/\/blogsaverroes.juntadeandalucia.es\/verainqueclase\/files\/2020\/11\/juego-demostrativos-3-300x193.jpg\"><\/a><\/td>\n<td><a href=\"https:\/\/www.mundoprimaria.com\/juegos-educativos\/juegos-lenguaje\/juego-variedades-determinantes\"><img decoding=\"async\" src=\"https:\/\/blogsaverroes.juntadeandalucia.es\/verainqueclase\/files\/2020\/11\/juego-demostrativos-4-300x193.jpg\"><\/a><\/td>\n<\/tr>\n<tr>\n<td><a href=\"https:\/\/www.mundoprimaria.com\/juegos-educativos\/jueg-len-grm-64\"><img decoding=\"async\" src=\"https:\/\/blogsaverroes.juntadeandalucia.es\/verainqueclase\/files\/2022\/08\/juego-demostrativos-5-300x165.jpg\"><\/a><\/td>\n<td><a href=\"https:\/\/www.mundoprimaria.com\/juegos-educativos\/jueg-len-grm-65\"><img decoding=\"async\" src=\"https:\/\/blogsaverroes.juntadeandalucia.es\/verainqueclase\/files\/2022\/08\/juego-posesivos-300x165.jpg\"><\/a><\/td>\n<td><a href=\"https:\/\/www.mundoprimaria.com\/juegos-educativos\/jueg-len-grm-66\"><img decoding=\"async\" src=\"https:\/\/blogsaverroes.juntadeandalucia.es\/verainqueclase\/files\/2022\/08\/juego-numerales-300x165.jpg\"><\/a><\/td>\n<\/tr>\n<tr>\n<td><a href=\"https:\/\/www.mundoprimaria.com\/juegos-educativos\/jueg-len-grm-67\"><img loading=\"lazy\" decoding=\"async\" class=\"alignnone size-medium wp-image-3424\" src=\"https:\/\/blogsaverroes.juntadeandalucia.es\/verainqueclase\/files\/2022\/08\/juego-indefinidos-300x165.jpg\" alt=\"\" width=\"300\" height=\"165\"><\/a><\/td>\n<td><a href=\"https:\/\/www.mundoprimaria.com\/juegos-educativos\/jueg-len-grm-43\"><img decoding=\"async\" src=\"https:\/\/blogsaverroes.juntadeandalucia.es\/verainqueclase\/files\/2022\/08\/juego-art%C3%ADculos-1-300x173.jpg\"><\/a><\/td>\n<td><a href=\"https:\/\/www.mundoprimaria.com\/juegos-educativos\/juegos-lenguaje\/juego-determinantes-demostrativos\"><img decoding=\"async\" src=\"https:\/\/blogsaverroes.juntadeandalucia.es\/verainqueclase\/files\/2021\/09\/juego-determinantes-300x154.jpg\"><\/a><\/td>\n<\/tr>\n<tr>\n<td><a href=\"https:\/\/wordwall.net\/es\/resource\/8774711\/demostrativos\"><img decoding=\"async\" src=\"https:\/\/blogsaverroes.juntadeandalucia.es\/verainqueclase\/files\/2021\/09\/juego-demostrativos-3-300x154.jpg\"><\/a><\/td>\n<td><a href=\"https:\/\/www.mundoprimaria.com\/juegos-educativos\/jueg-len-grm-30\"><img decoding=\"async\" src=\"https:\/\/blogsaverroes.juntadeandalucia.es\/verainqueclase\/files\/2022\/08\/juego-demostrativos-300x173.jpg\"><\/a><\/td>\n<td><a href=\"https:\/\/www.mundoprimaria.com\/juegos-educativos\/jueg-len-grm-64\"><img decoding=\"async\" src=\"https:\/\/blogsaverroes.juntadeandalucia.es\/verainqueclase\/files\/2022\/08\/juego-demostrativos-3-300x173.jpg\"><\/a><\/td>\n<\/tr>\n<tr>\n<td><a href=\"https:\/\/wordwall.net\/es\/resource\/11037787\/lengua\/demostrativos-posesivos-y-art%c3%adculos\"><img decoding=\"async\" src=\"https:\/\/blogsaverroes.juntadeandalucia.es\/verainqueclase\/files\/2021\/09\/juego-posesivos-2-300x167.jpg\"><\/a><\/td>\n<td><a href=\"https:\/\/wordwall.net\/es\/resource\/12069615\/numerales-e-indefinidos\"><img decoding=\"async\" src=\"https:\/\/blogsaverroes.juntadeandalucia.es\/verainqueclase\/files\/2021\/09\/juego-numerales-2-300x167.jpg\"><\/a><\/td>\n<td><a href=\"https:\/\/wordwall.net\/es\/resource\/5381882\/n%c3%bameros-ordinales\"><img decoding=\"async\" src=\"https:\/\/blogsaverroes.juntadeandalucia.es\/verainqueclase\/files\/2021\/09\/juego-ordinales-300x167.jpg\"><\/a><\/td>\n<\/tr>\n<tr>\n<td><a href=\"https:\/\/www.mundoprimaria.com\/juegos-educativos\/jueg-len-grm-46\"><img decoding=\"async\" src=\"https:\/\/blogsaverroes.juntadeandalucia.es\/verainqueclase\/files\/2022\/08\/juego-numerales-1-300x170.jpg\"><\/a><\/td>\n<td><a href=\"https:\/\/www.mundoprimaria.com\/juegos-educativos\/jueg-len-grm-66\"><img decoding=\"async\" src=\"https:\/\/blogsaverroes.juntadeandalucia.es\/verainqueclase\/files\/2022\/08\/juego-numerales-2-300x170.jpg\"><\/a><\/td>\n<td>&nbsp;<\/td>\n<\/tr>\n<tr>\n<td>&nbsp;<\/td>\n<td>&nbsp;<\/td>\n<td>&nbsp;<\/td>\n<\/tr>\n<\/tbody>\n<\/table>\n<h4><strong>LOS DOS PUNTOS Y LOS PUNTOS SUPENSIVOS<\/strong><\/h4>\n<p><a href=\"https:\/\/view.genially.com\/6786d402ea9126c14a871708\/horizontal-infographic-lists-66-dos-puntos-y-puntos-suspensivos\"><img loading=\"lazy\" decoding=\"async\" class=\"alignnone wp-image-5322\" src=\"https:\/\/blogsaverroes.juntadeandalucia.es\/verainqueclase\/files\/2025\/01\/genially-dos-puntos-300x156.jpg\" alt=\"\" width=\"983\" height=\"511\"><\/a><\/p>\n<p>&nbsp;<\/p>\n","protected":false},"excerpt":{"rendered":"<p>Ya hemos llegado a la mitad de libro, la unidad 6. En ella recordaremos lo que son las poes\u00edas, las estrofas y los versos, y por supuesto leeremos muchas poes\u00edas. Continuaremos con algo que ya tenemos m\u00e1s que chupado: los sin\u00f3nimos y los ant\u00f3nimos. Volveremos a ver las figuras ret\u00f3ricas que se utilizan para embellecer &hellip; <\/p>\n<p><a class=\"more-link btn\" href=\"https:\/\/blogsaverroes.juntadeandalucia.es\/manuroca03\/u6_lc_6oep\/\">Seguir leyendo<\/a><\/p>\n","protected":false},"author":10452,"featured_media":0,"parent":0,"menu_order":0,"comment_status":"closed","ping_status":"closed","template":"","meta":{"ngg_post_thumbnail":0,"footnotes":""},"aioseo_notices":[],"_links":{"self":[{"href":"https:\/\/blogsaverroes.juntadeandalucia.es\/manuroca03\/wp-json\/wp\/v2\/pages\/1913"}],"collection":[{"href":"https:\/\/blogsaverroes.juntadeandalucia.es\/manuroca03\/wp-json\/wp\/v2\/pages"}],"about":[{"href":"https:\/\/blogsaverroes.juntadeandalucia.es\/manuroca03\/wp-json\/wp\/v2\/types\/page"}],"author":[{"embeddable":true,"href":"https:\/\/blogsaverroes.juntadeandalucia.es\/manuroca03\/wp-json\/wp\/v2\/users\/10452"}],"replies":[{"embeddable":true,"href":"https:\/\/blogsaverroes.juntadeandalucia.es\/manuroca03\/wp-json\/wp\/v2\/comments?post=1913"}],"version-history":[{"count":3,"href":"https:\/\/blogsaverroes.juntadeandalucia.es\/manuroca03\/wp-json\/wp\/v2\/pages\/1913\/revisions"}],"predecessor-version":[{"id":1942,"href":"https:\/\/blogsaverroes.juntadeandalucia.es\/manuroca03\/wp-json\/wp\/v2\/pages\/1913\/revisions\/1942"}],"wp:attachment":[{"href":"https:\/\/blogsaverroes.juntadeandalucia.es\/manuroca03\/wp-json\/wp\/v2\/media?parent=1913"}],"curies":[{"name":"wp","href":"https:\/\/api.w.org\/{rel}","templated":true}]}}