{"id":1922,"date":"2024-12-07T10:45:09","date_gmt":"2024-12-07T10:45:09","guid":{"rendered":"https:\/\/blogsaverroes.juntadeandalucia.es\/manuroca03\/?page_id=1922"},"modified":"2024-12-07T10:57:42","modified_gmt":"2024-12-07T10:57:42","slug":"u6_mt_6oep","status":"publish","type":"page","link":"https:\/\/blogsaverroes.juntadeandalucia.es\/manuroca03\/u6_mt_6oep\/","title":{"rendered":"MT6\u00baU6. \u00bfQuieres ser cient\u00edfico?"},"content":{"rendered":"<p>Comenzamos la unidad 6, el Sistema M\u00e9trico Decimal. Repasaremos las unidades de longitud, capacidad y masa. Aprenderemos a pasar de unas unidades a otras. Y veremos tambi\u00e9n las unidades de superficie y volumen.<\/p>\n<h4><strong>MIDO LONGITUDES, CAPACIDADES Y MASAS<\/strong><\/h4>\n<p>Las unidades de longitud, de capacidad y de masa pertenecen al sistema m\u00e9trico decimal (SMD).<br \/>\nEl metro (m), el litro (L) y el kilogramo (kg) son sus unidades principales.<\/p>\n<p><a href=\"https:\/\/view.genially.com\/5fddf3436157fe0d6918af48\/horizontal-infographic-lists-repaso-unidades-de-medida\"><img loading=\"lazy\" decoding=\"async\" class=\"\" src=\"https:\/\/blogsaverroes.juntadeandalucia.es\/verainqueclase\/files\/2020\/12\/genially-unidades-de-medida-repaso-5%C2%BA-300x150.jpg\" width=\"918\" height=\"459\"><\/a><\/p>\n<table cellpadding=\"1\">\n<tbody>\n<tr>\n<td colspan=\"7\"><strong>LONGITUD<\/strong><\/td>\n<\/tr>\n<tr>\n<td colspan=\"3\"><strong>M\u00faltiplos<\/strong><\/td>\n<td><strong>Unidad<\/strong><\/td>\n<td colspan=\"3\"><strong>Subm\u00faltiplos<\/strong><\/td>\n<\/tr>\n<tr>\n<td>kil\u00f3metro (km)<\/td>\n<td>hect\u00f3metro (hm)<\/td>\n<td>dec\u00e1metro (dam)<\/td>\n<td>metro (m)<\/td>\n<td>dec\u00edmetro (dm)<\/td>\n<td>cent\u00edmetro (cm)<\/td>\n<td>mil\u00edmetro (mm)<\/td>\n<\/tr>\n<tr>\n<td colspan=\"7\"><strong>CAPACIDAD<\/strong><\/td>\n<\/tr>\n<tr>\n<td>kilolitro (kl)<\/td>\n<td>hectolitro (hl)<\/td>\n<td>decalitro (dal)<\/td>\n<td>litro (l)<\/td>\n<td>decilitro (dl)<\/td>\n<td>centilitro (cl)<\/td>\n<td>mililitro (ml)<\/td>\n<\/tr>\n<tr>\n<td colspan=\"7\"><strong>MASA<\/strong><\/td>\n<\/tr>\n<tr>\n<td>kilogramo (kg)<\/td>\n<td>hectogramo (hg)<\/td>\n<td>decagramo (dag)<\/td>\n<td>gramo (g)<\/td>\n<td>decigramo (dg)<\/td>\n<td>centigramo (cg)<\/td>\n<td>miligramo (mg)<\/td>\n<\/tr>\n<\/tbody>\n<\/table>\n<table>\n<tbody>\n<tr>\n<td><a href=\"https:\/\/www.mundoprimaria.com\/juegos-educativos\/jueg-mat-med-48\"><img loading=\"lazy\" decoding=\"async\" class=\"alignnone size-medium wp-image-5226\" src=\"https:\/\/blogsaverroes.juntadeandalucia.es\/verainqueclase\/files\/2024\/11\/juego-unidades-300x186.jpg\" alt=\"\" width=\"300\" height=\"186\"><\/a><\/td>\n<td><a href=\"https:\/\/www.mundoprimaria.com\/juegos-educativos\/juegos-matematicas\/juego-relacion-unidades-longitud#google_vignette\"><img decoding=\"async\" src=\"https:\/\/blogsaverroes.juntadeandalucia.es\/verainqueclase\/files\/2020\/12\/juego-mundo-longitud-300x165.jpg\"><\/a><\/td>\n<td>&nbsp;<\/td>\n<\/tr>\n<tr>\n<td>&nbsp;<\/td>\n<td>&nbsp;<\/td>\n<td>&nbsp;<\/td>\n<\/tr>\n<tr>\n<td><a href=\"https:\/\/www.mundoprimaria.com\/juegos-educativos\/juegos-matematicas\/juego-unidades-capacidad\"><img decoding=\"async\" src=\"https:\/\/blogsaverroes.juntadeandalucia.es\/verainqueclase\/files\/2020\/12\/juego-mundo-capacidad-300x165.jpg\"><\/a><\/td>\n<td><a href=\"https:\/\/www.mundoprimaria.com\/juegos-educativos\/juegos-matematicas\/juego-medir-litros\"><img decoding=\"async\" src=\"https:\/\/blogsaverroes.juntadeandalucia.es\/verainqueclase\/files\/2020\/12\/juego-mundo-unidades-de-capacidad-300x165.jpg\"><\/a><\/td>\n<td><a href=\"https:\/\/www.mundoprimaria.com\/juegos-educativos\/juegos-matematicas\/juego-relacion-unidades-capacidad\"><img decoding=\"async\" src=\"https:\/\/blogsaverroes.juntadeandalucia.es\/verainqueclase\/files\/2020\/12\/juego-mundo-capacidad-2-300x165.jpg\"><\/a><\/td>\n<\/tr>\n<tr>\n<td><a href=\"https:\/\/wordwall.net\/es\/resource\/15994429\/unidades-de-longitud\"><img decoding=\"async\" src=\"https:\/\/blogsaverroes.juntadeandalucia.es\/verainqueclase\/files\/2021\/08\/juego-palabras-compuestas-8-300x188.jpg\"><\/a><\/td>\n<td><a href=\"https:\/\/wordwall.net\/es\/resource\/13947430\/unidades-de-longitud-lh4\"><img decoding=\"async\" src=\"https:\/\/blogsaverroes.juntadeandalucia.es\/verainqueclase\/files\/2021\/07\/juego-organizaci%C3%B3n-territorial-andaluc%C3%ADa-300x178.jpg\"><\/a><\/td>\n<td>&nbsp;<\/td>\n<\/tr>\n<tr>\n<td><a href=\"https:\/\/www.mundoprimaria.com\/juegos-educativos\/juegos-matematicas\/juego-equivalencias-unidades-peso\"><img decoding=\"async\" src=\"https:\/\/blogsaverroes.juntadeandalucia.es\/verainqueclase\/files\/2020\/12\/juego-mundo-peso-300x165.jpg\"><\/a><\/td>\n<td><a href=\"https:\/\/www.mundoprimaria.com\/juegos-educativos\/juegos-matematicas\/juego-gramos\"><img decoding=\"async\" src=\"https:\/\/blogsaverroes.juntadeandalucia.es\/verainqueclase\/files\/2020\/12\/juego-mundo-unidades-de-masa-300x165.jpg\"><\/a><\/td>\n<td>&nbsp;<\/td>\n<\/tr>\n<\/tbody>\n<\/table>\n<h4><strong>TRANSFORMO UNIDADES DE MEDIDA<\/strong><\/h4>\n<p><a href=\"https:\/\/view.genially.com\/615dbe43fc7a310debe2150d\/interactive-content-submultiplos-y-multiplos-del-metro\"><img loading=\"lazy\" decoding=\"async\" class=\"\" src=\"https:\/\/blogsaverroes.juntadeandalucia.es\/verainqueclase\/files\/2024\/02\/genially-longitud-300x152.jpg\" width=\"851\" height=\"431\"><\/a><\/p>\n<p><img loading=\"lazy\" decoding=\"async\" class=\"\" src=\"https:\/\/blogsaverroes.juntadeandalucia.es\/verainqueclase\/files\/2023\/05\/genially-capacidad-300x165.jpg\" width=\"825\" height=\"454\"><\/p>\n<p><a href=\"https:\/\/view.genially.com\/645d0fd692f53700183e45c0\/interactive-content-411-la-medida-de-la-masa\"><img loading=\"lazy\" decoding=\"async\" class=\"\" src=\"https:\/\/blogsaverroes.juntadeandalucia.es\/verainqueclase\/files\/2023\/05\/genially-masa-300x165.jpg\" width=\"965\" height=\"531\"><\/a><\/p>\n<table>\n<tbody>\n<tr>\n<td><a href=\"https:\/\/www.mundoprimaria.com\/juegos-educativos\/juegos-matematicas\/juego-relacion-unidades-longitud\"><img decoding=\"async\" src=\"https:\/\/blogsaverroes.juntadeandalucia.es\/verainqueclase\/files\/2020\/12\/juego-mundo-longitud-300x165.jpg\"><\/a><\/td>\n<td><a href=\"https:\/\/www.mundoprimaria.com\/juegos-educativos\/juegos-matematicas\/unidades-medida\"><img decoding=\"async\" src=\"https:\/\/blogsaverroes.juntadeandalucia.es\/verainqueclase\/files\/2021\/10\/juego-longitud-2-300x158.jpg\"><\/a><\/td>\n<td><a href=\"https:\/\/www.mundoprimaria.com\/juegos-educativos\/juegos-matematicas\/juego-ordenar-diferentes-medidas-longitud\"><img decoding=\"async\" src=\"https:\/\/blogsaverroes.juntadeandalucia.es\/verainqueclase\/files\/2021\/10\/juego-ordenar-longitudes-2-300x158.jpg\"><\/a><\/td>\n<\/tr>\n<tr>\n<td><a href=\"https:\/\/www.mundoprimaria.com\/juegos-educativos\/juegos-matematicas\/juego-diferenciar-distintas-longitudes\"><img decoding=\"async\" src=\"https:\/\/blogsaverroes.juntadeandalucia.es\/verainqueclase\/files\/2021\/10\/juego-longitud-3-300x158.jpg\"><\/a><\/td>\n<td><a href=\"https:\/\/www.mundoprimaria.com\/juegos-educativos\/jueg-mat-med-20\"><img decoding=\"async\" src=\"https:\/\/blogsaverroes.juntadeandalucia.es\/verainqueclase\/files\/2023\/04\/JUEGOS-longitud-300x177.jpg\"><\/a><\/td>\n<td><a href=\"https:\/\/www.mundoprimaria.com\/juegos-educativos\/jueg-mat-med-35\"><img loading=\"lazy\" decoding=\"async\" class=\"alignnone size-medium wp-image-5227\" src=\"https:\/\/blogsaverroes.juntadeandalucia.es\/verainqueclase\/files\/2024\/11\/juego-equivalencias-300x186.jpg\" alt=\"\" width=\"300\" height=\"186\"><\/a><\/td>\n<\/tr>\n<tr>\n<td><a href=\"https:\/\/www.mundoprimaria.com\/juegos-educativos\/jueg-mat-med-28\"><img decoding=\"async\" src=\"https:\/\/blogsaverroes.juntadeandalucia.es\/verainqueclase\/files\/2023\/05\/juego-capacidad-300x165.jpg\"><\/a><\/td>\n<td><a href=\"https:\/\/view.genially.com\/60eb339e37cc8f0dd3cb802f\/interactive-content-pesos-equivalentes\"><img decoding=\"async\" src=\"https:\/\/blogsaverroes.juntadeandalucia.es\/verainqueclase\/files\/2021\/10\/juego-pesos-equivalentes-300x153.jpg\"><\/a><\/td>\n<td>&nbsp;<\/td>\n<\/tr>\n<\/tbody>\n<\/table>\n<h4><b>EXPRESIONES COMPLEJAS E INCOMPLEJAS<\/b><\/h4>\n<p><a href=\"https:\/\/view.genially.com\/5fde1bf860e6a00cfc74d914\/horizontal-infographic-review-sistema-metrico-expresiones-complejas\"><img loading=\"lazy\" decoding=\"async\" class=\"\" src=\"https:\/\/blogsaverroes.juntadeandalucia.es\/verainqueclase\/files\/2020\/12\/genially-expresiones-complejas-y-operaciones-300x165.jpg\" width=\"860\" height=\"473\"><\/a><\/p>\n<table>\n<tbody>\n<tr>\n<td><a href=\"https:\/\/www.mundoprimaria.com\/juegos-educativos\/juegos-matematicas\/juego-unidades-longitud-suma-resta\"><img decoding=\"async\" src=\"https:\/\/blogsaverroes.juntadeandalucia.es\/verainqueclase\/files\/2020\/12\/juego-mundo-suma-y-resta-longitud-300x165.jpg\"><\/a><\/td>\n<td><a href=\"https:\/\/www.mundoprimaria.com\/juegos-educativos\/jueg-mat-med-49\"><img loading=\"lazy\" decoding=\"async\" class=\"alignnone size-medium wp-image-5225\" src=\"https:\/\/blogsaverroes.juntadeandalucia.es\/verainqueclase\/files\/2024\/11\/Juego-expresiones-complejas-300x186.jpg\" alt=\"\" width=\"300\" height=\"186\"><\/a><\/td>\n<td><a href=\"https:\/\/www.mundoprimaria.com\/juegos-educativos\/juegos-matematicas\/juego-expresiones-capacidad\"><img decoding=\"async\" src=\"https:\/\/blogsaverroes.juntadeandalucia.es\/verainqueclase\/files\/2020\/12\/juego-mundo-capacidad-complejas-e-incomplejas-300x165.jpg\"><\/a><\/td>\n<\/tr>\n<tr>\n<td><a href=\"https:\/\/www.mundoprimaria.com\/juegos-educativos\/juegos-matematicas\/juego-expresar-pesos-gramos\"><img decoding=\"async\" src=\"https:\/\/blogsaverroes.juntadeandalucia.es\/verainqueclase\/files\/2020\/12\/juego-mundo-peso-complejos-300x165.jpg\"><\/a><\/td>\n<td><a href=\"https:\/\/view.genially.com\/5c5a71761ef86d73dd972bd8\/interactive-content-unidades-de-medida\"><img decoding=\"async\" src=\"https:\/\/blogsaverroes.juntadeandalucia.es\/verainqueclase\/files\/2020\/12\/juego-unidades-puertas-300x165.jpg\"><\/a><\/td>\n<td><a href=\"https:\/\/view.genially.com\/5e777bd36d276f0db772f5c0\/game-unidades-de-longitud\"><img decoding=\"async\" src=\"https:\/\/blogsaverroes.juntadeandalucia.es\/verainqueclase\/files\/2020\/12\/juego-unidades-puertas-2-300x165.jpg\"><\/a><\/td>\n<\/tr>\n<tr>\n<td><a href=\"https:\/\/www.mundoprimaria.com\/juegos-educativos\/jueg-mat-med-36\"><img loading=\"lazy\" decoding=\"async\" class=\"alignnone size-medium wp-image-5228\" src=\"https:\/\/blogsaverroes.juntadeandalucia.es\/verainqueclase\/files\/2024\/11\/Juego-expresiones-complejas-longitud-300x186.jpg\" alt=\"\" width=\"300\" height=\"186\"><\/a><\/td>\n<td><a href=\"https:\/\/www.mundoprimaria.com\/juegos-educativos\/jueg-mat-med-37\"><img loading=\"lazy\" decoding=\"async\" class=\"alignnone size-medium wp-image-5229\" src=\"https:\/\/blogsaverroes.juntadeandalucia.es\/verainqueclase\/files\/2024\/11\/juego-operaciones-300x186.jpg\" alt=\"\" width=\"300\" height=\"186\"><\/a><\/td>\n<td><a href=\"https:\/\/wordwall.net\/es\/resource\/7394311\/conversi%c3%b3n-entre-unidades-de-medidas-de-longitud\"><img decoding=\"async\" src=\"https:\/\/blogsaverroes.juntadeandalucia.es\/verainqueclase\/files\/2021\/10\/juego-medidas-complejas-2-300x158.jpg\"><\/a><\/td>\n<\/tr>\n<tr>\n<td><a href=\"https:\/\/view.genially.com\/5eb6a0c32fb48d0d930b92fd\/game-breakout-unidades-de-medida-para-recopilatorio\"><img decoding=\"async\" src=\"https:\/\/blogsaverroes.juntadeandalucia.es\/verainqueclase\/files\/2020\/12\/breakout-final-300x165.jpg\"><\/a><\/td>\n<td><a href=\"https:\/\/view.genially.com\/5c7afe5ea159c776290f58f8\/interactive-content-reto-final-6\"><img decoding=\"async\" src=\"https:\/\/blogsaverroes.juntadeandalucia.es\/verainqueclase\/files\/2020\/12\/breakout-vuelta-a-casa-300x165.jpg\"><\/a><\/td>\n<td><a href=\"https:\/\/www.mundoprimaria.com\/juegos-educativos\/juegos-matematicas\/juego-expresar-longitudes\"><img decoding=\"async\" src=\"https:\/\/blogsaverroes.juntadeandalucia.es\/verainqueclase\/files\/2020\/12\/juego-mundo-longitud-complejas-e-incomplejas-300x165.jpg\"><\/a><\/td>\n<\/tr>\n<\/tbody>\n<\/table>\n<h4><strong>MIDO SUPERIFICIES<\/strong><\/h4>\n<p><a href=\"https:\/\/view.genially.com\/5fde4e5fa666f40d7dc6206b\/horizontal-infographic-review-unidades-de-superficie\"><img loading=\"lazy\" decoding=\"async\" class=\"\" src=\"https:\/\/blogsaverroes.juntadeandalucia.es\/verainqueclase\/files\/2020\/12\/genially-superficie-300x157.jpg\" width=\"959\" height=\"502\"><\/a><\/p>\n<table>\n<tbody>\n<tr>\n<td><a href=\"https:\/\/www.mundoprimaria.com\/juegos-educativos\/juegos-matematicas\/juego-contar-unidades-cuadradas\"><img decoding=\"async\" src=\"https:\/\/blogsaverroes.juntadeandalucia.es\/verainqueclase\/files\/2020\/12\/juego-mundo-superficie-cuadros-300x165.jpg\"><\/a><\/td>\n<td><a href=\"https:\/\/www.mundoprimaria.com\/juegos-educativos\/juegos-matematicas\/juego-unidades-superficie\"><img decoding=\"async\" src=\"https:\/\/blogsaverroes.juntadeandalucia.es\/verainqueclase\/files\/2020\/12\/juego-mundo-unidades-de-superficie-300x165.jpg\"><\/a><\/td>\n<td><a href=\"https:\/\/www.mundoprimaria.com\/juegos-educativos\/juegos-matematicas\/juego-medidas-superficie-complejo-simple\"><img decoding=\"async\" src=\"https:\/\/blogsaverroes.juntadeandalucia.es\/verainqueclase\/files\/2020\/12\/juego-mundo-superficie-2-300x165.jpg\"><\/a><\/td>\n<\/tr>\n<tr>\n<td><a href=\"https:\/\/www.mundoprimaria.com\/juegos-educativos\/juegos-matematicas\/juego-metros\"><img decoding=\"async\" src=\"https:\/\/blogsaverroes.juntadeandalucia.es\/verainqueclase\/files\/2020\/12\/juego-mundo-unidades-de-superficie-2-300x165.jpg\"><\/a><\/td>\n<td><a href=\"https:\/\/www.mundoprimaria.com\/juegos-educativos\/juegos-matematicas\/juego-equivalencia-medidas-superficie\"><img decoding=\"async\" src=\"https:\/\/blogsaverroes.juntadeandalucia.es\/verainqueclase\/files\/2020\/12\/juego-mundo-superficie-300x165.jpg\"><\/a><\/td>\n<td><a href=\"https:\/\/view.genially.com\/5eb6a1d28c034e0d162d4c5b\/game-breakout-viajando-desde-casa-para-recopilatorio\"><img decoding=\"async\" src=\"https:\/\/blogsaverroes.juntadeandalucia.es\/verainqueclase\/files\/2020\/12\/breakout-superficie-300x165.jpg\"><\/a><\/td>\n<\/tr>\n<\/tbody>\n<\/table>\n<h4><strong>MIDO VOL\u00daMENES<\/strong><\/h4>\n<p>El volumen de un cuerpo es la cantidad de espacio que ocupa.<\/p>\n<table>\n<tbody>\n<tr>\n<td><img loading=\"lazy\" decoding=\"async\" class=\"alignnone wp-image-1686\" src=\"https:\/\/blogsaverroes.juntadeandalucia.es\/verainqueclase\/files\/2020\/12\/6-5-Unidades-de-volumen-A-300x214.jpg\" alt=\"\" width=\"278\" height=\"198\"><\/td>\n<td><img loading=\"lazy\" decoding=\"async\" class=\"alignnone size-medium wp-image-1687\" src=\"https:\/\/blogsaverroes.juntadeandalucia.es\/verainqueclase\/files\/2020\/12\/6-5-Unidades-de-volumen-b-300x214.jpg\" alt=\"\" width=\"300\" height=\"214\"><\/td>\n<\/tr>\n<tr>\n<td>Los cuerpos ocupan espacio. Para medirlo usamos unidades c\u00fabicas.<\/td>\n<td>Volumen = largo \u00d7 ancho \u00d7 alto<br \/>\nV = 4 \u00d7 2 \u00d7 3 = 24 unidades c\u00fabicas<\/td>\n<\/tr>\n<\/tbody>\n<\/table>\n<p><a href=\"https:\/\/view.genially.com\/5fde54036157fe0d6918b8e2\/horizontal-infographic-review-unidades-de-volumen\"><img loading=\"lazy\" decoding=\"async\" class=\"\" src=\"https:\/\/blogsaverroes.juntadeandalucia.es\/verainqueclase\/files\/2020\/12\/genially-volumen-300x158.jpg\" width=\"843\" height=\"444\"><\/a><\/p>\n<table>\n<tbody>\n<tr>\n<td><a href=\"https:\/\/www.mundoprimaria.com\/juegos-educativos\/juegos-matematicas\/juego-calculo-volumenes\"><img decoding=\"async\" src=\"https:\/\/blogsaverroes.juntadeandalucia.es\/verainqueclase\/files\/2020\/12\/juego-mundo-unidades-de-volumen-2-300x165.jpg\"><\/a><\/td>\n<td><a href=\"https:\/\/www.mundoprimaria.com\/juegos-educativos\/juegos-matematicas\/juego-equivalencia-medidas-volumen\"><img decoding=\"async\" src=\"https:\/\/blogsaverroes.juntadeandalucia.es\/verainqueclase\/files\/2020\/12\/juego-mundo-unidades-de-volumen-300x165.jpg\"><\/a><\/td>\n<td><a href=\"https:\/\/www.mundoprimaria.com\/juegos-educativos\/jueg-mat-pbm-44\"><img loading=\"lazy\" decoding=\"async\" class=\"alignnone size-medium wp-image-5232\" src=\"https:\/\/blogsaverroes.juntadeandalucia.es\/verainqueclase\/files\/2024\/11\/juego-problema-volumen-300x186.jpg\" alt=\"\" width=\"300\" height=\"186\"><\/a><\/td>\n<\/tr>\n<\/tbody>\n<\/table>\n","protected":false},"excerpt":{"rendered":"<p>Comenzamos la unidad 6, el Sistema M\u00e9trico Decimal. Repasaremos las unidades de longitud, capacidad y masa. Aprenderemos a pasar de unas unidades a otras. Y veremos tambi\u00e9n las unidades de superficie y volumen. MIDO LONGITUDES, CAPACIDADES Y MASAS Las unidades de longitud, de capacidad y de masa pertenecen al sistema m\u00e9trico decimal (SMD). El metro &hellip; <\/p>\n<p><a class=\"more-link btn\" href=\"https:\/\/blogsaverroes.juntadeandalucia.es\/manuroca03\/u6_mt_6oep\/\">Seguir leyendo<\/a><\/p>\n","protected":false},"author":10452,"featured_media":0,"parent":0,"menu_order":0,"comment_status":"closed","ping_status":"closed","template":"","meta":{"ngg_post_thumbnail":0,"footnotes":""},"aioseo_notices":[],"_links":{"self":[{"href":"https:\/\/blogsaverroes.juntadeandalucia.es\/manuroca03\/wp-json\/wp\/v2\/pages\/1922"}],"collection":[{"href":"https:\/\/blogsaverroes.juntadeandalucia.es\/manuroca03\/wp-json\/wp\/v2\/pages"}],"about":[{"href":"https:\/\/blogsaverroes.juntadeandalucia.es\/manuroca03\/wp-json\/wp\/v2\/types\/page"}],"author":[{"embeddable":true,"href":"https:\/\/blogsaverroes.juntadeandalucia.es\/manuroca03\/wp-json\/wp\/v2\/users\/10452"}],"replies":[{"embeddable":true,"href":"https:\/\/blogsaverroes.juntadeandalucia.es\/manuroca03\/wp-json\/wp\/v2\/comments?post=1922"}],"version-history":[{"count":2,"href":"https:\/\/blogsaverroes.juntadeandalucia.es\/manuroca03\/wp-json\/wp\/v2\/pages\/1922\/revisions"}],"predecessor-version":[{"id":1938,"href":"https:\/\/blogsaverroes.juntadeandalucia.es\/manuroca03\/wp-json\/wp\/v2\/pages\/1922\/revisions\/1938"}],"wp:attachment":[{"href":"https:\/\/blogsaverroes.juntadeandalucia.es\/manuroca03\/wp-json\/wp\/v2\/media?parent=1922"}],"curies":[{"name":"wp","href":"https:\/\/api.w.org\/{rel}","templated":true}]}}