{"id":1925,"date":"2024-12-07T10:47:34","date_gmt":"2024-12-07T10:47:34","guid":{"rendered":"https:\/\/blogsaverroes.juntadeandalucia.es\/manuroca03\/?page_id=1925"},"modified":"2024-12-07T10:59:34","modified_gmt":"2024-12-07T10:59:34","slug":"u4_cm_6oep","status":"publish","type":"page","link":"https:\/\/blogsaverroes.juntadeandalucia.es\/manuroca03\/u4_cm_6oep\/","title":{"rendered":"CM6\u00baU4. La energ\u00eda."},"content":{"rendered":"<p>La unidad 4 tambi\u00e9n os sonar\u00e1 mucho ya que en ella aprenderemos cosas sobre la materia y la energ\u00eda:<\/p>\n<ul>\n<li>La materia y sus propiedades: generales y espec\u00edficas.<\/li>\n<li>La energ\u00eda y sus clases. Transformaciones.<\/li>\n<li>La electricidad.<\/li>\n<li>Fuentes de energ\u00eda.<\/li>\n<li>Usos de la energ\u00eda.<\/li>\n<\/ul>\n<h4><strong>LA MATERIA Y SUS PROPIEDADES GENERALES y ESPEC\u00cdFICAS.<\/strong><\/h4>\n<p><a href=\"https:\/\/view.genially.com\/5fb81090182eec0cf60d28fe\/vertical-infographic-timeline-la-materia\"><img loading=\"lazy\" decoding=\"async\" class=\"\" src=\"https:\/\/blogsaverroes.juntadeandalucia.es\/verainqueclase\/files\/2020\/11\/genially-materia-300x191.jpg\" width=\"927\" height=\"590\"><\/a><\/p>\n<table>\n<tbody>\n<tr>\n<td><a href=\"https:\/\/wordwall.net\/es\/resource\/3024933\/la-materia\"><img decoding=\"async\" src=\"https:\/\/blogsaverroes.juntadeandalucia.es\/verainqueclase\/files\/2020\/11\/juego-la-materia-300x165.jpg\"><\/a><\/td>\n<td><a href=\"https:\/\/wordwall.net\/es\/resource\/2521122\/la-materia-y-la-densidad\"><img decoding=\"async\" src=\"https:\/\/blogsaverroes.juntadeandalucia.es\/verainqueclase\/files\/2020\/11\/juego-ahorcado-1-300x165.jpg\"><\/a><\/td>\n<td><a href=\"https:\/\/wordwall.net\/es\/resource\/11856296\/1-la-materia\"><img decoding=\"async\" src=\"https:\/\/blogsaverroes.juntadeandalucia.es\/verainqueclase\/files\/2021\/10\/juego-estados-materia-2-300x161.jpg\"><\/a><\/td>\n<\/tr>\n<tr>\n<td><a href=\"https:\/\/www.mundoprimaria.com\/juegos-educativos\/jueg-natu-mye-14#google_vignette\"><img decoding=\"async\" src=\"https:\/\/blogsaverroes.juntadeandalucia.es\/verainqueclase\/files\/2023\/03\/juego-materia-300x176.jpg\"><\/a><\/td>\n<td><a href=\"https:\/\/www.mundoprimaria.com\/juegos-educativos\/jueg-natu-mye-19\"><img loading=\"lazy\" decoding=\"async\" class=\"\" src=\"https:\/\/blogsaverroes.juntadeandalucia.es\/verainqueclase\/files\/2023\/09\/juego-propiedades-materia-300x198.png\" width=\"193\" height=\"127\"><\/a><\/td>\n<td>&nbsp;<\/td>\n<\/tr>\n<\/tbody>\n<\/table>\n<h4><strong>\u00bfQU\u00c9 ES LA ENERG\u00cdA?<\/strong><\/h4>\n<p><img loading=\"lazy\" decoding=\"async\" class=\" wp-image-5252 alignright\" src=\"https:\/\/blogsaverroes.juntadeandalucia.es\/verainqueclase\/files\/2024\/11\/energia-268x268-1.png\" alt=\"\" width=\"164\" height=\"164\"><\/p>\n<p>La&nbsp;<strong>energ\u00eda<\/strong>&nbsp;es todo lo que puede producir cambios en la materia.<\/p>\n<p>Caracter\u00edsticas de las energ\u00eda:<\/p>\n<ul>\n<li><strong>No tiene masa ni volumen<\/strong>. S\u00f3lo podemos medir los cambios que produce en la materia.<\/li>\n<li>Hay&nbsp;<strong>muchos tipos<\/strong>&nbsp;de energ\u00eda: mec\u00e1nica, qu\u00edmica, t\u00e9rmica, el\u00e9ctrica, luminosa, magn\u00e9tica, nuclear\u2026 Y&nbsp;<strong>se puede transformar<\/strong>&nbsp;de un tipo a otro f\u00e1cilmente.<\/li>\n<li><strong>Se puede producir, transportar y almacenar<\/strong><strong>.<\/strong><\/li>\n<\/ul>\n<p><a href=\"https:\/\/view.genially.com\/5fb930587eb7770cfdb2b775\/horizontal-infographic-lists-54-la-energia-y-sus-formas\"><img loading=\"lazy\" decoding=\"async\" class=\"\" src=\"https:\/\/blogsaverroes.juntadeandalucia.es\/verainqueclase\/files\/2020\/11\/genially-tipos-energ%C3%ADa-300x166.jpg\" width=\"923\" height=\"511\"><\/a><\/p>\n<table>\n<tbody>\n<tr>\n<td><a href=\"https:\/\/wordwall.net\/es\/resource\/1383693\/formas-de-presentarse-la-energ%c3%ada\"><img decoding=\"async\" src=\"https:\/\/blogsaverroes.juntadeandalucia.es\/verainqueclase\/files\/2020\/11\/juego-energ%C3%ADa-2-300x165.jpg\"><\/a><\/td>\n<td><a href=\"https:\/\/www.mundoprimaria.com\/juegos-educativos\/jueg-natu-mye-17\"><img decoding=\"async\" src=\"https:\/\/blogsaverroes.juntadeandalucia.es\/verainqueclase\/files\/2023\/03\/juego-formas-energ%C3%ADa-300x176.jpg\"><\/a><\/td>\n<td><a href=\"https:\/\/wordwall.net\/es\/resource\/2790880\/la-energ%c3%ada\"><img decoding=\"async\" src=\"https:\/\/blogsaverroes.juntadeandalucia.es\/verainqueclase\/files\/2020\/11\/juego-energ%C3%ADa-300x165.jpg\"><\/a><\/td>\n<\/tr>\n<tr>\n<td><a href=\"https:\/\/wordwall.net\/es\/resource\/1383735\/caracter%c3%adsticas-de-la-energ%c3%ada\"><img decoding=\"async\" src=\"https:\/\/blogsaverroes.juntadeandalucia.es\/verainqueclase\/files\/2020\/11\/juego-energ%C3%ADa-300x165.jpg\"><\/a><\/td>\n<td><a href=\"https:\/\/www.mundoprimaria.com\/juegos-educativos\/jueg-natu-mye-17#google_vignette\"><img decoding=\"async\" src=\"https:\/\/blogsaverroes.juntadeandalucia.es\/verainqueclase\/files\/2023\/03\/juego-formas-energ%C3%ADa-1-300x176.jpg\"><\/a><\/td>\n<td><a href=\"https:\/\/wordwall.net\/es\/resource\/2978318\/tipos-de-energ%c3%ada\"><img decoding=\"async\" src=\"https:\/\/blogsaverroes.juntadeandalucia.es\/verainqueclase\/files\/2021\/10\/juego-tipos-de-energ%C3%ADa-2-300x161.jpg\"><\/a><\/td>\n<\/tr>\n<tr>\n<td><a href=\"https:\/\/view.genially.com\/5ea49a3cda73ac0d8bf1e473\/interactive-content-escalada-de-energia\"><img decoding=\"async\" src=\"https:\/\/blogsaverroes.juntadeandalucia.es\/verainqueclase\/files\/2021\/10\/juego-energ%C3%ADa-300x161.jpg\"><\/a><\/td>\n<td>&nbsp;<\/td>\n<td>&nbsp;<\/td>\n<\/tr>\n<\/tbody>\n<\/table>\n<h4><strong>LA ELECTRICIDAD<\/strong><\/h4>\n<p><a href=\"https:\/\/view.genially.com\/5fbc2b66a5becd0d00485215\/horizontal-infographic-lists-la-electricidad\"><img loading=\"lazy\" decoding=\"async\" class=\"\" src=\"https:\/\/blogsaverroes.juntadeandalucia.es\/verainqueclase\/files\/2020\/11\/genially-electricidad-300x162.jpg\" width=\"898\" height=\"485\"><\/a><\/p>\n<table>\n<tbody>\n<tr>\n<td><a href=\"https:\/\/www.mundoprimaria.com\/juegos-educativos\/jueg-natu-oym-11\"><img loading=\"lazy\" decoding=\"async\" class=\"alignnone size-medium wp-image-5257\" src=\"https:\/\/blogsaverroes.juntadeandalucia.es\/verainqueclase\/files\/2024\/11\/pANTALLA-JUEGO-300x181.png\" alt=\"\" width=\"300\" height=\"181\"><\/a><\/td>\n<td><a href=\"https:\/\/www.mundoprimaria.com\/juegos-educativos\/jueg-natu-oym-12\"><img loading=\"lazy\" decoding=\"async\" class=\"alignnone size-medium wp-image-5258\" src=\"https:\/\/blogsaverroes.juntadeandalucia.es\/verainqueclase\/files\/2024\/11\/pANTALLA-JUEGO-2-300x198.jpg\" alt=\"\" width=\"300\" height=\"198\"><\/a><\/td>\n<td>&nbsp;<\/td>\n<\/tr>\n<\/tbody>\n<\/table>\n<h4><strong>LAS FUENTES DE ENERG\u00cdA Y SUS TIPOS<\/strong><\/h4>\n<p><a href=\"https:\/\/view.genially.com\/5fb93c6459dafd0d2ef8a6c4\/horizontal-infographic-review-fuentes-de-energia\"><img loading=\"lazy\" decoding=\"async\" class=\"\" src=\"https:\/\/blogsaverroes.juntadeandalucia.es\/verainqueclase\/files\/2020\/11\/genially-fuentes-de-energia-300x166.jpg\" width=\"736\" height=\"407\"><\/a><\/p>\n<table>\n<tbody>\n<tr>\n<td><a href=\"https:\/\/wordwall.net\/es\/resource\/7297494\/las-fuentes-de-energ%c3%ada\"><img decoding=\"async\" src=\"https:\/\/blogsaverroes.juntadeandalucia.es\/verainqueclase\/files\/2020\/11\/juego-la-materia-300x165.jpg\"><\/a><\/td>\n<td><a href=\"https:\/\/www.mundoprimaria.com\/juegos-educativos\/jueg-natu-mye-16\"><img decoding=\"async\" src=\"https:\/\/blogsaverroes.juntadeandalucia.es\/verainqueclase\/files\/2023\/03\/juego-energ%C3%ADa-300x176.jpg\"><\/a><\/td>\n<td><a href=\"https:\/\/www.mundoprimaria.com\/juegos-educativos\/jueg-natu-mye-16\"><img decoding=\"async\" src=\"https:\/\/blogsaverroes.juntadeandalucia.es\/verainqueclase\/files\/2023\/03\/juego-energ%C3%ADa-1-300x176.jpg\"><\/a><\/td>\n<\/tr>\n<tr>\n<td><a href=\"https:\/\/www.mundoprimaria.com\/juegos-educativos\/jueg-natu-mye-23\"><img decoding=\"async\" src=\"https:\/\/blogsaverroes.juntadeandalucia.es\/verainqueclase\/files\/2023\/09\/juego-propiedades-energ%C3%ADa-300x200.png\"><\/a><\/td>\n<td><a href=\"https:\/\/wordwall.net\/es\/resource\/3058974\/energias-renovables-y-no-renovables\"><img decoding=\"async\" src=\"https:\/\/blogsaverroes.juntadeandalucia.es\/verainqueclase\/files\/2021\/09\/juego-br-3-300x167.jpg\"><\/a><\/td>\n<td>&nbsp;<\/td>\n<\/tr>\n<\/tbody>\n<\/table>\n<h4><strong>\u00bfUTILIZAMOS BIEN LA ENERG\u00cdA?<\/strong><\/h4>\n<p><a href=\"https:\/\/view.genially.com\/67376e34569c162c8d68a52a\/presentation-64-usamos-bien-la-energia\"><img loading=\"lazy\" decoding=\"async\" class=\"alignnone wp-image-5263\" src=\"https:\/\/blogsaverroes.juntadeandalucia.es\/verainqueclase\/files\/2024\/11\/genially-uso-responsable-300x195.jpg\" alt=\"\" width=\"892\" height=\"580\"><\/a><\/p>\n<table>\n<tbody>\n<tr>\n<td><a href=\"https:\/\/www.mundoprimaria.com\/juegos-educativos\/jueg-natu-mye-24\"><img loading=\"lazy\" decoding=\"async\" class=\"alignnone size-medium wp-image-5261\" src=\"https:\/\/blogsaverroes.juntadeandalucia.es\/verainqueclase\/files\/2024\/11\/pANTALLA-JUEGO-3-300x215.jpg\" alt=\"\" width=\"300\" height=\"215\"><\/a><\/td>\n<td>&nbsp;<\/td>\n<td>&nbsp;<\/td>\n<\/tr>\n<\/tbody>\n<\/table>\n<h4><strong>ENERG\u00cdA Y MOVIMIENTO<\/strong><\/h4>\n<p><a href=\"https:\/\/view.genially.com\/6738786421911b3e9e16db13\/interactive-content-64-energia-y-movimiento\"><img loading=\"lazy\" decoding=\"async\" class=\"\" src=\"https:\/\/blogsaverroes.juntadeandalucia.es\/verainqueclase\/files\/2023\/09\/genially-aerodin%C3%A1mica-300x166.png\" width=\"822\" height=\"455\"><\/a><\/p>\n<h4><strong>ENERG\u00cdA Y ROBOTS<\/strong><\/h4>\n<p><a href=\"https:\/\/view.genially.com\/6738af9a9e741867a34f5ef6\/interactive-content-64-energia-y-robots\"><img loading=\"lazy\" decoding=\"async\" class=\"\" src=\"https:\/\/blogsaverroes.juntadeandalucia.es\/verainqueclase\/files\/2023\/09\/genially-robots-300x173.png\" width=\"964\" height=\"556\"><\/a><\/p>\n<table>\n<tbody>\n<tr>\n<td><a href=\"https:\/\/view.genially.com\/5cf396dde4094f0f52e19b4b\/game-materia\"><img decoding=\"async\" src=\"https:\/\/blogsaverroes.juntadeandalucia.es\/verainqueclase\/files\/2020\/11\/genially-juegos-materia-y-energ%C3%ADa-300x165.jpg\"><\/a><\/td>\n<td><a href=\"https:\/\/view.genially.com\/5e903608fba9d40d9e3def9c\/game-breakout-breakoutpandemic-world-copia\"><img decoding=\"async\" src=\"https:\/\/blogsaverroes.juntadeandalucia.es\/verainqueclase\/files\/2020\/11\/genially-breakout-pand%C3%A9mico-300x165.jpg\"><\/a><\/td>\n<td><a href=\"https:\/\/view.genially.com\/5cbe0a74b822870ef5d5c6ef\/interactive-content-la-energia\"><img decoding=\"async\" src=\"https:\/\/blogsaverroes.juntadeandalucia.es\/verainqueclase\/files\/2020\/11\/genially-quizz-300x165.jpg\"><\/a><\/td>\n<\/tr>\n<\/tbody>\n<\/table>\n","protected":false},"excerpt":{"rendered":"<p>La unidad 4 tambi\u00e9n os sonar\u00e1 mucho ya que en ella aprenderemos cosas sobre la materia y la energ\u00eda: La materia y sus propiedades: generales y espec\u00edficas. La energ\u00eda y sus clases. Transformaciones. La electricidad. Fuentes de energ\u00eda. Usos de la energ\u00eda. LA MATERIA Y SUS PROPIEDADES GENERALES y ESPEC\u00cdFICAS. &nbsp; \u00bfQU\u00c9 ES LA ENERG\u00cdA? &hellip; <\/p>\n<p><a class=\"more-link btn\" href=\"https:\/\/blogsaverroes.juntadeandalucia.es\/manuroca03\/u4_cm_6oep\/\">Seguir leyendo<\/a><\/p>\n","protected":false},"author":10452,"featured_media":0,"parent":0,"menu_order":0,"comment_status":"closed","ping_status":"closed","template":"","meta":{"ngg_post_thumbnail":0,"footnotes":""},"aioseo_notices":[],"_links":{"self":[{"href":"https:\/\/blogsaverroes.juntadeandalucia.es\/manuroca03\/wp-json\/wp\/v2\/pages\/1925"}],"collection":[{"href":"https:\/\/blogsaverroes.juntadeandalucia.es\/manuroca03\/wp-json\/wp\/v2\/pages"}],"about":[{"href":"https:\/\/blogsaverroes.juntadeandalucia.es\/manuroca03\/wp-json\/wp\/v2\/types\/page"}],"author":[{"embeddable":true,"href":"https:\/\/blogsaverroes.juntadeandalucia.es\/manuroca03\/wp-json\/wp\/v2\/users\/10452"}],"replies":[{"embeddable":true,"href":"https:\/\/blogsaverroes.juntadeandalucia.es\/manuroca03\/wp-json\/wp\/v2\/comments?post=1925"}],"version-history":[{"count":2,"href":"https:\/\/blogsaverroes.juntadeandalucia.es\/manuroca03\/wp-json\/wp\/v2\/pages\/1925\/revisions"}],"predecessor-version":[{"id":1939,"href":"https:\/\/blogsaverroes.juntadeandalucia.es\/manuroca03\/wp-json\/wp\/v2\/pages\/1925\/revisions\/1939"}],"wp:attachment":[{"href":"https:\/\/blogsaverroes.juntadeandalucia.es\/manuroca03\/wp-json\/wp\/v2\/media?parent=1925"}],"curies":[{"name":"wp","href":"https:\/\/api.w.org\/{rel}","templated":true}]}}