{"id":1928,"date":"2024-12-07T10:48:32","date_gmt":"2024-12-07T10:48:32","guid":{"rendered":"https:\/\/blogsaverroes.juntadeandalucia.es\/manuroca03\/?page_id=1928"},"modified":"2025-02-02T19:04:06","modified_gmt":"2025-02-02T19:04:06","slug":"u5_cm_6oep","status":"publish","type":"page","link":"https:\/\/blogsaverroes.juntadeandalucia.es\/manuroca03\/u5_cm_6oep\/","title":{"rendered":"CM6\u00baU5. Progreso y recursos naturales."},"content":{"rendered":"<p>La unidad 5 de Conocimiento la dedicaremos a conocer el relieve y la hidrograf\u00eda de Espa\u00f1a:<\/p>\n<ul>\n<li>Modificaciones del relieve.<\/li>\n<li>El relieve de Espa\u00f1a.<\/li>\n<li>Las costas de Espa\u00f1a.<\/li>\n<li>Vertientes y r\u00edos de Espa\u00f1a.<\/li>\n<li>Relieve e hidrograf\u00eda de Andaluc\u00eda.<\/li>\n<li>Relieve e hidrograf\u00eda de Europa.<\/li>\n<li>Climas del mundo y cambios.<\/li>\n<\/ul>\n<h4><strong>\u00bfC\u00d3MO SE MODIFICA EL RELIEVE?<\/strong><\/h4>\n<p><a href=\"https:\/\/view.genially.com\/6738b891b2fc0aa9332d97ac\/interactive-content-65-el-relieve\"><img loading=\"lazy\" decoding=\"async\" class=\"alignnone wp-image-5278\" src=\"https:\/\/blogsaverroes.juntadeandalucia.es\/verainqueclase\/files\/2024\/11\/genially-relieve-300x165.jpg\" alt=\"\" width=\"891\" height=\"490\"><\/a><\/p>\n<p><a href=\"https:\/\/view.genially.com\/5f8c903285fb080d65ce8934\/horizontal-infographic-lists-cambios-en-el-relieve\"><img loading=\"lazy\" decoding=\"async\" class=\"\" src=\"https:\/\/blogsaverroes.juntadeandalucia.es\/verainqueclase\/files\/2020\/10\/cambios-relieves-genialy-300x147.jpg\" width=\"892\" height=\"437\"><\/a><\/p>\n<h4><strong>\u00bfPOR QU\u00c9 ES AS\u00cd EL RELIEVE DE ESPA\u00d1A?<\/strong><\/h4>\n<p><a href=\"https:\/\/earth.google.com\/web\/@18.29656688,0.2115022,5026.76568005a,17263123.9560628d,35y,0.42057461h,0t,0r\/data=CgRCAggBOgMKATBCAggASg0I____________ARAA\"><img loading=\"lazy\" decoding=\"async\" class=\"\" src=\"https:\/\/blogsaverroes.juntadeandalucia.es\/verainqueclase\/files\/2020\/10\/Planeta-Tierra-300x147.jpg\" width=\"971\" height=\"476\"><\/a><\/p>\n<p>Espa\u00f1a est\u00e1 situada en el hemisferio norte, en el suroeste de Europa. Est\u00e1 formada por gran parte de la pen\u00ednsula ib\u00e9rica, las Islas Canarias, las Islas Baleares y las ciudades aut\u00f3nomas de Ceuta y Melilla, situadas en el norte \u00c1frica.<\/p>\n<p><img loading=\"lazy\" decoding=\"async\" class=\" wp-image-506 alignleft\" src=\"https:\/\/blogsaverroes.juntadeandalucia.es\/verainqueclase\/files\/2020\/10\/Espa%C3%B1a-300x259.jpg\" alt=\"\" width=\"236\" height=\"204\"><\/p>\n<p><strong>Los l\u00edmites de Espa\u00f1a:<\/strong><\/p>\n<ul>\n<li>Al norte: mar Cant\u00e1brico, Francia y Andorra.<\/li>\n<li>Al sur: oc\u00e9ano Atl\u00e1ntico y&nbsp; mar Mediterr\u00e1neo.<\/li>\n<li>Al este: mar Mediterr\u00e1neo.<\/li>\n<li>Al oeste: oc\u00e9ano Atl\u00e1ntico y Portugal.<\/li>\n<li>Las Islas Baleares est\u00e1n en el mar Mediterr\u00e1neo y las Islas Canarias en el oc\u00e9ano Atl\u00e1ntico.<\/li>\n<\/ul>\n<p><img loading=\"lazy\" decoding=\"async\" class=\"wp-image-509 alignright\" src=\"https:\/\/blogsaverroes.juntadeandalucia.es\/verainqueclase\/files\/2020\/10\/mapa-fisico-espa%C3%B1a-300x204.jpg\" alt=\"\" width=\"243\" height=\"166\"><\/p>\n<p>Espa\u00f1a tiene una media de altitud de unos 650 metros, siendo el segundo pa\u00eds de Europa, despu\u00e9s de Suiza.<\/p>\n<p>Esto se debe a las numerosas cordilleras y sistemas monta\u00f1osos, y a que la meseta central (llanura elevada) ocupa gran parte de su territorio.<\/p>\n<p>El relieve de las Islas Canarias es de origen volc\u00e1nico.<\/p>\n<p>Mientras que el relieve de las Islas Baleares es una continuaci\u00f3n de la Cordilleras B\u00e9ticas.<\/p>\n<h4><strong>\u00bfQU\u00c9 FORMAS DEL RELIEVE HAY EN LA PEN\u00cdNSULA?<\/strong><\/h4>\n<p><a href=\"https:\/\/view.genially.com\/5f8b6a393a92bc0d9b3a0cf6\/horizontal-infographic-maps-relieve-de-espana\"><img loading=\"lazy\" decoding=\"async\" class=\"\" src=\"https:\/\/blogsaverroes.juntadeandalucia.es\/verainqueclase\/files\/2020\/10\/Relieve-espa%C3%B1a-genially-300x171.jpg\" width=\"974\" height=\"555\"><\/a><\/p>\n<table>\n<tbody>\n<tr>\n<td><a href=\"https:\/\/view.genially.com\/5c75362208403f02612b187d\/interactive-content-mapa-fisico-de-espana\"><img decoding=\"async\" src=\"https:\/\/blogsaverroes.juntadeandalucia.es\/verainqueclase\/files\/2020\/10\/mapa-fisico-espa%C3%B1a-genialy-300x168.jpg\"><\/a><\/td>\n<td><a href=\"https:\/\/view.genially.com\/5de2a782155e0a0f635d65b9\/game-breakout-espana-fisica\"><img decoding=\"async\" src=\"https:\/\/blogsaverroes.juntadeandalucia.es\/verainqueclase\/files\/2020\/10\/juego-geograf%C3%ADa-espa%C3%B1a-300x168.jpg\"><\/a><\/td>\n<td><a href=\"https:\/\/mapasinteractivos.didactalia.net\/comunidad\/mapasflashinteractivos\/recurso\/relieve-de-espaa\/b08c36e5-ed54-46e1-995f-354b59d8dd08\"><img decoding=\"async\" src=\"https:\/\/blogsaverroes.juntadeandalucia.es\/verainqueclase\/files\/2020\/10\/juego-educalia-300x205.jpg\"><\/a><\/td>\n<\/tr>\n<tr>\n<td><a href=\"https:\/\/wordwall.net\/es\/resource\/5448509\/mapa-f%c3%adsico-espa%c3%b1a\/el-relieve-de-espa%c3%b1a\"><img loading=\"lazy\" decoding=\"async\" class=\"alignnone size-medium wp-image-5342\" src=\"https:\/\/blogsaverroes.juntadeandalucia.es\/verainqueclase\/files\/2025\/01\/juego-relieve-espana-300x178.jpg\" alt=\"\" width=\"300\" height=\"178\"><\/a><\/td>\n<td><a href=\"https:\/\/wordwall.net\/es\/resource\/2002534\/el-relieve-de-espa%C3%B1a\"><img loading=\"lazy\" decoding=\"async\" class=\"alignnone size-medium wp-image-5343\" src=\"https:\/\/blogsaverroes.juntadeandalucia.es\/verainqueclase\/files\/2025\/01\/juego-relieve-espana-2-300x178.jpg\" alt=\"\" width=\"300\" height=\"178\"><\/a><\/td>\n<td><a href=\"https:\/\/wordwall.net\/es\/resource\/37455854\/el-relieve-de-espa%C3%B1a\"><img loading=\"lazy\" decoding=\"async\" class=\"alignnone size-medium wp-image-5344\" src=\"https:\/\/blogsaverroes.juntadeandalucia.es\/verainqueclase\/files\/2025\/01\/juego-relieve-espana-3-300x178.jpg\" alt=\"\" width=\"300\" height=\"178\"><\/a><\/td>\n<\/tr>\n<tr>\n<td><a href=\"https:\/\/view.genially.com\/61896781d258f40d6c513e0e\/interactive-content-donde-esta-relieve-de-espana\"><img loading=\"lazy\" decoding=\"async\" class=\"alignnone size-medium wp-image-5349\" src=\"https:\/\/blogsaverroes.juntadeandalucia.es\/verainqueclase\/files\/2025\/01\/juego-relieve-espana-4-300x178.jpg\" alt=\"\" width=\"300\" height=\"178\"><\/a><\/td>\n<td>&nbsp;<\/td>\n<td>&nbsp;<\/td>\n<\/tr>\n<\/tbody>\n<\/table>\n<h4><strong>LA COSTA ESPA\u00d1OLA<\/strong><\/h4>\n<p><a href=\"https:\/\/view.genially.com\/5f8c621a01a73210ef119eda\/horizontal-infographic-maps-relieve-costas\"><img loading=\"lazy\" decoding=\"async\" class=\"\" src=\"https:\/\/blogsaverroes.juntadeandalucia.es\/verainqueclase\/files\/2020\/10\/relieve-costas-300x171.jpg\" width=\"900\" height=\"513\"><\/a><\/p>\n<table>\n<tbody>\n<tr>\n<td><a href=\"https:\/\/wordwall.net\/es\/resource\/38316331\/turismo\/costas-de-espa%c3%b1a\"><img loading=\"lazy\" decoding=\"async\" class=\"alignnone size-medium wp-image-5345\" src=\"https:\/\/blogsaverroes.juntadeandalucia.es\/verainqueclase\/files\/2025\/01\/juego-costas-espana-300x178.jpg\" alt=\"\" width=\"300\" height=\"178\"><\/a><\/td>\n<td><a href=\"https:\/\/view.genially.com\/618bf49bf237b50de010ce4e\/interactive-content-verdadero-o-falso-costas-de-espana\"><img loading=\"lazy\" decoding=\"async\" class=\"alignnone size-medium wp-image-5347\" src=\"https:\/\/blogsaverroes.juntadeandalucia.es\/verainqueclase\/files\/2025\/01\/juego-costas-espana-2-300x178.jpg\" alt=\"\" width=\"300\" height=\"178\"><\/a><\/td>\n<td><a href=\"https:\/\/view.genially.com\/618bef882e04940dfb9962be\/interactive-content-donde-esta-costas-de-espana\"><img loading=\"lazy\" decoding=\"async\" class=\"alignnone size-medium wp-image-5348\" src=\"https:\/\/blogsaverroes.juntadeandalucia.es\/verainqueclase\/files\/2025\/01\/juego-costas-espana-3-300x178.jpg\" alt=\"\" width=\"300\" height=\"178\"><\/a><\/td>\n<\/tr>\n<tr>\n<td>&nbsp;<\/td>\n<td>&nbsp;<\/td>\n<td>&nbsp;<\/td>\n<\/tr>\n<\/tbody>\n<\/table>\n<h4><strong>R\u00cdOS DE ESPA\u00d1A<\/strong><\/h4>\n<p><img loading=\"lazy\" decoding=\"async\" class=\" wp-image-5351 alignright\" src=\"https:\/\/blogsaverroes.juntadeandalucia.es\/verainqueclase\/files\/2025\/01\/oooo-300x296-1.jpg\" alt=\"\" width=\"188\" height=\"185\">Los r\u00edos espa\u00f1oles se caracterizan por:<\/p>\n<ul>\n<li>escaso caudal (agua que lleva un r\u00edo en un lugar y momento determinado).<\/li>\n<li>r\u00e9gimen irregular (algunos meses llevan mucha agua y otros no).<\/li>\n<li>son relativamente cortos (s\u00f3lo cinco superan los 500 km de longitud).<\/li>\n<\/ul>\n<p>Los r\u00edos espa\u00f1oles desembocan en 3 vertientes: cant\u00e1brica, atl\u00e1ntica y mediterr\u00e1nea.<\/p>\n<p><a href=\"https:\/\/view.genially.com\/5f9d54a68519011e966a3c7d\/interactive-image-vertientes\"><img loading=\"lazy\" decoding=\"async\" class=\"\" src=\"https:\/\/blogsaverroes.juntadeandalucia.es\/verainqueclase\/files\/2020\/10\/genially-vertientes-300x222.jpg\" width=\"999\" height=\"739\"><\/a><\/p>\n<p><a href=\"https:\/\/view.genially.com\/5c75362208403f02612b187d\/interactive-content-mapa-fisico-de-espana\"><img loading=\"lazy\" decoding=\"async\" class=\"\" src=\"https:\/\/blogsaverroes.juntadeandalucia.es\/verainqueclase\/files\/2020\/10\/mapa-fisico-espa%C3%B1a-genialy-300x168.jpg\" width=\"782\" height=\"438\"><\/a><\/p>\n<p><a href=\"https:\/\/view.genially.com\/679bd2e83d1a5eed1e3cca64\/interactive-image-65-lagos-y-lagunas-de-espana\"><img loading=\"lazy\" decoding=\"async\" class=\"alignnone wp-image-5356\" src=\"https:\/\/blogsaverroes.juntadeandalucia.es\/verainqueclase\/files\/2025\/01\/genially-lagos-y-lagunas-300x178.jpg\" alt=\"\" width=\"913\" height=\"542\"><\/a><\/p>\n<table>\n<tbody>\n<tr>\n<td><a href=\"https:\/\/www.mundoprimaria.com\/juegos-educativos\/juegos-mapas-espana\/rios-uno\"><img decoding=\"async\" src=\"https:\/\/blogsaverroes.juntadeandalucia.es\/verainqueclase\/files\/2020\/10\/juegos-r%C3%ADos-300x243.jpg\"><\/a><\/td>\n<td><a href=\"https:\/\/www.mundoprimaria.com\/juegos-educativos\/juegos-mapas-espana\/rios-dos\"><img decoding=\"async\" src=\"https:\/\/blogsaverroes.juntadeandalucia.es\/verainqueclase\/files\/2020\/10\/juegos-r%C3%ADos-2-300x243.jpg\"><\/a><\/td>\n<td><a href=\"https:\/\/www.purposegames.com\/game\/relieve-y-rios-de-espana\"><img decoding=\"async\" src=\"https:\/\/blogsaverroes.juntadeandalucia.es\/verainqueclase\/files\/2020\/10\/r%C3%ADos-purpose-games-300x205.jpg\"><\/a><\/td>\n<\/tr>\n<tr>\n<td><a href=\"https:\/\/mapasinteractivos.didactalia.net\/comunidad\/mapasflashinteractivos\/recurso\/rios-de-espaa\/6b90cb5d-8084-4d44-9cc6-990fe7068e38\"><img decoding=\"async\" src=\"https:\/\/blogsaverroes.juntadeandalucia.es\/verainqueclase\/files\/2020\/10\/r%C3%ADos-educalia-300x205.jpg\"><\/a><\/td>\n<td><a href=\"https:\/\/mapasinteractivos.didactalia.net\/comunidad\/mapasflashinteractivos\/recurso\/rios-de-espaa\/baf5ae9b-b0f9-4476-a05e-8465d60b21a1\"><img decoding=\"async\" src=\"https:\/\/blogsaverroes.juntadeandalucia.es\/verainqueclase\/files\/2020\/10\/r%C3%ADos-educalia-2-300x205.jpg\"><\/a><\/td>\n<td><a href=\"https:\/\/www.purposegames.com\/game\/rios-de-espana-dsb-quiz\"><img decoding=\"async\" src=\"https:\/\/blogsaverroes.juntadeandalucia.es\/verainqueclase\/files\/2020\/10\/r%C3%ADos-purpose-games-2-300x205.jpg\"><\/a><\/td>\n<\/tr>\n<tr>\n<td><a href=\"https:\/\/wordwall.net\/es\/resource\/1634223\/los-rios-de-espa%C3%B1a\"><img loading=\"lazy\" decoding=\"async\" class=\"alignnone size-medium wp-image-5352\" src=\"https:\/\/blogsaverroes.juntadeandalucia.es\/verainqueclase\/files\/2025\/01\/juego-rios-de-espana-300x178.jpg\" alt=\"\" width=\"300\" height=\"178\"><\/a><\/td>\n<td><a href=\"https:\/\/wordwall.net\/es\/resource\/1525015\/rios-de-espa%C3%B1a\"><img loading=\"lazy\" decoding=\"async\" class=\"alignnone size-medium wp-image-5353\" src=\"https:\/\/blogsaverroes.juntadeandalucia.es\/verainqueclase\/files\/2025\/01\/juego-rios-de-espana-2-300x178.jpg\" alt=\"\" width=\"300\" height=\"178\"><\/a><\/td>\n<td><a href=\"https:\/\/view.genially.com\/6346ce769665ca00103828bc\"><img loading=\"lazy\" decoding=\"async\" class=\"alignnone size-medium wp-image-5355\" src=\"https:\/\/blogsaverroes.juntadeandalucia.es\/verainqueclase\/files\/2025\/01\/juego-rios-de-espana-3-300x178.jpg\" alt=\"\" width=\"300\" height=\"178\"><\/a><\/td>\n<\/tr>\n<\/tbody>\n<\/table>\n<h4><strong>RELIEVE DE ANDALUC\u00cdA<\/strong><\/h4>\n<p>&nbsp;<\/p>\n<p><a href=\"https:\/\/view.genially.com\/5f9d5a4c87f1e30d1b77cbf3\/interactive-image-rios-de-andalucia\"><img loading=\"lazy\" decoding=\"async\" class=\"\" src=\"https:\/\/blogsaverroes.juntadeandalucia.es\/verainqueclase\/files\/2020\/10\/genailly-rios-de-Andaluc%C3%ADa-300x199.jpg\" width=\"1003\" height=\"665\"><\/a><\/p>\n<table>\n<tbody>\n<tr>\n<td>&nbsp;<\/td>\n<td>&nbsp;<\/td>\n<td>&nbsp;<\/td>\n<\/tr>\n<tr>\n<td><a href=\"https:\/\/mapasinteractivos.didactalia.net\/comunidad\/mapasflashinteractivos\/recurso\/rios-de-andalucia\/903eabb6-745d-447a-92c0-477d59009683\"><img decoding=\"async\" src=\"https:\/\/blogsaverroes.juntadeandalucia.es\/verainqueclase\/files\/2020\/10\/juego-r%C3%ADos-andalucia-300x170.jpg\"><\/a><\/td>\n<td><a href=\"https:\/\/es.educaplay.com\/recursos-educativos\/15532-rios_de_andalucia.html\"><img decoding=\"async\" src=\"https:\/\/blogsaverroes.juntadeandalucia.es\/verainqueclase\/files\/2020\/10\/juego-r%C3%ADos-andalucia-1-300x170.jpg\"><\/a><\/td>\n<td><a href=\"https:\/\/www.cerebriti.com\/juegos-de-geografia\/rios-de-andalucia\"><img decoding=\"async\" src=\"https:\/\/blogsaverroes.juntadeandalucia.es\/verainqueclase\/files\/2020\/10\/juego-r%C3%ADos-andalucia-2-300x170.jpg\"><\/a><\/td>\n<\/tr>\n<\/tbody>\n<\/table>\n<p>&nbsp;<\/p>\n","protected":false},"excerpt":{"rendered":"<p>La unidad 5 de Conocimiento la dedicaremos a conocer el relieve y la hidrograf\u00eda de Espa\u00f1a: Modificaciones del relieve. El relieve de Espa\u00f1a. Las costas de Espa\u00f1a. Vertientes y r\u00edos de Espa\u00f1a. Relieve e hidrograf\u00eda de Andaluc\u00eda. Relieve e hidrograf\u00eda de Europa. Climas del mundo y cambios. \u00bfC\u00d3MO SE MODIFICA EL RELIEVE? \u00bfPOR QU\u00c9 ES &hellip; <\/p>\n<p><a class=\"more-link btn\" href=\"https:\/\/blogsaverroes.juntadeandalucia.es\/manuroca03\/u5_cm_6oep\/\">Seguir leyendo<\/a><\/p>\n","protected":false},"author":10452,"featured_media":0,"parent":0,"menu_order":0,"comment_status":"closed","ping_status":"closed","template":"","meta":{"ngg_post_thumbnail":0,"footnotes":""},"aioseo_notices":[],"_links":{"self":[{"href":"https:\/\/blogsaverroes.juntadeandalucia.es\/manuroca03\/wp-json\/wp\/v2\/pages\/1928"}],"collection":[{"href":"https:\/\/blogsaverroes.juntadeandalucia.es\/manuroca03\/wp-json\/wp\/v2\/pages"}],"about":[{"href":"https:\/\/blogsaverroes.juntadeandalucia.es\/manuroca03\/wp-json\/wp\/v2\/types\/page"}],"author":[{"embeddable":true,"href":"https:\/\/blogsaverroes.juntadeandalucia.es\/manuroca03\/wp-json\/wp\/v2\/users\/10452"}],"replies":[{"embeddable":true,"href":"https:\/\/blogsaverroes.juntadeandalucia.es\/manuroca03\/wp-json\/wp\/v2\/comments?post=1928"}],"version-history":[{"count":3,"href":"https:\/\/blogsaverroes.juntadeandalucia.es\/manuroca03\/wp-json\/wp\/v2\/pages\/1928\/revisions"}],"predecessor-version":[{"id":1943,"href":"https:\/\/blogsaverroes.juntadeandalucia.es\/manuroca03\/wp-json\/wp\/v2\/pages\/1928\/revisions\/1943"}],"wp:attachment":[{"href":"https:\/\/blogsaverroes.juntadeandalucia.es\/manuroca03\/wp-json\/wp\/v2\/media?parent=1928"}],"curies":[{"name":"wp","href":"https:\/\/api.w.org\/{rel}","templated":true}]}}