{"id":1978,"date":"2025-03-14T16:35:59","date_gmt":"2025-03-14T16:35:59","guid":{"rendered":"https:\/\/blogsaverroes.juntadeandalucia.es\/manuroca03\/?page_id=1978"},"modified":"2025-03-26T16:08:29","modified_gmt":"2025-03-26T16:08:29","slug":"8-lengua","status":"publish","type":"page","link":"https:\/\/blogsaverroes.juntadeandalucia.es\/manuroca03\/8-lengua\/","title":{"rendered":"LC6\u00baU8. Construimos un equipo."},"content":{"rendered":"<p>Ya hemos llegado a la unidad 8, la \u00faltima del segundo trimestre.<\/p>\n<ul>\n<li>Recordaremos las caracter\u00edsticas del g\u00e9nero teatral y leeremos uno.<\/li>\n<li>Veremos tambi\u00e9n las clases de textos teatrales y nos inventaremos uno.<\/li>\n<li>Diferenciaremos entre las palabras hom\u00f3nimas y las palabras par\u00f3nimas.<\/li>\n<li>Trabajaremos con las palabras invariables: adverbios, preposiciones, conjunciones e interjecciones.<\/li>\n<li>Terminaremos la unidad con el uso de los par\u00e9ntesis y las comillas.<\/li>\n<\/ul>\n<p><strong>EL G\u00c9NERO TEATRAL<\/strong><a href=\"https:\/\/view.genially.com\/6451720d206e6700139ed41d\/horizontal-infographic-review-411-el-teatro\"><img loading=\"lazy\" decoding=\"async\" class=\"\" src=\"https:\/\/blogsaverroes.juntadeandalucia.es\/verainqueclase\/files\/2023\/05\/genially-teatro-300x169.jpg\" width=\"850\" height=\"479\"><\/a><strong>PALABRAS HOM\u00d3NIMAS Y PALABRAS PAR\u00d3NIMAS<\/strong><a href=\"https:\/\/view.genially.com\/67acef7fed8d1c9b56077aca\/interactive-content-68-palabras-paronimas-y-homonimas\"><img loading=\"lazy\" decoding=\"async\" class=\"alignnone wp-image-5412\" src=\"https:\/\/blogsaverroes.juntadeandalucia.es\/verainqueclase\/files\/2025\/02\/genially-palabras-homonimas-300x166.jpg\" alt=\"\" width=\"819\" height=\"453\"><\/a><strong>DRAMATIZAR UN TEXTO TEATRAL<\/strong><\/p>\n<p>Para dramatizar un texto teatral hay que transformarse en otro personaje. Debemos cuidar los gestos, la entonaci\u00f3n y el volumen de la voz.<\/p>\n<p><strong>LA COMEDIA Y LA TRAGEDIA<\/strong><a href=\"https:\/\/app.genially.com\/editor\/5fe8a5b36157fe0d6919562b\"><img loading=\"lazy\" decoding=\"async\" class=\"alignnone wp-image-5415\" src=\"https:\/\/blogsaverroes.juntadeandalucia.es\/verainqueclase\/files\/2025\/02\/genially-comedia-y-tragedia-300x166.jpg\" alt=\"\" width=\"923\" height=\"511\"><\/a><strong>PALABRAS INVARIABLES: ADVERBIOS Y LOCUCIONES ADVERBIALES<\/strong><a href=\"https:\/\/view.genial.ly\/5fca7b22185a0d0d977c7dd4\/horizontal-infographic-review-palabras-compuestas-copia\"><img loading=\"lazy\" decoding=\"async\" class=\"alignnone wp-image-1370\" src=\"https:\/\/blogsaverroes.juntadeandalucia.es\/verainqueclase\/files\/2020\/12\/genially-los-adverbios-300x162.jpg\" alt=\"\" width=\"806\" height=\"435\"><\/a><strong>PREPOSICIONES, CONJUNCIONES E INTERJECCIONES<\/strong><a href=\"https:\/\/view.genial.ly\/5fca8a0a185a0d0d977c804b\/horizontal-infographic-lists-sinonimos-antonimos-y-polisemicas-copia\"><img loading=\"lazy\" decoding=\"async\" class=\"alignnone wp-image-1393\" src=\"https:\/\/blogsaverroes.juntadeandalucia.es\/verainqueclase\/files\/2020\/12\/genially-preposicione-300x162.jpg\" alt=\"\" width=\"778\" height=\"420\"><\/a><strong>LOS PAR\u00c9NTESIS Y LAS COMILLAS<\/strong><a href=\"https:\/\/view.genially.com\/67ad0047a30c839fd506de93\/horizontal-infographic-lists-68-parentesis-y-comillas\"><img loading=\"lazy\" decoding=\"async\" class=\"alignnone wp-image-5424\" src=\"https:\/\/blogsaverroes.juntadeandalucia.es\/verainqueclase\/files\/2025\/02\/genially-parentesis-300x166.jpg\" alt=\"\" width=\"914\" height=\"506\"><\/a><\/p>\n<table>\n<tbody>\n<tr>\n<td><a href=\"https:\/\/www.mundoprimaria.com\/juegos-educativos\/jueg-len-voc-35\"><img decoding=\"async\" src=\"https:\/\/blogsaverroes.juntadeandalucia.es\/verainqueclase\/files\/2022\/08\/juego-hom%C3%B3fonas-300x173.jpg\"><\/a><\/td>\n<td><a href=\"https:\/\/www.mundoprimaria.com\/juegos-educativos\/jueg-len-voc-50\"><img decoding=\"async\" src=\"https:\/\/blogsaverroes.juntadeandalucia.es\/verainqueclase\/files\/2022\/08\/juego-homonimas-300x165.jpg\"><\/a><\/td>\n<td><a href=\"https:\/\/www.mundoprimaria.com\/juegos-educativos\/juegos-lenguaje\/juego-homofonas\"><img decoding=\"async\" src=\"https:\/\/blogsaverroes.juntadeandalucia.es\/verainqueclase\/files\/2020\/12\/mundo-hom%C3%B3fonas-h-300x162.jpg\"><\/a><\/td>\n<\/tr>\n<tr>\n<td><a href=\"https:\/\/www.mundoprimaria.com\/juegos-educativos\/juegos-lenguaje\/juego-ll-y\"><img decoding=\"async\" src=\"https:\/\/blogsaverroes.juntadeandalucia.es\/verainqueclase\/files\/2020\/12\/mundo-hom%C3%B3fonas-ll-y-300x162.jpg\"><\/a><\/td>\n<td><a href=\"https:\/\/view.genially.com\/5d25175e7004ac0f63c24a22\/presentation-los-vengadores-de-la-ortografia\"><img decoding=\"async\" src=\"https:\/\/blogsaverroes.juntadeandalucia.es\/verainqueclase\/files\/2020\/12\/juego-ortograf%C3%ADa-300x166.jpg\"><\/a><\/td>\n<td><a href=\"https:\/\/www.mundoprimaria.com\/juegos-educativos\/juegos-lenguaje\/juego-terminos-pronunciacion-parecida\"><img decoding=\"async\" src=\"https:\/\/blogsaverroes.juntadeandalucia.es\/verainqueclase\/files\/2020\/12\/mundo-par%C3%B3nimos-300x162.jpg\"><\/a><\/td>\n<\/tr>\n<tr>\n<td><a href=\"https:\/\/wordwall.net\/es\/resource\/52374782\/palabras-par%C3%B3nimas\"><img loading=\"lazy\" decoding=\"async\" class=\"alignnone size-medium wp-image-5413\" src=\"https:\/\/blogsaverroes.juntadeandalucia.es\/verainqueclase\/files\/2025\/02\/juego-palabras-paronimas-300x166.jpg\" alt=\"\" width=\"300\" height=\"166\"><\/a><\/td>\n<td><a href=\"https:\/\/wordwall.net\/es\/resource\/34020449\/palabras-par%C3%B3nimas\"><img loading=\"lazy\" decoding=\"async\" class=\"alignnone size-medium wp-image-5414\" src=\"https:\/\/blogsaverroes.juntadeandalucia.es\/verainqueclase\/files\/2025\/02\/juego-palabras-paronimas-2-300x166.jpg\" alt=\"\" width=\"300\" height=\"166\"><\/a><\/td>\n<td>&nbsp;<\/td>\n<\/tr>\n<tr>\n<td><a href=\"https:\/\/www.mundoprimaria.com\/juegos-educativos\/jueg-len-grm-68\"><img loading=\"lazy\" decoding=\"async\" class=\"alignnone size-medium wp-image-5419\" src=\"https:\/\/blogsaverroes.juntadeandalucia.es\/verainqueclase\/files\/2025\/02\/juego-adverbios-2-300x166.jpg\" alt=\"\" width=\"300\" height=\"166\"><\/a><\/td>\n<td><a href=\"https:\/\/view.genial.ly\/5dcfeaf260277e0f6fe0f0f1\/presentation-lengua-categorias-gramaticales\"><img loading=\"lazy\" decoding=\"async\" class=\"alignnone size-medium wp-image-1372\" src=\"https:\/\/blogsaverroes.juntadeandalucia.es\/verainqueclase\/files\/2020\/12\/genially-los-adverbios-3-300x162.jpg\" alt=\"\" width=\"300\" height=\"162\"><\/a><\/td>\n<td><a href=\"https:\/\/view.genial.ly\/5eccf472572ef10daf3837de\/game-ahora-caigo-adverbios\"><img loading=\"lazy\" decoding=\"async\" class=\"alignnone size-medium wp-image-1373\" src=\"https:\/\/blogsaverroes.juntadeandalucia.es\/verainqueclase\/files\/2020\/12\/genially-los-adverbios-4-300x162.jpg\" alt=\"\" width=\"300\" height=\"162\"><\/a><\/td>\n<\/tr>\n<tr>\n<td><a href=\"https:\/\/www.mundoprimaria.com\/juegos-educativos\/juegos-lenguaje\/juego-adverbios\"><img loading=\"lazy\" decoding=\"async\" class=\"alignnone size-medium wp-image-1377\" src=\"https:\/\/blogsaverroes.juntadeandalucia.es\/verainqueclase\/files\/2020\/12\/juego-adverbios-300x162.jpg\" alt=\"\" width=\"300\" height=\"162\"><\/a><\/td>\n<td><a href=\"https:\/\/wordwall.net\/es\/resource\/2429831\"><img loading=\"lazy\" decoding=\"async\" class=\"alignnone size-medium wp-image-1379\" src=\"https:\/\/blogsaverroes.juntadeandalucia.es\/verainqueclase\/files\/2020\/12\/juego-adverbios-ahorcado-300x162.jpg\" alt=\"\" width=\"300\" height=\"162\"><\/a><\/td>\n<td><a href=\"https:\/\/wordwall.net\/es\/resource\/2774094\"><img loading=\"lazy\" decoding=\"async\" class=\"alignnone size-medium wp-image-1380\" src=\"https:\/\/blogsaverroes.juntadeandalucia.es\/verainqueclase\/files\/2020\/12\/juego-adverbios-tren-300x162.jpg\" alt=\"\" width=\"300\" height=\"162\"><\/a><\/td>\n<\/tr>\n<tr>\n<td><a href=\"https:\/\/wordwall.net\/es\/resource\/4821761\"><img loading=\"lazy\" decoding=\"async\" class=\"alignnone size-medium wp-image-1378\" src=\"https:\/\/blogsaverroes.juntadeandalucia.es\/verainqueclase\/files\/2020\/12\/juego-adverbios-tiempo-300x162.jpg\" alt=\"\" width=\"300\" height=\"162\"><\/a><\/td>\n<td><a href=\"https:\/\/www.mundoprimaria.com\/juegos-educativos\/jueg-len-grm-82\"><img loading=\"lazy\" decoding=\"async\" class=\"alignnone size-medium wp-image-3431\" src=\"https:\/\/blogsaverroes.juntadeandalucia.es\/verainqueclase\/files\/2022\/08\/juego-adverbios-5-300x165.jpg\" alt=\"\" width=\"300\" height=\"165\"><\/a><\/td>\n<td><a href=\"https:\/\/wordwall.net\/es\/resource\/2654044\"><img loading=\"lazy\" decoding=\"async\" class=\"alignnone size-medium wp-image-1378\" src=\"https:\/\/blogsaverroes.juntadeandalucia.es\/verainqueclase\/files\/2020\/12\/juego-adverbios-tiempo-300x162.jpg\" alt=\"\" width=\"300\" height=\"162\"><\/a><\/td>\n<\/tr>\n<tr>\n<td><a href=\"https:\/\/wordwall.net\/es\/resource\/2846624\"><img loading=\"lazy\" decoding=\"async\" class=\"alignnone size-medium wp-image-1381\" src=\"https:\/\/blogsaverroes.juntadeandalucia.es\/verainqueclase\/files\/2020\/12\/juego-adverbios-otro-300x162.jpg\" alt=\"\" width=\"300\" height=\"162\"><\/a><\/td>\n<td><a href=\"https:\/\/wordwall.net\/es\/resource\/2846845\"><img loading=\"lazy\" decoding=\"async\" class=\"alignnone size-medium wp-image-1382\" src=\"https:\/\/blogsaverroes.juntadeandalucia.es\/verainqueclase\/files\/2020\/12\/juego-adverbios-otro-2-300x162.jpg\" alt=\"\" width=\"300\" height=\"162\"><\/a><\/td>\n<td><a href=\"https:\/\/wordwall.net\/es\/resource\/2671467\"><img loading=\"lazy\" decoding=\"async\" class=\"alignnone size-medium wp-image-1383\" src=\"https:\/\/blogsaverroes.juntadeandalucia.es\/verainqueclase\/files\/2020\/12\/juego-adverbios-otro-3-300x162.jpg\" alt=\"\" width=\"300\" height=\"162\"><\/a><\/td>\n<\/tr>\n<tr>\n<td><a href=\"https:\/\/wordwall.net\/es\/resource\/4947403\"><img loading=\"lazy\" decoding=\"async\" class=\"alignnone size-medium wp-image-1384\" src=\"https:\/\/blogsaverroes.juntadeandalucia.es\/verainqueclase\/files\/2020\/12\/juego-adverbios-otro-4-300x162.jpg\" alt=\"\" width=\"300\" height=\"162\"><\/a><\/td>\n<td><a href=\"https:\/\/www.mundoprimaria.com\/juegos-educativos\/jueg-len-grm-82\"><img loading=\"lazy\" decoding=\"async\" class=\"alignnone size-medium wp-image-5417\" src=\"https:\/\/blogsaverroes.juntadeandalucia.es\/verainqueclase\/files\/2025\/02\/juego-adverbios-300x166.jpg\" alt=\"\" width=\"300\" height=\"166\"><\/a><\/td>\n<td>&nbsp;<\/td>\n<\/tr>\n<tr>\n<td><a href=\"https:\/\/www.mundoprimaria.com\/juegos-educativos\/juegos-lenguaje\/juego-palabras-invariables\"><img loading=\"lazy\" decoding=\"async\" class=\"alignnone size-medium wp-image-1374\" src=\"https:\/\/blogsaverroes.juntadeandalucia.es\/verainqueclase\/files\/2020\/12\/juego-preposiciones-300x162.jpg\" alt=\"\" width=\"300\" height=\"162\"><\/a><\/td>\n<td><a href=\"https:\/\/www.mundoprimaria.com\/juegos-educativos\/juegos-lenguaje\/juego-con-preposiciones\"><img loading=\"lazy\" decoding=\"async\" class=\"alignnone size-medium wp-image-1375\" src=\"https:\/\/blogsaverroes.juntadeandalucia.es\/verainqueclase\/files\/2020\/12\/juego-preposiciones-2-300x162.jpg\" alt=\"\" width=\"300\" height=\"162\"><\/a><\/td>\n<td><a href=\"https:\/\/www.mundoprimaria.com\/juegos-educativos\/juegos-lenguaje\/juego-preposiciones\"><img loading=\"lazy\" decoding=\"async\" class=\"alignnone size-medium wp-image-1376\" src=\"https:\/\/blogsaverroes.juntadeandalucia.es\/verainqueclase\/files\/2020\/12\/juego-preposiciones-3-300x162.jpg\" alt=\"\" width=\"300\" height=\"162\"><\/a><\/td>\n<\/tr>\n<tr>\n<td><a href=\"https:\/\/www.mundoprimaria.com\/juegos-educativos\/jueg-len-grm-83\"><img decoding=\"async\" src=\"https:\/\/blogsaverroes.juntadeandalucia.es\/verainqueclase\/files\/2022\/08\/juego-interjecciones-300x165.jpg\"><\/a><\/td>\n<td><a href=\"https:\/\/wordwall.net\/es\/resource\/2793512\"><img loading=\"lazy\" decoding=\"async\" class=\"alignnone size-medium wp-image-1386\" src=\"https:\/\/blogsaverroes.juntadeandalucia.es\/verainqueclase\/files\/2020\/12\/juego-wordwall-preposiciones-2-300x162.jpg\" alt=\"\" width=\"300\" height=\"162\"><\/a><\/td>\n<td><a href=\"https:\/\/wordwall.net\/es\/resource\/4947403\/adverbios\"><img decoding=\"async\" src=\"https:\/\/blogsaverroes.juntadeandalucia.es\/verainqueclase\/files\/2020\/12\/juego-adverbios-otro-4-300x162.jpg\"><\/a><\/td>\n<\/tr>\n<tr>\n<td><a href=\"https:\/\/wordwall.net\/es\/resource\/1996851\"><img loading=\"lazy\" decoding=\"async\" class=\"alignnone size-medium wp-image-1388\" src=\"https:\/\/blogsaverroes.juntadeandalucia.es\/verainqueclase\/files\/2020\/12\/juego-wordwall-preposiciones-4-300x162.jpg\" alt=\"\" width=\"300\" height=\"162\"><\/a><\/td>\n<td><a href=\"https:\/\/wordwall.net\/es\/resource\/2653746\"><img loading=\"lazy\" decoding=\"async\" class=\"alignnone size-medium wp-image-1387\" src=\"https:\/\/blogsaverroes.juntadeandalucia.es\/verainqueclase\/files\/2020\/12\/juego-wordwall-preposiciones-3-300x162.jpg\" alt=\"\" width=\"300\" height=\"162\"><\/a><\/td>\n<td><a href=\"https:\/\/wordwall.net\/es\/resource\/2163024\"><img loading=\"lazy\" decoding=\"async\" class=\"alignnone size-medium wp-image-1391\" src=\"https:\/\/blogsaverroes.juntadeandalucia.es\/verainqueclase\/files\/2020\/12\/juego-wordwall-interjecciones-2-300x162.jpg\" alt=\"\" width=\"300\" height=\"162\"><\/a><\/td>\n<\/tr>\n<tr>\n<td><a href=\"https:\/\/www.mundoprimaria.com\/juegos-educativos\/jueg-len-grm-83\"><img loading=\"lazy\" decoding=\"async\" class=\"alignnone size-medium wp-image-5418\" src=\"https:\/\/blogsaverroes.juntadeandalucia.es\/verainqueclase\/files\/2025\/02\/juego-preposiciones-300x166.jpg\" alt=\"\" width=\"300\" height=\"166\"><\/a><\/td>\n<td><a href=\"https:\/\/www.mundoprimaria.com\/juegos-educativos\/jueg-len-grm-69\"><img loading=\"lazy\" decoding=\"async\" class=\"alignnone size-medium wp-image-5420\" src=\"https:\/\/blogsaverroes.juntadeandalucia.es\/verainqueclase\/files\/2025\/02\/juego-preposiciones-2-300x166.jpg\" alt=\"\" width=\"300\" height=\"166\"><\/a><\/td>\n<td><a href=\"https:\/\/www.mundoprimaria.com\/juegos-educativos\/jueg-len-grm-70\"><img loading=\"lazy\" decoding=\"async\" class=\"alignnone size-medium wp-image-5421\" src=\"https:\/\/blogsaverroes.juntadeandalucia.es\/verainqueclase\/files\/2025\/02\/juego-conjunciones-300x166.jpg\" alt=\"\" width=\"300\" height=\"166\"><\/a><\/td>\n<\/tr>\n<tr>\n<td><a href=\"https:\/\/www.mundoprimaria.com\/juegos-educativos\/jueg-len-grm-76\"><img loading=\"lazy\" decoding=\"async\" class=\"alignnone size-medium wp-image-5422\" src=\"https:\/\/blogsaverroes.juntadeandalucia.es\/verainqueclase\/files\/2025\/02\/juego-interjecciones-300x166.jpg\" alt=\"\" width=\"300\" height=\"166\"><\/a><\/td>\n<td>&nbsp;<\/td>\n<td>&nbsp;<\/td>\n<\/tr>\n<tr>\n<td><a href=\"https:\/\/www.mundoprimaria.com\/juegos-educativos\/jueg-len-ort-56#google_vignette\"><img decoding=\"async\" src=\"https:\/\/blogsaverroes.juntadeandalucia.es\/verainqueclase\/files\/2022\/08\/juego-comillas-y-par%C3%A9ntesis-300x170.jpg\"><\/a><\/td>\n<td><a href=\"https:\/\/www.mundoprimaria.com\/juegos-educativos\/jueg-len-ort-78\"><img loading=\"lazy\" decoding=\"async\" class=\"alignnone size-medium wp-image-5425\" src=\"https:\/\/blogsaverroes.juntadeandalucia.es\/verainqueclase\/files\/2025\/02\/juego-parentesis-300x166.jpg\" alt=\"\" width=\"300\" height=\"166\"><\/a><\/td>\n<td>&nbsp;<\/td>\n<\/tr>\n<\/tbody>\n<\/table>\n","protected":false},"excerpt":{"rendered":"<p>Ya hemos llegado a la unidad 8, la \u00faltima del segundo trimestre. Recordaremos las caracter\u00edsticas del g\u00e9nero teatral y leeremos uno. Veremos tambi\u00e9n las clases de textos teatrales y nos inventaremos uno. Diferenciaremos entre las palabras hom\u00f3nimas y las palabras par\u00f3nimas. Trabajaremos con las palabras invariables: adverbios, preposiciones, conjunciones e interjecciones. Terminaremos la unidad con &hellip; <\/p>\n<p><a class=\"more-link btn\" href=\"https:\/\/blogsaverroes.juntadeandalucia.es\/manuroca03\/8-lengua\/\">Seguir leyendo<\/a><\/p>\n","protected":false},"author":10452,"featured_media":0,"parent":0,"menu_order":0,"comment_status":"closed","ping_status":"closed","template":"","meta":{"ngg_post_thumbnail":0,"footnotes":""},"aioseo_notices":[],"_links":{"self":[{"href":"https:\/\/blogsaverroes.juntadeandalucia.es\/manuroca03\/wp-json\/wp\/v2\/pages\/1978"}],"collection":[{"href":"https:\/\/blogsaverroes.juntadeandalucia.es\/manuroca03\/wp-json\/wp\/v2\/pages"}],"about":[{"href":"https:\/\/blogsaverroes.juntadeandalucia.es\/manuroca03\/wp-json\/wp\/v2\/types\/page"}],"author":[{"embeddable":true,"href":"https:\/\/blogsaverroes.juntadeandalucia.es\/manuroca03\/wp-json\/wp\/v2\/users\/10452"}],"replies":[{"embeddable":true,"href":"https:\/\/blogsaverroes.juntadeandalucia.es\/manuroca03\/wp-json\/wp\/v2\/comments?post=1978"}],"version-history":[{"count":3,"href":"https:\/\/blogsaverroes.juntadeandalucia.es\/manuroca03\/wp-json\/wp\/v2\/pages\/1978\/revisions"}],"predecessor-version":[{"id":2039,"href":"https:\/\/blogsaverroes.juntadeandalucia.es\/manuroca03\/wp-json\/wp\/v2\/pages\/1978\/revisions\/2039"}],"wp:attachment":[{"href":"https:\/\/blogsaverroes.juntadeandalucia.es\/manuroca03\/wp-json\/wp\/v2\/media?parent=1978"}],"curies":[{"name":"wp","href":"https:\/\/api.w.org\/{rel}","templated":true}]}}